{"id":15503,"date":"2024-05-08T13:57:21","date_gmt":"2024-05-08T13:57:21","guid":{"rendered":"https:\/\/organdziski.com\/?page_id=15503"},"modified":"2024-06-17T19:32:10","modified_gmt":"2024-06-17T19:32:10","slug":"politika-e-privatesise","status":"publish","type":"page","link":"https:\/\/organdziski.com\/sq\/politika-e-privatesise\/","title":{"rendered":"Politika e privat\u00ebsis\u00eb"},"content":{"rendered":"<p>Politika e privat\u00ebsis\u00eb<\/p>\n<p>&nbsp;<\/p>\n<p>Kjo Politik\u00eb e privat\u00ebsis\u00eb s\u00eb t\u00eb dh\u00ebnave personale ofron informacion mbi m\u00ebnyr\u00ebn se si Orgaxhziski mbledh, menaxhon, p\u00ebrpunon dhe p\u00ebrdor t\u00eb dh\u00ebnat e mbledhura gjat\u00eb hyrjes\/vizit\u00ebs n\u00eb web faqen e saj, www.organdziski.com.<\/p>\n<p>Orgaxhziski p\u00ebrmes web faqes nuk mbledh t\u00eb dh\u00ebna personale p\u00ebr Ju. Kur vizitoni faqen, duke marr\u00eb parasysh natyr\u00ebn e internetit, mblidhen t\u00eb dh\u00ebna q\u00eb regjistrojn\u00eb p\u00ebrdoruesit, por \u00a0si t\u00eb tilla ato nuk jan\u00eb t\u00eb mjaftueshme p\u00ebr t\u00eb identifikuar nj\u00eb person t\u00eb caktuar, sepse paraqesin tregues statistikor\u00eb q\u00eb p\u00ebrdoren p\u00ebr t\u00eb p\u00ebrmir\u00ebsuar cil\u00ebsin\u00eb e faqes s\u00eb internetit. , pra ato ofrojn\u00eb vet\u00ebm t\u00eb dh\u00ebna navigimi. Kur vizitoni faqen e serverit, krijohen regjistrat q\u00eb p\u00ebrmbajn\u00eb t\u00eb dh\u00ebnat e m\u00ebposhtme:<\/p>\n<ul>\n<li>Adresa juaj e Protokollit t\u00eb Internetit (IP);<\/li>\n<li>Pajisja nga e cila ju aksesoni, lloji dhe modeli;<\/li>\n<li>Sistemi juaj operativ;<\/li>\n<li>Lloji i shfletuesit, shtojcave dhe versioni;<\/li>\n<li>URL-ja e faqes q\u00eb ju referoi n\u00eb web faqen ton\u00eb dhe, n\u00eb disa raste, termat q\u00eb keni p\u00ebrdorur kur p\u00ebrpiqeni t\u00eb gjeni faqen Orgaxhziski;<\/li>\n<li>Gjuha e shfletuesit q\u00eb ju po p\u00ebrdorni;<\/li>\n<li>Shteti (p\u00ebrcaktohet nga IP adresa).<\/li>\n<\/ul>\n<p>Koha e ruajtjes s\u00eb t\u00eb dh\u00ebnave t\u00eb mbledhura<\/p>\n<p tabindex=\"0\">T\u00eb gjitha regjistrat e server\u00ebve q\u00eb p\u00ebrmbajn\u00eb t\u00eb gjitha t\u00eb dh\u00ebnat e navigacionit n\u00eb lidhje me vizit\u00ebn tuaj fshihen automatikisht kur largoheni nga faqja jon\u00eb.<\/p>\n<p>Siguria e t\u00eb dh\u00ebnave n\u00eb internet<\/p>\n<p>Seriozisht e marrim sigurin\u00eb dhe marrim masa t\u00eb shumta paraprake p\u00ebr t\u00eb mbrojtur sigurin\u00eb e t\u00eb dh\u00ebnave personale. Protokolli i siguris\u00eb HTTPS p\u00ebrdoret gjat\u00eb p\u00ebrpunimit dhe transmetimit t\u00eb informacionit n\u00eb server\u00ebt tan\u00eb.<\/p>\n<p>Ndryshime n\u00eb politik\u00ebn e privat\u00ebsis\u00eb s\u00eb t\u00eb dh\u00ebnave personale<\/p>\n<p>Orgaxhziski ka t\u00eb drejt\u00eb t\u00eb p\u00ebrdit\u00ebsoj\u00eb k\u00ebt\u00eb politik\u00eb t\u00eb privat\u00ebsis\u00eb s\u00eb t\u00eb dh\u00ebnave personale n\u00eb \u00e7do koh\u00eb. Kur do ta b\u00ebjm\u00eb k\u00ebt\u00eb, ne do t\u00eb japim nj\u00eb njoftim n\u00eb web faqen dhe do t\u00eb rishikojm\u00eb dat\u00ebn e p\u00ebrdit\u00ebsimit n\u00eb fund t\u00eb k\u00ebsaj faqeje.<\/p>\n<p>Pranimi i kushteve<\/p>\n<p>Me p\u00ebrdorimin e web faqes, p\u00ebrdoruesi pajtohet me dispozitat e k\u00ebsaj Politike t\u00eb Privat\u00ebsis\u00eb. P\u00ebrdorimi i vazhduesh\u00ebm i web faqes pas ndryshimeve n\u00eb k\u00ebt\u00eb Politik\u00eb do t\u00eb konsiderohet si pranimi i ndryshimeve nga ana Juaj.<\/p>\n","protected":false},"excerpt":{"rendered":"<p>Politika e privat\u00ebsis\u00eb &nbsp; Kjo Politik\u00eb e privat\u00ebsis\u00eb s\u00eb t\u00eb dh\u00ebnave personale ofron informacion mbi m\u00ebnyr\u00ebn se si Orgaxhziski mbledh, menaxhon, p\u00ebrpunon dhe p\u00ebrdor t\u00eb dh\u00ebnat e mbledhura gjat\u00eb hyrjes\/vizit\u00ebs n\u00eb web faqen e saj, www.organdziski.com. Orgaxhziski p\u00ebrmes web faqes nuk mbledh t\u00eb dh\u00ebna personale p\u00ebr Ju. Kur vizitoni faqen, duke marr\u00eb parasysh natyr\u00ebn e&#8230;<\/p>\n","protected":false},"author":1,"featured_media":0,"parent":0,"menu_order":0,"comment_status":"closed","ping_status":"closed","template":"","meta":{"footnotes":""},"class_list":["post-15503","page","type-page","status-publish","hentry","page--item"],"yoast_head":"<!-- This site is optimized with the Yoast SEO Premium plugin v22.7 (Yoast SEO v26.8) - https:\/\/yoast.com\/product\/yoast-seo-premium-wordpress\/ -->\n<title>Politika e privat\u00ebsis\u00eb - \u041f\u0417\u0423 \u0414-\u0440 \u041e\u0440\u0433\u0430\u043d\u045f\u0438\u0441\u043a\u0438<\/title>\n<meta name=\"robots\" content=\"index, follow, max-snippet:-1, max-image-preview:large, max-video-preview:-1\" \/>\n<link rel=\"canonical\" href=\"https:\/\/organdziski.com\/politika-za-privatnost\/\" \/>\n<meta property=\"og:locale\" content=\"sq_AL\" \/>\n<meta property=\"og:type\" content=\"article\" \/>\n<meta property=\"og:title\" content=\"Politika e privat\u00ebsis\u00eb\" \/>\n<meta property=\"og:description\" content=\"Politika e privat\u00ebsis\u00eb &nbsp; Kjo Politik\u00eb e privat\u00ebsis\u00eb s\u00eb t\u00eb dh\u00ebnave personale ofron informacion mbi m\u00ebnyr\u00ebn se si Orgaxhziski mbledh, menaxhon, p\u00ebrpunon dhe p\u00ebrdor t\u00eb dh\u00ebnat e mbledhura gjat\u00eb hyrjes\/vizit\u00ebs n\u00eb web faqen e saj, www.organdziski.com. Orgaxhziski p\u00ebrmes web faqes nuk mbledh t\u00eb dh\u00ebna personale p\u00ebr Ju. Kur vizitoni faqen, duke marr\u00eb parasysh natyr\u00ebn e...\" \/>\n<meta property=\"og:url\" content=\"https:\/\/organdziski.com\/politika-za-privatnost\/\" \/>\n<meta property=\"og:site_name\" content=\"\u041f\u0417\u0423 \u0414-\u0440 \u041e\u0440\u0433\u0430\u043d\u045f\u0438\u0441\u043a\u0438\" \/>\n<meta property=\"article:publisher\" content=\"https:\/\/www.facebook.com\/Dr.Organdziski\" \/>\n<meta property=\"article:modified_time\" content=\"2024-06-17T19:32:10+00:00\" \/>\n<meta name=\"twitter:card\" content=\"summary_large_image\" \/>\n<meta name=\"twitter:label1\" content=\"Est. reading time\" \/>\n\t<meta name=\"twitter:data1\" content=\"2 minutes\" \/>\n<script type=\"application\/ld+json\" class=\"yoast-schema-graph\">{\"@context\":\"https:\/\/schema.org\",\"@graph\":[{\"@type\":\"WebPage\",\"@id\":\"https:\/\/organdziski.com\/politika-za-privatnost\/\",\"url\":\"https:\/\/organdziski.com\/politika-za-privatnost\/\",\"name\":\"Politika e privat\u00ebsis\u00eb - \u041f\u0417\u0423 \u0414-\u0440 \u041e\u0440\u0433\u0430\u043d\u045f\u0438\u0441\u043a\u0438\",\"isPartOf\":{\"@id\":\"https:\/\/organdziski.com\/#website\"},\"datePublished\":\"2024-05-08T13:57:21+00:00\",\"dateModified\":\"2024-06-17T19:32:10+00:00\",\"breadcrumb\":{\"@id\":\"https:\/\/organdziski.com\/politika-za-privatnost\/#breadcrumb\"},\"inLanguage\":\"sq-AL\",\"potentialAction\":[{\"@type\":\"ReadAction\",\"target\":[\"https:\/\/organdziski.com\/politika-za-privatnost\/\"]}]},{\"@type\":\"BreadcrumbList\",\"@id\":\"https:\/\/organdziski.com\/politika-za-privatnost\/#breadcrumb\",\"itemListElement\":[{\"@type\":\"ListItem\",\"position\":1,\"name\":\"Home\",\"item\":\"https:\/\/organdziski.com\/sq\/\"},{\"@type\":\"ListItem\",\"position\":2,\"name\":\"Politika e privat\u00ebsis\u00eb\"}]},{\"@type\":\"WebSite\",\"@id\":\"https:\/\/organdziski.com\/#website\",\"url\":\"https:\/\/organdziski.com\/\",\"name\":\"\u041f\u0417\u0423 \u0414-\u0440 \u041e\u0440\u0433\u0430\u043d\u045f\u0438\u0441\u043a\u0438\",\"description\":\"\u0421\u043f\u0435\u0446\u0438\u0458\u0430\u043b\u0438\u0437\u0438\u0440\u0430\u043d\u0430 \u0431\u043e\u043b\u043d\u0438\u0446\u0430 \u043f\u043e \u0433\u0438\u043d\u0435\u043a\u043e\u043b\u043e\u0433\u0438\u0458\u0430 \u0438 \u0430\u043a\u0443\u0448\u0435\u0440\u0441\u0442\u0432\u043e\",\"publisher\":{\"@id\":\"https:\/\/organdziski.com\/#organization\"},\"potentialAction\":[{\"@type\":\"SearchAction\",\"target\":{\"@type\":\"EntryPoint\",\"urlTemplate\":\"https:\/\/organdziski.com\/?s={search_term_string}\"},\"query-input\":{\"@type\":\"PropertyValueSpecification\",\"valueRequired\":true,\"valueName\":\"search_term_string\"}}],\"inLanguage\":\"sq-AL\"},{\"@type\":\"Organization\",\"@id\":\"https:\/\/organdziski.com\/#organization\",\"name\":\"\u041f\u0417\u0423 \u0414-\u0440 \u041e\u0440\u0433\u0430\u043d\u045f\u0438\u0441\u043a\u0438\",\"url\":\"https:\/\/organdziski.com\/\",\"logo\":{\"@type\":\"ImageObject\",\"inLanguage\":\"sq-AL\",\"@id\":\"https:\/\/organdziski.com\/#\/schema\/logo\/image\/\",\"url\":\"https:\/\/organdziski.com\/wp-content\/uploads\/2024\/04\/organdziski.svg\",\"contentUrl\":\"https:\/\/organdziski.com\/wp-content\/uploads\/2024\/04\/organdziski.svg\",\"width\":341,\"height\":63,\"caption\":\"\u041f\u0417\u0423 \u0414-\u0440 \u041e\u0440\u0433\u0430\u043d\u045f\u0438\u0441\u043a\u0438\"},\"image\":{\"@id\":\"https:\/\/organdziski.com\/#\/schema\/logo\/image\/\"},\"sameAs\":[\"https:\/\/www.facebook.com\/Dr.Organdziski\",\"https:\/\/www.instagram.com\/bolnicadrorgandziski\/\",\"https:\/\/www.youtube.com\/channel\/UCVzAHTjH-QvDcCGm19znLyA\"]}]}<\/script>\n<!-- \/ Yoast SEO Premium plugin. -->","yoast_head_json":{"title":"Politika e privat\u00ebsis\u00eb - \u041f\u0417\u0423 \u0414-\u0440 \u041e\u0440\u0433\u0430\u043d\u045f\u0438\u0441\u043a\u0438","robots":{"index":"index","follow":"follow","max-snippet":"max-snippet:-1","max-image-preview":"max-image-preview:large","max-video-preview":"max-video-preview:-1"},"canonical":"https:\/\/organdziski.com\/politika-za-privatnost\/","og_locale":"sq_AL","og_type":"article","og_title":"Politika e privat\u00ebsis\u00eb","og_description":"Politika e privat\u00ebsis\u00eb &nbsp; Kjo Politik\u00eb e privat\u00ebsis\u00eb s\u00eb t\u00eb dh\u00ebnave personale ofron informacion mbi m\u00ebnyr\u00ebn se si Orgaxhziski mbledh, menaxhon, p\u00ebrpunon dhe p\u00ebrdor t\u00eb dh\u00ebnat e mbledhura gjat\u00eb hyrjes\/vizit\u00ebs n\u00eb web faqen e saj, www.organdziski.com. Orgaxhziski p\u00ebrmes web faqes nuk mbledh t\u00eb dh\u00ebna personale p\u00ebr Ju. Kur vizitoni faqen, duke marr\u00eb parasysh natyr\u00ebn e...","og_url":"https:\/\/organdziski.com\/politika-za-privatnost\/","og_site_name":"\u041f\u0417\u0423 \u0414-\u0440 \u041e\u0440\u0433\u0430\u043d\u045f\u0438\u0441\u043a\u0438","article_publisher":"https:\/\/www.facebook.com\/Dr.Organdziski","article_modified_time":"2024-06-17T19:32:10+00:00","twitter_card":"summary_large_image","twitter_misc":{"Est. reading time":"2 minutes"},"schema":{"@context":"https:\/\/schema.org","@graph":[{"@type":"WebPage","@id":"https:\/\/organdziski.com\/politika-za-privatnost\/","url":"https:\/\/organdziski.com\/politika-za-privatnost\/","name":"Politika e privat\u00ebsis\u00eb - \u041f\u0417\u0423 \u0414-\u0440 \u041e\u0440\u0433\u0430\u043d\u045f\u0438\u0441\u043a\u0438","isPartOf":{"@id":"https:\/\/organdziski.com\/#website"},"datePublished":"2024-05-08T13:57:21+00:00","dateModified":"2024-06-17T19:32:10+00:00","breadcrumb":{"@id":"https:\/\/organdziski.com\/politika-za-privatnost\/#breadcrumb"},"inLanguage":"sq-AL","potentialAction":[{"@type":"ReadAction","target":["https:\/\/organdziski.com\/politika-za-privatnost\/"]}]},{"@type":"BreadcrumbList","@id":"https:\/\/organdziski.com\/politika-za-privatnost\/#breadcrumb","itemListElement":[{"@type":"ListItem","position":1,"name":"Home","item":"https:\/\/organdziski.com\/sq\/"},{"@type":"ListItem","position":2,"name":"Politika e privat\u00ebsis\u00eb"}]},{"@type":"WebSite","@id":"https:\/\/organdziski.com\/#website","url":"https:\/\/organdziski.com\/","name":"\u041f\u0417\u0423 \u0414-\u0440 \u041e\u0440\u0433\u0430\u043d\u045f\u0438\u0441\u043a\u0438","description":"\u0421\u043f\u0435\u0446\u0438\u0458\u0430\u043b\u0438\u0437\u0438\u0440\u0430\u043d\u0430 \u0431\u043e\u043b\u043d\u0438\u0446\u0430 \u043f\u043e \u0433\u0438\u043d\u0435\u043a\u043e\u043b\u043e\u0433\u0438\u0458\u0430 \u0438 \u0430\u043a\u0443\u0448\u0435\u0440\u0441\u0442\u0432\u043e","publisher":{"@id":"https:\/\/organdziski.com\/#organization"},"potentialAction":[{"@type":"SearchAction","target":{"@type":"EntryPoint","urlTemplate":"https:\/\/organdziski.com\/?s={search_term_string}"},"query-input":{"@type":"PropertyValueSpecification","valueRequired":true,"valueName":"search_term_string"}}],"inLanguage":"sq-AL"},{"@type":"Organization","@id":"https:\/\/organdziski.com\/#organization","name":"\u041f\u0417\u0423 \u0414-\u0440 \u041e\u0440\u0433\u0430\u043d\u045f\u0438\u0441\u043a\u0438","url":"https:\/\/organdziski.com\/","logo":{"@type":"ImageObject","inLanguage":"sq-AL","@id":"https:\/\/organdziski.com\/#\/schema\/logo\/image\/","url":"https:\/\/organdziski.com\/wp-content\/uploads\/2024\/04\/organdziski.svg","contentUrl":"https:\/\/organdziski.com\/wp-content\/uploads\/2024\/04\/organdziski.svg","width":341,"height":63,"caption":"\u041f\u0417\u0423 \u0414-\u0440 \u041e\u0440\u0433\u0430\u043d\u045f\u0438\u0441\u043a\u0438"},"image":{"@id":"https:\/\/organdziski.com\/#\/schema\/logo\/image\/"},"sameAs":["https:\/\/www.facebook.com\/Dr.Organdziski","https:\/\/www.instagram.com\/bolnicadrorgandziski\/","https:\/\/www.youtube.com\/channel\/UCVzAHTjH-QvDcCGm19znLyA"]}]}},"_links":{"self":[{"href":"https:\/\/organdziski.com\/sq\/wp-json\/wp\/v2\/pages\/15503","targetHints":{"allow":["GET"]}}],"collection":[{"href":"https:\/\/organdziski.com\/sq\/wp-json\/wp\/v2\/pages"}],"about":[{"href":"https:\/\/organdziski.com\/sq\/wp-json\/wp\/v2\/types\/page"}],"author":[{"embeddable":true,"href":"https:\/\/organdziski.com\/sq\/wp-json\/wp\/v2\/users\/1"}],"replies":[{"embeddable":true,"href":"https:\/\/organdziski.com\/sq\/wp-json\/wp\/v2\/comments?post=15503"}],"version-history":[{"count":1,"href":"https:\/\/organdziski.com\/sq\/wp-json\/wp\/v2\/pages\/15503\/revisions"}],"predecessor-version":[{"id":15504,"href":"https:\/\/organdziski.com\/sq\/wp-json\/wp\/v2\/pages\/15503\/revisions\/15504"}],"wp:attachment":[{"href":"https:\/\/organdziski.com\/sq\/wp-json\/wp\/v2\/media?parent=15503"}],"curies":[{"name":"wp","href":"https:\/\/api.w.org\/{rel}","templated":true}]}}