{"id":15505,"date":"2024-05-08T14:01:38","date_gmt":"2024-05-08T14:01:38","guid":{"rendered":"https:\/\/organdziski.com\/?page_id=15505"},"modified":"2024-06-17T19:32:59","modified_gmt":"2024-06-17T19:32:59","slug":"politika-e-biskotave","status":"publish","type":"page","link":"https:\/\/organdziski.com\/sq\/politika-e-biskotave\/","title":{"rendered":"Politika e biskotave"},"content":{"rendered":"<p>Pse p\u00ebrdorim &#8221; biskota&#8221;?<\/p>\n<p>Me ndihm\u00ebn e skedar\u00ebve t\u00eb till\u00eb, Orgaxhziski gjurmon l\u00ebvizjen e vizitor\u00ebve n\u00eb web faqen dhe n\u00eb k\u00ebt\u00eb m\u00ebnyr\u00eb mbledh t\u00eb dh\u00ebna p\u00ebr t\u00eb p\u00ebrmir\u00ebsuar p\u00ebrvoj\u00ebn e p\u00ebrdoruesit dhe p\u00ebr t\u00eb optimizuar dhe p\u00ebrmir\u00ebsuar funksionalitetin e web faqes.<\/p>\n<p>Cilat t\u00eb dh\u00ebna i mbledhim?<\/p>\n<p>Kur vizitoni web faqen, duke marr\u00eb parasysh natyr\u00ebn e internetit, mblidhen t\u00eb dh\u00ebna q\u00eb regjistrojn\u00eb p\u00ebrdoruesit, por si t\u00eb tilla nuk mjaftojn\u00eb p\u00ebr t\u00eb identifikuar nj\u00eb person t\u00eb caktuar dhe p\u00ebrfaq\u00ebsojn\u00eb tregues statistikor\u00eb q\u00eb p\u00ebrdoren p\u00ebr p\u00ebrmir\u00ebsimin e cil\u00ebsis\u00eb s\u00eb web faqes. Nj\u00eb informacion i till\u00eb mund t\u00eb p\u00ebrfshij\u00eb emrin e shfletuesit t\u00eb internetit, numrin e vizitave, koh\u00ebn mesatare t\u00eb shpenzuar n\u00eb faqe, llojin e pajisjeve, si dhe informacione teknike rreth lidhjes s\u00eb p\u00ebrdorur nga p\u00ebrdoruesi kur viziton web faqen, si p.sh. sistemi operativ dhe ofruesi i sh\u00ebrbimit t\u00eb internetit, IP adresat (Internet Protocol) q\u00eb jan\u00eb caktuar nga ofruesit e internetit dhe jan\u00eb t\u00eb ndryshme p\u00ebr \u00e7do p\u00ebrdorues t\u00eb internetit, dhe informacione t\u00eb ngjashme.<\/p>\n<p>Pranimi i kushteve<\/p>\n<p>P\u00ebrdoruesi ka mund\u00ebsin\u00eb t\u00eb jap\u00eb p\u00eblqimin p\u00ebr p\u00ebrdorimin e &#8220;biskotave&#8221; t\u00eb web faqes ose t\u00eb refuzoj\u00eb t\u00eb nj\u00ebjtat. Duke p\u00ebrdorur biskotat, p\u00ebrdoruesi pajtohet me dispozitat e k\u00ebsaj Politike t\u00eb biskotave. P\u00ebrdorimi i vazhduesh\u00ebm i web faqes pas ndryshimeve n\u00eb k\u00ebt\u00eb politik\u00eb do t\u00eb konsiderohet si pranimi i ndryshimeve nga ana Juaj.<\/p>\n","protected":false},"excerpt":{"rendered":"<p>Pse p\u00ebrdorim &#8221; biskota&#8221;? Me ndihm\u00ebn e skedar\u00ebve t\u00eb till\u00eb, Orgaxhziski gjurmon l\u00ebvizjen e vizitor\u00ebve n\u00eb web faqen dhe n\u00eb k\u00ebt\u00eb m\u00ebnyr\u00eb mbledh t\u00eb dh\u00ebna p\u00ebr t\u00eb p\u00ebrmir\u00ebsuar p\u00ebrvoj\u00ebn e p\u00ebrdoruesit dhe p\u00ebr t\u00eb optimizuar dhe p\u00ebrmir\u00ebsuar funksionalitetin e web faqes. Cilat t\u00eb dh\u00ebna i mbledhim? Kur vizitoni web faqen, duke marr\u00eb parasysh natyr\u00ebn e&#8230;<\/p>\n","protected":false},"author":1,"featured_media":0,"parent":0,"menu_order":0,"comment_status":"closed","ping_status":"closed","template":"","meta":{"footnotes":""},"class_list":["post-15505","page","type-page","status-publish","hentry","page--item"],"yoast_head":"<!-- This site is optimized with the Yoast SEO Premium plugin v22.7 (Yoast SEO v27.4) - https:\/\/yoast.com\/product\/yoast-seo-premium-wordpress\/ -->\n<title>Politika e biskotave - \u041f\u0417\u0423 \u0414-\u0440 \u041e\u0440\u0433\u0430\u043d\u045f\u0438\u0441\u043a\u0438<\/title>\n<meta name=\"robots\" content=\"index, follow, max-snippet:-1, max-image-preview:large, max-video-preview:-1\" \/>\n<link rel=\"canonical\" href=\"https:\/\/organdziski.com\/politika-za-kolacinja\/\" \/>\n<meta property=\"og:locale\" content=\"sq_AL\" \/>\n<meta property=\"og:type\" content=\"article\" \/>\n<meta property=\"og:title\" content=\"Politika e biskotave\" \/>\n<meta property=\"og:description\" content=\"Pse p\u00ebrdorim &#8221; biskota&#8221;? Me ndihm\u00ebn e skedar\u00ebve t\u00eb till\u00eb, Orgaxhziski gjurmon l\u00ebvizjen e vizitor\u00ebve n\u00eb web faqen dhe n\u00eb k\u00ebt\u00eb m\u00ebnyr\u00eb mbledh t\u00eb dh\u00ebna p\u00ebr t\u00eb p\u00ebrmir\u00ebsuar p\u00ebrvoj\u00ebn e p\u00ebrdoruesit dhe p\u00ebr t\u00eb optimizuar dhe p\u00ebrmir\u00ebsuar funksionalitetin e web faqes. Cilat t\u00eb dh\u00ebna i mbledhim? Kur vizitoni web faqen, duke marr\u00eb parasysh natyr\u00ebn e...\" \/>\n<meta property=\"og:url\" content=\"https:\/\/organdziski.com\/politika-za-kolacinja\/\" \/>\n<meta property=\"og:site_name\" content=\"\u041f\u0417\u0423 \u0414-\u0440 \u041e\u0440\u0433\u0430\u043d\u045f\u0438\u0441\u043a\u0438\" \/>\n<meta property=\"article:publisher\" content=\"https:\/\/www.facebook.com\/Dr.Organdziski\" \/>\n<meta property=\"article:modified_time\" content=\"2024-06-17T19:32:59+00:00\" \/>\n<meta name=\"twitter:card\" content=\"summary_large_image\" \/>\n<meta name=\"twitter:label1\" content=\"Est. reading time\" \/>\n\t<meta name=\"twitter:data1\" content=\"2 minutes\" \/>\n<script type=\"application\/ld+json\" class=\"yoast-schema-graph\">{\"@context\":\"https:\\\/\\\/schema.org\",\"@graph\":[{\"@type\":\"WebPage\",\"@id\":\"https:\\\/\\\/organdziski.com\\\/politika-za-kolacinja\\\/\",\"url\":\"https:\\\/\\\/organdziski.com\\\/politika-za-kolacinja\\\/\",\"name\":\"Politika e biskotave - \u041f\u0417\u0423 \u0414-\u0440 \u041e\u0440\u0433\u0430\u043d\u045f\u0438\u0441\u043a\u0438\",\"isPartOf\":{\"@id\":\"https:\\\/\\\/organdziski.com\\\/#website\"},\"datePublished\":\"2024-05-08T14:01:38+00:00\",\"dateModified\":\"2024-06-17T19:32:59+00:00\",\"breadcrumb\":{\"@id\":\"https:\\\/\\\/organdziski.com\\\/politika-za-kolacinja\\\/#breadcrumb\"},\"inLanguage\":\"sq-AL\",\"potentialAction\":[{\"@type\":\"ReadAction\",\"target\":[\"https:\\\/\\\/organdziski.com\\\/politika-za-kolacinja\\\/\"]}]},{\"@type\":\"BreadcrumbList\",\"@id\":\"https:\\\/\\\/organdziski.com\\\/politika-za-kolacinja\\\/#breadcrumb\",\"itemListElement\":[{\"@type\":\"ListItem\",\"position\":1,\"name\":\"Home\",\"item\":\"https:\\\/\\\/organdziski.com\\\/\"},{\"@type\":\"ListItem\",\"position\":2,\"name\":\"Politika e biskotave\"}]},{\"@type\":\"WebSite\",\"@id\":\"https:\\\/\\\/organdziski.com\\\/#website\",\"url\":\"https:\\\/\\\/organdziski.com\\\/\",\"name\":\"\u041f\u0417\u0423 \u0414-\u0440 \u041e\u0440\u0433\u0430\u043d\u045f\u0438\u0441\u043a\u0438\",\"description\":\"\u0421\u043f\u0435\u0446\u0438\u0458\u0430\u043b\u0438\u0437\u0438\u0440\u0430\u043d\u0430 \u0431\u043e\u043b\u043d\u0438\u0446\u0430 \u043f\u043e \u0433\u0438\u043d\u0435\u043a\u043e\u043b\u043e\u0433\u0438\u0458\u0430 \u0438 \u0430\u043a\u0443\u0448\u0435\u0440\u0441\u0442\u0432\u043e\",\"publisher\":{\"@id\":\"https:\\\/\\\/organdziski.com\\\/#organization\"},\"potentialAction\":[{\"@type\":\"SearchAction\",\"target\":{\"@type\":\"EntryPoint\",\"urlTemplate\":\"https:\\\/\\\/organdziski.com\\\/?s={search_term_string}\"},\"query-input\":{\"@type\":\"PropertyValueSpecification\",\"valueRequired\":true,\"valueName\":\"search_term_string\"}}],\"inLanguage\":\"sq-AL\"},{\"@type\":\"Organization\",\"@id\":\"https:\\\/\\\/organdziski.com\\\/#organization\",\"name\":\"\u041f\u0417\u0423 \u0414-\u0440 \u041e\u0440\u0433\u0430\u043d\u045f\u0438\u0441\u043a\u0438\",\"url\":\"https:\\\/\\\/organdziski.com\\\/\",\"logo\":{\"@type\":\"ImageObject\",\"inLanguage\":\"sq-AL\",\"@id\":\"https:\\\/\\\/organdziski.com\\\/#\\\/schema\\\/logo\\\/image\\\/\",\"url\":\"https:\\\/\\\/organdziski.com\\\/wp-content\\\/uploads\\\/2024\\\/04\\\/organdziski.svg\",\"contentUrl\":\"https:\\\/\\\/organdziski.com\\\/wp-content\\\/uploads\\\/2024\\\/04\\\/organdziski.svg\",\"width\":341,\"height\":63,\"caption\":\"\u041f\u0417\u0423 \u0414-\u0440 \u041e\u0440\u0433\u0430\u043d\u045f\u0438\u0441\u043a\u0438\"},\"image\":{\"@id\":\"https:\\\/\\\/organdziski.com\\\/#\\\/schema\\\/logo\\\/image\\\/\"},\"sameAs\":[\"https:\\\/\\\/www.facebook.com\\\/Dr.Organdziski\",\"https:\\\/\\\/www.instagram.com\\\/bolnicadrorgandziski\\\/\",\"https:\\\/\\\/www.youtube.com\\\/channel\\\/UCVzAHTjH-QvDcCGm19znLyA\"]}]}<\/script>\n<!-- \/ Yoast SEO Premium plugin. -->","yoast_head_json":{"title":"Politika e biskotave - \u041f\u0417\u0423 \u0414-\u0440 \u041e\u0440\u0433\u0430\u043d\u045f\u0438\u0441\u043a\u0438","robots":{"index":"index","follow":"follow","max-snippet":"max-snippet:-1","max-image-preview":"max-image-preview:large","max-video-preview":"max-video-preview:-1"},"canonical":"https:\/\/organdziski.com\/politika-za-kolacinja\/","og_locale":"sq_AL","og_type":"article","og_title":"Politika e biskotave","og_description":"Pse p\u00ebrdorim &#8221; biskota&#8221;? Me ndihm\u00ebn e skedar\u00ebve t\u00eb till\u00eb, Orgaxhziski gjurmon l\u00ebvizjen e vizitor\u00ebve n\u00eb web faqen dhe n\u00eb k\u00ebt\u00eb m\u00ebnyr\u00eb mbledh t\u00eb dh\u00ebna p\u00ebr t\u00eb p\u00ebrmir\u00ebsuar p\u00ebrvoj\u00ebn e p\u00ebrdoruesit dhe p\u00ebr t\u00eb optimizuar dhe p\u00ebrmir\u00ebsuar funksionalitetin e web faqes. Cilat t\u00eb dh\u00ebna i mbledhim? Kur vizitoni web faqen, duke marr\u00eb parasysh natyr\u00ebn e...","og_url":"https:\/\/organdziski.com\/politika-za-kolacinja\/","og_site_name":"\u041f\u0417\u0423 \u0414-\u0440 \u041e\u0440\u0433\u0430\u043d\u045f\u0438\u0441\u043a\u0438","article_publisher":"https:\/\/www.facebook.com\/Dr.Organdziski","article_modified_time":"2024-06-17T19:32:59+00:00","twitter_card":"summary_large_image","twitter_misc":{"Est. reading time":"2 minutes"},"schema":{"@context":"https:\/\/schema.org","@graph":[{"@type":"WebPage","@id":"https:\/\/organdziski.com\/politika-za-kolacinja\/","url":"https:\/\/organdziski.com\/politika-za-kolacinja\/","name":"Politika e biskotave - \u041f\u0417\u0423 \u0414-\u0440 \u041e\u0440\u0433\u0430\u043d\u045f\u0438\u0441\u043a\u0438","isPartOf":{"@id":"https:\/\/organdziski.com\/#website"},"datePublished":"2024-05-08T14:01:38+00:00","dateModified":"2024-06-17T19:32:59+00:00","breadcrumb":{"@id":"https:\/\/organdziski.com\/politika-za-kolacinja\/#breadcrumb"},"inLanguage":"sq-AL","potentialAction":[{"@type":"ReadAction","target":["https:\/\/organdziski.com\/politika-za-kolacinja\/"]}]},{"@type":"BreadcrumbList","@id":"https:\/\/organdziski.com\/politika-za-kolacinja\/#breadcrumb","itemListElement":[{"@type":"ListItem","position":1,"name":"Home","item":"https:\/\/organdziski.com\/"},{"@type":"ListItem","position":2,"name":"Politika e biskotave"}]},{"@type":"WebSite","@id":"https:\/\/organdziski.com\/#website","url":"https:\/\/organdziski.com\/","name":"\u041f\u0417\u0423 \u0414-\u0440 \u041e\u0440\u0433\u0430\u043d\u045f\u0438\u0441\u043a\u0438","description":"\u0421\u043f\u0435\u0446\u0438\u0458\u0430\u043b\u0438\u0437\u0438\u0440\u0430\u043d\u0430 \u0431\u043e\u043b\u043d\u0438\u0446\u0430 \u043f\u043e \u0433\u0438\u043d\u0435\u043a\u043e\u043b\u043e\u0433\u0438\u0458\u0430 \u0438 \u0430\u043a\u0443\u0448\u0435\u0440\u0441\u0442\u0432\u043e","publisher":{"@id":"https:\/\/organdziski.com\/#organization"},"potentialAction":[{"@type":"SearchAction","target":{"@type":"EntryPoint","urlTemplate":"https:\/\/organdziski.com\/?s={search_term_string}"},"query-input":{"@type":"PropertyValueSpecification","valueRequired":true,"valueName":"search_term_string"}}],"inLanguage":"sq-AL"},{"@type":"Organization","@id":"https:\/\/organdziski.com\/#organization","name":"\u041f\u0417\u0423 \u0414-\u0440 \u041e\u0440\u0433\u0430\u043d\u045f\u0438\u0441\u043a\u0438","url":"https:\/\/organdziski.com\/","logo":{"@type":"ImageObject","inLanguage":"sq-AL","@id":"https:\/\/organdziski.com\/#\/schema\/logo\/image\/","url":"https:\/\/organdziski.com\/wp-content\/uploads\/2024\/04\/organdziski.svg","contentUrl":"https:\/\/organdziski.com\/wp-content\/uploads\/2024\/04\/organdziski.svg","width":341,"height":63,"caption":"\u041f\u0417\u0423 \u0414-\u0440 \u041e\u0440\u0433\u0430\u043d\u045f\u0438\u0441\u043a\u0438"},"image":{"@id":"https:\/\/organdziski.com\/#\/schema\/logo\/image\/"},"sameAs":["https:\/\/www.facebook.com\/Dr.Organdziski","https:\/\/www.instagram.com\/bolnicadrorgandziski\/","https:\/\/www.youtube.com\/channel\/UCVzAHTjH-QvDcCGm19znLyA"]}]}},"_links":{"self":[{"href":"https:\/\/organdziski.com\/sq\/wp-json\/wp\/v2\/pages\/15505","targetHints":{"allow":["GET"]}}],"collection":[{"href":"https:\/\/organdziski.com\/sq\/wp-json\/wp\/v2\/pages"}],"about":[{"href":"https:\/\/organdziski.com\/sq\/wp-json\/wp\/v2\/types\/page"}],"author":[{"embeddable":true,"href":"https:\/\/organdziski.com\/sq\/wp-json\/wp\/v2\/users\/1"}],"replies":[{"embeddable":true,"href":"https:\/\/organdziski.com\/sq\/wp-json\/wp\/v2\/comments?post=15505"}],"version-history":[{"count":1,"href":"https:\/\/organdziski.com\/sq\/wp-json\/wp\/v2\/pages\/15505\/revisions"}],"predecessor-version":[{"id":15506,"href":"https:\/\/organdziski.com\/sq\/wp-json\/wp\/v2\/pages\/15505\/revisions\/15506"}],"wp:attachment":[{"href":"https:\/\/organdziski.com\/sq\/wp-json\/wp\/v2\/media?parent=15505"}],"curies":[{"name":"wp","href":"https:\/\/api.w.org\/{rel}","templated":true}]}}