{"id":15512,"date":"2024-04-26T11:47:57","date_gmt":"2024-04-26T11:47:57","guid":{"rendered":"https:\/\/organdziski.com\/?page_id=15512"},"modified":"2024-06-24T17:06:13","modified_gmt":"2024-06-24T17:06:13","slug":"lindje-normale-natyrale","status":"publish","type":"page","link":"https:\/\/organdziski.com\/sq\/lindje-normale-natyrale\/","title":{"rendered":"Lindje normale (natyrale)"},"content":{"rendered":"\t\t<div data-elementor-type=\"wp-page\" data-elementor-id=\"15512\" class=\"elementor elementor-15512 elementor-8251\" data-elementor-post-type=\"page\">\n\t\t\t\t<div class=\"elementor-element elementor-element-5dd5385 e-con-full e-flex e-con e-parent\" data-id=\"5dd5385\" data-element_type=\"container\">\n\t\t<div class=\"elementor-element elementor-element-51e775a e-con-full e-flex e-con e-child\" data-id=\"51e775a\" data-element_type=\"container\">\n\t\t\t\t<div class=\"elementor-element elementor-element-51bc1cb elementor-widget elementor-widget-heading\" data-id=\"51bc1cb\" data-element_type=\"widget\" data-widget_type=\"heading.default\">\n\t\t\t\t<div class=\"elementor-widget-container\">\n\t\t\t<h2 class=\"elementor-heading-title elementor-size-default\">Faktet themelore p\u00ebr lindjen normale<\/h2>\t\t<\/div>\n\t\t\t\t<\/div>\n\t\t\t\t<div class=\"elementor-element elementor-element-d34f21a elementor-widget elementor-widget-text-editor\" data-id=\"d34f21a\" data-element_type=\"widget\" data-widget_type=\"text-editor.default\">\n\t\t\t\t<div class=\"elementor-widget-container\">\n\t\t\t\t\t\t\t<ul><li>Lindja p\u00ebrkufizohet si periudha nga fillimi i kontraktimeve t\u00eb rregullta t\u00eb mitr\u00ebs deri n\u00eb nxjerrjen e placent\u00ebs.<\/li><li>Lindja \u00ebsht\u00eb e ndryshme te \u00e7do grua dhe poashtu lindja mund t\u00eb jet\u00eb e ndryshme p\u00ebr t\u00eb nj\u00ebjt\u00ebn grua.<\/li><li>Informimi rreth fazave t\u00eb lindjes do t&#8217;ju ndihmoj\u00eb t\u00eb dini se \u00e7far\u00eb t\u00eb prisni dhe si t\u00eb p\u00ebrgatiteni m\u00eb mir\u00eb.<\/li><\/ul>\t\t\t\t\t\t<\/div>\n\t\t\t\t<\/div>\n\t\t\t\t<div class=\"elementor-element elementor-element-596213b elementor-widget elementor-widget-heading\" data-id=\"596213b\" data-element_type=\"widget\" data-widget_type=\"heading.default\">\n\t\t\t\t<div class=\"elementor-widget-container\">\n\t\t\t<h2 class=\"elementor-heading-title elementor-size-default\">Si mund ta di n\u00ebse lindja natyrale ka filluar?<\/h2>\t\t<\/div>\n\t\t\t\t<\/div>\n\t\t\t\t<div class=\"elementor-element elementor-element-6dcb19d elementor-widget elementor-widget-text-editor\" data-id=\"6dcb19d\" data-element_type=\"widget\" data-widget_type=\"text-editor.default\">\n\t\t\t\t<div class=\"elementor-widget-container\">\n\t\t\t\t\t\t\t<ul><li>Kontraksionet paraqiten n\u00eb intervale t\u00eb rregullta dhe b\u00ebhen m\u00eb t\u00eb shpeshta.<\/li><li>Rrjedhje e l\u00ebngut amniotik ose shfaqje e dhimbjeve t\u00eb barkut.<\/li><li>Shfaqja e dhimbjes me shtr\u00ebndim n\u00eb pjes\u00ebn e poshtme t\u00eb shpin\u00ebs ose n\u00eb fund t\u00eb barkut.<\/li><\/ul>\t\t\t\t\t\t<\/div>\n\t\t\t\t<\/div>\n\t\t\t\t<div class=\"elementor-element elementor-element-00664e2 elementor-widget elementor-widget-heading\" data-id=\"00664e2\" data-element_type=\"widget\" data-widget_type=\"heading.default\">\n\t\t\t\t<div class=\"elementor-widget-container\">\n\t\t\t<h2 class=\"elementor-heading-title elementor-size-default\">Lindja e f\u00ebmij\u00ebs kalon n\u00eb 4 periudha t\u00eb lindjes:<\/h2>\t\t<\/div>\n\t\t\t\t<\/div>\n\t\t\t\t<div class=\"elementor-element elementor-element-c5d8e75 elementor-widget elementor-widget-text-editor\" data-id=\"c5d8e75\" data-element_type=\"widget\" data-widget_type=\"text-editor.default\">\n\t\t\t\t<div class=\"elementor-widget-container\">\n\t\t\t\t\t\t\t<ul><li><p>Faza e dilatimit (zgjerimit) t\u00eb qaf\u00ebs s\u00eb mitr\u00ebs;<br \/>\u2013 Periudha e par\u00eb e lindjes \u00ebsht\u00eb m\u00eb e gjata. Kontraksionet n\u00eb k\u00ebt\u00eb faz\u00eb b\u00ebhen m\u00eb t\u00eb forta dhe hapin gradualisht qaf\u00ebn e mitr\u00ebs dhe lejojn\u00eb f\u00ebmij\u00ebn t\u00eb zbres\u00eb n\u00eb legen dhe kanalin e lindjes. Periudha e zgjerimit t\u00eb qaf\u00ebs s\u00eb mitr\u00ebs ndahet n\u00eb faz\u00eb latente dhe faz\u00eb aktive. Fillimi i faz\u00ebs latente p\u00ebrcaktohet si pika n\u00eb t\u00eb cil\u00ebn n\u00ebna fillon t\u00eb ndjej\u00eb kontraktime t\u00eb rregullta dhe te shumica e grave p\u00ebrfundon n\u00eb 3 deri n\u00eb 5 cm zgjerim. Gjat\u00eb k\u00ebsaj faze:<br \/>\u2013 Mund t\u00eb ndjeni kontraktime mesatare, t\u00eb cilat vijn\u00eb dhe shkojn\u00eb \u00e7do 5 deri n\u00eb 15 minuta dhe zgjasin nga 45 deri n\u00eb 60 sekonda.<br \/>\u2013 Mund t\u00eb v\u00ebreni shfaqjen e nj\u00eb skorbuti t\u00eb rrall\u00eb. N\u00ebse shfaqet gjakderdhje n\u00eb mas\u00eb t\u00eb madhe, menj\u00ebher\u00eb duhet t\u00eb shkoni n\u00eb mjek.<br \/>\u2013 Faza aktive fillon kur kontraktimet b\u00ebhen t\u00eb rregullta dhe qafa e mitr\u00ebs zgjerohet 3 deri n\u00eb 5 cm. Tani \u00ebsht\u00eb koha p\u00ebr t\u00eb shkuar n\u00eb maternitet.<br \/>\u2013 N\u00ebse keni ardhur n\u00eb maternitet p\u00ebrpara fillimit t\u00eb faz\u00ebs aktive t\u00eb lindjes, mund t&#8217;ju kthejn\u00eb n\u00eb sht\u00ebpi dhe t&#8217;ju thon\u00eb t\u00eb vini p\u00ebrs\u00ebri.<\/p><\/li><li><p>Faza e lindjes s\u00eb fetusit;<br \/>&#8211; Periudha e dyt\u00eb e lindjes \u00ebsht\u00eb faza kur n\u00eb fakt do t\u00eb lind\u00eb foshnja. Kjo faz\u00eb zakonisht zgjat 1-2 or\u00eb. Qafa e mitr\u00ebs zgjerohet plot\u00ebsisht dhe fillon tendosja gjat\u00eb t\u00eb cil\u00ebs ju duhet ta &#8220;shtyni&#8221; f\u00ebmij\u00ebn jasht\u00eb. Mjeku dhe mamia do t&#8217;ju shpjegojn\u00eb se duhet t\u00eb merrni frym\u00eb thell\u00eb, t\u00eb mbani ajrin dhe m\u00eb pas t\u00eb tendosni. Gjat\u00eb k\u00ebsaj faze, mjeku dhe mamia vendosin n\u00ebse do t\u00eb kryejn\u00eb ose jo nj\u00eb epiziotomi (prerja e perineumit p\u00ebr t\u00eb leht\u00ebsuar daljen e foshnj\u00ebs dhe p\u00ebr t\u00eb parandaluar nj\u00eb ndarje m\u00eb t\u00eb madhe t\u00eb perineumit).<\/p><\/li><li><p>Faza e nxjerjes nga placenta;<br \/>&#8211; N\u00eb faz\u00ebn e tret\u00eb, placenta, p\u00ebrmes s\u00eb cil\u00ebs foshnja ushqehej n\u00eb mit\u00ebr, nxiret jasht\u00eb trupit t\u00eb n\u00ebn\u00ebs. Kjo \u00ebsht\u00eb faza m\u00eb e shkurt\u00ebr dhe zakonisht zgjat 5-30 minuta pas lindjes s\u00eb foshnj\u00ebs. Ju do t\u00eb ndjeni p\u00ebrs\u00ebri kontraktime, t\u00eb cilat tani jan\u00eb m\u00eb pak t\u00eb dhimbshme dhe m\u00eb t\u00eb shkurtra, dhe mamia do t\u00eb ndihmoj\u00eb q\u00eb placenta t\u00eb dal\u00eb ose do t&#8217;ju thot\u00eb t\u00eb tendosni p\u00ebrs\u00ebri, k\u00ebshtu q\u00eb ky proces nuk duhet t\u00eb jet\u00eb n\u00eb ve\u00e7anti i pak\u00ebndsh\u00ebm.<\/p><\/li><li><p>Faza e monitorimit pas lindjes.<br \/>\u2013 N\u00eb faz\u00ebn e fundit, t\u00eb kat\u00ebrt, pacientja pas lindjes q\u00ebndron n\u00eb boks p\u00ebr dy or\u00eb p\u00ebr t\u00eb v\u00ebzhguar gjendjen e saj pas lindjes duke monitoruar parametrat jetik\u00eb. Pas p\u00ebrfundimit t\u00eb k\u00ebsaj faze do t\u00eb vendoseni n\u00eb nj\u00eb nga dhomat VIP t\u00eb repartit.<\/p><\/li><\/ul>\t\t\t\t\t\t<\/div>\n\t\t\t\t<\/div>\n\t\t\t\t<\/div>\n\t\t<div class=\"elementor-element elementor-element-056b758 e-con-full e-flex e-con e-child\" data-id=\"056b758\" data-element_type=\"container\">\n\t\t\t\t<div class=\"elementor-element elementor-element-d77a062 elementor-widget__width-inherit elementor-widget elementor-widget-image\" data-id=\"d77a062\" data-element_type=\"widget\" data-widget_type=\"image.default\">\n\t\t\t\t<div class=\"elementor-widget-container\">\n\t\t\t\t\t\t\t\t\t\t\t\t\t<img fetchpriority=\"high\" decoding=\"async\" width=\"1416\" height=\"1888\" src=\"https:\/\/organdziski.com\/wp-content\/uploads\/2024\/06\/\u043d\u043e\u0440\u043c\u0430\u043b\u043d\u043e-\u043f\u043e\u0440\u043e\u0434\u0443\u0432\u0430\u045a\u0435-\u0443\u0441\u043b\u0443\u0433\u0438.jpg\" class=\"attachment-full size-full wp-image-16353\" alt=\"\" srcset=\"https:\/\/organdziski.com\/wp-content\/uploads\/2024\/06\/\u043d\u043e\u0440\u043c\u0430\u043b\u043d\u043e-\u043f\u043e\u0440\u043e\u0434\u0443\u0432\u0430\u045a\u0435-\u0443\u0441\u043b\u0443\u0433\u0438.jpg 1416w, https:\/\/organdziski.com\/wp-content\/uploads\/2024\/06\/\u043d\u043e\u0440\u043c\u0430\u043b\u043d\u043e-\u043f\u043e\u0440\u043e\u0434\u0443\u0432\u0430\u045a\u0435-\u0443\u0441\u043b\u0443\u0433\u0438-225x300.jpg 225w, https:\/\/organdziski.com\/wp-content\/uploads\/2024\/06\/\u043d\u043e\u0440\u043c\u0430\u043b\u043d\u043e-\u043f\u043e\u0440\u043e\u0434\u0443\u0432\u0430\u045a\u0435-\u0443\u0441\u043b\u0443\u0433\u0438-768x1024.jpg 768w, https:\/\/organdziski.com\/wp-content\/uploads\/2024\/06\/\u043d\u043e\u0440\u043c\u0430\u043b\u043d\u043e-\u043f\u043e\u0440\u043e\u0434\u0443\u0432\u0430\u045a\u0435-\u0443\u0441\u043b\u0443\u0433\u0438-1152x1536.jpg 1152w\" sizes=\"(max-width: 1416px) 100vw, 1416px\" \/>\t\t\t\t\t\t\t\t\t\t\t\t\t<\/div>\n\t\t\t\t<\/div>\n\t\t\t\t<div class=\"elementor-element elementor-element-cc3a743 elementor-widget elementor-widget-wpforms\" data-id=\"cc3a743\" data-element_type=\"widget\" data-widget_type=\"wpforms.default\">\n\t\t\t\t<div class=\"elementor-widget-container\">\n\t\t\t<div class=\"wpforms-container wpforms-container-full wpforms-render-modern\" id=\"wpforms-16361\"><form id=\"wpforms-form-16361\" class=\"wpforms-validate wpforms-form wpforms-ajax-form\" data-formid=\"16361\" method=\"post\" enctype=\"multipart\/form-data\" action=\"\/sq\/wp-json\/wp\/v2\/pages\/15512\" data-token=\"00022deea69c9d5d131449bfef169d5b\" data-token-time=\"1777170771\"><noscript class=\"wpforms-error-noscript\">Please enable JavaScript in your browser to complete this form.<\/noscript><div id=\"wpforms-error-noscript\" style=\"display: none;\">Please enable JavaScript in your browser to complete this form.<\/div><div class=\"wpforms-field-container\"><div id=\"wpforms-16361-field_2-container\" class=\"wpforms-field wpforms-field-text\" data-field-id=\"2\"><label class=\"wpforms-field-label\" for=\"wpforms-16361-field_2\">Emri juaj<\/label><input type=\"text\" id=\"wpforms-16361-field_2\" class=\"wpforms-field-medium\" name=\"wpforms[fields][2]\" aria-errormessage=\"wpforms-16361-field_2-error\" ><\/div><div id=\"wpforms-16361-field_3-container\" class=\"wpforms-field wpforms-field-text\" data-field-id=\"3\"><label class=\"wpforms-field-label\" for=\"wpforms-16361-field_3\">Email <\/label><input type=\"text\" id=\"wpforms-16361-field_3\" class=\"wpforms-field-medium\" name=\"wpforms[fields][3]\" aria-errormessage=\"wpforms-16361-field_3-error\" ><\/div><div id=\"wpforms-16361-field_4-container\" class=\"wpforms-field wpforms-field-textarea\" data-field-id=\"4\"><label class=\"wpforms-field-label\" for=\"wpforms-16361-field_4\">Pyetja juaj?<\/label><textarea id=\"wpforms-16361-field_4\" class=\"wpforms-field-large\" name=\"wpforms[fields][4]\" aria-errormessage=\"wpforms-16361-field_4-error\" ><\/textarea><\/div><\/div><!-- .wpforms-field-container --><div class=\"wpforms-submit-container\" ><input type=\"hidden\" name=\"wpforms[id]\" value=\"16361\"><input type=\"hidden\" name=\"page_title\" value=\"\"><input type=\"hidden\" name=\"page_url\" value=\"https:\/\/organdziski.com\/sq\/wp-json\/wp\/v2\/pages\/15512\"><input type=\"hidden\" name=\"url_referer\" value=\"\"><button type=\"submit\" name=\"wpforms[submit]\" id=\"wpforms-submit-16361\" class=\"wpforms-submit\" data-alt-text=\"Sending...\" data-submit-text=\"D\u00ebrgoni\" aria-live=\"assertive\" value=\"wpforms-submit\">D\u00ebrgoni<\/button><img decoding=\"async\" src=\"https:\/\/organdziski.com\/wp-content\/plugins\/wpforms-lite\/assets\/images\/submit-spin.svg\" class=\"wpforms-submit-spinner\" style=\"display: none;\" width=\"26\" height=\"26\" alt=\"Loading\"><\/div><\/form><\/div>  <!-- .wpforms-container -->\t\t<\/div>\n\t\t\t\t<\/div>\n\t\t\t\t<\/div>\n\t\t\t\t<\/div>\n\t\t\t\t<\/div>\n\t\t","protected":false},"excerpt":{"rendered":"<p>Faktet themelore p\u00ebr lindjen normale Lindja p\u00ebrkufizohet si periudha nga fillimi i kontraktimeve t\u00eb rregullta t\u00eb mitr\u00ebs deri n\u00eb nxjerrjen e placent\u00ebs. Lindja \u00ebsht\u00eb e ndryshme te \u00e7do grua dhe poashtu lindja mund t\u00eb jet\u00eb e ndryshme p\u00ebr t\u00eb nj\u00ebjt\u00ebn grua. Informimi rreth fazave t\u00eb lindjes do t&#8217;ju ndihmoj\u00eb t\u00eb dini se \u00e7far\u00eb t\u00eb prisni&#8230;<\/p>\n","protected":false},"author":1,"featured_media":0,"parent":0,"menu_order":0,"comment_status":"closed","ping_status":"closed","template":"","meta":{"footnotes":""},"class_list":["post-15512","page","type-page","status-publish","hentry"],"yoast_head":"<!-- This site is optimized with the Yoast SEO Premium plugin v22.7 (Yoast SEO v27.4) - https:\/\/yoast.com\/product\/yoast-seo-premium-wordpress\/ -->\n<title>Lindje normale (natyrale) - \u041f\u0417\u0423 \u0414-\u0440 \u041e\u0440\u0433\u0430\u043d\u045f\u0438\u0441\u043a\u0438<\/title>\n<meta name=\"robots\" content=\"index, follow, max-snippet:-1, max-image-preview:large, max-video-preview:-1\" \/>\n<link rel=\"canonical\" href=\"https:\/\/organdziski.com\/sq\/lindje-normale-natyrale\/\" \/>\n<meta property=\"og:locale\" content=\"sq_AL\" \/>\n<meta property=\"og:type\" content=\"article\" \/>\n<meta property=\"og:title\" content=\"Lindje normale (natyrale)\" \/>\n<meta property=\"og:description\" content=\"Faktet themelore p\u00ebr lindjen normale Lindja p\u00ebrkufizohet si periudha nga fillimi i kontraktimeve t\u00eb rregullta t\u00eb mitr\u00ebs deri n\u00eb nxjerrjen e placent\u00ebs. Lindja \u00ebsht\u00eb e ndryshme te \u00e7do grua dhe poashtu lindja mund t\u00eb jet\u00eb e ndryshme p\u00ebr t\u00eb nj\u00ebjt\u00ebn grua. Informimi rreth fazave t\u00eb lindjes do t&#8217;ju ndihmoj\u00eb t\u00eb dini se \u00e7far\u00eb t\u00eb prisni...\" \/>\n<meta property=\"og:url\" content=\"https:\/\/organdziski.com\/sq\/lindje-normale-natyrale\/\" \/>\n<meta property=\"og:site_name\" content=\"\u041f\u0417\u0423 \u0414-\u0440 \u041e\u0440\u0433\u0430\u043d\u045f\u0438\u0441\u043a\u0438\" \/>\n<meta property=\"article:publisher\" content=\"https:\/\/www.facebook.com\/Dr.Organdziski\" \/>\n<meta property=\"article:modified_time\" content=\"2024-06-24T17:06:13+00:00\" \/>\n<meta property=\"og:image\" content=\"https:\/\/organdziski.com\/wp-content\/plugins\/wpforms-lite\/assets\/images\/submit-spin.svg\" \/>\n<meta name=\"twitter:card\" content=\"summary_large_image\" \/>\n<meta name=\"twitter:label1\" content=\"Est. reading time\" \/>\n\t<meta name=\"twitter:data1\" content=\"4 minutes\" \/>\n<script type=\"application\/ld+json\" class=\"yoast-schema-graph\">{\"@context\":\"https:\\\/\\\/schema.org\",\"@graph\":[{\"@type\":\"WebPage\",\"@id\":\"https:\\\/\\\/organdziski.com\\\/sq\\\/lindje-normale-natyrale\\\/\",\"url\":\"https:\\\/\\\/organdziski.com\\\/sq\\\/lindje-normale-natyrale\\\/\",\"name\":\"Lindje normale (natyrale) - \u041f\u0417\u0423 \u0414-\u0440 \u041e\u0440\u0433\u0430\u043d\u045f\u0438\u0441\u043a\u0438\",\"isPartOf\":{\"@id\":\"https:\\\/\\\/organdziski.com\\\/#website\"},\"primaryImageOfPage\":{\"@id\":\"https:\\\/\\\/organdziski.com\\\/sq\\\/lindje-normale-natyrale\\\/#primaryimage\"},\"image\":{\"@id\":\"https:\\\/\\\/organdziski.com\\\/sq\\\/lindje-normale-natyrale\\\/#primaryimage\"},\"thumbnailUrl\":\"https:\\\/\\\/organdziski.com\\\/wp-content\\\/plugins\\\/wpforms-lite\\\/assets\\\/images\\\/submit-spin.svg\",\"datePublished\":\"2024-04-26T11:47:57+00:00\",\"dateModified\":\"2024-06-24T17:06:13+00:00\",\"breadcrumb\":{\"@id\":\"https:\\\/\\\/organdziski.com\\\/sq\\\/lindje-normale-natyrale\\\/#breadcrumb\"},\"inLanguage\":\"sq-AL\",\"potentialAction\":[{\"@type\":\"ReadAction\",\"target\":[\"https:\\\/\\\/organdziski.com\\\/sq\\\/lindje-normale-natyrale\\\/\"]}]},{\"@type\":\"ImageObject\",\"inLanguage\":\"sq-AL\",\"@id\":\"https:\\\/\\\/organdziski.com\\\/sq\\\/lindje-normale-natyrale\\\/#primaryimage\",\"url\":\"https:\\\/\\\/organdziski.com\\\/wp-content\\\/plugins\\\/wpforms-lite\\\/assets\\\/images\\\/submit-spin.svg\",\"contentUrl\":\"https:\\\/\\\/organdziski.com\\\/wp-content\\\/plugins\\\/wpforms-lite\\\/assets\\\/images\\\/submit-spin.svg\"},{\"@type\":\"BreadcrumbList\",\"@id\":\"https:\\\/\\\/organdziski.com\\\/sq\\\/lindje-normale-natyrale\\\/#breadcrumb\",\"itemListElement\":[{\"@type\":\"ListItem\",\"position\":1,\"name\":\"Home\",\"item\":\"https:\\\/\\\/organdziski.com\\\/\"},{\"@type\":\"ListItem\",\"position\":2,\"name\":\"Lindje normale (natyrale)\"}]},{\"@type\":\"WebSite\",\"@id\":\"https:\\\/\\\/organdziski.com\\\/#website\",\"url\":\"https:\\\/\\\/organdziski.com\\\/\",\"name\":\"\u041f\u0417\u0423 \u0414-\u0440 \u041e\u0440\u0433\u0430\u043d\u045f\u0438\u0441\u043a\u0438\",\"description\":\"\u0421\u043f\u0435\u0446\u0438\u0458\u0430\u043b\u0438\u0437\u0438\u0440\u0430\u043d\u0430 \u0431\u043e\u043b\u043d\u0438\u0446\u0430 \u043f\u043e \u0433\u0438\u043d\u0435\u043a\u043e\u043b\u043e\u0433\u0438\u0458\u0430 \u0438 \u0430\u043a\u0443\u0448\u0435\u0440\u0441\u0442\u0432\u043e\",\"publisher\":{\"@id\":\"https:\\\/\\\/organdziski.com\\\/#organization\"},\"potentialAction\":[{\"@type\":\"SearchAction\",\"target\":{\"@type\":\"EntryPoint\",\"urlTemplate\":\"https:\\\/\\\/organdziski.com\\\/?s={search_term_string}\"},\"query-input\":{\"@type\":\"PropertyValueSpecification\",\"valueRequired\":true,\"valueName\":\"search_term_string\"}}],\"inLanguage\":\"sq-AL\"},{\"@type\":\"Organization\",\"@id\":\"https:\\\/\\\/organdziski.com\\\/#organization\",\"name\":\"\u041f\u0417\u0423 \u0414-\u0440 \u041e\u0440\u0433\u0430\u043d\u045f\u0438\u0441\u043a\u0438\",\"url\":\"https:\\\/\\\/organdziski.com\\\/\",\"logo\":{\"@type\":\"ImageObject\",\"inLanguage\":\"sq-AL\",\"@id\":\"https:\\\/\\\/organdziski.com\\\/#\\\/schema\\\/logo\\\/image\\\/\",\"url\":\"https:\\\/\\\/organdziski.com\\\/wp-content\\\/uploads\\\/2024\\\/04\\\/organdziski.svg\",\"contentUrl\":\"https:\\\/\\\/organdziski.com\\\/wp-content\\\/uploads\\\/2024\\\/04\\\/organdziski.svg\",\"width\":341,\"height\":63,\"caption\":\"\u041f\u0417\u0423 \u0414-\u0440 \u041e\u0440\u0433\u0430\u043d\u045f\u0438\u0441\u043a\u0438\"},\"image\":{\"@id\":\"https:\\\/\\\/organdziski.com\\\/#\\\/schema\\\/logo\\\/image\\\/\"},\"sameAs\":[\"https:\\\/\\\/www.facebook.com\\\/Dr.Organdziski\",\"https:\\\/\\\/www.instagram.com\\\/bolnicadrorgandziski\\\/\",\"https:\\\/\\\/www.youtube.com\\\/channel\\\/UCVzAHTjH-QvDcCGm19znLyA\"]}]}<\/script>\n<!-- \/ Yoast SEO Premium plugin. -->","yoast_head_json":{"title":"Lindje normale (natyrale) - \u041f\u0417\u0423 \u0414-\u0440 \u041e\u0440\u0433\u0430\u043d\u045f\u0438\u0441\u043a\u0438","robots":{"index":"index","follow":"follow","max-snippet":"max-snippet:-1","max-image-preview":"max-image-preview:large","max-video-preview":"max-video-preview:-1"},"canonical":"https:\/\/organdziski.com\/sq\/lindje-normale-natyrale\/","og_locale":"sq_AL","og_type":"article","og_title":"Lindje normale (natyrale)","og_description":"Faktet themelore p\u00ebr lindjen normale Lindja p\u00ebrkufizohet si periudha nga fillimi i kontraktimeve t\u00eb rregullta t\u00eb mitr\u00ebs deri n\u00eb nxjerrjen e placent\u00ebs. Lindja \u00ebsht\u00eb e ndryshme te \u00e7do grua dhe poashtu lindja mund t\u00eb jet\u00eb e ndryshme p\u00ebr t\u00eb nj\u00ebjt\u00ebn grua. Informimi rreth fazave t\u00eb lindjes do t&#8217;ju ndihmoj\u00eb t\u00eb dini se \u00e7far\u00eb t\u00eb prisni...","og_url":"https:\/\/organdziski.com\/sq\/lindje-normale-natyrale\/","og_site_name":"\u041f\u0417\u0423 \u0414-\u0440 \u041e\u0440\u0433\u0430\u043d\u045f\u0438\u0441\u043a\u0438","article_publisher":"https:\/\/www.facebook.com\/Dr.Organdziski","article_modified_time":"2024-06-24T17:06:13+00:00","og_image":[{"url":"https:\/\/organdziski.com\/wp-content\/plugins\/wpforms-lite\/assets\/images\/submit-spin.svg","type":"","width":"","height":""}],"twitter_card":"summary_large_image","twitter_misc":{"Est. reading time":"4 minutes"},"schema":{"@context":"https:\/\/schema.org","@graph":[{"@type":"WebPage","@id":"https:\/\/organdziski.com\/sq\/lindje-normale-natyrale\/","url":"https:\/\/organdziski.com\/sq\/lindje-normale-natyrale\/","name":"Lindje normale (natyrale) - \u041f\u0417\u0423 \u0414-\u0440 \u041e\u0440\u0433\u0430\u043d\u045f\u0438\u0441\u043a\u0438","isPartOf":{"@id":"https:\/\/organdziski.com\/#website"},"primaryImageOfPage":{"@id":"https:\/\/organdziski.com\/sq\/lindje-normale-natyrale\/#primaryimage"},"image":{"@id":"https:\/\/organdziski.com\/sq\/lindje-normale-natyrale\/#primaryimage"},"thumbnailUrl":"https:\/\/organdziski.com\/wp-content\/plugins\/wpforms-lite\/assets\/images\/submit-spin.svg","datePublished":"2024-04-26T11:47:57+00:00","dateModified":"2024-06-24T17:06:13+00:00","breadcrumb":{"@id":"https:\/\/organdziski.com\/sq\/lindje-normale-natyrale\/#breadcrumb"},"inLanguage":"sq-AL","potentialAction":[{"@type":"ReadAction","target":["https:\/\/organdziski.com\/sq\/lindje-normale-natyrale\/"]}]},{"@type":"ImageObject","inLanguage":"sq-AL","@id":"https:\/\/organdziski.com\/sq\/lindje-normale-natyrale\/#primaryimage","url":"https:\/\/organdziski.com\/wp-content\/plugins\/wpforms-lite\/assets\/images\/submit-spin.svg","contentUrl":"https:\/\/organdziski.com\/wp-content\/plugins\/wpforms-lite\/assets\/images\/submit-spin.svg"},{"@type":"BreadcrumbList","@id":"https:\/\/organdziski.com\/sq\/lindje-normale-natyrale\/#breadcrumb","itemListElement":[{"@type":"ListItem","position":1,"name":"Home","item":"https:\/\/organdziski.com\/"},{"@type":"ListItem","position":2,"name":"Lindje normale (natyrale)"}]},{"@type":"WebSite","@id":"https:\/\/organdziski.com\/#website","url":"https:\/\/organdziski.com\/","name":"\u041f\u0417\u0423 \u0414-\u0440 \u041e\u0440\u0433\u0430\u043d\u045f\u0438\u0441\u043a\u0438","description":"\u0421\u043f\u0435\u0446\u0438\u0458\u0430\u043b\u0438\u0437\u0438\u0440\u0430\u043d\u0430 \u0431\u043e\u043b\u043d\u0438\u0446\u0430 \u043f\u043e \u0433\u0438\u043d\u0435\u043a\u043e\u043b\u043e\u0433\u0438\u0458\u0430 \u0438 \u0430\u043a\u0443\u0448\u0435\u0440\u0441\u0442\u0432\u043e","publisher":{"@id":"https:\/\/organdziski.com\/#organization"},"potentialAction":[{"@type":"SearchAction","target":{"@type":"EntryPoint","urlTemplate":"https:\/\/organdziski.com\/?s={search_term_string}"},"query-input":{"@type":"PropertyValueSpecification","valueRequired":true,"valueName":"search_term_string"}}],"inLanguage":"sq-AL"},{"@type":"Organization","@id":"https:\/\/organdziski.com\/#organization","name":"\u041f\u0417\u0423 \u0414-\u0440 \u041e\u0440\u0433\u0430\u043d\u045f\u0438\u0441\u043a\u0438","url":"https:\/\/organdziski.com\/","logo":{"@type":"ImageObject","inLanguage":"sq-AL","@id":"https:\/\/organdziski.com\/#\/schema\/logo\/image\/","url":"https:\/\/organdziski.com\/wp-content\/uploads\/2024\/04\/organdziski.svg","contentUrl":"https:\/\/organdziski.com\/wp-content\/uploads\/2024\/04\/organdziski.svg","width":341,"height":63,"caption":"\u041f\u0417\u0423 \u0414-\u0440 \u041e\u0440\u0433\u0430\u043d\u045f\u0438\u0441\u043a\u0438"},"image":{"@id":"https:\/\/organdziski.com\/#\/schema\/logo\/image\/"},"sameAs":["https:\/\/www.facebook.com\/Dr.Organdziski","https:\/\/www.instagram.com\/bolnicadrorgandziski\/","https:\/\/www.youtube.com\/channel\/UCVzAHTjH-QvDcCGm19znLyA"]}]}},"_links":{"self":[{"href":"https:\/\/organdziski.com\/sq\/wp-json\/wp\/v2\/pages\/15512","targetHints":{"allow":["GET"]}}],"collection":[{"href":"https:\/\/organdziski.com\/sq\/wp-json\/wp\/v2\/pages"}],"about":[{"href":"https:\/\/organdziski.com\/sq\/wp-json\/wp\/v2\/types\/page"}],"author":[{"embeddable":true,"href":"https:\/\/organdziski.com\/sq\/wp-json\/wp\/v2\/users\/1"}],"replies":[{"embeddable":true,"href":"https:\/\/organdziski.com\/sq\/wp-json\/wp\/v2\/comments?post=15512"}],"version-history":[{"count":11,"href":"https:\/\/organdziski.com\/sq\/wp-json\/wp\/v2\/pages\/15512\/revisions"}],"predecessor-version":[{"id":16369,"href":"https:\/\/organdziski.com\/sq\/wp-json\/wp\/v2\/pages\/15512\/revisions\/16369"}],"wp:attachment":[{"href":"https:\/\/organdziski.com\/sq\/wp-json\/wp\/v2\/media?parent=15512"}],"curies":[{"name":"wp","href":"https:\/\/api.w.org\/{rel}","templated":true}]}}