{"id":15523,"date":"2024-05-20T12:22:34","date_gmt":"2024-05-20T12:22:34","guid":{"rendered":"https:\/\/organdziski.com\/?page_id=15523"},"modified":"2025-09-11T07:52:02","modified_gmt":"2025-09-11T07:52:02","slug":"paketa-e-seksionit-cezarian","status":"publish","type":"page","link":"https:\/\/organdziski.com\/sq\/paketa-e-seksionit-cezarian\/","title":{"rendered":"Paketa e seksionit cezarian"},"content":{"rendered":"\t\t<div data-elementor-type=\"wp-page\" data-elementor-id=\"15523\" class=\"elementor elementor-15523 elementor-11871\" data-elementor-post-type=\"page\">\n\t\t\t\t<div class=\"elementor-element elementor-element-540d8f5 e-flex e-con-boxed e-con e-parent\" data-id=\"540d8f5\" data-element_type=\"container\">\n\t\t\t\t\t<div class=\"e-con-inner\">\n\t\t\t\t<div class=\"elementor-element elementor-element-4db23ed elementor-widget elementor-widget-text-editor\" data-id=\"4db23ed\" data-element_type=\"widget\" data-widget_type=\"text-editor.default\">\n\t\t\t\t<div class=\"elementor-widget-container\">\n\t\t\t\t\t\t\t<p style=\"text-align: center;\"><strong>P\u00ebr t\u00eb filluar nj\u00eb jet\u00eb t\u00eb re, zgjidhni Spitalin Special p\u00ebr Gjinekologji dhe Obstetrik\u00eb Dr. Organdziski &#8211; Shtip<\/strong><\/p>\t\t\t\t\t\t<\/div>\n\t\t\t\t<\/div>\n\t\t\t\t\t<\/div>\n\t\t\t\t<\/div>\n\t\t<div class=\"elementor-element elementor-element-4184aff e-flex e-con-boxed e-con e-parent\" data-id=\"4184aff\" data-element_type=\"container\">\n\t\t\t\t\t<div class=\"e-con-inner\">\n\t\t\t\t<div class=\"elementor-element elementor-element-ff55dc7 elementor-widget elementor-widget-heading\" data-id=\"ff55dc7\" data-element_type=\"widget\" data-widget_type=\"heading.default\">\n\t\t\t\t<div class=\"elementor-widget-container\">\n\t\t\t<h2 class=\"elementor-heading-title elementor-size-default\">PAKOJA - Seksioni cezarian 135.000 denar\u00eb, pa shpenzime t\u00eb fshehura p\u00ebrfshin:<\/h2>\t\t<\/div>\n\t\t\t\t<\/div>\n\t\t\t\t<div class=\"elementor-element elementor-element-7aaa0f8 elementor-widget elementor-widget-text-editor\" data-id=\"7aaa0f8\" data-element_type=\"widget\" data-widget_type=\"text-editor.default\">\n\t\t\t\t<div class=\"elementor-widget-container\">\n\t\t\t\t\t\t\t<ul><li><p>Ekzaminim falas nga java e 36-t\u00eb e shtatz\u00ebnis\u00eb;<\/p><\/li><li><p>CTG monitorimi i fetusit dhe ndjekja e shqet\u00ebsimit fetal nga jav\u00eb \u0435 36 deri n\u00eb lindje<\/p><\/li><li><p>anestezion spinal<\/p><\/li><li><p>lindjen e f\u00ebmij\u00ebs;<\/p><\/li><li><p>ekzaminimi i foshnj\u00ebs nga mjek\u00ebt neonatolog\u00eb pas lindjes dhe gjat\u00eb gjith\u00eb q\u00ebndrimit n\u00eb spital, pavar\u00ebsisht nga numri i ekzaminimeve<\/p><\/li><li><p>vaksinimi i foshnj\u00ebs<\/p><\/li><li><p>t\u00eb gjitha analizat e nevojshme t\u00eb gjakut p\u00ebr n\u00ebn\u00ebn dhe foshnj\u00ebn<\/p><\/li><li><p>pes\u00eb dit\u00eb q\u00ebndrimi n\u00eb spital<\/p><\/li><li><p>dhoma VIP nj\u00ebkrevat\u00ebshe me banjo, TV, internet dhe masazh\u00eb p\u00ebr lehon\u00ebn<\/p><\/li><li><p>p\u00ebrcjellje ceremoniale e lehon\u00ebs, me stilist, fotografi<\/p><\/li><li><p>kontrolli i par\u00eb falas nga natolog\u00ebt e foshnj\u00ebs p\u00ebr 4 deri n\u00eb 6 jav\u00eb pas daljes<\/p><\/li><li><p>parkim falas;<\/p><\/li><li><p>n\u00eb ekzaminimin e par\u00eb pas jav\u00ebs s\u00eb 36-t\u00eb t\u00eb shtatz\u00ebnis\u00eb, paguhet avans prej 12.000 denar\u00ebsh, i cili minusohet nga shuma totale prej 135.000 denar\u00eb me daljen e pacientes.<\/p><\/li><li><p>N\u00ebse ka nevoj\u00eb p\u00ebr transfuzion gjaku dhe derivatesh gjaku, paguhet n\u00eb m\u00ebnyr\u00eb plot\u00ebsuese, si n\u00eb \u00e7do institucion tjet\u00ebr.<\/p><\/li><li><p>Nuk ka shpenzime t\u00eb fshehura!<\/p><\/li><\/ul>\t\t\t\t\t\t<\/div>\n\t\t\t\t<\/div>\n\t\t\t\t<div class=\"elementor-element elementor-element-9553c42 elementor-widget elementor-widget-heading\" data-id=\"9553c42\" data-element_type=\"widget\" data-widget_type=\"heading.default\">\n\t\t\t\t<div class=\"elementor-widget-container\">\n\t\t\t<h2 class=\"elementor-heading-title elementor-size-default\">Pse Spitali Dr. Organxhiski duhet t\u00eb jet\u00eb zgjedhja juaj?<\/h2>\t\t<\/div>\n\t\t\t\t<\/div>\n\t\t\t\t<div class=\"elementor-element elementor-element-a55a6e9 elementor-widget elementor-widget-text-editor\" data-id=\"a55a6e9\" data-element_type=\"widget\" data-widget_type=\"text-editor.default\">\n\t\t\t\t<div class=\"elementor-widget-container\">\n\t\t\t\t\t\t\t<ul>\n \t<li>Ekip me eksperienc\u00eb, humanizmi, pajisjet m\u00eb t\u00eb mira dhe procedurat dhe standardet moderne q\u00eb p\u00ebrdorim jan\u00eb garanci p\u00ebr cil\u00ebsin\u00eb e sh\u00ebrbimit ton\u00eb.<\/li>\n \t<li>E ardhmja \u00ebsht\u00eb te pasardh\u00ebsit tan\u00eb dhe besimi \u00ebsht\u00eb n\u00eb spitalin special p\u00ebr gjinekologji dhe obstetrik\u00eb &#8211; Dr. Organxhiski n\u00eb Shtip.<\/li>\n<\/ul>\n&nbsp;\n<h4 style=\"text-align: center;\"><\/h4>\n\n<h4 style=\"text-align: center;\"><strong>Caktoni n\u00eb  <a href=\"tel:+38932393757\">032 393 757<\/a> ose <a href=\"tel:+38978393757\">078 393 757<\/a><\/strong><\/h4>\t\t\t\t\t\t<\/div>\n\t\t\t\t<\/div>\n\t\t\t\t\t<\/div>\n\t\t\t\t<\/div>\n\t\t\t\t<\/div>\n\t\t","protected":false},"excerpt":{"rendered":"<p>P\u00ebr t\u00eb filluar nj\u00eb jet\u00eb t\u00eb re, zgjidhni Spitalin Special p\u00ebr Gjinekologji dhe Obstetrik\u00eb Dr. Organdziski &#8211; Shtip PAKOJA &#8211; Seksioni cezarian 135.000 denar\u00eb, pa shpenzime t\u00eb fshehura p\u00ebrfshin: Ekzaminim falas nga java e 36-t\u00eb e shtatz\u00ebnis\u00eb; CTG monitorimi i fetusit dhe ndjekja e shqet\u00ebsimit fetal nga jav\u00eb \u0435 36 deri n\u00eb lindje anestezion spinal&#8230;<\/p>\n","protected":false},"author":1,"featured_media":0,"parent":0,"menu_order":0,"comment_status":"closed","ping_status":"closed","template":"","meta":{"footnotes":""},"class_list":["post-15523","page","type-page","status-publish","hentry"],"yoast_head":"<!-- This site is optimized with the Yoast SEO Premium plugin v22.7 (Yoast SEO v27.4) - https:\/\/yoast.com\/product\/yoast-seo-premium-wordpress\/ -->\n<title>Paketa e seksionit cezarian - \u041f\u0417\u0423 \u0414-\u0440 \u041e\u0440\u0433\u0430\u043d\u045f\u0438\u0441\u043a\u0438<\/title>\n<meta name=\"robots\" content=\"index, follow, max-snippet:-1, max-image-preview:large, max-video-preview:-1\" \/>\n<link rel=\"canonical\" href=\"https:\/\/organdziski.com\/paket-poroduvanje-so-carski-rez\/\" \/>\n<meta property=\"og:locale\" content=\"sq_AL\" \/>\n<meta property=\"og:type\" content=\"article\" \/>\n<meta property=\"og:title\" content=\"Paketa e seksionit cezarian\" \/>\n<meta property=\"og:description\" content=\"P\u00ebr t\u00eb filluar nj\u00eb jet\u00eb t\u00eb re, zgjidhni Spitalin Special p\u00ebr Gjinekologji dhe Obstetrik\u00eb Dr. Organdziski &#8211; Shtip PAKOJA &#8211; Seksioni cezarian 135.000 denar\u00eb, pa shpenzime t\u00eb fshehura p\u00ebrfshin: Ekzaminim falas nga java e 36-t\u00eb e shtatz\u00ebnis\u00eb; CTG monitorimi i fetusit dhe ndjekja e shqet\u00ebsimit fetal nga jav\u00eb \u0435 36 deri n\u00eb lindje anestezion spinal...\" \/>\n<meta property=\"og:url\" content=\"https:\/\/organdziski.com\/paket-poroduvanje-so-carski-rez\/\" \/>\n<meta property=\"og:site_name\" content=\"\u041f\u0417\u0423 \u0414-\u0440 \u041e\u0440\u0433\u0430\u043d\u045f\u0438\u0441\u043a\u0438\" \/>\n<meta property=\"article:publisher\" content=\"https:\/\/www.facebook.com\/Dr.Organdziski\" \/>\n<meta property=\"article:modified_time\" content=\"2025-09-11T07:52:02+00:00\" \/>\n<meta name=\"twitter:card\" content=\"summary_large_image\" \/>\n<meta name=\"twitter:label1\" content=\"Est. reading time\" \/>\n\t<meta name=\"twitter:data1\" content=\"2 minutes\" \/>\n<script type=\"application\/ld+json\" class=\"yoast-schema-graph\">{\"@context\":\"https:\\\/\\\/schema.org\",\"@graph\":[{\"@type\":\"WebPage\",\"@id\":\"https:\\\/\\\/organdziski.com\\\/paket-poroduvanje-so-carski-rez\\\/\",\"url\":\"https:\\\/\\\/organdziski.com\\\/paket-poroduvanje-so-carski-rez\\\/\",\"name\":\"Paketa e seksionit cezarian - \u041f\u0417\u0423 \u0414-\u0440 \u041e\u0440\u0433\u0430\u043d\u045f\u0438\u0441\u043a\u0438\",\"isPartOf\":{\"@id\":\"https:\\\/\\\/organdziski.com\\\/#website\"},\"datePublished\":\"2024-05-20T12:22:34+00:00\",\"dateModified\":\"2025-09-11T07:52:02+00:00\",\"breadcrumb\":{\"@id\":\"https:\\\/\\\/organdziski.com\\\/paket-poroduvanje-so-carski-rez\\\/#breadcrumb\"},\"inLanguage\":\"sq-AL\",\"potentialAction\":[{\"@type\":\"ReadAction\",\"target\":[\"https:\\\/\\\/organdziski.com\\\/paket-poroduvanje-so-carski-rez\\\/\"]}]},{\"@type\":\"BreadcrumbList\",\"@id\":\"https:\\\/\\\/organdziski.com\\\/paket-poroduvanje-so-carski-rez\\\/#breadcrumb\",\"itemListElement\":[{\"@type\":\"ListItem\",\"position\":1,\"name\":\"Home\",\"item\":\"https:\\\/\\\/organdziski.com\\\/\"},{\"@type\":\"ListItem\",\"position\":2,\"name\":\"Paketa e seksionit cezarian\"}]},{\"@type\":\"WebSite\",\"@id\":\"https:\\\/\\\/organdziski.com\\\/#website\",\"url\":\"https:\\\/\\\/organdziski.com\\\/\",\"name\":\"\u041f\u0417\u0423 \u0414-\u0440 \u041e\u0440\u0433\u0430\u043d\u045f\u0438\u0441\u043a\u0438\",\"description\":\"\u0421\u043f\u0435\u0446\u0438\u0458\u0430\u043b\u0438\u0437\u0438\u0440\u0430\u043d\u0430 \u0431\u043e\u043b\u043d\u0438\u0446\u0430 \u043f\u043e \u0433\u0438\u043d\u0435\u043a\u043e\u043b\u043e\u0433\u0438\u0458\u0430 \u0438 \u0430\u043a\u0443\u0448\u0435\u0440\u0441\u0442\u0432\u043e\",\"publisher\":{\"@id\":\"https:\\\/\\\/organdziski.com\\\/#organization\"},\"potentialAction\":[{\"@type\":\"SearchAction\",\"target\":{\"@type\":\"EntryPoint\",\"urlTemplate\":\"https:\\\/\\\/organdziski.com\\\/?s={search_term_string}\"},\"query-input\":{\"@type\":\"PropertyValueSpecification\",\"valueRequired\":true,\"valueName\":\"search_term_string\"}}],\"inLanguage\":\"sq-AL\"},{\"@type\":\"Organization\",\"@id\":\"https:\\\/\\\/organdziski.com\\\/#organization\",\"name\":\"\u041f\u0417\u0423 \u0414-\u0440 \u041e\u0440\u0433\u0430\u043d\u045f\u0438\u0441\u043a\u0438\",\"url\":\"https:\\\/\\\/organdziski.com\\\/\",\"logo\":{\"@type\":\"ImageObject\",\"inLanguage\":\"sq-AL\",\"@id\":\"https:\\\/\\\/organdziski.com\\\/#\\\/schema\\\/logo\\\/image\\\/\",\"url\":\"https:\\\/\\\/organdziski.com\\\/wp-content\\\/uploads\\\/2024\\\/04\\\/organdziski.svg\",\"contentUrl\":\"https:\\\/\\\/organdziski.com\\\/wp-content\\\/uploads\\\/2024\\\/04\\\/organdziski.svg\",\"width\":341,\"height\":63,\"caption\":\"\u041f\u0417\u0423 \u0414-\u0440 \u041e\u0440\u0433\u0430\u043d\u045f\u0438\u0441\u043a\u0438\"},\"image\":{\"@id\":\"https:\\\/\\\/organdziski.com\\\/#\\\/schema\\\/logo\\\/image\\\/\"},\"sameAs\":[\"https:\\\/\\\/www.facebook.com\\\/Dr.Organdziski\",\"https:\\\/\\\/www.instagram.com\\\/bolnicadrorgandziski\\\/\",\"https:\\\/\\\/www.youtube.com\\\/channel\\\/UCVzAHTjH-QvDcCGm19znLyA\"]}]}<\/script>\n<!-- \/ Yoast SEO Premium plugin. -->","yoast_head_json":{"title":"Paketa e seksionit cezarian - \u041f\u0417\u0423 \u0414-\u0440 \u041e\u0440\u0433\u0430\u043d\u045f\u0438\u0441\u043a\u0438","robots":{"index":"index","follow":"follow","max-snippet":"max-snippet:-1","max-image-preview":"max-image-preview:large","max-video-preview":"max-video-preview:-1"},"canonical":"https:\/\/organdziski.com\/paket-poroduvanje-so-carski-rez\/","og_locale":"sq_AL","og_type":"article","og_title":"Paketa e seksionit cezarian","og_description":"P\u00ebr t\u00eb filluar nj\u00eb jet\u00eb t\u00eb re, zgjidhni Spitalin Special p\u00ebr Gjinekologji dhe Obstetrik\u00eb Dr. Organdziski &#8211; Shtip PAKOJA &#8211; Seksioni cezarian 135.000 denar\u00eb, pa shpenzime t\u00eb fshehura p\u00ebrfshin: Ekzaminim falas nga java e 36-t\u00eb e shtatz\u00ebnis\u00eb; CTG monitorimi i fetusit dhe ndjekja e shqet\u00ebsimit fetal nga jav\u00eb \u0435 36 deri n\u00eb lindje anestezion spinal...","og_url":"https:\/\/organdziski.com\/paket-poroduvanje-so-carski-rez\/","og_site_name":"\u041f\u0417\u0423 \u0414-\u0440 \u041e\u0440\u0433\u0430\u043d\u045f\u0438\u0441\u043a\u0438","article_publisher":"https:\/\/www.facebook.com\/Dr.Organdziski","article_modified_time":"2025-09-11T07:52:02+00:00","twitter_card":"summary_large_image","twitter_misc":{"Est. reading time":"2 minutes"},"schema":{"@context":"https:\/\/schema.org","@graph":[{"@type":"WebPage","@id":"https:\/\/organdziski.com\/paket-poroduvanje-so-carski-rez\/","url":"https:\/\/organdziski.com\/paket-poroduvanje-so-carski-rez\/","name":"Paketa e seksionit cezarian - \u041f\u0417\u0423 \u0414-\u0440 \u041e\u0440\u0433\u0430\u043d\u045f\u0438\u0441\u043a\u0438","isPartOf":{"@id":"https:\/\/organdziski.com\/#website"},"datePublished":"2024-05-20T12:22:34+00:00","dateModified":"2025-09-11T07:52:02+00:00","breadcrumb":{"@id":"https:\/\/organdziski.com\/paket-poroduvanje-so-carski-rez\/#breadcrumb"},"inLanguage":"sq-AL","potentialAction":[{"@type":"ReadAction","target":["https:\/\/organdziski.com\/paket-poroduvanje-so-carski-rez\/"]}]},{"@type":"BreadcrumbList","@id":"https:\/\/organdziski.com\/paket-poroduvanje-so-carski-rez\/#breadcrumb","itemListElement":[{"@type":"ListItem","position":1,"name":"Home","item":"https:\/\/organdziski.com\/"},{"@type":"ListItem","position":2,"name":"Paketa e seksionit cezarian"}]},{"@type":"WebSite","@id":"https:\/\/organdziski.com\/#website","url":"https:\/\/organdziski.com\/","name":"\u041f\u0417\u0423 \u0414-\u0440 \u041e\u0440\u0433\u0430\u043d\u045f\u0438\u0441\u043a\u0438","description":"\u0421\u043f\u0435\u0446\u0438\u0458\u0430\u043b\u0438\u0437\u0438\u0440\u0430\u043d\u0430 \u0431\u043e\u043b\u043d\u0438\u0446\u0430 \u043f\u043e \u0433\u0438\u043d\u0435\u043a\u043e\u043b\u043e\u0433\u0438\u0458\u0430 \u0438 \u0430\u043a\u0443\u0448\u0435\u0440\u0441\u0442\u0432\u043e","publisher":{"@id":"https:\/\/organdziski.com\/#organization"},"potentialAction":[{"@type":"SearchAction","target":{"@type":"EntryPoint","urlTemplate":"https:\/\/organdziski.com\/?s={search_term_string}"},"query-input":{"@type":"PropertyValueSpecification","valueRequired":true,"valueName":"search_term_string"}}],"inLanguage":"sq-AL"},{"@type":"Organization","@id":"https:\/\/organdziski.com\/#organization","name":"\u041f\u0417\u0423 \u0414-\u0440 \u041e\u0440\u0433\u0430\u043d\u045f\u0438\u0441\u043a\u0438","url":"https:\/\/organdziski.com\/","logo":{"@type":"ImageObject","inLanguage":"sq-AL","@id":"https:\/\/organdziski.com\/#\/schema\/logo\/image\/","url":"https:\/\/organdziski.com\/wp-content\/uploads\/2024\/04\/organdziski.svg","contentUrl":"https:\/\/organdziski.com\/wp-content\/uploads\/2024\/04\/organdziski.svg","width":341,"height":63,"caption":"\u041f\u0417\u0423 \u0414-\u0440 \u041e\u0440\u0433\u0430\u043d\u045f\u0438\u0441\u043a\u0438"},"image":{"@id":"https:\/\/organdziski.com\/#\/schema\/logo\/image\/"},"sameAs":["https:\/\/www.facebook.com\/Dr.Organdziski","https:\/\/www.instagram.com\/bolnicadrorgandziski\/","https:\/\/www.youtube.com\/channel\/UCVzAHTjH-QvDcCGm19znLyA"]}]}},"_links":{"self":[{"href":"https:\/\/organdziski.com\/sq\/wp-json\/wp\/v2\/pages\/15523","targetHints":{"allow":["GET"]}}],"collection":[{"href":"https:\/\/organdziski.com\/sq\/wp-json\/wp\/v2\/pages"}],"about":[{"href":"https:\/\/organdziski.com\/sq\/wp-json\/wp\/v2\/types\/page"}],"author":[{"embeddable":true,"href":"https:\/\/organdziski.com\/sq\/wp-json\/wp\/v2\/users\/1"}],"replies":[{"embeddable":true,"href":"https:\/\/organdziski.com\/sq\/wp-json\/wp\/v2\/comments?post=15523"}],"version-history":[{"count":10,"href":"https:\/\/organdziski.com\/sq\/wp-json\/wp\/v2\/pages\/15523\/revisions"}],"predecessor-version":[{"id":19140,"href":"https:\/\/organdziski.com\/sq\/wp-json\/wp\/v2\/pages\/15523\/revisions\/19140"}],"wp:attachment":[{"href":"https:\/\/organdziski.com\/sq\/wp-json\/wp\/v2\/media?parent=15523"}],"curies":[{"name":"wp","href":"https:\/\/api.w.org\/{rel}","templated":true}]}}