{"id":15608,"date":"2024-05-13T13:34:01","date_gmt":"2024-05-13T13:34:01","guid":{"rendered":"https:\/\/organdziski.com\/?page_id=15608"},"modified":"2024-06-18T20:54:11","modified_gmt":"2024-06-18T20:54:11","slug":"shtatzenia","status":"publish","type":"page","link":"https:\/\/organdziski.com\/sq\/shtatzenia\/","title":{"rendered":"Shtatz\u00ebnia"},"content":{"rendered":"\t\t<div data-elementor-type=\"wp-page\" data-elementor-id=\"15608\" class=\"elementor elementor-15608 elementor-10329\" data-elementor-post-type=\"page\">\n\t\t\t\t<div class=\"elementor-element elementor-element-32ae9aa e-flex e-con-boxed e-con e-parent\" data-id=\"32ae9aa\" data-element_type=\"container\">\n\t\t\t\t\t<div class=\"e-con-inner\">\n\t\t\t\t<div class=\"elementor-element elementor-element-43b65c5 elementor-widget elementor-widget-text-editor\" data-id=\"43b65c5\" data-element_type=\"widget\" data-widget_type=\"text-editor.default\">\n\t\t\t\t<div class=\"elementor-widget-container\">\n\t\t\t\t\t\t\t<p>Shtatz\u00ebnia \u00ebsht\u00eb nj\u00eb periudh\u00eb e ve\u00e7ant\u00eb e jet\u00ebs s\u00eb nj\u00eb gruaje e shoq\u00ebruar me shum\u00eb ndryshime fizike dhe emocionale. Shtatz\u00ebnia \u00ebsht\u00eb e mbushur me momente emocioni dhe but\u00ebsie si p\u00ebr vet\u00eb prind\u00ebrit ashtu edhe p\u00ebr mjekun obstet\u00ebr-gjinekolog q\u00eb ndjek t\u00eb gjith\u00eb procesin e zhvillimit t\u00eb fetusit. Pyetje t\u00eb shumta dhe frika t\u00eb zakonshme q\u00eb lidhen me zhvillimin e shtatz\u00ebnis\u00eb shfaqen para pacient\u00ebve: a \u00ebsht\u00eb foshnja e sh\u00ebndetshme, a ka anomali etj. Sot, me zhvillimin e teknologjis\u00eb moderne dhe metodave t\u00eb ekzaminimit t\u00eb fetusit, \u00ebsht\u00eb realiste t\u00eb garantohet lindja e nj\u00eb f\u00ebmije t\u00eb gjall\u00eb dhe t\u00eb sh\u00ebndetsh\u00ebm. M\u00ebnyra e jetes\u00ebs s\u00eb nj\u00eb gruaje shtatz\u00ebn\u00eb nuk duhet t\u00eb ndryshoj\u00eb t\u00ebr\u00ebsisht. N\u00ebse duam q\u00eb dieta t\u00eb jet\u00eb e dobishme dhe e sh\u00ebndetshme, \u00ebsht\u00eb e nevojshme t\u00eb shmangim brumrat dhe ushqimet e pasura me sheqerna dhe yndyrna. Gjithashtu, nuk duhet t\u00eb konsumoni produkte t\u00eb thata t\u00eb mishit q\u00eb p\u00ebrmbajn\u00eb substanca kancerogjene dhe q\u00eb mund t\u00eb shkaktojn\u00eb toksoplazmoz\u00eb \u2013 s\u00ebmundje q\u00eb d\u00ebmton syt\u00eb, trurin dhe zemr\u00ebn e foshnj\u00ebs. Nj\u00eb grua shtatz\u00ebn\u00eb duhet t\u00eb haj\u00eb ushqime t\u00eb pasura me proteina, t\u00eb nevojshme p\u00ebr rritjen dhe zhvillimin e foshnj\u00ebs n\u00eb bark. Kjo do t\u00eb thot\u00eb se \u00e7do dit\u00eb ajo duhet t\u00eb konsumoj\u00eb t\u00eb pakt\u00ebn 700 ml deri n\u00eb 1 lit\u00ebr qum\u00ebsht t\u00eb but\u00eb ose t\u00eb thart\u00eb, ose kos. Dieta duhet t\u00eb jet\u00eb e larmishme, cil\u00ebsore dhe e ndar\u00eb n\u00eb 6 deri n\u00eb 8 vakte n\u00eb dit\u00eb.<\/p><p>\u00a0<\/p><p>Shtimi n\u00eb pesh\u00eb i n\u00ebn\u00ebs varet edhe nga lloji i diet\u00ebs. Ky ndryshim i pesh\u00ebs trupore gjat\u00eb gjith\u00eb shtatz\u00ebnis\u00eb nuk duhet t\u00eb kaloj\u00eb kufirin prej 10-12 kg. Kjo mund t\u00eb arrihet duke ngr\u00ebn\u00eb ushqime t\u00eb ul\u00ebta n\u00eb kalori dhe t\u00eb pasura me vitamina dhe minerale \u2013 fruta, perime, patate, \u00e7do lloj drith\u00ebrash (oriz, grur\u00eb, drithra), mish pa dhjam\u00eb (pul\u00eb, vi\u00e7i), peshk, produkte qum\u00ebshti.<\/p><p>Nj\u00eb grua shtatz\u00ebn\u00eb gjithashtu ka nevoj\u00eb p\u00ebr rekreacion. M\u00eb t\u00eb dobishmet jan\u00eb aktivitetet sportive t\u00eb moderuara &#8211; stile t\u00eb caktuara t\u00eb notit, si dhe ushtrime t\u00eb lehta dhe ecje. Aktiviteti fizik duhet t\u00eb shkaktoj\u00eb k\u00ebnaq\u00ebsi tek gruaja shtatz\u00ebn\u00eb dhe jo lodhje. N\u00eb k\u00ebt\u00eb m\u00ebnyr\u00eb p\u00ebrmir\u00ebsohet qarkullimi i gjakut, frym\u00ebmarrja, toni muskulor, tretja n\u00eb zorr\u00eb.<\/p><p>Natyrisht, \u00e7do grua shtatz\u00ebn\u00eb duhet ta l\u00ebr\u00eb duhanin, sepse pasojat e d\u00ebmshme p\u00ebr fetusin jan\u00eb t\u00eb m\u00ebdha. Gjegj\u00ebsisht, tek grat\u00eb shtatz\u00ebna q\u00eb pin\u00eb duhan, frekuenca e gjakderdhjeve n\u00eb tremujorin e par\u00eb dhe e aborteve spontane \u00ebsht\u00eb shum\u00eb m\u00eb e lart\u00eb se tek grat\u00eb shtatz\u00ebna jo duhanpir\u00ebse. Cigaret ndikojn\u00eb n\u00eb qarkullimin e gjakut t\u00eb placent\u00ebs dhe zvog\u00eblojn\u00eb qarkullimin e gjakut n\u00ebp\u00ebr kordonin e k\u00ebrthiz\u00ebs, duke reduktuar k\u00ebshtu ushqyerjen intrauterine t\u00eb foshnj\u00ebs. N\u00ebnat duhanpir\u00ebse mund t\u00eb ken\u00eb foshnja me rritje dhe zhvillim t\u00eb pamjaftuesh\u00ebm, me aft\u00ebsi t\u00eb kufizuara t\u00eb frym\u00ebmarrjes, si dhe frekuenca e vdekjes s\u00eb papritur t\u00eb t\u00eb porsalindurit si pasoj\u00eb e nj\u00eb anomalie t\u00eb zemr\u00ebs \u00ebsht\u00eb gjithashtu n\u00eb rritje.<\/p><p>\u00a0<\/p><p>Edhe alkooli ka nj\u00eb ndikim negativ n\u00eb rritjen dhe zhvillimin e fetusit n\u00eb mit\u00ebr. Duke kaluar n\u00ebp\u00ebr barrier\u00ebn placentare, alkooli prek drejtp\u00ebrdrejt t\u00eb gjitha organet e fetusit. Nd\u00ebrsa trupi i n\u00ebn\u00ebs e toleron mir\u00eb alkoolin (sistemi i saj enzim\u00eb aktivizohet menj\u00ebher\u00eb p\u00ebr t\u00eb shp\u00ebrb\u00ebr\u00eb alkoolin), f\u00ebmija i saj \u00ebsht\u00eb i ekspozuar ndaj &#8220;dehjes&#8221; s\u00eb r\u00ebnd\u00eb. Sistemi i enzim\u00ebs s\u00eb fetusit \u00ebsht\u00eb ende i pazhvilluar p\u00ebr t\u00eb qen\u00eb n\u00eb gjendje t\u00eb zb\u00ebrthej\u00eb toksinat e alkoolit. N\u00eb at\u00eb m\u00ebnyr\u00eb i d\u00ebmtohen drejtp\u00ebrdrejt t\u00eb gjitha organet, gjegj\u00ebsisht paraqitet \u201cembriopatia alkoolike\u201d, me t\u00eb gjitha \u00e7rregullimet e mundshme fizike dhe mendore si pasoj\u00eb e konsumimit. Jemi t\u00eb vet\u00ebdijsh\u00ebm p\u00ebr ndikimin e d\u00ebmsh\u00ebm t\u00eb narkotik\u00ebve, jo vet\u00ebm gjat\u00eb shtatz\u00ebnis\u00eb, por p\u00ebr sh\u00ebndetin n\u00eb p\u00ebrgjith\u00ebsi. P\u00ebrdorimi i tyre gjat\u00eb shtatz\u00ebnis\u00eb rrit rrezikun e shum\u00eb anomalive n\u00eb fetus. Konsumimi i drog\u00ebs (kokain\u00eb, marihuan\u00eb, LSD, heroin\u00eb) mund t\u00eb shkaktoj\u00eb \u00e7rregullime t\u00eb sistemit nervor qendror, sistemit kardiovaskular dhe urogjenital t\u00eb foshnj\u00ebs, \u00e7rregullime kromozomale dhe shum\u00eb anomali t\u00eb tjera t\u00eb skeletit, kok\u00ebs, gjymtyr\u00ebve. F\u00ebmija zakonisht lind me pesh\u00eb t\u00eb ul\u00ebt dhe shumica e tyre kan\u00eb sindrom\u00ebn e abstinenc\u00ebs. Si p\u00ebrfundim mund t\u00eb nxirret se \u00e7do grua shtatz\u00ebn\u00eb para se t\u00eb filloj\u00eb ndonj\u00eb terapi duhet t\u00eb konsultohet me mjekun obstet\u00ebr-gjinekolog dhe \u00e7do simptom\u00eb q\u00eb shqet\u00ebson gruan shtatz\u00ebn\u00eb duhet t\u00eb raportohet, sepse shtatz\u00ebnia \u00ebsht\u00eb ende nj\u00eb gjendje specifike q\u00eb shkakton si fizike ashtu edhe psikologjike. ndryshimet. Gruaja shtatz\u00ebn\u00eb duhet t\u00eb dij\u00eb se ekzaminimet e rregullta b\u00ebhen nj\u00eb her\u00eb n\u00eb muaj dhe m\u00eb shpesh n\u00eb muajin e fundit n\u00ebse \u00ebsht\u00eb e nevojshme. Ajo duhet t\u00eb d\u00ebgjoj\u00eb k\u00ebshillat e mjekut t\u00eb saj, t\u00eb ndjek\u00eb udh\u00ebzimet e tij dhe vet\u00ebm k\u00ebshtu \u00e7do gj\u00eb mund t\u00eb p\u00ebrfundoj\u00eb me sukses si p\u00ebr familjen ashtu edhe p\u00ebr mjekun. Kur pacientja planifikon nj\u00eb shtatz\u00ebni, duhet t\u00eb filloj\u00eb t\u00eb marr\u00eb acid folik, por edhe t\u00eb vazhdoj\u00eb ta marr\u00eb at\u00eb deri n\u00eb fund t\u00eb 3 muajve t\u00eb par\u00eb t\u00eb shtatz\u00ebnis\u00eb (12 jav\u00ebt e para t\u00eb shtatz\u00ebnis\u00eb). \u00cbsht\u00eb v\u00ebrtetuar se marrja e acidit folik n\u00eb shtatz\u00ebnin\u00eb e hershme ul ndjesh\u00ebm rrezikun e anomalive t\u00eb sistemit nervor qendror t\u00eb foshnj\u00ebs. N\u00eb t\u00eb nj\u00ebjt\u00ebn koh\u00eb, s\u00eb bashku me acidin folik, rekomandohen preparate multivitamine t\u00eb dedikuara posa\u00e7\u00ebrisht p\u00ebr grat\u00eb shtatz\u00ebna. N\u00eb fund t\u00eb tremujorit t\u00eb par\u00eb (11-12 GN) kryhet nj\u00eb eko-ekzaminim vaginal, gjat\u00eb t\u00eb cilit tejdukshm\u00ebria nukale (shtresa e zverkut t\u00eb foshnj\u00ebs), kocka e hund\u00ebs s\u00eb fetusit, si dhe nj\u00eb ngjyrosje. Ekzaminimi me doppler i fluksit t\u00eb gjakut n\u00eb duktus matet (nj\u00eb en\u00eb gjaku q\u00eb lidh kordonin e k\u00ebrthiz\u00ebs me zemr\u00ebn e djatht\u00eb t\u00eb fetusit). Q\u00ebllimi i k\u00ebtyre tre ekzaminimeve t\u00eb foshnj\u00ebs n\u00eb tremujorin e par\u00eb t\u00eb shtatz\u00ebnis\u00eb \u00ebsht\u00eb t\u00eb vler\u00ebsohet rreziku i anomalive kromozomale, si trisomia 13, 18, 21, sindroma Turner dhe Klinefelter dhe t\u00eb tregohen ekzaminimet e mundshme t\u00eb m\u00ebtejshme. N\u00eb periudh\u00ebn nga java e 15-t\u00eb deri n\u00eb jav\u00ebn e 18-t\u00eb t\u00eb shtatz\u00ebnis\u00eb p\u00ebrgatitet i ashtuquajturi test I trefisht\u00eb &#8211; ekzaminimi biokimik i gjakut t\u00eb gruas shtatz\u00ebn\u00eb &#8211; alfa-fetoproteina, beta-HCG, estriol ose test i dyfisht\u00eb &#8211; ekzaminimi i alfa-fetoprotein\u00ebs dhe falas. beta-HCG. N\u00ebse k\u00ebto dy teste jan\u00eb pozitive, at\u00ebher\u00eb amniocenteza, aspirimi i l\u00ebngut amniotik, indikohet p\u00ebr kryerjen e analizave kromozomale p\u00ebr anomalit\u00eb e fetusit.<\/p><p>Ne e dim\u00eb se nj\u00eb grua shtatz\u00ebn\u00eb ka mij\u00ebra pyetje kur ajo do t\u00eb lind\u00eb. Ekipi i Spitalit t\u00eb Specializuar p\u00ebr Gjinekologji dhe Obstetrik\u00eb &#8220;Dr. Organdziski&#8221; \u00ebsht\u00eb i hapur p\u00ebr t\u00eb biseduar me \u00e7do n\u00ebn\u00eb shtatz\u00ebn\u00eb p\u00ebr d\u00ebshirat dhe pritjet e saj dhe p\u00ebr t&#8217;i mb\u00ebshtetur sa m\u00eb shum\u00eb, n\u00ebse \u00ebsht\u00eb e mundur nga ana mjek\u00ebsore. Q\u00ebllimi yn\u00eb kryesor \u00ebsht\u00eb nj\u00eb lindje paq\u00ebsore dhe e sigurt, dhe takimi me t\u00eb porsalindurin e pritur \u00ebsht\u00eb i mbushur me lumturi, dashuri dhe momente t\u00eb k\u00ebndshme. Mjek\u00ebt dhe mamit\u00eb q\u00eb punojn\u00eb n\u00eb Spitalin &#8220;Dr.Organxhiski&#8221; din\u00eb t\u00eb drejtojn\u00eb me durim dhe dashuri nj\u00eb grua n\u00eb or\u00ebt e gjata t\u00eb nj\u00eb lindjeje normale, por edhe t\u00eb merren me rastet kur nevojitet nd\u00ebrhyrje emergjente.<\/p><p>N\u00eb Spitalin e Specializuar p\u00ebr Gjinekologji Obstetrike \u201cDr. Organxhiski\u201d, ambienti spitalor \u00ebsht\u00eb m\u00eb af\u00ebr ambientit t\u00eb sht\u00ebpis\u00eb dhe k\u00ebtu do t\u00eb merrni mb\u00ebshtetjen maksimale p\u00ebr nj\u00eb lindje t\u00eb qet\u00eb dhe t\u00eb sigurt.<\/p>\t\t\t\t\t\t<\/div>\n\t\t\t\t<\/div>\n\t\t\t\t<div class=\"elementor-element elementor-element-7a069f7 elementor-widget elementor-widget-heading\" data-id=\"7a069f7\" data-element_type=\"widget\" data-widget_type=\"heading.default\">\n\t\t\t\t<div class=\"elementor-widget-container\">\n\t\t\t<h2 class=\"elementor-heading-title elementor-size-default\">Shtatz\u00ebnia sipas muajve dhe tremujor\u00ebve<\/h2>\t\t<\/div>\n\t\t\t\t<\/div>\n\t\t\t\t<div class=\"elementor-element elementor-element-c7f1a9a elementor-widget elementor-widget-text-editor\" data-id=\"c7f1a9a\" data-element_type=\"widget\" data-widget_type=\"text-editor.default\">\n\t\t\t\t<div class=\"elementor-widget-container\">\n\t\t\t\t\t\t\t<p>Shtatz\u00ebnia sipas muajve llogaritet n\u00eb m\u00ebnyr\u00eb t\u00eb ngjashme si shtatz\u00ebnia sipas jav\u00ebve. Ju gjithashtu duhet t\u00eb dini dat\u00ebn e menstruacioneve tuaja t\u00eb fundit p\u00ebr t\u00eb ditur se kur fillon muaji i par\u00eb. Jav\u00ebt e shtatz\u00ebnis\u00eb shp\u00ebrndahen sipas muajve dhe tremujor\u00ebve si m\u00eb posht\u00eb:<\/p><p><strong>Tremujori i par\u00eb<\/strong><\/p><ol><li>Muaji i par\u00eb i shtatz\u00ebnis\u00eb: nga java e 1 deri n\u00eb 4<\/li><li>Muaji i dyt\u00eb i shtatz\u00ebnis\u00eb: nga java e 5-t\u00eb deri n\u00eb jav\u00ebn e 8-t\u00eb<\/li><li>Muaji i tret\u00eb i shtatz\u00ebnis\u00eb: nga java e 9-t\u00eb deri n\u00eb jav\u00ebn e 13-t\u00eb<\/li><\/ol><p><strong>Tremujori i dyt\u00eb<\/strong><\/p><ol start=\"4\"><li>Muaji i kat\u00ebrt i shtatz\u00ebnis\u00eb: zgjat nga 14 deri n\u00eb 17 jav\u00eb<\/li><li>Muaji i pest\u00eb i shtatz\u00ebnis\u00eb: zgjat nga 18 deri n\u00eb 22 jav\u00eb<\/li><li>Muaji i gjasht\u00eb i shtatz\u00ebnis\u00eb: zgjat nga 23 deri n\u00eb 27 jav\u00eb<\/li><\/ol><p><strong>Tremujori i tret\u00eb<\/strong><\/p><ol start=\"7\"><li>Muaji i shtat\u00eb i shtatz\u00ebnis\u00eb: zgjat nga 28 deri n\u00eb 31 jav\u00eb<\/li><li>Muaji i tet\u00eb i shtatz\u00ebnis\u00eb: zgjat nga 32 deri n\u00eb 35 jav\u00eb<\/li><li>Muaji i n\u00ebnt\u00eb i shtatz\u00ebnis\u00eb: zgjat nga java e 36-t\u00eb deri n\u00eb jav\u00ebn e 40-t\u00eb.<\/li><\/ol><p>\u00c7do tremujor, si\u00e7 tregon vet\u00eb emri, p\u00ebrfshin 3 muaj.<\/p>\t\t\t\t\t\t<\/div>\n\t\t\t\t<\/div>\n\t\t\t\t\t<\/div>\n\t\t\t\t<\/div>\n\t\t<div class=\"elementor-element elementor-element-ef14b1f e-flex e-con-boxed e-con e-parent\" data-id=\"ef14b1f\" data-element_type=\"container\">\n\t\t\t\t\t<div class=\"e-con-inner\">\n\t\t\t\t\t<\/div>\n\t\t\t\t<\/div>\n\t\t\t\t<\/div>\n\t\t","protected":false},"excerpt":{"rendered":"<p>Shtatz\u00ebnia \u00ebsht\u00eb nj\u00eb periudh\u00eb e ve\u00e7ant\u00eb e jet\u00ebs s\u00eb nj\u00eb gruaje e shoq\u00ebruar me shum\u00eb ndryshime fizike dhe emocionale. Shtatz\u00ebnia \u00ebsht\u00eb e mbushur me momente emocioni dhe but\u00ebsie si p\u00ebr vet\u00eb prind\u00ebrit ashtu edhe p\u00ebr mjekun obstet\u00ebr-gjinekolog q\u00eb ndjek t\u00eb gjith\u00eb procesin e zhvillimit t\u00eb fetusit. Pyetje t\u00eb shumta dhe frika t\u00eb zakonshme q\u00eb lidhen&#8230;<\/p>\n","protected":false},"author":1,"featured_media":0,"parent":0,"menu_order":0,"comment_status":"closed","ping_status":"closed","template":"","meta":{"footnotes":""},"class_list":["post-15608","page","type-page","status-publish","hentry"],"yoast_head":"<!-- This site is optimized with the Yoast SEO Premium plugin v22.7 (Yoast SEO v27.4) - https:\/\/yoast.com\/product\/yoast-seo-premium-wordpress\/ -->\n<title>Shtatz\u00ebnia - \u041f\u0417\u0423 \u0414-\u0440 \u041e\u0440\u0433\u0430\u043d\u045f\u0438\u0441\u043a\u0438<\/title>\n<meta name=\"robots\" content=\"index, follow, max-snippet:-1, max-image-preview:large, max-video-preview:-1\" \/>\n<link rel=\"canonical\" href=\"https:\/\/organdziski.com\/bremenost\/\" \/>\n<meta property=\"og:locale\" content=\"sq_AL\" \/>\n<meta property=\"og:type\" content=\"article\" \/>\n<meta property=\"og:title\" content=\"Shtatz\u00ebnia\" \/>\n<meta property=\"og:description\" content=\"Shtatz\u00ebnia \u00ebsht\u00eb nj\u00eb periudh\u00eb e ve\u00e7ant\u00eb e jet\u00ebs s\u00eb nj\u00eb gruaje e shoq\u00ebruar me shum\u00eb ndryshime fizike dhe emocionale. Shtatz\u00ebnia \u00ebsht\u00eb e mbushur me momente emocioni dhe but\u00ebsie si p\u00ebr vet\u00eb prind\u00ebrit ashtu edhe p\u00ebr mjekun obstet\u00ebr-gjinekolog q\u00eb ndjek t\u00eb gjith\u00eb procesin e zhvillimit t\u00eb fetusit. Pyetje t\u00eb shumta dhe frika t\u00eb zakonshme q\u00eb lidhen...\" \/>\n<meta property=\"og:url\" content=\"https:\/\/organdziski.com\/bremenost\/\" \/>\n<meta property=\"og:site_name\" content=\"\u041f\u0417\u0423 \u0414-\u0440 \u041e\u0440\u0433\u0430\u043d\u045f\u0438\u0441\u043a\u0438\" \/>\n<meta property=\"article:publisher\" content=\"https:\/\/www.facebook.com\/Dr.Organdziski\" \/>\n<meta property=\"article:modified_time\" content=\"2024-06-18T20:54:11+00:00\" \/>\n<meta name=\"twitter:card\" content=\"summary_large_image\" \/>\n<meta name=\"twitter:label1\" content=\"Est. reading time\" \/>\n\t<meta name=\"twitter:data1\" content=\"8 minutes\" \/>\n<script type=\"application\/ld+json\" class=\"yoast-schema-graph\">{\"@context\":\"https:\\\/\\\/schema.org\",\"@graph\":[{\"@type\":\"WebPage\",\"@id\":\"https:\\\/\\\/organdziski.com\\\/bremenost\\\/\",\"url\":\"https:\\\/\\\/organdziski.com\\\/bremenost\\\/\",\"name\":\"Shtatz\u00ebnia - \u041f\u0417\u0423 \u0414-\u0440 \u041e\u0440\u0433\u0430\u043d\u045f\u0438\u0441\u043a\u0438\",\"isPartOf\":{\"@id\":\"https:\\\/\\\/organdziski.com\\\/#website\"},\"datePublished\":\"2024-05-13T13:34:01+00:00\",\"dateModified\":\"2024-06-18T20:54:11+00:00\",\"breadcrumb\":{\"@id\":\"https:\\\/\\\/organdziski.com\\\/bremenost\\\/#breadcrumb\"},\"inLanguage\":\"sq-AL\",\"potentialAction\":[{\"@type\":\"ReadAction\",\"target\":[\"https:\\\/\\\/organdziski.com\\\/bremenost\\\/\"]}]},{\"@type\":\"BreadcrumbList\",\"@id\":\"https:\\\/\\\/organdziski.com\\\/bremenost\\\/#breadcrumb\",\"itemListElement\":[{\"@type\":\"ListItem\",\"position\":1,\"name\":\"Home\",\"item\":\"https:\\\/\\\/organdziski.com\\\/\"},{\"@type\":\"ListItem\",\"position\":2,\"name\":\"Shtatz\u00ebnia\"}]},{\"@type\":\"WebSite\",\"@id\":\"https:\\\/\\\/organdziski.com\\\/#website\",\"url\":\"https:\\\/\\\/organdziski.com\\\/\",\"name\":\"\u041f\u0417\u0423 \u0414-\u0440 \u041e\u0440\u0433\u0430\u043d\u045f\u0438\u0441\u043a\u0438\",\"description\":\"\u0421\u043f\u0435\u0446\u0438\u0458\u0430\u043b\u0438\u0437\u0438\u0440\u0430\u043d\u0430 \u0431\u043e\u043b\u043d\u0438\u0446\u0430 \u043f\u043e \u0433\u0438\u043d\u0435\u043a\u043e\u043b\u043e\u0433\u0438\u0458\u0430 \u0438 \u0430\u043a\u0443\u0448\u0435\u0440\u0441\u0442\u0432\u043e\",\"publisher\":{\"@id\":\"https:\\\/\\\/organdziski.com\\\/#organization\"},\"potentialAction\":[{\"@type\":\"SearchAction\",\"target\":{\"@type\":\"EntryPoint\",\"urlTemplate\":\"https:\\\/\\\/organdziski.com\\\/?s={search_term_string}\"},\"query-input\":{\"@type\":\"PropertyValueSpecification\",\"valueRequired\":true,\"valueName\":\"search_term_string\"}}],\"inLanguage\":\"sq-AL\"},{\"@type\":\"Organization\",\"@id\":\"https:\\\/\\\/organdziski.com\\\/#organization\",\"name\":\"\u041f\u0417\u0423 \u0414-\u0440 \u041e\u0440\u0433\u0430\u043d\u045f\u0438\u0441\u043a\u0438\",\"url\":\"https:\\\/\\\/organdziski.com\\\/\",\"logo\":{\"@type\":\"ImageObject\",\"inLanguage\":\"sq-AL\",\"@id\":\"https:\\\/\\\/organdziski.com\\\/#\\\/schema\\\/logo\\\/image\\\/\",\"url\":\"https:\\\/\\\/organdziski.com\\\/wp-content\\\/uploads\\\/2024\\\/04\\\/organdziski.svg\",\"contentUrl\":\"https:\\\/\\\/organdziski.com\\\/wp-content\\\/uploads\\\/2024\\\/04\\\/organdziski.svg\",\"width\":341,\"height\":63,\"caption\":\"\u041f\u0417\u0423 \u0414-\u0440 \u041e\u0440\u0433\u0430\u043d\u045f\u0438\u0441\u043a\u0438\"},\"image\":{\"@id\":\"https:\\\/\\\/organdziski.com\\\/#\\\/schema\\\/logo\\\/image\\\/\"},\"sameAs\":[\"https:\\\/\\\/www.facebook.com\\\/Dr.Organdziski\",\"https:\\\/\\\/www.instagram.com\\\/bolnicadrorgandziski\\\/\",\"https:\\\/\\\/www.youtube.com\\\/channel\\\/UCVzAHTjH-QvDcCGm19znLyA\"]}]}<\/script>\n<!-- \/ Yoast SEO Premium plugin. -->","yoast_head_json":{"title":"Shtatz\u00ebnia - \u041f\u0417\u0423 \u0414-\u0440 \u041e\u0440\u0433\u0430\u043d\u045f\u0438\u0441\u043a\u0438","robots":{"index":"index","follow":"follow","max-snippet":"max-snippet:-1","max-image-preview":"max-image-preview:large","max-video-preview":"max-video-preview:-1"},"canonical":"https:\/\/organdziski.com\/bremenost\/","og_locale":"sq_AL","og_type":"article","og_title":"Shtatz\u00ebnia","og_description":"Shtatz\u00ebnia \u00ebsht\u00eb nj\u00eb periudh\u00eb e ve\u00e7ant\u00eb e jet\u00ebs s\u00eb nj\u00eb gruaje e shoq\u00ebruar me shum\u00eb ndryshime fizike dhe emocionale. Shtatz\u00ebnia \u00ebsht\u00eb e mbushur me momente emocioni dhe but\u00ebsie si p\u00ebr vet\u00eb prind\u00ebrit ashtu edhe p\u00ebr mjekun obstet\u00ebr-gjinekolog q\u00eb ndjek t\u00eb gjith\u00eb procesin e zhvillimit t\u00eb fetusit. Pyetje t\u00eb shumta dhe frika t\u00eb zakonshme q\u00eb lidhen...","og_url":"https:\/\/organdziski.com\/bremenost\/","og_site_name":"\u041f\u0417\u0423 \u0414-\u0440 \u041e\u0440\u0433\u0430\u043d\u045f\u0438\u0441\u043a\u0438","article_publisher":"https:\/\/www.facebook.com\/Dr.Organdziski","article_modified_time":"2024-06-18T20:54:11+00:00","twitter_card":"summary_large_image","twitter_misc":{"Est. reading time":"8 minutes"},"schema":{"@context":"https:\/\/schema.org","@graph":[{"@type":"WebPage","@id":"https:\/\/organdziski.com\/bremenost\/","url":"https:\/\/organdziski.com\/bremenost\/","name":"Shtatz\u00ebnia - \u041f\u0417\u0423 \u0414-\u0440 \u041e\u0440\u0433\u0430\u043d\u045f\u0438\u0441\u043a\u0438","isPartOf":{"@id":"https:\/\/organdziski.com\/#website"},"datePublished":"2024-05-13T13:34:01+00:00","dateModified":"2024-06-18T20:54:11+00:00","breadcrumb":{"@id":"https:\/\/organdziski.com\/bremenost\/#breadcrumb"},"inLanguage":"sq-AL","potentialAction":[{"@type":"ReadAction","target":["https:\/\/organdziski.com\/bremenost\/"]}]},{"@type":"BreadcrumbList","@id":"https:\/\/organdziski.com\/bremenost\/#breadcrumb","itemListElement":[{"@type":"ListItem","position":1,"name":"Home","item":"https:\/\/organdziski.com\/"},{"@type":"ListItem","position":2,"name":"Shtatz\u00ebnia"}]},{"@type":"WebSite","@id":"https:\/\/organdziski.com\/#website","url":"https:\/\/organdziski.com\/","name":"\u041f\u0417\u0423 \u0414-\u0440 \u041e\u0440\u0433\u0430\u043d\u045f\u0438\u0441\u043a\u0438","description":"\u0421\u043f\u0435\u0446\u0438\u0458\u0430\u043b\u0438\u0437\u0438\u0440\u0430\u043d\u0430 \u0431\u043e\u043b\u043d\u0438\u0446\u0430 \u043f\u043e \u0433\u0438\u043d\u0435\u043a\u043e\u043b\u043e\u0433\u0438\u0458\u0430 \u0438 \u0430\u043a\u0443\u0448\u0435\u0440\u0441\u0442\u0432\u043e","publisher":{"@id":"https:\/\/organdziski.com\/#organization"},"potentialAction":[{"@type":"SearchAction","target":{"@type":"EntryPoint","urlTemplate":"https:\/\/organdziski.com\/?s={search_term_string}"},"query-input":{"@type":"PropertyValueSpecification","valueRequired":true,"valueName":"search_term_string"}}],"inLanguage":"sq-AL"},{"@type":"Organization","@id":"https:\/\/organdziski.com\/#organization","name":"\u041f\u0417\u0423 \u0414-\u0440 \u041e\u0440\u0433\u0430\u043d\u045f\u0438\u0441\u043a\u0438","url":"https:\/\/organdziski.com\/","logo":{"@type":"ImageObject","inLanguage":"sq-AL","@id":"https:\/\/organdziski.com\/#\/schema\/logo\/image\/","url":"https:\/\/organdziski.com\/wp-content\/uploads\/2024\/04\/organdziski.svg","contentUrl":"https:\/\/organdziski.com\/wp-content\/uploads\/2024\/04\/organdziski.svg","width":341,"height":63,"caption":"\u041f\u0417\u0423 \u0414-\u0440 \u041e\u0440\u0433\u0430\u043d\u045f\u0438\u0441\u043a\u0438"},"image":{"@id":"https:\/\/organdziski.com\/#\/schema\/logo\/image\/"},"sameAs":["https:\/\/www.facebook.com\/Dr.Organdziski","https:\/\/www.instagram.com\/bolnicadrorgandziski\/","https:\/\/www.youtube.com\/channel\/UCVzAHTjH-QvDcCGm19znLyA"]}]}},"_links":{"self":[{"href":"https:\/\/organdziski.com\/sq\/wp-json\/wp\/v2\/pages\/15608","targetHints":{"allow":["GET"]}}],"collection":[{"href":"https:\/\/organdziski.com\/sq\/wp-json\/wp\/v2\/pages"}],"about":[{"href":"https:\/\/organdziski.com\/sq\/wp-json\/wp\/v2\/types\/page"}],"author":[{"embeddable":true,"href":"https:\/\/organdziski.com\/sq\/wp-json\/wp\/v2\/users\/1"}],"replies":[{"embeddable":true,"href":"https:\/\/organdziski.com\/sq\/wp-json\/wp\/v2\/comments?post=15608"}],"version-history":[{"count":7,"href":"https:\/\/organdziski.com\/sq\/wp-json\/wp\/v2\/pages\/15608\/revisions"}],"predecessor-version":[{"id":15615,"href":"https:\/\/organdziski.com\/sq\/wp-json\/wp\/v2\/pages\/15608\/revisions\/15615"}],"wp:attachment":[{"href":"https:\/\/organdziski.com\/sq\/wp-json\/wp\/v2\/media?parent=15608"}],"curies":[{"name":"wp","href":"https:\/\/api.w.org\/{rel}","templated":true}]}}