{"id":15643,"date":"2024-05-14T14:43:47","date_gmt":"2024-05-14T14:43:47","guid":{"rendered":"https:\/\/organdziski.com\/?page_id=15643"},"modified":"2024-06-18T21:26:18","modified_gmt":"2024-06-18T21:26:18","slug":"lindja-spontane","status":"publish","type":"page","link":"https:\/\/organdziski.com\/sq\/lindja-spontane\/","title":{"rendered":"Lindja spontane"},"content":{"rendered":"\t\t<div data-elementor-type=\"wp-page\" data-elementor-id=\"15643\" class=\"elementor elementor-15643 elementor-10620\" data-elementor-post-type=\"page\">\n\t\t\t\t<div class=\"elementor-element elementor-element-a7bb84d e-flex e-con-boxed e-con e-parent\" data-id=\"a7bb84d\" data-element_type=\"container\">\n\t\t\t\t\t<div class=\"e-con-inner\">\n\t\t\t\t<div class=\"elementor-element elementor-element-4f30ce4 elementor-widget elementor-widget-text-editor\" data-id=\"4f30ce4\" data-element_type=\"widget\" data-widget_type=\"text-editor.default\">\n\t\t\t\t<div class=\"elementor-widget-container\">\n\t\t\t\t\t\t\t<p>Salla e lindjes n\u00eb spitalin ton\u00eb \u00ebsht\u00eb e pajisur me krevat shum\u00ebfunksional lindjeje q\u00eb lejon marrjen e pozicioneve t\u00eb ndryshme n\u00eb \u00e7do faz\u00eb t\u00eb lindjes. N\u00ebse vendosni t\u00eb lindni n\u00eb m\u00ebnyr\u00eb spontane, n\u00eb spitalin ton\u00eb ju keni mund\u00ebsin\u00eb t\u00eb zgjidhni se si do t\u00eb vazhdoj\u00eb lindja juaj: me mjekim p\u00ebr qet\u00ebsimin e dhimbjeve (analgjezi\/anestezi epidurale dhe spinale) ose plot\u00ebsisht natyral pa nd\u00ebrhyrje mjek\u00ebsore dhe administrim medikamentesh. N\u00eb rast se ndodhin komplikime t\u00eb papritura, do t\u00eb informoheni p\u00ebr natyr\u00ebn e tyre dhe nevoj\u00ebn p\u00ebr mjekim ose kirurgji p\u00ebr t&#8217;i trajtuar ato.<\/p><p>Gjat\u00eb pritjes, n\u00eb dhom\u00ebn e para lindjes dhe t\u00eb lindjes, m\u00eb e r\u00ebnd\u00ebsishmja \u00ebsht\u00eb bashk\u00ebpunimi i gruas shtatz\u00ebn\u00eb me mamin\u00eb. Gruaja shtatz\u00ebn\u00eb duhet t\u00eb ndjek\u00eb udh\u00ebzimet e mamis\u00eb p\u00ebr m\u00ebnyr\u00ebn e frym\u00ebmarrjes dhe nxjerrjes s\u00eb frym\u00ebs dhe n\u00eb p\u00ebrgjith\u00ebsi t\u00eb gjitha k\u00ebshillat dhe udh\u00ebzimet q\u00eb do t&#8217;i jap\u00eb mamia. Kur gruaja shtatz\u00ebn\u00eb d\u00ebrgohet n\u00eb dhom\u00ebn e lindjes, fillon procesi i lindjes.<\/p><p>Pas dor\u00ebzimit, do t\u00eb vendoseni n\u00eb nj\u00eb nga dhomat e repartit. T\u00eb gjitha dhomat n\u00eb spitalin ton\u00eb jan\u00eb dhoma VIP me nj\u00eb shtrat me: banjo, internet dhe TV. Gjat\u00eb gjith\u00eb k\u00ebsaj kohe, ju do t\u00eb jeni n\u00ebn mbik\u00ebqyrjen mjek\u00ebsore dhe ne jo vet\u00ebm q\u00eb do t\u00eb monitorojm\u00eb sh\u00ebrimin tuaj, por gjithashtu do t&#8217;ju mb\u00ebshtesim q\u00eb t\u00eb filloni me sukses gjidh\u00ebnien.<\/p>\t\t\t\t\t\t<\/div>\n\t\t\t\t<\/div>\n\t\t\t\t<div class=\"elementor-element elementor-element-42d421d elementor-widget elementor-widget-heading\" data-id=\"42d421d\" data-element_type=\"widget\" data-widget_type=\"heading.default\">\n\t\t\t\t<div class=\"elementor-widget-container\">\n\t\t\t<h2 class=\"elementor-heading-title elementor-size-default\">Faktet themelore p\u00ebr lindjen normale<\/h2>\t\t<\/div>\n\t\t\t\t<\/div>\n\t\t\t\t<div class=\"elementor-element elementor-element-8b2f12c elementor-widget elementor-widget-text-editor\" data-id=\"8b2f12c\" data-element_type=\"widget\" data-widget_type=\"text-editor.default\">\n\t\t\t\t<div class=\"elementor-widget-container\">\n\t\t\t\t\t\t\t<ul><li>Lindja p\u00ebrkufizohet si periudha nga fillimi i kontraktimeve t\u00eb rregullta t\u00eb mitr\u00ebs deri n\u00eb nxjerrjen e placent\u00ebs.<\/li><li>Lindja \u00ebsht\u00eb e ndryshme te \u00e7do grua dhe poashtu lindja mund t\u00eb jet\u00eb e ndryshme p\u00ebr t\u00eb nj\u00ebjt\u00ebn grua.<\/li><li>Informimi rreth fazave t\u00eb lindjes do t&#8217;ju ndihmoj\u00eb t\u00eb dini se \u00e7far\u00eb t\u00eb prisni dhe si t\u00eb p\u00ebrgatiteni m\u00eb mir\u00eb.<\/li><\/ul>\t\t\t\t\t\t<\/div>\n\t\t\t\t<\/div>\n\t\t\t\t<div class=\"elementor-element elementor-element-6805855 elementor-widget elementor-widget-heading\" data-id=\"6805855\" data-element_type=\"widget\" data-widget_type=\"heading.default\">\n\t\t\t\t<div class=\"elementor-widget-container\">\n\t\t\t<h2 class=\"elementor-heading-title elementor-size-default\">Si mund ta di n\u00ebse lindja natyrale ka filluar?<\/h2>\t\t<\/div>\n\t\t\t\t<\/div>\n\t\t\t\t<div class=\"elementor-element elementor-element-622d934 elementor-widget elementor-widget-text-editor\" data-id=\"622d934\" data-element_type=\"widget\" data-widget_type=\"text-editor.default\">\n\t\t\t\t<div class=\"elementor-widget-container\">\n\t\t\t\t\t\t\t<ul><li><p>Kontraksionet paraqiten n\u00eb intervale t\u00eb rregullta dhe b\u00ebhen m\u00eb t\u00eb shpeshta.<\/p><\/li><li><p><span style=\"color: var( --e-global-color-text ); font-family: var( --e-global-typography-text-font-family ), Sans-serif; font-weight: var( --e-global-typography-text-font-weight );\">Rrjedhje e l\u00ebngut amniotik ose shfaqje e dhimbjeve t\u00eb barkut.<\/span><\/p><\/li><li><p><span style=\"color: var( --e-global-color-text ); font-family: var( --e-global-typography-text-font-family ), Sans-serif; font-weight: var( --e-global-typography-text-font-weight );\">Shfaqja e dhimbjes me shtr\u00ebngim n\u00eb pjes\u00ebn e poshtme t\u00eb shpin\u00ebs ose n\u00eb fund t\u00eb barkut.<\/span><\/p><\/li><\/ul>\t\t\t\t\t\t<\/div>\n\t\t\t\t<\/div>\n\t\t\t\t<div class=\"elementor-element elementor-element-f894822 elementor-widget elementor-widget-heading\" data-id=\"f894822\" data-element_type=\"widget\" data-widget_type=\"heading.default\">\n\t\t\t\t<div class=\"elementor-widget-container\">\n\t\t\t<h2 class=\"elementor-heading-title elementor-size-default\">Lindja e f\u00ebmij\u00ebs kalon n\u00eb 4 periudha t\u00eb lindjes:<\/h2>\t\t<\/div>\n\t\t\t\t<\/div>\n\t\t\t\t<div class=\"elementor-element elementor-element-6b15d5e elementor-widget elementor-widget-text-editor\" data-id=\"6b15d5e\" data-element_type=\"widget\" data-widget_type=\"text-editor.default\">\n\t\t\t\t<div class=\"elementor-widget-container\">\n\t\t\t\t\t\t\t<ul><li><p>Faza e dilatimit (zgjerimit) t\u00eb qaf\u00ebs s\u00eb mitr\u00ebs;<\/p><\/li><li><p>Faza e lindjes s\u00eb fetusit;<\/p><\/li><li><p>Faza e nxjerjes nga placenta;<\/p><\/li><li><p>Faza e monitorimit pas lindjes.<\/p><\/li><\/ul>\t\t\t\t\t\t<\/div>\n\t\t\t\t<\/div>\n\t\t\t\t<div class=\"elementor-element elementor-element-fe4e720 elementor-widget elementor-widget-text-editor\" data-id=\"fe4e720\" data-element_type=\"widget\" data-widget_type=\"text-editor.default\">\n\t\t\t\t<div class=\"elementor-widget-container\">\n\t\t\t\t\t\t\t<p>Periudha e par\u00eb e lindjes \u00ebsht\u00eb m\u00eb e gjata. Kontraksionet n\u00eb k\u00ebt\u00eb faz\u00eb b\u00ebhen m\u00eb t\u00eb forta dhe hapin gradualisht qaf\u00ebn e mitr\u00ebs dhe lejojn\u00eb f\u00ebmij\u00ebn t\u00eb zbres\u00eb n\u00eb legen dhe kanalin e lindjes. Periudha e zgjerimit t\u00eb qaf\u00ebs s\u00eb mitr\u00ebs ndahet n\u00eb faz\u00eb latente dhe faz\u00eb aktive. Fillimi i faz\u00ebs latente p\u00ebrcaktohet si pika n\u00eb t\u00eb cil\u00ebn n\u00ebna fillon t\u00eb ndjej\u00eb kontraktime t\u00eb rregullta dhe te shumica e grave p\u00ebrfundon n\u00eb 3 deri n\u00eb 5 cm zgjerim.\u00a0<\/p><p>Gjat\u00eb k\u00ebsaj faze:<\/p><ul><li>Mund t\u00eb ndjeni kontraktime mesatare, t\u00eb cilat vijn\u00eb dhe shkojn\u00eb \u00e7do 5 deri n\u00eb 15 minuta dhe zgjasin nga 45 deri n\u00eb 60 sekonda.<\/li><li>Mund t\u00eb v\u00ebreni shfaqjen e nj\u00eb skorbuti t\u00eb rrall\u00eb. N\u00ebse shfaqet gjakderdhje n\u00eb mas\u00eb t\u00eb madhe, menj\u00ebher\u00eb duhet t\u00eb shkoni n\u00eb mjek.<\/li><li>Faza aktive fillon kur kontraktimet b\u00ebhen t\u00eb rregullta dhe qafa e mitr\u00ebs zgjerohet 3 deri n\u00eb 5 cm. Tani \u00ebsht\u00eb koha p\u00ebr t\u00eb shkuar n\u00eb maternitet.<\/li><\/ul><p>N\u00ebse keni ardhur n\u00eb maternitet p\u00ebrpara fillimit t\u00eb faz\u00ebs aktive t\u00eb lindjes, mund t&#8217;ju kthejn\u00eb n\u00eb sht\u00ebpi dhe t&#8217;ju thon\u00eb t\u00eb vini p\u00ebrs\u00ebri.<\/p><p>Periudha e dyt\u00eb e lindjes \u00ebsht\u00eb faza kur n\u00eb fakt do t\u00eb lind\u00eb foshnja. Kjo faz\u00eb zakonisht zgjat 1-2 or\u00eb. Qafa e mitr\u00ebs zgjerohet plot\u00ebsisht dhe fillon tendosja gjat\u00eb t\u00eb cil\u00ebs ju duhet ta &#8220;shtyni&#8221; f\u00ebmij\u00ebn jasht\u00eb. Mjeku dhe mamia do t&#8217;ju shpjegojn\u00eb se duhet t\u00eb merrni frym\u00eb thell\u00eb, t\u00eb mbani ajrin dhe m\u00eb pas t\u00eb tendosni. Gjat\u00eb k\u00ebsaj faze, mjeku dhe mamia vendosin n\u00ebse do t\u00eb kryejn\u00eb ose jo nj\u00eb epiziotomi (prerja e perineumit p\u00ebr t\u00eb leht\u00ebsuar daljen e foshnj\u00ebs dhe p\u00ebr t\u00eb parandaluar nj\u00eb ndarje m\u00eb t\u00eb madhe t\u00eb perineumit).<\/p><p>N\u00eb faz\u00ebn e tret\u00eb, placenta, p\u00ebrmes s\u00eb cil\u00ebs foshnja ushqehej n\u00eb mit\u00ebr, nxiret jasht\u00eb trupit t\u00eb n\u00ebn\u00ebs. Kjo \u00ebsht\u00eb faza m\u00eb e shkurt\u00ebr dhe zakonisht zgjat 5-30 minuta pas lindjes s\u00eb foshnj\u00ebs. Ju do t\u00eb ndjeni p\u00ebrs\u00ebri kontraktime, t\u00eb cilat tani jan\u00eb m\u00eb pak t\u00eb dhimbshme dhe m\u00eb t\u00eb shkurtra, dhe mamia do t\u00eb ndihmoj\u00eb q\u00eb placenta t\u00eb dal\u00eb ose do t&#8217;ju thot\u00eb t\u00eb tendosni p\u00ebrs\u00ebri, k\u00ebshtu q\u00eb ky proces nuk duhet t\u00eb jet\u00eb n\u00eb ve\u00e7anti\u00a0 i pak\u00ebndsh\u00ebm.<\/p><p>N\u00eb faz\u00ebn e fundit, t\u00eb kat\u00ebrt, pacientja pas lindjes q\u00ebndron n\u00eb boks p\u00ebr dy or\u00eb p\u00ebr t\u00eb v\u00ebzhguar gjendjen e saj pas lindjes duke monitoruar parametrat jetik\u00eb. Pas p\u00ebrfundimit t\u00eb k\u00ebsaj faze do t\u00eb vendoseni n\u00eb nj\u00eb nga dhomat VIP t\u00eb repartit.<\/p>\t\t\t\t\t\t<\/div>\n\t\t\t\t<\/div>\n\t\t\t\t\t<\/div>\n\t\t\t\t<\/div>\n\t\t\t\t<\/div>\n\t\t","protected":false},"excerpt":{"rendered":"<p>Salla e lindjes n\u00eb spitalin ton\u00eb \u00ebsht\u00eb e pajisur me krevat shum\u00ebfunksional lindjeje q\u00eb lejon marrjen e pozicioneve t\u00eb ndryshme n\u00eb \u00e7do faz\u00eb t\u00eb lindjes. N\u00ebse vendosni t\u00eb lindni n\u00eb m\u00ebnyr\u00eb spontane, n\u00eb spitalin ton\u00eb ju keni mund\u00ebsin\u00eb t\u00eb zgjidhni se si do t\u00eb vazhdoj\u00eb lindja juaj: me mjekim p\u00ebr qet\u00ebsimin e dhimbjeve (analgjezi\/anestezi epidurale&#8230;<\/p>\n","protected":false},"author":1,"featured_media":0,"parent":0,"menu_order":0,"comment_status":"closed","ping_status":"closed","template":"","meta":{"footnotes":""},"class_list":["post-15643","page","type-page","status-publish","hentry"],"yoast_head":"<!-- This site is optimized with the Yoast SEO Premium plugin v22.7 (Yoast SEO v27.4) - https:\/\/yoast.com\/product\/yoast-seo-premium-wordpress\/ -->\n<title>Lindja spontane - \u041f\u0417\u0423 \u0414-\u0440 \u041e\u0440\u0433\u0430\u043d\u045f\u0438\u0441\u043a\u0438<\/title>\n<meta name=\"robots\" content=\"index, follow, max-snippet:-1, max-image-preview:large, max-video-preview:-1\" \/>\n<link rel=\"canonical\" href=\"https:\/\/organdziski.com\/spontano-poroduvanje\/\" \/>\n<meta property=\"og:locale\" content=\"sq_AL\" \/>\n<meta property=\"og:type\" content=\"article\" \/>\n<meta property=\"og:title\" content=\"Lindja spontane\" \/>\n<meta property=\"og:description\" content=\"Salla e lindjes n\u00eb spitalin ton\u00eb \u00ebsht\u00eb e pajisur me krevat shum\u00ebfunksional lindjeje q\u00eb lejon marrjen e pozicioneve t\u00eb ndryshme n\u00eb \u00e7do faz\u00eb t\u00eb lindjes. N\u00ebse vendosni t\u00eb lindni n\u00eb m\u00ebnyr\u00eb spontane, n\u00eb spitalin ton\u00eb ju keni mund\u00ebsin\u00eb t\u00eb zgjidhni se si do t\u00eb vazhdoj\u00eb lindja juaj: me mjekim p\u00ebr qet\u00ebsimin e dhimbjeve (analgjezi\/anestezi epidurale...\" \/>\n<meta property=\"og:url\" content=\"https:\/\/organdziski.com\/spontano-poroduvanje\/\" \/>\n<meta property=\"og:site_name\" content=\"\u041f\u0417\u0423 \u0414-\u0440 \u041e\u0440\u0433\u0430\u043d\u045f\u0438\u0441\u043a\u0438\" \/>\n<meta property=\"article:publisher\" content=\"https:\/\/www.facebook.com\/Dr.Organdziski\" \/>\n<meta property=\"article:modified_time\" content=\"2024-06-18T21:26:18+00:00\" \/>\n<meta name=\"twitter:card\" content=\"summary_large_image\" \/>\n<meta name=\"twitter:label1\" content=\"Est. reading time\" \/>\n\t<meta name=\"twitter:data1\" content=\"5 minutes\" \/>\n<script type=\"application\/ld+json\" class=\"yoast-schema-graph\">{\"@context\":\"https:\\\/\\\/schema.org\",\"@graph\":[{\"@type\":\"WebPage\",\"@id\":\"https:\\\/\\\/organdziski.com\\\/spontano-poroduvanje\\\/\",\"url\":\"https:\\\/\\\/organdziski.com\\\/spontano-poroduvanje\\\/\",\"name\":\"Lindja spontane - \u041f\u0417\u0423 \u0414-\u0440 \u041e\u0440\u0433\u0430\u043d\u045f\u0438\u0441\u043a\u0438\",\"isPartOf\":{\"@id\":\"https:\\\/\\\/organdziski.com\\\/#website\"},\"datePublished\":\"2024-05-14T14:43:47+00:00\",\"dateModified\":\"2024-06-18T21:26:18+00:00\",\"breadcrumb\":{\"@id\":\"https:\\\/\\\/organdziski.com\\\/spontano-poroduvanje\\\/#breadcrumb\"},\"inLanguage\":\"sq-AL\",\"potentialAction\":[{\"@type\":\"ReadAction\",\"target\":[\"https:\\\/\\\/organdziski.com\\\/spontano-poroduvanje\\\/\"]}]},{\"@type\":\"BreadcrumbList\",\"@id\":\"https:\\\/\\\/organdziski.com\\\/spontano-poroduvanje\\\/#breadcrumb\",\"itemListElement\":[{\"@type\":\"ListItem\",\"position\":1,\"name\":\"Home\",\"item\":\"https:\\\/\\\/organdziski.com\\\/\"},{\"@type\":\"ListItem\",\"position\":2,\"name\":\"Lindja spontane\"}]},{\"@type\":\"WebSite\",\"@id\":\"https:\\\/\\\/organdziski.com\\\/#website\",\"url\":\"https:\\\/\\\/organdziski.com\\\/\",\"name\":\"\u041f\u0417\u0423 \u0414-\u0440 \u041e\u0440\u0433\u0430\u043d\u045f\u0438\u0441\u043a\u0438\",\"description\":\"\u0421\u043f\u0435\u0446\u0438\u0458\u0430\u043b\u0438\u0437\u0438\u0440\u0430\u043d\u0430 \u0431\u043e\u043b\u043d\u0438\u0446\u0430 \u043f\u043e \u0433\u0438\u043d\u0435\u043a\u043e\u043b\u043e\u0433\u0438\u0458\u0430 \u0438 \u0430\u043a\u0443\u0448\u0435\u0440\u0441\u0442\u0432\u043e\",\"publisher\":{\"@id\":\"https:\\\/\\\/organdziski.com\\\/#organization\"},\"potentialAction\":[{\"@type\":\"SearchAction\",\"target\":{\"@type\":\"EntryPoint\",\"urlTemplate\":\"https:\\\/\\\/organdziski.com\\\/?s={search_term_string}\"},\"query-input\":{\"@type\":\"PropertyValueSpecification\",\"valueRequired\":true,\"valueName\":\"search_term_string\"}}],\"inLanguage\":\"sq-AL\"},{\"@type\":\"Organization\",\"@id\":\"https:\\\/\\\/organdziski.com\\\/#organization\",\"name\":\"\u041f\u0417\u0423 \u0414-\u0440 \u041e\u0440\u0433\u0430\u043d\u045f\u0438\u0441\u043a\u0438\",\"url\":\"https:\\\/\\\/organdziski.com\\\/\",\"logo\":{\"@type\":\"ImageObject\",\"inLanguage\":\"sq-AL\",\"@id\":\"https:\\\/\\\/organdziski.com\\\/#\\\/schema\\\/logo\\\/image\\\/\",\"url\":\"https:\\\/\\\/organdziski.com\\\/wp-content\\\/uploads\\\/2024\\\/04\\\/organdziski.svg\",\"contentUrl\":\"https:\\\/\\\/organdziski.com\\\/wp-content\\\/uploads\\\/2024\\\/04\\\/organdziski.svg\",\"width\":341,\"height\":63,\"caption\":\"\u041f\u0417\u0423 \u0414-\u0440 \u041e\u0440\u0433\u0430\u043d\u045f\u0438\u0441\u043a\u0438\"},\"image\":{\"@id\":\"https:\\\/\\\/organdziski.com\\\/#\\\/schema\\\/logo\\\/image\\\/\"},\"sameAs\":[\"https:\\\/\\\/www.facebook.com\\\/Dr.Organdziski\",\"https:\\\/\\\/www.instagram.com\\\/bolnicadrorgandziski\\\/\",\"https:\\\/\\\/www.youtube.com\\\/channel\\\/UCVzAHTjH-QvDcCGm19znLyA\"]}]}<\/script>\n<!-- \/ Yoast SEO Premium plugin. -->","yoast_head_json":{"title":"Lindja spontane - \u041f\u0417\u0423 \u0414-\u0440 \u041e\u0440\u0433\u0430\u043d\u045f\u0438\u0441\u043a\u0438","robots":{"index":"index","follow":"follow","max-snippet":"max-snippet:-1","max-image-preview":"max-image-preview:large","max-video-preview":"max-video-preview:-1"},"canonical":"https:\/\/organdziski.com\/spontano-poroduvanje\/","og_locale":"sq_AL","og_type":"article","og_title":"Lindja spontane","og_description":"Salla e lindjes n\u00eb spitalin ton\u00eb \u00ebsht\u00eb e pajisur me krevat shum\u00ebfunksional lindjeje q\u00eb lejon marrjen e pozicioneve t\u00eb ndryshme n\u00eb \u00e7do faz\u00eb t\u00eb lindjes. N\u00ebse vendosni t\u00eb lindni n\u00eb m\u00ebnyr\u00eb spontane, n\u00eb spitalin ton\u00eb ju keni mund\u00ebsin\u00eb t\u00eb zgjidhni se si do t\u00eb vazhdoj\u00eb lindja juaj: me mjekim p\u00ebr qet\u00ebsimin e dhimbjeve (analgjezi\/anestezi epidurale...","og_url":"https:\/\/organdziski.com\/spontano-poroduvanje\/","og_site_name":"\u041f\u0417\u0423 \u0414-\u0440 \u041e\u0440\u0433\u0430\u043d\u045f\u0438\u0441\u043a\u0438","article_publisher":"https:\/\/www.facebook.com\/Dr.Organdziski","article_modified_time":"2024-06-18T21:26:18+00:00","twitter_card":"summary_large_image","twitter_misc":{"Est. reading time":"5 minutes"},"schema":{"@context":"https:\/\/schema.org","@graph":[{"@type":"WebPage","@id":"https:\/\/organdziski.com\/spontano-poroduvanje\/","url":"https:\/\/organdziski.com\/spontano-poroduvanje\/","name":"Lindja spontane - \u041f\u0417\u0423 \u0414-\u0440 \u041e\u0440\u0433\u0430\u043d\u045f\u0438\u0441\u043a\u0438","isPartOf":{"@id":"https:\/\/organdziski.com\/#website"},"datePublished":"2024-05-14T14:43:47+00:00","dateModified":"2024-06-18T21:26:18+00:00","breadcrumb":{"@id":"https:\/\/organdziski.com\/spontano-poroduvanje\/#breadcrumb"},"inLanguage":"sq-AL","potentialAction":[{"@type":"ReadAction","target":["https:\/\/organdziski.com\/spontano-poroduvanje\/"]}]},{"@type":"BreadcrumbList","@id":"https:\/\/organdziski.com\/spontano-poroduvanje\/#breadcrumb","itemListElement":[{"@type":"ListItem","position":1,"name":"Home","item":"https:\/\/organdziski.com\/"},{"@type":"ListItem","position":2,"name":"Lindja spontane"}]},{"@type":"WebSite","@id":"https:\/\/organdziski.com\/#website","url":"https:\/\/organdziski.com\/","name":"\u041f\u0417\u0423 \u0414-\u0440 \u041e\u0440\u0433\u0430\u043d\u045f\u0438\u0441\u043a\u0438","description":"\u0421\u043f\u0435\u0446\u0438\u0458\u0430\u043b\u0438\u0437\u0438\u0440\u0430\u043d\u0430 \u0431\u043e\u043b\u043d\u0438\u0446\u0430 \u043f\u043e \u0433\u0438\u043d\u0435\u043a\u043e\u043b\u043e\u0433\u0438\u0458\u0430 \u0438 \u0430\u043a\u0443\u0448\u0435\u0440\u0441\u0442\u0432\u043e","publisher":{"@id":"https:\/\/organdziski.com\/#organization"},"potentialAction":[{"@type":"SearchAction","target":{"@type":"EntryPoint","urlTemplate":"https:\/\/organdziski.com\/?s={search_term_string}"},"query-input":{"@type":"PropertyValueSpecification","valueRequired":true,"valueName":"search_term_string"}}],"inLanguage":"sq-AL"},{"@type":"Organization","@id":"https:\/\/organdziski.com\/#organization","name":"\u041f\u0417\u0423 \u0414-\u0440 \u041e\u0440\u0433\u0430\u043d\u045f\u0438\u0441\u043a\u0438","url":"https:\/\/organdziski.com\/","logo":{"@type":"ImageObject","inLanguage":"sq-AL","@id":"https:\/\/organdziski.com\/#\/schema\/logo\/image\/","url":"https:\/\/organdziski.com\/wp-content\/uploads\/2024\/04\/organdziski.svg","contentUrl":"https:\/\/organdziski.com\/wp-content\/uploads\/2024\/04\/organdziski.svg","width":341,"height":63,"caption":"\u041f\u0417\u0423 \u0414-\u0440 \u041e\u0440\u0433\u0430\u043d\u045f\u0438\u0441\u043a\u0438"},"image":{"@id":"https:\/\/organdziski.com\/#\/schema\/logo\/image\/"},"sameAs":["https:\/\/www.facebook.com\/Dr.Organdziski","https:\/\/www.instagram.com\/bolnicadrorgandziski\/","https:\/\/www.youtube.com\/channel\/UCVzAHTjH-QvDcCGm19znLyA"]}]}},"_links":{"self":[{"href":"https:\/\/organdziski.com\/sq\/wp-json\/wp\/v2\/pages\/15643","targetHints":{"allow":["GET"]}}],"collection":[{"href":"https:\/\/organdziski.com\/sq\/wp-json\/wp\/v2\/pages"}],"about":[{"href":"https:\/\/organdziski.com\/sq\/wp-json\/wp\/v2\/types\/page"}],"author":[{"embeddable":true,"href":"https:\/\/organdziski.com\/sq\/wp-json\/wp\/v2\/users\/1"}],"replies":[{"embeddable":true,"href":"https:\/\/organdziski.com\/sq\/wp-json\/wp\/v2\/comments?post=15643"}],"version-history":[{"count":4,"href":"https:\/\/organdziski.com\/sq\/wp-json\/wp\/v2\/pages\/15643\/revisions"}],"predecessor-version":[{"id":15664,"href":"https:\/\/organdziski.com\/sq\/wp-json\/wp\/v2\/pages\/15643\/revisions\/15664"}],"wp:attachment":[{"href":"https:\/\/organdziski.com\/sq\/wp-json\/wp\/v2\/media?parent=15643"}],"curies":[{"name":"wp","href":"https:\/\/api.w.org\/{rel}","templated":true}]}}