{"id":15649,"date":"2024-05-14T15:06:50","date_gmt":"2024-05-14T15:06:50","guid":{"rendered":"https:\/\/organdziski.com\/?page_id=15649"},"modified":"2024-06-24T17:22:13","modified_gmt":"2024-06-24T17:22:13","slug":"lindje-me-prerje-cezariane-faktet-themelore","status":"publish","type":"page","link":"https:\/\/organdziski.com\/sq\/lindje-me-prerje-cezariane-faktet-themelore\/","title":{"rendered":"Lindje me prerje cezariane (Faktet themelore)"},"content":{"rendered":"\t\t<div data-elementor-type=\"wp-page\" data-elementor-id=\"15649\" class=\"elementor elementor-15649 elementor-10638\" data-elementor-post-type=\"page\">\n\t\t\t\t<div class=\"elementor-element elementor-element-aca9a77 e-flex e-con-boxed e-con e-parent\" data-id=\"aca9a77\" data-element_type=\"container\">\n\t\t\t\t\t<div class=\"e-con-inner\">\n\t\t\t\t<div class=\"elementor-element elementor-element-b105653 elementor-widget elementor-widget-heading\" data-id=\"b105653\" data-element_type=\"widget\" data-widget_type=\"heading.default\">\n\t\t\t\t<div class=\"elementor-widget-container\">\n\t\t\t<h2 class=\"elementor-heading-title elementor-size-default\">Faktet themelore p\u00ebr lindjen cezariane<\/h2>\t\t<\/div>\n\t\t\t\t<\/div>\n\t\t\t\t<div class=\"elementor-element elementor-element-80f434e elementor-widget elementor-widget-text-editor\" data-id=\"80f434e\" data-element_type=\"widget\" data-widget_type=\"text-editor.default\">\n\t\t\t\t<div class=\"elementor-widget-container\">\n\t\t\t\t\t\t\t<p>\u00c7far\u00eb do t\u00eb ndodh\u00eb me ju n\u00eb sall\u00ebn e operacionit gjat\u00eb nj\u00eb operacioni cezarian? \u00c7far\u00eb do t\u00eb shihni, d\u00ebgjoni dhe ndjeni? Sa shpejt do t\u00eb lind\u00eb f\u00ebmija juaj dhe kur do t\u00eb mund ta shihni? Sa koh\u00eb do t\u00eb kaloni n\u00eb sall\u00ebn e operacionit dhe \u00e7far\u00eb do t\u00eb vijon m\u00eb pas? K\u00ebto jan\u00eb vet\u00ebm disa nga pyetjet q\u00eb i b\u00ebni vetes.<\/p>\t\t\t\t\t\t<\/div>\n\t\t\t\t<\/div>\n\t\t\t\t<div class=\"elementor-element elementor-element-fc0b838 elementor-widget elementor-widget-heading\" data-id=\"fc0b838\" data-element_type=\"widget\" data-widget_type=\"heading.default\">\n\t\t\t\t<div class=\"elementor-widget-container\">\n\t\t\t<h2 class=\"elementor-heading-title elementor-size-default\">Mir\u00ebsevini n\u00eb sall\u00ebn e operimit!<\/h2>\t\t<\/div>\n\t\t\t\t<\/div>\n\t\t\t\t<div class=\"elementor-element elementor-element-8be0af7 elementor-widget elementor-widget-text-editor\" data-id=\"8be0af7\" data-element_type=\"widget\" data-widget_type=\"text-editor.default\">\n\t\t\t\t<div class=\"elementor-widget-container\">\n\t\t\t\t\t\t\t<p>Kur p\u00ebr ndonj\u00eb arsye nga ana e fetusit ose e n\u00ebn\u00ebs, lindja nuk mund t\u00eb p\u00ebrfundoj\u00eb me sukses n\u00eb rrug\u00eb normale, b\u00ebhet nj\u00eb prerje cezariane.<\/p><p>Prerja cezariane n\u00ebnkupton lindjen e fetusit p\u00ebrmes nj\u00eb prerjeje t\u00eb b\u00ebr\u00eb n\u00eb murin e p\u00ebrparm\u00eb t\u00eb barkut t\u00eb n\u00ebn\u00ebs (laparotomi) dhe nj\u00eb prerjeje p\u00ebrmes murit t\u00eb mitr\u00ebs (histerotomi).<\/p><p>Seksioni cezarian mund t\u00eb jet\u00eb i planifikuar (me zgjedhje) ose urgjent &#8211; n\u00eb rast t\u00eb nj\u00eb problemi gjat\u00eb lindjes spontane. Nj\u00eb seksion cezarian i planifikuar zakonisht kryhet 7-10 dit\u00eb p\u00ebrpara dat\u00ebs s\u00eb pritshme t\u00eb lindjes. N\u00eb rast t\u00eb shtatz\u00ebnive shum\u00ebfrytore ose indikacioneve t\u00eb tjera mjek\u00ebsore, operacioni cezarian mund t\u00eb caktohet m\u00eb her\u00ebt.<\/p><p>N\u00eb dit\u00ebn e operacionit, do t&#8217;ju jepet nj\u00eb p\u00ebrgatitje para operacionit q\u00eb p\u00ebrfshin:<\/p><ul><li>Toalet\u00eb<\/li><li>Vendosja e klizm\u00ebs;<\/li><li>Veshja e pizhameve spitalore;<\/li><li>Vendosja e nj\u00eb linje intravenoze;<\/li><li>Vendosja e kateterit urinar;<\/li><li>Vendosja e anestezis\u00eb;<\/li><\/ul><p>P\u00ebrgatitja e hap\u00ebsir\u00ebs s\u00eb operimit.<\/p><p>Faktet themelore p\u00ebr lindjen cezariane<\/p><p>Gjat\u00eb nj\u00eb seksioni cezarian, foshnja lind rreth 5-10 minuta pas fillimit t\u00eb operacionit. Ai me kujdes kryhet nga operatori dhe n\u00eb nj\u00eb m\u00ebnyr\u00eb q\u00eb n\u00eb nj\u00eb mas\u00eb t\u00eb caktuar imiton kalimin e foshnj\u00ebs n\u00ebp\u00ebr kanalin natyral t\u00eb lindjes. Ju nuk do t\u00eb ndjeni asnj\u00eb dhimbje, por mund t\u00eb ndjeni disa t\u00ebrheqje ose presion kur f\u00ebmija del jasht\u00eb.<\/p><p>Spitali i specializuar p\u00ebr gjinekologji dhe obstetrik\u00eb &#8220;Dr. Organxhiski&#8221; disponon me salla operimi, t\u00eb pajisura me aparatura t\u00eb cil\u00ebsis\u00eb s\u00eb lart\u00eb me synimin kryesor &#8211; arritjen e siguris\u00eb maksimale p\u00ebr pacient\u00ebt dhe t\u00eb porsalindurit tan\u00eb.<\/p><p>Pas lindjes cezariane, do t\u00eb vendoseni n\u00eb repartin e kujdesit intensiv (6 deri n\u00eb 24 or\u00eb sipas gjykimit t\u00eb anestezistit), i cili \u00ebsht\u00eb i pajisur edhe me pajisje cil\u00ebsore p\u00ebr monitorimin intensiv t\u00eb pacientit.<\/p><p>Pas p\u00ebrfundimit t\u00eb k\u00ebsaj faze do t\u00eb vendoseni n\u00eb nj\u00eb nga dhomat VIP t\u00eb repartit.<\/p><p>Koh\u00ebzgjatja e q\u00ebndrimit n\u00eb spital varet nga m\u00ebnyra e lindjes. Pacient\u00ebt e lindur n\u00eb m\u00ebnyr\u00eb spontane zakonisht q\u00ebndrojn\u00eb 3 dit\u00eb, nd\u00ebrsa t\u00eb lindurit me prerje cezariane &#8211; 5 dit\u00eb.<\/p><p>Dokumentet q\u00eb duhet t\u00eb merrni me vete p\u00ebrpara se t\u00eb vini n\u00eb spital p\u00ebr lindje:<\/p><ul><li>Ekzaminimi p\u00ebr grupin e gjakut dhe faktorin Rh &#8211; dokument origjinal me n\u00ebnshkrim dhe vul\u00eb nga nj\u00eb transfuzionist;<\/li><li>Virologjia (Hepatiti B, Hepatiti C, HIV) \u2013 origjinali me n\u00ebnshkrim dhe vul\u00eb nga laboratori ku keni kryer ekzaminimin. Ju lutemi kushtojini v\u00ebmendje vlefshm\u00ebris\u00eb s\u00eb tyre \u2013 6 muaj!;<\/li><li>Dokumentet nga ekzaminimet e b\u00ebra gjat\u00eb shtatz\u00ebnis\u00eb;<\/li><li>Dokumentet p\u00ebr s\u00ebmundjet shoq\u00ebruese (n\u00ebse i keni).<\/li><\/ul>\t\t\t\t\t\t<\/div>\n\t\t\t\t<\/div>\n\t\t\t\t\t<\/div>\n\t\t\t\t<\/div>\n\t\t\t\t<\/div>\n\t\t","protected":false},"excerpt":{"rendered":"<p>Faktet themelore p\u00ebr lindjen cezariane \u00c7far\u00eb do t\u00eb ndodh\u00eb me ju n\u00eb sall\u00ebn e operacionit gjat\u00eb nj\u00eb operacioni cezarian? \u00c7far\u00eb do t\u00eb shihni, d\u00ebgjoni dhe ndjeni? Sa shpejt do t\u00eb lind\u00eb f\u00ebmija juaj dhe kur do t\u00eb mund ta shihni? Sa koh\u00eb do t\u00eb kaloni n\u00eb sall\u00ebn e operacionit dhe \u00e7far\u00eb do t\u00eb vijon m\u00eb&#8230;<\/p>\n","protected":false},"author":1,"featured_media":0,"parent":0,"menu_order":0,"comment_status":"closed","ping_status":"closed","template":"","meta":{"footnotes":""},"class_list":["post-15649","page","type-page","status-publish","hentry"],"yoast_head":"<!-- This site is optimized with the Yoast SEO Premium plugin v22.7 (Yoast SEO v27.4) - https:\/\/yoast.com\/product\/yoast-seo-premium-wordpress\/ -->\n<title>Lindje me prerje cezariane (Faktet themelore) - \u041f\u0417\u0423 \u0414-\u0440 \u041e\u0440\u0433\u0430\u043d\u045f\u0438\u0441\u043a\u0438<\/title>\n<meta name=\"robots\" content=\"index, follow, max-snippet:-1, max-image-preview:large, max-video-preview:-1\" \/>\n<link rel=\"canonical\" href=\"https:\/\/organdziski.com\/poroduvanje-so-carski-rez-p\/\" \/>\n<meta property=\"og:locale\" content=\"sq_AL\" \/>\n<meta property=\"og:type\" content=\"article\" \/>\n<meta property=\"og:title\" content=\"Lindje me prerje cezariane (Faktet themelore)\" \/>\n<meta property=\"og:description\" content=\"Faktet themelore p\u00ebr lindjen cezariane \u00c7far\u00eb do t\u00eb ndodh\u00eb me ju n\u00eb sall\u00ebn e operacionit gjat\u00eb nj\u00eb operacioni cezarian? \u00c7far\u00eb do t\u00eb shihni, d\u00ebgjoni dhe ndjeni? Sa shpejt do t\u00eb lind\u00eb f\u00ebmija juaj dhe kur do t\u00eb mund ta shihni? Sa koh\u00eb do t\u00eb kaloni n\u00eb sall\u00ebn e operacionit dhe \u00e7far\u00eb do t\u00eb vijon m\u00eb...\" \/>\n<meta property=\"og:url\" content=\"https:\/\/organdziski.com\/poroduvanje-so-carski-rez-p\/\" \/>\n<meta property=\"og:site_name\" content=\"\u041f\u0417\u0423 \u0414-\u0440 \u041e\u0440\u0433\u0430\u043d\u045f\u0438\u0441\u043a\u0438\" \/>\n<meta property=\"article:publisher\" content=\"https:\/\/www.facebook.com\/Dr.Organdziski\" \/>\n<meta property=\"article:modified_time\" content=\"2024-06-24T17:22:13+00:00\" \/>\n<meta name=\"twitter:card\" content=\"summary_large_image\" \/>\n<meta name=\"twitter:label1\" content=\"Est. reading time\" \/>\n\t<meta name=\"twitter:data1\" content=\"3 minutes\" \/>\n<script type=\"application\/ld+json\" class=\"yoast-schema-graph\">{\"@context\":\"https:\\\/\\\/schema.org\",\"@graph\":[{\"@type\":\"WebPage\",\"@id\":\"https:\\\/\\\/organdziski.com\\\/poroduvanje-so-carski-rez-p\\\/\",\"url\":\"https:\\\/\\\/organdziski.com\\\/poroduvanje-so-carski-rez-p\\\/\",\"name\":\"Lindje me prerje cezariane (Faktet themelore) - \u041f\u0417\u0423 \u0414-\u0440 \u041e\u0440\u0433\u0430\u043d\u045f\u0438\u0441\u043a\u0438\",\"isPartOf\":{\"@id\":\"https:\\\/\\\/organdziski.com\\\/#website\"},\"datePublished\":\"2024-05-14T15:06:50+00:00\",\"dateModified\":\"2024-06-24T17:22:13+00:00\",\"breadcrumb\":{\"@id\":\"https:\\\/\\\/organdziski.com\\\/poroduvanje-so-carski-rez-p\\\/#breadcrumb\"},\"inLanguage\":\"sq-AL\",\"potentialAction\":[{\"@type\":\"ReadAction\",\"target\":[\"https:\\\/\\\/organdziski.com\\\/poroduvanje-so-carski-rez-p\\\/\"]}]},{\"@type\":\"BreadcrumbList\",\"@id\":\"https:\\\/\\\/organdziski.com\\\/poroduvanje-so-carski-rez-p\\\/#breadcrumb\",\"itemListElement\":[{\"@type\":\"ListItem\",\"position\":1,\"name\":\"Home\",\"item\":\"https:\\\/\\\/organdziski.com\\\/\"},{\"@type\":\"ListItem\",\"position\":2,\"name\":\"Lindje me prerje cezariane (Faktet themelore)\"}]},{\"@type\":\"WebSite\",\"@id\":\"https:\\\/\\\/organdziski.com\\\/#website\",\"url\":\"https:\\\/\\\/organdziski.com\\\/\",\"name\":\"\u041f\u0417\u0423 \u0414-\u0440 \u041e\u0440\u0433\u0430\u043d\u045f\u0438\u0441\u043a\u0438\",\"description\":\"\u0421\u043f\u0435\u0446\u0438\u0458\u0430\u043b\u0438\u0437\u0438\u0440\u0430\u043d\u0430 \u0431\u043e\u043b\u043d\u0438\u0446\u0430 \u043f\u043e \u0433\u0438\u043d\u0435\u043a\u043e\u043b\u043e\u0433\u0438\u0458\u0430 \u0438 \u0430\u043a\u0443\u0448\u0435\u0440\u0441\u0442\u0432\u043e\",\"publisher\":{\"@id\":\"https:\\\/\\\/organdziski.com\\\/#organization\"},\"potentialAction\":[{\"@type\":\"SearchAction\",\"target\":{\"@type\":\"EntryPoint\",\"urlTemplate\":\"https:\\\/\\\/organdziski.com\\\/?s={search_term_string}\"},\"query-input\":{\"@type\":\"PropertyValueSpecification\",\"valueRequired\":true,\"valueName\":\"search_term_string\"}}],\"inLanguage\":\"sq-AL\"},{\"@type\":\"Organization\",\"@id\":\"https:\\\/\\\/organdziski.com\\\/#organization\",\"name\":\"\u041f\u0417\u0423 \u0414-\u0440 \u041e\u0440\u0433\u0430\u043d\u045f\u0438\u0441\u043a\u0438\",\"url\":\"https:\\\/\\\/organdziski.com\\\/\",\"logo\":{\"@type\":\"ImageObject\",\"inLanguage\":\"sq-AL\",\"@id\":\"https:\\\/\\\/organdziski.com\\\/#\\\/schema\\\/logo\\\/image\\\/\",\"url\":\"https:\\\/\\\/organdziski.com\\\/wp-content\\\/uploads\\\/2024\\\/04\\\/organdziski.svg\",\"contentUrl\":\"https:\\\/\\\/organdziski.com\\\/wp-content\\\/uploads\\\/2024\\\/04\\\/organdziski.svg\",\"width\":341,\"height\":63,\"caption\":\"\u041f\u0417\u0423 \u0414-\u0440 \u041e\u0440\u0433\u0430\u043d\u045f\u0438\u0441\u043a\u0438\"},\"image\":{\"@id\":\"https:\\\/\\\/organdziski.com\\\/#\\\/schema\\\/logo\\\/image\\\/\"},\"sameAs\":[\"https:\\\/\\\/www.facebook.com\\\/Dr.Organdziski\",\"https:\\\/\\\/www.instagram.com\\\/bolnicadrorgandziski\\\/\",\"https:\\\/\\\/www.youtube.com\\\/channel\\\/UCVzAHTjH-QvDcCGm19znLyA\"]}]}<\/script>\n<!-- \/ Yoast SEO Premium plugin. -->","yoast_head_json":{"title":"Lindje me prerje cezariane (Faktet themelore) - \u041f\u0417\u0423 \u0414-\u0440 \u041e\u0440\u0433\u0430\u043d\u045f\u0438\u0441\u043a\u0438","robots":{"index":"index","follow":"follow","max-snippet":"max-snippet:-1","max-image-preview":"max-image-preview:large","max-video-preview":"max-video-preview:-1"},"canonical":"https:\/\/organdziski.com\/poroduvanje-so-carski-rez-p\/","og_locale":"sq_AL","og_type":"article","og_title":"Lindje me prerje cezariane (Faktet themelore)","og_description":"Faktet themelore p\u00ebr lindjen cezariane \u00c7far\u00eb do t\u00eb ndodh\u00eb me ju n\u00eb sall\u00ebn e operacionit gjat\u00eb nj\u00eb operacioni cezarian? \u00c7far\u00eb do t\u00eb shihni, d\u00ebgjoni dhe ndjeni? Sa shpejt do t\u00eb lind\u00eb f\u00ebmija juaj dhe kur do t\u00eb mund ta shihni? Sa koh\u00eb do t\u00eb kaloni n\u00eb sall\u00ebn e operacionit dhe \u00e7far\u00eb do t\u00eb vijon m\u00eb...","og_url":"https:\/\/organdziski.com\/poroduvanje-so-carski-rez-p\/","og_site_name":"\u041f\u0417\u0423 \u0414-\u0440 \u041e\u0440\u0433\u0430\u043d\u045f\u0438\u0441\u043a\u0438","article_publisher":"https:\/\/www.facebook.com\/Dr.Organdziski","article_modified_time":"2024-06-24T17:22:13+00:00","twitter_card":"summary_large_image","twitter_misc":{"Est. reading time":"3 minutes"},"schema":{"@context":"https:\/\/schema.org","@graph":[{"@type":"WebPage","@id":"https:\/\/organdziski.com\/poroduvanje-so-carski-rez-p\/","url":"https:\/\/organdziski.com\/poroduvanje-so-carski-rez-p\/","name":"Lindje me prerje cezariane (Faktet themelore) - \u041f\u0417\u0423 \u0414-\u0440 \u041e\u0440\u0433\u0430\u043d\u045f\u0438\u0441\u043a\u0438","isPartOf":{"@id":"https:\/\/organdziski.com\/#website"},"datePublished":"2024-05-14T15:06:50+00:00","dateModified":"2024-06-24T17:22:13+00:00","breadcrumb":{"@id":"https:\/\/organdziski.com\/poroduvanje-so-carski-rez-p\/#breadcrumb"},"inLanguage":"sq-AL","potentialAction":[{"@type":"ReadAction","target":["https:\/\/organdziski.com\/poroduvanje-so-carski-rez-p\/"]}]},{"@type":"BreadcrumbList","@id":"https:\/\/organdziski.com\/poroduvanje-so-carski-rez-p\/#breadcrumb","itemListElement":[{"@type":"ListItem","position":1,"name":"Home","item":"https:\/\/organdziski.com\/"},{"@type":"ListItem","position":2,"name":"Lindje me prerje cezariane (Faktet themelore)"}]},{"@type":"WebSite","@id":"https:\/\/organdziski.com\/#website","url":"https:\/\/organdziski.com\/","name":"\u041f\u0417\u0423 \u0414-\u0440 \u041e\u0440\u0433\u0430\u043d\u045f\u0438\u0441\u043a\u0438","description":"\u0421\u043f\u0435\u0446\u0438\u0458\u0430\u043b\u0438\u0437\u0438\u0440\u0430\u043d\u0430 \u0431\u043e\u043b\u043d\u0438\u0446\u0430 \u043f\u043e \u0433\u0438\u043d\u0435\u043a\u043e\u043b\u043e\u0433\u0438\u0458\u0430 \u0438 \u0430\u043a\u0443\u0448\u0435\u0440\u0441\u0442\u0432\u043e","publisher":{"@id":"https:\/\/organdziski.com\/#organization"},"potentialAction":[{"@type":"SearchAction","target":{"@type":"EntryPoint","urlTemplate":"https:\/\/organdziski.com\/?s={search_term_string}"},"query-input":{"@type":"PropertyValueSpecification","valueRequired":true,"valueName":"search_term_string"}}],"inLanguage":"sq-AL"},{"@type":"Organization","@id":"https:\/\/organdziski.com\/#organization","name":"\u041f\u0417\u0423 \u0414-\u0440 \u041e\u0440\u0433\u0430\u043d\u045f\u0438\u0441\u043a\u0438","url":"https:\/\/organdziski.com\/","logo":{"@type":"ImageObject","inLanguage":"sq-AL","@id":"https:\/\/organdziski.com\/#\/schema\/logo\/image\/","url":"https:\/\/organdziski.com\/wp-content\/uploads\/2024\/04\/organdziski.svg","contentUrl":"https:\/\/organdziski.com\/wp-content\/uploads\/2024\/04\/organdziski.svg","width":341,"height":63,"caption":"\u041f\u0417\u0423 \u0414-\u0440 \u041e\u0440\u0433\u0430\u043d\u045f\u0438\u0441\u043a\u0438"},"image":{"@id":"https:\/\/organdziski.com\/#\/schema\/logo\/image\/"},"sameAs":["https:\/\/www.facebook.com\/Dr.Organdziski","https:\/\/www.instagram.com\/bolnicadrorgandziski\/","https:\/\/www.youtube.com\/channel\/UCVzAHTjH-QvDcCGm19znLyA"]}]}},"_links":{"self":[{"href":"https:\/\/organdziski.com\/sq\/wp-json\/wp\/v2\/pages\/15649","targetHints":{"allow":["GET"]}}],"collection":[{"href":"https:\/\/organdziski.com\/sq\/wp-json\/wp\/v2\/pages"}],"about":[{"href":"https:\/\/organdziski.com\/sq\/wp-json\/wp\/v2\/types\/page"}],"author":[{"embeddable":true,"href":"https:\/\/organdziski.com\/sq\/wp-json\/wp\/v2\/users\/1"}],"replies":[{"embeddable":true,"href":"https:\/\/organdziski.com\/sq\/wp-json\/wp\/v2\/comments?post=15649"}],"version-history":[{"count":4,"href":"https:\/\/organdziski.com\/sq\/wp-json\/wp\/v2\/pages\/15649\/revisions"}],"predecessor-version":[{"id":16392,"href":"https:\/\/organdziski.com\/sq\/wp-json\/wp\/v2\/pages\/15649\/revisions\/16392"}],"wp:attachment":[{"href":"https:\/\/organdziski.com\/sq\/wp-json\/wp\/v2\/media?parent=15649"}],"curies":[{"name":"wp","href":"https:\/\/api.w.org\/{rel}","templated":true}]}}