{"id":15657,"date":"2024-05-14T15:33:55","date_gmt":"2024-05-14T15:33:55","guid":{"rendered":"https:\/\/organdziski.com\/?page_id=15657"},"modified":"2024-06-18T21:26:09","modified_gmt":"2024-06-18T21:26:09","slug":"ultratinguj","status":"publish","type":"page","link":"https:\/\/organdziski.com\/sq\/ultratinguj\/","title":{"rendered":"Ultratinguj"},"content":{"rendered":"\t\t<div data-elementor-type=\"wp-page\" data-elementor-id=\"15657\" class=\"elementor elementor-15657 elementor-10653\" data-elementor-post-type=\"page\">\n\t\t\t\t<div class=\"elementor-element elementor-element-b49fc0b e-flex e-con-boxed e-con e-parent\" data-id=\"b49fc0b\" data-element_type=\"container\">\n\t\t\t\t\t<div class=\"e-con-inner\">\n\t\t\t\t<div class=\"elementor-element elementor-element-522deb9 elementor-widget elementor-widget-text-editor\" data-id=\"522deb9\" data-element_type=\"widget\" data-widget_type=\"text-editor.default\">\n\t\t\t\t<div class=\"elementor-widget-container\">\n\t\t\t\t\t\t\t<p>Gjat\u00eb shtatz\u00ebnis\u00eb rekomandohet kryerja e t\u00eb pakt\u00ebn tre ekzaminimeve ekografike, t\u00eb cilat monitorojn\u00eb rritjen dhe zhvillimin e duhur t\u00eb fetusit, p\u00ebrcaktojn\u00eb mosh\u00ebn e sakt\u00eb t\u00eb shtatz\u00ebnis\u00eb dhe zbulojn\u00eb n\u00eb koh\u00eb anomalit\u00eb e fetusit.<\/p><p>Nj\u00eb nga momentet q\u00eb mbahet mend gjat\u00eb gjith\u00eb jet\u00ebs \u00ebsht\u00eb fotoja e par\u00eb e foshnj\u00ebs s\u00eb palindur n\u00eb barkun e n\u00ebn\u00ebs. Me ekzaminimin me ultratinguj, prind\u00ebrit e ardhsh\u00ebm mund t\u00eb shohin f\u00ebmij\u00ebn e tyre, fytyr\u00ebn e tij, si e hap goj\u00ebn dhe si i l\u00ebviz krah\u00ebt dhe k\u00ebmb\u00ebt. Me ekzaminimet ekografike monitorohet rritja dhe zhvillimi korrekt i fetusit, p\u00ebrcaktohet mosha e sakt\u00eb e shtatz\u00ebnis\u00eb dhe zbulohen n\u00eb koh\u00eb anomalit\u00eb e fetusit.<\/p><p>Aparatet moderne t\u00eb ultraz\u00ebrit mund\u00ebsojn\u00eb zbulimin e anomalive t\u00eb fetusit shum\u00eb m\u00eb her\u00ebt dhe n\u00eb m\u00ebnyr\u00eb m\u00eb t\u00eb besueshme se m\u00eb par\u00eb. Ekzaminimet me ultratinguj nuk jan\u00eb t\u00eb d\u00ebmshme as p\u00ebr gruan shtatz\u00ebn\u00eb dhe as p\u00ebr fetusin n\u00eb zhvillim. Val\u00ebt e ultraz\u00ebrit nuk kan\u00eb efekt jonizues, efekt kumulativ dhe funksionojn\u00eb vet\u00ebm n\u00eb momentin e ekzaminimit. Prandaj, p\u00ebr shkak t\u00eb thjesht\u00ebsis\u00eb, siguris\u00eb dhe mund\u00ebsive t\u00eb larta diagnostikuese, ekografia ka nj\u00eb aplikim t\u00eb gjer\u00eb n\u00eb mjek\u00ebsi, ve\u00e7an\u00ebrisht n\u00eb obstetrik\u00eb dhe gjinekologji.<\/p>\t\t\t\t\t\t<\/div>\n\t\t\t\t<\/div>\n\t\t\t\t<div class=\"elementor-element elementor-element-a29a8e8 elementor-widget elementor-widget-heading\" data-id=\"a29a8e8\" data-element_type=\"widget\" data-widget_type=\"heading.default\">\n\t\t\t\t<div class=\"elementor-widget-container\">\n\t\t\t<h2 class=\"elementor-heading-title elementor-size-default\">Zbulimi i Sindrom\u00ebs Down<\/h2>\t\t<\/div>\n\t\t\t\t<\/div>\n\t\t\t\t<div class=\"elementor-element elementor-element-f1ed220 elementor-widget elementor-widget-text-editor\" data-id=\"f1ed220\" data-element_type=\"widget\" data-widget_type=\"text-editor.default\">\n\t\t\t\t<div class=\"elementor-widget-container\">\n\t\t\t\t\t\t\t<p>Ekzaminimi mund t\u00eb b\u00ebhet me sond\u00eb vaginale p\u00ebrmes vagin\u00ebs dhe me sond\u00eb abdominale p\u00ebrmes murit t\u00eb p\u00ebrparm\u00eb t\u00eb barkut. Ekzaminimi i par\u00eb b\u00ebhet me sond\u00eb vaginale deri n\u00eb jav\u00ebn 13.6 t\u00eb shtatz\u00ebnis\u00eb. Me k\u00ebt\u00eb ekzaminim v\u00ebrtetohet se shtatz\u00ebnia \u00ebsht\u00eb n\u00eb mit\u00ebr, n\u00ebse fetusi \u00ebsht\u00eb gjall\u00eb dhe n\u00ebse p\u00ebr nga madh\u00ebsia i p\u00ebrgjigjet dit\u00ebs s\u00eb par\u00eb t\u00eb menstruacioneve t\u00eb fundit t\u00eb rregullta. \u00cbsht\u00eb ve\u00e7an\u00ebrisht e r\u00ebnd\u00ebsishme t\u00eb p\u00ebrjashtohen shenjat me ultratinguj t\u00eb anomalive kromozomale.<br \/>Vlera m\u00eb e r\u00ebnd\u00ebsishme diagnostike \u00ebsht\u00eb grumbullimi jonormal i l\u00ebngjeve n\u00eb indin n\u00ebnl\u00ebkuror pas qaf\u00ebs s\u00eb fetusit si pasoj\u00eb e qarkullimit limfatik t\u00eb d\u00ebmtuar. Ky konstatim n\u00eb 50 p\u00ebr qind t\u00eb rasteve flet p\u00ebr sindrom\u00ebn Down, e cila shfaqet n\u00eb nj\u00eb n\u00eb 700 t\u00eb porsalindur. Testi prenatal \u00ebsht\u00eb diagnoza m\u00eb moderne prenatale p\u00ebr sindrom\u00ebn Down. \u00cbsht\u00eb nj\u00eb test joinvaziv prenatal p\u00ebr anomalit\u00eb gjenetike. Qelizat q\u00eb p\u00ebrmbajn\u00eb ADN jan\u00eb t\u00eb izoluara nga gjaku i n\u00ebn\u00ebs dhe sakt\u00ebsia \u00ebsht\u00eb mbi 99.9%. Testi prenatal p\u00ebrcakton edhe gjinin\u00eb e foshnj\u00ebs.<br \/>Sindroma Down, e njohur edhe si trisomia 21, \u00ebsht\u00eb nj\u00eb gjendje gjenetike e shkaktuar nga prania e nj\u00eb kromozomi shtes\u00eb, ai 21. Kjo ndikon n\u00eb zhvillimin, duke \u00e7uar n\u00eb vonesa intelektuale dhe zhvillimore, tipare dalluese t\u00eb fytyr\u00ebs dhe shpesh gjendje t\u00eb ndryshme mjek\u00ebsore.<\/p>\t\t\t\t\t\t<\/div>\n\t\t\t\t<\/div>\n\t\t\t\t<div class=\"elementor-element elementor-element-9e600b9 elementor-widget elementor-widget-heading\" data-id=\"9e600b9\" data-element_type=\"widget\" data-widget_type=\"heading.default\">\n\t\t\t\t<div class=\"elementor-widget-container\">\n\t\t\t<h2 class=\"elementor-heading-title elementor-size-default\">\u00c7rregullime n\u00eb rritjen e fetusit<\/h2>\t\t<\/div>\n\t\t\t\t<\/div>\n\t\t\t\t<div class=\"elementor-element elementor-element-26adb09 elementor-widget elementor-widget-text-editor\" data-id=\"26adb09\" data-element_type=\"widget\" data-widget_type=\"text-editor.default\">\n\t\t\t\t<div class=\"elementor-widget-container\">\n\t\t\t\t\t\t\t<p>Ekzaminimi i dyt\u00eb b\u00ebhet me sond\u00eb abdominale p\u00ebrmes murit t\u00eb p\u00ebrparm\u00eb t\u00eb barkut. M\u00eb s\u00eb miri b\u00ebhet n\u00eb jav\u00ebn e 20-t\u00eb t\u00eb shtatz\u00ebnis\u00eb me ekografi 2D. \u00cbsht\u00eb edhe m\u00eb i mir\u00eb dhe m\u00eb i besuesh\u00ebm n\u00ebse mund t\u00eb kombinohet me eko 5D, 3D XI n\u00eb kombinim me matjet Doppler. N\u00eb k\u00ebt\u00eb mosh\u00eb t\u00eb shtatz\u00ebnis\u00eb mund t\u00eb p\u00ebrjashtohet numri m\u00eb i madh i parregullsive dhe anomalive kromozomale karakteristike p\u00ebr at\u00eb periudh\u00eb kohore. Ekzaminimi i tret\u00eb b\u00ebhet p\u00ebrmes murit t\u00eb p\u00ebrparm\u00eb t\u00eb barkut me sond\u00eb abdominale, nd\u00ebrmjet jav\u00ebs s\u00eb 30-t\u00eb dhe 32-t\u00eb t\u00eb shtatz\u00ebnis\u00eb, mund\u00ebsisht n\u00eb kombinim me matjet Doppler. N\u00eb k\u00ebt\u00eb m\u00ebnyr\u00eb mund t\u00eb zbulohen \u00e7rregullime n\u00eb rritjen e fetusit dhe t\u00eb zbulohet funksioni i pamjaftuesh\u00ebm i placent\u00ebs, gj\u00eb q\u00eb shkakton furnizim t\u00eb pamjaftuesh\u00ebm t\u00eb fetusit me oksigjen dhe l\u00ebnd\u00eb ushqyese dhe ndalim t\u00eb rritjes. Lindja e nj\u00eb f\u00ebmije me pesh\u00eb m\u00eb t\u00eb ul\u00ebt trupore p\u00ebr shkak t\u00eb rritjes s\u00eb kufizuar gjat\u00eb shtatz\u00ebnis\u00eb mbart rreziqe t\u00eb m\u00ebdha.<\/p><p>Prandaj, nevojitet trajtim i ve\u00e7ant\u00eb p\u00ebr foshnjat e lindura me vones\u00eb t\u00eb rritjes intrauterine. Arsyet kryesore t\u00eb vones\u00ebs s\u00eb zhvillimit t\u00eb fetusit gjat\u00eb shtatz\u00ebnis\u00eb mund t\u00eb jen\u00eb faktor\u00ebt gjenetik\u00eb, nj\u00eb fetus me anomali n\u00eb sistemin kardiovaskular, shtatz\u00ebnia binjake, infeksionet intrauterine, dieta e n\u00ebn\u00ebs, s\u00ebmundjet e n\u00ebn\u00ebs, duhani, alkooli dhe grat\u00eb shtatz\u00ebna q\u00eb kan\u00eb \u00ebnjtje t\u00eb trupit dhe rritje t\u00eb presionit t\u00eb gjakut<\/p>\t\t\t\t\t\t<\/div>\n\t\t\t\t<\/div>\n\t\t\t\t<div class=\"elementor-element elementor-element-dafe68c elementor-widget elementor-widget-heading\" data-id=\"dafe68c\" data-element_type=\"widget\" data-widget_type=\"heading.default\">\n\t\t\t\t<div class=\"elementor-widget-container\">\n\t\t\t<h2 class=\"elementor-heading-title elementor-size-default\">Doppler me ngjyra dhe pulsator<\/h2>\t\t<\/div>\n\t\t\t\t<\/div>\n\t\t\t\t<div class=\"elementor-element elementor-element-d9a1584 elementor-widget elementor-widget-text-editor\" data-id=\"d9a1584\" data-element_type=\"widget\" data-widget_type=\"text-editor.default\">\n\t\t\t\t<div class=\"elementor-widget-container\">\n\t\t\t\t\t\t\t<p>5D me Samsung UGEO WS80A me aparatin ekografik Elite \u00ebsht\u00eb arritja teknologjike m\u00eb e fundit dhe m\u00eb e sofistikuar n\u00eb fush\u00ebn e diagnostikimit mjek\u00ebsor.<\/p><p>&#8211; N\u00ebp\u00ebrmjet ekos 5D, anomalit\u00eb e mundshme t\u00eb fetusit mund t\u00eb zbulohen shum\u00eb m\u00eb her\u00ebt dhe m\u00eb t\u00eb besueshme se m\u00eb par\u00eb. Anomalit\u00eb kongjenitale zbulohen n\u00eb zon\u00ebn e fytyr\u00ebs s\u00eb fetusit, si\u00e7 \u00ebsht\u00eb nj\u00eb \u00e7arje e buz\u00ebs s\u00eb sip\u00ebrme. Makina e ultraz\u00ebrit 5D mund\u00ebson edhe vizualizimin e trurit dhe organeve t\u00eb brendshme t\u00eb fetusit, ngjash\u00ebm me tomografin\u00eb kompluterike dhe rezonanc\u00ebn magnetike. N\u00ebp\u00ebrmjet seksioneve t\u00eb shumta dhe p\u00ebrpunimit t\u00eb m\u00ebtejsh\u00ebm, rriten mund\u00ebsit\u00eb diagnostikuese dhe sakt\u00ebsia klinike, dhe p\u00ebrdorimi i Doppler-it me ngjyra dhe Doppler-it pulsues jan\u00eb t\u00eb domosdosh\u00ebm n\u00eb monitorimin e ndryshimeve hemodinamike n\u00eb rrjedh\u00ebn e gjakut uteroplacental. Me ndihm\u00ebn e matjeve doppler, puls doppler me sakt\u00ebsi t\u00eb madhe dhe shum\u00eb her\u00ebt, \u00ebsht\u00eb e mundur t\u00eb zbulohet nj\u00eb penges\u00eb n\u00eb rritjen dhe zhvillimin e fetusit.<\/p>\t\t\t\t\t\t<\/div>\n\t\t\t\t<\/div>\n\t\t\t\t<div class=\"elementor-element elementor-element-19a97cf elementor-widget elementor-widget-heading\" data-id=\"19a97cf\" data-element_type=\"widget\" data-widget_type=\"heading.default\">\n\t\t\t\t<div class=\"elementor-widget-container\">\n\t\t\t<h2 class=\"elementor-heading-title elementor-size-default\">Testi i kromozomeve dhe amniocenteza<\/h2>\t\t<\/div>\n\t\t\t\t<\/div>\n\t\t\t\t<div class=\"elementor-element elementor-element-1260ee2 elementor-widget elementor-widget-text-editor\" data-id=\"1260ee2\" data-element_type=\"widget\" data-widget_type=\"text-editor.default\">\n\t\t\t\t<div class=\"elementor-widget-container\">\n\t\t\t\t\t\t\t<p>Diagnostifikimi me ultratinguj nuk duhet t\u00eb mbivler\u00ebsohet sepse edhe n\u00eb duart m\u00eb me p\u00ebrvoj\u00eb ajo ka limitet e veta. Kjo \u00ebsht\u00eb arsyeja pse ekzistojn\u00eb teste shtes\u00eb si testi i kromozomeve dhe testet e l\u00ebngut amniotik.<\/p><p>\u2013 Testet shtes\u00eb m\u00eb t\u00eb shpeshta pas ekzaminimit ekografik jan\u00eb testi kromozomik (skrining biokimik) dhe analizat e l\u00ebngut amniotik (amniocenteza).<\/p><p>Materialet q\u00eb merren p\u00ebr ekzaminim jan\u00eb vilet korionike. Avantazhi i biopsis\u00eb s\u00eb korionit n\u00eb ndryshim nga amniocenteza \u00ebsht\u00eb se rezultatet jan\u00eb gati n\u00eb nj\u00eb koh\u00eb shum\u00eb m\u00eb t\u00eb shkurt\u00ebr dhe n\u00ebse konstatohet nj\u00eb parregullsi e caktuar e fetusit, nd\u00ebrprerja e shtatz\u00ebnis\u00eb \u00ebsht\u00eb shum\u00eb m\u00eb e leht\u00eb. Rreziku i k\u00ebsaj nd\u00ebrhyrje \u00ebsht\u00eb rreth 1 p\u00ebr qind dhe n\u00ebna e ardhshme duhet t&#8217;u p\u00ebrmbahet k\u00ebshillave dhe rekomandimeve q\u00eb do t\u00eb marr\u00eb nga gjinekologu i saj am\u00eb dhe t\u00eb ndjek\u00eb rregullisht ekzaminimet e planifikuara.<\/p>\t\t\t\t\t\t<\/div>\n\t\t\t\t<\/div>\n\t\t\t\t<div class=\"elementor-element elementor-element-82c543a elementor-widget elementor-widget-heading\" data-id=\"82c543a\" data-element_type=\"widget\" data-widget_type=\"heading.default\">\n\t\t\t\t<div class=\"elementor-widget-container\">\n\t\t\t<h2 class=\"elementor-heading-title elementor-size-default\">\u041f\u043e\u0431\u0440\u0437\u0438 \u0440\u0435\u0437\u0443\u043b\u0442\u0430\u0442\u0438 \u0441\u043e \u0445\u043e\u0440\u0438\u043e\u043d-\u0431\u0438\u043e\u043f\u0441\u0438\u0458\u0430<\/h2>\t\t<\/div>\n\t\t\t\t<\/div>\n\t\t\t\t<div class=\"elementor-element elementor-element-56e4cd7 elementor-widget elementor-widget-text-editor\" data-id=\"56e4cd7\" data-element_type=\"widget\" data-widget_type=\"text-editor.default\">\n\t\t\t\t<div class=\"elementor-widget-container\">\n\t\t\t\t\t\t\t<p>\u041c\u0435\u0453\u0443 9. \u0438 12. \u043d\u0435\u0434\u0435\u043b\u0430 \u043f\u043e\u0440\u0430\u043d\u043e \u043e\u0434 \u0430\u043c\u043d\u0438\u043e\u0446\u0435\u043d\u0442\u0435\u0437\u0430\u0442\u0430 \u043e\u0434 \u0431\u0440\u0435\u043c\u0435\u043d\u043e\u0441\u0442\u0430 \u0441\u0435 \u043f\u0440\u0430\u0432\u0438 \u0445\u043e\u0440\u0438\u043e\u043d-\u0431\u0438\u043e\u043f\u0441\u0438\u0458\u0430.<\/p><p>&#8211; \u0422\u043e\u0430 \u0435 \u0438\u043d\u0432\u0430\u0437\u0438\u0432\u043d\u0430 \u043c\u0435\u0442\u043e\u0434\u0430, \u043a\u043e\u0458\u0430 \u0441\u0435 \u043f\u0440\u0430\u0432\u0438 \u043d\u0430 \u0438\u0441\u0442\u0438\u043e\u0442 \u043d\u0430\u0447\u0438\u043d \u043a\u0430\u043a\u043e \u0438 \u0430\u043c\u043d\u0438\u043e\u0446\u0435\u043d\u0442\u0435\u0437\u0430\u0442\u0430. \u041c\u0430\u0442\u0435\u0440\u0438\u0458\u0430\u043b\u043e\u0442 \u043a\u043e\u0458 \u0441\u0435 \u0437\u0435\u043c\u0430 \u0437\u0430 \u0438\u0441\u043f\u0438\u0442\u0443\u0432\u0430\u045a\u0435 \u0441\u0435 \u0445\u043e\u0440\u0438\u043e\u043d\u0441\u043a\u0438 \u0440\u0435\u0441\u0438\u0447\u043a\u0438. \u041f\u0440\u0435\u0434\u043d\u043e\u0441\u0442\u0430 \u043d\u0430 \u0445\u043e\u0440\u0438\u043e\u043d \u0431\u0438\u043e\u043f\u0441\u0438\u0458\u0430\u0442\u0430 \u0437\u0430 \u0440\u0430\u0437\u043b\u0438\u043a\u0430 \u043e\u0434 \u0430\u043c\u043d\u0438\u043e\u0446\u0435\u043d\u0442\u0435\u0437\u0430\u0442\u0430 \u0435 \u0448\u0442\u043e \u0440\u0435\u0437\u0443\u043b\u0442\u0430\u0442\u0438\u0442\u0435 \u0441\u0435 \u0433\u043e\u0442\u043e\u0432\u0438 \u0437\u0430 \u043c\u043d\u043e\u0433\u0443 \u043f\u043e\u043a\u0440\u0430\u0442\u043a\u043e \u0432\u0440\u0435\u043c\u0435 \u0438 \u0430\u043a\u043e \u0441\u0435 \u0443\u0442\u0432\u0440\u0434\u0438 \u043e\u0434\u0440\u0435\u0434\u0435\u043d\u0430 \u043d\u0435\u043f\u0440\u0430\u0432\u0438\u043b\u043d\u043e\u0441\u0442 \u043d\u0430 \u043f\u043b\u043e\u0434\u043e\u0442, \u043f\u0440\u0435\u043a\u0438\u043d\u0443\u0432\u0430\u045a\u0435\u0442\u043e \u043d\u0430 \u0431\u0440\u0435\u043c\u0435\u043d\u043e\u0441\u0442\u0430 \u0435 \u043c\u043d\u043e\u0433\u0443 \u043f\u043e\u043b\u0435\u0441\u043d\u043e. \u0420\u0438\u0437\u0438\u043a\u043e\u0442 \u043e\u0434 \u043e\u0432\u0430\u0430 \u0438\u043d\u0442\u0435\u0440\u0432\u0435\u043d\u0446\u0438\u0458\u0430 \u0435 \u043e\u043a\u043e\u043b\u0443 1 \u043e\u0442\u0441\u0442\u043e, \u0438 \u0438\u0434\u043d\u0430\u0442\u0430 \u043c\u0430\u0458\u043a\u0430 \u0442\u0440\u0435\u0431\u0430 \u0434\u0430 \u0441\u0435 \u043f\u0440\u0438\u0434\u0440\u0436\u0443\u0432\u0430 \u043d\u0430 \u0441\u043e\u0432\u0435\u0442\u0438\u0442\u0435 \u0438 \u043f\u0440\u0435\u043f\u043e\u0440\u0430\u043a\u0438\u0442\u0435 \u0448\u0442\u043e \u045c\u0435 \u0433\u0438 \u0434\u043e\u0431\u0438\u0435 \u043e\u0434 \u0441\u0432\u043e\u0458\u043e\u0442 \u043c\u0430\u0442\u0438\u0447\u0435\u043d \u0433\u0438\u043d\u0435\u043a\u043e\u043b\u043e\u0433 \u0438 \u0440\u0435\u0434\u043e\u0432\u043d\u043e \u0434\u0430 \u0441\u0435 \u0458\u0430\u0432\u0443\u0432\u0430 \u043d\u0430 \u0437\u0430\u043a\u0430\u0436\u0430\u043d\u0438\u0442\u0435 \u043f\u0440\u0435\u0433\u043b\u0435\u0434\u0438.<\/p>\t\t\t\t\t\t<\/div>\n\t\t\t\t<\/div>\n\t\t\t\t\t<\/div>\n\t\t\t\t<\/div>\n\t\t\t\t<\/div>\n\t\t","protected":false},"excerpt":{"rendered":"<p>Gjat\u00eb shtatz\u00ebnis\u00eb rekomandohet kryerja e t\u00eb pakt\u00ebn tre ekzaminimeve ekografike, t\u00eb cilat monitorojn\u00eb rritjen dhe zhvillimin e duhur t\u00eb fetusit, p\u00ebrcaktojn\u00eb mosh\u00ebn e sakt\u00eb t\u00eb shtatz\u00ebnis\u00eb dhe zbulojn\u00eb n\u00eb koh\u00eb anomalit\u00eb e fetusit. Nj\u00eb nga momentet q\u00eb mbahet mend gjat\u00eb gjith\u00eb jet\u00ebs \u00ebsht\u00eb fotoja e par\u00eb e foshnj\u00ebs s\u00eb palindur n\u00eb barkun e n\u00ebn\u00ebs. Me&#8230;<\/p>\n","protected":false},"author":1,"featured_media":0,"parent":0,"menu_order":0,"comment_status":"closed","ping_status":"closed","template":"","meta":{"footnotes":""},"class_list":["post-15657","page","type-page","status-publish","hentry"],"yoast_head":"<!-- This site is optimized with the Yoast SEO Premium plugin v22.7 (Yoast SEO v27.4) - https:\/\/yoast.com\/product\/yoast-seo-premium-wordpress\/ -->\n<title>Ultratinguj - \u041f\u0417\u0423 \u0414-\u0440 \u041e\u0440\u0433\u0430\u043d\u045f\u0438\u0441\u043a\u0438<\/title>\n<meta name=\"robots\" content=\"index, follow, max-snippet:-1, max-image-preview:large, max-video-preview:-1\" \/>\n<link rel=\"canonical\" href=\"https:\/\/organdziski.com\/ultrazvuk\/\" \/>\n<meta property=\"og:locale\" content=\"sq_AL\" \/>\n<meta property=\"og:type\" content=\"article\" \/>\n<meta property=\"og:title\" content=\"Ultratinguj\" \/>\n<meta property=\"og:description\" content=\"Gjat\u00eb shtatz\u00ebnis\u00eb rekomandohet kryerja e t\u00eb pakt\u00ebn tre ekzaminimeve ekografike, t\u00eb cilat monitorojn\u00eb rritjen dhe zhvillimin e duhur t\u00eb fetusit, p\u00ebrcaktojn\u00eb mosh\u00ebn e sakt\u00eb t\u00eb shtatz\u00ebnis\u00eb dhe zbulojn\u00eb n\u00eb koh\u00eb anomalit\u00eb e fetusit. Nj\u00eb nga momentet q\u00eb mbahet mend gjat\u00eb gjith\u00eb jet\u00ebs \u00ebsht\u00eb fotoja e par\u00eb e foshnj\u00ebs s\u00eb palindur n\u00eb barkun e n\u00ebn\u00ebs. Me...\" \/>\n<meta property=\"og:url\" content=\"https:\/\/organdziski.com\/ultrazvuk\/\" \/>\n<meta property=\"og:site_name\" content=\"\u041f\u0417\u0423 \u0414-\u0440 \u041e\u0440\u0433\u0430\u043d\u045f\u0438\u0441\u043a\u0438\" \/>\n<meta property=\"article:publisher\" content=\"https:\/\/www.facebook.com\/Dr.Organdziski\" \/>\n<meta property=\"article:modified_time\" content=\"2024-06-18T21:26:09+00:00\" \/>\n<meta name=\"twitter:card\" content=\"summary_large_image\" \/>\n<meta name=\"twitter:label1\" content=\"Est. reading time\" \/>\n\t<meta name=\"twitter:data1\" content=\"6 minutes\" \/>\n<script type=\"application\/ld+json\" class=\"yoast-schema-graph\">{\"@context\":\"https:\\\/\\\/schema.org\",\"@graph\":[{\"@type\":\"WebPage\",\"@id\":\"https:\\\/\\\/organdziski.com\\\/ultrazvuk\\\/\",\"url\":\"https:\\\/\\\/organdziski.com\\\/ultrazvuk\\\/\",\"name\":\"Ultratinguj - \u041f\u0417\u0423 \u0414-\u0440 \u041e\u0440\u0433\u0430\u043d\u045f\u0438\u0441\u043a\u0438\",\"isPartOf\":{\"@id\":\"https:\\\/\\\/organdziski.com\\\/#website\"},\"datePublished\":\"2024-05-14T15:33:55+00:00\",\"dateModified\":\"2024-06-18T21:26:09+00:00\",\"breadcrumb\":{\"@id\":\"https:\\\/\\\/organdziski.com\\\/ultrazvuk\\\/#breadcrumb\"},\"inLanguage\":\"sq-AL\",\"potentialAction\":[{\"@type\":\"ReadAction\",\"target\":[\"https:\\\/\\\/organdziski.com\\\/ultrazvuk\\\/\"]}]},{\"@type\":\"BreadcrumbList\",\"@id\":\"https:\\\/\\\/organdziski.com\\\/ultrazvuk\\\/#breadcrumb\",\"itemListElement\":[{\"@type\":\"ListItem\",\"position\":1,\"name\":\"Home\",\"item\":\"https:\\\/\\\/organdziski.com\\\/\"},{\"@type\":\"ListItem\",\"position\":2,\"name\":\"Ultratinguj\"}]},{\"@type\":\"WebSite\",\"@id\":\"https:\\\/\\\/organdziski.com\\\/#website\",\"url\":\"https:\\\/\\\/organdziski.com\\\/\",\"name\":\"\u041f\u0417\u0423 \u0414-\u0440 \u041e\u0440\u0433\u0430\u043d\u045f\u0438\u0441\u043a\u0438\",\"description\":\"\u0421\u043f\u0435\u0446\u0438\u0458\u0430\u043b\u0438\u0437\u0438\u0440\u0430\u043d\u0430 \u0431\u043e\u043b\u043d\u0438\u0446\u0430 \u043f\u043e \u0433\u0438\u043d\u0435\u043a\u043e\u043b\u043e\u0433\u0438\u0458\u0430 \u0438 \u0430\u043a\u0443\u0448\u0435\u0440\u0441\u0442\u0432\u043e\",\"publisher\":{\"@id\":\"https:\\\/\\\/organdziski.com\\\/#organization\"},\"potentialAction\":[{\"@type\":\"SearchAction\",\"target\":{\"@type\":\"EntryPoint\",\"urlTemplate\":\"https:\\\/\\\/organdziski.com\\\/?s={search_term_string}\"},\"query-input\":{\"@type\":\"PropertyValueSpecification\",\"valueRequired\":true,\"valueName\":\"search_term_string\"}}],\"inLanguage\":\"sq-AL\"},{\"@type\":\"Organization\",\"@id\":\"https:\\\/\\\/organdziski.com\\\/#organization\",\"name\":\"\u041f\u0417\u0423 \u0414-\u0440 \u041e\u0440\u0433\u0430\u043d\u045f\u0438\u0441\u043a\u0438\",\"url\":\"https:\\\/\\\/organdziski.com\\\/\",\"logo\":{\"@type\":\"ImageObject\",\"inLanguage\":\"sq-AL\",\"@id\":\"https:\\\/\\\/organdziski.com\\\/#\\\/schema\\\/logo\\\/image\\\/\",\"url\":\"https:\\\/\\\/organdziski.com\\\/wp-content\\\/uploads\\\/2024\\\/04\\\/organdziski.svg\",\"contentUrl\":\"https:\\\/\\\/organdziski.com\\\/wp-content\\\/uploads\\\/2024\\\/04\\\/organdziski.svg\",\"width\":341,\"height\":63,\"caption\":\"\u041f\u0417\u0423 \u0414-\u0440 \u041e\u0440\u0433\u0430\u043d\u045f\u0438\u0441\u043a\u0438\"},\"image\":{\"@id\":\"https:\\\/\\\/organdziski.com\\\/#\\\/schema\\\/logo\\\/image\\\/\"},\"sameAs\":[\"https:\\\/\\\/www.facebook.com\\\/Dr.Organdziski\",\"https:\\\/\\\/www.instagram.com\\\/bolnicadrorgandziski\\\/\",\"https:\\\/\\\/www.youtube.com\\\/channel\\\/UCVzAHTjH-QvDcCGm19znLyA\"]}]}<\/script>\n<!-- \/ Yoast SEO Premium plugin. -->","yoast_head_json":{"title":"Ultratinguj - \u041f\u0417\u0423 \u0414-\u0440 \u041e\u0440\u0433\u0430\u043d\u045f\u0438\u0441\u043a\u0438","robots":{"index":"index","follow":"follow","max-snippet":"max-snippet:-1","max-image-preview":"max-image-preview:large","max-video-preview":"max-video-preview:-1"},"canonical":"https:\/\/organdziski.com\/ultrazvuk\/","og_locale":"sq_AL","og_type":"article","og_title":"Ultratinguj","og_description":"Gjat\u00eb shtatz\u00ebnis\u00eb rekomandohet kryerja e t\u00eb pakt\u00ebn tre ekzaminimeve ekografike, t\u00eb cilat monitorojn\u00eb rritjen dhe zhvillimin e duhur t\u00eb fetusit, p\u00ebrcaktojn\u00eb mosh\u00ebn e sakt\u00eb t\u00eb shtatz\u00ebnis\u00eb dhe zbulojn\u00eb n\u00eb koh\u00eb anomalit\u00eb e fetusit. Nj\u00eb nga momentet q\u00eb mbahet mend gjat\u00eb gjith\u00eb jet\u00ebs \u00ebsht\u00eb fotoja e par\u00eb e foshnj\u00ebs s\u00eb palindur n\u00eb barkun e n\u00ebn\u00ebs. Me...","og_url":"https:\/\/organdziski.com\/ultrazvuk\/","og_site_name":"\u041f\u0417\u0423 \u0414-\u0440 \u041e\u0440\u0433\u0430\u043d\u045f\u0438\u0441\u043a\u0438","article_publisher":"https:\/\/www.facebook.com\/Dr.Organdziski","article_modified_time":"2024-06-18T21:26:09+00:00","twitter_card":"summary_large_image","twitter_misc":{"Est. reading time":"6 minutes"},"schema":{"@context":"https:\/\/schema.org","@graph":[{"@type":"WebPage","@id":"https:\/\/organdziski.com\/ultrazvuk\/","url":"https:\/\/organdziski.com\/ultrazvuk\/","name":"Ultratinguj - \u041f\u0417\u0423 \u0414-\u0440 \u041e\u0440\u0433\u0430\u043d\u045f\u0438\u0441\u043a\u0438","isPartOf":{"@id":"https:\/\/organdziski.com\/#website"},"datePublished":"2024-05-14T15:33:55+00:00","dateModified":"2024-06-18T21:26:09+00:00","breadcrumb":{"@id":"https:\/\/organdziski.com\/ultrazvuk\/#breadcrumb"},"inLanguage":"sq-AL","potentialAction":[{"@type":"ReadAction","target":["https:\/\/organdziski.com\/ultrazvuk\/"]}]},{"@type":"BreadcrumbList","@id":"https:\/\/organdziski.com\/ultrazvuk\/#breadcrumb","itemListElement":[{"@type":"ListItem","position":1,"name":"Home","item":"https:\/\/organdziski.com\/"},{"@type":"ListItem","position":2,"name":"Ultratinguj"}]},{"@type":"WebSite","@id":"https:\/\/organdziski.com\/#website","url":"https:\/\/organdziski.com\/","name":"\u041f\u0417\u0423 \u0414-\u0440 \u041e\u0440\u0433\u0430\u043d\u045f\u0438\u0441\u043a\u0438","description":"\u0421\u043f\u0435\u0446\u0438\u0458\u0430\u043b\u0438\u0437\u0438\u0440\u0430\u043d\u0430 \u0431\u043e\u043b\u043d\u0438\u0446\u0430 \u043f\u043e \u0433\u0438\u043d\u0435\u043a\u043e\u043b\u043e\u0433\u0438\u0458\u0430 \u0438 \u0430\u043a\u0443\u0448\u0435\u0440\u0441\u0442\u0432\u043e","publisher":{"@id":"https:\/\/organdziski.com\/#organization"},"potentialAction":[{"@type":"SearchAction","target":{"@type":"EntryPoint","urlTemplate":"https:\/\/organdziski.com\/?s={search_term_string}"},"query-input":{"@type":"PropertyValueSpecification","valueRequired":true,"valueName":"search_term_string"}}],"inLanguage":"sq-AL"},{"@type":"Organization","@id":"https:\/\/organdziski.com\/#organization","name":"\u041f\u0417\u0423 \u0414-\u0440 \u041e\u0440\u0433\u0430\u043d\u045f\u0438\u0441\u043a\u0438","url":"https:\/\/organdziski.com\/","logo":{"@type":"ImageObject","inLanguage":"sq-AL","@id":"https:\/\/organdziski.com\/#\/schema\/logo\/image\/","url":"https:\/\/organdziski.com\/wp-content\/uploads\/2024\/04\/organdziski.svg","contentUrl":"https:\/\/organdziski.com\/wp-content\/uploads\/2024\/04\/organdziski.svg","width":341,"height":63,"caption":"\u041f\u0417\u0423 \u0414-\u0440 \u041e\u0440\u0433\u0430\u043d\u045f\u0438\u0441\u043a\u0438"},"image":{"@id":"https:\/\/organdziski.com\/#\/schema\/logo\/image\/"},"sameAs":["https:\/\/www.facebook.com\/Dr.Organdziski","https:\/\/www.instagram.com\/bolnicadrorgandziski\/","https:\/\/www.youtube.com\/channel\/UCVzAHTjH-QvDcCGm19znLyA"]}]}},"_links":{"self":[{"href":"https:\/\/organdziski.com\/sq\/wp-json\/wp\/v2\/pages\/15657","targetHints":{"allow":["GET"]}}],"collection":[{"href":"https:\/\/organdziski.com\/sq\/wp-json\/wp\/v2\/pages"}],"about":[{"href":"https:\/\/organdziski.com\/sq\/wp-json\/wp\/v2\/types\/page"}],"author":[{"embeddable":true,"href":"https:\/\/organdziski.com\/sq\/wp-json\/wp\/v2\/users\/1"}],"replies":[{"embeddable":true,"href":"https:\/\/organdziski.com\/sq\/wp-json\/wp\/v2\/comments?post=15657"}],"version-history":[{"count":4,"href":"https:\/\/organdziski.com\/sq\/wp-json\/wp\/v2\/pages\/15657\/revisions"}],"predecessor-version":[{"id":15661,"href":"https:\/\/organdziski.com\/sq\/wp-json\/wp\/v2\/pages\/15657\/revisions\/15661"}],"wp:attachment":[{"href":"https:\/\/organdziski.com\/sq\/wp-json\/wp\/v2\/media?parent=15657"}],"curies":[{"name":"wp","href":"https:\/\/api.w.org\/{rel}","templated":true}]}}