{"id":15665,"date":"2024-05-14T15:44:58","date_gmt":"2024-05-14T15:44:58","guid":{"rendered":"https:\/\/organdziski.com\/?page_id=15665"},"modified":"2024-06-18T21:27:04","modified_gmt":"2024-06-18T21:27:04","slug":"diabeti-ne-shtatzeni","status":"publish","type":"page","link":"https:\/\/organdziski.com\/sq\/diabeti-ne-shtatzeni\/","title":{"rendered":"Diabeti n\u00eb shtatz\u00ebni"},"content":{"rendered":"\t\t<div data-elementor-type=\"wp-page\" data-elementor-id=\"15665\" class=\"elementor elementor-15665 elementor-10668\" data-elementor-post-type=\"page\">\n\t\t\t\t<div class=\"elementor-element elementor-element-46fc25c e-flex e-con-boxed e-con e-parent\" data-id=\"46fc25c\" data-element_type=\"container\">\n\t\t\t\t\t<div class=\"e-con-inner\">\n\t\t\t\t<div class=\"elementor-element elementor-element-58619cc elementor-widget elementor-widget-heading\" data-id=\"58619cc\" data-element_type=\"widget\" data-widget_type=\"heading.default\">\n\t\t\t\t<div class=\"elementor-widget-container\">\n\t\t\t<h2 class=\"elementor-heading-title elementor-size-default\">Diabeti n\u00eb shtatz\u00ebni<\/h2>\t\t<\/div>\n\t\t\t\t<\/div>\n\t\t\t\t<div class=\"elementor-element elementor-element-93d80a2 elementor-widget elementor-widget-text-editor\" data-id=\"93d80a2\" data-element_type=\"widget\" data-widget_type=\"text-editor.default\">\n\t\t\t\t<div class=\"elementor-widget-container\">\n\t\t\t\t\t\t\t<p>Diabeti \u00ebsht\u00eb nj\u00eb nga nd\u00ebrlikimet m\u00eb t\u00eb zakonshme gjat\u00eb shtatz\u00ebnis\u00eb. Mund t\u00eb jet\u00eb diabeti pregestacional (para shtatz\u00ebnis\u00eb) dhe diabeti gestacional q\u00eb shfaqet vet\u00ebm gjat\u00eb shtatz\u00ebnis\u00eb.<\/p><p>Diabeti pregestacional i zhvilluar para shtatz\u00ebnis\u00eb sjell rreziqe t\u00eb m\u00ebdha p\u00ebr rrjedh\u00ebn e shtatz\u00ebnis\u00eb dhe p\u00ebr fetusin. Sa m\u00eb shum\u00eb t\u00eb d\u00ebmtohet trupi i n\u00ebn\u00ebs, aq m\u00eb t\u00eb m\u00ebdha jan\u00eb nd\u00ebrlikimet gjat\u00eb shtatz\u00ebnis\u00eb. T\u00eb gjitha grat\u00eb me diabet pregestacional dhe q\u00eb d\u00ebshirojn\u00eb t\u00eb mbeten shtatz\u00ebn\u00eb duhet t\u00eb kontrollohen rrept\u00ebsisht 6 muaj para se t\u00eb mbeten shtatz\u00ebn\u00eb. Me kontrolle t\u00eb rregullta, rreziku i komplikimeve reduktohet n\u00eb minimum. Dieta luan nj\u00eb rol t\u00eb madh n\u00eb ruajtjen e kontrollit t\u00eb mir\u00eb t\u00eb diabetit.<\/p><p>Diabeti gestacional diagnostikohet gjat\u00eb vet\u00eb shtatz\u00ebnis\u00eb. N\u00eb grat\u00eb me rrezik t\u00eb lart\u00eb (rritje n\u00eb pesh\u00eb, diabeti n\u00eb familje, diabeti gestacional n\u00eb nj\u00eb shtatz\u00ebni t\u00eb m\u00ebparshme) b\u00ebhet nj\u00eb kontroll i ngarkes\u00ebs s\u00eb glukoz\u00ebs midis mosh\u00ebs 24 dhe 28 gestacionale t\u00eb shtatz\u00ebnis\u00eb.<\/p><p>Grat\u00eb q\u00eb do t\u00eb diagnostikohen me diabet duhet t\u00eb ndiqen edhe pas shtatz\u00ebnis\u00eb sepse m\u00eb shum\u00eb se gjysma zhvillojn\u00eb diabetin e tipit 2 brenda 20 viteve. Me diabetin gestacional nuk rritet rreziku i anomalive t\u00eb fetusit, por me rritjen e glicemis\u00eb kur jeni pa ngr\u00ebn\u00eb rritet p\u00ebrqindja e vdekjes s\u00eb pashpjegueshme intrauterine t\u00eb fetusit n\u00eb 4-8 jav\u00ebt e fundit t\u00eb shtatz\u00ebnis\u00eb. Te k\u00ebto gra shtatz\u00ebna, hipertensioni dhe prerja cezariane jan\u00eb m\u00eb t\u00eb shpeshta. Organet fetale te nj\u00eb n\u00ebn\u00eb me diabet jan\u00eb zgjeruar. Fetusi \u00ebsht\u00eb i madh me pesh\u00eb mbi 4000 gram. N\u00ebna ka nivele t\u00eb rritura t\u00eb glicemis\u00eb. Glukoza kalon p\u00ebrmes placent\u00ebs n\u00eb gjakun e fetusit dhe shkakton sekretimin e sasive t\u00eb m\u00ebdha t\u00eb insulin\u00ebs. Ai vepron si nj\u00eb hormon i rritjes dhe stimulon rritjen e trupit t\u00eb fetusit, si dhe shtohet deponimi i yndyr\u00ebs n\u00eb depot e yndyr\u00ebs. Shpatullat dhe shakulli i fetusit jan\u00eb m\u00eb t\u00eb prekura. Kjo \u00ebsht\u00eb arsyeja se pse tek k\u00ebta foshnja \u00ebsht\u00eb e zakonshme dystocia e shpatullave, e cila paraqet nj\u00eb situat\u00eb jasht\u00ebzakonisht t\u00eb rrezikshme dhe duhet t\u00eb zgjidhet shum\u00eb shpejt q\u00eb t\u00eb lind\u00eb nj\u00eb f\u00ebmij\u00eb t\u00eb sh\u00ebndetsh\u00ebm.<\/p><p>Diabeti gestacional duhet t\u00eb trajtohet me diet\u00eb. N\u00ebse niveli i glicemis\u00eb nuk arrin t\u00eb rregullohet me diet\u00eb, fillon terapia me insulin\u00eb. Aktiviteti fizik me mas\u00eb \u00ebsht\u00eb shum\u00eb i dobish\u00ebm.<\/p>\t\t\t\t\t\t<\/div>\n\t\t\t\t<\/div>\n\t\t\t\t\t<\/div>\n\t\t\t\t<\/div>\n\t\t\t\t<\/div>\n\t\t","protected":false},"excerpt":{"rendered":"<p>Diabeti n\u00eb shtatz\u00ebni Diabeti \u00ebsht\u00eb nj\u00eb nga nd\u00ebrlikimet m\u00eb t\u00eb zakonshme gjat\u00eb shtatz\u00ebnis\u00eb. Mund t\u00eb jet\u00eb diabeti pregestacional (para shtatz\u00ebnis\u00eb) dhe diabeti gestacional q\u00eb shfaqet vet\u00ebm gjat\u00eb shtatz\u00ebnis\u00eb. Diabeti pregestacional i zhvilluar para shtatz\u00ebnis\u00eb sjell rreziqe t\u00eb m\u00ebdha p\u00ebr rrjedh\u00ebn e shtatz\u00ebnis\u00eb dhe p\u00ebr fetusin. Sa m\u00eb shum\u00eb t\u00eb d\u00ebmtohet trupi i n\u00ebn\u00ebs, aq m\u00eb&#8230;<\/p>\n","protected":false},"author":1,"featured_media":0,"parent":0,"menu_order":0,"comment_status":"closed","ping_status":"closed","template":"","meta":{"footnotes":""},"class_list":["post-15665","page","type-page","status-publish","hentry"],"yoast_head":"<!-- This site is optimized with the Yoast SEO Premium plugin v22.7 (Yoast SEO v27.4) - https:\/\/yoast.com\/product\/yoast-seo-premium-wordpress\/ -->\n<title>Diabeti n\u00eb shtatz\u00ebni - \u041f\u0417\u0423 \u0414-\u0440 \u041e\u0440\u0433\u0430\u043d\u045f\u0438\u0441\u043a\u0438<\/title>\n<meta name=\"robots\" content=\"index, follow, max-snippet:-1, max-image-preview:large, max-video-preview:-1\" \/>\n<link rel=\"canonical\" href=\"https:\/\/organdziski.com\/dijabetes-so-bremenost\/\" \/>\n<meta property=\"og:locale\" content=\"sq_AL\" \/>\n<meta property=\"og:type\" content=\"article\" \/>\n<meta property=\"og:title\" content=\"Diabeti n\u00eb shtatz\u00ebni\" \/>\n<meta property=\"og:description\" content=\"Diabeti n\u00eb shtatz\u00ebni Diabeti \u00ebsht\u00eb nj\u00eb nga nd\u00ebrlikimet m\u00eb t\u00eb zakonshme gjat\u00eb shtatz\u00ebnis\u00eb. Mund t\u00eb jet\u00eb diabeti pregestacional (para shtatz\u00ebnis\u00eb) dhe diabeti gestacional q\u00eb shfaqet vet\u00ebm gjat\u00eb shtatz\u00ebnis\u00eb. Diabeti pregestacional i zhvilluar para shtatz\u00ebnis\u00eb sjell rreziqe t\u00eb m\u00ebdha p\u00ebr rrjedh\u00ebn e shtatz\u00ebnis\u00eb dhe p\u00ebr fetusin. Sa m\u00eb shum\u00eb t\u00eb d\u00ebmtohet trupi i n\u00ebn\u00ebs, aq m\u00eb...\" \/>\n<meta property=\"og:url\" content=\"https:\/\/organdziski.com\/dijabetes-so-bremenost\/\" \/>\n<meta property=\"og:site_name\" content=\"\u041f\u0417\u0423 \u0414-\u0440 \u041e\u0440\u0433\u0430\u043d\u045f\u0438\u0441\u043a\u0438\" \/>\n<meta property=\"article:publisher\" content=\"https:\/\/www.facebook.com\/Dr.Organdziski\" \/>\n<meta property=\"article:modified_time\" content=\"2024-06-18T21:27:04+00:00\" \/>\n<meta name=\"twitter:card\" content=\"summary_large_image\" \/>\n<meta name=\"twitter:label1\" content=\"Est. reading time\" \/>\n\t<meta name=\"twitter:data1\" content=\"2 minutes\" \/>\n<script type=\"application\/ld+json\" class=\"yoast-schema-graph\">{\"@context\":\"https:\\\/\\\/schema.org\",\"@graph\":[{\"@type\":\"WebPage\",\"@id\":\"https:\\\/\\\/organdziski.com\\\/dijabetes-so-bremenost\\\/\",\"url\":\"https:\\\/\\\/organdziski.com\\\/dijabetes-so-bremenost\\\/\",\"name\":\"Diabeti n\u00eb shtatz\u00ebni - \u041f\u0417\u0423 \u0414-\u0440 \u041e\u0440\u0433\u0430\u043d\u045f\u0438\u0441\u043a\u0438\",\"isPartOf\":{\"@id\":\"https:\\\/\\\/organdziski.com\\\/#website\"},\"datePublished\":\"2024-05-14T15:44:58+00:00\",\"dateModified\":\"2024-06-18T21:27:04+00:00\",\"breadcrumb\":{\"@id\":\"https:\\\/\\\/organdziski.com\\\/dijabetes-so-bremenost\\\/#breadcrumb\"},\"inLanguage\":\"sq-AL\",\"potentialAction\":[{\"@type\":\"ReadAction\",\"target\":[\"https:\\\/\\\/organdziski.com\\\/dijabetes-so-bremenost\\\/\"]}]},{\"@type\":\"BreadcrumbList\",\"@id\":\"https:\\\/\\\/organdziski.com\\\/dijabetes-so-bremenost\\\/#breadcrumb\",\"itemListElement\":[{\"@type\":\"ListItem\",\"position\":1,\"name\":\"Home\",\"item\":\"https:\\\/\\\/organdziski.com\\\/\"},{\"@type\":\"ListItem\",\"position\":2,\"name\":\"Diabeti n\u00eb shtatz\u00ebni\"}]},{\"@type\":\"WebSite\",\"@id\":\"https:\\\/\\\/organdziski.com\\\/#website\",\"url\":\"https:\\\/\\\/organdziski.com\\\/\",\"name\":\"\u041f\u0417\u0423 \u0414-\u0440 \u041e\u0440\u0433\u0430\u043d\u045f\u0438\u0441\u043a\u0438\",\"description\":\"\u0421\u043f\u0435\u0446\u0438\u0458\u0430\u043b\u0438\u0437\u0438\u0440\u0430\u043d\u0430 \u0431\u043e\u043b\u043d\u0438\u0446\u0430 \u043f\u043e \u0433\u0438\u043d\u0435\u043a\u043e\u043b\u043e\u0433\u0438\u0458\u0430 \u0438 \u0430\u043a\u0443\u0448\u0435\u0440\u0441\u0442\u0432\u043e\",\"publisher\":{\"@id\":\"https:\\\/\\\/organdziski.com\\\/#organization\"},\"potentialAction\":[{\"@type\":\"SearchAction\",\"target\":{\"@type\":\"EntryPoint\",\"urlTemplate\":\"https:\\\/\\\/organdziski.com\\\/?s={search_term_string}\"},\"query-input\":{\"@type\":\"PropertyValueSpecification\",\"valueRequired\":true,\"valueName\":\"search_term_string\"}}],\"inLanguage\":\"sq-AL\"},{\"@type\":\"Organization\",\"@id\":\"https:\\\/\\\/organdziski.com\\\/#organization\",\"name\":\"\u041f\u0417\u0423 \u0414-\u0440 \u041e\u0440\u0433\u0430\u043d\u045f\u0438\u0441\u043a\u0438\",\"url\":\"https:\\\/\\\/organdziski.com\\\/\",\"logo\":{\"@type\":\"ImageObject\",\"inLanguage\":\"sq-AL\",\"@id\":\"https:\\\/\\\/organdziski.com\\\/#\\\/schema\\\/logo\\\/image\\\/\",\"url\":\"https:\\\/\\\/organdziski.com\\\/wp-content\\\/uploads\\\/2024\\\/04\\\/organdziski.svg\",\"contentUrl\":\"https:\\\/\\\/organdziski.com\\\/wp-content\\\/uploads\\\/2024\\\/04\\\/organdziski.svg\",\"width\":341,\"height\":63,\"caption\":\"\u041f\u0417\u0423 \u0414-\u0440 \u041e\u0440\u0433\u0430\u043d\u045f\u0438\u0441\u043a\u0438\"},\"image\":{\"@id\":\"https:\\\/\\\/organdziski.com\\\/#\\\/schema\\\/logo\\\/image\\\/\"},\"sameAs\":[\"https:\\\/\\\/www.facebook.com\\\/Dr.Organdziski\",\"https:\\\/\\\/www.instagram.com\\\/bolnicadrorgandziski\\\/\",\"https:\\\/\\\/www.youtube.com\\\/channel\\\/UCVzAHTjH-QvDcCGm19znLyA\"]}]}<\/script>\n<!-- \/ Yoast SEO Premium plugin. -->","yoast_head_json":{"title":"Diabeti n\u00eb shtatz\u00ebni - \u041f\u0417\u0423 \u0414-\u0440 \u041e\u0440\u0433\u0430\u043d\u045f\u0438\u0441\u043a\u0438","robots":{"index":"index","follow":"follow","max-snippet":"max-snippet:-1","max-image-preview":"max-image-preview:large","max-video-preview":"max-video-preview:-1"},"canonical":"https:\/\/organdziski.com\/dijabetes-so-bremenost\/","og_locale":"sq_AL","og_type":"article","og_title":"Diabeti n\u00eb shtatz\u00ebni","og_description":"Diabeti n\u00eb shtatz\u00ebni Diabeti \u00ebsht\u00eb nj\u00eb nga nd\u00ebrlikimet m\u00eb t\u00eb zakonshme gjat\u00eb shtatz\u00ebnis\u00eb. Mund t\u00eb jet\u00eb diabeti pregestacional (para shtatz\u00ebnis\u00eb) dhe diabeti gestacional q\u00eb shfaqet vet\u00ebm gjat\u00eb shtatz\u00ebnis\u00eb. Diabeti pregestacional i zhvilluar para shtatz\u00ebnis\u00eb sjell rreziqe t\u00eb m\u00ebdha p\u00ebr rrjedh\u00ebn e shtatz\u00ebnis\u00eb dhe p\u00ebr fetusin. Sa m\u00eb shum\u00eb t\u00eb d\u00ebmtohet trupi i n\u00ebn\u00ebs, aq m\u00eb...","og_url":"https:\/\/organdziski.com\/dijabetes-so-bremenost\/","og_site_name":"\u041f\u0417\u0423 \u0414-\u0440 \u041e\u0440\u0433\u0430\u043d\u045f\u0438\u0441\u043a\u0438","article_publisher":"https:\/\/www.facebook.com\/Dr.Organdziski","article_modified_time":"2024-06-18T21:27:04+00:00","twitter_card":"summary_large_image","twitter_misc":{"Est. reading time":"2 minutes"},"schema":{"@context":"https:\/\/schema.org","@graph":[{"@type":"WebPage","@id":"https:\/\/organdziski.com\/dijabetes-so-bremenost\/","url":"https:\/\/organdziski.com\/dijabetes-so-bremenost\/","name":"Diabeti n\u00eb shtatz\u00ebni - \u041f\u0417\u0423 \u0414-\u0440 \u041e\u0440\u0433\u0430\u043d\u045f\u0438\u0441\u043a\u0438","isPartOf":{"@id":"https:\/\/organdziski.com\/#website"},"datePublished":"2024-05-14T15:44:58+00:00","dateModified":"2024-06-18T21:27:04+00:00","breadcrumb":{"@id":"https:\/\/organdziski.com\/dijabetes-so-bremenost\/#breadcrumb"},"inLanguage":"sq-AL","potentialAction":[{"@type":"ReadAction","target":["https:\/\/organdziski.com\/dijabetes-so-bremenost\/"]}]},{"@type":"BreadcrumbList","@id":"https:\/\/organdziski.com\/dijabetes-so-bremenost\/#breadcrumb","itemListElement":[{"@type":"ListItem","position":1,"name":"Home","item":"https:\/\/organdziski.com\/"},{"@type":"ListItem","position":2,"name":"Diabeti n\u00eb shtatz\u00ebni"}]},{"@type":"WebSite","@id":"https:\/\/organdziski.com\/#website","url":"https:\/\/organdziski.com\/","name":"\u041f\u0417\u0423 \u0414-\u0440 \u041e\u0440\u0433\u0430\u043d\u045f\u0438\u0441\u043a\u0438","description":"\u0421\u043f\u0435\u0446\u0438\u0458\u0430\u043b\u0438\u0437\u0438\u0440\u0430\u043d\u0430 \u0431\u043e\u043b\u043d\u0438\u0446\u0430 \u043f\u043e \u0433\u0438\u043d\u0435\u043a\u043e\u043b\u043e\u0433\u0438\u0458\u0430 \u0438 \u0430\u043a\u0443\u0448\u0435\u0440\u0441\u0442\u0432\u043e","publisher":{"@id":"https:\/\/organdziski.com\/#organization"},"potentialAction":[{"@type":"SearchAction","target":{"@type":"EntryPoint","urlTemplate":"https:\/\/organdziski.com\/?s={search_term_string}"},"query-input":{"@type":"PropertyValueSpecification","valueRequired":true,"valueName":"search_term_string"}}],"inLanguage":"sq-AL"},{"@type":"Organization","@id":"https:\/\/organdziski.com\/#organization","name":"\u041f\u0417\u0423 \u0414-\u0440 \u041e\u0440\u0433\u0430\u043d\u045f\u0438\u0441\u043a\u0438","url":"https:\/\/organdziski.com\/","logo":{"@type":"ImageObject","inLanguage":"sq-AL","@id":"https:\/\/organdziski.com\/#\/schema\/logo\/image\/","url":"https:\/\/organdziski.com\/wp-content\/uploads\/2024\/04\/organdziski.svg","contentUrl":"https:\/\/organdziski.com\/wp-content\/uploads\/2024\/04\/organdziski.svg","width":341,"height":63,"caption":"\u041f\u0417\u0423 \u0414-\u0440 \u041e\u0440\u0433\u0430\u043d\u045f\u0438\u0441\u043a\u0438"},"image":{"@id":"https:\/\/organdziski.com\/#\/schema\/logo\/image\/"},"sameAs":["https:\/\/www.facebook.com\/Dr.Organdziski","https:\/\/www.instagram.com\/bolnicadrorgandziski\/","https:\/\/www.youtube.com\/channel\/UCVzAHTjH-QvDcCGm19znLyA"]}]}},"_links":{"self":[{"href":"https:\/\/organdziski.com\/sq\/wp-json\/wp\/v2\/pages\/15665","targetHints":{"allow":["GET"]}}],"collection":[{"href":"https:\/\/organdziski.com\/sq\/wp-json\/wp\/v2\/pages"}],"about":[{"href":"https:\/\/organdziski.com\/sq\/wp-json\/wp\/v2\/types\/page"}],"author":[{"embeddable":true,"href":"https:\/\/organdziski.com\/sq\/wp-json\/wp\/v2\/users\/1"}],"replies":[{"embeddable":true,"href":"https:\/\/organdziski.com\/sq\/wp-json\/wp\/v2\/comments?post=15665"}],"version-history":[{"count":3,"href":"https:\/\/organdziski.com\/sq\/wp-json\/wp\/v2\/pages\/15665\/revisions"}],"predecessor-version":[{"id":15668,"href":"https:\/\/organdziski.com\/sq\/wp-json\/wp\/v2\/pages\/15665\/revisions\/15668"}],"wp:attachment":[{"href":"https:\/\/organdziski.com\/sq\/wp-json\/wp\/v2\/media?parent=15665"}],"curies":[{"name":"wp","href":"https:\/\/api.w.org\/{rel}","templated":true}]}}