{"id":15669,"date":"2024-05-14T15:49:15","date_gmt":"2024-05-14T15:49:15","guid":{"rendered":"https:\/\/organdziski.com\/?page_id=15669"},"modified":"2024-06-18T21:29:36","modified_gmt":"2024-06-18T21:29:36","slug":"ctg-monitorim-i-fetusit","status":"publish","type":"page","link":"https:\/\/organdziski.com\/sq\/ctg-monitorim-i-fetusit\/","title":{"rendered":"CTG (Monitorim i fetusit)"},"content":{"rendered":"\t\t<div data-elementor-type=\"wp-page\" data-elementor-id=\"15669\" class=\"elementor elementor-15669 elementor-10680\" data-elementor-post-type=\"page\">\n\t\t\t\t<div class=\"elementor-element elementor-element-74261b1 e-flex e-con-boxed e-con e-parent\" data-id=\"74261b1\" data-element_type=\"container\">\n\t\t\t\t\t<div class=\"e-con-inner\">\n\t\t\t\t<div class=\"elementor-element elementor-element-1171410 elementor-widget elementor-widget-text-editor\" data-id=\"1171410\" data-element_type=\"widget\" data-widget_type=\"text-editor.default\">\n\t\t\t\t<div class=\"elementor-widget-container\">\n\t\t\t\t\t\t\t<p>M\u00ebnyra m\u00eb e mir\u00eb p\u00ebr t\u00eb monitoruar gjendjen e fetusit \u00ebsht\u00eb regjistrimi i tingujve t\u00eb zemr\u00ebs. Monitorimi elektronik (CTG) b\u00ebhet nga java e 28-t\u00eb e shtatz\u00ebnis\u00eb dhe n\u00eb var\u00ebsi t\u00eb nevojave mund t\u00eb b\u00ebhet nj\u00eb her\u00eb n\u00eb jav\u00eb, por n\u00eb shtatz\u00ebnit\u00eb e rrezikshme dhe m\u00eb shpesh.<\/p><p>N\u00ebse regjistrohet vet\u00ebm frekuenca e veprimit t\u00eb zemr\u00ebs s\u00eb fetusit, n\u00eb munges\u00eb t\u00eb kontraktimeve t\u00eb mitr\u00ebs, quhet test jo stresi, i cili \u00ebsht\u00eb jasht\u00ebzakonisht i r\u00ebnd\u00ebsish\u00ebm p\u00ebr vler\u00ebsimin e gjendjes s\u00eb fetusit. Kontraktimet e mitr\u00ebs dihet se reduktojn\u00eb perfuzionin e mitr\u00ebs dhe n\u00eb k\u00ebt\u00eb m\u00ebnyr\u00eb zbrazin rezervat e nj\u00ebsis\u00eb feto-placentare q\u00eb mund\u00ebsojn\u00eb lindjen e sigurt t\u00eb fetusit. N\u00ebse veprimi i zemr\u00ebs s\u00eb fetusit regjistrohet n\u00eb kushte kur ka kontraktime t\u00eb mitr\u00ebs, ose spontane ose t\u00eb provokuara nga oksitocina &#8211; i ashtuquajturi testi i stresit ose testi i oksitocin\u00ebs. Kriteret e m\u00ebposhtme kardiotokografike p\u00ebrdoren p\u00ebr t\u00eb karakterizuar gjendjet normale dhe patologjike t\u00eb fetusit.<\/p><ul><li>Bradikardia &#8211; kur rrahjet e zemr\u00ebs bien n\u00ebn 120 rrahje n\u00eb minut\u00eb dhe takikardia kur ato rriten mbi 160 rrahje n\u00eb minut\u00eb.<\/li><li>Ndryshueshm\u00ebria \u2014 rrahjet e zemr\u00ebs jan\u00eb nj\u00eb fenomen normal. Mungesa e ndryshueshm\u00ebris\u00eb flet p\u00ebr shqet\u00ebsim fetal ose gjum\u00eb t\u00eb fetusit.<\/li><li>P\u00ebrshpejtimi \u2013 nxitimi mbi 15 rrahje n\u00eb minut\u00eb \u00ebsht\u00eb shenj\u00eb e gjendjes s\u00eb mir\u00eb t\u00eb fetusit.<\/li><li>Ngadal\u00ebsimi \u2013 frekuenca bie n\u00ebn vij\u00ebn bazale. Dallohen ngadal\u00ebsime t\u00eb hershme, t\u00eb vonshme dhe t\u00eb rralla. Dy t\u00eb fundit flasin p\u00ebr vuajtjet e fetusit.<\/li><\/ul><p>Gjat\u00eb diagnostikimit t\u00eb shqet\u00ebsimit t\u00eb fetusit, \u00ebsht\u00eb e nevojshme t\u00eb p\u00ebrfundoni lindjen sa m\u00eb shpejt t\u00eb jet\u00eb e mundur.<\/p>\t\t\t\t\t\t<\/div>\n\t\t\t\t<\/div>\n\t\t\t\t\t<\/div>\n\t\t\t\t<\/div>\n\t\t\t\t<\/div>\n\t\t","protected":false},"excerpt":{"rendered":"<p>M\u00ebnyra m\u00eb e mir\u00eb p\u00ebr t\u00eb monitoruar gjendjen e fetusit \u00ebsht\u00eb regjistrimi i tingujve t\u00eb zemr\u00ebs. Monitorimi elektronik (CTG) b\u00ebhet nga java e 28-t\u00eb e shtatz\u00ebnis\u00eb dhe n\u00eb var\u00ebsi t\u00eb nevojave mund t\u00eb b\u00ebhet nj\u00eb her\u00eb n\u00eb jav\u00eb, por n\u00eb shtatz\u00ebnit\u00eb e rrezikshme dhe m\u00eb shpesh. N\u00ebse regjistrohet vet\u00ebm frekuenca e veprimit t\u00eb zemr\u00ebs s\u00eb&#8230;<\/p>\n","protected":false},"author":1,"featured_media":0,"parent":0,"menu_order":0,"comment_status":"closed","ping_status":"closed","template":"","meta":{"footnotes":""},"class_list":["post-15669","page","type-page","status-publish","hentry"],"yoast_head":"<!-- This site is optimized with the Yoast SEO Premium plugin v22.7 (Yoast SEO v27.4) - https:\/\/yoast.com\/product\/yoast-seo-premium-wordpress\/ -->\n<title>CTG (Monitorim i fetusit) - \u041f\u0417\u0423 \u0414-\u0440 \u041e\u0440\u0433\u0430\u043d\u045f\u0438\u0441\u043a\u0438<\/title>\n<meta name=\"robots\" content=\"index, follow, max-snippet:-1, max-image-preview:large, max-video-preview:-1\" \/>\n<link rel=\"canonical\" href=\"https:\/\/organdziski.com\/ctg-fetalen-monitor\/\" \/>\n<meta property=\"og:locale\" content=\"sq_AL\" \/>\n<meta property=\"og:type\" content=\"article\" \/>\n<meta property=\"og:title\" content=\"CTG (Monitorim i fetusit)\" \/>\n<meta property=\"og:description\" content=\"M\u00ebnyra m\u00eb e mir\u00eb p\u00ebr t\u00eb monitoruar gjendjen e fetusit \u00ebsht\u00eb regjistrimi i tingujve t\u00eb zemr\u00ebs. Monitorimi elektronik (CTG) b\u00ebhet nga java e 28-t\u00eb e shtatz\u00ebnis\u00eb dhe n\u00eb var\u00ebsi t\u00eb nevojave mund t\u00eb b\u00ebhet nj\u00eb her\u00eb n\u00eb jav\u00eb, por n\u00eb shtatz\u00ebnit\u00eb e rrezikshme dhe m\u00eb shpesh. N\u00ebse regjistrohet vet\u00ebm frekuenca e veprimit t\u00eb zemr\u00ebs s\u00eb...\" \/>\n<meta property=\"og:url\" content=\"https:\/\/organdziski.com\/ctg-fetalen-monitor\/\" \/>\n<meta property=\"og:site_name\" content=\"\u041f\u0417\u0423 \u0414-\u0440 \u041e\u0440\u0433\u0430\u043d\u045f\u0438\u0441\u043a\u0438\" \/>\n<meta property=\"article:publisher\" content=\"https:\/\/www.facebook.com\/Dr.Organdziski\" \/>\n<meta property=\"article:modified_time\" content=\"2024-06-18T21:29:36+00:00\" \/>\n<meta name=\"twitter:card\" content=\"summary_large_image\" \/>\n<meta name=\"twitter:label1\" content=\"Est. reading time\" \/>\n\t<meta name=\"twitter:data1\" content=\"2 minutes\" \/>\n<script type=\"application\/ld+json\" class=\"yoast-schema-graph\">{\"@context\":\"https:\\\/\\\/schema.org\",\"@graph\":[{\"@type\":\"WebPage\",\"@id\":\"https:\\\/\\\/organdziski.com\\\/ctg-fetalen-monitor\\\/\",\"url\":\"https:\\\/\\\/organdziski.com\\\/ctg-fetalen-monitor\\\/\",\"name\":\"CTG (Monitorim i fetusit) - \u041f\u0417\u0423 \u0414-\u0440 \u041e\u0440\u0433\u0430\u043d\u045f\u0438\u0441\u043a\u0438\",\"isPartOf\":{\"@id\":\"https:\\\/\\\/organdziski.com\\\/#website\"},\"datePublished\":\"2024-05-14T15:49:15+00:00\",\"dateModified\":\"2024-06-18T21:29:36+00:00\",\"breadcrumb\":{\"@id\":\"https:\\\/\\\/organdziski.com\\\/ctg-fetalen-monitor\\\/#breadcrumb\"},\"inLanguage\":\"sq-AL\",\"potentialAction\":[{\"@type\":\"ReadAction\",\"target\":[\"https:\\\/\\\/organdziski.com\\\/ctg-fetalen-monitor\\\/\"]}]},{\"@type\":\"BreadcrumbList\",\"@id\":\"https:\\\/\\\/organdziski.com\\\/ctg-fetalen-monitor\\\/#breadcrumb\",\"itemListElement\":[{\"@type\":\"ListItem\",\"position\":1,\"name\":\"Home\",\"item\":\"https:\\\/\\\/organdziski.com\\\/\"},{\"@type\":\"ListItem\",\"position\":2,\"name\":\"CTG (Monitorim i fetusit)\"}]},{\"@type\":\"WebSite\",\"@id\":\"https:\\\/\\\/organdziski.com\\\/#website\",\"url\":\"https:\\\/\\\/organdziski.com\\\/\",\"name\":\"\u041f\u0417\u0423 \u0414-\u0440 \u041e\u0440\u0433\u0430\u043d\u045f\u0438\u0441\u043a\u0438\",\"description\":\"\u0421\u043f\u0435\u0446\u0438\u0458\u0430\u043b\u0438\u0437\u0438\u0440\u0430\u043d\u0430 \u0431\u043e\u043b\u043d\u0438\u0446\u0430 \u043f\u043e \u0433\u0438\u043d\u0435\u043a\u043e\u043b\u043e\u0433\u0438\u0458\u0430 \u0438 \u0430\u043a\u0443\u0448\u0435\u0440\u0441\u0442\u0432\u043e\",\"publisher\":{\"@id\":\"https:\\\/\\\/organdziski.com\\\/#organization\"},\"potentialAction\":[{\"@type\":\"SearchAction\",\"target\":{\"@type\":\"EntryPoint\",\"urlTemplate\":\"https:\\\/\\\/organdziski.com\\\/?s={search_term_string}\"},\"query-input\":{\"@type\":\"PropertyValueSpecification\",\"valueRequired\":true,\"valueName\":\"search_term_string\"}}],\"inLanguage\":\"sq-AL\"},{\"@type\":\"Organization\",\"@id\":\"https:\\\/\\\/organdziski.com\\\/#organization\",\"name\":\"\u041f\u0417\u0423 \u0414-\u0440 \u041e\u0440\u0433\u0430\u043d\u045f\u0438\u0441\u043a\u0438\",\"url\":\"https:\\\/\\\/organdziski.com\\\/\",\"logo\":{\"@type\":\"ImageObject\",\"inLanguage\":\"sq-AL\",\"@id\":\"https:\\\/\\\/organdziski.com\\\/#\\\/schema\\\/logo\\\/image\\\/\",\"url\":\"https:\\\/\\\/organdziski.com\\\/wp-content\\\/uploads\\\/2024\\\/04\\\/organdziski.svg\",\"contentUrl\":\"https:\\\/\\\/organdziski.com\\\/wp-content\\\/uploads\\\/2024\\\/04\\\/organdziski.svg\",\"width\":341,\"height\":63,\"caption\":\"\u041f\u0417\u0423 \u0414-\u0440 \u041e\u0440\u0433\u0430\u043d\u045f\u0438\u0441\u043a\u0438\"},\"image\":{\"@id\":\"https:\\\/\\\/organdziski.com\\\/#\\\/schema\\\/logo\\\/image\\\/\"},\"sameAs\":[\"https:\\\/\\\/www.facebook.com\\\/Dr.Organdziski\",\"https:\\\/\\\/www.instagram.com\\\/bolnicadrorgandziski\\\/\",\"https:\\\/\\\/www.youtube.com\\\/channel\\\/UCVzAHTjH-QvDcCGm19znLyA\"]}]}<\/script>\n<!-- \/ Yoast SEO Premium plugin. -->","yoast_head_json":{"title":"CTG (Monitorim i fetusit) - \u041f\u0417\u0423 \u0414-\u0440 \u041e\u0440\u0433\u0430\u043d\u045f\u0438\u0441\u043a\u0438","robots":{"index":"index","follow":"follow","max-snippet":"max-snippet:-1","max-image-preview":"max-image-preview:large","max-video-preview":"max-video-preview:-1"},"canonical":"https:\/\/organdziski.com\/ctg-fetalen-monitor\/","og_locale":"sq_AL","og_type":"article","og_title":"CTG (Monitorim i fetusit)","og_description":"M\u00ebnyra m\u00eb e mir\u00eb p\u00ebr t\u00eb monitoruar gjendjen e fetusit \u00ebsht\u00eb regjistrimi i tingujve t\u00eb zemr\u00ebs. Monitorimi elektronik (CTG) b\u00ebhet nga java e 28-t\u00eb e shtatz\u00ebnis\u00eb dhe n\u00eb var\u00ebsi t\u00eb nevojave mund t\u00eb b\u00ebhet nj\u00eb her\u00eb n\u00eb jav\u00eb, por n\u00eb shtatz\u00ebnit\u00eb e rrezikshme dhe m\u00eb shpesh. N\u00ebse regjistrohet vet\u00ebm frekuenca e veprimit t\u00eb zemr\u00ebs s\u00eb...","og_url":"https:\/\/organdziski.com\/ctg-fetalen-monitor\/","og_site_name":"\u041f\u0417\u0423 \u0414-\u0440 \u041e\u0440\u0433\u0430\u043d\u045f\u0438\u0441\u043a\u0438","article_publisher":"https:\/\/www.facebook.com\/Dr.Organdziski","article_modified_time":"2024-06-18T21:29:36+00:00","twitter_card":"summary_large_image","twitter_misc":{"Est. reading time":"2 minutes"},"schema":{"@context":"https:\/\/schema.org","@graph":[{"@type":"WebPage","@id":"https:\/\/organdziski.com\/ctg-fetalen-monitor\/","url":"https:\/\/organdziski.com\/ctg-fetalen-monitor\/","name":"CTG (Monitorim i fetusit) - \u041f\u0417\u0423 \u0414-\u0440 \u041e\u0440\u0433\u0430\u043d\u045f\u0438\u0441\u043a\u0438","isPartOf":{"@id":"https:\/\/organdziski.com\/#website"},"datePublished":"2024-05-14T15:49:15+00:00","dateModified":"2024-06-18T21:29:36+00:00","breadcrumb":{"@id":"https:\/\/organdziski.com\/ctg-fetalen-monitor\/#breadcrumb"},"inLanguage":"sq-AL","potentialAction":[{"@type":"ReadAction","target":["https:\/\/organdziski.com\/ctg-fetalen-monitor\/"]}]},{"@type":"BreadcrumbList","@id":"https:\/\/organdziski.com\/ctg-fetalen-monitor\/#breadcrumb","itemListElement":[{"@type":"ListItem","position":1,"name":"Home","item":"https:\/\/organdziski.com\/"},{"@type":"ListItem","position":2,"name":"CTG (Monitorim i fetusit)"}]},{"@type":"WebSite","@id":"https:\/\/organdziski.com\/#website","url":"https:\/\/organdziski.com\/","name":"\u041f\u0417\u0423 \u0414-\u0440 \u041e\u0440\u0433\u0430\u043d\u045f\u0438\u0441\u043a\u0438","description":"\u0421\u043f\u0435\u0446\u0438\u0458\u0430\u043b\u0438\u0437\u0438\u0440\u0430\u043d\u0430 \u0431\u043e\u043b\u043d\u0438\u0446\u0430 \u043f\u043e \u0433\u0438\u043d\u0435\u043a\u043e\u043b\u043e\u0433\u0438\u0458\u0430 \u0438 \u0430\u043a\u0443\u0448\u0435\u0440\u0441\u0442\u0432\u043e","publisher":{"@id":"https:\/\/organdziski.com\/#organization"},"potentialAction":[{"@type":"SearchAction","target":{"@type":"EntryPoint","urlTemplate":"https:\/\/organdziski.com\/?s={search_term_string}"},"query-input":{"@type":"PropertyValueSpecification","valueRequired":true,"valueName":"search_term_string"}}],"inLanguage":"sq-AL"},{"@type":"Organization","@id":"https:\/\/organdziski.com\/#organization","name":"\u041f\u0417\u0423 \u0414-\u0440 \u041e\u0440\u0433\u0430\u043d\u045f\u0438\u0441\u043a\u0438","url":"https:\/\/organdziski.com\/","logo":{"@type":"ImageObject","inLanguage":"sq-AL","@id":"https:\/\/organdziski.com\/#\/schema\/logo\/image\/","url":"https:\/\/organdziski.com\/wp-content\/uploads\/2024\/04\/organdziski.svg","contentUrl":"https:\/\/organdziski.com\/wp-content\/uploads\/2024\/04\/organdziski.svg","width":341,"height":63,"caption":"\u041f\u0417\u0423 \u0414-\u0440 \u041e\u0440\u0433\u0430\u043d\u045f\u0438\u0441\u043a\u0438"},"image":{"@id":"https:\/\/organdziski.com\/#\/schema\/logo\/image\/"},"sameAs":["https:\/\/www.facebook.com\/Dr.Organdziski","https:\/\/www.instagram.com\/bolnicadrorgandziski\/","https:\/\/www.youtube.com\/channel\/UCVzAHTjH-QvDcCGm19znLyA"]}]}},"_links":{"self":[{"href":"https:\/\/organdziski.com\/sq\/wp-json\/wp\/v2\/pages\/15669","targetHints":{"allow":["GET"]}}],"collection":[{"href":"https:\/\/organdziski.com\/sq\/wp-json\/wp\/v2\/pages"}],"about":[{"href":"https:\/\/organdziski.com\/sq\/wp-json\/wp\/v2\/types\/page"}],"author":[{"embeddable":true,"href":"https:\/\/organdziski.com\/sq\/wp-json\/wp\/v2\/users\/1"}],"replies":[{"embeddable":true,"href":"https:\/\/organdziski.com\/sq\/wp-json\/wp\/v2\/comments?post=15669"}],"version-history":[{"count":3,"href":"https:\/\/organdziski.com\/sq\/wp-json\/wp\/v2\/pages\/15669\/revisions"}],"predecessor-version":[{"id":15672,"href":"https:\/\/organdziski.com\/sq\/wp-json\/wp\/v2\/pages\/15669\/revisions\/15672"}],"wp:attachment":[{"href":"https:\/\/organdziski.com\/sq\/wp-json\/wp\/v2\/media?parent=15669"}],"curies":[{"name":"wp","href":"https:\/\/api.w.org\/{rel}","templated":true}]}}