{"id":15674,"date":"2024-05-14T15:58:14","date_gmt":"2024-05-14T15:58:14","guid":{"rendered":"https:\/\/organdziski.com\/?page_id=15674"},"modified":"2024-06-18T21:30:55","modified_gmt":"2024-06-18T21:30:55","slug":"diagnostifikimi-me-i-mire-me-ultratinguj","status":"publish","type":"page","link":"https:\/\/organdziski.com\/sq\/diagnostifikimi-me-i-mire-me-ultratinguj\/","title":{"rendered":"Diagnostifikimi m\u00eb i mir\u00eb me ultratinguj"},"content":{"rendered":"\t\t<div data-elementor-type=\"wp-page\" data-elementor-id=\"15674\" class=\"elementor elementor-15674 elementor-10688\" data-elementor-post-type=\"page\">\n\t\t\t\t<div class=\"elementor-element elementor-element-ef328d3 e-flex e-con-boxed e-con e-parent\" data-id=\"ef328d3\" data-element_type=\"container\">\n\t\t\t\t\t<div class=\"e-con-inner\">\n\t\t\t\t<div class=\"elementor-element elementor-element-ffab4a7 elementor-widget elementor-widget-heading\" data-id=\"ffab4a7\" data-element_type=\"widget\" data-widget_type=\"heading.default\">\n\t\t\t\t<div class=\"elementor-widget-container\">\n\t\t\t<h2 class=\"elementor-heading-title elementor-size-default\">Samsung HERA W10<\/h2>\t\t<\/div>\n\t\t\t\t<\/div>\n\t\t\t\t<div class=\"elementor-element elementor-element-2b54296 elementor-widget elementor-widget-text-editor\" data-id=\"2b54296\" data-element_type=\"widget\" data-widget_type=\"text-editor.default\">\n\t\t\t\t<div class=\"elementor-widget-container\">\n\t\t\t\t\t\t\t<p>Samsung HERA W10 \u00ebsht\u00eb makina ekografike 5D dhe arritja teknologjike m\u00eb e re dhe m\u00eb e sofistikuar n\u00eb fush\u00ebn e diagnostikimit mjek\u00ebsor.<\/p><p>N\u00ebp\u00ebrmjet ekos 5D, prind\u00ebrve n\u00eb pritje u mund\u00ebsohet q\u00eb n\u00eb barkun e n\u00ebn\u00ebs \u00a0t\u00eb shohin f\u00ebmij\u00ebn e tyre, fytyr\u00ebn dhe buz\u00ebqeshjen e tij, duke l\u00ebvizur krah\u00ebt e tij. Dashuria p\u00ebr f\u00ebmij\u00ebn tuaj t\u00eb palindur nuk \u00ebsht\u00eb m\u00eb e verb\u00ebr.<\/p><p>Makina ekografike 5D Samsung HERA W10 p\u00ebrmes funksionit 3D XI mund\u00ebson shfaqjen e trurit dhe organeve t\u00eb brendshme t\u00eb fetusit, ashtu si n\u00eb tomografin\u00eb kompjuterike dhe rezonanc\u00ebn magnetike. P\u00ebr shkak t\u00eb t\u00eb gjitha k\u00ebtyre performancave dhe avantazheve t\u00eb jasht\u00ebzakonshme, kjo pajisje zgjeron shum\u00eb mund\u00ebsit\u00eb e diagnostikimit dhe sakt\u00ebsin\u00eb klinike.<\/p>\t\t\t\t\t\t<\/div>\n\t\t\t\t<\/div>\n\t\t\t\t\t<\/div>\n\t\t\t\t<\/div>\n\t\t\t\t<\/div>\n\t\t","protected":false},"excerpt":{"rendered":"<p>Samsung HERA W10 Samsung HERA W10 \u00ebsht\u00eb makina ekografike 5D dhe arritja teknologjike m\u00eb e re dhe m\u00eb e sofistikuar n\u00eb fush\u00ebn e diagnostikimit mjek\u00ebsor. N\u00ebp\u00ebrmjet ekos 5D, prind\u00ebrve n\u00eb pritje u mund\u00ebsohet q\u00eb n\u00eb barkun e n\u00ebn\u00ebs \u00a0t\u00eb shohin f\u00ebmij\u00ebn e tyre, fytyr\u00ebn dhe buz\u00ebqeshjen e tij, duke l\u00ebvizur krah\u00ebt e tij. Dashuria p\u00ebr&#8230;<\/p>\n","protected":false},"author":1,"featured_media":0,"parent":0,"menu_order":0,"comment_status":"closed","ping_status":"closed","template":"","meta":{"footnotes":""},"class_list":["post-15674","page","type-page","status-publish","hentry"],"yoast_head":"<!-- This site is optimized with the Yoast SEO Premium plugin v22.7 (Yoast SEO v27.4) - https:\/\/yoast.com\/product\/yoast-seo-premium-wordpress\/ -->\n<title>Diagnostifikimi m\u00eb i mir\u00eb me ultratinguj - \u041f\u0417\u0423 \u0414-\u0440 \u041e\u0440\u0433\u0430\u043d\u045f\u0438\u0441\u043a\u0438<\/title>\n<meta name=\"robots\" content=\"index, follow, max-snippet:-1, max-image-preview:large, max-video-preview:-1\" \/>\n<link rel=\"canonical\" href=\"https:\/\/organdziski.com\/vrvna-ultrazvucna-dijagnostika\/\" \/>\n<meta property=\"og:locale\" content=\"sq_AL\" \/>\n<meta property=\"og:type\" content=\"article\" \/>\n<meta property=\"og:title\" content=\"Diagnostifikimi m\u00eb i mir\u00eb me ultratinguj\" \/>\n<meta property=\"og:description\" content=\"Samsung HERA W10 Samsung HERA W10 \u00ebsht\u00eb makina ekografike 5D dhe arritja teknologjike m\u00eb e re dhe m\u00eb e sofistikuar n\u00eb fush\u00ebn e diagnostikimit mjek\u00ebsor. N\u00ebp\u00ebrmjet ekos 5D, prind\u00ebrve n\u00eb pritje u mund\u00ebsohet q\u00eb n\u00eb barkun e n\u00ebn\u00ebs \u00a0t\u00eb shohin f\u00ebmij\u00ebn e tyre, fytyr\u00ebn dhe buz\u00ebqeshjen e tij, duke l\u00ebvizur krah\u00ebt e tij. Dashuria p\u00ebr...\" \/>\n<meta property=\"og:url\" content=\"https:\/\/organdziski.com\/vrvna-ultrazvucna-dijagnostika\/\" \/>\n<meta property=\"og:site_name\" content=\"\u041f\u0417\u0423 \u0414-\u0440 \u041e\u0440\u0433\u0430\u043d\u045f\u0438\u0441\u043a\u0438\" \/>\n<meta property=\"article:publisher\" content=\"https:\/\/www.facebook.com\/Dr.Organdziski\" \/>\n<meta property=\"article:modified_time\" content=\"2024-06-18T21:30:55+00:00\" \/>\n<meta name=\"twitter:card\" content=\"summary_large_image\" \/>\n<meta name=\"twitter:label1\" content=\"Est. reading time\" \/>\n\t<meta name=\"twitter:data1\" content=\"1 minute\" \/>\n<script type=\"application\/ld+json\" class=\"yoast-schema-graph\">{\"@context\":\"https:\\\/\\\/schema.org\",\"@graph\":[{\"@type\":\"WebPage\",\"@id\":\"https:\\\/\\\/organdziski.com\\\/vrvna-ultrazvucna-dijagnostika\\\/\",\"url\":\"https:\\\/\\\/organdziski.com\\\/vrvna-ultrazvucna-dijagnostika\\\/\",\"name\":\"Diagnostifikimi m\u00eb i mir\u00eb me ultratinguj - \u041f\u0417\u0423 \u0414-\u0440 \u041e\u0440\u0433\u0430\u043d\u045f\u0438\u0441\u043a\u0438\",\"isPartOf\":{\"@id\":\"https:\\\/\\\/organdziski.com\\\/#website\"},\"datePublished\":\"2024-05-14T15:58:14+00:00\",\"dateModified\":\"2024-06-18T21:30:55+00:00\",\"breadcrumb\":{\"@id\":\"https:\\\/\\\/organdziski.com\\\/vrvna-ultrazvucna-dijagnostika\\\/#breadcrumb\"},\"inLanguage\":\"sq-AL\",\"potentialAction\":[{\"@type\":\"ReadAction\",\"target\":[\"https:\\\/\\\/organdziski.com\\\/vrvna-ultrazvucna-dijagnostika\\\/\"]}]},{\"@type\":\"BreadcrumbList\",\"@id\":\"https:\\\/\\\/organdziski.com\\\/vrvna-ultrazvucna-dijagnostika\\\/#breadcrumb\",\"itemListElement\":[{\"@type\":\"ListItem\",\"position\":1,\"name\":\"Home\",\"item\":\"https:\\\/\\\/organdziski.com\\\/\"},{\"@type\":\"ListItem\",\"position\":2,\"name\":\"Diagnostifikimi m\u00eb i mir\u00eb me ultratinguj\"}]},{\"@type\":\"WebSite\",\"@id\":\"https:\\\/\\\/organdziski.com\\\/#website\",\"url\":\"https:\\\/\\\/organdziski.com\\\/\",\"name\":\"\u041f\u0417\u0423 \u0414-\u0440 \u041e\u0440\u0433\u0430\u043d\u045f\u0438\u0441\u043a\u0438\",\"description\":\"\u0421\u043f\u0435\u0446\u0438\u0458\u0430\u043b\u0438\u0437\u0438\u0440\u0430\u043d\u0430 \u0431\u043e\u043b\u043d\u0438\u0446\u0430 \u043f\u043e \u0433\u0438\u043d\u0435\u043a\u043e\u043b\u043e\u0433\u0438\u0458\u0430 \u0438 \u0430\u043a\u0443\u0448\u0435\u0440\u0441\u0442\u0432\u043e\",\"publisher\":{\"@id\":\"https:\\\/\\\/organdziski.com\\\/#organization\"},\"potentialAction\":[{\"@type\":\"SearchAction\",\"target\":{\"@type\":\"EntryPoint\",\"urlTemplate\":\"https:\\\/\\\/organdziski.com\\\/?s={search_term_string}\"},\"query-input\":{\"@type\":\"PropertyValueSpecification\",\"valueRequired\":true,\"valueName\":\"search_term_string\"}}],\"inLanguage\":\"sq-AL\"},{\"@type\":\"Organization\",\"@id\":\"https:\\\/\\\/organdziski.com\\\/#organization\",\"name\":\"\u041f\u0417\u0423 \u0414-\u0440 \u041e\u0440\u0433\u0430\u043d\u045f\u0438\u0441\u043a\u0438\",\"url\":\"https:\\\/\\\/organdziski.com\\\/\",\"logo\":{\"@type\":\"ImageObject\",\"inLanguage\":\"sq-AL\",\"@id\":\"https:\\\/\\\/organdziski.com\\\/#\\\/schema\\\/logo\\\/image\\\/\",\"url\":\"https:\\\/\\\/organdziski.com\\\/wp-content\\\/uploads\\\/2024\\\/04\\\/organdziski.svg\",\"contentUrl\":\"https:\\\/\\\/organdziski.com\\\/wp-content\\\/uploads\\\/2024\\\/04\\\/organdziski.svg\",\"width\":341,\"height\":63,\"caption\":\"\u041f\u0417\u0423 \u0414-\u0440 \u041e\u0440\u0433\u0430\u043d\u045f\u0438\u0441\u043a\u0438\"},\"image\":{\"@id\":\"https:\\\/\\\/organdziski.com\\\/#\\\/schema\\\/logo\\\/image\\\/\"},\"sameAs\":[\"https:\\\/\\\/www.facebook.com\\\/Dr.Organdziski\",\"https:\\\/\\\/www.instagram.com\\\/bolnicadrorgandziski\\\/\",\"https:\\\/\\\/www.youtube.com\\\/channel\\\/UCVzAHTjH-QvDcCGm19znLyA\"]}]}<\/script>\n<!-- \/ Yoast SEO Premium plugin. -->","yoast_head_json":{"title":"Diagnostifikimi m\u00eb i mir\u00eb me ultratinguj - \u041f\u0417\u0423 \u0414-\u0440 \u041e\u0440\u0433\u0430\u043d\u045f\u0438\u0441\u043a\u0438","robots":{"index":"index","follow":"follow","max-snippet":"max-snippet:-1","max-image-preview":"max-image-preview:large","max-video-preview":"max-video-preview:-1"},"canonical":"https:\/\/organdziski.com\/vrvna-ultrazvucna-dijagnostika\/","og_locale":"sq_AL","og_type":"article","og_title":"Diagnostifikimi m\u00eb i mir\u00eb me ultratinguj","og_description":"Samsung HERA W10 Samsung HERA W10 \u00ebsht\u00eb makina ekografike 5D dhe arritja teknologjike m\u00eb e re dhe m\u00eb e sofistikuar n\u00eb fush\u00ebn e diagnostikimit mjek\u00ebsor. N\u00ebp\u00ebrmjet ekos 5D, prind\u00ebrve n\u00eb pritje u mund\u00ebsohet q\u00eb n\u00eb barkun e n\u00ebn\u00ebs \u00a0t\u00eb shohin f\u00ebmij\u00ebn e tyre, fytyr\u00ebn dhe buz\u00ebqeshjen e tij, duke l\u00ebvizur krah\u00ebt e tij. Dashuria p\u00ebr...","og_url":"https:\/\/organdziski.com\/vrvna-ultrazvucna-dijagnostika\/","og_site_name":"\u041f\u0417\u0423 \u0414-\u0440 \u041e\u0440\u0433\u0430\u043d\u045f\u0438\u0441\u043a\u0438","article_publisher":"https:\/\/www.facebook.com\/Dr.Organdziski","article_modified_time":"2024-06-18T21:30:55+00:00","twitter_card":"summary_large_image","twitter_misc":{"Est. reading time":"1 minute"},"schema":{"@context":"https:\/\/schema.org","@graph":[{"@type":"WebPage","@id":"https:\/\/organdziski.com\/vrvna-ultrazvucna-dijagnostika\/","url":"https:\/\/organdziski.com\/vrvna-ultrazvucna-dijagnostika\/","name":"Diagnostifikimi m\u00eb i mir\u00eb me ultratinguj - \u041f\u0417\u0423 \u0414-\u0440 \u041e\u0440\u0433\u0430\u043d\u045f\u0438\u0441\u043a\u0438","isPartOf":{"@id":"https:\/\/organdziski.com\/#website"},"datePublished":"2024-05-14T15:58:14+00:00","dateModified":"2024-06-18T21:30:55+00:00","breadcrumb":{"@id":"https:\/\/organdziski.com\/vrvna-ultrazvucna-dijagnostika\/#breadcrumb"},"inLanguage":"sq-AL","potentialAction":[{"@type":"ReadAction","target":["https:\/\/organdziski.com\/vrvna-ultrazvucna-dijagnostika\/"]}]},{"@type":"BreadcrumbList","@id":"https:\/\/organdziski.com\/vrvna-ultrazvucna-dijagnostika\/#breadcrumb","itemListElement":[{"@type":"ListItem","position":1,"name":"Home","item":"https:\/\/organdziski.com\/"},{"@type":"ListItem","position":2,"name":"Diagnostifikimi m\u00eb i mir\u00eb me ultratinguj"}]},{"@type":"WebSite","@id":"https:\/\/organdziski.com\/#website","url":"https:\/\/organdziski.com\/","name":"\u041f\u0417\u0423 \u0414-\u0440 \u041e\u0440\u0433\u0430\u043d\u045f\u0438\u0441\u043a\u0438","description":"\u0421\u043f\u0435\u0446\u0438\u0458\u0430\u043b\u0438\u0437\u0438\u0440\u0430\u043d\u0430 \u0431\u043e\u043b\u043d\u0438\u0446\u0430 \u043f\u043e \u0433\u0438\u043d\u0435\u043a\u043e\u043b\u043e\u0433\u0438\u0458\u0430 \u0438 \u0430\u043a\u0443\u0448\u0435\u0440\u0441\u0442\u0432\u043e","publisher":{"@id":"https:\/\/organdziski.com\/#organization"},"potentialAction":[{"@type":"SearchAction","target":{"@type":"EntryPoint","urlTemplate":"https:\/\/organdziski.com\/?s={search_term_string}"},"query-input":{"@type":"PropertyValueSpecification","valueRequired":true,"valueName":"search_term_string"}}],"inLanguage":"sq-AL"},{"@type":"Organization","@id":"https:\/\/organdziski.com\/#organization","name":"\u041f\u0417\u0423 \u0414-\u0440 \u041e\u0440\u0433\u0430\u043d\u045f\u0438\u0441\u043a\u0438","url":"https:\/\/organdziski.com\/","logo":{"@type":"ImageObject","inLanguage":"sq-AL","@id":"https:\/\/organdziski.com\/#\/schema\/logo\/image\/","url":"https:\/\/organdziski.com\/wp-content\/uploads\/2024\/04\/organdziski.svg","contentUrl":"https:\/\/organdziski.com\/wp-content\/uploads\/2024\/04\/organdziski.svg","width":341,"height":63,"caption":"\u041f\u0417\u0423 \u0414-\u0440 \u041e\u0440\u0433\u0430\u043d\u045f\u0438\u0441\u043a\u0438"},"image":{"@id":"https:\/\/organdziski.com\/#\/schema\/logo\/image\/"},"sameAs":["https:\/\/www.facebook.com\/Dr.Organdziski","https:\/\/www.instagram.com\/bolnicadrorgandziski\/","https:\/\/www.youtube.com\/channel\/UCVzAHTjH-QvDcCGm19znLyA"]}]}},"_links":{"self":[{"href":"https:\/\/organdziski.com\/sq\/wp-json\/wp\/v2\/pages\/15674","targetHints":{"allow":["GET"]}}],"collection":[{"href":"https:\/\/organdziski.com\/sq\/wp-json\/wp\/v2\/pages"}],"about":[{"href":"https:\/\/organdziski.com\/sq\/wp-json\/wp\/v2\/types\/page"}],"author":[{"embeddable":true,"href":"https:\/\/organdziski.com\/sq\/wp-json\/wp\/v2\/users\/1"}],"replies":[{"embeddable":true,"href":"https:\/\/organdziski.com\/sq\/wp-json\/wp\/v2\/comments?post=15674"}],"version-history":[{"count":3,"href":"https:\/\/organdziski.com\/sq\/wp-json\/wp\/v2\/pages\/15674\/revisions"}],"predecessor-version":[{"id":15677,"href":"https:\/\/organdziski.com\/sq\/wp-json\/wp\/v2\/pages\/15674\/revisions\/15677"}],"wp:attachment":[{"href":"https:\/\/organdziski.com\/sq\/wp-json\/wp\/v2\/media?parent=15674"}],"curies":[{"name":"wp","href":"https:\/\/api.w.org\/{rel}","templated":true}]}}