{"id":15935,"date":"2024-05-14T18:00:11","date_gmt":"2024-05-14T18:00:11","guid":{"rendered":"https:\/\/organdziski.com\/?page_id=15935"},"modified":"2024-06-20T10:37:31","modified_gmt":"2024-06-20T10:37:31","slug":"laparoskopia-gjinekologjike","status":"publish","type":"page","link":"https:\/\/organdziski.com\/sq\/laparoskopia-gjinekologjike\/","title":{"rendered":"Laparoskopia gjinekologjike"},"content":{"rendered":"\t\t<div data-elementor-type=\"wp-page\" data-elementor-id=\"15935\" class=\"elementor elementor-15935 elementor-10797\" data-elementor-post-type=\"page\">\n\t\t\t\t<div class=\"elementor-element elementor-element-11d1aa9 e-flex e-con-boxed e-con e-parent\" data-id=\"11d1aa9\" data-element_type=\"container\">\n\t\t\t\t\t<div class=\"e-con-inner\">\n\t\t\t\t<div class=\"elementor-element elementor-element-7212b47 elementor-widget elementor-widget-text-editor\" data-id=\"7212b47\" data-element_type=\"widget\" data-widget_type=\"text-editor.default\">\n\t\t\t\t<div class=\"elementor-widget-container\">\n\t\t\t\t\t\t\t<p>Spitali yn\u00eb ofron kirurgji gjinekologjike laparoskopike, duke e ngritur sh\u00ebndetin e grave n\u00eb nj\u00eb nivel m\u00eb t\u00eb lart\u00eb!<\/p><p><strong>Kirurgjia laparoskopike<\/strong>, e njohur edhe si kirurgjia minimale invazive, \u00ebsht\u00eb nj\u00eb teknik\u00eb m\u00eb moderne dhe p\u00ebrfshin p\u00ebrdorimin e prerjeve t\u00eb vogla dhe instrumenteve t\u00eb specializuara p\u00ebr t\u00eb kryer procedura t\u00eb ndryshme me m\u00eb pak trauma, prerje t\u00eb reduktuara dhe koh\u00eb m\u00eb t\u00eb shpejt\u00eb rikuperimi.<\/p><p>Sot pothuajse t\u00eb gjitha operacionet gjinekologjike mund t\u00eb kryhen n\u00eb m\u00ebnyr\u00eb laparoskopike, p\u00ebrkat\u00ebsisht:<\/p><ul><li>endometrioza;<\/li><li>miomat;<\/li><li>cistet e vezoreve;<\/li><li>\u00e7do gjendje tjet\u00ebr gjinekologjike q\u00eb k\u00ebrkon nd\u00ebrhyrje kirurgjikale\u2026<\/li><\/ul><p>P\u00ebr k\u00ebt\u00eb q\u00ebllim, ekipi yn\u00eb profesional i gjinekolog\u00ebve \u00ebsht\u00eb k\u00ebtu p\u00ebr t\u00eb ofruar kujdes t\u00eb jasht\u00ebzakonsh\u00ebm, t\u00eb p\u00ebrshtatur p\u00ebr nevojat tuaja. Sh\u00ebndeti dhe mir\u00ebqenia juaj jan\u00eb t\u00eb nj\u00eb r\u00ebnd\u00ebsie t\u00eb madhe p\u00ebr ne, kjo \u00ebsht\u00eb arsyeja pse ne kemi investuar n\u00eb pajisje moderne dhe kemi mbledhur nj\u00eb ekip shum\u00eb cil\u00ebsor kirurg\u00ebsh t\u00eb specializuar n\u00eb procedurat gjinekologjike laparoskopike.<\/p><p>Me kirurgjin\u00eb gjinekologjike laparoskopike, ne synojm\u00eb t\u00eb p\u00ebrmir\u00ebsojm\u00eb sh\u00ebndetin tuaj, duke ofruar p\u00ebrpar\u00ebsi p\u00ebr pacient\u00ebt:<\/p><ul><li>m\u00eb pak gjakderdhje,<\/li><li>sh\u00ebrim m\u00eb t\u00eb shpejt\u00eb,<\/li><li>q\u00ebndrimi m\u00eb t\u00eb shkurt\u00ebr n\u00eb spital dhe<\/li><li>rikthim m\u00eb i shpejt\u00eb obligimeve t\u00eb p\u00ebrditshme.<\/li><\/ul>\t\t\t\t\t\t<\/div>\n\t\t\t\t<\/div>\n\t\t\t\t\t<\/div>\n\t\t\t\t<\/div>\n\t\t\t\t<\/div>\n\t\t","protected":false},"excerpt":{"rendered":"<p>Spitali yn\u00eb ofron kirurgji gjinekologjike laparoskopike, duke e ngritur sh\u00ebndetin e grave n\u00eb nj\u00eb nivel m\u00eb t\u00eb lart\u00eb! Kirurgjia laparoskopike, e njohur edhe si kirurgjia minimale invazive, \u00ebsht\u00eb nj\u00eb teknik\u00eb m\u00eb moderne dhe p\u00ebrfshin p\u00ebrdorimin e prerjeve t\u00eb vogla dhe instrumenteve t\u00eb specializuara p\u00ebr t\u00eb kryer procedura t\u00eb ndryshme me m\u00eb pak trauma, prerje t\u00eb&#8230;<\/p>\n","protected":false},"author":1,"featured_media":0,"parent":0,"menu_order":0,"comment_status":"closed","ping_status":"closed","template":"","meta":{"footnotes":""},"class_list":["post-15935","page","type-page","status-publish","hentry"],"yoast_head":"<!-- This site is optimized with the Yoast SEO Premium plugin v22.7 (Yoast SEO v26.8) - https:\/\/yoast.com\/product\/yoast-seo-premium-wordpress\/ -->\n<title>Laparoskopia gjinekologjike - \u041f\u0417\u0423 \u0414-\u0440 \u041e\u0440\u0433\u0430\u043d\u045f\u0438\u0441\u043a\u0438<\/title>\n<meta name=\"robots\" content=\"index, follow, max-snippet:-1, max-image-preview:large, max-video-preview:-1\" \/>\n<link rel=\"canonical\" href=\"https:\/\/organdziski.com\/sq\/laparoskopia-gjinekologjike\/\" \/>\n<meta property=\"og:locale\" content=\"sq_AL\" \/>\n<meta property=\"og:type\" content=\"article\" \/>\n<meta property=\"og:title\" content=\"Laparoskopia gjinekologjike\" \/>\n<meta property=\"og:description\" content=\"Spitali yn\u00eb ofron kirurgji gjinekologjike laparoskopike, duke e ngritur sh\u00ebndetin e grave n\u00eb nj\u00eb nivel m\u00eb t\u00eb lart\u00eb! Kirurgjia laparoskopike, e njohur edhe si kirurgjia minimale invazive, \u00ebsht\u00eb nj\u00eb teknik\u00eb m\u00eb moderne dhe p\u00ebrfshin p\u00ebrdorimin e prerjeve t\u00eb vogla dhe instrumenteve t\u00eb specializuara p\u00ebr t\u00eb kryer procedura t\u00eb ndryshme me m\u00eb pak trauma, prerje t\u00eb...\" \/>\n<meta property=\"og:url\" content=\"https:\/\/organdziski.com\/sq\/laparoskopia-gjinekologjike\/\" \/>\n<meta property=\"og:site_name\" content=\"\u041f\u0417\u0423 \u0414-\u0440 \u041e\u0440\u0433\u0430\u043d\u045f\u0438\u0441\u043a\u0438\" \/>\n<meta property=\"article:publisher\" content=\"https:\/\/www.facebook.com\/Dr.Organdziski\" \/>\n<meta property=\"article:modified_time\" content=\"2024-06-20T10:37:31+00:00\" \/>\n<meta name=\"twitter:card\" content=\"summary_large_image\" \/>\n<meta name=\"twitter:label1\" content=\"Est. reading time\" \/>\n\t<meta name=\"twitter:data1\" content=\"1 minute\" \/>\n<script type=\"application\/ld+json\" class=\"yoast-schema-graph\">{\"@context\":\"https:\/\/schema.org\",\"@graph\":[{\"@type\":\"WebPage\",\"@id\":\"https:\/\/organdziski.com\/sq\/laparoskopia-gjinekologjike\/\",\"url\":\"https:\/\/organdziski.com\/sq\/laparoskopia-gjinekologjike\/\",\"name\":\"Laparoskopia gjinekologjike - \u041f\u0417\u0423 \u0414-\u0440 \u041e\u0440\u0433\u0430\u043d\u045f\u0438\u0441\u043a\u0438\",\"isPartOf\":{\"@id\":\"https:\/\/organdziski.com\/#website\"},\"datePublished\":\"2024-05-14T18:00:11+00:00\",\"dateModified\":\"2024-06-20T10:37:31+00:00\",\"breadcrumb\":{\"@id\":\"https:\/\/organdziski.com\/sq\/laparoskopia-gjinekologjike\/#breadcrumb\"},\"inLanguage\":\"sq-AL\",\"potentialAction\":[{\"@type\":\"ReadAction\",\"target\":[\"https:\/\/organdziski.com\/sq\/laparoskopia-gjinekologjike\/\"]}]},{\"@type\":\"BreadcrumbList\",\"@id\":\"https:\/\/organdziski.com\/sq\/laparoskopia-gjinekologjike\/#breadcrumb\",\"itemListElement\":[{\"@type\":\"ListItem\",\"position\":1,\"name\":\"Home\",\"item\":\"https:\/\/organdziski.com\/sq\/\"},{\"@type\":\"ListItem\",\"position\":2,\"name\":\"Laparoskopia gjinekologjike\"}]},{\"@type\":\"WebSite\",\"@id\":\"https:\/\/organdziski.com\/#website\",\"url\":\"https:\/\/organdziski.com\/\",\"name\":\"\u041f\u0417\u0423 \u0414-\u0440 \u041e\u0440\u0433\u0430\u043d\u045f\u0438\u0441\u043a\u0438\",\"description\":\"\u0421\u043f\u0435\u0446\u0438\u0458\u0430\u043b\u0438\u0437\u0438\u0440\u0430\u043d\u0430 \u0431\u043e\u043b\u043d\u0438\u0446\u0430 \u043f\u043e \u0433\u0438\u043d\u0435\u043a\u043e\u043b\u043e\u0433\u0438\u0458\u0430 \u0438 \u0430\u043a\u0443\u0448\u0435\u0440\u0441\u0442\u0432\u043e\",\"publisher\":{\"@id\":\"https:\/\/organdziski.com\/#organization\"},\"potentialAction\":[{\"@type\":\"SearchAction\",\"target\":{\"@type\":\"EntryPoint\",\"urlTemplate\":\"https:\/\/organdziski.com\/?s={search_term_string}\"},\"query-input\":{\"@type\":\"PropertyValueSpecification\",\"valueRequired\":true,\"valueName\":\"search_term_string\"}}],\"inLanguage\":\"sq-AL\"},{\"@type\":\"Organization\",\"@id\":\"https:\/\/organdziski.com\/#organization\",\"name\":\"\u041f\u0417\u0423 \u0414-\u0440 \u041e\u0440\u0433\u0430\u043d\u045f\u0438\u0441\u043a\u0438\",\"url\":\"https:\/\/organdziski.com\/\",\"logo\":{\"@type\":\"ImageObject\",\"inLanguage\":\"sq-AL\",\"@id\":\"https:\/\/organdziski.com\/#\/schema\/logo\/image\/\",\"url\":\"https:\/\/organdziski.com\/wp-content\/uploads\/2024\/04\/organdziski.svg\",\"contentUrl\":\"https:\/\/organdziski.com\/wp-content\/uploads\/2024\/04\/organdziski.svg\",\"width\":341,\"height\":63,\"caption\":\"\u041f\u0417\u0423 \u0414-\u0440 \u041e\u0440\u0433\u0430\u043d\u045f\u0438\u0441\u043a\u0438\"},\"image\":{\"@id\":\"https:\/\/organdziski.com\/#\/schema\/logo\/image\/\"},\"sameAs\":[\"https:\/\/www.facebook.com\/Dr.Organdziski\",\"https:\/\/www.instagram.com\/bolnicadrorgandziski\/\",\"https:\/\/www.youtube.com\/channel\/UCVzAHTjH-QvDcCGm19znLyA\"]}]}<\/script>\n<!-- \/ Yoast SEO Premium plugin. -->","yoast_head_json":{"title":"Laparoskopia gjinekologjike - \u041f\u0417\u0423 \u0414-\u0440 \u041e\u0440\u0433\u0430\u043d\u045f\u0438\u0441\u043a\u0438","robots":{"index":"index","follow":"follow","max-snippet":"max-snippet:-1","max-image-preview":"max-image-preview:large","max-video-preview":"max-video-preview:-1"},"canonical":"https:\/\/organdziski.com\/sq\/laparoskopia-gjinekologjike\/","og_locale":"sq_AL","og_type":"article","og_title":"Laparoskopia gjinekologjike","og_description":"Spitali yn\u00eb ofron kirurgji gjinekologjike laparoskopike, duke e ngritur sh\u00ebndetin e grave n\u00eb nj\u00eb nivel m\u00eb t\u00eb lart\u00eb! Kirurgjia laparoskopike, e njohur edhe si kirurgjia minimale invazive, \u00ebsht\u00eb nj\u00eb teknik\u00eb m\u00eb moderne dhe p\u00ebrfshin p\u00ebrdorimin e prerjeve t\u00eb vogla dhe instrumenteve t\u00eb specializuara p\u00ebr t\u00eb kryer procedura t\u00eb ndryshme me m\u00eb pak trauma, prerje t\u00eb...","og_url":"https:\/\/organdziski.com\/sq\/laparoskopia-gjinekologjike\/","og_site_name":"\u041f\u0417\u0423 \u0414-\u0440 \u041e\u0440\u0433\u0430\u043d\u045f\u0438\u0441\u043a\u0438","article_publisher":"https:\/\/www.facebook.com\/Dr.Organdziski","article_modified_time":"2024-06-20T10:37:31+00:00","twitter_card":"summary_large_image","twitter_misc":{"Est. reading time":"1 minute"},"schema":{"@context":"https:\/\/schema.org","@graph":[{"@type":"WebPage","@id":"https:\/\/organdziski.com\/sq\/laparoskopia-gjinekologjike\/","url":"https:\/\/organdziski.com\/sq\/laparoskopia-gjinekologjike\/","name":"Laparoskopia gjinekologjike - \u041f\u0417\u0423 \u0414-\u0440 \u041e\u0440\u0433\u0430\u043d\u045f\u0438\u0441\u043a\u0438","isPartOf":{"@id":"https:\/\/organdziski.com\/#website"},"datePublished":"2024-05-14T18:00:11+00:00","dateModified":"2024-06-20T10:37:31+00:00","breadcrumb":{"@id":"https:\/\/organdziski.com\/sq\/laparoskopia-gjinekologjike\/#breadcrumb"},"inLanguage":"sq-AL","potentialAction":[{"@type":"ReadAction","target":["https:\/\/organdziski.com\/sq\/laparoskopia-gjinekologjike\/"]}]},{"@type":"BreadcrumbList","@id":"https:\/\/organdziski.com\/sq\/laparoskopia-gjinekologjike\/#breadcrumb","itemListElement":[{"@type":"ListItem","position":1,"name":"Home","item":"https:\/\/organdziski.com\/sq\/"},{"@type":"ListItem","position":2,"name":"Laparoskopia gjinekologjike"}]},{"@type":"WebSite","@id":"https:\/\/organdziski.com\/#website","url":"https:\/\/organdziski.com\/","name":"\u041f\u0417\u0423 \u0414-\u0440 \u041e\u0440\u0433\u0430\u043d\u045f\u0438\u0441\u043a\u0438","description":"\u0421\u043f\u0435\u0446\u0438\u0458\u0430\u043b\u0438\u0437\u0438\u0440\u0430\u043d\u0430 \u0431\u043e\u043b\u043d\u0438\u0446\u0430 \u043f\u043e \u0433\u0438\u043d\u0435\u043a\u043e\u043b\u043e\u0433\u0438\u0458\u0430 \u0438 \u0430\u043a\u0443\u0448\u0435\u0440\u0441\u0442\u0432\u043e","publisher":{"@id":"https:\/\/organdziski.com\/#organization"},"potentialAction":[{"@type":"SearchAction","target":{"@type":"EntryPoint","urlTemplate":"https:\/\/organdziski.com\/?s={search_term_string}"},"query-input":{"@type":"PropertyValueSpecification","valueRequired":true,"valueName":"search_term_string"}}],"inLanguage":"sq-AL"},{"@type":"Organization","@id":"https:\/\/organdziski.com\/#organization","name":"\u041f\u0417\u0423 \u0414-\u0440 \u041e\u0440\u0433\u0430\u043d\u045f\u0438\u0441\u043a\u0438","url":"https:\/\/organdziski.com\/","logo":{"@type":"ImageObject","inLanguage":"sq-AL","@id":"https:\/\/organdziski.com\/#\/schema\/logo\/image\/","url":"https:\/\/organdziski.com\/wp-content\/uploads\/2024\/04\/organdziski.svg","contentUrl":"https:\/\/organdziski.com\/wp-content\/uploads\/2024\/04\/organdziski.svg","width":341,"height":63,"caption":"\u041f\u0417\u0423 \u0414-\u0440 \u041e\u0440\u0433\u0430\u043d\u045f\u0438\u0441\u043a\u0438"},"image":{"@id":"https:\/\/organdziski.com\/#\/schema\/logo\/image\/"},"sameAs":["https:\/\/www.facebook.com\/Dr.Organdziski","https:\/\/www.instagram.com\/bolnicadrorgandziski\/","https:\/\/www.youtube.com\/channel\/UCVzAHTjH-QvDcCGm19znLyA"]}]}},"_links":{"self":[{"href":"https:\/\/organdziski.com\/sq\/wp-json\/wp\/v2\/pages\/15935","targetHints":{"allow":["GET"]}}],"collection":[{"href":"https:\/\/organdziski.com\/sq\/wp-json\/wp\/v2\/pages"}],"about":[{"href":"https:\/\/organdziski.com\/sq\/wp-json\/wp\/v2\/types\/page"}],"author":[{"embeddable":true,"href":"https:\/\/organdziski.com\/sq\/wp-json\/wp\/v2\/users\/1"}],"replies":[{"embeddable":true,"href":"https:\/\/organdziski.com\/sq\/wp-json\/wp\/v2\/comments?post=15935"}],"version-history":[{"count":3,"href":"https:\/\/organdziski.com\/sq\/wp-json\/wp\/v2\/pages\/15935\/revisions"}],"predecessor-version":[{"id":15939,"href":"https:\/\/organdziski.com\/sq\/wp-json\/wp\/v2\/pages\/15935\/revisions\/15939"}],"wp:attachment":[{"href":"https:\/\/organdziski.com\/sq\/wp-json\/wp\/v2\/media?parent=15935"}],"curies":[{"name":"wp","href":"https:\/\/api.w.org\/{rel}","templated":true}]}}