{"id":15940,"date":"2024-05-14T18:04:12","date_gmt":"2024-05-14T18:04:12","guid":{"rendered":"https:\/\/organdziski.com\/?page_id=15940"},"modified":"2024-06-20T10:39:23","modified_gmt":"2024-06-20T10:39:23","slug":"histeroskopia","status":"publish","type":"page","link":"https:\/\/organdziski.com\/sq\/histeroskopia\/","title":{"rendered":"Histeroskopia"},"content":{"rendered":"\t\t<div data-elementor-type=\"wp-page\" data-elementor-id=\"15940\" class=\"elementor elementor-15940 elementor-10805\" data-elementor-post-type=\"page\">\n\t\t\t\t<div class=\"elementor-element elementor-element-121d4a9 e-flex e-con-boxed e-con e-parent\" data-id=\"121d4a9\" data-element_type=\"container\">\n\t\t\t\t\t<div class=\"e-con-inner\">\n\t\t\t\t<div class=\"elementor-element elementor-element-994dbce elementor-widget elementor-widget-text-editor\" data-id=\"994dbce\" data-element_type=\"widget\" data-widget_type=\"text-editor.default\">\n\t\t\t\t<div class=\"elementor-widget-container\">\n\t\t\t\t\t\t\t<p>Histeroskopia \u00ebsht\u00eb nj\u00eb pamje e brend\u00ebsis\u00eb s\u00eb mitr\u00ebs me ndihm\u00ebn e optik\u00ebs q\u00eb quhet histeroskop. Histeroskopia p\u00ebrdoret p\u00ebr q\u00ebllime diagnostikuese ose si metod\u00eb kirurgjikale p\u00ebr trajtimin e gjendjeve t\u00eb caktuara.<\/p>\t\t\t\t\t\t<\/div>\n\t\t\t\t<\/div>\n\t\t\t\t<div class=\"elementor-element elementor-element-329e877 elementor-widget elementor-widget-heading\" data-id=\"329e877\" data-element_type=\"widget\" data-widget_type=\"heading.default\">\n\t\t\t\t<div class=\"elementor-widget-container\">\n\t\t\t<h2 class=\"elementor-heading-title elementor-size-default\">Pse \u00ebsht\u00eb e nevojshme histeroskopia?<\/h2>\t\t<\/div>\n\t\t\t\t<\/div>\n\t\t\t\t<div class=\"elementor-element elementor-element-c9471aa elementor-widget elementor-widget-text-editor\" data-id=\"c9471aa\" data-element_type=\"widget\" data-widget_type=\"text-editor.default\">\n\t\t\t\t<div class=\"elementor-widget-container\">\n\t\t\t\t\t\t\t<p>Histeroskopia i mund\u00ebson mjekut t\u00eb shikoj\u00eb n\u00eb detaje pjes\u00ebn e brendshme t\u00eb mitr\u00ebs. Histeroskopi futet me kujdes p\u00ebrmes vagin\u00ebs dhe qaf\u00ebs s\u00eb mitr\u00ebs n\u00eb pjes\u00ebn e brendshme t\u00eb saj, dhe mjeku (operauesi) monitoron \u00e7do l\u00ebvizje t\u00eb saj n\u00eb monitor\u00eb t\u00eb ve\u00e7ant\u00eb. Gjat\u00eb histeroskopis\u00eb, mund t\u00eb merret nj\u00eb biopsi e mukoz\u00ebs s\u00eb mitr\u00ebs p\u00ebr ekzaminim.<\/p><p>Histeroskopia p\u00ebrdoret p\u00ebr t\u00eb zbuluar shkakun e simptomave t\u00eb m\u00ebposhtme si:<\/p><ul><li>Gjakderdhje e pazakont\u00eb<\/li><li>Sterilitet<\/li><li>Probleme t\u00eb m\u00ebparshme me mbajtjen e shtatz\u00ebnis\u00eb<\/li><li>Dhe s\u00ebmundje t\u00eb tjera gjinekologjike<\/li><\/ul><p>Me ndihm\u00ebn e histeroskopis\u00eb, polipet, septumet ose ndarjet e mitr\u00ebs mund t\u00eb hiqen miomat e mitr\u00ebs q\u00eb ndodhen n\u00eb pjes\u00ebn e brendshme t\u00eb saj.<\/p><p>Histeroskopia zakonisht zgjat rreth 20 deri n\u00eb 30 minuta. Procedura mund t\u00eb b\u00ebhet pa anestezi n\u00ebse shikohet vet\u00ebm pjesa e brendshme e mitr\u00ebs, ose me anestezi n\u00ebse kryhet nj\u00eb nd\u00ebrhyrje operative, q\u00eb do t\u00eb thot\u00eb se nuk ndihet dhimbje. N\u00ebse vihet kamer\u00eb speciale HD brenda mitr\u00ebs b\u00ebhet Histeroskopia at\u00ebher\u00eb duhet q\u00eb t\u00eb mos konsumohet ushqim as l\u00ebngje 6 or\u00eb para anestezionit. Kur t\u00eb futet brenda mitr\u00ebs mbushet me l\u00ebng. Pas p\u00ebrfundimit t\u00eb ekzaminimit ose nd\u00ebrhyrjes operative histeroskopi hiqet leht\u00eb dhe shpejt. Zakonisht mund t\u00eb shkoni n\u00eb sht\u00ebpi pas disa or\u00ebsh t\u00eb histeroskopis\u00eb.<\/p>\t\t\t\t\t\t<\/div>\n\t\t\t\t<\/div>\n\t\t\t\t<div class=\"elementor-element elementor-element-abf02c9 elementor-widget elementor-widget-heading\" data-id=\"abf02c9\" data-element_type=\"widget\" data-widget_type=\"heading.default\">\n\t\t\t\t<div class=\"elementor-widget-container\">\n\t\t\t<h2 class=\"elementor-heading-title elementor-size-default\">\u00c7far\u00eb duhet t\u00eb pres pas nj\u00eb histeroskopie?<\/h2>\t\t<\/div>\n\t\t\t\t<\/div>\n\t\t\t\t<div class=\"elementor-element elementor-element-fb65591 elementor-widget elementor-widget-text-editor\" data-id=\"fb65591\" data-element_type=\"widget\" data-widget_type=\"text-editor.default\">\n\t\t\t\t<div class=\"elementor-widget-container\">\n\t\t\t\t\t\t\t<p>Mund t\u00eb ndjeni dhimbje t\u00eb lehta barku q\u00eb kalojn\u00eb shpejt pas marrjes s\u00eb analgjezik\u00ebve. N\u00eb dit\u00ebn e histeroskopis\u00eb, duhet t\u00eb pushoni. Cikli i par\u00eb menstrual pas procedur\u00ebs mund t\u00eb jet\u00eb m\u00eb i r\u00ebnd\u00eb dhe m\u00eb i gjat\u00eb se cikli i zakonsh\u00ebm dhe ciklet e ardhshme gjithashtu mund t\u00eb jen\u00eb t\u00eb parregullta, por kjo nuk do t\u00eb thot\u00eb se duhet t\u00eb jet\u00eb ashtu. P\u00ebr t\u00eb shmangur rrezikun e infeksionit, tampon\u00ebt nuk duhet t\u00eb p\u00ebrdoren n\u00eb dy muajt e ardhsh\u00ebm pas histeroskopis\u00eb.<\/p><p>N\u00eb var\u00ebsi t\u00eb asaj q\u00eb \u00ebsht\u00eb b\u00ebr\u00eb, duhet t\u00eb shmangni marr\u00ebdh\u00ebniet seksuale p\u00ebr nj\u00eb deri n\u00eb tre jav\u00eb pas histeroskopis\u00eb. P\u00ebrpara se t\u00eb merrni vendime dhe t\u00eb jepni p\u00eblqimin tuaj p\u00ebr kryerjen e histeroskopis\u00eb, duhet t\u00eb informoheni p\u00ebr komplikimet e mundshme t\u00eb histeroskopis\u00eb. Ju duhet t\u00eb informoni mjekun tuaj n\u00ebse dhimbja vazhdon p\u00ebr m\u00eb shum\u00eb se 48 or\u00eb, n\u00ebse dhimbja \u00ebsht\u00eb e fort\u00eb dhe e mpreht\u00eb, n\u00ebse keni nj\u00eb bark t\u00eb fryer, n\u00ebse keni nj\u00eb rritje t\u00eb temperatur\u00ebs s\u00eb trupit dhe n\u00ebse keni nj\u00eb rrjedhje t\u00eb err\u00ebt vaginale me er\u00eb t\u00eb pak\u00ebndshme. .<\/p><p>N\u00eb disa raste histeroskopia nuk mund t\u00eb p\u00ebrfundoj\u00eb me sukses dhe \u00ebsht\u00eb e nevojshme t\u00eb p\u00ebrs\u00ebritet. N\u00eb raste shum\u00eb t\u00eb rralla, \u00ebsht\u00eb e mundur q\u00eb mitra t\u00eb l\u00ebndohet ose t\u00eb shpohet gjat\u00eb operacionit, gj\u00eb q\u00eb mund t\u00eb \u00e7oj\u00eb n\u00eb gjakderdhje ose infeksion q\u00eb k\u00ebrkon trajtim t\u00eb duhur. Komplikimet gjithashtu varen nga lloji dhe kompleksiteti i procedur\u00ebs operative si dhe nga gjendja e p\u00ebrgjithshme sh\u00ebndet\u00ebsore e pacientit.<\/p>\t\t\t\t\t\t<\/div>\n\t\t\t\t<\/div>\n\t\t\t\t\t<\/div>\n\t\t\t\t<\/div>\n\t\t\t\t<\/div>\n\t\t","protected":false},"excerpt":{"rendered":"<p>Histeroskopia \u00ebsht\u00eb nj\u00eb pamje e brend\u00ebsis\u00eb s\u00eb mitr\u00ebs me ndihm\u00ebn e optik\u00ebs q\u00eb quhet histeroskop. Histeroskopia p\u00ebrdoret p\u00ebr q\u00ebllime diagnostikuese ose si metod\u00eb kirurgjikale p\u00ebr trajtimin e gjendjeve t\u00eb caktuara. Pse \u00ebsht\u00eb e nevojshme histeroskopia? Histeroskopia i mund\u00ebson mjekut t\u00eb shikoj\u00eb n\u00eb detaje pjes\u00ebn e brendshme t\u00eb mitr\u00ebs. Histeroskopi futet me kujdes p\u00ebrmes vagin\u00ebs dhe&#8230;<\/p>\n","protected":false},"author":1,"featured_media":0,"parent":0,"menu_order":0,"comment_status":"closed","ping_status":"closed","template":"","meta":{"footnotes":""},"class_list":["post-15940","page","type-page","status-publish","hentry"],"yoast_head":"<!-- This site is optimized with the Yoast SEO Premium plugin v22.7 (Yoast SEO v27.4) - https:\/\/yoast.com\/product\/yoast-seo-premium-wordpress\/ -->\n<title>Histeroskopia - \u041f\u0417\u0423 \u0414-\u0440 \u041e\u0440\u0433\u0430\u043d\u045f\u0438\u0441\u043a\u0438<\/title>\n<meta name=\"robots\" content=\"index, follow, max-snippet:-1, max-image-preview:large, max-video-preview:-1\" \/>\n<link rel=\"canonical\" href=\"https:\/\/organdziski.com\/histeroskopija\/\" \/>\n<meta property=\"og:locale\" content=\"sq_AL\" \/>\n<meta property=\"og:type\" content=\"article\" \/>\n<meta property=\"og:title\" content=\"Histeroskopia\" \/>\n<meta property=\"og:description\" content=\"Histeroskopia \u00ebsht\u00eb nj\u00eb pamje e brend\u00ebsis\u00eb s\u00eb mitr\u00ebs me ndihm\u00ebn e optik\u00ebs q\u00eb quhet histeroskop. Histeroskopia p\u00ebrdoret p\u00ebr q\u00ebllime diagnostikuese ose si metod\u00eb kirurgjikale p\u00ebr trajtimin e gjendjeve t\u00eb caktuara. Pse \u00ebsht\u00eb e nevojshme histeroskopia? Histeroskopia i mund\u00ebson mjekut t\u00eb shikoj\u00eb n\u00eb detaje pjes\u00ebn e brendshme t\u00eb mitr\u00ebs. Histeroskopi futet me kujdes p\u00ebrmes vagin\u00ebs dhe...\" \/>\n<meta property=\"og:url\" content=\"https:\/\/organdziski.com\/histeroskopija\/\" \/>\n<meta property=\"og:site_name\" content=\"\u041f\u0417\u0423 \u0414-\u0440 \u041e\u0440\u0433\u0430\u043d\u045f\u0438\u0441\u043a\u0438\" \/>\n<meta property=\"article:publisher\" content=\"https:\/\/www.facebook.com\/Dr.Organdziski\" \/>\n<meta property=\"article:modified_time\" content=\"2024-06-20T10:39:23+00:00\" \/>\n<meta name=\"twitter:card\" content=\"summary_large_image\" \/>\n<meta name=\"twitter:label1\" content=\"Est. reading time\" \/>\n\t<meta name=\"twitter:data1\" content=\"3 minutes\" \/>\n<script type=\"application\/ld+json\" class=\"yoast-schema-graph\">{\"@context\":\"https:\\\/\\\/schema.org\",\"@graph\":[{\"@type\":\"WebPage\",\"@id\":\"https:\\\/\\\/organdziski.com\\\/histeroskopija\\\/\",\"url\":\"https:\\\/\\\/organdziski.com\\\/histeroskopija\\\/\",\"name\":\"Histeroskopia - \u041f\u0417\u0423 \u0414-\u0440 \u041e\u0440\u0433\u0430\u043d\u045f\u0438\u0441\u043a\u0438\",\"isPartOf\":{\"@id\":\"https:\\\/\\\/organdziski.com\\\/#website\"},\"datePublished\":\"2024-05-14T18:04:12+00:00\",\"dateModified\":\"2024-06-20T10:39:23+00:00\",\"breadcrumb\":{\"@id\":\"https:\\\/\\\/organdziski.com\\\/histeroskopija\\\/#breadcrumb\"},\"inLanguage\":\"sq-AL\",\"potentialAction\":[{\"@type\":\"ReadAction\",\"target\":[\"https:\\\/\\\/organdziski.com\\\/histeroskopija\\\/\"]}]},{\"@type\":\"BreadcrumbList\",\"@id\":\"https:\\\/\\\/organdziski.com\\\/histeroskopija\\\/#breadcrumb\",\"itemListElement\":[{\"@type\":\"ListItem\",\"position\":1,\"name\":\"Home\",\"item\":\"https:\\\/\\\/organdziski.com\\\/\"},{\"@type\":\"ListItem\",\"position\":2,\"name\":\"Histeroskopia\"}]},{\"@type\":\"WebSite\",\"@id\":\"https:\\\/\\\/organdziski.com\\\/#website\",\"url\":\"https:\\\/\\\/organdziski.com\\\/\",\"name\":\"\u041f\u0417\u0423 \u0414-\u0440 \u041e\u0440\u0433\u0430\u043d\u045f\u0438\u0441\u043a\u0438\",\"description\":\"\u0421\u043f\u0435\u0446\u0438\u0458\u0430\u043b\u0438\u0437\u0438\u0440\u0430\u043d\u0430 \u0431\u043e\u043b\u043d\u0438\u0446\u0430 \u043f\u043e \u0433\u0438\u043d\u0435\u043a\u043e\u043b\u043e\u0433\u0438\u0458\u0430 \u0438 \u0430\u043a\u0443\u0448\u0435\u0440\u0441\u0442\u0432\u043e\",\"publisher\":{\"@id\":\"https:\\\/\\\/organdziski.com\\\/#organization\"},\"potentialAction\":[{\"@type\":\"SearchAction\",\"target\":{\"@type\":\"EntryPoint\",\"urlTemplate\":\"https:\\\/\\\/organdziski.com\\\/?s={search_term_string}\"},\"query-input\":{\"@type\":\"PropertyValueSpecification\",\"valueRequired\":true,\"valueName\":\"search_term_string\"}}],\"inLanguage\":\"sq-AL\"},{\"@type\":\"Organization\",\"@id\":\"https:\\\/\\\/organdziski.com\\\/#organization\",\"name\":\"\u041f\u0417\u0423 \u0414-\u0440 \u041e\u0440\u0433\u0430\u043d\u045f\u0438\u0441\u043a\u0438\",\"url\":\"https:\\\/\\\/organdziski.com\\\/\",\"logo\":{\"@type\":\"ImageObject\",\"inLanguage\":\"sq-AL\",\"@id\":\"https:\\\/\\\/organdziski.com\\\/#\\\/schema\\\/logo\\\/image\\\/\",\"url\":\"https:\\\/\\\/organdziski.com\\\/wp-content\\\/uploads\\\/2024\\\/04\\\/organdziski.svg\",\"contentUrl\":\"https:\\\/\\\/organdziski.com\\\/wp-content\\\/uploads\\\/2024\\\/04\\\/organdziski.svg\",\"width\":341,\"height\":63,\"caption\":\"\u041f\u0417\u0423 \u0414-\u0440 \u041e\u0440\u0433\u0430\u043d\u045f\u0438\u0441\u043a\u0438\"},\"image\":{\"@id\":\"https:\\\/\\\/organdziski.com\\\/#\\\/schema\\\/logo\\\/image\\\/\"},\"sameAs\":[\"https:\\\/\\\/www.facebook.com\\\/Dr.Organdziski\",\"https:\\\/\\\/www.instagram.com\\\/bolnicadrorgandziski\\\/\",\"https:\\\/\\\/www.youtube.com\\\/channel\\\/UCVzAHTjH-QvDcCGm19znLyA\"]}]}<\/script>\n<!-- \/ Yoast SEO Premium plugin. -->","yoast_head_json":{"title":"Histeroskopia - \u041f\u0417\u0423 \u0414-\u0440 \u041e\u0440\u0433\u0430\u043d\u045f\u0438\u0441\u043a\u0438","robots":{"index":"index","follow":"follow","max-snippet":"max-snippet:-1","max-image-preview":"max-image-preview:large","max-video-preview":"max-video-preview:-1"},"canonical":"https:\/\/organdziski.com\/histeroskopija\/","og_locale":"sq_AL","og_type":"article","og_title":"Histeroskopia","og_description":"Histeroskopia \u00ebsht\u00eb nj\u00eb pamje e brend\u00ebsis\u00eb s\u00eb mitr\u00ebs me ndihm\u00ebn e optik\u00ebs q\u00eb quhet histeroskop. Histeroskopia p\u00ebrdoret p\u00ebr q\u00ebllime diagnostikuese ose si metod\u00eb kirurgjikale p\u00ebr trajtimin e gjendjeve t\u00eb caktuara. Pse \u00ebsht\u00eb e nevojshme histeroskopia? Histeroskopia i mund\u00ebson mjekut t\u00eb shikoj\u00eb n\u00eb detaje pjes\u00ebn e brendshme t\u00eb mitr\u00ebs. Histeroskopi futet me kujdes p\u00ebrmes vagin\u00ebs dhe...","og_url":"https:\/\/organdziski.com\/histeroskopija\/","og_site_name":"\u041f\u0417\u0423 \u0414-\u0440 \u041e\u0440\u0433\u0430\u043d\u045f\u0438\u0441\u043a\u0438","article_publisher":"https:\/\/www.facebook.com\/Dr.Organdziski","article_modified_time":"2024-06-20T10:39:23+00:00","twitter_card":"summary_large_image","twitter_misc":{"Est. reading time":"3 minutes"},"schema":{"@context":"https:\/\/schema.org","@graph":[{"@type":"WebPage","@id":"https:\/\/organdziski.com\/histeroskopija\/","url":"https:\/\/organdziski.com\/histeroskopija\/","name":"Histeroskopia - \u041f\u0417\u0423 \u0414-\u0440 \u041e\u0440\u0433\u0430\u043d\u045f\u0438\u0441\u043a\u0438","isPartOf":{"@id":"https:\/\/organdziski.com\/#website"},"datePublished":"2024-05-14T18:04:12+00:00","dateModified":"2024-06-20T10:39:23+00:00","breadcrumb":{"@id":"https:\/\/organdziski.com\/histeroskopija\/#breadcrumb"},"inLanguage":"sq-AL","potentialAction":[{"@type":"ReadAction","target":["https:\/\/organdziski.com\/histeroskopija\/"]}]},{"@type":"BreadcrumbList","@id":"https:\/\/organdziski.com\/histeroskopija\/#breadcrumb","itemListElement":[{"@type":"ListItem","position":1,"name":"Home","item":"https:\/\/organdziski.com\/"},{"@type":"ListItem","position":2,"name":"Histeroskopia"}]},{"@type":"WebSite","@id":"https:\/\/organdziski.com\/#website","url":"https:\/\/organdziski.com\/","name":"\u041f\u0417\u0423 \u0414-\u0440 \u041e\u0440\u0433\u0430\u043d\u045f\u0438\u0441\u043a\u0438","description":"\u0421\u043f\u0435\u0446\u0438\u0458\u0430\u043b\u0438\u0437\u0438\u0440\u0430\u043d\u0430 \u0431\u043e\u043b\u043d\u0438\u0446\u0430 \u043f\u043e \u0433\u0438\u043d\u0435\u043a\u043e\u043b\u043e\u0433\u0438\u0458\u0430 \u0438 \u0430\u043a\u0443\u0448\u0435\u0440\u0441\u0442\u0432\u043e","publisher":{"@id":"https:\/\/organdziski.com\/#organization"},"potentialAction":[{"@type":"SearchAction","target":{"@type":"EntryPoint","urlTemplate":"https:\/\/organdziski.com\/?s={search_term_string}"},"query-input":{"@type":"PropertyValueSpecification","valueRequired":true,"valueName":"search_term_string"}}],"inLanguage":"sq-AL"},{"@type":"Organization","@id":"https:\/\/organdziski.com\/#organization","name":"\u041f\u0417\u0423 \u0414-\u0440 \u041e\u0440\u0433\u0430\u043d\u045f\u0438\u0441\u043a\u0438","url":"https:\/\/organdziski.com\/","logo":{"@type":"ImageObject","inLanguage":"sq-AL","@id":"https:\/\/organdziski.com\/#\/schema\/logo\/image\/","url":"https:\/\/organdziski.com\/wp-content\/uploads\/2024\/04\/organdziski.svg","contentUrl":"https:\/\/organdziski.com\/wp-content\/uploads\/2024\/04\/organdziski.svg","width":341,"height":63,"caption":"\u041f\u0417\u0423 \u0414-\u0440 \u041e\u0440\u0433\u0430\u043d\u045f\u0438\u0441\u043a\u0438"},"image":{"@id":"https:\/\/organdziski.com\/#\/schema\/logo\/image\/"},"sameAs":["https:\/\/www.facebook.com\/Dr.Organdziski","https:\/\/www.instagram.com\/bolnicadrorgandziski\/","https:\/\/www.youtube.com\/channel\/UCVzAHTjH-QvDcCGm19znLyA"]}]}},"_links":{"self":[{"href":"https:\/\/organdziski.com\/sq\/wp-json\/wp\/v2\/pages\/15940","targetHints":{"allow":["GET"]}}],"collection":[{"href":"https:\/\/organdziski.com\/sq\/wp-json\/wp\/v2\/pages"}],"about":[{"href":"https:\/\/organdziski.com\/sq\/wp-json\/wp\/v2\/types\/page"}],"author":[{"embeddable":true,"href":"https:\/\/organdziski.com\/sq\/wp-json\/wp\/v2\/users\/1"}],"replies":[{"embeddable":true,"href":"https:\/\/organdziski.com\/sq\/wp-json\/wp\/v2\/comments?post=15940"}],"version-history":[{"count":3,"href":"https:\/\/organdziski.com\/sq\/wp-json\/wp\/v2\/pages\/15940\/revisions"}],"predecessor-version":[{"id":15943,"href":"https:\/\/organdziski.com\/sq\/wp-json\/wp\/v2\/pages\/15940\/revisions\/15943"}],"wp:attachment":[{"href":"https:\/\/organdziski.com\/sq\/wp-json\/wp\/v2\/media?parent=15940"}],"curies":[{"name":"wp","href":"https:\/\/api.w.org\/{rel}","templated":true}]}}