{"id":15948,"date":"2024-05-14T18:27:42","date_gmt":"2024-05-14T18:27:42","guid":{"rendered":"https:\/\/organdziski.com\/?page_id=15948"},"modified":"2024-06-20T10:46:20","modified_gmt":"2024-06-20T10:46:20","slug":"semundjet-e-gjirit","status":"publish","type":"page","link":"https:\/\/organdziski.com\/sq\/semundjet-e-gjirit\/","title":{"rendered":"S\u00ebmundjet e gjirit"},"content":{"rendered":"\t\t<div data-elementor-type=\"wp-page\" data-elementor-id=\"15948\" class=\"elementor elementor-15948 elementor-10841\" data-elementor-post-type=\"page\">\n\t\t\t\t<div class=\"elementor-element elementor-element-7d788d2 e-flex e-con-boxed e-con e-parent\" data-id=\"7d788d2\" data-element_type=\"container\">\n\t\t\t\t\t<div class=\"e-con-inner\">\n\t\t\t\t<div class=\"elementor-element elementor-element-d84ec13 elementor-widget elementor-widget-text-editor\" data-id=\"d84ec13\" data-element_type=\"widget\" data-widget_type=\"text-editor.default\">\n\t\t\t\t<div class=\"elementor-widget-container\">\n\t\t\t\t\t\t\t<p style=\"text-align: justify; background: white;\">S\u00ebmundjet e gjirit ndahen n\u00eb beninje dhe malinje.<br \/><br \/>Mastopatia \u00ebsht\u00eb nj\u00eb s\u00ebmundje beninje e gjirit n\u00eb t\u00eb cil\u00ebn manifestohen ndryshime progresive dhe regresive t\u00eb gjirit, t\u00eb cilat mund t\u00eb shprehen si atrofi, hiperplazi dhe metaplazi t\u00eb gj\u00ebndrave t\u00eb qum\u00ebshtit. Mund t\u00eb shfaqet gjat\u00eb gjith\u00eb jet\u00ebs riprodhuese t\u00eb gruas dhe n\u00eb var\u00ebsi t\u00eb gjetjeve patohistologjike dallohen tre shkall\u00eb t\u00eb mastopatis\u00eb: mastopatia e shkall\u00ebs s\u00eb leht\u00eb (shkall\u00eb I), e shkall\u00ebs s\u00eb mesme (II) dhe mastopatia e shkall\u00ebs s\u00eb r\u00ebnd\u00eb (III). Mastopatia e leht\u00eb \u00ebsht\u00eb m\u00eb e zakonshme (70%). Shprehet me ndryshime fibroze dhe fibro-cistike. Rreziku i zhvillimit malinj \u00ebsht\u00eb rreth 0.5%.<br \/><br \/>Mastopatia e moderuar shfaqet n\u00eb 20% t\u00eb rasteve dhe rreziku i kancerit t\u00eb gjirit tek k\u00ebto gra \u00ebsht\u00eb dy her\u00eb m\u00eb i lart\u00eb se pjesa tjet\u00ebr e popullsis\u00eb. Mastopatia e r\u00ebnd\u00eb shfaqet m\u00eb rrall\u00eb (10%). \u00cbsht\u00eb shum\u00eb e r\u00ebnd\u00ebsishme t\u00eb diagnostikohet sakt\u00eb dhe t\u00eb diferencohet displazia e r\u00ebnd\u00eb nga kanceri preinvaziv i gjirit. Te pacient\u00ebt me nj\u00eb gjetje t\u00eb till\u00eb, rreziku i kancerit t\u00eb gjirit \u00ebsht\u00eb dy deri n\u00eb kat\u00ebr her\u00eb m\u00eb i lart\u00eb se ai i grave t\u00eb tjera.<br \/><br \/>Paqyra klinike e pacient\u00ebve me mastopati \u00ebsht\u00eb dhimbja e gjirit (mastodinia), prania e nyjeve (kryesisht n\u00eb kuadrantin e sip\u00ebrm t\u00eb jasht\u00ebm) dhe rrjedhja (si uj\u00eb, i bardh\u00eb si qum\u00ebshti ose me gjak). Diagnoza vendoset n\u00eb baz\u00eb t\u00eb historis\u00eb s\u00eb plot\u00eb, palpimit t\u00eb gjirit, mamografis\u00eb me ultratinguj (eko e gjirit), ekzaminimit citologjik t\u00eb gjetjes s\u00eb punksionit dhe n\u00ebse \u00ebsht\u00eb e nevojshme ekzaminimi histologjik me biopsi. Mamografia me ultratinguj \u00ebsht\u00eb e vetmja metod\u00eb joinvazive p\u00ebrmes s\u00eb cil\u00ebs b\u00ebhet depistimi p\u00ebr kancerin e gjirit tek t\u00eb gjitha grat\u00eb e mosh\u00ebs 20 deri n\u00eb 70 vje\u00e7.<\/p>\t\t\t\t\t\t<\/div>\n\t\t\t\t<\/div>\n\t\t\t\t<div class=\"elementor-element elementor-element-b7ed1c2 elementor-widget elementor-widget-heading\" data-id=\"b7ed1c2\" data-element_type=\"widget\" data-widget_type=\"heading.default\">\n\t\t\t\t<div class=\"elementor-widget-container\">\n\t\t\t<h2 class=\"elementor-heading-title elementor-size-default\">Kanceri i gjirit<\/h2>\t\t<\/div>\n\t\t\t\t<\/div>\n\t\t\t\t<div class=\"elementor-element elementor-element-a1122a9 elementor-widget elementor-widget-text-editor\" data-id=\"a1122a9\" data-element_type=\"widget\" data-widget_type=\"text-editor.default\">\n\t\t\t\t<div class=\"elementor-widget-container\">\n\t\t\t\t\t\t\t<p>Kanceri i gjirit \u00ebsht\u00eb nj\u00eb s\u00ebmundje malinje tek grat\u00eb. Rreziku i shfaqjes s\u00eb k\u00ebtij kanceri \u00ebsht\u00eb m\u00eb i lart\u00eb tek femrat tek t\u00eb cilat ekziston mund\u00ebsia q\u00eb s\u00ebmundja t\u00eb jet\u00eb e trash\u00ebgueshme (n\u00ebse ka ndodhur m\u00eb par\u00eb tek n\u00ebna e saj ose tek nj\u00eb an\u00ebtar i ngusht\u00eb i familjes n\u00eb linj\u00ebn e n\u00ebn\u00ebs). Rreziku \u00ebsht\u00eb gjithashtu m\u00eb i lart\u00eb tek grat\u00eb q\u00eb kan\u00eb pasur lindjen e tyre t\u00eb par\u00eb pas mosh\u00ebs 30 vje\u00e7, tek grat\u00eb me infertilitet, tek grat\u00eb me pesh\u00eb m\u00eb t\u00eb lart\u00eb trupore, tek ato q\u00eb kan\u00eb pasur menstruacionet e para para mosh\u00ebs 11 vje\u00e7 ose tek ato n\u00eb t\u00eb cilat ka ndodhur menopauza. pas mosh\u00ebs 55 vje\u00e7are.<\/p><p>Kanceri prek kuadrantin e sip\u00ebrm an\u00ebsor t\u00eb gjirit n\u00eb 50-60%, por edhe pjes\u00ebn qendrore rreth thithk\u00ebs (15-20%). Zakonisht shfaqet n\u00eb nj\u00ebrin gji dhe vet\u00ebm deri n\u00eb 6% t\u00eb rasteve prek t\u00eb dy gjinjt\u00eb. Kanceri i gjirit karakterizohet nga nj\u00eb rritje shum\u00eb e ngadalt\u00eb. Mund t\u00eb duhen 6-8 vjet q\u00eb ajo t\u00eb rritet deri n\u00eb 1 cm ose derisa t\u00eb b\u00ebhet e dukshme klinikisht. Karcinoma e gjirit karakterizohet nga simptoma shum\u00eb t\u00eb dob\u00ebta. Dhimbja mund t\u00eb shfaqet gjithashtu si simptoma jo specifike. M\u00eb shpesh, pacient\u00ebt paraqiten p\u00ebr ekzaminim pasi v\u00ebrejn\u00eb nj\u00eb gung\u00eb n\u00eb zon\u00ebn e gjirit. N\u00eb nj\u00eb faz\u00eb m\u00eb t\u00eb avancuar, thithka t\u00ebrhiqet dhe l\u00ebkura i ngjan nj\u00eb &#8220;portokalli&#8221;. Mund t\u00eb ndodh\u00eb edhe rrjedhje nga gjiri.<\/p><p>N\u00eb diagnostikim, vet\u00ebkontrolli i gjirit n\u00eb periudh\u00ebn nd\u00ebrmjet dit\u00ebs s\u00eb 5-t\u00eb dhe t\u00eb 10-t\u00eb t\u00eb ciklit menstrual \u00ebsht\u00eb m\u00eb i r\u00ebnd\u00ebsishmi. Vet\u00ebkontrolli konsiston n\u00eb palpimin e gjirit me nj\u00eb krah pak t\u00eb ngritur. Rekomandohet t\u00eb praktikohet nj\u00eb her\u00eb n\u00eb muaj pas mosh\u00ebs 20 vje\u00e7. Ekzaminimi me ultratinguj i gjirit konsiderohet si kontrolli m\u00eb i besuesh\u00ebm. N\u00eb rast t\u00eb gjetjeve t\u00eb dyshimta b\u00ebhet punksioni me ekzaminim citologjik ose biopsi indore p\u00ebr ekzaminim histologjik. Sh\u00ebrimi p\u00ebrfundimtar i pacientit mund t\u00eb diskutohet pasi t\u00eb ken\u00eb kaluar 5 vjet nga diagnoza fillestare. N\u00ebse s\u00ebmundja zbulohet n\u00eb faz\u00ebn e par\u00eb, p\u00ebrqindja e mbijetes\u00ebs tek pacient\u00ebt \u00ebsht\u00eb 70-80%, n\u00ebse ndodh n\u00eb faz\u00ebn e dyt\u00eb, at\u00ebher\u00eb p\u00ebrqindja \u00ebsht\u00eb 50-70%, dhe n\u00eb faz\u00ebn e tret\u00eb dhe t\u00eb kat\u00ebrt, 20-30. %, dhe akoma m\u00eb pak.<\/p><p>Vet\u00ebkontrolli i rregullt dhe ekzaminimet e rregullta me ultratinguj reduktojn\u00eb ndjesh\u00ebm vdekshm\u00ebrin\u00eb nga kanceri i gjirit.<\/p>\t\t\t\t\t\t<\/div>\n\t\t\t\t<\/div>\n\t\t\t\t\t<\/div>\n\t\t\t\t<\/div>\n\t\t\t\t<\/div>\n\t\t","protected":false},"excerpt":{"rendered":"<p>S\u00ebmundjet e gjirit ndahen n\u00eb beninje dhe malinje. Mastopatia \u00ebsht\u00eb nj\u00eb s\u00ebmundje beninje e gjirit n\u00eb t\u00eb cil\u00ebn manifestohen ndryshime progresive dhe regresive t\u00eb gjirit, t\u00eb cilat mund t\u00eb shprehen si atrofi, hiperplazi dhe metaplazi t\u00eb gj\u00ebndrave t\u00eb qum\u00ebshtit. Mund t\u00eb shfaqet gjat\u00eb gjith\u00eb jet\u00ebs riprodhuese t\u00eb gruas dhe n\u00eb var\u00ebsi t\u00eb gjetjeve patohistologjike dallohen&#8230;<\/p>\n","protected":false},"author":1,"featured_media":0,"parent":0,"menu_order":0,"comment_status":"closed","ping_status":"closed","template":"","meta":{"footnotes":""},"class_list":["post-15948","page","type-page","status-publish","hentry"],"yoast_head":"<!-- This site is optimized with the Yoast SEO Premium plugin v22.7 (Yoast SEO v27.4) - https:\/\/yoast.com\/product\/yoast-seo-premium-wordpress\/ -->\n<title>S\u00ebmundjet e gjirit - \u041f\u0417\u0423 \u0414-\u0440 \u041e\u0440\u0433\u0430\u043d\u045f\u0438\u0441\u043a\u0438<\/title>\n<meta name=\"robots\" content=\"index, follow, max-snippet:-1, max-image-preview:large, max-video-preview:-1\" \/>\n<link rel=\"canonical\" href=\"https:\/\/organdziski.com\/sq\/semundjet-e-gjirit\/\" \/>\n<meta property=\"og:locale\" content=\"sq_AL\" \/>\n<meta property=\"og:type\" content=\"article\" \/>\n<meta property=\"og:title\" content=\"S\u00ebmundjet e gjirit\" \/>\n<meta property=\"og:description\" content=\"S\u00ebmundjet e gjirit ndahen n\u00eb beninje dhe malinje. Mastopatia \u00ebsht\u00eb nj\u00eb s\u00ebmundje beninje e gjirit n\u00eb t\u00eb cil\u00ebn manifestohen ndryshime progresive dhe regresive t\u00eb gjirit, t\u00eb cilat mund t\u00eb shprehen si atrofi, hiperplazi dhe metaplazi t\u00eb gj\u00ebndrave t\u00eb qum\u00ebshtit. Mund t\u00eb shfaqet gjat\u00eb gjith\u00eb jet\u00ebs riprodhuese t\u00eb gruas dhe n\u00eb var\u00ebsi t\u00eb gjetjeve patohistologjike dallohen...\" \/>\n<meta property=\"og:url\" content=\"https:\/\/organdziski.com\/sq\/semundjet-e-gjirit\/\" \/>\n<meta property=\"og:site_name\" content=\"\u041f\u0417\u0423 \u0414-\u0440 \u041e\u0440\u0433\u0430\u043d\u045f\u0438\u0441\u043a\u0438\" \/>\n<meta property=\"article:publisher\" content=\"https:\/\/www.facebook.com\/Dr.Organdziski\" \/>\n<meta property=\"article:modified_time\" content=\"2024-06-20T10:46:20+00:00\" \/>\n<meta name=\"twitter:card\" content=\"summary_large_image\" \/>\n<meta name=\"twitter:label1\" content=\"Est. reading time\" \/>\n\t<meta name=\"twitter:data1\" content=\"4 minutes\" \/>\n<script type=\"application\/ld+json\" class=\"yoast-schema-graph\">{\"@context\":\"https:\\\/\\\/schema.org\",\"@graph\":[{\"@type\":\"WebPage\",\"@id\":\"https:\\\/\\\/organdziski.com\\\/sq\\\/semundjet-e-gjirit\\\/\",\"url\":\"https:\\\/\\\/organdziski.com\\\/sq\\\/semundjet-e-gjirit\\\/\",\"name\":\"S\u00ebmundjet e gjirit - \u041f\u0417\u0423 \u0414-\u0440 \u041e\u0440\u0433\u0430\u043d\u045f\u0438\u0441\u043a\u0438\",\"isPartOf\":{\"@id\":\"https:\\\/\\\/organdziski.com\\\/#website\"},\"datePublished\":\"2024-05-14T18:27:42+00:00\",\"dateModified\":\"2024-06-20T10:46:20+00:00\",\"breadcrumb\":{\"@id\":\"https:\\\/\\\/organdziski.com\\\/sq\\\/semundjet-e-gjirit\\\/#breadcrumb\"},\"inLanguage\":\"sq-AL\",\"potentialAction\":[{\"@type\":\"ReadAction\",\"target\":[\"https:\\\/\\\/organdziski.com\\\/sq\\\/semundjet-e-gjirit\\\/\"]}]},{\"@type\":\"BreadcrumbList\",\"@id\":\"https:\\\/\\\/organdziski.com\\\/sq\\\/semundjet-e-gjirit\\\/#breadcrumb\",\"itemListElement\":[{\"@type\":\"ListItem\",\"position\":1,\"name\":\"Home\",\"item\":\"https:\\\/\\\/organdziski.com\\\/\"},{\"@type\":\"ListItem\",\"position\":2,\"name\":\"S\u00ebmundjet e gjirit\"}]},{\"@type\":\"WebSite\",\"@id\":\"https:\\\/\\\/organdziski.com\\\/#website\",\"url\":\"https:\\\/\\\/organdziski.com\\\/\",\"name\":\"\u041f\u0417\u0423 \u0414-\u0440 \u041e\u0440\u0433\u0430\u043d\u045f\u0438\u0441\u043a\u0438\",\"description\":\"\u0421\u043f\u0435\u0446\u0438\u0458\u0430\u043b\u0438\u0437\u0438\u0440\u0430\u043d\u0430 \u0431\u043e\u043b\u043d\u0438\u0446\u0430 \u043f\u043e \u0433\u0438\u043d\u0435\u043a\u043e\u043b\u043e\u0433\u0438\u0458\u0430 \u0438 \u0430\u043a\u0443\u0448\u0435\u0440\u0441\u0442\u0432\u043e\",\"publisher\":{\"@id\":\"https:\\\/\\\/organdziski.com\\\/#organization\"},\"potentialAction\":[{\"@type\":\"SearchAction\",\"target\":{\"@type\":\"EntryPoint\",\"urlTemplate\":\"https:\\\/\\\/organdziski.com\\\/?s={search_term_string}\"},\"query-input\":{\"@type\":\"PropertyValueSpecification\",\"valueRequired\":true,\"valueName\":\"search_term_string\"}}],\"inLanguage\":\"sq-AL\"},{\"@type\":\"Organization\",\"@id\":\"https:\\\/\\\/organdziski.com\\\/#organization\",\"name\":\"\u041f\u0417\u0423 \u0414-\u0440 \u041e\u0440\u0433\u0430\u043d\u045f\u0438\u0441\u043a\u0438\",\"url\":\"https:\\\/\\\/organdziski.com\\\/\",\"logo\":{\"@type\":\"ImageObject\",\"inLanguage\":\"sq-AL\",\"@id\":\"https:\\\/\\\/organdziski.com\\\/#\\\/schema\\\/logo\\\/image\\\/\",\"url\":\"https:\\\/\\\/organdziski.com\\\/wp-content\\\/uploads\\\/2024\\\/04\\\/organdziski.svg\",\"contentUrl\":\"https:\\\/\\\/organdziski.com\\\/wp-content\\\/uploads\\\/2024\\\/04\\\/organdziski.svg\",\"width\":341,\"height\":63,\"caption\":\"\u041f\u0417\u0423 \u0414-\u0440 \u041e\u0440\u0433\u0430\u043d\u045f\u0438\u0441\u043a\u0438\"},\"image\":{\"@id\":\"https:\\\/\\\/organdziski.com\\\/#\\\/schema\\\/logo\\\/image\\\/\"},\"sameAs\":[\"https:\\\/\\\/www.facebook.com\\\/Dr.Organdziski\",\"https:\\\/\\\/www.instagram.com\\\/bolnicadrorgandziski\\\/\",\"https:\\\/\\\/www.youtube.com\\\/channel\\\/UCVzAHTjH-QvDcCGm19znLyA\"]}]}<\/script>\n<!-- \/ Yoast SEO Premium plugin. -->","yoast_head_json":{"title":"S\u00ebmundjet e gjirit - \u041f\u0417\u0423 \u0414-\u0440 \u041e\u0440\u0433\u0430\u043d\u045f\u0438\u0441\u043a\u0438","robots":{"index":"index","follow":"follow","max-snippet":"max-snippet:-1","max-image-preview":"max-image-preview:large","max-video-preview":"max-video-preview:-1"},"canonical":"https:\/\/organdziski.com\/sq\/semundjet-e-gjirit\/","og_locale":"sq_AL","og_type":"article","og_title":"S\u00ebmundjet e gjirit","og_description":"S\u00ebmundjet e gjirit ndahen n\u00eb beninje dhe malinje. Mastopatia \u00ebsht\u00eb nj\u00eb s\u00ebmundje beninje e gjirit n\u00eb t\u00eb cil\u00ebn manifestohen ndryshime progresive dhe regresive t\u00eb gjirit, t\u00eb cilat mund t\u00eb shprehen si atrofi, hiperplazi dhe metaplazi t\u00eb gj\u00ebndrave t\u00eb qum\u00ebshtit. Mund t\u00eb shfaqet gjat\u00eb gjith\u00eb jet\u00ebs riprodhuese t\u00eb gruas dhe n\u00eb var\u00ebsi t\u00eb gjetjeve patohistologjike dallohen...","og_url":"https:\/\/organdziski.com\/sq\/semundjet-e-gjirit\/","og_site_name":"\u041f\u0417\u0423 \u0414-\u0440 \u041e\u0440\u0433\u0430\u043d\u045f\u0438\u0441\u043a\u0438","article_publisher":"https:\/\/www.facebook.com\/Dr.Organdziski","article_modified_time":"2024-06-20T10:46:20+00:00","twitter_card":"summary_large_image","twitter_misc":{"Est. reading time":"4 minutes"},"schema":{"@context":"https:\/\/schema.org","@graph":[{"@type":"WebPage","@id":"https:\/\/organdziski.com\/sq\/semundjet-e-gjirit\/","url":"https:\/\/organdziski.com\/sq\/semundjet-e-gjirit\/","name":"S\u00ebmundjet e gjirit - \u041f\u0417\u0423 \u0414-\u0440 \u041e\u0440\u0433\u0430\u043d\u045f\u0438\u0441\u043a\u0438","isPartOf":{"@id":"https:\/\/organdziski.com\/#website"},"datePublished":"2024-05-14T18:27:42+00:00","dateModified":"2024-06-20T10:46:20+00:00","breadcrumb":{"@id":"https:\/\/organdziski.com\/sq\/semundjet-e-gjirit\/#breadcrumb"},"inLanguage":"sq-AL","potentialAction":[{"@type":"ReadAction","target":["https:\/\/organdziski.com\/sq\/semundjet-e-gjirit\/"]}]},{"@type":"BreadcrumbList","@id":"https:\/\/organdziski.com\/sq\/semundjet-e-gjirit\/#breadcrumb","itemListElement":[{"@type":"ListItem","position":1,"name":"Home","item":"https:\/\/organdziski.com\/"},{"@type":"ListItem","position":2,"name":"S\u00ebmundjet e gjirit"}]},{"@type":"WebSite","@id":"https:\/\/organdziski.com\/#website","url":"https:\/\/organdziski.com\/","name":"\u041f\u0417\u0423 \u0414-\u0440 \u041e\u0440\u0433\u0430\u043d\u045f\u0438\u0441\u043a\u0438","description":"\u0421\u043f\u0435\u0446\u0438\u0458\u0430\u043b\u0438\u0437\u0438\u0440\u0430\u043d\u0430 \u0431\u043e\u043b\u043d\u0438\u0446\u0430 \u043f\u043e \u0433\u0438\u043d\u0435\u043a\u043e\u043b\u043e\u0433\u0438\u0458\u0430 \u0438 \u0430\u043a\u0443\u0448\u0435\u0440\u0441\u0442\u0432\u043e","publisher":{"@id":"https:\/\/organdziski.com\/#organization"},"potentialAction":[{"@type":"SearchAction","target":{"@type":"EntryPoint","urlTemplate":"https:\/\/organdziski.com\/?s={search_term_string}"},"query-input":{"@type":"PropertyValueSpecification","valueRequired":true,"valueName":"search_term_string"}}],"inLanguage":"sq-AL"},{"@type":"Organization","@id":"https:\/\/organdziski.com\/#organization","name":"\u041f\u0417\u0423 \u0414-\u0440 \u041e\u0440\u0433\u0430\u043d\u045f\u0438\u0441\u043a\u0438","url":"https:\/\/organdziski.com\/","logo":{"@type":"ImageObject","inLanguage":"sq-AL","@id":"https:\/\/organdziski.com\/#\/schema\/logo\/image\/","url":"https:\/\/organdziski.com\/wp-content\/uploads\/2024\/04\/organdziski.svg","contentUrl":"https:\/\/organdziski.com\/wp-content\/uploads\/2024\/04\/organdziski.svg","width":341,"height":63,"caption":"\u041f\u0417\u0423 \u0414-\u0440 \u041e\u0440\u0433\u0430\u043d\u045f\u0438\u0441\u043a\u0438"},"image":{"@id":"https:\/\/organdziski.com\/#\/schema\/logo\/image\/"},"sameAs":["https:\/\/www.facebook.com\/Dr.Organdziski","https:\/\/www.instagram.com\/bolnicadrorgandziski\/","https:\/\/www.youtube.com\/channel\/UCVzAHTjH-QvDcCGm19znLyA"]}]}},"_links":{"self":[{"href":"https:\/\/organdziski.com\/sq\/wp-json\/wp\/v2\/pages\/15948","targetHints":{"allow":["GET"]}}],"collection":[{"href":"https:\/\/organdziski.com\/sq\/wp-json\/wp\/v2\/pages"}],"about":[{"href":"https:\/\/organdziski.com\/sq\/wp-json\/wp\/v2\/types\/page"}],"author":[{"embeddable":true,"href":"https:\/\/organdziski.com\/sq\/wp-json\/wp\/v2\/users\/1"}],"replies":[{"embeddable":true,"href":"https:\/\/organdziski.com\/sq\/wp-json\/wp\/v2\/comments?post=15948"}],"version-history":[{"count":3,"href":"https:\/\/organdziski.com\/sq\/wp-json\/wp\/v2\/pages\/15948\/revisions"}],"predecessor-version":[{"id":15953,"href":"https:\/\/organdziski.com\/sq\/wp-json\/wp\/v2\/pages\/15948\/revisions\/15953"}],"wp:attachment":[{"href":"https:\/\/organdziski.com\/sq\/wp-json\/wp\/v2\/media?parent=15948"}],"curies":[{"name":"wp","href":"https:\/\/api.w.org\/{rel}","templated":true}]}}