{"id":15949,"date":"2024-05-14T18:33:11","date_gmt":"2024-05-14T18:33:11","guid":{"rendered":"https:\/\/organdziski.com\/?page_id=15949"},"modified":"2024-06-20T10:46:34","modified_gmt":"2024-06-20T10:46:34","slug":"endometrioza","status":"publish","type":"page","link":"https:\/\/organdziski.com\/sq\/endometrioza\/","title":{"rendered":"Endometrioza"},"content":{"rendered":"\t\t<div data-elementor-type=\"wp-page\" data-elementor-id=\"15949\" class=\"elementor elementor-15949 elementor-10849\" data-elementor-post-type=\"page\">\n\t\t\t\t<div class=\"elementor-element elementor-element-7e41d0c e-flex e-con-boxed e-con e-parent\" data-id=\"7e41d0c\" data-element_type=\"container\">\n\t\t\t\t\t<div class=\"e-con-inner\">\n\t\t\t\t<div class=\"elementor-element elementor-element-6f69a53 elementor-widget elementor-widget-text-editor\" data-id=\"6f69a53\" data-element_type=\"widget\" data-widget_type=\"text-editor.default\">\n\t\t\t\t<div class=\"elementor-widget-container\">\n\t\t\t\t\t\t\t<p>Endometrioza \u00ebsht\u00eb nj\u00eb s\u00ebmundje gjat\u00eb s\u00eb cil\u00ebs ka prani t\u00eb shtres\u00ebs s\u00eb brendshme t\u00eb mitr\u00ebs n\u00eb shtres\u00ebn muskulore t\u00eb mitr\u00ebs dhe jasht\u00eb saj. Endometrioza z\u00eb vendin e tret\u00eb pas s\u00ebmundjeve inflamatore t\u00eb sistemit riprodhues t\u00eb femr\u00ebs dhe miomave t\u00eb mitr\u00ebs.<\/p><p>Ka shum\u00eb hipoteza p\u00ebr shfaqjen e s\u00ebmundjes, por asnj\u00ebra prej tyre nuk \u00ebsht\u00eb v\u00ebrtetuar deri m\u00eb tani, \u00e7ka do t\u00eb thot\u00eb se shkaqet nuk dihen ende. Endometrioza mund t\u00eb jet\u00eb e brendshme ose e jashtme. Endometrioza e brendshme zhvillohet n\u00eb shtres\u00ebn muskulore t\u00eb mitr\u00ebs ku ka fole t\u00eb qelizave endometriale q\u00eb formojn\u00eb ciste t\u00eb vogla. Pacientet femra zakonisht ankohen p\u00ebr menstruacione t\u00eb dhimbshme dhe t\u00eb r\u00ebnda. Mitra \u00ebsht\u00eb e zmadhuar dhe e dhimbshme n\u00eb prekje.<\/p><p>Endometrioza e jashtme \u00ebsht\u00eb m\u00eb e zakonshme n\u00eb mosh\u00ebn seksualisht t\u00eb pjekur dhe m\u00eb s\u00eb shpeshti gjendet midis mosh\u00ebs 25 dhe 35 vje\u00e7. Dhimbja \u00ebsht\u00eb konstante ose ndjehet si siklet n\u00eb pjes\u00ebn e poshtme t\u00eb fshik\u00ebz\u00ebs si pasoj\u00eb e ngjitjeve ekzistuese. Nga endometrioza preken edhe vezoret, t\u00eb cilat shpesh kan\u00eb funksion t\u00eb d\u00ebmtuar dhe krijohen t\u00eb ashtuquajturat ciste \u00e7okollat\u00eb. Si rezultat i k\u00ebsaj, zhvillohet steriliteti (pamund\u00ebsia p\u00ebr t\u00eb mbetur shtatz\u00ebn\u00eb). Diagnoza e endometrioz\u00ebs nuk \u00ebsht\u00eb e leht\u00eb. P\u00ebr zbulimin e saj p\u00ebrdoren disa metoda si kolposkopia, ekzaminimi me ultratinguj, histeroskopia, laparoskopia, histerosalpingografia dhe analizat hormonale.<\/p><p>Trajtimi \u00ebsht\u00eb konservativ me medikamente dhe kirurgji. P\u00ebrdoren preparate q\u00eb drejtohen kund\u00ebr hormoneve q\u00eb stimulojn\u00eb funksionin e vezoreve, duke shkaktuar k\u00ebshtu gjendjen e menopauz\u00ebs s\u00eb rreme. N\u00eb rast t\u00eb rezultateve t\u00eb dob\u00ebta nga trajtimi konservativ, kalohet n\u00eb trajtim operativ. Zbulimi i hersh\u00ebm i endometrioz\u00ebs rrit suksesin n\u00eb arritjen e shtatz\u00ebnis\u00eb.<\/p>\t\t\t\t\t\t<\/div>\n\t\t\t\t<\/div>\n\t\t\t\t\t<\/div>\n\t\t\t\t<\/div>\n\t\t\t\t<\/div>\n\t\t","protected":false},"excerpt":{"rendered":"<p>Endometrioza \u00ebsht\u00eb nj\u00eb s\u00ebmundje gjat\u00eb s\u00eb cil\u00ebs ka prani t\u00eb shtres\u00ebs s\u00eb brendshme t\u00eb mitr\u00ebs n\u00eb shtres\u00ebn muskulore t\u00eb mitr\u00ebs dhe jasht\u00eb saj. Endometrioza z\u00eb vendin e tret\u00eb pas s\u00ebmundjeve inflamatore t\u00eb sistemit riprodhues t\u00eb femr\u00ebs dhe miomave t\u00eb mitr\u00ebs. Ka shum\u00eb hipoteza p\u00ebr shfaqjen e s\u00ebmundjes, por asnj\u00ebra prej tyre nuk \u00ebsht\u00eb v\u00ebrtetuar deri&#8230;<\/p>\n","protected":false},"author":1,"featured_media":0,"parent":0,"menu_order":0,"comment_status":"closed","ping_status":"closed","template":"","meta":{"footnotes":""},"class_list":["post-15949","page","type-page","status-publish","hentry"],"yoast_head":"<!-- This site is optimized with the Yoast SEO Premium plugin v22.7 (Yoast SEO v26.8) - https:\/\/yoast.com\/product\/yoast-seo-premium-wordpress\/ -->\n<title>Endometrioza - \u041f\u0417\u0423 \u0414-\u0440 \u041e\u0440\u0433\u0430\u043d\u045f\u0438\u0441\u043a\u0438<\/title>\n<meta name=\"robots\" content=\"index, follow, max-snippet:-1, max-image-preview:large, max-video-preview:-1\" \/>\n<link rel=\"canonical\" href=\"https:\/\/organdziski.com\/endometrioza\/\" \/>\n<meta property=\"og:locale\" content=\"sq_AL\" \/>\n<meta property=\"og:type\" content=\"article\" \/>\n<meta property=\"og:title\" content=\"Endometrioza\" \/>\n<meta property=\"og:description\" content=\"Endometrioza \u00ebsht\u00eb nj\u00eb s\u00ebmundje gjat\u00eb s\u00eb cil\u00ebs ka prani t\u00eb shtres\u00ebs s\u00eb brendshme t\u00eb mitr\u00ebs n\u00eb shtres\u00ebn muskulore t\u00eb mitr\u00ebs dhe jasht\u00eb saj. Endometrioza z\u00eb vendin e tret\u00eb pas s\u00ebmundjeve inflamatore t\u00eb sistemit riprodhues t\u00eb femr\u00ebs dhe miomave t\u00eb mitr\u00ebs. Ka shum\u00eb hipoteza p\u00ebr shfaqjen e s\u00ebmundjes, por asnj\u00ebra prej tyre nuk \u00ebsht\u00eb v\u00ebrtetuar deri...\" \/>\n<meta property=\"og:url\" content=\"https:\/\/organdziski.com\/endometrioza\/\" \/>\n<meta property=\"og:site_name\" content=\"\u041f\u0417\u0423 \u0414-\u0440 \u041e\u0440\u0433\u0430\u043d\u045f\u0438\u0441\u043a\u0438\" \/>\n<meta property=\"article:publisher\" content=\"https:\/\/www.facebook.com\/Dr.Organdziski\" \/>\n<meta property=\"article:modified_time\" content=\"2024-06-20T10:46:34+00:00\" \/>\n<meta name=\"twitter:card\" content=\"summary_large_image\" \/>\n<meta name=\"twitter:label1\" content=\"Est. reading time\" \/>\n\t<meta name=\"twitter:data1\" content=\"2 minutes\" \/>\n<script type=\"application\/ld+json\" class=\"yoast-schema-graph\">{\"@context\":\"https:\/\/schema.org\",\"@graph\":[{\"@type\":\"WebPage\",\"@id\":\"https:\/\/organdziski.com\/endometrioza\/\",\"url\":\"https:\/\/organdziski.com\/endometrioza\/\",\"name\":\"Endometrioza - \u041f\u0417\u0423 \u0414-\u0440 \u041e\u0440\u0433\u0430\u043d\u045f\u0438\u0441\u043a\u0438\",\"isPartOf\":{\"@id\":\"https:\/\/organdziski.com\/#website\"},\"datePublished\":\"2024-05-14T18:33:11+00:00\",\"dateModified\":\"2024-06-20T10:46:34+00:00\",\"breadcrumb\":{\"@id\":\"https:\/\/organdziski.com\/endometrioza\/#breadcrumb\"},\"inLanguage\":\"sq-AL\",\"potentialAction\":[{\"@type\":\"ReadAction\",\"target\":[\"https:\/\/organdziski.com\/endometrioza\/\"]}]},{\"@type\":\"BreadcrumbList\",\"@id\":\"https:\/\/organdziski.com\/endometrioza\/#breadcrumb\",\"itemListElement\":[{\"@type\":\"ListItem\",\"position\":1,\"name\":\"Home\",\"item\":\"https:\/\/organdziski.com\/sq\/\"},{\"@type\":\"ListItem\",\"position\":2,\"name\":\"Endometrioza\"}]},{\"@type\":\"WebSite\",\"@id\":\"https:\/\/organdziski.com\/#website\",\"url\":\"https:\/\/organdziski.com\/\",\"name\":\"\u041f\u0417\u0423 \u0414-\u0440 \u041e\u0440\u0433\u0430\u043d\u045f\u0438\u0441\u043a\u0438\",\"description\":\"\u0421\u043f\u0435\u0446\u0438\u0458\u0430\u043b\u0438\u0437\u0438\u0440\u0430\u043d\u0430 \u0431\u043e\u043b\u043d\u0438\u0446\u0430 \u043f\u043e \u0433\u0438\u043d\u0435\u043a\u043e\u043b\u043e\u0433\u0438\u0458\u0430 \u0438 \u0430\u043a\u0443\u0448\u0435\u0440\u0441\u0442\u0432\u043e\",\"publisher\":{\"@id\":\"https:\/\/organdziski.com\/#organization\"},\"potentialAction\":[{\"@type\":\"SearchAction\",\"target\":{\"@type\":\"EntryPoint\",\"urlTemplate\":\"https:\/\/organdziski.com\/?s={search_term_string}\"},\"query-input\":{\"@type\":\"PropertyValueSpecification\",\"valueRequired\":true,\"valueName\":\"search_term_string\"}}],\"inLanguage\":\"sq-AL\"},{\"@type\":\"Organization\",\"@id\":\"https:\/\/organdziski.com\/#organization\",\"name\":\"\u041f\u0417\u0423 \u0414-\u0440 \u041e\u0440\u0433\u0430\u043d\u045f\u0438\u0441\u043a\u0438\",\"url\":\"https:\/\/organdziski.com\/\",\"logo\":{\"@type\":\"ImageObject\",\"inLanguage\":\"sq-AL\",\"@id\":\"https:\/\/organdziski.com\/#\/schema\/logo\/image\/\",\"url\":\"https:\/\/organdziski.com\/wp-content\/uploads\/2024\/04\/organdziski.svg\",\"contentUrl\":\"https:\/\/organdziski.com\/wp-content\/uploads\/2024\/04\/organdziski.svg\",\"width\":341,\"height\":63,\"caption\":\"\u041f\u0417\u0423 \u0414-\u0440 \u041e\u0440\u0433\u0430\u043d\u045f\u0438\u0441\u043a\u0438\"},\"image\":{\"@id\":\"https:\/\/organdziski.com\/#\/schema\/logo\/image\/\"},\"sameAs\":[\"https:\/\/www.facebook.com\/Dr.Organdziski\",\"https:\/\/www.instagram.com\/bolnicadrorgandziski\/\",\"https:\/\/www.youtube.com\/channel\/UCVzAHTjH-QvDcCGm19znLyA\"]}]}<\/script>\n<!-- \/ Yoast SEO Premium plugin. -->","yoast_head_json":{"title":"Endometrioza - \u041f\u0417\u0423 \u0414-\u0440 \u041e\u0440\u0433\u0430\u043d\u045f\u0438\u0441\u043a\u0438","robots":{"index":"index","follow":"follow","max-snippet":"max-snippet:-1","max-image-preview":"max-image-preview:large","max-video-preview":"max-video-preview:-1"},"canonical":"https:\/\/organdziski.com\/endometrioza\/","og_locale":"sq_AL","og_type":"article","og_title":"Endometrioza","og_description":"Endometrioza \u00ebsht\u00eb nj\u00eb s\u00ebmundje gjat\u00eb s\u00eb cil\u00ebs ka prani t\u00eb shtres\u00ebs s\u00eb brendshme t\u00eb mitr\u00ebs n\u00eb shtres\u00ebn muskulore t\u00eb mitr\u00ebs dhe jasht\u00eb saj. Endometrioza z\u00eb vendin e tret\u00eb pas s\u00ebmundjeve inflamatore t\u00eb sistemit riprodhues t\u00eb femr\u00ebs dhe miomave t\u00eb mitr\u00ebs. Ka shum\u00eb hipoteza p\u00ebr shfaqjen e s\u00ebmundjes, por asnj\u00ebra prej tyre nuk \u00ebsht\u00eb v\u00ebrtetuar deri...","og_url":"https:\/\/organdziski.com\/endometrioza\/","og_site_name":"\u041f\u0417\u0423 \u0414-\u0440 \u041e\u0440\u0433\u0430\u043d\u045f\u0438\u0441\u043a\u0438","article_publisher":"https:\/\/www.facebook.com\/Dr.Organdziski","article_modified_time":"2024-06-20T10:46:34+00:00","twitter_card":"summary_large_image","twitter_misc":{"Est. reading time":"2 minutes"},"schema":{"@context":"https:\/\/schema.org","@graph":[{"@type":"WebPage","@id":"https:\/\/organdziski.com\/endometrioza\/","url":"https:\/\/organdziski.com\/endometrioza\/","name":"Endometrioza - \u041f\u0417\u0423 \u0414-\u0440 \u041e\u0440\u0433\u0430\u043d\u045f\u0438\u0441\u043a\u0438","isPartOf":{"@id":"https:\/\/organdziski.com\/#website"},"datePublished":"2024-05-14T18:33:11+00:00","dateModified":"2024-06-20T10:46:34+00:00","breadcrumb":{"@id":"https:\/\/organdziski.com\/endometrioza\/#breadcrumb"},"inLanguage":"sq-AL","potentialAction":[{"@type":"ReadAction","target":["https:\/\/organdziski.com\/endometrioza\/"]}]},{"@type":"BreadcrumbList","@id":"https:\/\/organdziski.com\/endometrioza\/#breadcrumb","itemListElement":[{"@type":"ListItem","position":1,"name":"Home","item":"https:\/\/organdziski.com\/sq\/"},{"@type":"ListItem","position":2,"name":"Endometrioza"}]},{"@type":"WebSite","@id":"https:\/\/organdziski.com\/#website","url":"https:\/\/organdziski.com\/","name":"\u041f\u0417\u0423 \u0414-\u0440 \u041e\u0440\u0433\u0430\u043d\u045f\u0438\u0441\u043a\u0438","description":"\u0421\u043f\u0435\u0446\u0438\u0458\u0430\u043b\u0438\u0437\u0438\u0440\u0430\u043d\u0430 \u0431\u043e\u043b\u043d\u0438\u0446\u0430 \u043f\u043e \u0433\u0438\u043d\u0435\u043a\u043e\u043b\u043e\u0433\u0438\u0458\u0430 \u0438 \u0430\u043a\u0443\u0448\u0435\u0440\u0441\u0442\u0432\u043e","publisher":{"@id":"https:\/\/organdziski.com\/#organization"},"potentialAction":[{"@type":"SearchAction","target":{"@type":"EntryPoint","urlTemplate":"https:\/\/organdziski.com\/?s={search_term_string}"},"query-input":{"@type":"PropertyValueSpecification","valueRequired":true,"valueName":"search_term_string"}}],"inLanguage":"sq-AL"},{"@type":"Organization","@id":"https:\/\/organdziski.com\/#organization","name":"\u041f\u0417\u0423 \u0414-\u0440 \u041e\u0440\u0433\u0430\u043d\u045f\u0438\u0441\u043a\u0438","url":"https:\/\/organdziski.com\/","logo":{"@type":"ImageObject","inLanguage":"sq-AL","@id":"https:\/\/organdziski.com\/#\/schema\/logo\/image\/","url":"https:\/\/organdziski.com\/wp-content\/uploads\/2024\/04\/organdziski.svg","contentUrl":"https:\/\/organdziski.com\/wp-content\/uploads\/2024\/04\/organdziski.svg","width":341,"height":63,"caption":"\u041f\u0417\u0423 \u0414-\u0440 \u041e\u0440\u0433\u0430\u043d\u045f\u0438\u0441\u043a\u0438"},"image":{"@id":"https:\/\/organdziski.com\/#\/schema\/logo\/image\/"},"sameAs":["https:\/\/www.facebook.com\/Dr.Organdziski","https:\/\/www.instagram.com\/bolnicadrorgandziski\/","https:\/\/www.youtube.com\/channel\/UCVzAHTjH-QvDcCGm19znLyA"]}]}},"_links":{"self":[{"href":"https:\/\/organdziski.com\/sq\/wp-json\/wp\/v2\/pages\/15949","targetHints":{"allow":["GET"]}}],"collection":[{"href":"https:\/\/organdziski.com\/sq\/wp-json\/wp\/v2\/pages"}],"about":[{"href":"https:\/\/organdziski.com\/sq\/wp-json\/wp\/v2\/types\/page"}],"author":[{"embeddable":true,"href":"https:\/\/organdziski.com\/sq\/wp-json\/wp\/v2\/users\/1"}],"replies":[{"embeddable":true,"href":"https:\/\/organdziski.com\/sq\/wp-json\/wp\/v2\/comments?post=15949"}],"version-history":[{"count":4,"href":"https:\/\/organdziski.com\/sq\/wp-json\/wp\/v2\/pages\/15949\/revisions"}],"predecessor-version":[{"id":15956,"href":"https:\/\/organdziski.com\/sq\/wp-json\/wp\/v2\/pages\/15949\/revisions\/15956"}],"wp:attachment":[{"href":"https:\/\/organdziski.com\/sq\/wp-json\/wp\/v2\/media?parent=15949"}],"curies":[{"name":"wp","href":"https:\/\/api.w.org\/{rel}","templated":true}]}}