{"id":15957,"date":"2024-05-14T18:34:42","date_gmt":"2024-05-14T18:34:42","guid":{"rendered":"https:\/\/organdziski.com\/?page_id=15957"},"modified":"2024-06-20T10:48:32","modified_gmt":"2024-06-20T10:48:32","slug":"miomat-e-mitres","status":"publish","type":"page","link":"https:\/\/organdziski.com\/sq\/miomat-e-mitres\/","title":{"rendered":"Miomat e mitr\u00ebs"},"content":{"rendered":"\t\t<div data-elementor-type=\"wp-page\" data-elementor-id=\"15957\" class=\"elementor elementor-15957 elementor-10863\" data-elementor-post-type=\"page\">\n\t\t\t\t<div class=\"elementor-element elementor-element-f3756e1 e-flex e-con-boxed e-con e-parent\" data-id=\"f3756e1\" data-element_type=\"container\">\n\t\t\t\t\t<div class=\"e-con-inner\">\n\t\t\t\t<div class=\"elementor-element elementor-element-53dd33b elementor-widget elementor-widget-text-editor\" data-id=\"53dd33b\" data-element_type=\"widget\" data-widget_type=\"text-editor.default\">\n\t\t\t\t<div class=\"elementor-widget-container\">\n\t\t\t\t\t\t\t<p>Mioma e mitr\u00ebs \u00ebsht\u00eb nj\u00eb tumor (benin) beninj i mitr\u00ebs. Shkaqet e miom\u00ebs jan\u00eb ende t\u00eb panjohura. Dihet se mioma \u00ebsht\u00eb nj\u00eb tumor i varur nga hormonet dhe se estrogjenet jan\u00eb nj\u00eb kusht i domosdosh\u00ebm p\u00ebr rritjen e saj.<\/p><p>Mioma rritet gjat\u00eb terapis\u00eb me estrogjen dhe shtatz\u00ebnis\u00eb, dhe zvog\u00eblohet gjat\u00eb menopauz\u00ebs. Zhvillohet shpesh tek grat\u00eb me pesh\u00eb t\u00eb shtuar trupore, hipertension dhe mastopati. Kombinimi i miom\u00ebs me endometrioz\u00ebn, hiperplazin\u00eb endometriale dhe vezoret policistike \u00ebsht\u00eb gjithashtu i zakonsh\u00ebm. Miomat mund t\u00eb ken\u00eb madh\u00ebsin\u00eb e nj\u00eb kokrre orizi n\u00eb madh\u00ebsin\u00eb e kok\u00ebs s\u00eb nj\u00eb f\u00ebmije. Mund t\u00eb gjenden tre lloje baz\u00eb: subseroze &#8211; t\u00eb vendosura n\u00eb sip\u00ebrfaqen e mitr\u00ebs, intramural &#8211; t\u00eb vendosura n\u00eb murin e vet\u00eb mitr\u00ebs dhe submukozale, t\u00eb cilat dalin n\u00eb rreshtimin e mitr\u00ebs. Ka edhe mioma t\u00eb vendosura n\u00eb qaf\u00ebn e mitr\u00ebs, t\u00eb ashtuquajturat mioma cervikale. Kur nj\u00eb miom shfaqet n\u00eb ligg.latum, ai miom quhet nd\u00ebrligamentoze. Miomat kan\u00eb nj\u00eb ngjyr\u00eb roz\u00eb t\u00eb zbeht\u00eb. Simptoma klinike. N\u00eb shumic\u00ebn e rasteve, ato shkaktojn\u00eb gjakderdhje anormale endometriale &#8211; hipermenorrhea, metrorragia, menometrorrhagia. Lloji dhe madh\u00ebsia e gjakderdhjes m\u00eb s\u00eb shumti varet nga vendndodhja e miomave. Gjakderdhja m\u00eb e madhe ndodh n\u00eb miomat submukoze. Zakonisht nuk ka dhimbje, por ato mund t\u00eb ndodhin gjat\u00eb ovulacionit ose para fillimit t\u00eb nj\u00eb cikli. Mund t\u00eb ket\u00eb dhimbje gjat\u00eb p\u00ebrdredhjes s\u00eb miom\u00ebs (p\u00ebrdredhje), gjat\u00eb s\u00eb cil\u00ebs ajo nekrotizohet. Gjat\u00eb nekroz\u00ebs rritet edhe temperatura e trupit dhe shtohen leukocitet. Fibroidet m\u00eb t\u00eb m\u00ebdha mund t\u00eb shkaktojn\u00eb ngjeshje t\u00eb organeve ngjitur, si fshik\u00ebza, ureteri, rektumi dhe t\u00eb tjera. Fibroidet e mitr\u00ebs gjithashtu mund t\u00eb shkaktojn\u00eb sterilitet (infertilitet martesor), dhe kur arrihet shtatz\u00ebnia vijon abort spontan.<\/p><p>Diagnoza &#8211; vendoset m\u00eb shpesh me ndihm\u00ebn e nj\u00eb aparati ekografik. Mjekimi \u2013 Metoda e trajtimit varet nga mosha e pacientit, lokalizimi i miom\u00ebs, simptomatologjia, prognoza p\u00ebr komplikacionet e mundshme dhe aft\u00ebsia e specialistit. Pacient\u00ebt pa simptoma, por me nj\u00eb diagnoz\u00eb t\u00eb besueshme, lokalizimin dhe madh\u00ebsin\u00eb e miom\u00ebs, mund t\u00eb lihen n\u00ebn v\u00ebzhgim. Ekzaminimet e kontrollit b\u00ebhen \u00e7do 6 muaj. Trajtimi konservativ \u00ebsht\u00eb n\u00eb drejtim t\u00eb anemis\u00eb dhe gjakderdhjes. N\u00eb rast t\u00eb gjakderdhjeve t\u00eb shpeshta, t\u00eb shumta dhe t\u00eb zgjatura, trajtimi \u00ebsht\u00eb kirurgjik. Miomat jan\u00eb tumore beninje dhe jasht\u00ebzakonisht rrall\u00eb shnd\u00ebrrohen n\u00eb s\u00ebmundje malinje (sarkom\u00eb).<\/p>\t\t\t\t\t\t<\/div>\n\t\t\t\t<\/div>\n\t\t\t\t\t<\/div>\n\t\t\t\t<\/div>\n\t\t\t\t<\/div>\n\t\t","protected":false},"excerpt":{"rendered":"<p>Mioma e mitr\u00ebs \u00ebsht\u00eb nj\u00eb tumor (benin) beninj i mitr\u00ebs. Shkaqet e miom\u00ebs jan\u00eb ende t\u00eb panjohura. Dihet se mioma \u00ebsht\u00eb nj\u00eb tumor i varur nga hormonet dhe se estrogjenet jan\u00eb nj\u00eb kusht i domosdosh\u00ebm p\u00ebr rritjen e saj. Mioma rritet gjat\u00eb terapis\u00eb me estrogjen dhe shtatz\u00ebnis\u00eb, dhe zvog\u00eblohet gjat\u00eb menopauz\u00ebs. Zhvillohet shpesh tek grat\u00eb&#8230;<\/p>\n","protected":false},"author":1,"featured_media":0,"parent":0,"menu_order":0,"comment_status":"closed","ping_status":"closed","template":"","meta":{"footnotes":""},"class_list":["post-15957","page","type-page","status-publish","hentry"],"yoast_head":"<!-- This site is optimized with the Yoast SEO Premium plugin v22.7 (Yoast SEO v27.4) - https:\/\/yoast.com\/product\/yoast-seo-premium-wordpress\/ -->\n<title>Miomat e mitr\u00ebs - \u041f\u0417\u0423 \u0414-\u0440 \u041e\u0440\u0433\u0430\u043d\u045f\u0438\u0441\u043a\u0438<\/title>\n<meta name=\"robots\" content=\"index, follow, max-snippet:-1, max-image-preview:large, max-video-preview:-1\" \/>\n<link rel=\"canonical\" href=\"https:\/\/organdziski.com\/miomi-na-matka\/\" \/>\n<meta property=\"og:locale\" content=\"sq_AL\" \/>\n<meta property=\"og:type\" content=\"article\" \/>\n<meta property=\"og:title\" content=\"Miomat e mitr\u00ebs\" \/>\n<meta property=\"og:description\" content=\"Mioma e mitr\u00ebs \u00ebsht\u00eb nj\u00eb tumor (benin) beninj i mitr\u00ebs. Shkaqet e miom\u00ebs jan\u00eb ende t\u00eb panjohura. Dihet se mioma \u00ebsht\u00eb nj\u00eb tumor i varur nga hormonet dhe se estrogjenet jan\u00eb nj\u00eb kusht i domosdosh\u00ebm p\u00ebr rritjen e saj. Mioma rritet gjat\u00eb terapis\u00eb me estrogjen dhe shtatz\u00ebnis\u00eb, dhe zvog\u00eblohet gjat\u00eb menopauz\u00ebs. Zhvillohet shpesh tek grat\u00eb...\" \/>\n<meta property=\"og:url\" content=\"https:\/\/organdziski.com\/miomi-na-matka\/\" \/>\n<meta property=\"og:site_name\" content=\"\u041f\u0417\u0423 \u0414-\u0440 \u041e\u0440\u0433\u0430\u043d\u045f\u0438\u0441\u043a\u0438\" \/>\n<meta property=\"article:publisher\" content=\"https:\/\/www.facebook.com\/Dr.Organdziski\" \/>\n<meta property=\"article:modified_time\" content=\"2024-06-20T10:48:32+00:00\" \/>\n<meta name=\"twitter:card\" content=\"summary_large_image\" \/>\n<meta name=\"twitter:label1\" content=\"Est. reading time\" \/>\n\t<meta name=\"twitter:data1\" content=\"2 minutes\" \/>\n<script type=\"application\/ld+json\" class=\"yoast-schema-graph\">{\"@context\":\"https:\\\/\\\/schema.org\",\"@graph\":[{\"@type\":\"WebPage\",\"@id\":\"https:\\\/\\\/organdziski.com\\\/miomi-na-matka\\\/\",\"url\":\"https:\\\/\\\/organdziski.com\\\/miomi-na-matka\\\/\",\"name\":\"Miomat e mitr\u00ebs - \u041f\u0417\u0423 \u0414-\u0440 \u041e\u0440\u0433\u0430\u043d\u045f\u0438\u0441\u043a\u0438\",\"isPartOf\":{\"@id\":\"https:\\\/\\\/organdziski.com\\\/#website\"},\"datePublished\":\"2024-05-14T18:34:42+00:00\",\"dateModified\":\"2024-06-20T10:48:32+00:00\",\"breadcrumb\":{\"@id\":\"https:\\\/\\\/organdziski.com\\\/miomi-na-matka\\\/#breadcrumb\"},\"inLanguage\":\"sq-AL\",\"potentialAction\":[{\"@type\":\"ReadAction\",\"target\":[\"https:\\\/\\\/organdziski.com\\\/miomi-na-matka\\\/\"]}]},{\"@type\":\"BreadcrumbList\",\"@id\":\"https:\\\/\\\/organdziski.com\\\/miomi-na-matka\\\/#breadcrumb\",\"itemListElement\":[{\"@type\":\"ListItem\",\"position\":1,\"name\":\"Home\",\"item\":\"https:\\\/\\\/organdziski.com\\\/\"},{\"@type\":\"ListItem\",\"position\":2,\"name\":\"Miomat e mitr\u00ebs\"}]},{\"@type\":\"WebSite\",\"@id\":\"https:\\\/\\\/organdziski.com\\\/#website\",\"url\":\"https:\\\/\\\/organdziski.com\\\/\",\"name\":\"\u041f\u0417\u0423 \u0414-\u0440 \u041e\u0440\u0433\u0430\u043d\u045f\u0438\u0441\u043a\u0438\",\"description\":\"\u0421\u043f\u0435\u0446\u0438\u0458\u0430\u043b\u0438\u0437\u0438\u0440\u0430\u043d\u0430 \u0431\u043e\u043b\u043d\u0438\u0446\u0430 \u043f\u043e \u0433\u0438\u043d\u0435\u043a\u043e\u043b\u043e\u0433\u0438\u0458\u0430 \u0438 \u0430\u043a\u0443\u0448\u0435\u0440\u0441\u0442\u0432\u043e\",\"publisher\":{\"@id\":\"https:\\\/\\\/organdziski.com\\\/#organization\"},\"potentialAction\":[{\"@type\":\"SearchAction\",\"target\":{\"@type\":\"EntryPoint\",\"urlTemplate\":\"https:\\\/\\\/organdziski.com\\\/?s={search_term_string}\"},\"query-input\":{\"@type\":\"PropertyValueSpecification\",\"valueRequired\":true,\"valueName\":\"search_term_string\"}}],\"inLanguage\":\"sq-AL\"},{\"@type\":\"Organization\",\"@id\":\"https:\\\/\\\/organdziski.com\\\/#organization\",\"name\":\"\u041f\u0417\u0423 \u0414-\u0440 \u041e\u0440\u0433\u0430\u043d\u045f\u0438\u0441\u043a\u0438\",\"url\":\"https:\\\/\\\/organdziski.com\\\/\",\"logo\":{\"@type\":\"ImageObject\",\"inLanguage\":\"sq-AL\",\"@id\":\"https:\\\/\\\/organdziski.com\\\/#\\\/schema\\\/logo\\\/image\\\/\",\"url\":\"https:\\\/\\\/organdziski.com\\\/wp-content\\\/uploads\\\/2024\\\/04\\\/organdziski.svg\",\"contentUrl\":\"https:\\\/\\\/organdziski.com\\\/wp-content\\\/uploads\\\/2024\\\/04\\\/organdziski.svg\",\"width\":341,\"height\":63,\"caption\":\"\u041f\u0417\u0423 \u0414-\u0440 \u041e\u0440\u0433\u0430\u043d\u045f\u0438\u0441\u043a\u0438\"},\"image\":{\"@id\":\"https:\\\/\\\/organdziski.com\\\/#\\\/schema\\\/logo\\\/image\\\/\"},\"sameAs\":[\"https:\\\/\\\/www.facebook.com\\\/Dr.Organdziski\",\"https:\\\/\\\/www.instagram.com\\\/bolnicadrorgandziski\\\/\",\"https:\\\/\\\/www.youtube.com\\\/channel\\\/UCVzAHTjH-QvDcCGm19znLyA\"]}]}<\/script>\n<!-- \/ Yoast SEO Premium plugin. -->","yoast_head_json":{"title":"Miomat e mitr\u00ebs - \u041f\u0417\u0423 \u0414-\u0440 \u041e\u0440\u0433\u0430\u043d\u045f\u0438\u0441\u043a\u0438","robots":{"index":"index","follow":"follow","max-snippet":"max-snippet:-1","max-image-preview":"max-image-preview:large","max-video-preview":"max-video-preview:-1"},"canonical":"https:\/\/organdziski.com\/miomi-na-matka\/","og_locale":"sq_AL","og_type":"article","og_title":"Miomat e mitr\u00ebs","og_description":"Mioma e mitr\u00ebs \u00ebsht\u00eb nj\u00eb tumor (benin) beninj i mitr\u00ebs. Shkaqet e miom\u00ebs jan\u00eb ende t\u00eb panjohura. Dihet se mioma \u00ebsht\u00eb nj\u00eb tumor i varur nga hormonet dhe se estrogjenet jan\u00eb nj\u00eb kusht i domosdosh\u00ebm p\u00ebr rritjen e saj. Mioma rritet gjat\u00eb terapis\u00eb me estrogjen dhe shtatz\u00ebnis\u00eb, dhe zvog\u00eblohet gjat\u00eb menopauz\u00ebs. Zhvillohet shpesh tek grat\u00eb...","og_url":"https:\/\/organdziski.com\/miomi-na-matka\/","og_site_name":"\u041f\u0417\u0423 \u0414-\u0440 \u041e\u0440\u0433\u0430\u043d\u045f\u0438\u0441\u043a\u0438","article_publisher":"https:\/\/www.facebook.com\/Dr.Organdziski","article_modified_time":"2024-06-20T10:48:32+00:00","twitter_card":"summary_large_image","twitter_misc":{"Est. reading time":"2 minutes"},"schema":{"@context":"https:\/\/schema.org","@graph":[{"@type":"WebPage","@id":"https:\/\/organdziski.com\/miomi-na-matka\/","url":"https:\/\/organdziski.com\/miomi-na-matka\/","name":"Miomat e mitr\u00ebs - \u041f\u0417\u0423 \u0414-\u0440 \u041e\u0440\u0433\u0430\u043d\u045f\u0438\u0441\u043a\u0438","isPartOf":{"@id":"https:\/\/organdziski.com\/#website"},"datePublished":"2024-05-14T18:34:42+00:00","dateModified":"2024-06-20T10:48:32+00:00","breadcrumb":{"@id":"https:\/\/organdziski.com\/miomi-na-matka\/#breadcrumb"},"inLanguage":"sq-AL","potentialAction":[{"@type":"ReadAction","target":["https:\/\/organdziski.com\/miomi-na-matka\/"]}]},{"@type":"BreadcrumbList","@id":"https:\/\/organdziski.com\/miomi-na-matka\/#breadcrumb","itemListElement":[{"@type":"ListItem","position":1,"name":"Home","item":"https:\/\/organdziski.com\/"},{"@type":"ListItem","position":2,"name":"Miomat e mitr\u00ebs"}]},{"@type":"WebSite","@id":"https:\/\/organdziski.com\/#website","url":"https:\/\/organdziski.com\/","name":"\u041f\u0417\u0423 \u0414-\u0440 \u041e\u0440\u0433\u0430\u043d\u045f\u0438\u0441\u043a\u0438","description":"\u0421\u043f\u0435\u0446\u0438\u0458\u0430\u043b\u0438\u0437\u0438\u0440\u0430\u043d\u0430 \u0431\u043e\u043b\u043d\u0438\u0446\u0430 \u043f\u043e \u0433\u0438\u043d\u0435\u043a\u043e\u043b\u043e\u0433\u0438\u0458\u0430 \u0438 \u0430\u043a\u0443\u0448\u0435\u0440\u0441\u0442\u0432\u043e","publisher":{"@id":"https:\/\/organdziski.com\/#organization"},"potentialAction":[{"@type":"SearchAction","target":{"@type":"EntryPoint","urlTemplate":"https:\/\/organdziski.com\/?s={search_term_string}"},"query-input":{"@type":"PropertyValueSpecification","valueRequired":true,"valueName":"search_term_string"}}],"inLanguage":"sq-AL"},{"@type":"Organization","@id":"https:\/\/organdziski.com\/#organization","name":"\u041f\u0417\u0423 \u0414-\u0440 \u041e\u0440\u0433\u0430\u043d\u045f\u0438\u0441\u043a\u0438","url":"https:\/\/organdziski.com\/","logo":{"@type":"ImageObject","inLanguage":"sq-AL","@id":"https:\/\/organdziski.com\/#\/schema\/logo\/image\/","url":"https:\/\/organdziski.com\/wp-content\/uploads\/2024\/04\/organdziski.svg","contentUrl":"https:\/\/organdziski.com\/wp-content\/uploads\/2024\/04\/organdziski.svg","width":341,"height":63,"caption":"\u041f\u0417\u0423 \u0414-\u0440 \u041e\u0440\u0433\u0430\u043d\u045f\u0438\u0441\u043a\u0438"},"image":{"@id":"https:\/\/organdziski.com\/#\/schema\/logo\/image\/"},"sameAs":["https:\/\/www.facebook.com\/Dr.Organdziski","https:\/\/www.instagram.com\/bolnicadrorgandziski\/","https:\/\/www.youtube.com\/channel\/UCVzAHTjH-QvDcCGm19znLyA"]}]}},"_links":{"self":[{"href":"https:\/\/organdziski.com\/sq\/wp-json\/wp\/v2\/pages\/15957","targetHints":{"allow":["GET"]}}],"collection":[{"href":"https:\/\/organdziski.com\/sq\/wp-json\/wp\/v2\/pages"}],"about":[{"href":"https:\/\/organdziski.com\/sq\/wp-json\/wp\/v2\/types\/page"}],"author":[{"embeddable":true,"href":"https:\/\/organdziski.com\/sq\/wp-json\/wp\/v2\/users\/1"}],"replies":[{"embeddable":true,"href":"https:\/\/organdziski.com\/sq\/wp-json\/wp\/v2\/comments?post=15957"}],"version-history":[{"count":3,"href":"https:\/\/organdziski.com\/sq\/wp-json\/wp\/v2\/pages\/15957\/revisions"}],"predecessor-version":[{"id":15962,"href":"https:\/\/organdziski.com\/sq\/wp-json\/wp\/v2\/pages\/15957\/revisions\/15962"}],"wp:attachment":[{"href":"https:\/\/organdziski.com\/sq\/wp-json\/wp\/v2\/media?parent=15957"}],"curies":[{"name":"wp","href":"https:\/\/api.w.org\/{rel}","templated":true}]}}