{"id":15969,"date":"2024-05-14T18:48:06","date_gmt":"2024-05-14T18:48:06","guid":{"rendered":"https:\/\/organdziski.com\/?page_id=15969"},"modified":"2024-06-20T10:55:58","modified_gmt":"2024-06-20T10:55:58","slug":"llojet-e-gjakderdhjes","status":"publish","type":"page","link":"https:\/\/organdziski.com\/sq\/llojet-e-gjakderdhjes\/","title":{"rendered":"Llojet e gjakderdhjes"},"content":{"rendered":"\t\t<div data-elementor-type=\"wp-page\" data-elementor-id=\"15969\" class=\"elementor elementor-15969 elementor-10891\" data-elementor-post-type=\"page\">\n\t\t\t\t<div class=\"elementor-element elementor-element-13eba5a e-flex e-con-boxed e-con e-parent\" data-id=\"13eba5a\" data-element_type=\"container\">\n\t\t\t\t\t<div class=\"e-con-inner\">\n\t\t\t\t<div class=\"elementor-element elementor-element-0b6d6ed elementor-widget elementor-widget-heading\" data-id=\"0b6d6ed\" data-element_type=\"widget\" data-widget_type=\"heading.default\">\n\t\t\t\t<div class=\"elementor-widget-container\">\n\t\t\t<h2 class=\"elementor-heading-title elementor-size-default\">Kur duhet t\u00eb konsiderohet menstruacioni si gjakderdhje uterine?<\/h2>\t\t<\/div>\n\t\t\t\t<\/div>\n\t\t\t\t<div class=\"elementor-element elementor-element-76dc338 elementor-widget elementor-widget-text-editor\" data-id=\"76dc338\" data-element_type=\"widget\" data-widget_type=\"text-editor.default\">\n\t\t\t\t<div class=\"elementor-widget-container\">\n\t\t\t\t\t\t\t<p>Menstruacionet q\u00eb zgjasin m\u00eb shum\u00eb se 7 dit\u00eb konsiderohen gjakderdhje menstruale. Gjaku humbet si mpiksje ose rrjedhje q\u00eb \u00e7ojn\u00eb n\u00eb s\u00ebmundje, dob\u00ebsi, zbehje t\u00eb l\u00ebkur\u00ebs dhe mukozave dhe r\u00ebnie t\u00eb presionit t\u00eb gjakut. Ka gjakderdhje t\u00eb mitr\u00ebs ciklike dhe aciklike.<\/p><p>Gjakderdhja ciklike ndodh n\u00eb dit\u00ebt e menstruacioneve, nd\u00ebrsa gjakderdhja jociklike mund t\u00eb ndodh\u00eb n\u00eb \u00e7do koh\u00eb, t\u00eb jet\u00eb mjaft e zgjatura dhe t\u00eb zgjas\u00eb me jav\u00eb, madje edhe muaj. Shkaktar\u00ebt kryesor\u00eb t\u00eb gjakderdhjes ciklike jan\u00eb: mioma e mitr\u00ebs, endometrioza e mitr\u00ebs, inflamacioni i mukoz\u00ebs (endometriumit) t\u00eb mitr\u00ebs, s\u00ebmundjet e gjakut n\u00eb t\u00eb cilat d\u00ebmtohet funksioni i mpiksjes s\u00eb gjakut. Shkaktar\u00ebt kryesor\u00eb t\u00eb gjakderdhjes aciklike jan\u00eb: hiperplazia dhe polipet endometriale, \u00e7rregullimet hormonale si pasoj\u00eb e uljes s\u00eb progesteronit dhe rritjes s\u00eb estrogjenit, shqet\u00ebsimi i mitr\u00ebs dhe shtatz\u00ebnia ektopike, kanceri i qaf\u00ebs dhe i endometrit t\u00eb mitr\u00ebs.<\/p>\t\t\t\t\t\t<\/div>\n\t\t\t\t<\/div>\n\t\t\t\t\t<\/div>\n\t\t\t\t<\/div>\n\t\t<div class=\"elementor-element elementor-element-f7d3a56 e-flex e-con-boxed e-con e-parent\" data-id=\"f7d3a56\" data-element_type=\"container\">\n\t\t\t\t\t<div class=\"e-con-inner\">\n\t\t\t\t<div class=\"elementor-element elementor-element-443ed09 elementor-widget elementor-widget-heading\" data-id=\"443ed09\" data-element_type=\"widget\" data-widget_type=\"heading.default\">\n\t\t\t\t<div class=\"elementor-widget-container\">\n\t\t\t<h2 class=\"elementor-heading-title elementor-size-default\">\u00c7far\u00eb duhet t\u00eb b\u00ebni n\u00eb rast t\u00eb gjakderdhjes<\/h2>\t\t<\/div>\n\t\t\t\t<\/div>\n\t\t\t\t<div class=\"elementor-element elementor-element-62400fa elementor-widget elementor-widget-text-editor\" data-id=\"62400fa\" data-element_type=\"widget\" data-widget_type=\"text-editor.default\">\n\t\t\t\t<div class=\"elementor-widget-container\">\n\t\t\t\t\t\t\t<ul><li>Ekzaminimi me ultratinguj<\/li><li>Kiretazh i qaf\u00ebs s\u00eb mitr\u00ebs dhe endometriumit t\u00eb mitr\u00ebs dhe d\u00ebrgimi i materialit p\u00ebr ekzaminim histologjik.<\/li><li>Histeroskopia<\/li><li>Ekzaminimi i sistemit t\u00eb koagulimit t\u00eb gjakut<\/li><li>Test shtatzanie<\/li><li>Diagnostifikimi hormonal<\/li><\/ul>\t\t\t\t\t\t<\/div>\n\t\t\t\t<\/div>\n\t\t\t\t\t<\/div>\n\t\t\t\t<\/div>\n\t\t<div class=\"elementor-element elementor-element-f560090 e-flex e-con-boxed e-con e-parent\" data-id=\"f560090\" data-element_type=\"container\">\n\t\t\t\t\t<div class=\"e-con-inner\">\n\t\t\t\t<div class=\"elementor-element elementor-element-604bdd0 elementor-widget elementor-widget-heading\" data-id=\"604bdd0\" data-element_type=\"widget\" data-widget_type=\"heading.default\">\n\t\t\t\t<div class=\"elementor-widget-container\">\n\t\t\t<h2 class=\"elementor-heading-title elementor-size-default\">Si trajtohet gjakderdhja?<\/h2>\t\t<\/div>\n\t\t\t\t<\/div>\n\t\t\t\t<div class=\"elementor-element elementor-element-be3f1e5 elementor-widget elementor-widget-text-editor\" data-id=\"be3f1e5\" data-element_type=\"widget\" data-widget_type=\"text-editor.default\">\n\t\t\t\t<div class=\"elementor-widget-container\">\n\t\t\t\t\t\t\t<p>Trajtimi i gjakderdhjes varet nga shkaqet q\u00eb e shkaktojn\u00eb at\u00eb. Duhet ditur se trajtimi \u00ebsht\u00eb rrept\u00ebsisht individual dhe i ndrysh\u00ebm p\u00ebr \u00e7do grua, n\u00eb var\u00ebsi t\u00eb shkaqeve q\u00eb e shkaktojn\u00eb.<\/p>\t\t\t\t\t\t<\/div>\n\t\t\t\t<\/div>\n\t\t\t\t\t<\/div>\n\t\t\t\t<\/div>\n\t\t\t\t<\/div>\n\t\t","protected":false},"excerpt":{"rendered":"<p>Kur duhet t\u00eb konsiderohet menstruacioni si gjakderdhje uterine? Menstruacionet q\u00eb zgjasin m\u00eb shum\u00eb se 7 dit\u00eb konsiderohen gjakderdhje menstruale. Gjaku humbet si mpiksje ose rrjedhje q\u00eb \u00e7ojn\u00eb n\u00eb s\u00ebmundje, dob\u00ebsi, zbehje t\u00eb l\u00ebkur\u00ebs dhe mukozave dhe r\u00ebnie t\u00eb presionit t\u00eb gjakut. Ka gjakderdhje t\u00eb mitr\u00ebs ciklike dhe aciklike. Gjakderdhja ciklike ndodh n\u00eb dit\u00ebt e menstruacioneve,&#8230;<\/p>\n","protected":false},"author":1,"featured_media":0,"parent":0,"menu_order":0,"comment_status":"closed","ping_status":"closed","template":"","meta":{"footnotes":""},"class_list":["post-15969","page","type-page","status-publish","hentry"],"yoast_head":"<!-- This site is optimized with the Yoast SEO Premium plugin v22.7 (Yoast SEO v27.4) - https:\/\/yoast.com\/product\/yoast-seo-premium-wordpress\/ -->\n<title>Llojet e gjakderdhjes - \u041f\u0417\u0423 \u0414-\u0440 \u041e\u0440\u0433\u0430\u043d\u045f\u0438\u0441\u043a\u0438<\/title>\n<meta name=\"robots\" content=\"index, follow, max-snippet:-1, max-image-preview:large, max-video-preview:-1\" \/>\n<link rel=\"canonical\" href=\"https:\/\/organdziski.com\/vidovi-krvarenja\/\" \/>\n<meta property=\"og:locale\" content=\"sq_AL\" \/>\n<meta property=\"og:type\" content=\"article\" \/>\n<meta property=\"og:title\" content=\"Llojet e gjakderdhjes\" \/>\n<meta property=\"og:description\" content=\"Kur duhet t\u00eb konsiderohet menstruacioni si gjakderdhje uterine? Menstruacionet q\u00eb zgjasin m\u00eb shum\u00eb se 7 dit\u00eb konsiderohen gjakderdhje menstruale. Gjaku humbet si mpiksje ose rrjedhje q\u00eb \u00e7ojn\u00eb n\u00eb s\u00ebmundje, dob\u00ebsi, zbehje t\u00eb l\u00ebkur\u00ebs dhe mukozave dhe r\u00ebnie t\u00eb presionit t\u00eb gjakut. Ka gjakderdhje t\u00eb mitr\u00ebs ciklike dhe aciklike. Gjakderdhja ciklike ndodh n\u00eb dit\u00ebt e menstruacioneve,...\" \/>\n<meta property=\"og:url\" content=\"https:\/\/organdziski.com\/vidovi-krvarenja\/\" \/>\n<meta property=\"og:site_name\" content=\"\u041f\u0417\u0423 \u0414-\u0440 \u041e\u0440\u0433\u0430\u043d\u045f\u0438\u0441\u043a\u0438\" \/>\n<meta property=\"article:publisher\" content=\"https:\/\/www.facebook.com\/Dr.Organdziski\" \/>\n<meta property=\"article:modified_time\" content=\"2024-06-20T10:55:58+00:00\" \/>\n<meta name=\"twitter:card\" content=\"summary_large_image\" \/>\n<meta name=\"twitter:label1\" content=\"Est. reading time\" \/>\n\t<meta name=\"twitter:data1\" content=\"2 minutes\" \/>\n<script type=\"application\/ld+json\" class=\"yoast-schema-graph\">{\"@context\":\"https:\\\/\\\/schema.org\",\"@graph\":[{\"@type\":\"WebPage\",\"@id\":\"https:\\\/\\\/organdziski.com\\\/vidovi-krvarenja\\\/\",\"url\":\"https:\\\/\\\/organdziski.com\\\/vidovi-krvarenja\\\/\",\"name\":\"Llojet e gjakderdhjes - \u041f\u0417\u0423 \u0414-\u0440 \u041e\u0440\u0433\u0430\u043d\u045f\u0438\u0441\u043a\u0438\",\"isPartOf\":{\"@id\":\"https:\\\/\\\/organdziski.com\\\/#website\"},\"datePublished\":\"2024-05-14T18:48:06+00:00\",\"dateModified\":\"2024-06-20T10:55:58+00:00\",\"breadcrumb\":{\"@id\":\"https:\\\/\\\/organdziski.com\\\/vidovi-krvarenja\\\/#breadcrumb\"},\"inLanguage\":\"sq-AL\",\"potentialAction\":[{\"@type\":\"ReadAction\",\"target\":[\"https:\\\/\\\/organdziski.com\\\/vidovi-krvarenja\\\/\"]}]},{\"@type\":\"BreadcrumbList\",\"@id\":\"https:\\\/\\\/organdziski.com\\\/vidovi-krvarenja\\\/#breadcrumb\",\"itemListElement\":[{\"@type\":\"ListItem\",\"position\":1,\"name\":\"Home\",\"item\":\"https:\\\/\\\/organdziski.com\\\/\"},{\"@type\":\"ListItem\",\"position\":2,\"name\":\"Llojet e gjakderdhjes\"}]},{\"@type\":\"WebSite\",\"@id\":\"https:\\\/\\\/organdziski.com\\\/#website\",\"url\":\"https:\\\/\\\/organdziski.com\\\/\",\"name\":\"\u041f\u0417\u0423 \u0414-\u0440 \u041e\u0440\u0433\u0430\u043d\u045f\u0438\u0441\u043a\u0438\",\"description\":\"\u0421\u043f\u0435\u0446\u0438\u0458\u0430\u043b\u0438\u0437\u0438\u0440\u0430\u043d\u0430 \u0431\u043e\u043b\u043d\u0438\u0446\u0430 \u043f\u043e \u0433\u0438\u043d\u0435\u043a\u043e\u043b\u043e\u0433\u0438\u0458\u0430 \u0438 \u0430\u043a\u0443\u0448\u0435\u0440\u0441\u0442\u0432\u043e\",\"publisher\":{\"@id\":\"https:\\\/\\\/organdziski.com\\\/#organization\"},\"potentialAction\":[{\"@type\":\"SearchAction\",\"target\":{\"@type\":\"EntryPoint\",\"urlTemplate\":\"https:\\\/\\\/organdziski.com\\\/?s={search_term_string}\"},\"query-input\":{\"@type\":\"PropertyValueSpecification\",\"valueRequired\":true,\"valueName\":\"search_term_string\"}}],\"inLanguage\":\"sq-AL\"},{\"@type\":\"Organization\",\"@id\":\"https:\\\/\\\/organdziski.com\\\/#organization\",\"name\":\"\u041f\u0417\u0423 \u0414-\u0440 \u041e\u0440\u0433\u0430\u043d\u045f\u0438\u0441\u043a\u0438\",\"url\":\"https:\\\/\\\/organdziski.com\\\/\",\"logo\":{\"@type\":\"ImageObject\",\"inLanguage\":\"sq-AL\",\"@id\":\"https:\\\/\\\/organdziski.com\\\/#\\\/schema\\\/logo\\\/image\\\/\",\"url\":\"https:\\\/\\\/organdziski.com\\\/wp-content\\\/uploads\\\/2024\\\/04\\\/organdziski.svg\",\"contentUrl\":\"https:\\\/\\\/organdziski.com\\\/wp-content\\\/uploads\\\/2024\\\/04\\\/organdziski.svg\",\"width\":341,\"height\":63,\"caption\":\"\u041f\u0417\u0423 \u0414-\u0440 \u041e\u0440\u0433\u0430\u043d\u045f\u0438\u0441\u043a\u0438\"},\"image\":{\"@id\":\"https:\\\/\\\/organdziski.com\\\/#\\\/schema\\\/logo\\\/image\\\/\"},\"sameAs\":[\"https:\\\/\\\/www.facebook.com\\\/Dr.Organdziski\",\"https:\\\/\\\/www.instagram.com\\\/bolnicadrorgandziski\\\/\",\"https:\\\/\\\/www.youtube.com\\\/channel\\\/UCVzAHTjH-QvDcCGm19znLyA\"]}]}<\/script>\n<!-- \/ Yoast SEO Premium plugin. -->","yoast_head_json":{"title":"Llojet e gjakderdhjes - \u041f\u0417\u0423 \u0414-\u0440 \u041e\u0440\u0433\u0430\u043d\u045f\u0438\u0441\u043a\u0438","robots":{"index":"index","follow":"follow","max-snippet":"max-snippet:-1","max-image-preview":"max-image-preview:large","max-video-preview":"max-video-preview:-1"},"canonical":"https:\/\/organdziski.com\/vidovi-krvarenja\/","og_locale":"sq_AL","og_type":"article","og_title":"Llojet e gjakderdhjes","og_description":"Kur duhet t\u00eb konsiderohet menstruacioni si gjakderdhje uterine? Menstruacionet q\u00eb zgjasin m\u00eb shum\u00eb se 7 dit\u00eb konsiderohen gjakderdhje menstruale. Gjaku humbet si mpiksje ose rrjedhje q\u00eb \u00e7ojn\u00eb n\u00eb s\u00ebmundje, dob\u00ebsi, zbehje t\u00eb l\u00ebkur\u00ebs dhe mukozave dhe r\u00ebnie t\u00eb presionit t\u00eb gjakut. Ka gjakderdhje t\u00eb mitr\u00ebs ciklike dhe aciklike. Gjakderdhja ciklike ndodh n\u00eb dit\u00ebt e menstruacioneve,...","og_url":"https:\/\/organdziski.com\/vidovi-krvarenja\/","og_site_name":"\u041f\u0417\u0423 \u0414-\u0440 \u041e\u0440\u0433\u0430\u043d\u045f\u0438\u0441\u043a\u0438","article_publisher":"https:\/\/www.facebook.com\/Dr.Organdziski","article_modified_time":"2024-06-20T10:55:58+00:00","twitter_card":"summary_large_image","twitter_misc":{"Est. reading time":"2 minutes"},"schema":{"@context":"https:\/\/schema.org","@graph":[{"@type":"WebPage","@id":"https:\/\/organdziski.com\/vidovi-krvarenja\/","url":"https:\/\/organdziski.com\/vidovi-krvarenja\/","name":"Llojet e gjakderdhjes - \u041f\u0417\u0423 \u0414-\u0440 \u041e\u0440\u0433\u0430\u043d\u045f\u0438\u0441\u043a\u0438","isPartOf":{"@id":"https:\/\/organdziski.com\/#website"},"datePublished":"2024-05-14T18:48:06+00:00","dateModified":"2024-06-20T10:55:58+00:00","breadcrumb":{"@id":"https:\/\/organdziski.com\/vidovi-krvarenja\/#breadcrumb"},"inLanguage":"sq-AL","potentialAction":[{"@type":"ReadAction","target":["https:\/\/organdziski.com\/vidovi-krvarenja\/"]}]},{"@type":"BreadcrumbList","@id":"https:\/\/organdziski.com\/vidovi-krvarenja\/#breadcrumb","itemListElement":[{"@type":"ListItem","position":1,"name":"Home","item":"https:\/\/organdziski.com\/"},{"@type":"ListItem","position":2,"name":"Llojet e gjakderdhjes"}]},{"@type":"WebSite","@id":"https:\/\/organdziski.com\/#website","url":"https:\/\/organdziski.com\/","name":"\u041f\u0417\u0423 \u0414-\u0440 \u041e\u0440\u0433\u0430\u043d\u045f\u0438\u0441\u043a\u0438","description":"\u0421\u043f\u0435\u0446\u0438\u0458\u0430\u043b\u0438\u0437\u0438\u0440\u0430\u043d\u0430 \u0431\u043e\u043b\u043d\u0438\u0446\u0430 \u043f\u043e \u0433\u0438\u043d\u0435\u043a\u043e\u043b\u043e\u0433\u0438\u0458\u0430 \u0438 \u0430\u043a\u0443\u0448\u0435\u0440\u0441\u0442\u0432\u043e","publisher":{"@id":"https:\/\/organdziski.com\/#organization"},"potentialAction":[{"@type":"SearchAction","target":{"@type":"EntryPoint","urlTemplate":"https:\/\/organdziski.com\/?s={search_term_string}"},"query-input":{"@type":"PropertyValueSpecification","valueRequired":true,"valueName":"search_term_string"}}],"inLanguage":"sq-AL"},{"@type":"Organization","@id":"https:\/\/organdziski.com\/#organization","name":"\u041f\u0417\u0423 \u0414-\u0440 \u041e\u0440\u0433\u0430\u043d\u045f\u0438\u0441\u043a\u0438","url":"https:\/\/organdziski.com\/","logo":{"@type":"ImageObject","inLanguage":"sq-AL","@id":"https:\/\/organdziski.com\/#\/schema\/logo\/image\/","url":"https:\/\/organdziski.com\/wp-content\/uploads\/2024\/04\/organdziski.svg","contentUrl":"https:\/\/organdziski.com\/wp-content\/uploads\/2024\/04\/organdziski.svg","width":341,"height":63,"caption":"\u041f\u0417\u0423 \u0414-\u0440 \u041e\u0440\u0433\u0430\u043d\u045f\u0438\u0441\u043a\u0438"},"image":{"@id":"https:\/\/organdziski.com\/#\/schema\/logo\/image\/"},"sameAs":["https:\/\/www.facebook.com\/Dr.Organdziski","https:\/\/www.instagram.com\/bolnicadrorgandziski\/","https:\/\/www.youtube.com\/channel\/UCVzAHTjH-QvDcCGm19znLyA"]}]}},"_links":{"self":[{"href":"https:\/\/organdziski.com\/sq\/wp-json\/wp\/v2\/pages\/15969","targetHints":{"allow":["GET"]}}],"collection":[{"href":"https:\/\/organdziski.com\/sq\/wp-json\/wp\/v2\/pages"}],"about":[{"href":"https:\/\/organdziski.com\/sq\/wp-json\/wp\/v2\/types\/page"}],"author":[{"embeddable":true,"href":"https:\/\/organdziski.com\/sq\/wp-json\/wp\/v2\/users\/1"}],"replies":[{"embeddable":true,"href":"https:\/\/organdziski.com\/sq\/wp-json\/wp\/v2\/comments?post=15969"}],"version-history":[{"count":3,"href":"https:\/\/organdziski.com\/sq\/wp-json\/wp\/v2\/pages\/15969\/revisions"}],"predecessor-version":[{"id":15974,"href":"https:\/\/organdziski.com\/sq\/wp-json\/wp\/v2\/pages\/15969\/revisions\/15974"}],"wp:attachment":[{"href":"https:\/\/organdziski.com\/sq\/wp-json\/wp\/v2\/media?parent=15969"}],"curies":[{"name":"wp","href":"https:\/\/api.w.org\/{rel}","templated":true}]}}