{"id":15970,"date":"2024-05-14T18:51:43","date_gmt":"2024-05-14T18:51:43","guid":{"rendered":"https:\/\/organdziski.com\/?page_id=15970"},"modified":"2024-06-20T10:57:47","modified_gmt":"2024-06-20T10:57:47","slug":"kontracepsioni-hormonal","status":"publish","type":"page","link":"https:\/\/organdziski.com\/sq\/kontracepsioni-hormonal\/","title":{"rendered":"Kontracepsioni hormonal"},"content":{"rendered":"\t\t<div data-elementor-type=\"wp-page\" data-elementor-id=\"15970\" class=\"elementor elementor-15970 elementor-10899\" data-elementor-post-type=\"page\">\n\t\t\t\t<div class=\"elementor-element elementor-element-f0459c0 e-flex e-con-boxed e-con e-parent\" data-id=\"f0459c0\" data-element_type=\"container\">\n\t\t\t\t\t<div class=\"e-con-inner\">\n\t\t\t\t<div class=\"elementor-element elementor-element-e0f7043 elementor-widget elementor-widget-text-editor\" data-id=\"e0f7043\" data-element_type=\"widget\" data-widget_type=\"text-editor.default\">\n\t\t\t\t<div class=\"elementor-widget-container\">\n\t\t\t\t\t\t\t<p>Planifikimi i shtatz\u00ebnis\u00eb, shmangia e aborteve t\u00eb pad\u00ebshiruara dhe pasojave q\u00eb mund t\u00eb lindin prej tyre, po prekin gjithnj\u00eb e m\u00eb shum\u00eb grat\u00eb n\u00eb jet\u00ebn e tyre t\u00eb p\u00ebrditshme. Pilulat hormonale japin rezultate shum\u00eb t\u00eb mira p\u00ebr t\u00eb kontrolluar shtatz\u00ebnin\u00eb e d\u00ebshiruar. Karakteristika themelore e kontracepsionit hormonal \u00ebsht\u00eb efikasiteti i tij i lart\u00eb, besueshm\u00ebria, leht\u00ebsia e p\u00ebrdorimit dhe mund\u00ebsia p\u00ebr t\u00eb mbetur shtatz\u00ebn\u00eb menj\u00ebher\u00eb duke i nd\u00ebrprer\u00eb pilulat. Tabletat hormonale ndryshojn\u00eb n\u00eb p\u00ebrb\u00ebrjen e tyre, doz\u00ebn dhe m\u00ebnyr\u00ebn e pranimit. Ekziston nj\u00eb p\u00ebrzgjedhje e madhe e kontracepsionit hormonal q\u00eb lejon gjinekologun t\u00eb zgjedh\u00eb m\u00eb t\u00eb mir\u00ebn p\u00ebr pacientin e tij. Pilulat hormonale kan\u00eb reduktuar ndjesh\u00ebm efektet an\u00ebsore. Shtimi n\u00eb pesh\u00eb dhe rritja e flok\u00ebve jan\u00eb nj\u00eb gj\u00eb e s\u00eb kaluar\u00ebs.<\/p><p>Tabletat hormonale kan\u00eb shum\u00eb p\u00ebrpar\u00ebsi:<\/p><ul><li>Parandalimi i kancerit ovarian. \u00cbsht\u00eb v\u00ebrtetuar se rreziku i kancerit ovarian ulet edhe n\u00eb 3-6 muajt e par\u00eb nga fillimi i marrjes s\u00eb pilulave hormonale.<\/li><li>Parandalimi i cisteve funksionale t\u00eb vezoreve.<\/li><li>Parandalimi i kancerit t\u00eb mukoz\u00ebs s\u00eb mitr\u00ebs &#8211; kanceri endometrial.<\/li><li>Zvog\u00eblohet rreziku i shtatz\u00ebnis\u00eb ektopike.<\/li><li>Ulja e rrezikut t\u00eb s\u00ebmundjeve beninje t\u00eb gjirit.<\/li><li>Efekt pozitiv n\u00eb dismenorre &#8211; menstruacione t\u00eb dhimbshme.<\/li><li>Rreziku i anemis\u00eb zvog\u00eblohet, sepse me p\u00ebrdorimin e tabletave hormonale menstruacionet dob\u00ebsohen.<\/li><li>Reduktimi i s\u00ebmundjeve inflamatore.<\/li><li>Nj\u00eb ulje e p\u00ebrqindjes s\u00eb endometrioz\u00ebs, si dhe nj\u00eb ulje e ashp\u00ebrsis\u00eb s\u00eb rrjedhjes s\u00eb k\u00ebsaj s\u00ebmundjeje me nj\u00eb rritje t\u00eb koh\u00ebs s\u00eb trajtimit me tableta hormonale.<\/li><\/ul><p>Nj\u00eb num\u00ebr i barnave hormonale kan\u00eb nj\u00eb efekt t\u00eb dobish\u00ebm kozmetik n\u00eb l\u00ebkur\u00eb.<\/p><p>T\u00eb gjitha k\u00ebto fakte t\u00eb renditura d\u00ebshmojn\u00eb se \u00e7do grua moderne s\u00eb bashku me gjinekologun e saj mund t\u00eb zgjedh\u00eb ila\u00e7in m\u00eb t\u00eb mir\u00eb hormonal p\u00ebr t\u00eb me besueshm\u00ebri dhe cil\u00ebsi shum\u00eb t\u00eb lart\u00eb t\u00eb jet\u00ebs s\u00eb saj seksuale.<\/p>\t\t\t\t\t\t<\/div>\n\t\t\t\t<\/div>\n\t\t\t\t\t<\/div>\n\t\t\t\t<\/div>\n\t\t\t\t<\/div>\n\t\t","protected":false},"excerpt":{"rendered":"<p>Planifikimi i shtatz\u00ebnis\u00eb, shmangia e aborteve t\u00eb pad\u00ebshiruara dhe pasojave q\u00eb mund t\u00eb lindin prej tyre, po prekin gjithnj\u00eb e m\u00eb shum\u00eb grat\u00eb n\u00eb jet\u00ebn e tyre t\u00eb p\u00ebrditshme. Pilulat hormonale japin rezultate shum\u00eb t\u00eb mira p\u00ebr t\u00eb kontrolluar shtatz\u00ebnin\u00eb e d\u00ebshiruar. Karakteristika themelore e kontracepsionit hormonal \u00ebsht\u00eb efikasiteti i tij i lart\u00eb, besueshm\u00ebria, leht\u00ebsia&#8230;<\/p>\n","protected":false},"author":1,"featured_media":0,"parent":0,"menu_order":0,"comment_status":"closed","ping_status":"closed","template":"","meta":{"footnotes":""},"class_list":["post-15970","page","type-page","status-publish","hentry"],"yoast_head":"<!-- This site is optimized with the Yoast SEO Premium plugin v22.7 (Yoast SEO v26.8) - https:\/\/yoast.com\/product\/yoast-seo-premium-wordpress\/ -->\n<title>Kontracepsioni hormonal - \u041f\u0417\u0423 \u0414-\u0440 \u041e\u0440\u0433\u0430\u043d\u045f\u0438\u0441\u043a\u0438<\/title>\n<meta name=\"robots\" content=\"index, follow, max-snippet:-1, max-image-preview:large, max-video-preview:-1\" \/>\n<link rel=\"canonical\" href=\"https:\/\/organdziski.com\/hormonalna-kontracepcija\/\" \/>\n<meta property=\"og:locale\" content=\"sq_AL\" \/>\n<meta property=\"og:type\" content=\"article\" \/>\n<meta property=\"og:title\" content=\"Kontracepsioni hormonal\" \/>\n<meta property=\"og:description\" content=\"Planifikimi i shtatz\u00ebnis\u00eb, shmangia e aborteve t\u00eb pad\u00ebshiruara dhe pasojave q\u00eb mund t\u00eb lindin prej tyre, po prekin gjithnj\u00eb e m\u00eb shum\u00eb grat\u00eb n\u00eb jet\u00ebn e tyre t\u00eb p\u00ebrditshme. Pilulat hormonale japin rezultate shum\u00eb t\u00eb mira p\u00ebr t\u00eb kontrolluar shtatz\u00ebnin\u00eb e d\u00ebshiruar. Karakteristika themelore e kontracepsionit hormonal \u00ebsht\u00eb efikasiteti i tij i lart\u00eb, besueshm\u00ebria, leht\u00ebsia...\" \/>\n<meta property=\"og:url\" content=\"https:\/\/organdziski.com\/hormonalna-kontracepcija\/\" \/>\n<meta property=\"og:site_name\" content=\"\u041f\u0417\u0423 \u0414-\u0440 \u041e\u0440\u0433\u0430\u043d\u045f\u0438\u0441\u043a\u0438\" \/>\n<meta property=\"article:publisher\" content=\"https:\/\/www.facebook.com\/Dr.Organdziski\" \/>\n<meta property=\"article:modified_time\" content=\"2024-06-20T10:57:47+00:00\" \/>\n<meta name=\"twitter:card\" content=\"summary_large_image\" \/>\n<meta name=\"twitter:label1\" content=\"Est. reading time\" \/>\n\t<meta name=\"twitter:data1\" content=\"2 minutes\" \/>\n<script type=\"application\/ld+json\" class=\"yoast-schema-graph\">{\"@context\":\"https:\/\/schema.org\",\"@graph\":[{\"@type\":\"WebPage\",\"@id\":\"https:\/\/organdziski.com\/hormonalna-kontracepcija\/\",\"url\":\"https:\/\/organdziski.com\/hormonalna-kontracepcija\/\",\"name\":\"Kontracepsioni hormonal - \u041f\u0417\u0423 \u0414-\u0440 \u041e\u0440\u0433\u0430\u043d\u045f\u0438\u0441\u043a\u0438\",\"isPartOf\":{\"@id\":\"https:\/\/organdziski.com\/#website\"},\"datePublished\":\"2024-05-14T18:51:43+00:00\",\"dateModified\":\"2024-06-20T10:57:47+00:00\",\"breadcrumb\":{\"@id\":\"https:\/\/organdziski.com\/hormonalna-kontracepcija\/#breadcrumb\"},\"inLanguage\":\"sq-AL\",\"potentialAction\":[{\"@type\":\"ReadAction\",\"target\":[\"https:\/\/organdziski.com\/hormonalna-kontracepcija\/\"]}]},{\"@type\":\"BreadcrumbList\",\"@id\":\"https:\/\/organdziski.com\/hormonalna-kontracepcija\/#breadcrumb\",\"itemListElement\":[{\"@type\":\"ListItem\",\"position\":1,\"name\":\"Home\",\"item\":\"https:\/\/organdziski.com\/sq\/\"},{\"@type\":\"ListItem\",\"position\":2,\"name\":\"Kontracepsioni hormonal\"}]},{\"@type\":\"WebSite\",\"@id\":\"https:\/\/organdziski.com\/#website\",\"url\":\"https:\/\/organdziski.com\/\",\"name\":\"\u041f\u0417\u0423 \u0414-\u0440 \u041e\u0440\u0433\u0430\u043d\u045f\u0438\u0441\u043a\u0438\",\"description\":\"\u0421\u043f\u0435\u0446\u0438\u0458\u0430\u043b\u0438\u0437\u0438\u0440\u0430\u043d\u0430 \u0431\u043e\u043b\u043d\u0438\u0446\u0430 \u043f\u043e \u0433\u0438\u043d\u0435\u043a\u043e\u043b\u043e\u0433\u0438\u0458\u0430 \u0438 \u0430\u043a\u0443\u0448\u0435\u0440\u0441\u0442\u0432\u043e\",\"publisher\":{\"@id\":\"https:\/\/organdziski.com\/#organization\"},\"potentialAction\":[{\"@type\":\"SearchAction\",\"target\":{\"@type\":\"EntryPoint\",\"urlTemplate\":\"https:\/\/organdziski.com\/?s={search_term_string}\"},\"query-input\":{\"@type\":\"PropertyValueSpecification\",\"valueRequired\":true,\"valueName\":\"search_term_string\"}}],\"inLanguage\":\"sq-AL\"},{\"@type\":\"Organization\",\"@id\":\"https:\/\/organdziski.com\/#organization\",\"name\":\"\u041f\u0417\u0423 \u0414-\u0440 \u041e\u0440\u0433\u0430\u043d\u045f\u0438\u0441\u043a\u0438\",\"url\":\"https:\/\/organdziski.com\/\",\"logo\":{\"@type\":\"ImageObject\",\"inLanguage\":\"sq-AL\",\"@id\":\"https:\/\/organdziski.com\/#\/schema\/logo\/image\/\",\"url\":\"https:\/\/organdziski.com\/wp-content\/uploads\/2024\/04\/organdziski.svg\",\"contentUrl\":\"https:\/\/organdziski.com\/wp-content\/uploads\/2024\/04\/organdziski.svg\",\"width\":341,\"height\":63,\"caption\":\"\u041f\u0417\u0423 \u0414-\u0440 \u041e\u0440\u0433\u0430\u043d\u045f\u0438\u0441\u043a\u0438\"},\"image\":{\"@id\":\"https:\/\/organdziski.com\/#\/schema\/logo\/image\/\"},\"sameAs\":[\"https:\/\/www.facebook.com\/Dr.Organdziski\",\"https:\/\/www.instagram.com\/bolnicadrorgandziski\/\",\"https:\/\/www.youtube.com\/channel\/UCVzAHTjH-QvDcCGm19znLyA\"]}]}<\/script>\n<!-- \/ Yoast SEO Premium plugin. -->","yoast_head_json":{"title":"Kontracepsioni hormonal - \u041f\u0417\u0423 \u0414-\u0440 \u041e\u0440\u0433\u0430\u043d\u045f\u0438\u0441\u043a\u0438","robots":{"index":"index","follow":"follow","max-snippet":"max-snippet:-1","max-image-preview":"max-image-preview:large","max-video-preview":"max-video-preview:-1"},"canonical":"https:\/\/organdziski.com\/hormonalna-kontracepcija\/","og_locale":"sq_AL","og_type":"article","og_title":"Kontracepsioni hormonal","og_description":"Planifikimi i shtatz\u00ebnis\u00eb, shmangia e aborteve t\u00eb pad\u00ebshiruara dhe pasojave q\u00eb mund t\u00eb lindin prej tyre, po prekin gjithnj\u00eb e m\u00eb shum\u00eb grat\u00eb n\u00eb jet\u00ebn e tyre t\u00eb p\u00ebrditshme. Pilulat hormonale japin rezultate shum\u00eb t\u00eb mira p\u00ebr t\u00eb kontrolluar shtatz\u00ebnin\u00eb e d\u00ebshiruar. Karakteristika themelore e kontracepsionit hormonal \u00ebsht\u00eb efikasiteti i tij i lart\u00eb, besueshm\u00ebria, leht\u00ebsia...","og_url":"https:\/\/organdziski.com\/hormonalna-kontracepcija\/","og_site_name":"\u041f\u0417\u0423 \u0414-\u0440 \u041e\u0440\u0433\u0430\u043d\u045f\u0438\u0441\u043a\u0438","article_publisher":"https:\/\/www.facebook.com\/Dr.Organdziski","article_modified_time":"2024-06-20T10:57:47+00:00","twitter_card":"summary_large_image","twitter_misc":{"Est. reading time":"2 minutes"},"schema":{"@context":"https:\/\/schema.org","@graph":[{"@type":"WebPage","@id":"https:\/\/organdziski.com\/hormonalna-kontracepcija\/","url":"https:\/\/organdziski.com\/hormonalna-kontracepcija\/","name":"Kontracepsioni hormonal - \u041f\u0417\u0423 \u0414-\u0440 \u041e\u0440\u0433\u0430\u043d\u045f\u0438\u0441\u043a\u0438","isPartOf":{"@id":"https:\/\/organdziski.com\/#website"},"datePublished":"2024-05-14T18:51:43+00:00","dateModified":"2024-06-20T10:57:47+00:00","breadcrumb":{"@id":"https:\/\/organdziski.com\/hormonalna-kontracepcija\/#breadcrumb"},"inLanguage":"sq-AL","potentialAction":[{"@type":"ReadAction","target":["https:\/\/organdziski.com\/hormonalna-kontracepcija\/"]}]},{"@type":"BreadcrumbList","@id":"https:\/\/organdziski.com\/hormonalna-kontracepcija\/#breadcrumb","itemListElement":[{"@type":"ListItem","position":1,"name":"Home","item":"https:\/\/organdziski.com\/sq\/"},{"@type":"ListItem","position":2,"name":"Kontracepsioni hormonal"}]},{"@type":"WebSite","@id":"https:\/\/organdziski.com\/#website","url":"https:\/\/organdziski.com\/","name":"\u041f\u0417\u0423 \u0414-\u0440 \u041e\u0440\u0433\u0430\u043d\u045f\u0438\u0441\u043a\u0438","description":"\u0421\u043f\u0435\u0446\u0438\u0458\u0430\u043b\u0438\u0437\u0438\u0440\u0430\u043d\u0430 \u0431\u043e\u043b\u043d\u0438\u0446\u0430 \u043f\u043e \u0433\u0438\u043d\u0435\u043a\u043e\u043b\u043e\u0433\u0438\u0458\u0430 \u0438 \u0430\u043a\u0443\u0448\u0435\u0440\u0441\u0442\u0432\u043e","publisher":{"@id":"https:\/\/organdziski.com\/#organization"},"potentialAction":[{"@type":"SearchAction","target":{"@type":"EntryPoint","urlTemplate":"https:\/\/organdziski.com\/?s={search_term_string}"},"query-input":{"@type":"PropertyValueSpecification","valueRequired":true,"valueName":"search_term_string"}}],"inLanguage":"sq-AL"},{"@type":"Organization","@id":"https:\/\/organdziski.com\/#organization","name":"\u041f\u0417\u0423 \u0414-\u0440 \u041e\u0440\u0433\u0430\u043d\u045f\u0438\u0441\u043a\u0438","url":"https:\/\/organdziski.com\/","logo":{"@type":"ImageObject","inLanguage":"sq-AL","@id":"https:\/\/organdziski.com\/#\/schema\/logo\/image\/","url":"https:\/\/organdziski.com\/wp-content\/uploads\/2024\/04\/organdziski.svg","contentUrl":"https:\/\/organdziski.com\/wp-content\/uploads\/2024\/04\/organdziski.svg","width":341,"height":63,"caption":"\u041f\u0417\u0423 \u0414-\u0440 \u041e\u0440\u0433\u0430\u043d\u045f\u0438\u0441\u043a\u0438"},"image":{"@id":"https:\/\/organdziski.com\/#\/schema\/logo\/image\/"},"sameAs":["https:\/\/www.facebook.com\/Dr.Organdziski","https:\/\/www.instagram.com\/bolnicadrorgandziski\/","https:\/\/www.youtube.com\/channel\/UCVzAHTjH-QvDcCGm19znLyA"]}]}},"_links":{"self":[{"href":"https:\/\/organdziski.com\/sq\/wp-json\/wp\/v2\/pages\/15970","targetHints":{"allow":["GET"]}}],"collection":[{"href":"https:\/\/organdziski.com\/sq\/wp-json\/wp\/v2\/pages"}],"about":[{"href":"https:\/\/organdziski.com\/sq\/wp-json\/wp\/v2\/types\/page"}],"author":[{"embeddable":true,"href":"https:\/\/organdziski.com\/sq\/wp-json\/wp\/v2\/users\/1"}],"replies":[{"embeddable":true,"href":"https:\/\/organdziski.com\/sq\/wp-json\/wp\/v2\/comments?post=15970"}],"version-history":[{"count":4,"href":"https:\/\/organdziski.com\/sq\/wp-json\/wp\/v2\/pages\/15970\/revisions"}],"predecessor-version":[{"id":15979,"href":"https:\/\/organdziski.com\/sq\/wp-json\/wp\/v2\/pages\/15970\/revisions\/15979"}],"wp:attachment":[{"href":"https:\/\/organdziski.com\/sq\/wp-json\/wp\/v2\/media?parent=15970"}],"curies":[{"name":"wp","href":"https:\/\/api.w.org\/{rel}","templated":true}]}}