{"id":15971,"date":"2024-05-14T18:54:10","date_gmt":"2024-05-14T18:54:10","guid":{"rendered":"https:\/\/organdziski.com\/?page_id=15971"},"modified":"2024-06-20T10:58:07","modified_gmt":"2024-06-20T10:58:07","slug":"menopauza","status":"publish","type":"page","link":"https:\/\/organdziski.com\/sq\/menopauza\/","title":{"rendered":"Menopauza"},"content":{"rendered":"\t\t<div data-elementor-type=\"wp-page\" data-elementor-id=\"15971\" class=\"elementor elementor-15971 elementor-10907\" data-elementor-post-type=\"page\">\n\t\t\t\t<div class=\"elementor-element elementor-element-89ee023 e-flex e-con-boxed e-con e-parent\" data-id=\"89ee023\" data-element_type=\"container\">\n\t\t\t\t\t<div class=\"e-con-inner\">\n\t\t\t\t<div class=\"elementor-element elementor-element-8e8d0bc elementor-widget elementor-widget-text-editor\" data-id=\"8e8d0bc\" data-element_type=\"widget\" data-widget_type=\"text-editor.default\">\n\t\t\t\t<div class=\"elementor-widget-container\">\n\t\t\t\t\t\t\t<p>Menopauza \u00ebsht\u00eb nj\u00eb periudh\u00eb e jet\u00ebs s\u00eb gruas q\u00eb ndodh pas p\u00ebrfundimit t\u00eb kapacitetit t\u00eb saj riprodhues dhe karakterizohet nga fakti se gjat\u00eb asaj periudhe ndodh nd\u00ebrprerja e menstruacioneve. Zakonisht ndodh midis mosh\u00ebs 45 dhe 55 vje\u00e7. Megjithat\u00eb, menopauza mund t\u00eb ndodh\u00eb edhe m\u00eb her\u00ebt, si pasoj\u00eb e heqjes s\u00eb mundshme kirurgjikale t\u00eb organeve riprodhuese \u2013 vezoreve. Nuk \u00ebsht\u00eb rast\u00ebsi q\u00eb thuhet se vezoret jan\u00eb pasuria m\u00eb e r\u00ebnd\u00ebsishme e nj\u00eb gruaje, sepse prodhojn\u00eb hormonet seksuale fem\u00ebrore estrogjen dhe progesterone, duke e mbrojtur k\u00ebshtu at\u00eb nga s\u00ebmundje t\u00eb ndryshme t\u00eb zemr\u00ebs dhe en\u00ebve t\u00eb gjakut, nga osteoporoza etj. Menopauza p\u00ebrfshin periudh\u00ebn q\u00eb i paraprin (premenopauz\u00ebs) dhe periudh\u00ebn q\u00eb pason nd\u00ebrprerjen e menstruacioneve (postmenopauza). Kjo periudh\u00eb kalimtare e nj\u00eb gruaje shoq\u00ebrohet me humbje jo vet\u00ebm t\u00eb hormoneve seksuale fem\u00ebrore (estrogjenit dhe progesteronit), por edhe me humbjen e hormoneve seksuale mashkullore \u2013 testosteronit dhe DHEAS.<\/p><p>Simptomat e p\u00ebrjetuara nga nj\u00eb grua gjat\u00eb menopauz\u00ebs lidhen me p\u00ebrshtatjen ndaj munges\u00ebs s\u00eb estrogjenit. Nj\u00eb nga simptomat m\u00eb t\u00eb hershme \u00ebsht\u00eb nj\u00eb ndryshim n\u00eb ciklet normale menstruale. Koha midis dy cikleve menstruale ose rritet ose zvog\u00eblohet. Dhe gjakderdhja mund t\u00eb jet\u00eb ose m\u00eb pak ose m\u00eb e bollshme.<\/p><p>Simptoma t\u00eb tjera jan\u00eb:<\/p><ul><li>djersitje gjat\u00eb nat\u00ebs dhe afshe t\u00eb nxehta<\/li><li>ndryshime n\u00eb vagin\u00eb dhe traktin urogjenital: hollim i vagin\u00ebs, that\u00ebsi, elasticitet i pamjaftuesh\u00ebm, ndjeshm\u00ebri e shpesht\u00eb ndaj infeksioneve, ulje e d\u00ebshir\u00ebs seksuale<\/li><li>ndryshime mendore: nervoziz\u00ebm, ndryshime t\u00eb shpejta t\u00eb humorit, pagjum\u00ebsi, dhimbje koke, lodhje, p\u00ebrqendrim i reduktuar<\/li><li>elasticitet i reduktuar i l\u00ebkur\u00ebs<\/li><li>osteoporoza dhe s\u00ebmundjet e zemr\u00ebs dhe en\u00ebve t\u00eb gjakut.<\/li><\/ul><p>P\u00ebr sa i p\u00ebrket m\u00ebnyr\u00ebs sesi nj\u00eb grua do t&#8217;i mbijetoj\u00eb k\u00ebsaj periudhe kalimtare, nj\u00eb rol t\u00eb madh luajn\u00eb edhe ndikimet dyt\u00ebsore dhe t\u00eb jashtme: faktor\u00ebt trash\u00ebgues, mjedisi kulturor, vendi i pun\u00ebs, atmosfera e sht\u00ebpis\u00eb, stresi, dieta etj. Megjithat\u00eb, \u00e7do grua e kalon k\u00ebt\u00eb periudh\u00eb t\u00eb jet\u00ebs ndryshe, ose m\u00eb leht\u00eb ose m\u00eb e v\u00ebshtir\u00eb. Ka ila\u00e7e t\u00eb ndryshme p\u00ebr ta b\u00ebr\u00eb m\u00eb t\u00eb leht\u00eb: hormonet n\u00eb baza natyrale (fitoestrogjenet), homeopatia, terapia e z\u00ebvend\u00ebsimit t\u00eb hormoneve.<\/p>\t\t\t\t\t\t<\/div>\n\t\t\t\t<\/div>\n\t\t\t\t\t<\/div>\n\t\t\t\t<\/div>\n\t\t\t\t<\/div>\n\t\t","protected":false},"excerpt":{"rendered":"<p>Menopauza \u00ebsht\u00eb nj\u00eb periudh\u00eb e jet\u00ebs s\u00eb gruas q\u00eb ndodh pas p\u00ebrfundimit t\u00eb kapacitetit t\u00eb saj riprodhues dhe karakterizohet nga fakti se gjat\u00eb asaj periudhe ndodh nd\u00ebrprerja e menstruacioneve. Zakonisht ndodh midis mosh\u00ebs 45 dhe 55 vje\u00e7. Megjithat\u00eb, menopauza mund t\u00eb ndodh\u00eb edhe m\u00eb her\u00ebt, si pasoj\u00eb e heqjes s\u00eb mundshme kirurgjikale t\u00eb organeve riprodhuese&#8230;<\/p>\n","protected":false},"author":1,"featured_media":0,"parent":0,"menu_order":0,"comment_status":"closed","ping_status":"closed","template":"","meta":{"footnotes":""},"class_list":["post-15971","page","type-page","status-publish","hentry"],"yoast_head":"<!-- This site is optimized with the Yoast SEO Premium plugin v22.7 (Yoast SEO v27.4) - https:\/\/yoast.com\/product\/yoast-seo-premium-wordpress\/ -->\n<title>Menopauza - \u041f\u0417\u0423 \u0414-\u0440 \u041e\u0440\u0433\u0430\u043d\u045f\u0438\u0441\u043a\u0438<\/title>\n<meta name=\"robots\" content=\"index, follow, max-snippet:-1, max-image-preview:large, max-video-preview:-1\" \/>\n<link rel=\"canonical\" href=\"https:\/\/organdziski.com\/menopauza\/\" \/>\n<meta property=\"og:locale\" content=\"sq_AL\" \/>\n<meta property=\"og:type\" content=\"article\" \/>\n<meta property=\"og:title\" content=\"Menopauza\" \/>\n<meta property=\"og:description\" content=\"Menopauza \u00ebsht\u00eb nj\u00eb periudh\u00eb e jet\u00ebs s\u00eb gruas q\u00eb ndodh pas p\u00ebrfundimit t\u00eb kapacitetit t\u00eb saj riprodhues dhe karakterizohet nga fakti se gjat\u00eb asaj periudhe ndodh nd\u00ebrprerja e menstruacioneve. Zakonisht ndodh midis mosh\u00ebs 45 dhe 55 vje\u00e7. Megjithat\u00eb, menopauza mund t\u00eb ndodh\u00eb edhe m\u00eb her\u00ebt, si pasoj\u00eb e heqjes s\u00eb mundshme kirurgjikale t\u00eb organeve riprodhuese...\" \/>\n<meta property=\"og:url\" content=\"https:\/\/organdziski.com\/menopauza\/\" \/>\n<meta property=\"og:site_name\" content=\"\u041f\u0417\u0423 \u0414-\u0440 \u041e\u0440\u0433\u0430\u043d\u045f\u0438\u0441\u043a\u0438\" \/>\n<meta property=\"article:publisher\" content=\"https:\/\/www.facebook.com\/Dr.Organdziski\" \/>\n<meta property=\"article:modified_time\" content=\"2024-06-20T10:58:07+00:00\" \/>\n<meta name=\"twitter:card\" content=\"summary_large_image\" \/>\n<meta name=\"twitter:label1\" content=\"Est. reading time\" \/>\n\t<meta name=\"twitter:data1\" content=\"1 minute\" \/>\n<script type=\"application\/ld+json\" class=\"yoast-schema-graph\">{\"@context\":\"https:\\\/\\\/schema.org\",\"@graph\":[{\"@type\":\"WebPage\",\"@id\":\"https:\\\/\\\/organdziski.com\\\/menopauza\\\/\",\"url\":\"https:\\\/\\\/organdziski.com\\\/menopauza\\\/\",\"name\":\"Menopauza - \u041f\u0417\u0423 \u0414-\u0440 \u041e\u0440\u0433\u0430\u043d\u045f\u0438\u0441\u043a\u0438\",\"isPartOf\":{\"@id\":\"https:\\\/\\\/organdziski.com\\\/#website\"},\"datePublished\":\"2024-05-14T18:54:10+00:00\",\"dateModified\":\"2024-06-20T10:58:07+00:00\",\"breadcrumb\":{\"@id\":\"https:\\\/\\\/organdziski.com\\\/menopauza\\\/#breadcrumb\"},\"inLanguage\":\"sq-AL\",\"potentialAction\":[{\"@type\":\"ReadAction\",\"target\":[\"https:\\\/\\\/organdziski.com\\\/menopauza\\\/\"]}]},{\"@type\":\"BreadcrumbList\",\"@id\":\"https:\\\/\\\/organdziski.com\\\/menopauza\\\/#breadcrumb\",\"itemListElement\":[{\"@type\":\"ListItem\",\"position\":1,\"name\":\"Home\",\"item\":\"https:\\\/\\\/organdziski.com\\\/\"},{\"@type\":\"ListItem\",\"position\":2,\"name\":\"Menopauza\"}]},{\"@type\":\"WebSite\",\"@id\":\"https:\\\/\\\/organdziski.com\\\/#website\",\"url\":\"https:\\\/\\\/organdziski.com\\\/\",\"name\":\"\u041f\u0417\u0423 \u0414-\u0440 \u041e\u0440\u0433\u0430\u043d\u045f\u0438\u0441\u043a\u0438\",\"description\":\"\u0421\u043f\u0435\u0446\u0438\u0458\u0430\u043b\u0438\u0437\u0438\u0440\u0430\u043d\u0430 \u0431\u043e\u043b\u043d\u0438\u0446\u0430 \u043f\u043e \u0433\u0438\u043d\u0435\u043a\u043e\u043b\u043e\u0433\u0438\u0458\u0430 \u0438 \u0430\u043a\u0443\u0448\u0435\u0440\u0441\u0442\u0432\u043e\",\"publisher\":{\"@id\":\"https:\\\/\\\/organdziski.com\\\/#organization\"},\"potentialAction\":[{\"@type\":\"SearchAction\",\"target\":{\"@type\":\"EntryPoint\",\"urlTemplate\":\"https:\\\/\\\/organdziski.com\\\/?s={search_term_string}\"},\"query-input\":{\"@type\":\"PropertyValueSpecification\",\"valueRequired\":true,\"valueName\":\"search_term_string\"}}],\"inLanguage\":\"sq-AL\"},{\"@type\":\"Organization\",\"@id\":\"https:\\\/\\\/organdziski.com\\\/#organization\",\"name\":\"\u041f\u0417\u0423 \u0414-\u0440 \u041e\u0440\u0433\u0430\u043d\u045f\u0438\u0441\u043a\u0438\",\"url\":\"https:\\\/\\\/organdziski.com\\\/\",\"logo\":{\"@type\":\"ImageObject\",\"inLanguage\":\"sq-AL\",\"@id\":\"https:\\\/\\\/organdziski.com\\\/#\\\/schema\\\/logo\\\/image\\\/\",\"url\":\"https:\\\/\\\/organdziski.com\\\/wp-content\\\/uploads\\\/2024\\\/04\\\/organdziski.svg\",\"contentUrl\":\"https:\\\/\\\/organdziski.com\\\/wp-content\\\/uploads\\\/2024\\\/04\\\/organdziski.svg\",\"width\":341,\"height\":63,\"caption\":\"\u041f\u0417\u0423 \u0414-\u0440 \u041e\u0440\u0433\u0430\u043d\u045f\u0438\u0441\u043a\u0438\"},\"image\":{\"@id\":\"https:\\\/\\\/organdziski.com\\\/#\\\/schema\\\/logo\\\/image\\\/\"},\"sameAs\":[\"https:\\\/\\\/www.facebook.com\\\/Dr.Organdziski\",\"https:\\\/\\\/www.instagram.com\\\/bolnicadrorgandziski\\\/\",\"https:\\\/\\\/www.youtube.com\\\/channel\\\/UCVzAHTjH-QvDcCGm19znLyA\"]}]}<\/script>\n<!-- \/ Yoast SEO Premium plugin. -->","yoast_head_json":{"title":"Menopauza - \u041f\u0417\u0423 \u0414-\u0440 \u041e\u0440\u0433\u0430\u043d\u045f\u0438\u0441\u043a\u0438","robots":{"index":"index","follow":"follow","max-snippet":"max-snippet:-1","max-image-preview":"max-image-preview:large","max-video-preview":"max-video-preview:-1"},"canonical":"https:\/\/organdziski.com\/menopauza\/","og_locale":"sq_AL","og_type":"article","og_title":"Menopauza","og_description":"Menopauza \u00ebsht\u00eb nj\u00eb periudh\u00eb e jet\u00ebs s\u00eb gruas q\u00eb ndodh pas p\u00ebrfundimit t\u00eb kapacitetit t\u00eb saj riprodhues dhe karakterizohet nga fakti se gjat\u00eb asaj periudhe ndodh nd\u00ebrprerja e menstruacioneve. Zakonisht ndodh midis mosh\u00ebs 45 dhe 55 vje\u00e7. Megjithat\u00eb, menopauza mund t\u00eb ndodh\u00eb edhe m\u00eb her\u00ebt, si pasoj\u00eb e heqjes s\u00eb mundshme kirurgjikale t\u00eb organeve riprodhuese...","og_url":"https:\/\/organdziski.com\/menopauza\/","og_site_name":"\u041f\u0417\u0423 \u0414-\u0440 \u041e\u0440\u0433\u0430\u043d\u045f\u0438\u0441\u043a\u0438","article_publisher":"https:\/\/www.facebook.com\/Dr.Organdziski","article_modified_time":"2024-06-20T10:58:07+00:00","twitter_card":"summary_large_image","twitter_misc":{"Est. reading time":"1 minute"},"schema":{"@context":"https:\/\/schema.org","@graph":[{"@type":"WebPage","@id":"https:\/\/organdziski.com\/menopauza\/","url":"https:\/\/organdziski.com\/menopauza\/","name":"Menopauza - \u041f\u0417\u0423 \u0414-\u0440 \u041e\u0440\u0433\u0430\u043d\u045f\u0438\u0441\u043a\u0438","isPartOf":{"@id":"https:\/\/organdziski.com\/#website"},"datePublished":"2024-05-14T18:54:10+00:00","dateModified":"2024-06-20T10:58:07+00:00","breadcrumb":{"@id":"https:\/\/organdziski.com\/menopauza\/#breadcrumb"},"inLanguage":"sq-AL","potentialAction":[{"@type":"ReadAction","target":["https:\/\/organdziski.com\/menopauza\/"]}]},{"@type":"BreadcrumbList","@id":"https:\/\/organdziski.com\/menopauza\/#breadcrumb","itemListElement":[{"@type":"ListItem","position":1,"name":"Home","item":"https:\/\/organdziski.com\/"},{"@type":"ListItem","position":2,"name":"Menopauza"}]},{"@type":"WebSite","@id":"https:\/\/organdziski.com\/#website","url":"https:\/\/organdziski.com\/","name":"\u041f\u0417\u0423 \u0414-\u0440 \u041e\u0440\u0433\u0430\u043d\u045f\u0438\u0441\u043a\u0438","description":"\u0421\u043f\u0435\u0446\u0438\u0458\u0430\u043b\u0438\u0437\u0438\u0440\u0430\u043d\u0430 \u0431\u043e\u043b\u043d\u0438\u0446\u0430 \u043f\u043e \u0433\u0438\u043d\u0435\u043a\u043e\u043b\u043e\u0433\u0438\u0458\u0430 \u0438 \u0430\u043a\u0443\u0448\u0435\u0440\u0441\u0442\u0432\u043e","publisher":{"@id":"https:\/\/organdziski.com\/#organization"},"potentialAction":[{"@type":"SearchAction","target":{"@type":"EntryPoint","urlTemplate":"https:\/\/organdziski.com\/?s={search_term_string}"},"query-input":{"@type":"PropertyValueSpecification","valueRequired":true,"valueName":"search_term_string"}}],"inLanguage":"sq-AL"},{"@type":"Organization","@id":"https:\/\/organdziski.com\/#organization","name":"\u041f\u0417\u0423 \u0414-\u0440 \u041e\u0440\u0433\u0430\u043d\u045f\u0438\u0441\u043a\u0438","url":"https:\/\/organdziski.com\/","logo":{"@type":"ImageObject","inLanguage":"sq-AL","@id":"https:\/\/organdziski.com\/#\/schema\/logo\/image\/","url":"https:\/\/organdziski.com\/wp-content\/uploads\/2024\/04\/organdziski.svg","contentUrl":"https:\/\/organdziski.com\/wp-content\/uploads\/2024\/04\/organdziski.svg","width":341,"height":63,"caption":"\u041f\u0417\u0423 \u0414-\u0440 \u041e\u0440\u0433\u0430\u043d\u045f\u0438\u0441\u043a\u0438"},"image":{"@id":"https:\/\/organdziski.com\/#\/schema\/logo\/image\/"},"sameAs":["https:\/\/www.facebook.com\/Dr.Organdziski","https:\/\/www.instagram.com\/bolnicadrorgandziski\/","https:\/\/www.youtube.com\/channel\/UCVzAHTjH-QvDcCGm19znLyA"]}]}},"_links":{"self":[{"href":"https:\/\/organdziski.com\/sq\/wp-json\/wp\/v2\/pages\/15971","targetHints":{"allow":["GET"]}}],"collection":[{"href":"https:\/\/organdziski.com\/sq\/wp-json\/wp\/v2\/pages"}],"about":[{"href":"https:\/\/organdziski.com\/sq\/wp-json\/wp\/v2\/types\/page"}],"author":[{"embeddable":true,"href":"https:\/\/organdziski.com\/sq\/wp-json\/wp\/v2\/users\/1"}],"replies":[{"embeddable":true,"href":"https:\/\/organdziski.com\/sq\/wp-json\/wp\/v2\/comments?post=15971"}],"version-history":[{"count":4,"href":"https:\/\/organdziski.com\/sq\/wp-json\/wp\/v2\/pages\/15971\/revisions"}],"predecessor-version":[{"id":15982,"href":"https:\/\/organdziski.com\/sq\/wp-json\/wp\/v2\/pages\/15971\/revisions\/15982"}],"wp:attachment":[{"href":"https:\/\/organdziski.com\/sq\/wp-json\/wp\/v2\/media?parent=15971"}],"curies":[{"name":"wp","href":"https:\/\/api.w.org\/{rel}","templated":true}]}}