{"id":15987,"date":"2024-05-14T16:04:43","date_gmt":"2024-05-14T16:04:43","guid":{"rendered":"https:\/\/organdziski.com\/?page_id=15987"},"modified":"2024-06-25T14:03:02","modified_gmt":"2024-06-25T14:03:02","slug":"fertilizimi-in-vitro","status":"publish","type":"page","link":"https:\/\/organdziski.com\/sq\/fertilizimi-in-vitro\/","title":{"rendered":"Fertilizimi in vitro"},"content":{"rendered":"\t\t<div data-elementor-type=\"wp-page\" data-elementor-id=\"15987\" class=\"elementor elementor-15987 elementor-10700\" data-elementor-post-type=\"page\">\n\t\t\t\t<div class=\"elementor-element elementor-element-64b4ac4 e-flex e-con-boxed e-con e-parent\" data-id=\"64b4ac4\" data-element_type=\"container\">\n\t\t\t\t\t<div class=\"e-con-inner\">\n\t\t\t\t<div class=\"elementor-element elementor-element-d29e95f elementor-widget elementor-widget-text-editor\" data-id=\"d29e95f\" data-element_type=\"widget\" data-widget_type=\"text-editor.default\">\n\t\t\t\t<div class=\"elementor-widget-container\">\n\t\t\t\t\t\t\t<p>N\u00eb spitalin ton\u00eb \u00ebsht\u00eb n\u00eb fuksion edhe reparti i fekondimit in vitro (fertilizimi i asistuar biomjek\u00ebsor \u2013 BPO), i cili synon t\u00eb ndihmoj\u00eb \u00e7iftet q\u00eb kan\u00eb probleme me realizimin e funksionit t\u00eb tyre riprodhues. Gjat\u00eb gjith\u00eb ekzistenc\u00ebs son\u00eb, ne i jemi p\u00ebrkushtuar plot\u00ebsisht problemeve t\u00eb ngjizjes, duke arritur kulmin n\u00eb fush\u00ebn e sterilitetit me hapjen e repartit t\u00eb fekondimit in vitro. Laboratori in vitro \u00ebsht\u00eb i pajisur me pajisje moderne n\u00eb t\u00eb cilat i p\u00ebrdorim t\u00eb gjitha teknologjit\u00eb m\u00eb t\u00eb reja dhe moderne n\u00eb fush\u00ebn e fekondimit t\u00eb asistuar biomjek\u00ebsor, t\u00eb p\u00ebrdorura n\u00eb klinikat m\u00eb t\u00eb mira n\u00eb bot\u00eb. Me ju do t\u00eb punojn\u00eb specialist\u00eb t\u00eb kualifikuar, q\u00ebllimi i t\u00eb cil\u00ebve \u00ebsht\u00eb t&#8217;ju ndihmojn\u00eb t\u00eb merrni f\u00ebmij\u00ebn q\u00eb aq shum\u00eb e d\u00ebshironi.<\/p><p>Procedura in vitro kalon n\u00eb pes\u00eb faza:<\/p><ul><li>Shtypja e vezoreve]<\/li><li>Stimulimi i vezoreve<\/li><li>Aspirimi i vez\u00ebve<\/li><li>Fekondimi i vez\u00ebve<\/li><li>Transferimi i embrionit<\/li><li>Test shtatzanie<\/li><\/ul>\t\t\t\t\t\t<\/div>\n\t\t\t\t<\/div>\n\t\t\t\t<div class=\"elementor-element elementor-element-058ed9f elementor-widget elementor-widget-heading\" data-id=\"058ed9f\" data-element_type=\"widget\" data-widget_type=\"heading.default\">\n\t\t\t\t<div class=\"elementor-widget-container\">\n\t\t\t<h2 class=\"elementor-heading-title elementor-size-default\">Shtypja e vezoreve<\/h2>\t\t<\/div>\n\t\t\t\t<\/div>\n\t\t\t\t<div class=\"elementor-element elementor-element-16c9907 elementor-widget elementor-widget-text-editor\" data-id=\"16c9907\" data-element_type=\"widget\" data-widget_type=\"text-editor.default\">\n\t\t\t\t<div class=\"elementor-widget-container\">\n\t\t\t\t\t\t\t<p>Ovulacioni i nj\u00eb gruaje kontrollohet me ila\u00e7e speciale t\u00eb quajtura analoge GnRH (analoge t\u00eb hormoneve q\u00eb \u00e7lirojn\u00eb gonadotropin\u00eb). Ekzistojn\u00eb dy kategori t\u00eb analog\u00ebve t\u00eb GnRH &#8211; agonist\u00ebt dhe antagonist\u00ebt. K\u00ebto barna nuk lejojn\u00eb q\u00eb vez\u00ebt t\u00eb l\u00ebshohen shum\u00eb her\u00ebt gjat\u00eb gjith\u00eb procedur\u00ebs. Kjo \u00ebsht\u00eb arsyeja pse kjo faz\u00eb quhet faza e shtypjes folikulare. Analog\u00ebt e GnRH jepen n\u00eb form\u00ebn e sprajit nazal, n\u00eb m\u00ebnyr\u00eb intramuskulare ose si injeksion n\u00ebnl\u00ebkuror. Si efekte an\u00ebsore t\u00eb k\u00ebtyre barnave mund t\u00eb shfaqen dhimbje koke, afshe t\u00eb nxehta, that\u00ebsi n\u00eb vagin\u00eb, ndryshime humori, skuqje, dhimbje e t\u00eb tjera, por t\u00eb gjitha k\u00ebto efekte an\u00ebsore jan\u00eb jet\u00ebshkurt\u00ebr dhe kalimtare.<\/p>\t\t\t\t\t\t<\/div>\n\t\t\t\t<\/div>\n\t\t\t\t<div class=\"elementor-element elementor-element-0602b1d elementor-widget elementor-widget-heading\" data-id=\"0602b1d\" data-element_type=\"widget\" data-widget_type=\"heading.default\">\n\t\t\t\t<div class=\"elementor-widget-container\">\n\t\t\t<h2 class=\"elementor-heading-title elementor-size-default\">Stimulimi folikular<\/h2>\t\t<\/div>\n\t\t\t\t<\/div>\n\t\t\t\t<div class=\"elementor-element elementor-element-3d9b2ce elementor-widget elementor-widget-text-editor\" data-id=\"3d9b2ce\" data-element_type=\"widget\" data-widget_type=\"text-editor.default\">\n\t\t\t\t<div class=\"elementor-widget-container\">\n\t\t\t\t\t\t\t<p>P\u00ebr t\u00eb rritur shanset e shtatz\u00ebnis\u00eb p\u00ebrdoren barna p\u00ebr stimulimin e vezoreve p\u00ebr t\u00eb marr\u00eb m\u00eb shum\u00eb folikula dhe prej andej m\u00eb shum\u00eb vez\u00eb, shum\u00eb m\u00eb tep\u00ebr se cikli normal. Efektet an\u00ebsore t\u00eb k\u00ebtyre barnave mund t\u00eb p\u00ebrfshijn\u00eb skuqjen, dhimbjen, lodhjen, ndjeshm\u00ebrin\u00eb e gjirit, sindrom\u00ebn e hiperstimulimit t\u00eb vezoreve, cistat ovariane dhe dhimbjen e legenit.<\/p><p>Injeksionet e stimulimit t\u00eb vezoreve jepen p\u00ebr 7 deri n\u00eb 10 dit\u00eb. Gjat\u00eb k\u00ebsaj periudhe duhet t\u00eb vizitoni m\u00eb shpesh qendr\u00ebn in vitro, p\u00ebr t\u00eb monitoruar rritjen e folikulave dhe hormonet riprodhuese n\u00eb gjak. Gjat\u00eb k\u00ebtyre ekzaminimeve, doza e barit mund t\u00eb ndryshohet sipas gjykimit ton\u00eb. Kur folikulat arrijn\u00eb madh\u00ebsin\u00eb e k\u00ebrkuar, b\u00ebhet nj\u00eb injeksion, i quajtur injeksion ndalues, i cili i jep vez\u00ebve zhvillimin e tyre p\u00ebrfundimtar. Kur vendoset injeksioni stop, ovulacioni do t\u00eb ndodh\u00eb p\u00ebr rreth 40 or\u00eb gjat\u00eb nj\u00eb cikli normal, por me aspirim in vitro, pra heqja e vez\u00ebve do ndodh\u00eb pak m\u00eb her\u00ebt p\u00ebrpara ovulimit.<\/p>\t\t\t\t\t\t<\/div>\n\t\t\t\t<\/div>\n\t\t\t\t<div class=\"elementor-element elementor-element-0586c83 elementor-widget elementor-widget-heading\" data-id=\"0586c83\" data-element_type=\"widget\" data-widget_type=\"heading.default\">\n\t\t\t\t<div class=\"elementor-widget-container\">\n\t\t\t<h2 class=\"elementor-heading-title elementor-size-default\">Aspirimi i vez\u00ebve<\/h2>\t\t<\/div>\n\t\t\t\t<\/div>\n\t\t\t\t<div class=\"elementor-element elementor-element-346e1c4 elementor-widget elementor-widget-text-editor\" data-id=\"346e1c4\" data-element_type=\"widget\" data-widget_type=\"text-editor.default\">\n\t\t\t\t<div class=\"elementor-widget-container\">\n\t\t\t\t\t\t\t<p>B\u00ebhet n\u00eb or\u00ebt e planifikuara sakt\u00ebsisht pas ndalimit t\u00eb injektimit, zakonisht pas 34-37 or\u00ebsh. Kjo faz\u00eb \u00ebsht\u00eb shum\u00eb e r\u00ebnd\u00ebsishme sepse duhet t\u00eb ndodh\u00eb p\u00ebrpara ovulacionit. Gjat\u00eb k\u00ebsaj procedure, do t&#8217;ju jepet premedikacion ose anestezi afatshkurt\u00ebr. Vez\u00ebt e pjekura mblidhen me nj\u00eb gjilp\u00ebr\u00eb t\u00eb posa\u00e7me p\u00ebr k\u00ebt\u00eb q\u00ebllim, t\u00eb udh\u00ebhequr nga nj\u00eb sond\u00eb ekografike me nj\u00eb udh\u00ebzues. Gjilp\u00ebra kalon n\u00ebp\u00ebr vagin\u00eb dhe arrin n\u00eb vezore dhe fillon aspirimi i vez\u00ebve. Pas punksionit, mund t\u00eb keni dhimbje t\u00eb lehta t\u00eb ngjashme me ato gjat\u00eb menstruacioneve. Do t\u00eb q\u00ebndroni p\u00ebr disa or\u00eb n\u00eb qendr\u00ebn in vitro n\u00eb nj\u00eb dhom\u00eb t\u00eb posa\u00e7me t\u00eb p\u00ebrgatitur vet\u00ebm p\u00ebr ju dhe do t\u00eb merrni udh\u00ebzime se si t\u00eb vazhdoni.<\/p>\t\t\t\t\t\t<\/div>\n\t\t\t\t<\/div>\n\t\t\t\t<div class=\"elementor-element elementor-element-55ec351 elementor-widget elementor-widget-heading\" data-id=\"55ec351\" data-element_type=\"widget\" data-widget_type=\"heading.default\">\n\t\t\t\t<div class=\"elementor-widget-container\">\n\t\t\t<h2 class=\"elementor-heading-title elementor-size-default\">Fekondimi i vez\u00ebve<\/h2>\t\t<\/div>\n\t\t\t\t<\/div>\n\t\t\t\t<div class=\"elementor-element elementor-element-08bf602 elementor-widget elementor-widget-text-editor\" data-id=\"08bf602\" data-element_type=\"widget\" data-widget_type=\"text-editor.default\">\n\t\t\t\t<div class=\"elementor-widget-container\">\n\t\t\t\t\t\t\t<p>N\u00eb laborator in vitro p\u00ebrzihen vez\u00ebt me spermatozoidet e bashk\u00ebshortit tuaj dhe t\u00eb nes\u00ebrmen shihet se sa prej tyre jan\u00eb fekonduar. Vez\u00ebt e fekonduara quhen para-embrione, t\u00eb cilat do t\u00eb v\u00ebzhgohen n\u00eb dit\u00ebt n\u00eb vijim p\u00ebr t\u00eb par\u00eb n\u00ebse ato ndahen sakt\u00eb. Kur embrionet arrijn\u00eb nj\u00eb faz\u00eb t\u00eb caktuar t\u00eb zhvillimit t\u00eb tyre, ato duhet t\u00eb transferohen n\u00eb mit\u00ebr.<\/p>\t\t\t\t\t\t<\/div>\n\t\t\t\t<\/div>\n\t\t\t\t<div class=\"elementor-element elementor-element-7a0c365 elementor-widget elementor-widget-heading\" data-id=\"7a0c365\" data-element_type=\"widget\" data-widget_type=\"heading.default\">\n\t\t\t\t<div class=\"elementor-widget-container\">\n\t\t\t<h2 class=\"elementor-heading-title elementor-size-default\">Transferimi i embrionit<\/h2>\t\t<\/div>\n\t\t\t\t<\/div>\n\t\t\t\t<div class=\"elementor-element elementor-element-4cf2bc9 elementor-widget elementor-widget-text-editor\" data-id=\"4cf2bc9\" data-element_type=\"widget\" data-widget_type=\"text-editor.default\">\n\t\t\t\t<div class=\"elementor-widget-container\">\n\t\t\t\t\t\t\t<p>Nj\u00eb procedur\u00eb e shkurt\u00ebr por shum\u00eb e r\u00ebnd\u00ebsishme. Para vet\u00eb transferimit t\u00eb embrionit, ne dakordohemi se sa embrione do t\u00eb transferohen n\u00eb mit\u00ebr. Gjat\u00eb transferimit vendoset nj\u00eb kateter i posa\u00e7\u00ebm q\u00eb kalon p\u00ebrmes vagin\u00ebs, qaf\u00ebs s\u00eb mitr\u00ebs dhe futet n\u00eb mit\u00ebr. N\u00ebp\u00ebrmjet atij kateteri, embrionet vendosen n\u00eb mit\u00ebr. Transferimi i embrionit \u00ebsht\u00eb absolutisht pa dhimbje. Pas k\u00ebsaj, ju do t\u00eb q\u00ebndroni me ne p\u00ebr nj\u00eb or\u00eb dhe do t\u00eb largoheni nga qendra in vitro. Ju k\u00ebshillojm\u00eb t\u00eb pushoni pjes\u00ebn tjet\u00ebr t\u00eb dit\u00ebs.<\/p>\t\t\t\t\t\t<\/div>\n\t\t\t\t<\/div>\n\t\t\t\t<div class=\"elementor-element elementor-element-de8b44e elementor-widget elementor-widget-heading\" data-id=\"de8b44e\" data-element_type=\"widget\" data-widget_type=\"heading.default\">\n\t\t\t\t<div class=\"elementor-widget-container\">\n\t\t\t<h2 class=\"elementor-heading-title elementor-size-default\">Test shtatzanie<\/h2>\t\t<\/div>\n\t\t\t\t<\/div>\n\t\t\t\t<div class=\"elementor-element elementor-element-a976c5c elementor-widget elementor-widget-text-editor\" data-id=\"a976c5c\" data-element_type=\"widget\" data-widget_type=\"text-editor.default\">\n\t\t\t\t<div class=\"elementor-widget-container\">\n\t\t\t\t\t\t\t<p>Dy jav\u00eb pas transferimit t\u00eb embrionit, duhet t\u00eb vini n\u00eb qendr\u00ebn in vitro dhe t\u00eb b\u00ebni nj\u00eb test shtatz\u00ebnie \u03b2-hCG n\u00eb gjak. Nese nuk mund te vini mund te beni nje test te thjeshte urinar shtatzanie por mos u nxitoni perpara dites se 15-te te transferimit te embrionit sepse jane me pak te ndjeshme.<\/p>\t\t\t\t\t\t<\/div>\n\t\t\t\t<\/div>\n\t\t\t\t<div class=\"elementor-element elementor-element-07fb4fd elementor-widget elementor-widget-heading\" data-id=\"07fb4fd\" data-element_type=\"widget\" data-widget_type=\"heading.default\">\n\t\t\t\t<div class=\"elementor-widget-container\">\n\t\t\t<h2 class=\"elementor-heading-title elementor-size-default\">SHUM\u00cb E R\u00cbND\u00cbSISHME!<\/h2>\t\t<\/div>\n\t\t\t\t<\/div>\n\t\t\t\t<div class=\"elementor-element elementor-element-1434ba5 elementor-widget elementor-widget-text-editor\" data-id=\"1434ba5\" data-element_type=\"widget\" data-widget_type=\"text-editor.default\">\n\t\t\t\t<div class=\"elementor-widget-container\">\n\t\t\t\t\t\t\t<p>Fatkeq\u00ebsisht, as ngjizja dhe as fundi i lumtur i shtatz\u00ebnis\u00eb nuk mund t\u00eb garantohen me procedur\u00ebn in vitro. Ka shum\u00eb arsye pse fekondimi in vitro mund t\u00eb jet\u00eb i pasuksessh\u00ebm. Arsyet e d\u00ebshtimit mund t\u00eb jen\u00eb:<\/p>\n<ul>\n<li>Pamund\u00ebsia p\u00ebr t\u00eb t\u00ebrhequr qeliz\u00ebn vez\u00eb, pasi folikulat q\u00eb p\u00ebrmbajn\u00eb vez\u00eb t\u00eb maturuar mund t\u00eb mos zhvillohen gjat\u00eb stimulimit, ovulimi ka ndodhur para koh\u00ebs s\u00eb punksionit, pamund\u00ebsia p\u00ebr t\u00eb aspiruar vez\u00ebt p\u00ebr arsye teknike si ngjitja e indeve p\u00ebr shkak t\u00eb operacioneve t\u00eb m\u00ebparshme ose proceseve inflamatore.<\/li>\n<li>Vez\u00ebt e aspiruara mund t\u00eb mos jen\u00eb normale.<\/li>\n<li>\u00cbsht\u00eb e mundur q\u00eb nuk ka mjaftuesh\u00ebm l\u00ebng fare p\u00ebr t\u00eb fekonduar vez\u00ebt.<\/li>\n<li>Embrionet mund t\u00eb mos zhvillohen si\u00e7 duhet ose dhe fare. Embrionet q\u00eb zhvillohen gabimisht nuk implantohen n\u00eb mit\u00ebr.<\/li>\n<li>Transferimi i embrionit mund t\u00eb jet\u00eb i v\u00ebshtir\u00eb ose i pamundur. \u00cbsht\u00eb e mundur q\u00eb embrionet mund t\u00eb mos implantohen ose n\u00ebse implantohen mund t\u00eb mos zhvillohen si\u00e7 duhet.<\/li>\n<li>\u00c7do faz\u00eb e procedur\u00ebs in vitro mund t\u00eb nd\u00ebrlikohet nga situata t\u00eb paparashikueshme si d\u00ebmtimi i pajisjeve, infeksioni dhe arsye t\u00eb tjera.<\/li>\n<\/ul>\t\t\t\t\t\t<\/div>\n\t\t\t\t<\/div>\n\t\t\t\t\t<\/div>\n\t\t\t\t<\/div>\n\t\t\t\t<\/div>\n\t\t","protected":false},"excerpt":{"rendered":"<p>N\u00eb spitalin ton\u00eb \u00ebsht\u00eb n\u00eb fuksion edhe reparti i fekondimit in vitro (fertilizimi i asistuar biomjek\u00ebsor \u2013 BPO), i cili synon t\u00eb ndihmoj\u00eb \u00e7iftet q\u00eb kan\u00eb probleme me realizimin e funksionit t\u00eb tyre riprodhues. Gjat\u00eb gjith\u00eb ekzistenc\u00ebs son\u00eb, ne i jemi p\u00ebrkushtuar plot\u00ebsisht problemeve t\u00eb ngjizjes, duke arritur kulmin n\u00eb fush\u00ebn e sterilitetit me hapjen&#8230;<\/p>\n","protected":false},"author":1,"featured_media":0,"parent":0,"menu_order":0,"comment_status":"closed","ping_status":"closed","template":"","meta":{"footnotes":""},"class_list":["post-15987","page","type-page","status-publish","hentry"],"yoast_head":"<!-- This site is optimized with the Yoast SEO Premium plugin v22.7 (Yoast SEO v27.4) - https:\/\/yoast.com\/product\/yoast-seo-premium-wordpress\/ -->\n<title>Fertilizimi in vitro - \u041f\u0417\u0423 \u0414-\u0440 \u041e\u0440\u0433\u0430\u043d\u045f\u0438\u0441\u043a\u0438<\/title>\n<meta name=\"robots\" content=\"index, follow, max-snippet:-1, max-image-preview:large, max-video-preview:-1\" \/>\n<link rel=\"canonical\" href=\"https:\/\/organdziski.com\/in-vitro-fertilizacija-p\/\" \/>\n<meta property=\"og:locale\" content=\"sq_AL\" \/>\n<meta property=\"og:type\" content=\"article\" \/>\n<meta property=\"og:title\" content=\"Fertilizimi in vitro\" \/>\n<meta property=\"og:description\" content=\"N\u00eb spitalin ton\u00eb \u00ebsht\u00eb n\u00eb fuksion edhe reparti i fekondimit in vitro (fertilizimi i asistuar biomjek\u00ebsor \u2013 BPO), i cili synon t\u00eb ndihmoj\u00eb \u00e7iftet q\u00eb kan\u00eb probleme me realizimin e funksionit t\u00eb tyre riprodhues. Gjat\u00eb gjith\u00eb ekzistenc\u00ebs son\u00eb, ne i jemi p\u00ebrkushtuar plot\u00ebsisht problemeve t\u00eb ngjizjes, duke arritur kulmin n\u00eb fush\u00ebn e sterilitetit me hapjen...\" \/>\n<meta property=\"og:url\" content=\"https:\/\/organdziski.com\/in-vitro-fertilizacija-p\/\" \/>\n<meta property=\"og:site_name\" content=\"\u041f\u0417\u0423 \u0414-\u0440 \u041e\u0440\u0433\u0430\u043d\u045f\u0438\u0441\u043a\u0438\" \/>\n<meta property=\"article:publisher\" content=\"https:\/\/www.facebook.com\/Dr.Organdziski\" \/>\n<meta property=\"article:modified_time\" content=\"2024-06-25T14:03:02+00:00\" \/>\n<meta name=\"twitter:card\" content=\"summary_large_image\" \/>\n<meta name=\"twitter:label1\" content=\"Est. reading time\" \/>\n\t<meta name=\"twitter:data1\" content=\"5 minutes\" \/>\n<script type=\"application\/ld+json\" class=\"yoast-schema-graph\">{\"@context\":\"https:\\\/\\\/schema.org\",\"@graph\":[{\"@type\":\"WebPage\",\"@id\":\"https:\\\/\\\/organdziski.com\\\/in-vitro-fertilizacija-p\\\/\",\"url\":\"https:\\\/\\\/organdziski.com\\\/in-vitro-fertilizacija-p\\\/\",\"name\":\"Fertilizimi in vitro - \u041f\u0417\u0423 \u0414-\u0440 \u041e\u0440\u0433\u0430\u043d\u045f\u0438\u0441\u043a\u0438\",\"isPartOf\":{\"@id\":\"https:\\\/\\\/organdziski.com\\\/#website\"},\"datePublished\":\"2024-05-14T16:04:43+00:00\",\"dateModified\":\"2024-06-25T14:03:02+00:00\",\"breadcrumb\":{\"@id\":\"https:\\\/\\\/organdziski.com\\\/in-vitro-fertilizacija-p\\\/#breadcrumb\"},\"inLanguage\":\"sq-AL\",\"potentialAction\":[{\"@type\":\"ReadAction\",\"target\":[\"https:\\\/\\\/organdziski.com\\\/in-vitro-fertilizacija-p\\\/\"]}]},{\"@type\":\"BreadcrumbList\",\"@id\":\"https:\\\/\\\/organdziski.com\\\/in-vitro-fertilizacija-p\\\/#breadcrumb\",\"itemListElement\":[{\"@type\":\"ListItem\",\"position\":1,\"name\":\"Home\",\"item\":\"https:\\\/\\\/organdziski.com\\\/sq\\\/\"},{\"@type\":\"ListItem\",\"position\":2,\"name\":\"Fertilizimi in vitro\"}]},{\"@type\":\"WebSite\",\"@id\":\"https:\\\/\\\/organdziski.com\\\/#website\",\"url\":\"https:\\\/\\\/organdziski.com\\\/\",\"name\":\"\u041f\u0417\u0423 \u0414-\u0440 \u041e\u0440\u0433\u0430\u043d\u045f\u0438\u0441\u043a\u0438\",\"description\":\"\u0421\u043f\u0435\u0446\u0438\u0458\u0430\u043b\u0438\u0437\u0438\u0440\u0430\u043d\u0430 \u0431\u043e\u043b\u043d\u0438\u0446\u0430 \u043f\u043e \u0433\u0438\u043d\u0435\u043a\u043e\u043b\u043e\u0433\u0438\u0458\u0430 \u0438 \u0430\u043a\u0443\u0448\u0435\u0440\u0441\u0442\u0432\u043e\",\"publisher\":{\"@id\":\"https:\\\/\\\/organdziski.com\\\/#organization\"},\"potentialAction\":[{\"@type\":\"SearchAction\",\"target\":{\"@type\":\"EntryPoint\",\"urlTemplate\":\"https:\\\/\\\/organdziski.com\\\/?s={search_term_string}\"},\"query-input\":{\"@type\":\"PropertyValueSpecification\",\"valueRequired\":true,\"valueName\":\"search_term_string\"}}],\"inLanguage\":\"sq-AL\"},{\"@type\":\"Organization\",\"@id\":\"https:\\\/\\\/organdziski.com\\\/#organization\",\"name\":\"\u041f\u0417\u0423 \u0414-\u0440 \u041e\u0440\u0433\u0430\u043d\u045f\u0438\u0441\u043a\u0438\",\"url\":\"https:\\\/\\\/organdziski.com\\\/\",\"logo\":{\"@type\":\"ImageObject\",\"inLanguage\":\"sq-AL\",\"@id\":\"https:\\\/\\\/organdziski.com\\\/#\\\/schema\\\/logo\\\/image\\\/\",\"url\":\"https:\\\/\\\/organdziski.com\\\/wp-content\\\/uploads\\\/2024\\\/04\\\/organdziski.svg\",\"contentUrl\":\"https:\\\/\\\/organdziski.com\\\/wp-content\\\/uploads\\\/2024\\\/04\\\/organdziski.svg\",\"width\":341,\"height\":63,\"caption\":\"\u041f\u0417\u0423 \u0414-\u0440 \u041e\u0440\u0433\u0430\u043d\u045f\u0438\u0441\u043a\u0438\"},\"image\":{\"@id\":\"https:\\\/\\\/organdziski.com\\\/#\\\/schema\\\/logo\\\/image\\\/\"},\"sameAs\":[\"https:\\\/\\\/www.facebook.com\\\/Dr.Organdziski\",\"https:\\\/\\\/www.instagram.com\\\/bolnicadrorgandziski\\\/\",\"https:\\\/\\\/www.youtube.com\\\/channel\\\/UCVzAHTjH-QvDcCGm19znLyA\"]}]}<\/script>\n<!-- \/ Yoast SEO Premium plugin. -->","yoast_head_json":{"title":"Fertilizimi in vitro - \u041f\u0417\u0423 \u0414-\u0440 \u041e\u0440\u0433\u0430\u043d\u045f\u0438\u0441\u043a\u0438","robots":{"index":"index","follow":"follow","max-snippet":"max-snippet:-1","max-image-preview":"max-image-preview:large","max-video-preview":"max-video-preview:-1"},"canonical":"https:\/\/organdziski.com\/in-vitro-fertilizacija-p\/","og_locale":"sq_AL","og_type":"article","og_title":"Fertilizimi in vitro","og_description":"N\u00eb spitalin ton\u00eb \u00ebsht\u00eb n\u00eb fuksion edhe reparti i fekondimit in vitro (fertilizimi i asistuar biomjek\u00ebsor \u2013 BPO), i cili synon t\u00eb ndihmoj\u00eb \u00e7iftet q\u00eb kan\u00eb probleme me realizimin e funksionit t\u00eb tyre riprodhues. Gjat\u00eb gjith\u00eb ekzistenc\u00ebs son\u00eb, ne i jemi p\u00ebrkushtuar plot\u00ebsisht problemeve t\u00eb ngjizjes, duke arritur kulmin n\u00eb fush\u00ebn e sterilitetit me hapjen...","og_url":"https:\/\/organdziski.com\/in-vitro-fertilizacija-p\/","og_site_name":"\u041f\u0417\u0423 \u0414-\u0440 \u041e\u0440\u0433\u0430\u043d\u045f\u0438\u0441\u043a\u0438","article_publisher":"https:\/\/www.facebook.com\/Dr.Organdziski","article_modified_time":"2024-06-25T14:03:02+00:00","twitter_card":"summary_large_image","twitter_misc":{"Est. reading time":"5 minutes"},"schema":{"@context":"https:\/\/schema.org","@graph":[{"@type":"WebPage","@id":"https:\/\/organdziski.com\/in-vitro-fertilizacija-p\/","url":"https:\/\/organdziski.com\/in-vitro-fertilizacija-p\/","name":"Fertilizimi in vitro - \u041f\u0417\u0423 \u0414-\u0440 \u041e\u0440\u0433\u0430\u043d\u045f\u0438\u0441\u043a\u0438","isPartOf":{"@id":"https:\/\/organdziski.com\/#website"},"datePublished":"2024-05-14T16:04:43+00:00","dateModified":"2024-06-25T14:03:02+00:00","breadcrumb":{"@id":"https:\/\/organdziski.com\/in-vitro-fertilizacija-p\/#breadcrumb"},"inLanguage":"sq-AL","potentialAction":[{"@type":"ReadAction","target":["https:\/\/organdziski.com\/in-vitro-fertilizacija-p\/"]}]},{"@type":"BreadcrumbList","@id":"https:\/\/organdziski.com\/in-vitro-fertilizacija-p\/#breadcrumb","itemListElement":[{"@type":"ListItem","position":1,"name":"Home","item":"https:\/\/organdziski.com\/sq\/"},{"@type":"ListItem","position":2,"name":"Fertilizimi in vitro"}]},{"@type":"WebSite","@id":"https:\/\/organdziski.com\/#website","url":"https:\/\/organdziski.com\/","name":"\u041f\u0417\u0423 \u0414-\u0440 \u041e\u0440\u0433\u0430\u043d\u045f\u0438\u0441\u043a\u0438","description":"\u0421\u043f\u0435\u0446\u0438\u0458\u0430\u043b\u0438\u0437\u0438\u0440\u0430\u043d\u0430 \u0431\u043e\u043b\u043d\u0438\u0446\u0430 \u043f\u043e \u0433\u0438\u043d\u0435\u043a\u043e\u043b\u043e\u0433\u0438\u0458\u0430 \u0438 \u0430\u043a\u0443\u0448\u0435\u0440\u0441\u0442\u0432\u043e","publisher":{"@id":"https:\/\/organdziski.com\/#organization"},"potentialAction":[{"@type":"SearchAction","target":{"@type":"EntryPoint","urlTemplate":"https:\/\/organdziski.com\/?s={search_term_string}"},"query-input":{"@type":"PropertyValueSpecification","valueRequired":true,"valueName":"search_term_string"}}],"inLanguage":"sq-AL"},{"@type":"Organization","@id":"https:\/\/organdziski.com\/#organization","name":"\u041f\u0417\u0423 \u0414-\u0440 \u041e\u0440\u0433\u0430\u043d\u045f\u0438\u0441\u043a\u0438","url":"https:\/\/organdziski.com\/","logo":{"@type":"ImageObject","inLanguage":"sq-AL","@id":"https:\/\/organdziski.com\/#\/schema\/logo\/image\/","url":"https:\/\/organdziski.com\/wp-content\/uploads\/2024\/04\/organdziski.svg","contentUrl":"https:\/\/organdziski.com\/wp-content\/uploads\/2024\/04\/organdziski.svg","width":341,"height":63,"caption":"\u041f\u0417\u0423 \u0414-\u0440 \u041e\u0440\u0433\u0430\u043d\u045f\u0438\u0441\u043a\u0438"},"image":{"@id":"https:\/\/organdziski.com\/#\/schema\/logo\/image\/"},"sameAs":["https:\/\/www.facebook.com\/Dr.Organdziski","https:\/\/www.instagram.com\/bolnicadrorgandziski\/","https:\/\/www.youtube.com\/channel\/UCVzAHTjH-QvDcCGm19znLyA"]}]}},"_links":{"self":[{"href":"https:\/\/organdziski.com\/sq\/wp-json\/wp\/v2\/pages\/15987","targetHints":{"allow":["GET"]}}],"collection":[{"href":"https:\/\/organdziski.com\/sq\/wp-json\/wp\/v2\/pages"}],"about":[{"href":"https:\/\/organdziski.com\/sq\/wp-json\/wp\/v2\/types\/page"}],"author":[{"embeddable":true,"href":"https:\/\/organdziski.com\/sq\/wp-json\/wp\/v2\/users\/1"}],"replies":[{"embeddable":true,"href":"https:\/\/organdziski.com\/sq\/wp-json\/wp\/v2\/comments?post=15987"}],"version-history":[{"count":7,"href":"https:\/\/organdziski.com\/sq\/wp-json\/wp\/v2\/pages\/15987\/revisions"}],"predecessor-version":[{"id":16602,"href":"https:\/\/organdziski.com\/sq\/wp-json\/wp\/v2\/pages\/15987\/revisions\/16602"}],"wp:attachment":[{"href":"https:\/\/organdziski.com\/sq\/wp-json\/wp\/v2\/media?parent=15987"}],"curies":[{"name":"wp","href":"https:\/\/api.w.org\/{rel}","templated":true}]}}