{"id":16003,"date":"2024-05-14T19:02:56","date_gmt":"2024-05-14T19:02:56","guid":{"rendered":"https:\/\/organdziski.com\/?page_id=16003"},"modified":"2024-06-20T11:10:41","modified_gmt":"2024-06-20T11:10:41","slug":"anestezia-epidurale","status":"publish","type":"page","link":"https:\/\/organdziski.com\/sq\/anestezia-epidurale\/","title":{"rendered":"Anestezia epidurale"},"content":{"rendered":"\t\t<div data-elementor-type=\"wp-page\" data-elementor-id=\"16003\" class=\"elementor elementor-16003 elementor-10915\" data-elementor-post-type=\"page\">\n\t\t\t\t<div class=\"elementor-element elementor-element-e43ae21 e-flex e-con-boxed e-con e-parent\" data-id=\"e43ae21\" data-element_type=\"container\">\n\t\t\t\t\t<div class=\"e-con-inner\">\n\t\t\t\t<div class=\"elementor-element elementor-element-006a830 elementor-widget elementor-widget-text-editor\" data-id=\"006a830\" data-element_type=\"widget\" data-widget_type=\"text-editor.default\">\n\t\t\t\t<div class=\"elementor-widget-container\">\n\t\t\t\t\t\t\t<p>Anesteziolog\u00ebt dhe stafi yn\u00eb mjek\u00ebsor shum\u00eb cil\u00ebsor kan\u00eb p\u00ebrvoj\u00eb n\u00eb administrimin e anestezis\u00eb epidurale me sakt\u00ebsin\u00eb dhe kujdesin maksimal. Mund t\u00eb jeni t\u00eb sigurt se ju dhe f\u00ebmija juaj jeni n\u00eb duart e profesionist\u00ebve t\u00eb p\u00ebrkushtuar q\u00eb kuptojn\u00eb nevojat unike t\u00eb n\u00ebnave n\u00eb pritje.<\/p><p>&#8220;Epidural&#8221; dhe &#8220;Light Spinal&#8221; \u00ebsht\u00eb nj\u00eb lloj analgjezie q\u00eb lejon nj\u00eb lindje pa dhimbje. Nj\u00eb num\u00ebr i madh grash\u00eb e preferojn\u00eb k\u00ebt\u00eb procedur\u00eb pasi m\u00ebsojn\u00eb p\u00ebr p\u00ebrfitimet q\u00eb ofron. Kjo procedur\u00eb kryhet duke injektuar nj\u00eb anestetik n\u00eb kombinim me nj\u00eb analgjezik n\u00eb hap\u00ebsir\u00ebn epidurale, nd\u00ebrmjet vertebr\u00ebs 4 dhe 5 lumbare, me ndihm\u00ebn e nj\u00eb gjilp\u00ebre shum\u00eb t\u00eb holl\u00eb. Gjithashtu, procedura mund t\u00eb kryhet me nj\u00eb kateter t\u00eb holl\u00eb, i cili vendoset n\u00eb hap\u00ebsir\u00ebn epidurale, gjat\u00eb s\u00eb cil\u00ebs ila\u00e7i jepet n\u00eb disa doza ose n\u00eb m\u00ebnyr\u00eb t\u00eb vazhdueshme.<\/p><p>Anestezioni epidural mund t\u00eb p\u00ebrdoret p\u00ebr t\u00eb leht\u00ebsuar dhimbjen n\u00eb faz\u00ebn e par\u00eb dhe t\u00eb dyt\u00eb t\u00eb lindjes. Anestezioni pas injektimit t\u00eb ila\u00e7it, dhe pacientja ndjen se kontraktimet po b\u00ebhen m\u00eb pak t\u00eb dhimbshme. Ila\u00e7i bllokon rr\u00ebnj\u00ebt nervore dhe bllokon plot\u00ebsisht dhimbjen. Anestezia kalon pas disa or\u00ebsh. Shum\u00eb n\u00ebna shtatz\u00ebna po mendojn\u00eb p\u00ebr k\u00ebt\u00eb m\u00ebnyr\u00eb p\u00ebr t\u00eb leht\u00ebsuar dhimbjet gjat\u00eb lindjes, por hezitojn\u00eb p\u00ebr shkak t\u00eb pasojave t\u00eb ndryshme p\u00ebr t\u00eb cilat kan\u00eb d\u00ebgjuar ose p\u00ebr shkak t\u00eb frik\u00ebs nga vet\u00eb procedura.<\/p>\t\t\t\t\t\t<\/div>\n\t\t\t\t<\/div>\n\t\t\t\t<div class=\"elementor-element elementor-element-5cb2f77 elementor-widget elementor-widget-heading\" data-id=\"5cb2f77\" data-element_type=\"widget\" data-widget_type=\"heading.default\">\n\t\t\t\t<div class=\"elementor-widget-container\">\n\t\t\t<h2 class=\"elementor-heading-title elementor-size-default\">Pro apo kund\u00ebr anestezis\u00eb epidurale<\/h2>\t\t<\/div>\n\t\t\t\t<\/div>\n\t\t\t\t<div class=\"elementor-element elementor-element-03830c6 elementor-widget elementor-widget-text-editor\" data-id=\"03830c6\" data-element_type=\"widget\" data-widget_type=\"text-editor.default\">\n\t\t\t\t<div class=\"elementor-widget-container\">\n\t\t\t\t\t\t\t<p><strong>P\u00cbR:<\/strong><\/p><ul><li>shum\u00eb efektive kund\u00ebr dhimbjeve gjat\u00eb lindjes, seksionit cezarian dhe operacioneve t\u00eb tjera;<\/li><li>efektive kund\u00ebr dhimbjes gjat\u00eb lindjes s\u00eb f\u00ebmij\u00ebs n\u00eb t\u00eb cil\u00ebn p\u00ebrdoren pinc\u00eb;<\/li><li>gjat\u00eb lindjes cezariane, e cila lejon n\u00ebn\u00ebn t\u00eb jet\u00eb zgjuar gjat\u00eb gjith\u00eb nd\u00ebrhyrjes;<\/li><li>leht\u00ebson lindjet e gjata dhe t\u00eb v\u00ebshtira;<\/li><li>ul shtypjen e gjakut, k\u00ebshtu q\u00eb \u00ebsht\u00eb efektiv p\u00ebr pacient\u00ebt q\u00eb kan\u00eb shtypje t\u00eb lart\u00eb t\u00eb gjakut gjat\u00eb shtatz\u00ebnis\u00eb;<\/li><li>ofron mund\u00ebsin\u00eb p\u00ebr nj\u00eb p\u00ebrvoj\u00eb t\u00eb plot\u00eb emocionale t\u00eb aktit solemn t\u00eb lindjes, pasi p\u00ebrjashton dhimbjen;<\/li><li>\u00ebsht\u00eb p\u00ebrdorur si nj\u00eb metod\u00eb p\u00ebr reduktimin e dhimbjes p\u00ebr shum\u00eb vite;<\/li><li>p\u00ebrdoret edhe p\u00ebr nd\u00ebrhyrje dhe operacione t\u00eb tjera gjinekologjike.<\/li><\/ul><p><strong>KUND\u00cbR:<\/strong><\/p><ul><li>mund t\u00eb shfaqen dhimbje koke t\u00eb lehta, t\u00eb cilat kalojn\u00eb brenda disa or\u00ebsh;<\/li><li>mund t\u00eb ndodh\u00eb nj\u00eb r\u00ebnie e presionit t\u00eb gjakut (\u00ebsht\u00eb gjithmon\u00eb n\u00ebn kontrollin e mjekut);<\/li><li>mund t\u00eb shkaktoj\u00eb nauze dhe t\u00eb vjella n\u00eb raste t\u00eb rralla (GJITH\u00cb KOH\u00cbN N\u00cb KONTROLLIN E MJEKUT);<\/li><li>l\u00ebvizje e kufizuar n\u00eb pjes\u00ebn e poshtme t\u00eb trupit n\u00eb ato pak or\u00eb pas lindjes.<\/li><\/ul>\t\t\t\t\t\t<\/div>\n\t\t\t\t<\/div>\n\t\t\t\t\t<\/div>\n\t\t\t\t<\/div>\n\t\t\t\t<\/div>\n\t\t","protected":false},"excerpt":{"rendered":"<p>Anesteziolog\u00ebt dhe stafi yn\u00eb mjek\u00ebsor shum\u00eb cil\u00ebsor kan\u00eb p\u00ebrvoj\u00eb n\u00eb administrimin e anestezis\u00eb epidurale me sakt\u00ebsin\u00eb dhe kujdesin maksimal. Mund t\u00eb jeni t\u00eb sigurt se ju dhe f\u00ebmija juaj jeni n\u00eb duart e profesionist\u00ebve t\u00eb p\u00ebrkushtuar q\u00eb kuptojn\u00eb nevojat unike t\u00eb n\u00ebnave n\u00eb pritje. &#8220;Epidural&#8221; dhe &#8220;Light Spinal&#8221; \u00ebsht\u00eb nj\u00eb lloj analgjezie q\u00eb lejon nj\u00eb&#8230;<\/p>\n","protected":false},"author":1,"featured_media":0,"parent":0,"menu_order":0,"comment_status":"closed","ping_status":"closed","template":"","meta":{"footnotes":""},"class_list":["post-16003","page","type-page","status-publish","hentry"],"yoast_head":"<!-- This site is optimized with the Yoast SEO Premium plugin v22.7 (Yoast SEO v27.4) - https:\/\/yoast.com\/product\/yoast-seo-premium-wordpress\/ -->\n<title>Anestezia epidurale - \u041f\u0417\u0423 \u0414-\u0440 \u041e\u0440\u0433\u0430\u043d\u045f\u0438\u0441\u043a\u0438<\/title>\n<meta name=\"robots\" content=\"index, follow, max-snippet:-1, max-image-preview:large, max-video-preview:-1\" \/>\n<link rel=\"canonical\" href=\"https:\/\/organdziski.com\/epiduralna-anestezija\/\" \/>\n<meta property=\"og:locale\" content=\"sq_AL\" \/>\n<meta property=\"og:type\" content=\"article\" \/>\n<meta property=\"og:title\" content=\"Anestezia epidurale\" \/>\n<meta property=\"og:description\" content=\"Anesteziolog\u00ebt dhe stafi yn\u00eb mjek\u00ebsor shum\u00eb cil\u00ebsor kan\u00eb p\u00ebrvoj\u00eb n\u00eb administrimin e anestezis\u00eb epidurale me sakt\u00ebsin\u00eb dhe kujdesin maksimal. Mund t\u00eb jeni t\u00eb sigurt se ju dhe f\u00ebmija juaj jeni n\u00eb duart e profesionist\u00ebve t\u00eb p\u00ebrkushtuar q\u00eb kuptojn\u00eb nevojat unike t\u00eb n\u00ebnave n\u00eb pritje. &#8220;Epidural&#8221; dhe &#8220;Light Spinal&#8221; \u00ebsht\u00eb nj\u00eb lloj analgjezie q\u00eb lejon nj\u00eb...\" \/>\n<meta property=\"og:url\" content=\"https:\/\/organdziski.com\/epiduralna-anestezija\/\" \/>\n<meta property=\"og:site_name\" content=\"\u041f\u0417\u0423 \u0414-\u0440 \u041e\u0440\u0433\u0430\u043d\u045f\u0438\u0441\u043a\u0438\" \/>\n<meta property=\"article:publisher\" content=\"https:\/\/www.facebook.com\/Dr.Organdziski\" \/>\n<meta property=\"article:modified_time\" content=\"2024-06-20T11:10:41+00:00\" \/>\n<meta name=\"twitter:card\" content=\"summary_large_image\" \/>\n<meta name=\"twitter:label1\" content=\"Est. reading time\" \/>\n\t<meta name=\"twitter:data1\" content=\"3 minutes\" \/>\n<script type=\"application\/ld+json\" class=\"yoast-schema-graph\">{\"@context\":\"https:\\\/\\\/schema.org\",\"@graph\":[{\"@type\":\"WebPage\",\"@id\":\"https:\\\/\\\/organdziski.com\\\/epiduralna-anestezija\\\/\",\"url\":\"https:\\\/\\\/organdziski.com\\\/epiduralna-anestezija\\\/\",\"name\":\"Anestezia epidurale - \u041f\u0417\u0423 \u0414-\u0440 \u041e\u0440\u0433\u0430\u043d\u045f\u0438\u0441\u043a\u0438\",\"isPartOf\":{\"@id\":\"https:\\\/\\\/organdziski.com\\\/#website\"},\"datePublished\":\"2024-05-14T19:02:56+00:00\",\"dateModified\":\"2024-06-20T11:10:41+00:00\",\"breadcrumb\":{\"@id\":\"https:\\\/\\\/organdziski.com\\\/epiduralna-anestezija\\\/#breadcrumb\"},\"inLanguage\":\"sq-AL\",\"potentialAction\":[{\"@type\":\"ReadAction\",\"target\":[\"https:\\\/\\\/organdziski.com\\\/epiduralna-anestezija\\\/\"]}]},{\"@type\":\"BreadcrumbList\",\"@id\":\"https:\\\/\\\/organdziski.com\\\/epiduralna-anestezija\\\/#breadcrumb\",\"itemListElement\":[{\"@type\":\"ListItem\",\"position\":1,\"name\":\"Home\",\"item\":\"https:\\\/\\\/organdziski.com\\\/\"},{\"@type\":\"ListItem\",\"position\":2,\"name\":\"Anestezia epidurale\"}]},{\"@type\":\"WebSite\",\"@id\":\"https:\\\/\\\/organdziski.com\\\/#website\",\"url\":\"https:\\\/\\\/organdziski.com\\\/\",\"name\":\"\u041f\u0417\u0423 \u0414-\u0440 \u041e\u0440\u0433\u0430\u043d\u045f\u0438\u0441\u043a\u0438\",\"description\":\"\u0421\u043f\u0435\u0446\u0438\u0458\u0430\u043b\u0438\u0437\u0438\u0440\u0430\u043d\u0430 \u0431\u043e\u043b\u043d\u0438\u0446\u0430 \u043f\u043e \u0433\u0438\u043d\u0435\u043a\u043e\u043b\u043e\u0433\u0438\u0458\u0430 \u0438 \u0430\u043a\u0443\u0448\u0435\u0440\u0441\u0442\u0432\u043e\",\"publisher\":{\"@id\":\"https:\\\/\\\/organdziski.com\\\/#organization\"},\"potentialAction\":[{\"@type\":\"SearchAction\",\"target\":{\"@type\":\"EntryPoint\",\"urlTemplate\":\"https:\\\/\\\/organdziski.com\\\/?s={search_term_string}\"},\"query-input\":{\"@type\":\"PropertyValueSpecification\",\"valueRequired\":true,\"valueName\":\"search_term_string\"}}],\"inLanguage\":\"sq-AL\"},{\"@type\":\"Organization\",\"@id\":\"https:\\\/\\\/organdziski.com\\\/#organization\",\"name\":\"\u041f\u0417\u0423 \u0414-\u0440 \u041e\u0440\u0433\u0430\u043d\u045f\u0438\u0441\u043a\u0438\",\"url\":\"https:\\\/\\\/organdziski.com\\\/\",\"logo\":{\"@type\":\"ImageObject\",\"inLanguage\":\"sq-AL\",\"@id\":\"https:\\\/\\\/organdziski.com\\\/#\\\/schema\\\/logo\\\/image\\\/\",\"url\":\"https:\\\/\\\/organdziski.com\\\/wp-content\\\/uploads\\\/2024\\\/04\\\/organdziski.svg\",\"contentUrl\":\"https:\\\/\\\/organdziski.com\\\/wp-content\\\/uploads\\\/2024\\\/04\\\/organdziski.svg\",\"width\":341,\"height\":63,\"caption\":\"\u041f\u0417\u0423 \u0414-\u0440 \u041e\u0440\u0433\u0430\u043d\u045f\u0438\u0441\u043a\u0438\"},\"image\":{\"@id\":\"https:\\\/\\\/organdziski.com\\\/#\\\/schema\\\/logo\\\/image\\\/\"},\"sameAs\":[\"https:\\\/\\\/www.facebook.com\\\/Dr.Organdziski\",\"https:\\\/\\\/www.instagram.com\\\/bolnicadrorgandziski\\\/\",\"https:\\\/\\\/www.youtube.com\\\/channel\\\/UCVzAHTjH-QvDcCGm19znLyA\"]}]}<\/script>\n<!-- \/ Yoast SEO Premium plugin. -->","yoast_head_json":{"title":"Anestezia epidurale - \u041f\u0417\u0423 \u0414-\u0440 \u041e\u0440\u0433\u0430\u043d\u045f\u0438\u0441\u043a\u0438","robots":{"index":"index","follow":"follow","max-snippet":"max-snippet:-1","max-image-preview":"max-image-preview:large","max-video-preview":"max-video-preview:-1"},"canonical":"https:\/\/organdziski.com\/epiduralna-anestezija\/","og_locale":"sq_AL","og_type":"article","og_title":"Anestezia epidurale","og_description":"Anesteziolog\u00ebt dhe stafi yn\u00eb mjek\u00ebsor shum\u00eb cil\u00ebsor kan\u00eb p\u00ebrvoj\u00eb n\u00eb administrimin e anestezis\u00eb epidurale me sakt\u00ebsin\u00eb dhe kujdesin maksimal. Mund t\u00eb jeni t\u00eb sigurt se ju dhe f\u00ebmija juaj jeni n\u00eb duart e profesionist\u00ebve t\u00eb p\u00ebrkushtuar q\u00eb kuptojn\u00eb nevojat unike t\u00eb n\u00ebnave n\u00eb pritje. &#8220;Epidural&#8221; dhe &#8220;Light Spinal&#8221; \u00ebsht\u00eb nj\u00eb lloj analgjezie q\u00eb lejon nj\u00eb...","og_url":"https:\/\/organdziski.com\/epiduralna-anestezija\/","og_site_name":"\u041f\u0417\u0423 \u0414-\u0440 \u041e\u0440\u0433\u0430\u043d\u045f\u0438\u0441\u043a\u0438","article_publisher":"https:\/\/www.facebook.com\/Dr.Organdziski","article_modified_time":"2024-06-20T11:10:41+00:00","twitter_card":"summary_large_image","twitter_misc":{"Est. reading time":"3 minutes"},"schema":{"@context":"https:\/\/schema.org","@graph":[{"@type":"WebPage","@id":"https:\/\/organdziski.com\/epiduralna-anestezija\/","url":"https:\/\/organdziski.com\/epiduralna-anestezija\/","name":"Anestezia epidurale - \u041f\u0417\u0423 \u0414-\u0440 \u041e\u0440\u0433\u0430\u043d\u045f\u0438\u0441\u043a\u0438","isPartOf":{"@id":"https:\/\/organdziski.com\/#website"},"datePublished":"2024-05-14T19:02:56+00:00","dateModified":"2024-06-20T11:10:41+00:00","breadcrumb":{"@id":"https:\/\/organdziski.com\/epiduralna-anestezija\/#breadcrumb"},"inLanguage":"sq-AL","potentialAction":[{"@type":"ReadAction","target":["https:\/\/organdziski.com\/epiduralna-anestezija\/"]}]},{"@type":"BreadcrumbList","@id":"https:\/\/organdziski.com\/epiduralna-anestezija\/#breadcrumb","itemListElement":[{"@type":"ListItem","position":1,"name":"Home","item":"https:\/\/organdziski.com\/"},{"@type":"ListItem","position":2,"name":"Anestezia epidurale"}]},{"@type":"WebSite","@id":"https:\/\/organdziski.com\/#website","url":"https:\/\/organdziski.com\/","name":"\u041f\u0417\u0423 \u0414-\u0440 \u041e\u0440\u0433\u0430\u043d\u045f\u0438\u0441\u043a\u0438","description":"\u0421\u043f\u0435\u0446\u0438\u0458\u0430\u043b\u0438\u0437\u0438\u0440\u0430\u043d\u0430 \u0431\u043e\u043b\u043d\u0438\u0446\u0430 \u043f\u043e \u0433\u0438\u043d\u0435\u043a\u043e\u043b\u043e\u0433\u0438\u0458\u0430 \u0438 \u0430\u043a\u0443\u0448\u0435\u0440\u0441\u0442\u0432\u043e","publisher":{"@id":"https:\/\/organdziski.com\/#organization"},"potentialAction":[{"@type":"SearchAction","target":{"@type":"EntryPoint","urlTemplate":"https:\/\/organdziski.com\/?s={search_term_string}"},"query-input":{"@type":"PropertyValueSpecification","valueRequired":true,"valueName":"search_term_string"}}],"inLanguage":"sq-AL"},{"@type":"Organization","@id":"https:\/\/organdziski.com\/#organization","name":"\u041f\u0417\u0423 \u0414-\u0440 \u041e\u0440\u0433\u0430\u043d\u045f\u0438\u0441\u043a\u0438","url":"https:\/\/organdziski.com\/","logo":{"@type":"ImageObject","inLanguage":"sq-AL","@id":"https:\/\/organdziski.com\/#\/schema\/logo\/image\/","url":"https:\/\/organdziski.com\/wp-content\/uploads\/2024\/04\/organdziski.svg","contentUrl":"https:\/\/organdziski.com\/wp-content\/uploads\/2024\/04\/organdziski.svg","width":341,"height":63,"caption":"\u041f\u0417\u0423 \u0414-\u0440 \u041e\u0440\u0433\u0430\u043d\u045f\u0438\u0441\u043a\u0438"},"image":{"@id":"https:\/\/organdziski.com\/#\/schema\/logo\/image\/"},"sameAs":["https:\/\/www.facebook.com\/Dr.Organdziski","https:\/\/www.instagram.com\/bolnicadrorgandziski\/","https:\/\/www.youtube.com\/channel\/UCVzAHTjH-QvDcCGm19znLyA"]}]}},"_links":{"self":[{"href":"https:\/\/organdziski.com\/sq\/wp-json\/wp\/v2\/pages\/16003","targetHints":{"allow":["GET"]}}],"collection":[{"href":"https:\/\/organdziski.com\/sq\/wp-json\/wp\/v2\/pages"}],"about":[{"href":"https:\/\/organdziski.com\/sq\/wp-json\/wp\/v2\/types\/page"}],"author":[{"embeddable":true,"href":"https:\/\/organdziski.com\/sq\/wp-json\/wp\/v2\/users\/1"}],"replies":[{"embeddable":true,"href":"https:\/\/organdziski.com\/sq\/wp-json\/wp\/v2\/comments?post=16003"}],"version-history":[{"count":9,"href":"https:\/\/organdziski.com\/sq\/wp-json\/wp\/v2\/pages\/16003\/revisions"}],"predecessor-version":[{"id":16012,"href":"https:\/\/organdziski.com\/sq\/wp-json\/wp\/v2\/pages\/16003\/revisions\/16012"}],"wp:attachment":[{"href":"https:\/\/organdziski.com\/sq\/wp-json\/wp\/v2\/media?parent=16003"}],"curies":[{"name":"wp","href":"https:\/\/api.w.org\/{rel}","templated":true}]}}