{"id":16013,"date":"2024-05-14T19:06:20","date_gmt":"2024-05-14T19:06:20","guid":{"rendered":"https:\/\/organdziski.com\/?page_id=16013"},"modified":"2024-06-20T11:11:25","modified_gmt":"2024-06-20T11:11:25","slug":"anestezia-spinale","status":"publish","type":"page","link":"https:\/\/organdziski.com\/sq\/anestezia-spinale\/","title":{"rendered":"Anestezia spinale"},"content":{"rendered":"\t\t<div data-elementor-type=\"wp-page\" data-elementor-id=\"16013\" class=\"elementor elementor-16013 elementor-10926\" data-elementor-post-type=\"page\">\n\t\t\t\t<div class=\"elementor-element elementor-element-54e1b1f e-flex e-con-boxed e-con e-parent\" data-id=\"54e1b1f\" data-element_type=\"container\">\n\t\t\t\t\t<div class=\"e-con-inner\">\n\t\t\t\t<div class=\"elementor-element elementor-element-c1f388b elementor-widget elementor-widget-text-editor\" data-id=\"c1f388b\" data-element_type=\"widget\" data-widget_type=\"text-editor.default\">\n\t\t\t\t<div class=\"elementor-widget-container\">\n\t\t\t\t\t\t\t<p>Kjo anestezi p\u00ebrdoret m\u00eb shpesh p\u00ebr prerje cezariane ose kur lindja p\u00ebrparon me shpejt\u00ebsi dhe ka dyshime t\u00eb arsyeshme se epidurali nuk do t\u00eb funksionoj\u00eb n\u00eb koh\u00eb. Gjilp\u00ebrat kurrizore jan\u00eb shum\u00eb m\u00eb t\u00eb holla se gjilp\u00ebrat epidurale dhe dozat e p\u00ebrdorura jan\u00eb m\u00eb t\u00eb ul\u00ebta se ato q\u00eb p\u00ebrdoren p\u00ebr epidurale. Ndryshe nga epidurali, anestezia spinale jepet nj\u00eb her\u00eb, dhe efekti i saj \u00ebsht\u00eb i kufizuar (deri n\u00eb 2 or\u00eb), prandaj n\u00eb disa raste jepet n\u00eb kombinim me epidural. Lindja me prerje cezariane mund t\u00eb jet\u00eb nj\u00eb p\u00ebrzierje eksitimi dhe pasigurie. Ne jemi t\u00eb p\u00ebrkushtuar t\u00eb sigurojm\u00eb komoditetin dhe sigurin\u00eb tuaj gjat\u00eb k\u00ebsaj kohe t\u00eb ve\u00e7ant\u00eb.<\/p><ul><li>Ne ofrojm\u00eb anestezi spinale p\u00ebr prerje cezariane, nj\u00eb opsion i sigurt dhe efektiv q\u00eb ju garanton nj\u00eb lindje pa dhimbje dhe t\u00eb k\u00ebndshme<\/li><li>Dh\u00ebnia e anestezis\u00eb spinale \u00ebsht\u00eb nj\u00eb proces i shpejt\u00eb, i cili siguron q\u00eb ju t\u00eb jeni gati p\u00ebr nj\u00eb seksion cezarian n\u00eb nj\u00eb koh\u00eb t\u00eb shkurt\u00ebr.<\/li><li>Anesteziolog\u00ebt tan\u00eb t\u00eb aft\u00eb do t&#8217;ju udh\u00ebheqin gjat\u00eb procesit, duke i dh\u00ebn\u00eb p\u00ebrpar\u00ebsi komoditetit dhe mir\u00ebqenies suaj.<\/li><\/ul><p>Anestezia spinale ju lejon t\u00eb q\u00ebndroni zgjuar gjat\u00eb lindjes s\u00eb foshnj\u00ebs tuaj. Kjo do t\u00eb thot\u00eb q\u00eb ju mund t\u00eb jeni d\u00ebshmitare e momenteve t\u00eb para t\u00eb \u00e7muara dhe t\u00eb krijoni nj\u00eb lidhje t\u00eb menj\u00ebhershme me f\u00ebmij\u00ebn tuaj. Na besoni, ne do t&#8217;ju ofrojm\u00eb standardin m\u00eb t\u00eb lart\u00eb t\u00eb kujdesit dhe mb\u00ebshtetjes p\u00ebr lindjen tuaj me operacion.<\/p>\t\t\t\t\t\t<\/div>\n\t\t\t\t<\/div>\n\t\t\t\t<div class=\"elementor-element elementor-element-2d47d17 elementor-widget elementor-widget-heading\" data-id=\"2d47d17\" data-element_type=\"widget\" data-widget_type=\"heading.default\">\n\t\t\t\t<div class=\"elementor-widget-container\">\n\t\t\t<h2 class=\"elementor-heading-title elementor-size-default\">Dallimet themelore midis anestezis\u00eb epidurale dhe spinale<\/h2>\t\t<\/div>\n\t\t\t\t<\/div>\n\t\t\t\t<div class=\"elementor-element elementor-element-6c117a6 elementor-widget elementor-widget-text-editor\" data-id=\"6c117a6\" data-element_type=\"widget\" data-widget_type=\"text-editor.default\">\n\t\t\t\t<div class=\"elementor-widget-container\">\n\t\t\t\t\t\t\t<p>Dallimi kryesor n\u00eb krahasim me anestezin\u00eb epidurale \u00ebsht\u00eb se anestezia spinale aplikohet vet\u00ebm nj\u00eb her\u00eb dhe injektohet direkt n\u00eb l\u00ebngun e palc\u00ebs kurrizore, nd\u00ebrsa epidurali aplikohet jasht\u00eb k\u00ebll\u00ebfit dhe mund t\u00eb jepet dhe dozohet vazhdimisht. Gjithashtu, anestezia spinale funksionon shpejt, prandaj \u00ebsht\u00eb zgjedhja m\u00eb e zakonshme n\u00eb rast t\u00eb nj\u00eb operacioni cezarian urgjent, nd\u00ebrsa anestezia epidurale zgjat rreth 20 minuta. Kur b\u00ebhet fjal\u00eb p\u00ebr doz\u00ebn, kurrizore n\u00ebnkupton nj\u00eb efekt m\u00eb t\u00eb fort\u00eb me doza m\u00eb t\u00eb ul\u00ebta, nd\u00ebrsa epidural k\u00ebrkon p\u00ebrqendrime m\u00eb t\u00eb larta t\u00eb anestezis\u00eb.<\/p>\t\t\t\t\t\t<\/div>\n\t\t\t\t<\/div>\n\t\t\t\t\t<\/div>\n\t\t\t\t<\/div>\n\t\t\t\t<\/div>\n\t\t","protected":false},"excerpt":{"rendered":"<p>Kjo anestezi p\u00ebrdoret m\u00eb shpesh p\u00ebr prerje cezariane ose kur lindja p\u00ebrparon me shpejt\u00ebsi dhe ka dyshime t\u00eb arsyeshme se epidurali nuk do t\u00eb funksionoj\u00eb n\u00eb koh\u00eb. Gjilp\u00ebrat kurrizore jan\u00eb shum\u00eb m\u00eb t\u00eb holla se gjilp\u00ebrat epidurale dhe dozat e p\u00ebrdorura jan\u00eb m\u00eb t\u00eb ul\u00ebta se ato q\u00eb p\u00ebrdoren p\u00ebr epidurale. Ndryshe nga epidurali, anestezia&#8230;<\/p>\n","protected":false},"author":1,"featured_media":0,"parent":0,"menu_order":0,"comment_status":"closed","ping_status":"closed","template":"","meta":{"footnotes":""},"class_list":["post-16013","page","type-page","status-publish","hentry"],"yoast_head":"<!-- This site is optimized with the Yoast SEO Premium plugin v22.7 (Yoast SEO v27.4) - https:\/\/yoast.com\/product\/yoast-seo-premium-wordpress\/ -->\n<title>Anestezia spinale - \u041f\u0417\u0423 \u0414-\u0440 \u041e\u0440\u0433\u0430\u043d\u045f\u0438\u0441\u043a\u0438<\/title>\n<meta name=\"robots\" content=\"index, follow, max-snippet:-1, max-image-preview:large, max-video-preview:-1\" \/>\n<link rel=\"canonical\" href=\"https:\/\/organdziski.com\/spinalna-anestezija\/\" \/>\n<meta property=\"og:locale\" content=\"sq_AL\" \/>\n<meta property=\"og:type\" content=\"article\" \/>\n<meta property=\"og:title\" content=\"Anestezia spinale\" \/>\n<meta property=\"og:description\" content=\"Kjo anestezi p\u00ebrdoret m\u00eb shpesh p\u00ebr prerje cezariane ose kur lindja p\u00ebrparon me shpejt\u00ebsi dhe ka dyshime t\u00eb arsyeshme se epidurali nuk do t\u00eb funksionoj\u00eb n\u00eb koh\u00eb. Gjilp\u00ebrat kurrizore jan\u00eb shum\u00eb m\u00eb t\u00eb holla se gjilp\u00ebrat epidurale dhe dozat e p\u00ebrdorura jan\u00eb m\u00eb t\u00eb ul\u00ebta se ato q\u00eb p\u00ebrdoren p\u00ebr epidurale. Ndryshe nga epidurali, anestezia...\" \/>\n<meta property=\"og:url\" content=\"https:\/\/organdziski.com\/spinalna-anestezija\/\" \/>\n<meta property=\"og:site_name\" content=\"\u041f\u0417\u0423 \u0414-\u0440 \u041e\u0440\u0433\u0430\u043d\u045f\u0438\u0441\u043a\u0438\" \/>\n<meta property=\"article:publisher\" content=\"https:\/\/www.facebook.com\/Dr.Organdziski\" \/>\n<meta property=\"article:modified_time\" content=\"2024-06-20T11:11:25+00:00\" \/>\n<meta name=\"twitter:card\" content=\"summary_large_image\" \/>\n<meta name=\"twitter:label1\" content=\"Est. reading time\" \/>\n\t<meta name=\"twitter:data1\" content=\"2 minutes\" \/>\n<script type=\"application\/ld+json\" class=\"yoast-schema-graph\">{\"@context\":\"https:\\\/\\\/schema.org\",\"@graph\":[{\"@type\":\"WebPage\",\"@id\":\"https:\\\/\\\/organdziski.com\\\/spinalna-anestezija\\\/\",\"url\":\"https:\\\/\\\/organdziski.com\\\/spinalna-anestezija\\\/\",\"name\":\"Anestezia spinale - \u041f\u0417\u0423 \u0414-\u0440 \u041e\u0440\u0433\u0430\u043d\u045f\u0438\u0441\u043a\u0438\",\"isPartOf\":{\"@id\":\"https:\\\/\\\/organdziski.com\\\/#website\"},\"datePublished\":\"2024-05-14T19:06:20+00:00\",\"dateModified\":\"2024-06-20T11:11:25+00:00\",\"breadcrumb\":{\"@id\":\"https:\\\/\\\/organdziski.com\\\/spinalna-anestezija\\\/#breadcrumb\"},\"inLanguage\":\"sq-AL\",\"potentialAction\":[{\"@type\":\"ReadAction\",\"target\":[\"https:\\\/\\\/organdziski.com\\\/spinalna-anestezija\\\/\"]}]},{\"@type\":\"BreadcrumbList\",\"@id\":\"https:\\\/\\\/organdziski.com\\\/spinalna-anestezija\\\/#breadcrumb\",\"itemListElement\":[{\"@type\":\"ListItem\",\"position\":1,\"name\":\"Home\",\"item\":\"https:\\\/\\\/organdziski.com\\\/\"},{\"@type\":\"ListItem\",\"position\":2,\"name\":\"Anestezia spinale\"}]},{\"@type\":\"WebSite\",\"@id\":\"https:\\\/\\\/organdziski.com\\\/#website\",\"url\":\"https:\\\/\\\/organdziski.com\\\/\",\"name\":\"\u041f\u0417\u0423 \u0414-\u0440 \u041e\u0440\u0433\u0430\u043d\u045f\u0438\u0441\u043a\u0438\",\"description\":\"\u0421\u043f\u0435\u0446\u0438\u0458\u0430\u043b\u0438\u0437\u0438\u0440\u0430\u043d\u0430 \u0431\u043e\u043b\u043d\u0438\u0446\u0430 \u043f\u043e \u0433\u0438\u043d\u0435\u043a\u043e\u043b\u043e\u0433\u0438\u0458\u0430 \u0438 \u0430\u043a\u0443\u0448\u0435\u0440\u0441\u0442\u0432\u043e\",\"publisher\":{\"@id\":\"https:\\\/\\\/organdziski.com\\\/#organization\"},\"potentialAction\":[{\"@type\":\"SearchAction\",\"target\":{\"@type\":\"EntryPoint\",\"urlTemplate\":\"https:\\\/\\\/organdziski.com\\\/?s={search_term_string}\"},\"query-input\":{\"@type\":\"PropertyValueSpecification\",\"valueRequired\":true,\"valueName\":\"search_term_string\"}}],\"inLanguage\":\"sq-AL\"},{\"@type\":\"Organization\",\"@id\":\"https:\\\/\\\/organdziski.com\\\/#organization\",\"name\":\"\u041f\u0417\u0423 \u0414-\u0440 \u041e\u0440\u0433\u0430\u043d\u045f\u0438\u0441\u043a\u0438\",\"url\":\"https:\\\/\\\/organdziski.com\\\/\",\"logo\":{\"@type\":\"ImageObject\",\"inLanguage\":\"sq-AL\",\"@id\":\"https:\\\/\\\/organdziski.com\\\/#\\\/schema\\\/logo\\\/image\\\/\",\"url\":\"https:\\\/\\\/organdziski.com\\\/wp-content\\\/uploads\\\/2024\\\/04\\\/organdziski.svg\",\"contentUrl\":\"https:\\\/\\\/organdziski.com\\\/wp-content\\\/uploads\\\/2024\\\/04\\\/organdziski.svg\",\"width\":341,\"height\":63,\"caption\":\"\u041f\u0417\u0423 \u0414-\u0440 \u041e\u0440\u0433\u0430\u043d\u045f\u0438\u0441\u043a\u0438\"},\"image\":{\"@id\":\"https:\\\/\\\/organdziski.com\\\/#\\\/schema\\\/logo\\\/image\\\/\"},\"sameAs\":[\"https:\\\/\\\/www.facebook.com\\\/Dr.Organdziski\",\"https:\\\/\\\/www.instagram.com\\\/bolnicadrorgandziski\\\/\",\"https:\\\/\\\/www.youtube.com\\\/channel\\\/UCVzAHTjH-QvDcCGm19znLyA\"]}]}<\/script>\n<!-- \/ Yoast SEO Premium plugin. -->","yoast_head_json":{"title":"Anestezia spinale - \u041f\u0417\u0423 \u0414-\u0440 \u041e\u0440\u0433\u0430\u043d\u045f\u0438\u0441\u043a\u0438","robots":{"index":"index","follow":"follow","max-snippet":"max-snippet:-1","max-image-preview":"max-image-preview:large","max-video-preview":"max-video-preview:-1"},"canonical":"https:\/\/organdziski.com\/spinalna-anestezija\/","og_locale":"sq_AL","og_type":"article","og_title":"Anestezia spinale","og_description":"Kjo anestezi p\u00ebrdoret m\u00eb shpesh p\u00ebr prerje cezariane ose kur lindja p\u00ebrparon me shpejt\u00ebsi dhe ka dyshime t\u00eb arsyeshme se epidurali nuk do t\u00eb funksionoj\u00eb n\u00eb koh\u00eb. Gjilp\u00ebrat kurrizore jan\u00eb shum\u00eb m\u00eb t\u00eb holla se gjilp\u00ebrat epidurale dhe dozat e p\u00ebrdorura jan\u00eb m\u00eb t\u00eb ul\u00ebta se ato q\u00eb p\u00ebrdoren p\u00ebr epidurale. Ndryshe nga epidurali, anestezia...","og_url":"https:\/\/organdziski.com\/spinalna-anestezija\/","og_site_name":"\u041f\u0417\u0423 \u0414-\u0440 \u041e\u0440\u0433\u0430\u043d\u045f\u0438\u0441\u043a\u0438","article_publisher":"https:\/\/www.facebook.com\/Dr.Organdziski","article_modified_time":"2024-06-20T11:11:25+00:00","twitter_card":"summary_large_image","twitter_misc":{"Est. reading time":"2 minutes"},"schema":{"@context":"https:\/\/schema.org","@graph":[{"@type":"WebPage","@id":"https:\/\/organdziski.com\/spinalna-anestezija\/","url":"https:\/\/organdziski.com\/spinalna-anestezija\/","name":"Anestezia spinale - \u041f\u0417\u0423 \u0414-\u0440 \u041e\u0440\u0433\u0430\u043d\u045f\u0438\u0441\u043a\u0438","isPartOf":{"@id":"https:\/\/organdziski.com\/#website"},"datePublished":"2024-05-14T19:06:20+00:00","dateModified":"2024-06-20T11:11:25+00:00","breadcrumb":{"@id":"https:\/\/organdziski.com\/spinalna-anestezija\/#breadcrumb"},"inLanguage":"sq-AL","potentialAction":[{"@type":"ReadAction","target":["https:\/\/organdziski.com\/spinalna-anestezija\/"]}]},{"@type":"BreadcrumbList","@id":"https:\/\/organdziski.com\/spinalna-anestezija\/#breadcrumb","itemListElement":[{"@type":"ListItem","position":1,"name":"Home","item":"https:\/\/organdziski.com\/"},{"@type":"ListItem","position":2,"name":"Anestezia spinale"}]},{"@type":"WebSite","@id":"https:\/\/organdziski.com\/#website","url":"https:\/\/organdziski.com\/","name":"\u041f\u0417\u0423 \u0414-\u0440 \u041e\u0440\u0433\u0430\u043d\u045f\u0438\u0441\u043a\u0438","description":"\u0421\u043f\u0435\u0446\u0438\u0458\u0430\u043b\u0438\u0437\u0438\u0440\u0430\u043d\u0430 \u0431\u043e\u043b\u043d\u0438\u0446\u0430 \u043f\u043e \u0433\u0438\u043d\u0435\u043a\u043e\u043b\u043e\u0433\u0438\u0458\u0430 \u0438 \u0430\u043a\u0443\u0448\u0435\u0440\u0441\u0442\u0432\u043e","publisher":{"@id":"https:\/\/organdziski.com\/#organization"},"potentialAction":[{"@type":"SearchAction","target":{"@type":"EntryPoint","urlTemplate":"https:\/\/organdziski.com\/?s={search_term_string}"},"query-input":{"@type":"PropertyValueSpecification","valueRequired":true,"valueName":"search_term_string"}}],"inLanguage":"sq-AL"},{"@type":"Organization","@id":"https:\/\/organdziski.com\/#organization","name":"\u041f\u0417\u0423 \u0414-\u0440 \u041e\u0440\u0433\u0430\u043d\u045f\u0438\u0441\u043a\u0438","url":"https:\/\/organdziski.com\/","logo":{"@type":"ImageObject","inLanguage":"sq-AL","@id":"https:\/\/organdziski.com\/#\/schema\/logo\/image\/","url":"https:\/\/organdziski.com\/wp-content\/uploads\/2024\/04\/organdziski.svg","contentUrl":"https:\/\/organdziski.com\/wp-content\/uploads\/2024\/04\/organdziski.svg","width":341,"height":63,"caption":"\u041f\u0417\u0423 \u0414-\u0440 \u041e\u0440\u0433\u0430\u043d\u045f\u0438\u0441\u043a\u0438"},"image":{"@id":"https:\/\/organdziski.com\/#\/schema\/logo\/image\/"},"sameAs":["https:\/\/www.facebook.com\/Dr.Organdziski","https:\/\/www.instagram.com\/bolnicadrorgandziski\/","https:\/\/www.youtube.com\/channel\/UCVzAHTjH-QvDcCGm19znLyA"]}]}},"_links":{"self":[{"href":"https:\/\/organdziski.com\/sq\/wp-json\/wp\/v2\/pages\/16013","targetHints":{"allow":["GET"]}}],"collection":[{"href":"https:\/\/organdziski.com\/sq\/wp-json\/wp\/v2\/pages"}],"about":[{"href":"https:\/\/organdziski.com\/sq\/wp-json\/wp\/v2\/types\/page"}],"author":[{"embeddable":true,"href":"https:\/\/organdziski.com\/sq\/wp-json\/wp\/v2\/users\/1"}],"replies":[{"embeddable":true,"href":"https:\/\/organdziski.com\/sq\/wp-json\/wp\/v2\/comments?post=16013"}],"version-history":[{"count":3,"href":"https:\/\/organdziski.com\/sq\/wp-json\/wp\/v2\/pages\/16013\/revisions"}],"predecessor-version":[{"id":16016,"href":"https:\/\/organdziski.com\/sq\/wp-json\/wp\/v2\/pages\/16013\/revisions\/16016"}],"wp:attachment":[{"href":"https:\/\/organdziski.com\/sq\/wp-json\/wp\/v2\/media?parent=16013"}],"curies":[{"name":"wp","href":"https:\/\/api.w.org\/{rel}","templated":true}]}}