{"id":16051,"date":"2024-05-14T13:11:54","date_gmt":"2024-05-14T13:11:54","guid":{"rendered":"https:\/\/organdziski.com\/?page_id=16051"},"modified":"2024-06-20T11:19:47","modified_gmt":"2024-06-20T11:19:47","slug":"ambulanca","status":"publish","type":"page","link":"https:\/\/organdziski.com\/sq\/ambulanca\/","title":{"rendered":"Ambulanca"},"content":{"rendered":"\t\t<div data-elementor-type=\"wp-page\" data-elementor-id=\"16051\" class=\"elementor elementor-16051 elementor-10506\" data-elementor-post-type=\"page\">\n\t\t\t\t<div class=\"elementor-element elementor-element-1ce1c5c e-flex e-con-boxed e-con e-parent\" data-id=\"1ce1c5c\" data-element_type=\"container\">\n\t\t\t\t\t<div class=\"e-con-inner\">\n\t\t\t\t<div class=\"elementor-element elementor-element-55acd58 elementor-widget elementor-widget-text-editor\" data-id=\"55acd58\" data-element_type=\"widget\" data-widget_type=\"text-editor.default\">\n\t\t\t\t<div class=\"elementor-widget-container\">\n\t\t\t\t\t\t\t<p>N\u00eb spitalin ton\u00eb kryhen t\u00eb gjitha llojet e ekzaminimeve gjinekologjike sipas standardeve m\u00eb t\u00eb larta dhe me aparaturat m\u00eb moderne. Rolin m\u00eb t\u00eb madh n\u00eb realizimin dhe diagnostikimin n\u00eb koh\u00eb t\u00eb t\u00eb gjitha anomalive e luan ekipi i p\u00ebrb\u00ebr\u00eb nga specialist\u00eb dhe infermier\u00eb t\u00eb lart\u00eb. Aktiviteti i tyre \u00ebsht\u00eb i nj\u00eb r\u00ebnd\u00ebsie thelb\u00ebsore p\u00ebr t\u00eb gjitha sferat n\u00eb spital. Ata jan\u00eb n\u00eb fakt ura lidh\u00ebse mes specialist\u00ebve dhe pacient\u00ebve.<\/p>\t\t\t\t\t\t<\/div>\n\t\t\t\t<\/div>\n\t\t\t\t<div class=\"elementor-element elementor-element-28a7dac elementor-widget elementor-widget-text-editor\" data-id=\"28a7dac\" data-element_type=\"widget\" data-widget_type=\"text-editor.default\">\n\t\t\t\t<div class=\"elementor-widget-container\">\n\t\t\t\t\t\t\t<ul><li>Ekzaminimet gjinekologjike, diagnostikimi, trajtimi.<\/li><li>Ekografi 2D, 3D, 4D, 5D- FRV<\/li><li>Video kolposkopi, PAP test<\/li><li>Biopsia e qaf\u00ebs s\u00eb mitr\u00ebs n\u00eb gjendje prekanceroze, heqja e polipeve,<\/li><li>Trajtimi i cikatriceve n\u00eb qaf\u00ebn e mitr\u00ebs me laser CO2 kirurgjikale<\/li><li>Operacionet histeroskopike<\/li><li>Punksione ciste<\/li><li>Bris t\u00eb plot\u00eb mikrobiologjik<\/li><li>Tipizimi i HPV<\/li><li>Vendosja dhe heqja e spiral\u00ebs<\/li><\/ul>\t\t\t\t\t\t<\/div>\n\t\t\t\t<\/div>\n\t\t\t\t<div class=\"elementor-element elementor-element-f922cef gallery-spacing-custom elementor-widget elementor-widget-image-gallery\" data-id=\"f922cef\" data-element_type=\"widget\" data-widget_type=\"image-gallery.default\">\n\t\t\t\t<div class=\"elementor-widget-container\">\n\t\t\t\t\t<div class=\"elementor-image-gallery\">\n\t\t\t<div id='gallery-1' class='gallery galleryid-15910 gallery-columns-3 gallery-size-large'><figure class='gallery-item'>\n\t\t\t<div class='gallery-icon landscape'>\n\t\t\t\t<a data-elementor-open-lightbox=\"yes\" data-elementor-lightbox-slideshow=\"f922cef\" data-elementor-lightbox-title=\"\u0410\u043c\u0431\u0443\u043b\u0430\u043d\u0442\u04301\" data-e-action-hash=\"#elementor-action%3Aaction%3Dlightbox%26settings%3DeyJpZCI6MTQxNTMsInVybCI6Imh0dHBzOlwvXC9vcmdhbmR6aXNraS5jb21cL3dwLWNvbnRlbnRcL3VwbG9hZHNcLzIwMjRcLzA1XC9cdTA0MTBcdTA0M2NcdTA0MzFcdTA0NDNcdTA0M2JcdTA0MzBcdTA0M2RcdTA0NDJcdTA0MzAxLmpwZyIsInNsaWRlc2hvdyI6ImY5MjJjZWYifQ%3D%3D\" href='https:\/\/organdziski.com\/wp-content\/uploads\/2024\/05\/\u0410\u043c\u0431\u0443\u043b\u0430\u043d\u0442\u04301.jpg'><img fetchpriority=\"high\" decoding=\"async\" width=\"751\" height=\"751\" src=\"https:\/\/organdziski.com\/wp-content\/uploads\/2024\/05\/\u0410\u043c\u0431\u0443\u043b\u0430\u043d\u0442\u04301-1024x1024.jpg\" class=\"attachment-large size-large\" alt=\"\" srcset=\"https:\/\/organdziski.com\/wp-content\/uploads\/2024\/05\/\u0410\u043c\u0431\u0443\u043b\u0430\u043d\u0442\u04301-1024x1024.jpg 1024w, https:\/\/organdziski.com\/wp-content\/uploads\/2024\/05\/\u0410\u043c\u0431\u0443\u043b\u0430\u043d\u0442\u04301-300x300.jpg 300w, https:\/\/organdziski.com\/wp-content\/uploads\/2024\/05\/\u0410\u043c\u0431\u0443\u043b\u0430\u043d\u0442\u04301-150x150.jpg 150w, https:\/\/organdziski.com\/wp-content\/uploads\/2024\/05\/\u0410\u043c\u0431\u0443\u043b\u0430\u043d\u0442\u04301-768x768.jpg 768w, https:\/\/organdziski.com\/wp-content\/uploads\/2024\/05\/\u0410\u043c\u0431\u0443\u043b\u0430\u043d\u0442\u04301-70x70.jpg 70w, https:\/\/organdziski.com\/wp-content\/uploads\/2024\/05\/\u0410\u043c\u0431\u0443\u043b\u0430\u043d\u0442\u04301-600x600.jpg 600w, https:\/\/organdziski.com\/wp-content\/uploads\/2024\/05\/\u0410\u043c\u0431\u0443\u043b\u0430\u043d\u0442\u04301-100x100.jpg 100w, https:\/\/organdziski.com\/wp-content\/uploads\/2024\/05\/\u0410\u043c\u0431\u0443\u043b\u0430\u043d\u0442\u04301-460x460.jpg 460w, https:\/\/organdziski.com\/wp-content\/uploads\/2024\/05\/\u0410\u043c\u0431\u0443\u043b\u0430\u043d\u0442\u04301.jpg 1080w\" sizes=\"(max-width: 751px) 100vw, 751px\" \/><\/a>\n\t\t\t<\/div><\/figure><figure class='gallery-item'>\n\t\t\t<div class='gallery-icon landscape'>\n\t\t\t\t<a data-elementor-open-lightbox=\"yes\" data-elementor-lightbox-slideshow=\"f922cef\" data-elementor-lightbox-title=\"\u0410\u043c\u0431\u0443\u043b\u0430\u043d\u0442\u04302\" data-e-action-hash=\"#elementor-action%3Aaction%3Dlightbox%26settings%3DeyJpZCI6MTQxNTUsInVybCI6Imh0dHBzOlwvXC9vcmdhbmR6aXNraS5jb21cL3dwLWNvbnRlbnRcL3VwbG9hZHNcLzIwMjRcLzA1XC9cdTA0MTBcdTA0M2NcdTA0MzFcdTA0NDNcdTA0M2JcdTA0MzBcdTA0M2RcdTA0NDJcdTA0MzAyLmpwZyIsInNsaWRlc2hvdyI6ImY5MjJjZWYifQ%3D%3D\" href='https:\/\/organdziski.com\/wp-content\/uploads\/2024\/05\/\u0410\u043c\u0431\u0443\u043b\u0430\u043d\u0442\u04302.jpg'><img decoding=\"async\" width=\"751\" height=\"751\" src=\"https:\/\/organdziski.com\/wp-content\/uploads\/2024\/05\/\u0410\u043c\u0431\u0443\u043b\u0430\u043d\u0442\u04302-1024x1024.jpg\" class=\"attachment-large size-large\" alt=\"\" srcset=\"https:\/\/organdziski.com\/wp-content\/uploads\/2024\/05\/\u0410\u043c\u0431\u0443\u043b\u0430\u043d\u0442\u04302-1024x1024.jpg 1024w, https:\/\/organdziski.com\/wp-content\/uploads\/2024\/05\/\u0410\u043c\u0431\u0443\u043b\u0430\u043d\u0442\u04302-300x300.jpg 300w, https:\/\/organdziski.com\/wp-content\/uploads\/2024\/05\/\u0410\u043c\u0431\u0443\u043b\u0430\u043d\u0442\u04302-150x150.jpg 150w, https:\/\/organdziski.com\/wp-content\/uploads\/2024\/05\/\u0410\u043c\u0431\u0443\u043b\u0430\u043d\u0442\u04302-768x768.jpg 768w, https:\/\/organdziski.com\/wp-content\/uploads\/2024\/05\/\u0410\u043c\u0431\u0443\u043b\u0430\u043d\u0442\u04302-70x70.jpg 70w, https:\/\/organdziski.com\/wp-content\/uploads\/2024\/05\/\u0410\u043c\u0431\u0443\u043b\u0430\u043d\u0442\u04302-600x600.jpg 600w, https:\/\/organdziski.com\/wp-content\/uploads\/2024\/05\/\u0410\u043c\u0431\u0443\u043b\u0430\u043d\u0442\u04302-100x100.jpg 100w, https:\/\/organdziski.com\/wp-content\/uploads\/2024\/05\/\u0410\u043c\u0431\u0443\u043b\u0430\u043d\u0442\u04302-460x460.jpg 460w, https:\/\/organdziski.com\/wp-content\/uploads\/2024\/05\/\u0410\u043c\u0431\u0443\u043b\u0430\u043d\u0442\u04302.jpg 1080w\" sizes=\"(max-width: 751px) 100vw, 751px\" \/><\/a>\n\t\t\t<\/div><\/figure><figure class='gallery-item'>\n\t\t\t<div class='gallery-icon landscape'>\n\t\t\t\t<a data-elementor-open-lightbox=\"yes\" data-elementor-lightbox-slideshow=\"f922cef\" data-elementor-lightbox-title=\"\u0410\u043c\u0431\u0443\u043b\u0430\u043d\u0442\u04303\" data-e-action-hash=\"#elementor-action%3Aaction%3Dlightbox%26settings%3DeyJpZCI6MTQxNTcsInVybCI6Imh0dHBzOlwvXC9vcmdhbmR6aXNraS5jb21cL3dwLWNvbnRlbnRcL3VwbG9hZHNcLzIwMjRcLzA1XC9cdTA0MTBcdTA0M2NcdTA0MzFcdTA0NDNcdTA0M2JcdTA0MzBcdTA0M2RcdTA0NDJcdTA0MzAzLmpwZyIsInNsaWRlc2hvdyI6ImY5MjJjZWYifQ%3D%3D\" href='https:\/\/organdziski.com\/wp-content\/uploads\/2024\/05\/\u0410\u043c\u0431\u0443\u043b\u0430\u043d\u0442\u04303.jpg'><img decoding=\"async\" width=\"751\" height=\"751\" src=\"https:\/\/organdziski.com\/wp-content\/uploads\/2024\/05\/\u0410\u043c\u0431\u0443\u043b\u0430\u043d\u0442\u04303-1024x1024.jpg\" class=\"attachment-large size-large\" alt=\"\" srcset=\"https:\/\/organdziski.com\/wp-content\/uploads\/2024\/05\/\u0410\u043c\u0431\u0443\u043b\u0430\u043d\u0442\u04303-1024x1024.jpg 1024w, https:\/\/organdziski.com\/wp-content\/uploads\/2024\/05\/\u0410\u043c\u0431\u0443\u043b\u0430\u043d\u0442\u04303-300x300.jpg 300w, https:\/\/organdziski.com\/wp-content\/uploads\/2024\/05\/\u0410\u043c\u0431\u0443\u043b\u0430\u043d\u0442\u04303-150x150.jpg 150w, https:\/\/organdziski.com\/wp-content\/uploads\/2024\/05\/\u0410\u043c\u0431\u0443\u043b\u0430\u043d\u0442\u04303-768x768.jpg 768w, https:\/\/organdziski.com\/wp-content\/uploads\/2024\/05\/\u0410\u043c\u0431\u0443\u043b\u0430\u043d\u0442\u04303-70x70.jpg 70w, https:\/\/organdziski.com\/wp-content\/uploads\/2024\/05\/\u0410\u043c\u0431\u0443\u043b\u0430\u043d\u0442\u04303-600x600.jpg 600w, https:\/\/organdziski.com\/wp-content\/uploads\/2024\/05\/\u0410\u043c\u0431\u0443\u043b\u0430\u043d\u0442\u04303-100x100.jpg 100w, https:\/\/organdziski.com\/wp-content\/uploads\/2024\/05\/\u0410\u043c\u0431\u0443\u043b\u0430\u043d\u0442\u04303-460x460.jpg 460w, https:\/\/organdziski.com\/wp-content\/uploads\/2024\/05\/\u0410\u043c\u0431\u0443\u043b\u0430\u043d\u0442\u04303.jpg 1080w\" sizes=\"(max-width: 751px) 100vw, 751px\" \/><\/a>\n\t\t\t<\/div><\/figure>\n\t\t<\/div>\n\t\t<\/div>\n\t\t\t\t<\/div>\n\t\t\t\t<\/div>\n\t\t\t\t\t<\/div>\n\t\t\t\t<\/div>\n\t\t<div class=\"elementor-element elementor-element-f3ed38d e-flex e-con-boxed e-con e-parent\" data-id=\"f3ed38d\" data-element_type=\"container\">\n\t\t\t\t\t<div class=\"e-con-inner\">\n\t\t\t\t<div class=\"elementor-element elementor-element-37ce78b elementor-widget elementor-widget-video\" data-id=\"37ce78b\" data-element_type=\"widget\" data-settings=\"{&quot;youtube_url&quot;:&quot;https:\\\/\\\/www.youtube.com\\\/watch?v=4x6hKsl3wks&quot;,&quot;start&quot;:0,&quot;loop&quot;:&quot;yes&quot;,&quot;video_type&quot;:&quot;youtube&quot;,&quot;controls&quot;:&quot;yes&quot;}\" data-widget_type=\"video.default\">\n\t\t\t\t<div class=\"elementor-widget-container\">\n\t\t\t\t\t<div class=\"elementor-wrapper elementor-open-inline\">\n\t\t\t<div class=\"elementor-video\"><\/div>\t\t<\/div>\n\t\t\t\t<\/div>\n\t\t\t\t<\/div>\n\t\t\t\t\t<\/div>\n\t\t\t\t<\/div>\n\t\t\t\t<\/div>\n\t\t","protected":false},"excerpt":{"rendered":"<p>N\u00eb spitalin ton\u00eb kryhen t\u00eb gjitha llojet e ekzaminimeve gjinekologjike sipas standardeve m\u00eb t\u00eb larta dhe me aparaturat m\u00eb moderne. Rolin m\u00eb t\u00eb madh n\u00eb realizimin dhe diagnostikimin n\u00eb koh\u00eb t\u00eb t\u00eb gjitha anomalive e luan ekipi i p\u00ebrb\u00ebr\u00eb nga specialist\u00eb dhe infermier\u00eb t\u00eb lart\u00eb. Aktiviteti i tyre \u00ebsht\u00eb i nj\u00eb r\u00ebnd\u00ebsie thelb\u00ebsore p\u00ebr t\u00eb&#8230;<\/p>\n","protected":false},"author":1,"featured_media":0,"parent":0,"menu_order":0,"comment_status":"closed","ping_status":"closed","template":"","meta":{"footnotes":""},"class_list":["post-16051","page","type-page","status-publish","hentry"],"yoast_head":"<!-- This site is optimized with the Yoast SEO Premium plugin v22.7 (Yoast SEO v27.4) - https:\/\/yoast.com\/product\/yoast-seo-premium-wordpress\/ -->\n<title>Ambulanca - \u041f\u0417\u0423 \u0414-\u0440 \u041e\u0440\u0433\u0430\u043d\u045f\u0438\u0441\u043a\u0438<\/title>\n<meta name=\"robots\" content=\"index, follow, max-snippet:-1, max-image-preview:large, max-video-preview:-1\" \/>\n<link rel=\"canonical\" href=\"https:\/\/organdziski.com\/ambulanta\/\" \/>\n<meta property=\"og:locale\" content=\"sq_AL\" \/>\n<meta property=\"og:type\" content=\"article\" \/>\n<meta property=\"og:title\" content=\"Ambulanca\" \/>\n<meta property=\"og:description\" content=\"N\u00eb spitalin ton\u00eb kryhen t\u00eb gjitha llojet e ekzaminimeve gjinekologjike sipas standardeve m\u00eb t\u00eb larta dhe me aparaturat m\u00eb moderne. Rolin m\u00eb t\u00eb madh n\u00eb realizimin dhe diagnostikimin n\u00eb koh\u00eb t\u00eb t\u00eb gjitha anomalive e luan ekipi i p\u00ebrb\u00ebr\u00eb nga specialist\u00eb dhe infermier\u00eb t\u00eb lart\u00eb. Aktiviteti i tyre \u00ebsht\u00eb i nj\u00eb r\u00ebnd\u00ebsie thelb\u00ebsore p\u00ebr t\u00eb...\" \/>\n<meta property=\"og:url\" content=\"https:\/\/organdziski.com\/ambulanta\/\" \/>\n<meta property=\"og:site_name\" content=\"\u041f\u0417\u0423 \u0414-\u0440 \u041e\u0440\u0433\u0430\u043d\u045f\u0438\u0441\u043a\u0438\" \/>\n<meta property=\"article:publisher\" content=\"https:\/\/www.facebook.com\/Dr.Organdziski\" \/>\n<meta property=\"article:modified_time\" content=\"2024-06-20T11:19:47+00:00\" \/>\n<meta name=\"twitter:card\" content=\"summary_large_image\" \/>\n<meta name=\"twitter:label1\" content=\"Est. reading time\" \/>\n\t<meta name=\"twitter:data1\" content=\"2 minutes\" \/>\n<script type=\"application\/ld+json\" class=\"yoast-schema-graph\">{\"@context\":\"https:\\\/\\\/schema.org\",\"@graph\":[{\"@type\":\"WebPage\",\"@id\":\"https:\\\/\\\/organdziski.com\\\/ambulanta\\\/\",\"url\":\"https:\\\/\\\/organdziski.com\\\/ambulanta\\\/\",\"name\":\"Ambulanca - \u041f\u0417\u0423 \u0414-\u0440 \u041e\u0440\u0433\u0430\u043d\u045f\u0438\u0441\u043a\u0438\",\"isPartOf\":{\"@id\":\"https:\\\/\\\/organdziski.com\\\/#website\"},\"datePublished\":\"2024-05-14T13:11:54+00:00\",\"dateModified\":\"2024-06-20T11:19:47+00:00\",\"breadcrumb\":{\"@id\":\"https:\\\/\\\/organdziski.com\\\/ambulanta\\\/#breadcrumb\"},\"inLanguage\":\"sq-AL\",\"potentialAction\":[{\"@type\":\"ReadAction\",\"target\":[\"https:\\\/\\\/organdziski.com\\\/ambulanta\\\/\"]}]},{\"@type\":\"BreadcrumbList\",\"@id\":\"https:\\\/\\\/organdziski.com\\\/ambulanta\\\/#breadcrumb\",\"itemListElement\":[{\"@type\":\"ListItem\",\"position\":1,\"name\":\"Home\",\"item\":\"https:\\\/\\\/organdziski.com\\\/sq\\\/\"},{\"@type\":\"ListItem\",\"position\":2,\"name\":\"Ambulanca\"}]},{\"@type\":\"WebSite\",\"@id\":\"https:\\\/\\\/organdziski.com\\\/#website\",\"url\":\"https:\\\/\\\/organdziski.com\\\/\",\"name\":\"\u041f\u0417\u0423 \u0414-\u0440 \u041e\u0440\u0433\u0430\u043d\u045f\u0438\u0441\u043a\u0438\",\"description\":\"\u0421\u043f\u0435\u0446\u0438\u0458\u0430\u043b\u0438\u0437\u0438\u0440\u0430\u043d\u0430 \u0431\u043e\u043b\u043d\u0438\u0446\u0430 \u043f\u043e \u0433\u0438\u043d\u0435\u043a\u043e\u043b\u043e\u0433\u0438\u0458\u0430 \u0438 \u0430\u043a\u0443\u0448\u0435\u0440\u0441\u0442\u0432\u043e\",\"publisher\":{\"@id\":\"https:\\\/\\\/organdziski.com\\\/#organization\"},\"potentialAction\":[{\"@type\":\"SearchAction\",\"target\":{\"@type\":\"EntryPoint\",\"urlTemplate\":\"https:\\\/\\\/organdziski.com\\\/?s={search_term_string}\"},\"query-input\":{\"@type\":\"PropertyValueSpecification\",\"valueRequired\":true,\"valueName\":\"search_term_string\"}}],\"inLanguage\":\"sq-AL\"},{\"@type\":\"Organization\",\"@id\":\"https:\\\/\\\/organdziski.com\\\/#organization\",\"name\":\"\u041f\u0417\u0423 \u0414-\u0440 \u041e\u0440\u0433\u0430\u043d\u045f\u0438\u0441\u043a\u0438\",\"url\":\"https:\\\/\\\/organdziski.com\\\/\",\"logo\":{\"@type\":\"ImageObject\",\"inLanguage\":\"sq-AL\",\"@id\":\"https:\\\/\\\/organdziski.com\\\/#\\\/schema\\\/logo\\\/image\\\/\",\"url\":\"https:\\\/\\\/organdziski.com\\\/wp-content\\\/uploads\\\/2024\\\/04\\\/organdziski.svg\",\"contentUrl\":\"https:\\\/\\\/organdziski.com\\\/wp-content\\\/uploads\\\/2024\\\/04\\\/organdziski.svg\",\"width\":341,\"height\":63,\"caption\":\"\u041f\u0417\u0423 \u0414-\u0440 \u041e\u0440\u0433\u0430\u043d\u045f\u0438\u0441\u043a\u0438\"},\"image\":{\"@id\":\"https:\\\/\\\/organdziski.com\\\/#\\\/schema\\\/logo\\\/image\\\/\"},\"sameAs\":[\"https:\\\/\\\/www.facebook.com\\\/Dr.Organdziski\",\"https:\\\/\\\/www.instagram.com\\\/bolnicadrorgandziski\\\/\",\"https:\\\/\\\/www.youtube.com\\\/channel\\\/UCVzAHTjH-QvDcCGm19znLyA\"]}]}<\/script>\n<!-- \/ Yoast SEO Premium plugin. -->","yoast_head_json":{"title":"Ambulanca - \u041f\u0417\u0423 \u0414-\u0440 \u041e\u0440\u0433\u0430\u043d\u045f\u0438\u0441\u043a\u0438","robots":{"index":"index","follow":"follow","max-snippet":"max-snippet:-1","max-image-preview":"max-image-preview:large","max-video-preview":"max-video-preview:-1"},"canonical":"https:\/\/organdziski.com\/ambulanta\/","og_locale":"sq_AL","og_type":"article","og_title":"Ambulanca","og_description":"N\u00eb spitalin ton\u00eb kryhen t\u00eb gjitha llojet e ekzaminimeve gjinekologjike sipas standardeve m\u00eb t\u00eb larta dhe me aparaturat m\u00eb moderne. Rolin m\u00eb t\u00eb madh n\u00eb realizimin dhe diagnostikimin n\u00eb koh\u00eb t\u00eb t\u00eb gjitha anomalive e luan ekipi i p\u00ebrb\u00ebr\u00eb nga specialist\u00eb dhe infermier\u00eb t\u00eb lart\u00eb. Aktiviteti i tyre \u00ebsht\u00eb i nj\u00eb r\u00ebnd\u00ebsie thelb\u00ebsore p\u00ebr t\u00eb...","og_url":"https:\/\/organdziski.com\/ambulanta\/","og_site_name":"\u041f\u0417\u0423 \u0414-\u0440 \u041e\u0440\u0433\u0430\u043d\u045f\u0438\u0441\u043a\u0438","article_publisher":"https:\/\/www.facebook.com\/Dr.Organdziski","article_modified_time":"2024-06-20T11:19:47+00:00","twitter_card":"summary_large_image","twitter_misc":{"Est. reading time":"2 minutes"},"schema":{"@context":"https:\/\/schema.org","@graph":[{"@type":"WebPage","@id":"https:\/\/organdziski.com\/ambulanta\/","url":"https:\/\/organdziski.com\/ambulanta\/","name":"Ambulanca - \u041f\u0417\u0423 \u0414-\u0440 \u041e\u0440\u0433\u0430\u043d\u045f\u0438\u0441\u043a\u0438","isPartOf":{"@id":"https:\/\/organdziski.com\/#website"},"datePublished":"2024-05-14T13:11:54+00:00","dateModified":"2024-06-20T11:19:47+00:00","breadcrumb":{"@id":"https:\/\/organdziski.com\/ambulanta\/#breadcrumb"},"inLanguage":"sq-AL","potentialAction":[{"@type":"ReadAction","target":["https:\/\/organdziski.com\/ambulanta\/"]}]},{"@type":"BreadcrumbList","@id":"https:\/\/organdziski.com\/ambulanta\/#breadcrumb","itemListElement":[{"@type":"ListItem","position":1,"name":"Home","item":"https:\/\/organdziski.com\/sq\/"},{"@type":"ListItem","position":2,"name":"Ambulanca"}]},{"@type":"WebSite","@id":"https:\/\/organdziski.com\/#website","url":"https:\/\/organdziski.com\/","name":"\u041f\u0417\u0423 \u0414-\u0440 \u041e\u0440\u0433\u0430\u043d\u045f\u0438\u0441\u043a\u0438","description":"\u0421\u043f\u0435\u0446\u0438\u0458\u0430\u043b\u0438\u0437\u0438\u0440\u0430\u043d\u0430 \u0431\u043e\u043b\u043d\u0438\u0446\u0430 \u043f\u043e \u0433\u0438\u043d\u0435\u043a\u043e\u043b\u043e\u0433\u0438\u0458\u0430 \u0438 \u0430\u043a\u0443\u0448\u0435\u0440\u0441\u0442\u0432\u043e","publisher":{"@id":"https:\/\/organdziski.com\/#organization"},"potentialAction":[{"@type":"SearchAction","target":{"@type":"EntryPoint","urlTemplate":"https:\/\/organdziski.com\/?s={search_term_string}"},"query-input":{"@type":"PropertyValueSpecification","valueRequired":true,"valueName":"search_term_string"}}],"inLanguage":"sq-AL"},{"@type":"Organization","@id":"https:\/\/organdziski.com\/#organization","name":"\u041f\u0417\u0423 \u0414-\u0440 \u041e\u0440\u0433\u0430\u043d\u045f\u0438\u0441\u043a\u0438","url":"https:\/\/organdziski.com\/","logo":{"@type":"ImageObject","inLanguage":"sq-AL","@id":"https:\/\/organdziski.com\/#\/schema\/logo\/image\/","url":"https:\/\/organdziski.com\/wp-content\/uploads\/2024\/04\/organdziski.svg","contentUrl":"https:\/\/organdziski.com\/wp-content\/uploads\/2024\/04\/organdziski.svg","width":341,"height":63,"caption":"\u041f\u0417\u0423 \u0414-\u0440 \u041e\u0440\u0433\u0430\u043d\u045f\u0438\u0441\u043a\u0438"},"image":{"@id":"https:\/\/organdziski.com\/#\/schema\/logo\/image\/"},"sameAs":["https:\/\/www.facebook.com\/Dr.Organdziski","https:\/\/www.instagram.com\/bolnicadrorgandziski\/","https:\/\/www.youtube.com\/channel\/UCVzAHTjH-QvDcCGm19znLyA"]}]}},"_links":{"self":[{"href":"https:\/\/organdziski.com\/sq\/wp-json\/wp\/v2\/pages\/16051","targetHints":{"allow":["GET"]}}],"collection":[{"href":"https:\/\/organdziski.com\/sq\/wp-json\/wp\/v2\/pages"}],"about":[{"href":"https:\/\/organdziski.com\/sq\/wp-json\/wp\/v2\/types\/page"}],"author":[{"embeddable":true,"href":"https:\/\/organdziski.com\/sq\/wp-json\/wp\/v2\/users\/1"}],"replies":[{"embeddable":true,"href":"https:\/\/organdziski.com\/sq\/wp-json\/wp\/v2\/comments?post=16051"}],"version-history":[{"count":3,"href":"https:\/\/organdziski.com\/sq\/wp-json\/wp\/v2\/pages\/16051\/revisions"}],"predecessor-version":[{"id":16057,"href":"https:\/\/organdziski.com\/sq\/wp-json\/wp\/v2\/pages\/16051\/revisions\/16057"}],"wp:attachment":[{"href":"https:\/\/organdziski.com\/sq\/wp-json\/wp\/v2\/media?parent=16051"}],"curies":[{"name":"wp","href":"https:\/\/api.w.org\/{rel}","templated":true}]}}