{"id":16388,"date":"2024-05-08T08:46:58","date_gmt":"2024-05-08T08:46:58","guid":{"rendered":"https:\/\/organdziski.com\/?page_id=16388"},"modified":"2024-06-24T17:22:24","modified_gmt":"2024-06-24T17:22:24","slug":"lindje-me-prerje-cezariane","status":"publish","type":"page","link":"https:\/\/organdziski.com\/sq\/lindje-me-prerje-cezariane\/","title":{"rendered":"Lindje me prerje cezariane"},"content":{"rendered":"\t\t<div data-elementor-type=\"wp-page\" data-elementor-id=\"16388\" class=\"elementor elementor-16388 elementor-8568\" data-elementor-post-type=\"page\">\n\t\t\t\t<div class=\"elementor-element elementor-element-fc900b7 e-con-full e-flex e-con e-parent\" data-id=\"fc900b7\" data-element_type=\"container\">\n\t\t<div class=\"elementor-element elementor-element-90d0e41 e-con-full e-flex e-con e-child\" data-id=\"90d0e41\" data-element_type=\"container\">\n\t\t\t\t<div class=\"elementor-element elementor-element-0a1c42c elementor-widget elementor-widget-heading\" data-id=\"0a1c42c\" data-element_type=\"widget\" data-widget_type=\"heading.default\">\n\t\t\t\t<div class=\"elementor-widget-container\">\n\t\t\t<h2 class=\"elementor-heading-title elementor-size-default\">\u00c7far\u00eb do t\u00eb ndodh\u00eb me ju n\u00eb sall\u00ebn e operimit gjat\u00eb nj\u00eb operacioni cezarian?<\/h2>\t\t<\/div>\n\t\t\t\t<\/div>\n\t\t\t\t<div class=\"elementor-element elementor-element-23d4af7 elementor-widget elementor-widget-text-editor\" data-id=\"23d4af7\" data-element_type=\"widget\" data-widget_type=\"text-editor.default\">\n\t\t\t\t<div class=\"elementor-widget-container\">\n\t\t\t\t\t\t\t<ul><li>\u00c7far\u00eb do t\u00eb ndodh\u00eb me ju n\u00eb sall\u00ebn e operimit gjat\u00eb nj\u00eb operacioni cezarian?<\/li><li>\u00c7far\u00eb do t\u00eb shihni, d\u00ebgjoni dhe ndjeni?<\/li><li>P\u00ebr sa koh\u00eb do t\u00eb lind\u00eb f\u00ebmija juaj dhe kur do t\u00eb mund ta shihni?<\/li><li>Sa koh\u00eb do t\u00eb kaloni n\u00eb sall\u00ebn e operimit dhe \u00e7far\u00eb vijon m\u00eb pas?<\/li><li>K\u00ebto jan\u00eb vet\u00ebm disa nga pyetjet q\u00eb ia parashtroni vetes.<\/li><\/ul>\t\t\t\t\t\t<\/div>\n\t\t\t\t<\/div>\n\t\t\t\t<div class=\"elementor-element elementor-element-823d275 elementor-widget elementor-widget-heading\" data-id=\"823d275\" data-element_type=\"widget\" data-widget_type=\"heading.default\">\n\t\t\t\t<div class=\"elementor-widget-container\">\n\t\t\t<h2 class=\"elementor-heading-title elementor-size-default\">Mir\u00ebsevini n\u00eb sall\u00ebn e operimit!<\/h2>\t\t<\/div>\n\t\t\t\t<\/div>\n\t\t\t\t<div class=\"elementor-element elementor-element-f9acdab elementor-widget elementor-widget-text-editor\" data-id=\"f9acdab\" data-element_type=\"widget\" data-widget_type=\"text-editor.default\">\n\t\t\t\t<div class=\"elementor-widget-container\">\n\t\t\t\t\t\t\t<ul><li><p>Kur p\u00ebr ndonj\u00eb arsye nga ana e fetusit ose e n\u00ebn\u00ebs, lindja nuk mund t\u00eb p\u00ebrfundoj\u00eb me sukses n\u00eb rrug\u00eb normale, b\u00ebhet nj\u00eb prerje cezariane.<\/p><\/li><li><p>Prerja cezariane n\u00ebnkupton lindjen e fetusit p\u00ebrmes nj\u00eb prerjeje t\u00eb b\u00ebr\u00eb n\u00eb murin e p\u00ebrparm\u00eb t\u00eb barkut t\u00eb n\u00ebn\u00ebs (laparotomi) dhe nj\u00eb prerjeje p\u00ebrmes murit t\u00eb mitr\u00ebs (histerotomi).<\/p><\/li><li><p>Seksioni cezarian mund t\u00eb jet\u00eb i planifikuar (me zgjedhje) ose urgjent &#8211; n\u00eb rast t\u00eb nj\u00eb problemi gjat\u00eb lindjes spontane. Nj\u00eb seksion cezarian i planifikuar zakonisht kryhet 7-10 dit\u00eb p\u00ebrpara dat\u00ebs s\u00eb pritshme t\u00eb lindjes. N\u00eb rast t\u00eb shtatz\u00ebnive shum\u00ebfrytore ose indikacioneve t\u00eb tjera mjek\u00ebsore, operacioni cezarian mund t\u00eb caktohet m\u00eb her\u00ebt.<\/p><\/li><\/ul>\t\t\t\t\t\t<\/div>\n\t\t\t\t<\/div>\n\t\t\t\t<div class=\"elementor-element elementor-element-c750037 elementor-widget elementor-widget-heading\" data-id=\"c750037\" data-element_type=\"widget\" data-widget_type=\"heading.default\">\n\t\t\t\t<div class=\"elementor-widget-container\">\n\t\t\t<h2 class=\"elementor-heading-title elementor-size-default\">N\u00eb dit\u00ebn e operacionit, do t'ju jepet nj\u00eb p\u00ebrgatitje para operacionit q\u00eb p\u00ebrfshin:<\/h2>\t\t<\/div>\n\t\t\t\t<\/div>\n\t\t\t\t<div class=\"elementor-element elementor-element-094e266 elementor-widget elementor-widget-text-editor\" data-id=\"094e266\" data-element_type=\"widget\" data-widget_type=\"text-editor.default\">\n\t\t\t\t<div class=\"elementor-widget-container\">\n\t\t\t\t\t\t\t<ul><li><p>Toalet\u00eb<\/p><\/li><li><p>Vendosja e klizm\u00ebs;<\/p><\/li><li><p>Veshja e pizhameve spitalore;<\/p><\/li><li><p>Vendosja e nj\u00eb linje intravenoze;<\/p><\/li><li><p>Vendosja e kateterit urinar;<\/p><\/li><li><p>Vendosja e anestezis\u00eb;<\/p><\/li><li><p>P\u00ebrgatitja e hap\u00ebsir\u00ebs s\u00eb operimit.<\/p><\/li><\/ul>\t\t\t\t\t\t<\/div>\n\t\t\t\t<\/div>\n\t\t\t\t<div class=\"elementor-element elementor-element-99a5e6d elementor-widget elementor-widget-heading\" data-id=\"99a5e6d\" data-element_type=\"widget\" data-widget_type=\"heading.default\">\n\t\t\t\t<div class=\"elementor-widget-container\">\n\t\t\t<h2 class=\"elementor-heading-title elementor-size-default\">Faktet themelore p\u00ebr lindjen cezariane<\/h2>\t\t<\/div>\n\t\t\t\t<\/div>\n\t\t\t\t<div class=\"elementor-element elementor-element-d06d50f elementor-widget elementor-widget-text-editor\" data-id=\"d06d50f\" data-element_type=\"widget\" data-widget_type=\"text-editor.default\">\n\t\t\t\t<div class=\"elementor-widget-container\">\n\t\t\t\t\t\t\t<ul><li style=\"list-style-type: none;\"><ul><li><p>Gjat\u00eb nj\u00eb seksioni cezarian, foshnja lind rreth 5-10 minuta pas fillimit t\u00eb operacionit. Ai me kujdes kryhet nga operatori dhe n\u00eb nj\u00eb m\u00ebnyr\u00eb q\u00eb n\u00eb nj\u00eb mas\u00eb t\u00eb caktuar imiton kalimin e foshnj\u00ebs n\u00ebp\u00ebr kanalin natyral t\u00eb lindjes. Ju nuk do t\u00eb ndjeni asnj\u00eb dhimbje, por mund t\u00eb ndjeni disa t\u00ebrheqje ose presion kur f\u00ebmija del jasht\u00eb.<\/p><\/li><li><p>Spitali i specializuar p\u00ebr gjinekologji dhe obstetrik\u00eb &#8220;Dr. Organxhiski&#8221; disponon me salla operimi, t\u00eb pajisura me aparatura t\u00eb cil\u00ebsis\u00eb s\u00eb lart\u00eb me synimin kryesor &#8211; arritjen e siguris\u00eb maksimale p\u00ebr pacient\u00ebt dhe t\u00eb porsalindurit tan\u00eb.<\/p><\/li><li><p>Pas lindjes cezariane, do t\u00eb vendoseni n\u00eb repartin e kujdesit intensiv (6 deri n\u00eb 24 or\u00eb sipas gjykimit t\u00eb anestezistit), i cili \u00ebsht\u00eb i pajisur edhe me pajisje cil\u00ebsore p\u00ebr monitorimin intensiv t\u00eb pacientit.<\/p><\/li><li><p>Pas p\u00ebrfundimit t\u00eb k\u00ebsaj faze do t\u00eb vendoseni n\u00eb nj\u00eb nga dhomat VIP t\u00eb repartit.<\/p><\/li><\/ul><\/li><\/ul>\t\t\t\t\t\t<\/div>\n\t\t\t\t<\/div>\n\t\t\t\t<\/div>\n\t\t<div class=\"elementor-element elementor-element-176323b e-con-full e-flex e-con e-child\" data-id=\"176323b\" data-element_type=\"container\">\n\t\t\t\t<div class=\"elementor-element elementor-element-3a6cdc4 elementor-widget__width-inherit elementor-widget elementor-widget-image\" data-id=\"3a6cdc4\" data-element_type=\"widget\" data-widget_type=\"image.default\">\n\t\t\t\t<div class=\"elementor-widget-container\">\n\t\t\t\t\t\t\t\t\t\t\t\t\t<img fetchpriority=\"high\" decoding=\"async\" width=\"1920\" height=\"2560\" src=\"https:\/\/organdziski.com\/wp-content\/uploads\/2024\/05\/\u0426\u0430\u0440\u0441\u043a\u0438-\u0440\u0435\u0437-scaled.jpg\" class=\"attachment-full size-full wp-image-11782\" alt=\"\" srcset=\"https:\/\/organdziski.com\/wp-content\/uploads\/2024\/05\/\u0426\u0430\u0440\u0441\u043a\u0438-\u0440\u0435\u0437-scaled.jpg 1920w, https:\/\/organdziski.com\/wp-content\/uploads\/2024\/05\/\u0426\u0430\u0440\u0441\u043a\u0438-\u0440\u0435\u0437-225x300.jpg 225w, https:\/\/organdziski.com\/wp-content\/uploads\/2024\/05\/\u0426\u0430\u0440\u0441\u043a\u0438-\u0440\u0435\u0437-768x1024.jpg 768w, https:\/\/organdziski.com\/wp-content\/uploads\/2024\/05\/\u0426\u0430\u0440\u0441\u043a\u0438-\u0440\u0435\u0437-1152x1536.jpg 1152w, https:\/\/organdziski.com\/wp-content\/uploads\/2024\/05\/\u0426\u0430\u0440\u0441\u043a\u0438-\u0440\u0435\u0437-1536x2048.jpg 1536w, https:\/\/organdziski.com\/wp-content\/uploads\/2024\/05\/\u0426\u0430\u0440\u0441\u043a\u0438-\u0440\u0435\u0437-600x800.jpg 600w\" sizes=\"(max-width: 1920px) 100vw, 1920px\" \/>\t\t\t\t\t\t\t\t\t\t\t\t\t<\/div>\n\t\t\t\t<\/div>\n\t\t\t\t<div class=\"elementor-element elementor-element-a547191 elementor-widget elementor-widget-wpforms\" data-id=\"a547191\" data-element_type=\"widget\" data-widget_type=\"wpforms.default\">\n\t\t\t\t<div class=\"elementor-widget-container\">\n\t\t\t<div class=\"wpforms-container wpforms-container-full wpforms-render-modern\" id=\"wpforms-16361\"><form id=\"wpforms-form-16361\" class=\"wpforms-validate wpforms-form wpforms-ajax-form\" data-formid=\"16361\" method=\"post\" enctype=\"multipart\/form-data\" action=\"\/sq\/wp-json\/wp\/v2\/pages\/16388\" data-token=\"096b8d637536f509730e0f4ad87cbcb1\" data-token-time=\"1776912252\"><noscript class=\"wpforms-error-noscript\">Please enable JavaScript in your browser to complete this form.<\/noscript><div id=\"wpforms-error-noscript\" style=\"display: none;\">Please enable JavaScript in your browser to complete this form.<\/div><div class=\"wpforms-field-container\"><div id=\"wpforms-16361-field_2-container\" class=\"wpforms-field wpforms-field-text\" data-field-id=\"2\"><label class=\"wpforms-field-label\" for=\"wpforms-16361-field_2\">Emri juaj<\/label><input type=\"text\" id=\"wpforms-16361-field_2\" class=\"wpforms-field-medium\" name=\"wpforms[fields][2]\" aria-errormessage=\"wpforms-16361-field_2-error\" ><\/div><div id=\"wpforms-16361-field_3-container\" class=\"wpforms-field wpforms-field-text\" data-field-id=\"3\"><label class=\"wpforms-field-label\" for=\"wpforms-16361-field_3\">Email <\/label><input type=\"text\" id=\"wpforms-16361-field_3\" class=\"wpforms-field-medium\" name=\"wpforms[fields][3]\" aria-errormessage=\"wpforms-16361-field_3-error\" ><\/div><div id=\"wpforms-16361-field_4-container\" class=\"wpforms-field wpforms-field-textarea\" data-field-id=\"4\"><label class=\"wpforms-field-label\" for=\"wpforms-16361-field_4\">Pyetja juaj?<\/label><textarea id=\"wpforms-16361-field_4\" class=\"wpforms-field-large\" name=\"wpforms[fields][4]\" aria-errormessage=\"wpforms-16361-field_4-error\" ><\/textarea><\/div><\/div><!-- .wpforms-field-container --><div class=\"wpforms-submit-container\" ><input type=\"hidden\" name=\"wpforms[id]\" value=\"16361\"><input type=\"hidden\" name=\"page_title\" value=\"\"><input type=\"hidden\" name=\"page_url\" value=\"https:\/\/organdziski.com\/sq\/wp-json\/wp\/v2\/pages\/16388\"><input type=\"hidden\" name=\"url_referer\" value=\"\"><button type=\"submit\" name=\"wpforms[submit]\" id=\"wpforms-submit-16361\" class=\"wpforms-submit\" data-alt-text=\"Sending...\" data-submit-text=\"D\u00ebrgoni\" aria-live=\"assertive\" value=\"wpforms-submit\">D\u00ebrgoni<\/button><img decoding=\"async\" src=\"https:\/\/organdziski.com\/wp-content\/plugins\/wpforms-lite\/assets\/images\/submit-spin.svg\" class=\"wpforms-submit-spinner\" style=\"display: none;\" width=\"26\" height=\"26\" alt=\"Loading\"><\/div><\/form><\/div>  <!-- .wpforms-container -->\t\t<\/div>\n\t\t\t\t<\/div>\n\t\t\t\t<\/div>\n\t\t\t\t<\/div>\n\t\t\t\t<\/div>\n\t\t","protected":false},"excerpt":{"rendered":"<p>\u00c7far\u00eb do t\u00eb ndodh\u00eb me ju n\u00eb sall\u00ebn e operimit gjat\u00eb nj\u00eb operacioni cezarian? \u00c7far\u00eb do t\u00eb ndodh\u00eb me ju n\u00eb sall\u00ebn e operimit gjat\u00eb nj\u00eb operacioni cezarian? \u00c7far\u00eb do t\u00eb shihni, d\u00ebgjoni dhe ndjeni? P\u00ebr sa koh\u00eb do t\u00eb lind\u00eb f\u00ebmija juaj dhe kur do t\u00eb mund ta shihni? Sa koh\u00eb do t\u00eb kaloni&#8230;<\/p>\n","protected":false},"author":1,"featured_media":0,"parent":0,"menu_order":0,"comment_status":"closed","ping_status":"closed","template":"","meta":{"footnotes":""},"class_list":["post-16388","page","type-page","status-publish","hentry"],"yoast_head":"<!-- This site is optimized with the Yoast SEO Premium plugin v22.7 (Yoast SEO v27.4) - https:\/\/yoast.com\/product\/yoast-seo-premium-wordpress\/ -->\n<title>Lindje me prerje cezariane - \u041f\u0417\u0423 \u0414-\u0440 \u041e\u0440\u0433\u0430\u043d\u045f\u0438\u0441\u043a\u0438<\/title>\n<meta name=\"robots\" content=\"index, follow, max-snippet:-1, max-image-preview:large, max-video-preview:-1\" \/>\n<link rel=\"canonical\" href=\"https:\/\/organdziski.com\/poroduvanje-so-carski-rez\/\" \/>\n<meta property=\"og:locale\" content=\"sq_AL\" \/>\n<meta property=\"og:type\" content=\"article\" \/>\n<meta property=\"og:title\" content=\"Lindje me prerje cezariane\" \/>\n<meta property=\"og:description\" content=\"\u00c7far\u00eb do t\u00eb ndodh\u00eb me ju n\u00eb sall\u00ebn e operimit gjat\u00eb nj\u00eb operacioni cezarian? \u00c7far\u00eb do t\u00eb ndodh\u00eb me ju n\u00eb sall\u00ebn e operimit gjat\u00eb nj\u00eb operacioni cezarian? \u00c7far\u00eb do t\u00eb shihni, d\u00ebgjoni dhe ndjeni? P\u00ebr sa koh\u00eb do t\u00eb lind\u00eb f\u00ebmija juaj dhe kur do t\u00eb mund ta shihni? Sa koh\u00eb do t\u00eb kaloni...\" \/>\n<meta property=\"og:url\" content=\"https:\/\/organdziski.com\/poroduvanje-so-carski-rez\/\" \/>\n<meta property=\"og:site_name\" content=\"\u041f\u0417\u0423 \u0414-\u0440 \u041e\u0440\u0433\u0430\u043d\u045f\u0438\u0441\u043a\u0438\" \/>\n<meta property=\"article:publisher\" content=\"https:\/\/www.facebook.com\/Dr.Organdziski\" \/>\n<meta property=\"article:modified_time\" content=\"2024-06-24T17:22:24+00:00\" \/>\n<meta property=\"og:image\" content=\"https:\/\/organdziski.com\/wp-content\/plugins\/wpforms-lite\/assets\/images\/submit-spin.svg\" \/>\n<meta name=\"twitter:card\" content=\"summary_large_image\" \/>\n<meta name=\"twitter:label1\" content=\"Est. reading time\" \/>\n\t<meta name=\"twitter:data1\" content=\"3 minutes\" \/>\n<script type=\"application\/ld+json\" class=\"yoast-schema-graph\">{\"@context\":\"https:\\\/\\\/schema.org\",\"@graph\":[{\"@type\":\"WebPage\",\"@id\":\"https:\\\/\\\/organdziski.com\\\/poroduvanje-so-carski-rez\\\/\",\"url\":\"https:\\\/\\\/organdziski.com\\\/poroduvanje-so-carski-rez\\\/\",\"name\":\"Lindje me prerje cezariane - \u041f\u0417\u0423 \u0414-\u0440 \u041e\u0440\u0433\u0430\u043d\u045f\u0438\u0441\u043a\u0438\",\"isPartOf\":{\"@id\":\"https:\\\/\\\/organdziski.com\\\/#website\"},\"primaryImageOfPage\":{\"@id\":\"https:\\\/\\\/organdziski.com\\\/poroduvanje-so-carski-rez\\\/#primaryimage\"},\"image\":{\"@id\":\"https:\\\/\\\/organdziski.com\\\/poroduvanje-so-carski-rez\\\/#primaryimage\"},\"thumbnailUrl\":\"https:\\\/\\\/organdziski.com\\\/wp-content\\\/plugins\\\/wpforms-lite\\\/assets\\\/images\\\/submit-spin.svg\",\"datePublished\":\"2024-05-08T08:46:58+00:00\",\"dateModified\":\"2024-06-24T17:22:24+00:00\",\"breadcrumb\":{\"@id\":\"https:\\\/\\\/organdziski.com\\\/poroduvanje-so-carski-rez\\\/#breadcrumb\"},\"inLanguage\":\"sq-AL\",\"potentialAction\":[{\"@type\":\"ReadAction\",\"target\":[\"https:\\\/\\\/organdziski.com\\\/poroduvanje-so-carski-rez\\\/\"]}]},{\"@type\":\"ImageObject\",\"inLanguage\":\"sq-AL\",\"@id\":\"https:\\\/\\\/organdziski.com\\\/poroduvanje-so-carski-rez\\\/#primaryimage\",\"url\":\"https:\\\/\\\/organdziski.com\\\/wp-content\\\/plugins\\\/wpforms-lite\\\/assets\\\/images\\\/submit-spin.svg\",\"contentUrl\":\"https:\\\/\\\/organdziski.com\\\/wp-content\\\/plugins\\\/wpforms-lite\\\/assets\\\/images\\\/submit-spin.svg\"},{\"@type\":\"BreadcrumbList\",\"@id\":\"https:\\\/\\\/organdziski.com\\\/poroduvanje-so-carski-rez\\\/#breadcrumb\",\"itemListElement\":[{\"@type\":\"ListItem\",\"position\":1,\"name\":\"Home\",\"item\":\"https:\\\/\\\/organdziski.com\\\/\"},{\"@type\":\"ListItem\",\"position\":2,\"name\":\"Lindje me prerje cezariane\"}]},{\"@type\":\"WebSite\",\"@id\":\"https:\\\/\\\/organdziski.com\\\/#website\",\"url\":\"https:\\\/\\\/organdziski.com\\\/\",\"name\":\"\u041f\u0417\u0423 \u0414-\u0440 \u041e\u0440\u0433\u0430\u043d\u045f\u0438\u0441\u043a\u0438\",\"description\":\"\u0421\u043f\u0435\u0446\u0438\u0458\u0430\u043b\u0438\u0437\u0438\u0440\u0430\u043d\u0430 \u0431\u043e\u043b\u043d\u0438\u0446\u0430 \u043f\u043e \u0433\u0438\u043d\u0435\u043a\u043e\u043b\u043e\u0433\u0438\u0458\u0430 \u0438 \u0430\u043a\u0443\u0448\u0435\u0440\u0441\u0442\u0432\u043e\",\"publisher\":{\"@id\":\"https:\\\/\\\/organdziski.com\\\/#organization\"},\"potentialAction\":[{\"@type\":\"SearchAction\",\"target\":{\"@type\":\"EntryPoint\",\"urlTemplate\":\"https:\\\/\\\/organdziski.com\\\/?s={search_term_string}\"},\"query-input\":{\"@type\":\"PropertyValueSpecification\",\"valueRequired\":true,\"valueName\":\"search_term_string\"}}],\"inLanguage\":\"sq-AL\"},{\"@type\":\"Organization\",\"@id\":\"https:\\\/\\\/organdziski.com\\\/#organization\",\"name\":\"\u041f\u0417\u0423 \u0414-\u0440 \u041e\u0440\u0433\u0430\u043d\u045f\u0438\u0441\u043a\u0438\",\"url\":\"https:\\\/\\\/organdziski.com\\\/\",\"logo\":{\"@type\":\"ImageObject\",\"inLanguage\":\"sq-AL\",\"@id\":\"https:\\\/\\\/organdziski.com\\\/#\\\/schema\\\/logo\\\/image\\\/\",\"url\":\"https:\\\/\\\/organdziski.com\\\/wp-content\\\/uploads\\\/2024\\\/04\\\/organdziski.svg\",\"contentUrl\":\"https:\\\/\\\/organdziski.com\\\/wp-content\\\/uploads\\\/2024\\\/04\\\/organdziski.svg\",\"width\":341,\"height\":63,\"caption\":\"\u041f\u0417\u0423 \u0414-\u0440 \u041e\u0440\u0433\u0430\u043d\u045f\u0438\u0441\u043a\u0438\"},\"image\":{\"@id\":\"https:\\\/\\\/organdziski.com\\\/#\\\/schema\\\/logo\\\/image\\\/\"},\"sameAs\":[\"https:\\\/\\\/www.facebook.com\\\/Dr.Organdziski\",\"https:\\\/\\\/www.instagram.com\\\/bolnicadrorgandziski\\\/\",\"https:\\\/\\\/www.youtube.com\\\/channel\\\/UCVzAHTjH-QvDcCGm19znLyA\"]}]}<\/script>\n<!-- \/ Yoast SEO Premium plugin. -->","yoast_head_json":{"title":"Lindje me prerje cezariane - \u041f\u0417\u0423 \u0414-\u0440 \u041e\u0440\u0433\u0430\u043d\u045f\u0438\u0441\u043a\u0438","robots":{"index":"index","follow":"follow","max-snippet":"max-snippet:-1","max-image-preview":"max-image-preview:large","max-video-preview":"max-video-preview:-1"},"canonical":"https:\/\/organdziski.com\/poroduvanje-so-carski-rez\/","og_locale":"sq_AL","og_type":"article","og_title":"Lindje me prerje cezariane","og_description":"\u00c7far\u00eb do t\u00eb ndodh\u00eb me ju n\u00eb sall\u00ebn e operimit gjat\u00eb nj\u00eb operacioni cezarian? \u00c7far\u00eb do t\u00eb ndodh\u00eb me ju n\u00eb sall\u00ebn e operimit gjat\u00eb nj\u00eb operacioni cezarian? \u00c7far\u00eb do t\u00eb shihni, d\u00ebgjoni dhe ndjeni? P\u00ebr sa koh\u00eb do t\u00eb lind\u00eb f\u00ebmija juaj dhe kur do t\u00eb mund ta shihni? Sa koh\u00eb do t\u00eb kaloni...","og_url":"https:\/\/organdziski.com\/poroduvanje-so-carski-rez\/","og_site_name":"\u041f\u0417\u0423 \u0414-\u0440 \u041e\u0440\u0433\u0430\u043d\u045f\u0438\u0441\u043a\u0438","article_publisher":"https:\/\/www.facebook.com\/Dr.Organdziski","article_modified_time":"2024-06-24T17:22:24+00:00","og_image":[{"url":"https:\/\/organdziski.com\/wp-content\/plugins\/wpforms-lite\/assets\/images\/submit-spin.svg","type":"","width":"","height":""}],"twitter_card":"summary_large_image","twitter_misc":{"Est. reading time":"3 minutes"},"schema":{"@context":"https:\/\/schema.org","@graph":[{"@type":"WebPage","@id":"https:\/\/organdziski.com\/poroduvanje-so-carski-rez\/","url":"https:\/\/organdziski.com\/poroduvanje-so-carski-rez\/","name":"Lindje me prerje cezariane - \u041f\u0417\u0423 \u0414-\u0440 \u041e\u0440\u0433\u0430\u043d\u045f\u0438\u0441\u043a\u0438","isPartOf":{"@id":"https:\/\/organdziski.com\/#website"},"primaryImageOfPage":{"@id":"https:\/\/organdziski.com\/poroduvanje-so-carski-rez\/#primaryimage"},"image":{"@id":"https:\/\/organdziski.com\/poroduvanje-so-carski-rez\/#primaryimage"},"thumbnailUrl":"https:\/\/organdziski.com\/wp-content\/plugins\/wpforms-lite\/assets\/images\/submit-spin.svg","datePublished":"2024-05-08T08:46:58+00:00","dateModified":"2024-06-24T17:22:24+00:00","breadcrumb":{"@id":"https:\/\/organdziski.com\/poroduvanje-so-carski-rez\/#breadcrumb"},"inLanguage":"sq-AL","potentialAction":[{"@type":"ReadAction","target":["https:\/\/organdziski.com\/poroduvanje-so-carski-rez\/"]}]},{"@type":"ImageObject","inLanguage":"sq-AL","@id":"https:\/\/organdziski.com\/poroduvanje-so-carski-rez\/#primaryimage","url":"https:\/\/organdziski.com\/wp-content\/plugins\/wpforms-lite\/assets\/images\/submit-spin.svg","contentUrl":"https:\/\/organdziski.com\/wp-content\/plugins\/wpforms-lite\/assets\/images\/submit-spin.svg"},{"@type":"BreadcrumbList","@id":"https:\/\/organdziski.com\/poroduvanje-so-carski-rez\/#breadcrumb","itemListElement":[{"@type":"ListItem","position":1,"name":"Home","item":"https:\/\/organdziski.com\/"},{"@type":"ListItem","position":2,"name":"Lindje me prerje cezariane"}]},{"@type":"WebSite","@id":"https:\/\/organdziski.com\/#website","url":"https:\/\/organdziski.com\/","name":"\u041f\u0417\u0423 \u0414-\u0440 \u041e\u0440\u0433\u0430\u043d\u045f\u0438\u0441\u043a\u0438","description":"\u0421\u043f\u0435\u0446\u0438\u0458\u0430\u043b\u0438\u0437\u0438\u0440\u0430\u043d\u0430 \u0431\u043e\u043b\u043d\u0438\u0446\u0430 \u043f\u043e \u0433\u0438\u043d\u0435\u043a\u043e\u043b\u043e\u0433\u0438\u0458\u0430 \u0438 \u0430\u043a\u0443\u0448\u0435\u0440\u0441\u0442\u0432\u043e","publisher":{"@id":"https:\/\/organdziski.com\/#organization"},"potentialAction":[{"@type":"SearchAction","target":{"@type":"EntryPoint","urlTemplate":"https:\/\/organdziski.com\/?s={search_term_string}"},"query-input":{"@type":"PropertyValueSpecification","valueRequired":true,"valueName":"search_term_string"}}],"inLanguage":"sq-AL"},{"@type":"Organization","@id":"https:\/\/organdziski.com\/#organization","name":"\u041f\u0417\u0423 \u0414-\u0440 \u041e\u0440\u0433\u0430\u043d\u045f\u0438\u0441\u043a\u0438","url":"https:\/\/organdziski.com\/","logo":{"@type":"ImageObject","inLanguage":"sq-AL","@id":"https:\/\/organdziski.com\/#\/schema\/logo\/image\/","url":"https:\/\/organdziski.com\/wp-content\/uploads\/2024\/04\/organdziski.svg","contentUrl":"https:\/\/organdziski.com\/wp-content\/uploads\/2024\/04\/organdziski.svg","width":341,"height":63,"caption":"\u041f\u0417\u0423 \u0414-\u0440 \u041e\u0440\u0433\u0430\u043d\u045f\u0438\u0441\u043a\u0438"},"image":{"@id":"https:\/\/organdziski.com\/#\/schema\/logo\/image\/"},"sameAs":["https:\/\/www.facebook.com\/Dr.Organdziski","https:\/\/www.instagram.com\/bolnicadrorgandziski\/","https:\/\/www.youtube.com\/channel\/UCVzAHTjH-QvDcCGm19znLyA"]}]}},"_links":{"self":[{"href":"https:\/\/organdziski.com\/sq\/wp-json\/wp\/v2\/pages\/16388","targetHints":{"allow":["GET"]}}],"collection":[{"href":"https:\/\/organdziski.com\/sq\/wp-json\/wp\/v2\/pages"}],"about":[{"href":"https:\/\/organdziski.com\/sq\/wp-json\/wp\/v2\/types\/page"}],"author":[{"embeddable":true,"href":"https:\/\/organdziski.com\/sq\/wp-json\/wp\/v2\/users\/1"}],"replies":[{"embeddable":true,"href":"https:\/\/organdziski.com\/sq\/wp-json\/wp\/v2\/comments?post=16388"}],"version-history":[{"count":4,"href":"https:\/\/organdziski.com\/sq\/wp-json\/wp\/v2\/pages\/16388\/revisions"}],"predecessor-version":[{"id":16393,"href":"https:\/\/organdziski.com\/sq\/wp-json\/wp\/v2\/pages\/16388\/revisions\/16393"}],"wp:attachment":[{"href":"https:\/\/organdziski.com\/sq\/wp-json\/wp\/v2\/media?parent=16388"}],"curies":[{"name":"wp","href":"https:\/\/api.w.org\/{rel}","templated":true}]}}