{"id":16397,"date":"2024-05-08T08:49:27","date_gmt":"2024-05-08T08:49:27","guid":{"rendered":"https:\/\/organdziski.com\/?page_id=16397"},"modified":"2024-06-24T17:27:21","modified_gmt":"2024-06-24T17:27:21","slug":"operacione-laparoskopike","status":"publish","type":"page","link":"https:\/\/organdziski.com\/sq\/operacione-laparoskopike\/","title":{"rendered":"Operacione laparoskopike"},"content":{"rendered":"\t\t<div data-elementor-type=\"wp-page\" data-elementor-id=\"16397\" class=\"elementor elementor-16397 elementor-8573\" data-elementor-post-type=\"page\">\n\t\t\t\t<div class=\"elementor-element elementor-element-4b60b84 e-con-full e-flex e-con e-parent\" data-id=\"4b60b84\" data-element_type=\"container\">\n\t\t<div class=\"elementor-element elementor-element-b156a53 e-con-full e-flex e-con e-child\" data-id=\"b156a53\" data-element_type=\"container\">\n\t\t\t\t<div class=\"elementor-element elementor-element-2ebf31a elementor-widget elementor-widget-heading\" data-id=\"2ebf31a\" data-element_type=\"widget\" data-widget_type=\"heading.default\">\n\t\t\t\t<div class=\"elementor-widget-container\">\n\t\t\t<h2 class=\"elementor-heading-title elementor-size-default\">Kirurgji laparoskopike<\/h2>\t\t<\/div>\n\t\t\t\t<\/div>\n\t\t\t\t<div class=\"elementor-element elementor-element-41239bb elementor-widget elementor-widget-text-editor\" data-id=\"41239bb\" data-element_type=\"widget\" data-widget_type=\"text-editor.default\">\n\t\t\t\t<div class=\"elementor-widget-container\">\n\t\t\t\t\t\t\t<ul><li>Spitali yn\u00eb ofron kirurgji gjinekologjike laparoskopike, duke e ngritur sh\u00ebndetin e grave n\u00eb nj\u00eb nivel m\u00eb t\u00eb lart\u00eb!<\/li><li>Kirurgjia laparoskopike, e njohur edhe si kirurgjia minimale invazive, \u00ebsht\u00eb nj\u00eb teknik\u00eb m\u00eb moderne dhe p\u00ebrfshin p\u00ebrdorimin e prerjeve t\u00eb vogla dhe instrumenteve t\u00eb specializuara p\u00ebr t\u00eb kryer procedura t\u00eb ndryshme me m\u00eb pak trauma, mbresa t\u00eb reduktuara dhe koh\u00eb m\u00eb t\u00eb shpejt\u00eb rikuperimi.<\/li><\/ul>\t\t\t\t\t\t<\/div>\n\t\t\t\t<\/div>\n\t\t\t\t<div class=\"elementor-element elementor-element-fb398d2 elementor-widget elementor-widget-heading\" data-id=\"fb398d2\" data-element_type=\"widget\" data-widget_type=\"heading.default\">\n\t\t\t\t<div class=\"elementor-widget-container\">\n\t\t\t<h2 class=\"elementor-heading-title elementor-size-default\">Sot pothuajse t\u00eb gjitha operacionet gjinekologjike mund t\u00eb kryhen n\u00eb m\u00ebnyr\u00eb laparoskopike, p\u00ebrkat\u00ebsisht:<\/h2>\t\t<\/div>\n\t\t\t\t<\/div>\n\t\t\t\t<div class=\"elementor-element elementor-element-47f7c3f elementor-widget elementor-widget-text-editor\" data-id=\"47f7c3f\" data-element_type=\"widget\" data-widget_type=\"text-editor.default\">\n\t\t\t\t<div class=\"elementor-widget-container\">\n\t\t\t\t\t\t\t<ul><li><p>endometrioza;<\/p><\/li><li><p>mioma;<\/p><\/li><li><p>cistet e vezoreve;<\/p><\/li><li><p>\u00e7do gjendje tjet\u00ebr gjinekologjike q\u00eb k\u00ebrkon nd\u00ebrhyrje kirurgjikale\u2026<\/p><p>P\u00ebr k\u00ebt\u00eb q\u00ebllim, ekipi yn\u00eb profesionist i gjinekolog\u00ebve \u00ebsht\u00eb k\u00ebtu p\u00ebr t\u00eb ofruar kujdes t\u00eb jasht\u00ebzakonsh\u00ebm, t\u00eb p\u00ebrshtatur p\u00ebr nevojat tuaja.<\/p><p>Sh\u00ebndeti dhe mir\u00ebqenia juaj jan\u00eb t\u00eb nj\u00eb r\u00ebnd\u00ebsie t\u00eb madhe p\u00ebr ne, kjo \u00ebsht\u00eb arsyeja pse ne kemi investuar n\u00eb pajisje moderne dhe kemi mbledhur nj\u00eb ekip me kualifikim t\u00eb lart\u00eb kirurg\u00ebsh t\u00eb specializuar n\u00eb procedurat gjinekologjike laparoskopike.<\/p><\/li><\/ul>\t\t\t\t\t\t<\/div>\n\t\t\t\t<\/div>\n\t\t\t\t<div class=\"elementor-element elementor-element-0241997 elementor-widget elementor-widget-heading\" data-id=\"0241997\" data-element_type=\"widget\" data-widget_type=\"heading.default\">\n\t\t\t\t<div class=\"elementor-widget-container\">\n\t\t\t<h2 class=\"elementor-heading-title elementor-size-default\">Kirurgji gjinekologjike laparoskopike<\/h2>\t\t<\/div>\n\t\t\t\t<\/div>\n\t\t\t\t<div class=\"elementor-element elementor-element-93101da elementor-widget elementor-widget-text-editor\" data-id=\"93101da\" data-element_type=\"widget\" data-widget_type=\"text-editor.default\">\n\t\t\t\t<div class=\"elementor-widget-container\">\n\t\t\t\t\t\t\t<p>Me kirurgjin\u00eb gjinekologjike laparoskopike, ne synojm\u00eb t\u00eb p\u00ebrmir\u00ebsojm\u00eb sh\u00ebndetin tuaj, duke ofruar p\u00ebrpar\u00ebsi p\u00ebr pacient\u00ebt, si:<\/p><ul><li>m\u00eb pak gjakderdhje,<\/li><li>sh\u00ebrim m\u00eb t\u00eb shpejt\u00eb,<\/li><li>q\u00ebndrim m\u00eb t\u00eb shkurt\u00ebr n\u00eb spital dhe<\/li><li>rikthim m\u00eb t\u00eb shpejt\u00eb n\u00eb obligimet e p\u00ebrditshme.<\/li><\/ul>\t\t\t\t\t\t<\/div>\n\t\t\t\t<\/div>\n\t\t\t\t<\/div>\n\t\t<div class=\"elementor-element elementor-element-ff2c74d e-con-full e-flex e-con e-child\" data-id=\"ff2c74d\" data-element_type=\"container\">\n\t\t\t\t<div class=\"elementor-element elementor-element-3bec98a elementor-widget__width-inherit elementor-widget elementor-widget-image\" data-id=\"3bec98a\" data-element_type=\"widget\" data-widget_type=\"image.default\">\n\t\t\t\t<div class=\"elementor-widget-container\">\n\t\t\t\t\t\t\t\t\t\t\t\t\t<img fetchpriority=\"high\" decoding=\"async\" width=\"960\" height=\"720\" src=\"https:\/\/organdziski.com\/wp-content\/uploads\/2024\/05\/\u041b\u0430\u043f\u0430\u0440\u043e\u0441\u043a\u043e\u043f\u0441\u043a\u0438-\u043e\u043f\u0435\u0440\u0430\u0446\u0438\u0438.jpg\" class=\"attachment-full size-full wp-image-11786\" alt=\"\" srcset=\"https:\/\/organdziski.com\/wp-content\/uploads\/2024\/05\/\u041b\u0430\u043f\u0430\u0440\u043e\u0441\u043a\u043e\u043f\u0441\u043a\u0438-\u043e\u043f\u0435\u0440\u0430\u0446\u0438\u0438.jpg 960w, https:\/\/organdziski.com\/wp-content\/uploads\/2024\/05\/\u041b\u0430\u043f\u0430\u0440\u043e\u0441\u043a\u043e\u043f\u0441\u043a\u0438-\u043e\u043f\u0435\u0440\u0430\u0446\u0438\u0438-300x225.jpg 300w, https:\/\/organdziski.com\/wp-content\/uploads\/2024\/05\/\u041b\u0430\u043f\u0430\u0440\u043e\u0441\u043a\u043e\u043f\u0441\u043a\u0438-\u043e\u043f\u0435\u0440\u0430\u0446\u0438\u0438-768x576.jpg 768w, https:\/\/organdziski.com\/wp-content\/uploads\/2024\/05\/\u041b\u0430\u043f\u0430\u0440\u043e\u0441\u043a\u043e\u043f\u0441\u043a\u0438-\u043e\u043f\u0435\u0440\u0430\u0446\u0438\u0438-600x450.jpg 600w\" sizes=\"(max-width: 960px) 100vw, 960px\" \/>\t\t\t\t\t\t\t\t\t\t\t\t\t<\/div>\n\t\t\t\t<\/div>\n\t\t\t\t<div class=\"elementor-element elementor-element-43af250 elementor-widget elementor-widget-wpforms\" data-id=\"43af250\" data-element_type=\"widget\" data-widget_type=\"wpforms.default\">\n\t\t\t\t<div class=\"elementor-widget-container\">\n\t\t\t<div class=\"wpforms-container wpforms-container-full wpforms-render-modern\" id=\"wpforms-16361\"><form id=\"wpforms-form-16361\" class=\"wpforms-validate wpforms-form wpforms-ajax-form\" data-formid=\"16361\" method=\"post\" enctype=\"multipart\/form-data\" action=\"\/sq\/wp-json\/wp\/v2\/pages\/16397\" data-token=\"096b8d637536f509730e0f4ad87cbcb1\" data-token-time=\"1776911951\"><noscript class=\"wpforms-error-noscript\">Please enable JavaScript in your browser to complete this form.<\/noscript><div id=\"wpforms-error-noscript\" style=\"display: none;\">Please enable JavaScript in your browser to complete this form.<\/div><div class=\"wpforms-field-container\"><div id=\"wpforms-16361-field_2-container\" class=\"wpforms-field wpforms-field-text\" data-field-id=\"2\"><label class=\"wpforms-field-label\" for=\"wpforms-16361-field_2\">Emri juaj<\/label><input type=\"text\" id=\"wpforms-16361-field_2\" class=\"wpforms-field-medium\" name=\"wpforms[fields][2]\" aria-errormessage=\"wpforms-16361-field_2-error\" ><\/div><div id=\"wpforms-16361-field_3-container\" class=\"wpforms-field wpforms-field-text\" data-field-id=\"3\"><label class=\"wpforms-field-label\" for=\"wpforms-16361-field_3\">Email <\/label><input type=\"text\" id=\"wpforms-16361-field_3\" class=\"wpforms-field-medium\" name=\"wpforms[fields][3]\" aria-errormessage=\"wpforms-16361-field_3-error\" ><\/div><div id=\"wpforms-16361-field_4-container\" class=\"wpforms-field wpforms-field-textarea\" data-field-id=\"4\"><label class=\"wpforms-field-label\" for=\"wpforms-16361-field_4\">Pyetja juaj?<\/label><textarea id=\"wpforms-16361-field_4\" class=\"wpforms-field-large\" name=\"wpforms[fields][4]\" aria-errormessage=\"wpforms-16361-field_4-error\" ><\/textarea><\/div><\/div><!-- .wpforms-field-container --><div class=\"wpforms-submit-container\" ><input type=\"hidden\" name=\"wpforms[id]\" value=\"16361\"><input type=\"hidden\" name=\"page_title\" value=\"\"><input type=\"hidden\" name=\"page_url\" value=\"https:\/\/organdziski.com\/sq\/wp-json\/wp\/v2\/pages\/16397\"><input type=\"hidden\" name=\"url_referer\" value=\"\"><button type=\"submit\" name=\"wpforms[submit]\" id=\"wpforms-submit-16361\" class=\"wpforms-submit\" data-alt-text=\"Sending...\" data-submit-text=\"D\u00ebrgoni\" aria-live=\"assertive\" value=\"wpforms-submit\">D\u00ebrgoni<\/button><img decoding=\"async\" src=\"https:\/\/organdziski.com\/wp-content\/plugins\/wpforms-lite\/assets\/images\/submit-spin.svg\" class=\"wpforms-submit-spinner\" style=\"display: none;\" width=\"26\" height=\"26\" alt=\"Loading\"><\/div><\/form><\/div>  <!-- .wpforms-container -->\t\t<\/div>\n\t\t\t\t<\/div>\n\t\t\t\t<\/div>\n\t\t\t\t<\/div>\n\t\t\t\t<\/div>\n\t\t","protected":false},"excerpt":{"rendered":"<p>Kirurgji laparoskopike Spitali yn\u00eb ofron kirurgji gjinekologjike laparoskopike, duke e ngritur sh\u00ebndetin e grave n\u00eb nj\u00eb nivel m\u00eb t\u00eb lart\u00eb! Kirurgjia laparoskopike, e njohur edhe si kirurgjia minimale invazive, \u00ebsht\u00eb nj\u00eb teknik\u00eb m\u00eb moderne dhe p\u00ebrfshin p\u00ebrdorimin e prerjeve t\u00eb vogla dhe instrumenteve t\u00eb specializuara p\u00ebr t\u00eb kryer procedura t\u00eb ndryshme me m\u00eb pak trauma,&#8230;<\/p>\n","protected":false},"author":1,"featured_media":0,"parent":0,"menu_order":0,"comment_status":"closed","ping_status":"closed","template":"","meta":{"footnotes":""},"class_list":["post-16397","page","type-page","status-publish","hentry"],"yoast_head":"<!-- This site is optimized with the Yoast SEO Premium plugin v22.7 (Yoast SEO v27.4) - https:\/\/yoast.com\/product\/yoast-seo-premium-wordpress\/ -->\n<title>Operacione laparoskopike - \u041f\u0417\u0423 \u0414-\u0440 \u041e\u0440\u0433\u0430\u043d\u045f\u0438\u0441\u043a\u0438<\/title>\n<meta name=\"robots\" content=\"index, follow, max-snippet:-1, max-image-preview:large, max-video-preview:-1\" \/>\n<link rel=\"canonical\" href=\"https:\/\/organdziski.com\/laparoskopski-operacii\/\" \/>\n<meta property=\"og:locale\" content=\"sq_AL\" \/>\n<meta property=\"og:type\" content=\"article\" \/>\n<meta property=\"og:title\" content=\"Operacione laparoskopike\" \/>\n<meta property=\"og:description\" content=\"Kirurgji laparoskopike Spitali yn\u00eb ofron kirurgji gjinekologjike laparoskopike, duke e ngritur sh\u00ebndetin e grave n\u00eb nj\u00eb nivel m\u00eb t\u00eb lart\u00eb! Kirurgjia laparoskopike, e njohur edhe si kirurgjia minimale invazive, \u00ebsht\u00eb nj\u00eb teknik\u00eb m\u00eb moderne dhe p\u00ebrfshin p\u00ebrdorimin e prerjeve t\u00eb vogla dhe instrumenteve t\u00eb specializuara p\u00ebr t\u00eb kryer procedura t\u00eb ndryshme me m\u00eb pak trauma,...\" \/>\n<meta property=\"og:url\" content=\"https:\/\/organdziski.com\/laparoskopski-operacii\/\" \/>\n<meta property=\"og:site_name\" content=\"\u041f\u0417\u0423 \u0414-\u0440 \u041e\u0440\u0433\u0430\u043d\u045f\u0438\u0441\u043a\u0438\" \/>\n<meta property=\"article:publisher\" content=\"https:\/\/www.facebook.com\/Dr.Organdziski\" \/>\n<meta property=\"article:modified_time\" content=\"2024-06-24T17:27:21+00:00\" \/>\n<meta property=\"og:image\" content=\"https:\/\/organdziski.com\/wp-content\/plugins\/wpforms-lite\/assets\/images\/submit-spin.svg\" \/>\n<meta name=\"twitter:card\" content=\"summary_large_image\" \/>\n<meta name=\"twitter:label1\" content=\"Est. reading time\" \/>\n\t<meta name=\"twitter:data1\" content=\"2 minutes\" \/>\n<script type=\"application\/ld+json\" class=\"yoast-schema-graph\">{\"@context\":\"https:\\\/\\\/schema.org\",\"@graph\":[{\"@type\":\"WebPage\",\"@id\":\"https:\\\/\\\/organdziski.com\\\/laparoskopski-operacii\\\/\",\"url\":\"https:\\\/\\\/organdziski.com\\\/laparoskopski-operacii\\\/\",\"name\":\"Operacione laparoskopike - \u041f\u0417\u0423 \u0414-\u0440 \u041e\u0440\u0433\u0430\u043d\u045f\u0438\u0441\u043a\u0438\",\"isPartOf\":{\"@id\":\"https:\\\/\\\/organdziski.com\\\/#website\"},\"primaryImageOfPage\":{\"@id\":\"https:\\\/\\\/organdziski.com\\\/laparoskopski-operacii\\\/#primaryimage\"},\"image\":{\"@id\":\"https:\\\/\\\/organdziski.com\\\/laparoskopski-operacii\\\/#primaryimage\"},\"thumbnailUrl\":\"https:\\\/\\\/organdziski.com\\\/wp-content\\\/plugins\\\/wpforms-lite\\\/assets\\\/images\\\/submit-spin.svg\",\"datePublished\":\"2024-05-08T08:49:27+00:00\",\"dateModified\":\"2024-06-24T17:27:21+00:00\",\"breadcrumb\":{\"@id\":\"https:\\\/\\\/organdziski.com\\\/laparoskopski-operacii\\\/#breadcrumb\"},\"inLanguage\":\"sq-AL\",\"potentialAction\":[{\"@type\":\"ReadAction\",\"target\":[\"https:\\\/\\\/organdziski.com\\\/laparoskopski-operacii\\\/\"]}]},{\"@type\":\"ImageObject\",\"inLanguage\":\"sq-AL\",\"@id\":\"https:\\\/\\\/organdziski.com\\\/laparoskopski-operacii\\\/#primaryimage\",\"url\":\"https:\\\/\\\/organdziski.com\\\/wp-content\\\/plugins\\\/wpforms-lite\\\/assets\\\/images\\\/submit-spin.svg\",\"contentUrl\":\"https:\\\/\\\/organdziski.com\\\/wp-content\\\/plugins\\\/wpforms-lite\\\/assets\\\/images\\\/submit-spin.svg\"},{\"@type\":\"BreadcrumbList\",\"@id\":\"https:\\\/\\\/organdziski.com\\\/laparoskopski-operacii\\\/#breadcrumb\",\"itemListElement\":[{\"@type\":\"ListItem\",\"position\":1,\"name\":\"Home\",\"item\":\"https:\\\/\\\/organdziski.com\\\/\"},{\"@type\":\"ListItem\",\"position\":2,\"name\":\"Operacione laparoskopike\"}]},{\"@type\":\"WebSite\",\"@id\":\"https:\\\/\\\/organdziski.com\\\/#website\",\"url\":\"https:\\\/\\\/organdziski.com\\\/\",\"name\":\"\u041f\u0417\u0423 \u0414-\u0440 \u041e\u0440\u0433\u0430\u043d\u045f\u0438\u0441\u043a\u0438\",\"description\":\"\u0421\u043f\u0435\u0446\u0438\u0458\u0430\u043b\u0438\u0437\u0438\u0440\u0430\u043d\u0430 \u0431\u043e\u043b\u043d\u0438\u0446\u0430 \u043f\u043e \u0433\u0438\u043d\u0435\u043a\u043e\u043b\u043e\u0433\u0438\u0458\u0430 \u0438 \u0430\u043a\u0443\u0448\u0435\u0440\u0441\u0442\u0432\u043e\",\"publisher\":{\"@id\":\"https:\\\/\\\/organdziski.com\\\/#organization\"},\"potentialAction\":[{\"@type\":\"SearchAction\",\"target\":{\"@type\":\"EntryPoint\",\"urlTemplate\":\"https:\\\/\\\/organdziski.com\\\/?s={search_term_string}\"},\"query-input\":{\"@type\":\"PropertyValueSpecification\",\"valueRequired\":true,\"valueName\":\"search_term_string\"}}],\"inLanguage\":\"sq-AL\"},{\"@type\":\"Organization\",\"@id\":\"https:\\\/\\\/organdziski.com\\\/#organization\",\"name\":\"\u041f\u0417\u0423 \u0414-\u0440 \u041e\u0440\u0433\u0430\u043d\u045f\u0438\u0441\u043a\u0438\",\"url\":\"https:\\\/\\\/organdziski.com\\\/\",\"logo\":{\"@type\":\"ImageObject\",\"inLanguage\":\"sq-AL\",\"@id\":\"https:\\\/\\\/organdziski.com\\\/#\\\/schema\\\/logo\\\/image\\\/\",\"url\":\"https:\\\/\\\/organdziski.com\\\/wp-content\\\/uploads\\\/2024\\\/04\\\/organdziski.svg\",\"contentUrl\":\"https:\\\/\\\/organdziski.com\\\/wp-content\\\/uploads\\\/2024\\\/04\\\/organdziski.svg\",\"width\":341,\"height\":63,\"caption\":\"\u041f\u0417\u0423 \u0414-\u0440 \u041e\u0440\u0433\u0430\u043d\u045f\u0438\u0441\u043a\u0438\"},\"image\":{\"@id\":\"https:\\\/\\\/organdziski.com\\\/#\\\/schema\\\/logo\\\/image\\\/\"},\"sameAs\":[\"https:\\\/\\\/www.facebook.com\\\/Dr.Organdziski\",\"https:\\\/\\\/www.instagram.com\\\/bolnicadrorgandziski\\\/\",\"https:\\\/\\\/www.youtube.com\\\/channel\\\/UCVzAHTjH-QvDcCGm19znLyA\"]}]}<\/script>\n<!-- \/ Yoast SEO Premium plugin. -->","yoast_head_json":{"title":"Operacione laparoskopike - \u041f\u0417\u0423 \u0414-\u0440 \u041e\u0440\u0433\u0430\u043d\u045f\u0438\u0441\u043a\u0438","robots":{"index":"index","follow":"follow","max-snippet":"max-snippet:-1","max-image-preview":"max-image-preview:large","max-video-preview":"max-video-preview:-1"},"canonical":"https:\/\/organdziski.com\/laparoskopski-operacii\/","og_locale":"sq_AL","og_type":"article","og_title":"Operacione laparoskopike","og_description":"Kirurgji laparoskopike Spitali yn\u00eb ofron kirurgji gjinekologjike laparoskopike, duke e ngritur sh\u00ebndetin e grave n\u00eb nj\u00eb nivel m\u00eb t\u00eb lart\u00eb! Kirurgjia laparoskopike, e njohur edhe si kirurgjia minimale invazive, \u00ebsht\u00eb nj\u00eb teknik\u00eb m\u00eb moderne dhe p\u00ebrfshin p\u00ebrdorimin e prerjeve t\u00eb vogla dhe instrumenteve t\u00eb specializuara p\u00ebr t\u00eb kryer procedura t\u00eb ndryshme me m\u00eb pak trauma,...","og_url":"https:\/\/organdziski.com\/laparoskopski-operacii\/","og_site_name":"\u041f\u0417\u0423 \u0414-\u0440 \u041e\u0440\u0433\u0430\u043d\u045f\u0438\u0441\u043a\u0438","article_publisher":"https:\/\/www.facebook.com\/Dr.Organdziski","article_modified_time":"2024-06-24T17:27:21+00:00","og_image":[{"url":"https:\/\/organdziski.com\/wp-content\/plugins\/wpforms-lite\/assets\/images\/submit-spin.svg","type":"","width":"","height":""}],"twitter_card":"summary_large_image","twitter_misc":{"Est. reading time":"2 minutes"},"schema":{"@context":"https:\/\/schema.org","@graph":[{"@type":"WebPage","@id":"https:\/\/organdziski.com\/laparoskopski-operacii\/","url":"https:\/\/organdziski.com\/laparoskopski-operacii\/","name":"Operacione laparoskopike - \u041f\u0417\u0423 \u0414-\u0440 \u041e\u0440\u0433\u0430\u043d\u045f\u0438\u0441\u043a\u0438","isPartOf":{"@id":"https:\/\/organdziski.com\/#website"},"primaryImageOfPage":{"@id":"https:\/\/organdziski.com\/laparoskopski-operacii\/#primaryimage"},"image":{"@id":"https:\/\/organdziski.com\/laparoskopski-operacii\/#primaryimage"},"thumbnailUrl":"https:\/\/organdziski.com\/wp-content\/plugins\/wpforms-lite\/assets\/images\/submit-spin.svg","datePublished":"2024-05-08T08:49:27+00:00","dateModified":"2024-06-24T17:27:21+00:00","breadcrumb":{"@id":"https:\/\/organdziski.com\/laparoskopski-operacii\/#breadcrumb"},"inLanguage":"sq-AL","potentialAction":[{"@type":"ReadAction","target":["https:\/\/organdziski.com\/laparoskopski-operacii\/"]}]},{"@type":"ImageObject","inLanguage":"sq-AL","@id":"https:\/\/organdziski.com\/laparoskopski-operacii\/#primaryimage","url":"https:\/\/organdziski.com\/wp-content\/plugins\/wpforms-lite\/assets\/images\/submit-spin.svg","contentUrl":"https:\/\/organdziski.com\/wp-content\/plugins\/wpforms-lite\/assets\/images\/submit-spin.svg"},{"@type":"BreadcrumbList","@id":"https:\/\/organdziski.com\/laparoskopski-operacii\/#breadcrumb","itemListElement":[{"@type":"ListItem","position":1,"name":"Home","item":"https:\/\/organdziski.com\/"},{"@type":"ListItem","position":2,"name":"Operacione laparoskopike"}]},{"@type":"WebSite","@id":"https:\/\/organdziski.com\/#website","url":"https:\/\/organdziski.com\/","name":"\u041f\u0417\u0423 \u0414-\u0440 \u041e\u0440\u0433\u0430\u043d\u045f\u0438\u0441\u043a\u0438","description":"\u0421\u043f\u0435\u0446\u0438\u0458\u0430\u043b\u0438\u0437\u0438\u0440\u0430\u043d\u0430 \u0431\u043e\u043b\u043d\u0438\u0446\u0430 \u043f\u043e \u0433\u0438\u043d\u0435\u043a\u043e\u043b\u043e\u0433\u0438\u0458\u0430 \u0438 \u0430\u043a\u0443\u0448\u0435\u0440\u0441\u0442\u0432\u043e","publisher":{"@id":"https:\/\/organdziski.com\/#organization"},"potentialAction":[{"@type":"SearchAction","target":{"@type":"EntryPoint","urlTemplate":"https:\/\/organdziski.com\/?s={search_term_string}"},"query-input":{"@type":"PropertyValueSpecification","valueRequired":true,"valueName":"search_term_string"}}],"inLanguage":"sq-AL"},{"@type":"Organization","@id":"https:\/\/organdziski.com\/#organization","name":"\u041f\u0417\u0423 \u0414-\u0440 \u041e\u0440\u0433\u0430\u043d\u045f\u0438\u0441\u043a\u0438","url":"https:\/\/organdziski.com\/","logo":{"@type":"ImageObject","inLanguage":"sq-AL","@id":"https:\/\/organdziski.com\/#\/schema\/logo\/image\/","url":"https:\/\/organdziski.com\/wp-content\/uploads\/2024\/04\/organdziski.svg","contentUrl":"https:\/\/organdziski.com\/wp-content\/uploads\/2024\/04\/organdziski.svg","width":341,"height":63,"caption":"\u041f\u0417\u0423 \u0414-\u0440 \u041e\u0440\u0433\u0430\u043d\u045f\u0438\u0441\u043a\u0438"},"image":{"@id":"https:\/\/organdziski.com\/#\/schema\/logo\/image\/"},"sameAs":["https:\/\/www.facebook.com\/Dr.Organdziski","https:\/\/www.instagram.com\/bolnicadrorgandziski\/","https:\/\/www.youtube.com\/channel\/UCVzAHTjH-QvDcCGm19znLyA"]}]}},"_links":{"self":[{"href":"https:\/\/organdziski.com\/sq\/wp-json\/wp\/v2\/pages\/16397","targetHints":{"allow":["GET"]}}],"collection":[{"href":"https:\/\/organdziski.com\/sq\/wp-json\/wp\/v2\/pages"}],"about":[{"href":"https:\/\/organdziski.com\/sq\/wp-json\/wp\/v2\/types\/page"}],"author":[{"embeddable":true,"href":"https:\/\/organdziski.com\/sq\/wp-json\/wp\/v2\/users\/1"}],"replies":[{"embeddable":true,"href":"https:\/\/organdziski.com\/sq\/wp-json\/wp\/v2\/comments?post=16397"}],"version-history":[{"count":3,"href":"https:\/\/organdziski.com\/sq\/wp-json\/wp\/v2\/pages\/16397\/revisions"}],"predecessor-version":[{"id":16400,"href":"https:\/\/organdziski.com\/sq\/wp-json\/wp\/v2\/pages\/16397\/revisions\/16400"}],"wp:attachment":[{"href":"https:\/\/organdziski.com\/sq\/wp-json\/wp\/v2\/media?parent=16397"}],"curies":[{"name":"wp","href":"https:\/\/api.w.org\/{rel}","templated":true}]}}