{"id":16404,"date":"2024-05-08T08:51:11","date_gmt":"2024-05-08T08:51:11","guid":{"rendered":"https:\/\/organdziski.com\/?page_id=16404"},"modified":"2024-06-24T17:30:30","modified_gmt":"2024-06-24T17:30:30","slug":"operacionet-histeroskopike","status":"publish","type":"page","link":"https:\/\/organdziski.com\/sq\/operacionet-histeroskopike\/","title":{"rendered":"Operacionet histeroskopike"},"content":{"rendered":"\t\t<div data-elementor-type=\"wp-page\" data-elementor-id=\"16404\" class=\"elementor elementor-16404 elementor-8578\" data-elementor-post-type=\"page\">\n\t\t\t\t<div class=\"elementor-element elementor-element-6d6438b e-con-full e-flex e-con e-parent\" data-id=\"6d6438b\" data-element_type=\"container\">\n\t\t<div class=\"elementor-element elementor-element-0b4048d e-con-full e-flex e-con e-child\" data-id=\"0b4048d\" data-element_type=\"container\">\n\t\t\t\t<div class=\"elementor-element elementor-element-5c310a7 elementor-widget elementor-widget-heading\" data-id=\"5c310a7\" data-element_type=\"widget\" data-widget_type=\"heading.default\">\n\t\t\t\t<div class=\"elementor-widget-container\">\n\t\t\t<h2 class=\"elementor-heading-title elementor-size-default\">\u00c7far\u00eb \u00ebsht\u00eb histeroskopia?<\/h2>\t\t<\/div>\n\t\t\t\t<\/div>\n\t\t\t\t<div class=\"elementor-element elementor-element-2ff172f elementor-widget elementor-widget-text-editor\" data-id=\"2ff172f\" data-element_type=\"widget\" data-widget_type=\"text-editor.default\">\n\t\t\t\t<div class=\"elementor-widget-container\">\n\t\t\t\t\t\t\t<ul><li><p>Histeroskopia \u00ebsht\u00eb nj\u00eb pamje e brend\u00ebsis\u00eb s\u00eb mitr\u00ebs me ndihm\u00ebn e optik\u00ebs q\u00eb quhet histeroskop.<\/p><\/li><li><p>Histeroskopia p\u00ebrdoret p\u00ebr q\u00ebllime diagnostikuese ose si metod\u00eb kirurgjikale p\u00ebr trajtimin e gjendjeve t\u00eb caktuara.<\/p><\/li><\/ul>\t\t\t\t\t\t<\/div>\n\t\t\t\t<\/div>\n\t\t\t\t<div class=\"elementor-element elementor-element-4e2c667 elementor-widget elementor-widget-heading\" data-id=\"4e2c667\" data-element_type=\"widget\" data-widget_type=\"heading.default\">\n\t\t\t\t<div class=\"elementor-widget-container\">\n\t\t\t<h2 class=\"elementor-heading-title elementor-size-default\">Pse \u00ebsht\u00eb e nevojshme histeroskopia?<\/h2>\t\t<\/div>\n\t\t\t\t<\/div>\n\t\t\t\t<div class=\"elementor-element elementor-element-b19689a elementor-widget elementor-widget-text-editor\" data-id=\"b19689a\" data-element_type=\"widget\" data-widget_type=\"text-editor.default\">\n\t\t\t\t<div class=\"elementor-widget-container\">\n\t\t\t\t\t\t\t<ul><li>Histeroskopia i mund\u00ebson mjekut t\u00eb shikoj\u00eb n\u00eb detaje pjes\u00ebn e brendshme t\u00eb mitr\u00ebs. Histeroskopi futet me kujdes p\u00ebrmes vagin\u00ebs dhe qaf\u00ebs s\u00eb mitr\u00ebs n\u00eb pjes\u00ebn e brendshme t\u00eb saj, dhe mjeku (operauesi) monitoron \u00e7do l\u00ebvizje t\u00eb saj n\u00eb monitor\u00eb t\u00eb ve\u00e7ant\u00eb. Gjat\u00eb histeroskopis\u00eb, mund t\u00eb merret nj\u00eb biopsi e mukoz\u00ebs s\u00eb mitr\u00ebs p\u00ebr ekzaminim.<\/li><\/ul>\t\t\t\t\t\t<\/div>\n\t\t\t\t<\/div>\n\t\t\t\t<div class=\"elementor-element elementor-element-5deac14 elementor-widget elementor-widget-heading\" data-id=\"5deac14\" data-element_type=\"widget\" data-widget_type=\"heading.default\">\n\t\t\t\t<div class=\"elementor-widget-container\">\n\t\t\t<h2 class=\"elementor-heading-title elementor-size-default\">Histeroskopia p\u00ebrdoret p\u00ebr t\u00eb zbuluar shkakun e simptomave t\u00eb m\u00ebposhtme si:<\/h2>\t\t<\/div>\n\t\t\t\t<\/div>\n\t\t\t\t<div class=\"elementor-element elementor-element-6810e90 elementor-widget elementor-widget-text-editor\" data-id=\"6810e90\" data-element_type=\"widget\" data-widget_type=\"text-editor.default\">\n\t\t\t\t<div class=\"elementor-widget-container\">\n\t\t\t\t\t\t\t<ul><li>Gjakderdhje e pazakont\u00eb<\/li><li>Sterilitet<\/li><li>Probleme t\u00eb m\u00ebparshme me mbajtjen e shtatz\u00ebnis\u00eb<\/li><li>Dhe s\u00ebmundje t\u00eb tjera gjinekologjike<\/li><\/ul><p>Me ndihm\u00ebn e histeroskopis\u00eb, polipet, septumet ose ndarjet e mitr\u00ebs mund t\u00eb hiqen miomat e mitr\u00ebs q\u00eb ndodhen n\u00eb pjes\u00ebn e brendshme t\u00eb saj.<\/p>\t\t\t\t\t\t<\/div>\n\t\t\t\t<\/div>\n\t\t\t\t<div class=\"elementor-element elementor-element-255e24c elementor-widget__width-inherit elementor-widget elementor-widget-image\" data-id=\"255e24c\" data-element_type=\"widget\" data-widget_type=\"image.default\">\n\t\t\t\t<div class=\"elementor-widget-container\">\n\t\t\t\t\t\t\t\t\t\t\t\t\t<img decoding=\"async\" src=\"http:\/\/dr.rapid.si\/wp-content\/uploads\/2024\/04\/\u0445\u0438\u0441\u0442\u0435\u0440\u043e\u0441\u043a\u043e\u043f\u0441\u043a\u0438-\u043e\u043f\u0435\u0440\u0430\u0446\u0438\u0438.jpg\" title=\"\" alt=\"\" loading=\"lazy\" \/>\t\t\t\t\t\t\t\t\t\t\t\t\t<\/div>\n\t\t\t\t<\/div>\n\t\t\t\t<\/div>\n\t\t<div class=\"elementor-element elementor-element-c9ed03f e-con-full e-flex e-con e-child\" data-id=\"c9ed03f\" data-element_type=\"container\">\n\t\t\t\t<div class=\"elementor-element elementor-element-410533c elementor-widget__width-inherit elementor-widget elementor-widget-image\" data-id=\"410533c\" data-element_type=\"widget\" data-widget_type=\"image.default\">\n\t\t\t\t<div class=\"elementor-widget-container\">\n\t\t\t\t\t\t\t\t\t\t\t\t\t<img fetchpriority=\"high\" decoding=\"async\" width=\"1024\" height=\"636\" src=\"https:\/\/organdziski.com\/wp-content\/uploads\/2024\/05\/\u0425\u0438\u0441\u0442\u0435\u0440\u043e\u0441\u043a\u043e\u043f\u0438\u0458\u0430.jpg\" class=\"attachment-full size-full wp-image-11790\" alt=\"\" srcset=\"https:\/\/organdziski.com\/wp-content\/uploads\/2024\/05\/\u0425\u0438\u0441\u0442\u0435\u0440\u043e\u0441\u043a\u043e\u043f\u0438\u0458\u0430.jpg 1024w, https:\/\/organdziski.com\/wp-content\/uploads\/2024\/05\/\u0425\u0438\u0441\u0442\u0435\u0440\u043e\u0441\u043a\u043e\u043f\u0438\u0458\u0430-300x186.jpg 300w, https:\/\/organdziski.com\/wp-content\/uploads\/2024\/05\/\u0425\u0438\u0441\u0442\u0435\u0440\u043e\u0441\u043a\u043e\u043f\u0438\u0458\u0430-768x477.jpg 768w, https:\/\/organdziski.com\/wp-content\/uploads\/2024\/05\/\u0425\u0438\u0441\u0442\u0435\u0440\u043e\u0441\u043a\u043e\u043f\u0438\u0458\u0430-600x373.jpg 600w\" sizes=\"(max-width: 1024px) 100vw, 1024px\" \/>\t\t\t\t\t\t\t\t\t\t\t\t\t<\/div>\n\t\t\t\t<\/div>\n\t\t\t\t<div class=\"elementor-element elementor-element-79d27de elementor-widget elementor-widget-wpforms\" data-id=\"79d27de\" data-element_type=\"widget\" data-widget_type=\"wpforms.default\">\n\t\t\t\t<div class=\"elementor-widget-container\">\n\t\t\t<div class=\"wpforms-container wpforms-container-full wpforms-render-modern\" id=\"wpforms-16361\"><form id=\"wpforms-form-16361\" class=\"wpforms-validate wpforms-form wpforms-ajax-form\" data-formid=\"16361\" method=\"post\" enctype=\"multipart\/form-data\" action=\"\/sq\/wp-json\/wp\/v2\/pages\/16404\" data-token=\"096b8d637536f509730e0f4ad87cbcb1\" data-token-time=\"1776912202\"><noscript class=\"wpforms-error-noscript\">Please enable JavaScript in your browser to complete this form.<\/noscript><div id=\"wpforms-error-noscript\" style=\"display: none;\">Please enable JavaScript in your browser to complete this form.<\/div><div class=\"wpforms-field-container\"><div id=\"wpforms-16361-field_2-container\" class=\"wpforms-field wpforms-field-text\" data-field-id=\"2\"><label class=\"wpforms-field-label\" for=\"wpforms-16361-field_2\">Emri juaj<\/label><input type=\"text\" id=\"wpforms-16361-field_2\" class=\"wpforms-field-medium\" name=\"wpforms[fields][2]\" aria-errormessage=\"wpforms-16361-field_2-error\" ><\/div><div id=\"wpforms-16361-field_3-container\" class=\"wpforms-field wpforms-field-text\" data-field-id=\"3\"><label class=\"wpforms-field-label\" for=\"wpforms-16361-field_3\">Email <\/label><input type=\"text\" id=\"wpforms-16361-field_3\" class=\"wpforms-field-medium\" name=\"wpforms[fields][3]\" aria-errormessage=\"wpforms-16361-field_3-error\" ><\/div><div id=\"wpforms-16361-field_4-container\" class=\"wpforms-field wpforms-field-textarea\" data-field-id=\"4\"><label class=\"wpforms-field-label\" for=\"wpforms-16361-field_4\">Pyetja juaj?<\/label><textarea id=\"wpforms-16361-field_4\" class=\"wpforms-field-large\" name=\"wpforms[fields][4]\" aria-errormessage=\"wpforms-16361-field_4-error\" ><\/textarea><\/div><\/div><!-- .wpforms-field-container --><div class=\"wpforms-submit-container\" ><input type=\"hidden\" name=\"wpforms[id]\" value=\"16361\"><input type=\"hidden\" name=\"page_title\" value=\"\"><input type=\"hidden\" name=\"page_url\" value=\"https:\/\/organdziski.com\/sq\/wp-json\/wp\/v2\/pages\/16404\"><input type=\"hidden\" name=\"url_referer\" value=\"\"><button type=\"submit\" name=\"wpforms[submit]\" id=\"wpforms-submit-16361\" class=\"wpforms-submit\" data-alt-text=\"Sending...\" data-submit-text=\"D\u00ebrgoni\" aria-live=\"assertive\" value=\"wpforms-submit\">D\u00ebrgoni<\/button><img decoding=\"async\" src=\"https:\/\/organdziski.com\/wp-content\/plugins\/wpforms-lite\/assets\/images\/submit-spin.svg\" class=\"wpforms-submit-spinner\" style=\"display: none;\" width=\"26\" height=\"26\" alt=\"Loading\"><\/div><\/form><\/div>  <!-- .wpforms-container -->\t\t<\/div>\n\t\t\t\t<\/div>\n\t\t\t\t<\/div>\n\t\t\t\t<\/div>\n\t\t\t\t<\/div>\n\t\t","protected":false},"excerpt":{"rendered":"<p>\u00c7far\u00eb \u00ebsht\u00eb histeroskopia? Histeroskopia \u00ebsht\u00eb nj\u00eb pamje e brend\u00ebsis\u00eb s\u00eb mitr\u00ebs me ndihm\u00ebn e optik\u00ebs q\u00eb quhet histeroskop. Histeroskopia p\u00ebrdoret p\u00ebr q\u00ebllime diagnostikuese ose si metod\u00eb kirurgjikale p\u00ebr trajtimin e gjendjeve t\u00eb caktuara. Pse \u00ebsht\u00eb e nevojshme histeroskopia? Histeroskopia i mund\u00ebson mjekut t\u00eb shikoj\u00eb n\u00eb detaje pjes\u00ebn e brendshme t\u00eb mitr\u00ebs. Histeroskopi futet me kujdes&#8230;<\/p>\n","protected":false},"author":1,"featured_media":0,"parent":0,"menu_order":0,"comment_status":"closed","ping_status":"closed","template":"","meta":{"footnotes":""},"class_list":["post-16404","page","type-page","status-publish","hentry"],"yoast_head":"<!-- This site is optimized with the Yoast SEO Premium plugin v22.7 (Yoast SEO v27.4) - https:\/\/yoast.com\/product\/yoast-seo-premium-wordpress\/ -->\n<title>Operacionet histeroskopike - \u041f\u0417\u0423 \u0414-\u0440 \u041e\u0440\u0433\u0430\u043d\u045f\u0438\u0441\u043a\u0438<\/title>\n<meta name=\"robots\" content=\"index, follow, max-snippet:-1, max-image-preview:large, max-video-preview:-1\" \/>\n<link rel=\"canonical\" href=\"https:\/\/organdziski.com\/histeroskopski-operacii\/\" \/>\n<meta property=\"og:locale\" content=\"sq_AL\" \/>\n<meta property=\"og:type\" content=\"article\" \/>\n<meta property=\"og:title\" content=\"Operacionet histeroskopike\" \/>\n<meta property=\"og:description\" content=\"\u00c7far\u00eb \u00ebsht\u00eb histeroskopia? Histeroskopia \u00ebsht\u00eb nj\u00eb pamje e brend\u00ebsis\u00eb s\u00eb mitr\u00ebs me ndihm\u00ebn e optik\u00ebs q\u00eb quhet histeroskop. Histeroskopia p\u00ebrdoret p\u00ebr q\u00ebllime diagnostikuese ose si metod\u00eb kirurgjikale p\u00ebr trajtimin e gjendjeve t\u00eb caktuara. Pse \u00ebsht\u00eb e nevojshme histeroskopia? Histeroskopia i mund\u00ebson mjekut t\u00eb shikoj\u00eb n\u00eb detaje pjes\u00ebn e brendshme t\u00eb mitr\u00ebs. Histeroskopi futet me kujdes...\" \/>\n<meta property=\"og:url\" content=\"https:\/\/organdziski.com\/histeroskopski-operacii\/\" \/>\n<meta property=\"og:site_name\" content=\"\u041f\u0417\u0423 \u0414-\u0440 \u041e\u0440\u0433\u0430\u043d\u045f\u0438\u0441\u043a\u0438\" \/>\n<meta property=\"article:publisher\" content=\"https:\/\/www.facebook.com\/Dr.Organdziski\" \/>\n<meta property=\"article:modified_time\" content=\"2024-06-24T17:30:30+00:00\" \/>\n<meta property=\"og:image\" content=\"https:\/\/organdziski.com\/wp-content\/plugins\/wpforms-lite\/assets\/images\/submit-spin.svg\" \/>\n<meta name=\"twitter:card\" content=\"summary_large_image\" \/>\n<meta name=\"twitter:label1\" content=\"Est. reading time\" \/>\n\t<meta name=\"twitter:data1\" content=\"2 minutes\" \/>\n<script type=\"application\/ld+json\" class=\"yoast-schema-graph\">{\"@context\":\"https:\\\/\\\/schema.org\",\"@graph\":[{\"@type\":\"WebPage\",\"@id\":\"https:\\\/\\\/organdziski.com\\\/histeroskopski-operacii\\\/\",\"url\":\"https:\\\/\\\/organdziski.com\\\/histeroskopski-operacii\\\/\",\"name\":\"Operacionet histeroskopike - \u041f\u0417\u0423 \u0414-\u0440 \u041e\u0440\u0433\u0430\u043d\u045f\u0438\u0441\u043a\u0438\",\"isPartOf\":{\"@id\":\"https:\\\/\\\/organdziski.com\\\/#website\"},\"primaryImageOfPage\":{\"@id\":\"https:\\\/\\\/organdziski.com\\\/histeroskopski-operacii\\\/#primaryimage\"},\"image\":{\"@id\":\"https:\\\/\\\/organdziski.com\\\/histeroskopski-operacii\\\/#primaryimage\"},\"thumbnailUrl\":\"https:\\\/\\\/organdziski.com\\\/wp-content\\\/plugins\\\/wpforms-lite\\\/assets\\\/images\\\/submit-spin.svg\",\"datePublished\":\"2024-05-08T08:51:11+00:00\",\"dateModified\":\"2024-06-24T17:30:30+00:00\",\"breadcrumb\":{\"@id\":\"https:\\\/\\\/organdziski.com\\\/histeroskopski-operacii\\\/#breadcrumb\"},\"inLanguage\":\"sq-AL\",\"potentialAction\":[{\"@type\":\"ReadAction\",\"target\":[\"https:\\\/\\\/organdziski.com\\\/histeroskopski-operacii\\\/\"]}]},{\"@type\":\"ImageObject\",\"inLanguage\":\"sq-AL\",\"@id\":\"https:\\\/\\\/organdziski.com\\\/histeroskopski-operacii\\\/#primaryimage\",\"url\":\"https:\\\/\\\/organdziski.com\\\/wp-content\\\/plugins\\\/wpforms-lite\\\/assets\\\/images\\\/submit-spin.svg\",\"contentUrl\":\"https:\\\/\\\/organdziski.com\\\/wp-content\\\/plugins\\\/wpforms-lite\\\/assets\\\/images\\\/submit-spin.svg\"},{\"@type\":\"BreadcrumbList\",\"@id\":\"https:\\\/\\\/organdziski.com\\\/histeroskopski-operacii\\\/#breadcrumb\",\"itemListElement\":[{\"@type\":\"ListItem\",\"position\":1,\"name\":\"Home\",\"item\":\"https:\\\/\\\/organdziski.com\\\/\"},{\"@type\":\"ListItem\",\"position\":2,\"name\":\"Operacionet histeroskopike\"}]},{\"@type\":\"WebSite\",\"@id\":\"https:\\\/\\\/organdziski.com\\\/#website\",\"url\":\"https:\\\/\\\/organdziski.com\\\/\",\"name\":\"\u041f\u0417\u0423 \u0414-\u0440 \u041e\u0440\u0433\u0430\u043d\u045f\u0438\u0441\u043a\u0438\",\"description\":\"\u0421\u043f\u0435\u0446\u0438\u0458\u0430\u043b\u0438\u0437\u0438\u0440\u0430\u043d\u0430 \u0431\u043e\u043b\u043d\u0438\u0446\u0430 \u043f\u043e \u0433\u0438\u043d\u0435\u043a\u043e\u043b\u043e\u0433\u0438\u0458\u0430 \u0438 \u0430\u043a\u0443\u0448\u0435\u0440\u0441\u0442\u0432\u043e\",\"publisher\":{\"@id\":\"https:\\\/\\\/organdziski.com\\\/#organization\"},\"potentialAction\":[{\"@type\":\"SearchAction\",\"target\":{\"@type\":\"EntryPoint\",\"urlTemplate\":\"https:\\\/\\\/organdziski.com\\\/?s={search_term_string}\"},\"query-input\":{\"@type\":\"PropertyValueSpecification\",\"valueRequired\":true,\"valueName\":\"search_term_string\"}}],\"inLanguage\":\"sq-AL\"},{\"@type\":\"Organization\",\"@id\":\"https:\\\/\\\/organdziski.com\\\/#organization\",\"name\":\"\u041f\u0417\u0423 \u0414-\u0440 \u041e\u0440\u0433\u0430\u043d\u045f\u0438\u0441\u043a\u0438\",\"url\":\"https:\\\/\\\/organdziski.com\\\/\",\"logo\":{\"@type\":\"ImageObject\",\"inLanguage\":\"sq-AL\",\"@id\":\"https:\\\/\\\/organdziski.com\\\/#\\\/schema\\\/logo\\\/image\\\/\",\"url\":\"https:\\\/\\\/organdziski.com\\\/wp-content\\\/uploads\\\/2024\\\/04\\\/organdziski.svg\",\"contentUrl\":\"https:\\\/\\\/organdziski.com\\\/wp-content\\\/uploads\\\/2024\\\/04\\\/organdziski.svg\",\"width\":341,\"height\":63,\"caption\":\"\u041f\u0417\u0423 \u0414-\u0440 \u041e\u0440\u0433\u0430\u043d\u045f\u0438\u0441\u043a\u0438\"},\"image\":{\"@id\":\"https:\\\/\\\/organdziski.com\\\/#\\\/schema\\\/logo\\\/image\\\/\"},\"sameAs\":[\"https:\\\/\\\/www.facebook.com\\\/Dr.Organdziski\",\"https:\\\/\\\/www.instagram.com\\\/bolnicadrorgandziski\\\/\",\"https:\\\/\\\/www.youtube.com\\\/channel\\\/UCVzAHTjH-QvDcCGm19znLyA\"]}]}<\/script>\n<!-- \/ Yoast SEO Premium plugin. -->","yoast_head_json":{"title":"Operacionet histeroskopike - \u041f\u0417\u0423 \u0414-\u0440 \u041e\u0440\u0433\u0430\u043d\u045f\u0438\u0441\u043a\u0438","robots":{"index":"index","follow":"follow","max-snippet":"max-snippet:-1","max-image-preview":"max-image-preview:large","max-video-preview":"max-video-preview:-1"},"canonical":"https:\/\/organdziski.com\/histeroskopski-operacii\/","og_locale":"sq_AL","og_type":"article","og_title":"Operacionet histeroskopike","og_description":"\u00c7far\u00eb \u00ebsht\u00eb histeroskopia? Histeroskopia \u00ebsht\u00eb nj\u00eb pamje e brend\u00ebsis\u00eb s\u00eb mitr\u00ebs me ndihm\u00ebn e optik\u00ebs q\u00eb quhet histeroskop. Histeroskopia p\u00ebrdoret p\u00ebr q\u00ebllime diagnostikuese ose si metod\u00eb kirurgjikale p\u00ebr trajtimin e gjendjeve t\u00eb caktuara. Pse \u00ebsht\u00eb e nevojshme histeroskopia? Histeroskopia i mund\u00ebson mjekut t\u00eb shikoj\u00eb n\u00eb detaje pjes\u00ebn e brendshme t\u00eb mitr\u00ebs. Histeroskopi futet me kujdes...","og_url":"https:\/\/organdziski.com\/histeroskopski-operacii\/","og_site_name":"\u041f\u0417\u0423 \u0414-\u0440 \u041e\u0440\u0433\u0430\u043d\u045f\u0438\u0441\u043a\u0438","article_publisher":"https:\/\/www.facebook.com\/Dr.Organdziski","article_modified_time":"2024-06-24T17:30:30+00:00","og_image":[{"url":"https:\/\/organdziski.com\/wp-content\/plugins\/wpforms-lite\/assets\/images\/submit-spin.svg","type":"","width":"","height":""}],"twitter_card":"summary_large_image","twitter_misc":{"Est. reading time":"2 minutes"},"schema":{"@context":"https:\/\/schema.org","@graph":[{"@type":"WebPage","@id":"https:\/\/organdziski.com\/histeroskopski-operacii\/","url":"https:\/\/organdziski.com\/histeroskopski-operacii\/","name":"Operacionet histeroskopike - \u041f\u0417\u0423 \u0414-\u0440 \u041e\u0440\u0433\u0430\u043d\u045f\u0438\u0441\u043a\u0438","isPartOf":{"@id":"https:\/\/organdziski.com\/#website"},"primaryImageOfPage":{"@id":"https:\/\/organdziski.com\/histeroskopski-operacii\/#primaryimage"},"image":{"@id":"https:\/\/organdziski.com\/histeroskopski-operacii\/#primaryimage"},"thumbnailUrl":"https:\/\/organdziski.com\/wp-content\/plugins\/wpforms-lite\/assets\/images\/submit-spin.svg","datePublished":"2024-05-08T08:51:11+00:00","dateModified":"2024-06-24T17:30:30+00:00","breadcrumb":{"@id":"https:\/\/organdziski.com\/histeroskopski-operacii\/#breadcrumb"},"inLanguage":"sq-AL","potentialAction":[{"@type":"ReadAction","target":["https:\/\/organdziski.com\/histeroskopski-operacii\/"]}]},{"@type":"ImageObject","inLanguage":"sq-AL","@id":"https:\/\/organdziski.com\/histeroskopski-operacii\/#primaryimage","url":"https:\/\/organdziski.com\/wp-content\/plugins\/wpforms-lite\/assets\/images\/submit-spin.svg","contentUrl":"https:\/\/organdziski.com\/wp-content\/plugins\/wpforms-lite\/assets\/images\/submit-spin.svg"},{"@type":"BreadcrumbList","@id":"https:\/\/organdziski.com\/histeroskopski-operacii\/#breadcrumb","itemListElement":[{"@type":"ListItem","position":1,"name":"Home","item":"https:\/\/organdziski.com\/"},{"@type":"ListItem","position":2,"name":"Operacionet histeroskopike"}]},{"@type":"WebSite","@id":"https:\/\/organdziski.com\/#website","url":"https:\/\/organdziski.com\/","name":"\u041f\u0417\u0423 \u0414-\u0440 \u041e\u0440\u0433\u0430\u043d\u045f\u0438\u0441\u043a\u0438","description":"\u0421\u043f\u0435\u0446\u0438\u0458\u0430\u043b\u0438\u0437\u0438\u0440\u0430\u043d\u0430 \u0431\u043e\u043b\u043d\u0438\u0446\u0430 \u043f\u043e \u0433\u0438\u043d\u0435\u043a\u043e\u043b\u043e\u0433\u0438\u0458\u0430 \u0438 \u0430\u043a\u0443\u0448\u0435\u0440\u0441\u0442\u0432\u043e","publisher":{"@id":"https:\/\/organdziski.com\/#organization"},"potentialAction":[{"@type":"SearchAction","target":{"@type":"EntryPoint","urlTemplate":"https:\/\/organdziski.com\/?s={search_term_string}"},"query-input":{"@type":"PropertyValueSpecification","valueRequired":true,"valueName":"search_term_string"}}],"inLanguage":"sq-AL"},{"@type":"Organization","@id":"https:\/\/organdziski.com\/#organization","name":"\u041f\u0417\u0423 \u0414-\u0440 \u041e\u0440\u0433\u0430\u043d\u045f\u0438\u0441\u043a\u0438","url":"https:\/\/organdziski.com\/","logo":{"@type":"ImageObject","inLanguage":"sq-AL","@id":"https:\/\/organdziski.com\/#\/schema\/logo\/image\/","url":"https:\/\/organdziski.com\/wp-content\/uploads\/2024\/04\/organdziski.svg","contentUrl":"https:\/\/organdziski.com\/wp-content\/uploads\/2024\/04\/organdziski.svg","width":341,"height":63,"caption":"\u041f\u0417\u0423 \u0414-\u0440 \u041e\u0440\u0433\u0430\u043d\u045f\u0438\u0441\u043a\u0438"},"image":{"@id":"https:\/\/organdziski.com\/#\/schema\/logo\/image\/"},"sameAs":["https:\/\/www.facebook.com\/Dr.Organdziski","https:\/\/www.instagram.com\/bolnicadrorgandziski\/","https:\/\/www.youtube.com\/channel\/UCVzAHTjH-QvDcCGm19znLyA"]}]}},"_links":{"self":[{"href":"https:\/\/organdziski.com\/sq\/wp-json\/wp\/v2\/pages\/16404","targetHints":{"allow":["GET"]}}],"collection":[{"href":"https:\/\/organdziski.com\/sq\/wp-json\/wp\/v2\/pages"}],"about":[{"href":"https:\/\/organdziski.com\/sq\/wp-json\/wp\/v2\/types\/page"}],"author":[{"embeddable":true,"href":"https:\/\/organdziski.com\/sq\/wp-json\/wp\/v2\/users\/1"}],"replies":[{"embeddable":true,"href":"https:\/\/organdziski.com\/sq\/wp-json\/wp\/v2\/comments?post=16404"}],"version-history":[{"count":3,"href":"https:\/\/organdziski.com\/sq\/wp-json\/wp\/v2\/pages\/16404\/revisions"}],"predecessor-version":[{"id":16408,"href":"https:\/\/organdziski.com\/sq\/wp-json\/wp\/v2\/pages\/16404\/revisions\/16408"}],"wp:attachment":[{"href":"https:\/\/organdziski.com\/sq\/wp-json\/wp\/v2\/media?parent=16404"}],"curies":[{"name":"wp","href":"https:\/\/api.w.org\/{rel}","templated":true}]}}