{"id":16412,"date":"2024-05-08T08:57:45","date_gmt":"2024-05-08T08:57:45","guid":{"rendered":"https:\/\/organdziski.com\/?page_id=16412"},"modified":"2024-06-25T14:02:28","modified_gmt":"2024-06-25T14:02:28","slug":"ne-fertilizimi-in-vitro","status":"publish","type":"page","link":"https:\/\/organdziski.com\/sq\/ne-fertilizimi-in-vitro\/","title":{"rendered":"N\u00eb fertilizimi in vitro"},"content":{"rendered":"\t\t<div data-elementor-type=\"wp-page\" data-elementor-id=\"16412\" class=\"elementor elementor-16412 elementor-8588\" data-elementor-post-type=\"page\">\n\t\t\t\t<div class=\"elementor-element elementor-element-6361ecb e-con-full e-flex e-con e-parent\" data-id=\"6361ecb\" data-element_type=\"container\">\n\t\t<div class=\"elementor-element elementor-element-787fb92 e-con-full e-flex e-con e-child\" data-id=\"787fb92\" data-element_type=\"container\">\n\t\t\t\t<div class=\"elementor-element elementor-element-3799e85 elementor-widget elementor-widget-heading\" data-id=\"3799e85\" data-element_type=\"widget\" data-widget_type=\"heading.default\">\n\t\t\t\t<div class=\"elementor-widget-container\">\n\t\t\t<h2 class=\"elementor-heading-title elementor-size-default\">Pse ta zgjidhni Spitalin ton\u00eb t\u00eb Fertilizimit IVF?<\/h2>\t\t<\/div>\n\t\t\t\t<\/div>\n\t\t\t\t<div class=\"elementor-element elementor-element-4e28be0 elementor-widget elementor-widget-text-editor\" data-id=\"4e28be0\" data-element_type=\"widget\" data-widget_type=\"text-editor.default\">\n\t\t\t\t<div class=\"elementor-widget-container\">\n\t\t\t\t\t\t\t<p>Pse ta zgjidhni Spitalin ton\u00eb t\u00eb Fertilizimit IVF?<br \/>Me pajisjet tona moderne dhe ekipin e ekspert\u00ebve, ne jemi t\u00eb p\u00ebrkushtuar p\u00ebr t\u00eb ofruar kujdes dhe mb\u00ebshtetje cil\u00ebsore gjat\u00eb gjith\u00eb udh\u00ebtimit tuaj me IVF.<\/p><p><strong>Ekspertiz\u00eb me renome:<\/strong><\/p><p>Specialist\u00ebt tan\u00eb t\u00eb kualifikuar t\u00eb fertilitetit kan\u00eb vite p\u00ebrvoj\u00eb t\u00eb d\u00ebshmuar n\u00eb ndihm\u00ebn e suksesshme t\u00eb \u00e7ifteve me sfidat e fertilitetit.<\/p><p><strong>Kujdes i personalizuar:<\/strong><\/p><p>Ne e kuptojm\u00eb se \u00e7do individ ose \u00e7ift \u00ebsht\u00eb unik, k\u00ebshtu q\u00eb ne p\u00ebrshtasim qasjen ton\u00eb p\u00ebr t\u00eb p\u00ebrmbushur nevojat tuaja specifike, duke ofruar nj\u00eb plan t\u00eb p\u00ebrshtatsh\u00ebm trajtimi me q\u00ebllim- rezultate m\u00eb t\u00eb mira t\u00eb mundshme.<\/p><p><strong>Teknologji e avancuar:<\/strong><\/p><p>Spitali yn\u00eb \u00ebsht\u00eb i pajisur me teknologjin\u00eb m\u00eb t\u00eb fundit dhe pajisje laboratorike t\u00eb avancuara, t\u00eb cilat na mund\u00ebsojn\u00eb t\u2019i ofrojm\u00eb arritjet m\u00eb t\u00eb fundit n\u00eb teknikat dhe procedurat e IVF.<\/p><p><strong>Mb\u00ebshtetje gjith\u00ebp\u00ebrfshir\u00ebse:<\/strong><\/p><p>Ekipi yn\u00eb i p\u00ebrkushtuar \u00ebsht\u00eb k\u00ebtu p\u00ebr ju, n\u00eb \u00e7do hap t\u00eb rrug\u00ebs, duke ju ofruar mb\u00ebshtetje emocionale, k\u00ebshillim, konsultim t\u00eb vazhduesh\u00ebm dhe udh\u00ebzim gjat\u00eb gjith\u00eb procesit.<\/p><p><strong>Ambient komod:<\/strong><\/p><p>Ambienti yn\u00eb i ngroht\u00eb dhe me p\u00ebrkujdes \u00ebsht\u00eb krijuar p\u00ebr t&#8217;ju b\u00ebr\u00eb t\u00eb ndiheni komod, duke nxitur nj\u00eb ndjenj\u00eb qet\u00ebsie gjat\u00eb k\u00ebtij udh\u00ebtimi.<\/p>\t\t\t\t\t\t<\/div>\n\t\t\t\t<\/div>\n\t\t\t\t<div class=\"elementor-element elementor-element-8ea8e1e elementor-widget elementor-widget-heading\" data-id=\"8ea8e1e\" data-element_type=\"widget\" data-widget_type=\"heading.default\">\n\t\t\t\t<div class=\"elementor-widget-container\">\n\t\t\t<h2 class=\"elementor-heading-title elementor-size-default\">\u00c7mimi<\/h2>\t\t<\/div>\n\t\t\t\t<\/div>\n\t\t\t\t<div class=\"elementor-element elementor-element-27f583c elementor-widget elementor-widget-text-editor\" data-id=\"27f583c\" data-element_type=\"widget\" data-widget_type=\"text-editor.default\">\n\t\t\t\t<div class=\"elementor-widget-container\">\n\t\t\t\t\t\t\t<ul><li>\u00c7mimi p\u00ebr fekondimin in vitro \u00ebsht\u00eb 125.000 denar\u00eb plus injeksione.<\/li><li><p>Injeksionet paguhen shtes\u00eb n\u00eb var\u00ebsi t\u00eb numrit t\u00eb injeksioneve q\u00eb do t\u00eb p\u00ebrdor\u00eb pacienti.<\/p><\/li><\/ul>\t\t\t\t\t\t<\/div>\n\t\t\t\t<\/div>\n\t\t\t\t<\/div>\n\t\t<div class=\"elementor-element elementor-element-d65a293 e-con-full e-flex e-con e-child\" data-id=\"d65a293\" data-element_type=\"container\">\n\t\t\t\t<div class=\"elementor-element elementor-element-d18385e elementor-widget__width-inherit elementor-widget elementor-widget-image\" data-id=\"d18385e\" data-element_type=\"widget\" data-widget_type=\"image.default\">\n\t\t\t\t<div class=\"elementor-widget-container\">\n\t\t\t\t\t\t\t\t\t\t\t\t\t<img fetchpriority=\"high\" decoding=\"async\" width=\"640\" height=\"440\" src=\"https:\/\/organdziski.com\/wp-content\/uploads\/2024\/05\/\u0418\u043d-\u0432\u0438\u0442\u0440\u043e-\u043e\u043f\u043b\u043e\u0434\u0443\u0432\u0430\u045a\u0435.jpg\" class=\"attachment-full size-full wp-image-11798\" alt=\"\" srcset=\"https:\/\/organdziski.com\/wp-content\/uploads\/2024\/05\/\u0418\u043d-\u0432\u0438\u0442\u0440\u043e-\u043e\u043f\u043b\u043e\u0434\u0443\u0432\u0430\u045a\u0435.jpg 640w, https:\/\/organdziski.com\/wp-content\/uploads\/2024\/05\/\u0418\u043d-\u0432\u0438\u0442\u0440\u043e-\u043e\u043f\u043b\u043e\u0434\u0443\u0432\u0430\u045a\u0435-300x206.jpg 300w, https:\/\/organdziski.com\/wp-content\/uploads\/2024\/05\/\u0418\u043d-\u0432\u0438\u0442\u0440\u043e-\u043e\u043f\u043b\u043e\u0434\u0443\u0432\u0430\u045a\u0435-600x413.jpg 600w\" sizes=\"(max-width: 640px) 100vw, 640px\" \/>\t\t\t\t\t\t\t\t\t\t\t\t\t<\/div>\n\t\t\t\t<\/div>\n\t\t\t\t<div class=\"elementor-element elementor-element-d81cbfb elementor-widget elementor-widget-wpforms\" data-id=\"d81cbfb\" data-element_type=\"widget\" data-widget_type=\"wpforms.default\">\n\t\t\t\t<div class=\"elementor-widget-container\">\n\t\t\t<div class=\"wpforms-container wpforms-container-full wpforms-render-modern\" id=\"wpforms-16361\"><form id=\"wpforms-form-16361\" class=\"wpforms-validate wpforms-form wpforms-ajax-form\" data-formid=\"16361\" method=\"post\" enctype=\"multipart\/form-data\" action=\"\/sq\/wp-json\/wp\/v2\/pages\/16412\" data-token=\"096b8d637536f509730e0f4ad87cbcb1\" data-token-time=\"1776912232\"><noscript class=\"wpforms-error-noscript\">Please enable JavaScript in your browser to complete this form.<\/noscript><div id=\"wpforms-error-noscript\" style=\"display: none;\">Please enable JavaScript in your browser to complete this form.<\/div><div class=\"wpforms-field-container\"><div id=\"wpforms-16361-field_2-container\" class=\"wpforms-field wpforms-field-text\" data-field-id=\"2\"><label class=\"wpforms-field-label\" for=\"wpforms-16361-field_2\">Emri juaj<\/label><input type=\"text\" id=\"wpforms-16361-field_2\" class=\"wpforms-field-medium\" name=\"wpforms[fields][2]\" aria-errormessage=\"wpforms-16361-field_2-error\" ><\/div><div id=\"wpforms-16361-field_3-container\" class=\"wpforms-field wpforms-field-text\" data-field-id=\"3\"><label class=\"wpforms-field-label\" for=\"wpforms-16361-field_3\">Email <\/label><input type=\"text\" id=\"wpforms-16361-field_3\" class=\"wpforms-field-medium\" name=\"wpforms[fields][3]\" aria-errormessage=\"wpforms-16361-field_3-error\" ><\/div><div id=\"wpforms-16361-field_4-container\" class=\"wpforms-field wpforms-field-textarea\" data-field-id=\"4\"><label class=\"wpforms-field-label\" for=\"wpforms-16361-field_4\">Pyetja juaj?<\/label><textarea id=\"wpforms-16361-field_4\" class=\"wpforms-field-large\" name=\"wpforms[fields][4]\" aria-errormessage=\"wpforms-16361-field_4-error\" ><\/textarea><\/div><\/div><!-- .wpforms-field-container --><div class=\"wpforms-submit-container\" ><input type=\"hidden\" name=\"wpforms[id]\" value=\"16361\"><input type=\"hidden\" name=\"page_title\" value=\"\"><input type=\"hidden\" name=\"page_url\" value=\"https:\/\/organdziski.com\/sq\/wp-json\/wp\/v2\/pages\/16412\"><input type=\"hidden\" name=\"url_referer\" value=\"\"><button type=\"submit\" name=\"wpforms[submit]\" id=\"wpforms-submit-16361\" class=\"wpforms-submit\" data-alt-text=\"Sending...\" data-submit-text=\"D\u00ebrgoni\" aria-live=\"assertive\" value=\"wpforms-submit\">D\u00ebrgoni<\/button><img decoding=\"async\" src=\"https:\/\/organdziski.com\/wp-content\/plugins\/wpforms-lite\/assets\/images\/submit-spin.svg\" class=\"wpforms-submit-spinner\" style=\"display: none;\" width=\"26\" height=\"26\" alt=\"Loading\"><\/div><\/form><\/div>  <!-- .wpforms-container -->\t\t<\/div>\n\t\t\t\t<\/div>\n\t\t\t\t<\/div>\n\t\t\t\t<\/div>\n\t\t\t\t<\/div>\n\t\t","protected":false},"excerpt":{"rendered":"<p>Pse ta zgjidhni Spitalin ton\u00eb t\u00eb Fertilizimit IVF? Pse ta zgjidhni Spitalin ton\u00eb t\u00eb Fertilizimit IVF? Me pajisjet tona moderne dhe ekipin e ekspert\u00ebve, ne jemi t\u00eb p\u00ebrkushtuar p\u00ebr t\u00eb ofruar kujdes dhe mb\u00ebshtetje cil\u00ebsore gjat\u00eb gjith\u00eb udh\u00ebtimit tuaj me IVF. Ekspertiz\u00eb me renome: Specialist\u00ebt tan\u00eb t\u00eb kualifikuar t\u00eb fertilitetit kan\u00eb vite p\u00ebrvoj\u00eb t\u00eb d\u00ebshmuar&#8230;<\/p>\n","protected":false},"author":1,"featured_media":0,"parent":0,"menu_order":0,"comment_status":"closed","ping_status":"closed","template":"","meta":{"footnotes":""},"class_list":["post-16412","page","type-page","status-publish","hentry"],"yoast_head":"<!-- This site is optimized with the Yoast SEO Premium plugin v22.7 (Yoast SEO v27.4) - https:\/\/yoast.com\/product\/yoast-seo-premium-wordpress\/ -->\n<title>N\u00eb fertilizimi in vitro - \u041f\u0417\u0423 \u0414-\u0440 \u041e\u0440\u0433\u0430\u043d\u045f\u0438\u0441\u043a\u0438<\/title>\n<meta name=\"robots\" content=\"index, follow, max-snippet:-1, max-image-preview:large, max-video-preview:-1\" \/>\n<link rel=\"canonical\" href=\"https:\/\/organdziski.com\/in-vitro-oploduvanje\/\" \/>\n<meta property=\"og:locale\" content=\"sq_AL\" \/>\n<meta property=\"og:type\" content=\"article\" \/>\n<meta property=\"og:title\" content=\"N\u00eb fertilizimi in vitro\" \/>\n<meta property=\"og:description\" content=\"Pse ta zgjidhni Spitalin ton\u00eb t\u00eb Fertilizimit IVF? Pse ta zgjidhni Spitalin ton\u00eb t\u00eb Fertilizimit IVF? Me pajisjet tona moderne dhe ekipin e ekspert\u00ebve, ne jemi t\u00eb p\u00ebrkushtuar p\u00ebr t\u00eb ofruar kujdes dhe mb\u00ebshtetje cil\u00ebsore gjat\u00eb gjith\u00eb udh\u00ebtimit tuaj me IVF. Ekspertiz\u00eb me renome: Specialist\u00ebt tan\u00eb t\u00eb kualifikuar t\u00eb fertilitetit kan\u00eb vite p\u00ebrvoj\u00eb t\u00eb d\u00ebshmuar...\" \/>\n<meta property=\"og:url\" content=\"https:\/\/organdziski.com\/in-vitro-oploduvanje\/\" \/>\n<meta property=\"og:site_name\" content=\"\u041f\u0417\u0423 \u0414-\u0440 \u041e\u0440\u0433\u0430\u043d\u045f\u0438\u0441\u043a\u0438\" \/>\n<meta property=\"article:publisher\" content=\"https:\/\/www.facebook.com\/Dr.Organdziski\" \/>\n<meta property=\"article:modified_time\" content=\"2024-06-25T14:02:28+00:00\" \/>\n<meta property=\"og:image\" content=\"https:\/\/organdziski.com\/wp-content\/plugins\/wpforms-lite\/assets\/images\/submit-spin.svg\" \/>\n<meta name=\"twitter:card\" content=\"summary_large_image\" \/>\n<meta name=\"twitter:label1\" content=\"Est. reading time\" \/>\n\t<meta name=\"twitter:data1\" content=\"2 minutes\" \/>\n<script type=\"application\/ld+json\" class=\"yoast-schema-graph\">{\"@context\":\"https:\\\/\\\/schema.org\",\"@graph\":[{\"@type\":\"WebPage\",\"@id\":\"https:\\\/\\\/organdziski.com\\\/in-vitro-oploduvanje\\\/\",\"url\":\"https:\\\/\\\/organdziski.com\\\/in-vitro-oploduvanje\\\/\",\"name\":\"N\u00eb fertilizimi in vitro - \u041f\u0417\u0423 \u0414-\u0440 \u041e\u0440\u0433\u0430\u043d\u045f\u0438\u0441\u043a\u0438\",\"isPartOf\":{\"@id\":\"https:\\\/\\\/organdziski.com\\\/#website\"},\"primaryImageOfPage\":{\"@id\":\"https:\\\/\\\/organdziski.com\\\/in-vitro-oploduvanje\\\/#primaryimage\"},\"image\":{\"@id\":\"https:\\\/\\\/organdziski.com\\\/in-vitro-oploduvanje\\\/#primaryimage\"},\"thumbnailUrl\":\"https:\\\/\\\/organdziski.com\\\/wp-content\\\/plugins\\\/wpforms-lite\\\/assets\\\/images\\\/submit-spin.svg\",\"datePublished\":\"2024-05-08T08:57:45+00:00\",\"dateModified\":\"2024-06-25T14:02:28+00:00\",\"breadcrumb\":{\"@id\":\"https:\\\/\\\/organdziski.com\\\/in-vitro-oploduvanje\\\/#breadcrumb\"},\"inLanguage\":\"sq-AL\",\"potentialAction\":[{\"@type\":\"ReadAction\",\"target\":[\"https:\\\/\\\/organdziski.com\\\/in-vitro-oploduvanje\\\/\"]}]},{\"@type\":\"ImageObject\",\"inLanguage\":\"sq-AL\",\"@id\":\"https:\\\/\\\/organdziski.com\\\/in-vitro-oploduvanje\\\/#primaryimage\",\"url\":\"https:\\\/\\\/organdziski.com\\\/wp-content\\\/plugins\\\/wpforms-lite\\\/assets\\\/images\\\/submit-spin.svg\",\"contentUrl\":\"https:\\\/\\\/organdziski.com\\\/wp-content\\\/plugins\\\/wpforms-lite\\\/assets\\\/images\\\/submit-spin.svg\"},{\"@type\":\"BreadcrumbList\",\"@id\":\"https:\\\/\\\/organdziski.com\\\/in-vitro-oploduvanje\\\/#breadcrumb\",\"itemListElement\":[{\"@type\":\"ListItem\",\"position\":1,\"name\":\"Home\",\"item\":\"https:\\\/\\\/organdziski.com\\\/\"},{\"@type\":\"ListItem\",\"position\":2,\"name\":\"N\u00eb fertilizimi in vitro\"}]},{\"@type\":\"WebSite\",\"@id\":\"https:\\\/\\\/organdziski.com\\\/#website\",\"url\":\"https:\\\/\\\/organdziski.com\\\/\",\"name\":\"\u041f\u0417\u0423 \u0414-\u0440 \u041e\u0440\u0433\u0430\u043d\u045f\u0438\u0441\u043a\u0438\",\"description\":\"\u0421\u043f\u0435\u0446\u0438\u0458\u0430\u043b\u0438\u0437\u0438\u0440\u0430\u043d\u0430 \u0431\u043e\u043b\u043d\u0438\u0446\u0430 \u043f\u043e \u0433\u0438\u043d\u0435\u043a\u043e\u043b\u043e\u0433\u0438\u0458\u0430 \u0438 \u0430\u043a\u0443\u0448\u0435\u0440\u0441\u0442\u0432\u043e\",\"publisher\":{\"@id\":\"https:\\\/\\\/organdziski.com\\\/#organization\"},\"potentialAction\":[{\"@type\":\"SearchAction\",\"target\":{\"@type\":\"EntryPoint\",\"urlTemplate\":\"https:\\\/\\\/organdziski.com\\\/?s={search_term_string}\"},\"query-input\":{\"@type\":\"PropertyValueSpecification\",\"valueRequired\":true,\"valueName\":\"search_term_string\"}}],\"inLanguage\":\"sq-AL\"},{\"@type\":\"Organization\",\"@id\":\"https:\\\/\\\/organdziski.com\\\/#organization\",\"name\":\"\u041f\u0417\u0423 \u0414-\u0440 \u041e\u0440\u0433\u0430\u043d\u045f\u0438\u0441\u043a\u0438\",\"url\":\"https:\\\/\\\/organdziski.com\\\/\",\"logo\":{\"@type\":\"ImageObject\",\"inLanguage\":\"sq-AL\",\"@id\":\"https:\\\/\\\/organdziski.com\\\/#\\\/schema\\\/logo\\\/image\\\/\",\"url\":\"https:\\\/\\\/organdziski.com\\\/wp-content\\\/uploads\\\/2024\\\/04\\\/organdziski.svg\",\"contentUrl\":\"https:\\\/\\\/organdziski.com\\\/wp-content\\\/uploads\\\/2024\\\/04\\\/organdziski.svg\",\"width\":341,\"height\":63,\"caption\":\"\u041f\u0417\u0423 \u0414-\u0440 \u041e\u0440\u0433\u0430\u043d\u045f\u0438\u0441\u043a\u0438\"},\"image\":{\"@id\":\"https:\\\/\\\/organdziski.com\\\/#\\\/schema\\\/logo\\\/image\\\/\"},\"sameAs\":[\"https:\\\/\\\/www.facebook.com\\\/Dr.Organdziski\",\"https:\\\/\\\/www.instagram.com\\\/bolnicadrorgandziski\\\/\",\"https:\\\/\\\/www.youtube.com\\\/channel\\\/UCVzAHTjH-QvDcCGm19znLyA\"]}]}<\/script>\n<!-- \/ Yoast SEO Premium plugin. -->","yoast_head_json":{"title":"N\u00eb fertilizimi in vitro - \u041f\u0417\u0423 \u0414-\u0440 \u041e\u0440\u0433\u0430\u043d\u045f\u0438\u0441\u043a\u0438","robots":{"index":"index","follow":"follow","max-snippet":"max-snippet:-1","max-image-preview":"max-image-preview:large","max-video-preview":"max-video-preview:-1"},"canonical":"https:\/\/organdziski.com\/in-vitro-oploduvanje\/","og_locale":"sq_AL","og_type":"article","og_title":"N\u00eb fertilizimi in vitro","og_description":"Pse ta zgjidhni Spitalin ton\u00eb t\u00eb Fertilizimit IVF? Pse ta zgjidhni Spitalin ton\u00eb t\u00eb Fertilizimit IVF? Me pajisjet tona moderne dhe ekipin e ekspert\u00ebve, ne jemi t\u00eb p\u00ebrkushtuar p\u00ebr t\u00eb ofruar kujdes dhe mb\u00ebshtetje cil\u00ebsore gjat\u00eb gjith\u00eb udh\u00ebtimit tuaj me IVF. Ekspertiz\u00eb me renome: Specialist\u00ebt tan\u00eb t\u00eb kualifikuar t\u00eb fertilitetit kan\u00eb vite p\u00ebrvoj\u00eb t\u00eb d\u00ebshmuar...","og_url":"https:\/\/organdziski.com\/in-vitro-oploduvanje\/","og_site_name":"\u041f\u0417\u0423 \u0414-\u0440 \u041e\u0440\u0433\u0430\u043d\u045f\u0438\u0441\u043a\u0438","article_publisher":"https:\/\/www.facebook.com\/Dr.Organdziski","article_modified_time":"2024-06-25T14:02:28+00:00","og_image":[{"url":"https:\/\/organdziski.com\/wp-content\/plugins\/wpforms-lite\/assets\/images\/submit-spin.svg","type":"","width":"","height":""}],"twitter_card":"summary_large_image","twitter_misc":{"Est. reading time":"2 minutes"},"schema":{"@context":"https:\/\/schema.org","@graph":[{"@type":"WebPage","@id":"https:\/\/organdziski.com\/in-vitro-oploduvanje\/","url":"https:\/\/organdziski.com\/in-vitro-oploduvanje\/","name":"N\u00eb fertilizimi in vitro - \u041f\u0417\u0423 \u0414-\u0440 \u041e\u0440\u0433\u0430\u043d\u045f\u0438\u0441\u043a\u0438","isPartOf":{"@id":"https:\/\/organdziski.com\/#website"},"primaryImageOfPage":{"@id":"https:\/\/organdziski.com\/in-vitro-oploduvanje\/#primaryimage"},"image":{"@id":"https:\/\/organdziski.com\/in-vitro-oploduvanje\/#primaryimage"},"thumbnailUrl":"https:\/\/organdziski.com\/wp-content\/plugins\/wpforms-lite\/assets\/images\/submit-spin.svg","datePublished":"2024-05-08T08:57:45+00:00","dateModified":"2024-06-25T14:02:28+00:00","breadcrumb":{"@id":"https:\/\/organdziski.com\/in-vitro-oploduvanje\/#breadcrumb"},"inLanguage":"sq-AL","potentialAction":[{"@type":"ReadAction","target":["https:\/\/organdziski.com\/in-vitro-oploduvanje\/"]}]},{"@type":"ImageObject","inLanguage":"sq-AL","@id":"https:\/\/organdziski.com\/in-vitro-oploduvanje\/#primaryimage","url":"https:\/\/organdziski.com\/wp-content\/plugins\/wpforms-lite\/assets\/images\/submit-spin.svg","contentUrl":"https:\/\/organdziski.com\/wp-content\/plugins\/wpforms-lite\/assets\/images\/submit-spin.svg"},{"@type":"BreadcrumbList","@id":"https:\/\/organdziski.com\/in-vitro-oploduvanje\/#breadcrumb","itemListElement":[{"@type":"ListItem","position":1,"name":"Home","item":"https:\/\/organdziski.com\/"},{"@type":"ListItem","position":2,"name":"N\u00eb fertilizimi in vitro"}]},{"@type":"WebSite","@id":"https:\/\/organdziski.com\/#website","url":"https:\/\/organdziski.com\/","name":"\u041f\u0417\u0423 \u0414-\u0440 \u041e\u0440\u0433\u0430\u043d\u045f\u0438\u0441\u043a\u0438","description":"\u0421\u043f\u0435\u0446\u0438\u0458\u0430\u043b\u0438\u0437\u0438\u0440\u0430\u043d\u0430 \u0431\u043e\u043b\u043d\u0438\u0446\u0430 \u043f\u043e \u0433\u0438\u043d\u0435\u043a\u043e\u043b\u043e\u0433\u0438\u0458\u0430 \u0438 \u0430\u043a\u0443\u0448\u0435\u0440\u0441\u0442\u0432\u043e","publisher":{"@id":"https:\/\/organdziski.com\/#organization"},"potentialAction":[{"@type":"SearchAction","target":{"@type":"EntryPoint","urlTemplate":"https:\/\/organdziski.com\/?s={search_term_string}"},"query-input":{"@type":"PropertyValueSpecification","valueRequired":true,"valueName":"search_term_string"}}],"inLanguage":"sq-AL"},{"@type":"Organization","@id":"https:\/\/organdziski.com\/#organization","name":"\u041f\u0417\u0423 \u0414-\u0440 \u041e\u0440\u0433\u0430\u043d\u045f\u0438\u0441\u043a\u0438","url":"https:\/\/organdziski.com\/","logo":{"@type":"ImageObject","inLanguage":"sq-AL","@id":"https:\/\/organdziski.com\/#\/schema\/logo\/image\/","url":"https:\/\/organdziski.com\/wp-content\/uploads\/2024\/04\/organdziski.svg","contentUrl":"https:\/\/organdziski.com\/wp-content\/uploads\/2024\/04\/organdziski.svg","width":341,"height":63,"caption":"\u041f\u0417\u0423 \u0414-\u0440 \u041e\u0440\u0433\u0430\u043d\u045f\u0438\u0441\u043a\u0438"},"image":{"@id":"https:\/\/organdziski.com\/#\/schema\/logo\/image\/"},"sameAs":["https:\/\/www.facebook.com\/Dr.Organdziski","https:\/\/www.instagram.com\/bolnicadrorgandziski\/","https:\/\/www.youtube.com\/channel\/UCVzAHTjH-QvDcCGm19znLyA"]}]}},"_links":{"self":[{"href":"https:\/\/organdziski.com\/sq\/wp-json\/wp\/v2\/pages\/16412","targetHints":{"allow":["GET"]}}],"collection":[{"href":"https:\/\/organdziski.com\/sq\/wp-json\/wp\/v2\/pages"}],"about":[{"href":"https:\/\/organdziski.com\/sq\/wp-json\/wp\/v2\/types\/page"}],"author":[{"embeddable":true,"href":"https:\/\/organdziski.com\/sq\/wp-json\/wp\/v2\/users\/1"}],"replies":[{"embeddable":true,"href":"https:\/\/organdziski.com\/sq\/wp-json\/wp\/v2\/comments?post=16412"}],"version-history":[{"count":4,"href":"https:\/\/organdziski.com\/sq\/wp-json\/wp\/v2\/pages\/16412\/revisions"}],"predecessor-version":[{"id":16598,"href":"https:\/\/organdziski.com\/sq\/wp-json\/wp\/v2\/pages\/16412\/revisions\/16598"}],"wp:attachment":[{"href":"https:\/\/organdziski.com\/sq\/wp-json\/wp\/v2\/media?parent=16412"}],"curies":[{"name":"wp","href":"https:\/\/api.w.org\/{rel}","templated":true}]}}