{"id":16420,"date":"2024-05-08T08:59:45","date_gmt":"2024-05-08T08:59:45","guid":{"rendered":"https:\/\/organdziski.com\/?page_id=16420"},"modified":"2024-06-24T17:43:19","modified_gmt":"2024-06-24T17:43:19","slug":"inseminimet","status":"publish","type":"page","link":"https:\/\/organdziski.com\/sq\/inseminimet\/","title":{"rendered":"Inseminimet"},"content":{"rendered":"\t\t<div data-elementor-type=\"wp-page\" data-elementor-id=\"16420\" class=\"elementor elementor-16420 elementor-8590\" data-elementor-post-type=\"page\">\n\t\t\t\t<div class=\"elementor-element elementor-element-5448ecb e-con-full e-flex e-con e-parent\" data-id=\"5448ecb\" data-element_type=\"container\">\n\t\t<div class=\"elementor-element elementor-element-dc17be9 e-con-full e-flex e-con e-child\" data-id=\"dc17be9\" data-element_type=\"container\">\n\t\t\t\t<div class=\"elementor-element elementor-element-1ccfbd2 elementor-widget elementor-widget-heading\" data-id=\"1ccfbd2\" data-element_type=\"widget\" data-widget_type=\"heading.default\">\n\t\t\t\t<div class=\"elementor-widget-container\">\n\t\t\t<h2 class=\"elementor-heading-title elementor-size-default\">Inseminimi intrauterin<\/h2>\t\t<\/div>\n\t\t\t\t<\/div>\n\t\t\t\t<div class=\"elementor-element elementor-element-112bf5a elementor-widget elementor-widget-text-editor\" data-id=\"112bf5a\" data-element_type=\"widget\" data-widget_type=\"text-editor.default\">\n\t\t\t\t<div class=\"elementor-widget-container\">\n\t\t\t\t\t\t\t<ul><li>Inseminimi intrauterin \u00ebsht\u00eb nj\u00eb metod\u00eb mjaft e thjesht\u00eb e inseminimit me an\u00eb t\u00eb s\u00eb cil\u00ebs materiai pra sperma e p\u00ebrgatitur paraprakisht nga partneri mashkull futet n\u00eb mit\u00ebr gjat\u00eb ovulacionit, duke rritur gjasat p\u00ebr fekondim dhe ngjizje.<\/li><li>Gruaja stimulohet me ila\u00e7e p\u00ebr t\u00eb prodhuar m\u00eb shum\u00eb qeliza vez\u00eb. Kur p\u00ebrdoret mjekimi p\u00ebr stimulim, gruaja duhet t\u00eb kontrollohet me ultratinguj dhe n\u00ebse \u00ebsht\u00eb e nevojshme t\u00eb p\u00ebrcaktohet niveli i disa hormoneve n\u00eb gjak.<\/li><li>Kur folikulat do t\u00eb arrijn\u00eb nj\u00eb madh\u00ebsi t\u00eb caktuar, jepet nj\u00eb stop injeksion p\u00ebr t\u00eb nxitur ovulimin. N\u00eb koh\u00ebn e ovulacionit t\u00eb pritsh\u00ebm, sperma p\u00ebrpunohet n\u00eb nj\u00eb laborator dhe pajisje t\u00eb posa\u00e7me p\u00ebr k\u00ebt\u00eb q\u00ebllim.<\/li><li>Gjat\u00eb p\u00ebrpunimit, spermatozoidet ndahen nga p\u00ebrb\u00ebr\u00ebsit e tjer\u00eb t\u00eb l\u00ebngut seminal. Procedura zgjat nga 60 deri n\u00eb 120 minuta.<\/li><li>Sperma e p\u00ebrgatitur q\u00eb p\u00ebrmban vet\u00ebm spermatozoa me l\u00ebvizje t\u00eb shpejt\u00eb injektohet n\u00eb kanalin e qaf\u00ebs s\u00eb mitr\u00ebs ose brenda vet\u00eb mitr\u00ebs me nj\u00eb kateter t\u00eb holl\u00eb dhe t\u00eb but\u00eb.<\/li><li>Inseminimi \u00ebsht\u00eb nj\u00eb procedur\u00eb pa dhimbje. Gruaja q\u00ebndron n\u00eb karrigen gjinekologjike p\u00ebr 15 minutat e ardhshme. Rreziku i komplikimeve gjat\u00eb inseminimit intrauterin \u00ebsht\u00eb jasht\u00ebzakonisht i rrall\u00eb.<\/li><\/ul><p>\u00a0<\/p>\t\t\t\t\t\t<\/div>\n\t\t\t\t<\/div>\n\t\t\t\t<\/div>\n\t\t<div class=\"elementor-element elementor-element-449ddfc e-con-full e-flex e-con e-child\" data-id=\"449ddfc\" data-element_type=\"container\">\n\t\t\t\t<div class=\"elementor-element elementor-element-7b9968d elementor-widget__width-inherit elementor-widget elementor-widget-image\" data-id=\"7b9968d\" data-element_type=\"widget\" data-widget_type=\"image.default\">\n\t\t\t\t<div class=\"elementor-widget-container\">\n\t\t\t\t\t\t\t\t\t\t\t\t\t<img fetchpriority=\"high\" decoding=\"async\" width=\"1366\" height=\"700\" src=\"https:\/\/organdziski.com\/wp-content\/uploads\/2024\/05\/\u0438\u043d\u0441\u0435\u043c\u0438\u043d\u0430\u0446\u0438\u0458\u0430.webp\" class=\"attachment-full size-full wp-image-11802\" alt=\"\" srcset=\"https:\/\/organdziski.com\/wp-content\/uploads\/2024\/05\/\u0438\u043d\u0441\u0435\u043c\u0438\u043d\u0430\u0446\u0438\u0458\u0430.webp 1366w, https:\/\/organdziski.com\/wp-content\/uploads\/2024\/05\/\u0438\u043d\u0441\u0435\u043c\u0438\u043d\u0430\u0446\u0438\u0458\u0430-300x154.webp 300w, https:\/\/organdziski.com\/wp-content\/uploads\/2024\/05\/\u0438\u043d\u0441\u0435\u043c\u0438\u043d\u0430\u0446\u0438\u0458\u0430-1024x525.webp 1024w, https:\/\/organdziski.com\/wp-content\/uploads\/2024\/05\/\u0438\u043d\u0441\u0435\u043c\u0438\u043d\u0430\u0446\u0438\u0458\u0430-768x394.webp 768w, https:\/\/organdziski.com\/wp-content\/uploads\/2024\/05\/\u0438\u043d\u0441\u0435\u043c\u0438\u043d\u0430\u0446\u0438\u0458\u0430-600x307.webp 600w\" sizes=\"(max-width: 1366px) 100vw, 1366px\" \/>\t\t\t\t\t\t\t\t\t\t\t\t\t<\/div>\n\t\t\t\t<\/div>\n\t\t\t\t<div class=\"elementor-element elementor-element-91cf995 elementor-widget elementor-widget-wpforms\" data-id=\"91cf995\" data-element_type=\"widget\" data-widget_type=\"wpforms.default\">\n\t\t\t\t<div class=\"elementor-widget-container\">\n\t\t\t<div class=\"wpforms-container wpforms-container-full wpforms-render-modern\" id=\"wpforms-16361\"><form id=\"wpforms-form-16361\" class=\"wpforms-validate wpforms-form wpforms-ajax-form\" data-formid=\"16361\" method=\"post\" enctype=\"multipart\/form-data\" action=\"\/sq\/wp-json\/wp\/v2\/pages\/16420\" data-token=\"00022deea69c9d5d131449bfef169d5b\" data-token-time=\"1777197366\"><noscript class=\"wpforms-error-noscript\">Please enable JavaScript in your browser to complete this form.<\/noscript><div id=\"wpforms-error-noscript\" style=\"display: none;\">Please enable JavaScript in your browser to complete this form.<\/div><div class=\"wpforms-field-container\"><div id=\"wpforms-16361-field_2-container\" class=\"wpforms-field wpforms-field-text\" data-field-id=\"2\"><label class=\"wpforms-field-label\" for=\"wpforms-16361-field_2\">Emri juaj<\/label><input type=\"text\" id=\"wpforms-16361-field_2\" class=\"wpforms-field-medium\" name=\"wpforms[fields][2]\" aria-errormessage=\"wpforms-16361-field_2-error\" ><\/div><div id=\"wpforms-16361-field_3-container\" class=\"wpforms-field wpforms-field-text\" data-field-id=\"3\"><label class=\"wpforms-field-label\" for=\"wpforms-16361-field_3\">Email <\/label><input type=\"text\" id=\"wpforms-16361-field_3\" class=\"wpforms-field-medium\" name=\"wpforms[fields][3]\" aria-errormessage=\"wpforms-16361-field_3-error\" ><\/div><div id=\"wpforms-16361-field_4-container\" class=\"wpforms-field wpforms-field-textarea\" data-field-id=\"4\"><label class=\"wpforms-field-label\" for=\"wpforms-16361-field_4\">Pyetja juaj?<\/label><textarea id=\"wpforms-16361-field_4\" class=\"wpforms-field-large\" name=\"wpforms[fields][4]\" aria-errormessage=\"wpforms-16361-field_4-error\" ><\/textarea><\/div><\/div><!-- .wpforms-field-container --><div class=\"wpforms-submit-container\" ><input type=\"hidden\" name=\"wpforms[id]\" value=\"16361\"><input type=\"hidden\" name=\"page_title\" value=\"\"><input type=\"hidden\" name=\"page_url\" value=\"https:\/\/organdziski.com\/sq\/wp-json\/wp\/v2\/pages\/16420\"><input type=\"hidden\" name=\"url_referer\" value=\"\"><button type=\"submit\" name=\"wpforms[submit]\" id=\"wpforms-submit-16361\" class=\"wpforms-submit\" data-alt-text=\"Sending...\" data-submit-text=\"D\u00ebrgoni\" aria-live=\"assertive\" value=\"wpforms-submit\">D\u00ebrgoni<\/button><img decoding=\"async\" src=\"https:\/\/organdziski.com\/wp-content\/plugins\/wpforms-lite\/assets\/images\/submit-spin.svg\" class=\"wpforms-submit-spinner\" style=\"display: none;\" width=\"26\" height=\"26\" alt=\"Loading\"><\/div><\/form><\/div>  <!-- .wpforms-container -->\t\t<\/div>\n\t\t\t\t<\/div>\n\t\t\t\t<\/div>\n\t\t\t\t<\/div>\n\t\t\t\t<\/div>\n\t\t","protected":false},"excerpt":{"rendered":"<p>Inseminimi intrauterin Inseminimi intrauterin \u00ebsht\u00eb nj\u00eb metod\u00eb mjaft e thjesht\u00eb e inseminimit me an\u00eb t\u00eb s\u00eb cil\u00ebs materiai pra sperma e p\u00ebrgatitur paraprakisht nga partneri mashkull futet n\u00eb mit\u00ebr gjat\u00eb ovulacionit, duke rritur gjasat p\u00ebr fekondim dhe ngjizje. Gruaja stimulohet me ila\u00e7e p\u00ebr t\u00eb prodhuar m\u00eb shum\u00eb qeliza vez\u00eb. Kur p\u00ebrdoret mjekimi p\u00ebr stimulim, gruaja&#8230;<\/p>\n","protected":false},"author":1,"featured_media":0,"parent":0,"menu_order":0,"comment_status":"closed","ping_status":"closed","template":"","meta":{"footnotes":""},"class_list":["post-16420","page","type-page","status-publish","hentry"],"yoast_head":"<!-- This site is optimized with the Yoast SEO Premium plugin v22.7 (Yoast SEO v27.4) - https:\/\/yoast.com\/product\/yoast-seo-premium-wordpress\/ -->\n<title>Inseminimet - \u041f\u0417\u0423 \u0414-\u0440 \u041e\u0440\u0433\u0430\u043d\u045f\u0438\u0441\u043a\u0438<\/title>\n<meta name=\"robots\" content=\"index, follow, max-snippet:-1, max-image-preview:large, max-video-preview:-1\" \/>\n<link rel=\"canonical\" href=\"https:\/\/organdziski.com\/insemenacii\/\" \/>\n<meta property=\"og:locale\" content=\"sq_AL\" \/>\n<meta property=\"og:type\" content=\"article\" \/>\n<meta property=\"og:title\" content=\"Inseminimet\" \/>\n<meta property=\"og:description\" content=\"Inseminimi intrauterin Inseminimi intrauterin \u00ebsht\u00eb nj\u00eb metod\u00eb mjaft e thjesht\u00eb e inseminimit me an\u00eb t\u00eb s\u00eb cil\u00ebs materiai pra sperma e p\u00ebrgatitur paraprakisht nga partneri mashkull futet n\u00eb mit\u00ebr gjat\u00eb ovulacionit, duke rritur gjasat p\u00ebr fekondim dhe ngjizje. Gruaja stimulohet me ila\u00e7e p\u00ebr t\u00eb prodhuar m\u00eb shum\u00eb qeliza vez\u00eb. Kur p\u00ebrdoret mjekimi p\u00ebr stimulim, gruaja...\" \/>\n<meta property=\"og:url\" content=\"https:\/\/organdziski.com\/insemenacii\/\" \/>\n<meta property=\"og:site_name\" content=\"\u041f\u0417\u0423 \u0414-\u0440 \u041e\u0440\u0433\u0430\u043d\u045f\u0438\u0441\u043a\u0438\" \/>\n<meta property=\"article:publisher\" content=\"https:\/\/www.facebook.com\/Dr.Organdziski\" \/>\n<meta property=\"article:modified_time\" content=\"2024-06-24T17:43:19+00:00\" \/>\n<meta property=\"og:image\" content=\"https:\/\/organdziski.com\/wp-content\/plugins\/wpforms-lite\/assets\/images\/submit-spin.svg\" \/>\n<meta name=\"twitter:card\" content=\"summary_large_image\" \/>\n<meta name=\"twitter:label1\" content=\"Est. reading time\" \/>\n\t<meta name=\"twitter:data1\" content=\"2 minutes\" \/>\n<script type=\"application\/ld+json\" class=\"yoast-schema-graph\">{\"@context\":\"https:\\\/\\\/schema.org\",\"@graph\":[{\"@type\":\"WebPage\",\"@id\":\"https:\\\/\\\/organdziski.com\\\/insemenacii\\\/\",\"url\":\"https:\\\/\\\/organdziski.com\\\/insemenacii\\\/\",\"name\":\"Inseminimet - \u041f\u0417\u0423 \u0414-\u0440 \u041e\u0440\u0433\u0430\u043d\u045f\u0438\u0441\u043a\u0438\",\"isPartOf\":{\"@id\":\"https:\\\/\\\/organdziski.com\\\/#website\"},\"primaryImageOfPage\":{\"@id\":\"https:\\\/\\\/organdziski.com\\\/insemenacii\\\/#primaryimage\"},\"image\":{\"@id\":\"https:\\\/\\\/organdziski.com\\\/insemenacii\\\/#primaryimage\"},\"thumbnailUrl\":\"https:\\\/\\\/organdziski.com\\\/wp-content\\\/plugins\\\/wpforms-lite\\\/assets\\\/images\\\/submit-spin.svg\",\"datePublished\":\"2024-05-08T08:59:45+00:00\",\"dateModified\":\"2024-06-24T17:43:19+00:00\",\"breadcrumb\":{\"@id\":\"https:\\\/\\\/organdziski.com\\\/insemenacii\\\/#breadcrumb\"},\"inLanguage\":\"sq-AL\",\"potentialAction\":[{\"@type\":\"ReadAction\",\"target\":[\"https:\\\/\\\/organdziski.com\\\/insemenacii\\\/\"]}]},{\"@type\":\"ImageObject\",\"inLanguage\":\"sq-AL\",\"@id\":\"https:\\\/\\\/organdziski.com\\\/insemenacii\\\/#primaryimage\",\"url\":\"https:\\\/\\\/organdziski.com\\\/wp-content\\\/plugins\\\/wpforms-lite\\\/assets\\\/images\\\/submit-spin.svg\",\"contentUrl\":\"https:\\\/\\\/organdziski.com\\\/wp-content\\\/plugins\\\/wpforms-lite\\\/assets\\\/images\\\/submit-spin.svg\"},{\"@type\":\"BreadcrumbList\",\"@id\":\"https:\\\/\\\/organdziski.com\\\/insemenacii\\\/#breadcrumb\",\"itemListElement\":[{\"@type\":\"ListItem\",\"position\":1,\"name\":\"Home\",\"item\":\"https:\\\/\\\/organdziski.com\\\/\"},{\"@type\":\"ListItem\",\"position\":2,\"name\":\"Inseminimet\"}]},{\"@type\":\"WebSite\",\"@id\":\"https:\\\/\\\/organdziski.com\\\/#website\",\"url\":\"https:\\\/\\\/organdziski.com\\\/\",\"name\":\"\u041f\u0417\u0423 \u0414-\u0440 \u041e\u0440\u0433\u0430\u043d\u045f\u0438\u0441\u043a\u0438\",\"description\":\"\u0421\u043f\u0435\u0446\u0438\u0458\u0430\u043b\u0438\u0437\u0438\u0440\u0430\u043d\u0430 \u0431\u043e\u043b\u043d\u0438\u0446\u0430 \u043f\u043e \u0433\u0438\u043d\u0435\u043a\u043e\u043b\u043e\u0433\u0438\u0458\u0430 \u0438 \u0430\u043a\u0443\u0448\u0435\u0440\u0441\u0442\u0432\u043e\",\"publisher\":{\"@id\":\"https:\\\/\\\/organdziski.com\\\/#organization\"},\"potentialAction\":[{\"@type\":\"SearchAction\",\"target\":{\"@type\":\"EntryPoint\",\"urlTemplate\":\"https:\\\/\\\/organdziski.com\\\/?s={search_term_string}\"},\"query-input\":{\"@type\":\"PropertyValueSpecification\",\"valueRequired\":true,\"valueName\":\"search_term_string\"}}],\"inLanguage\":\"sq-AL\"},{\"@type\":\"Organization\",\"@id\":\"https:\\\/\\\/organdziski.com\\\/#organization\",\"name\":\"\u041f\u0417\u0423 \u0414-\u0440 \u041e\u0440\u0433\u0430\u043d\u045f\u0438\u0441\u043a\u0438\",\"url\":\"https:\\\/\\\/organdziski.com\\\/\",\"logo\":{\"@type\":\"ImageObject\",\"inLanguage\":\"sq-AL\",\"@id\":\"https:\\\/\\\/organdziski.com\\\/#\\\/schema\\\/logo\\\/image\\\/\",\"url\":\"https:\\\/\\\/organdziski.com\\\/wp-content\\\/uploads\\\/2024\\\/04\\\/organdziski.svg\",\"contentUrl\":\"https:\\\/\\\/organdziski.com\\\/wp-content\\\/uploads\\\/2024\\\/04\\\/organdziski.svg\",\"width\":341,\"height\":63,\"caption\":\"\u041f\u0417\u0423 \u0414-\u0440 \u041e\u0440\u0433\u0430\u043d\u045f\u0438\u0441\u043a\u0438\"},\"image\":{\"@id\":\"https:\\\/\\\/organdziski.com\\\/#\\\/schema\\\/logo\\\/image\\\/\"},\"sameAs\":[\"https:\\\/\\\/www.facebook.com\\\/Dr.Organdziski\",\"https:\\\/\\\/www.instagram.com\\\/bolnicadrorgandziski\\\/\",\"https:\\\/\\\/www.youtube.com\\\/channel\\\/UCVzAHTjH-QvDcCGm19znLyA\"]}]}<\/script>\n<!-- \/ Yoast SEO Premium plugin. -->","yoast_head_json":{"title":"Inseminimet - \u041f\u0417\u0423 \u0414-\u0440 \u041e\u0440\u0433\u0430\u043d\u045f\u0438\u0441\u043a\u0438","robots":{"index":"index","follow":"follow","max-snippet":"max-snippet:-1","max-image-preview":"max-image-preview:large","max-video-preview":"max-video-preview:-1"},"canonical":"https:\/\/organdziski.com\/insemenacii\/","og_locale":"sq_AL","og_type":"article","og_title":"Inseminimet","og_description":"Inseminimi intrauterin Inseminimi intrauterin \u00ebsht\u00eb nj\u00eb metod\u00eb mjaft e thjesht\u00eb e inseminimit me an\u00eb t\u00eb s\u00eb cil\u00ebs materiai pra sperma e p\u00ebrgatitur paraprakisht nga partneri mashkull futet n\u00eb mit\u00ebr gjat\u00eb ovulacionit, duke rritur gjasat p\u00ebr fekondim dhe ngjizje. Gruaja stimulohet me ila\u00e7e p\u00ebr t\u00eb prodhuar m\u00eb shum\u00eb qeliza vez\u00eb. Kur p\u00ebrdoret mjekimi p\u00ebr stimulim, gruaja...","og_url":"https:\/\/organdziski.com\/insemenacii\/","og_site_name":"\u041f\u0417\u0423 \u0414-\u0440 \u041e\u0440\u0433\u0430\u043d\u045f\u0438\u0441\u043a\u0438","article_publisher":"https:\/\/www.facebook.com\/Dr.Organdziski","article_modified_time":"2024-06-24T17:43:19+00:00","og_image":[{"url":"https:\/\/organdziski.com\/wp-content\/plugins\/wpforms-lite\/assets\/images\/submit-spin.svg","type":"","width":"","height":""}],"twitter_card":"summary_large_image","twitter_misc":{"Est. reading time":"2 minutes"},"schema":{"@context":"https:\/\/schema.org","@graph":[{"@type":"WebPage","@id":"https:\/\/organdziski.com\/insemenacii\/","url":"https:\/\/organdziski.com\/insemenacii\/","name":"Inseminimet - \u041f\u0417\u0423 \u0414-\u0440 \u041e\u0440\u0433\u0430\u043d\u045f\u0438\u0441\u043a\u0438","isPartOf":{"@id":"https:\/\/organdziski.com\/#website"},"primaryImageOfPage":{"@id":"https:\/\/organdziski.com\/insemenacii\/#primaryimage"},"image":{"@id":"https:\/\/organdziski.com\/insemenacii\/#primaryimage"},"thumbnailUrl":"https:\/\/organdziski.com\/wp-content\/plugins\/wpforms-lite\/assets\/images\/submit-spin.svg","datePublished":"2024-05-08T08:59:45+00:00","dateModified":"2024-06-24T17:43:19+00:00","breadcrumb":{"@id":"https:\/\/organdziski.com\/insemenacii\/#breadcrumb"},"inLanguage":"sq-AL","potentialAction":[{"@type":"ReadAction","target":["https:\/\/organdziski.com\/insemenacii\/"]}]},{"@type":"ImageObject","inLanguage":"sq-AL","@id":"https:\/\/organdziski.com\/insemenacii\/#primaryimage","url":"https:\/\/organdziski.com\/wp-content\/plugins\/wpforms-lite\/assets\/images\/submit-spin.svg","contentUrl":"https:\/\/organdziski.com\/wp-content\/plugins\/wpforms-lite\/assets\/images\/submit-spin.svg"},{"@type":"BreadcrumbList","@id":"https:\/\/organdziski.com\/insemenacii\/#breadcrumb","itemListElement":[{"@type":"ListItem","position":1,"name":"Home","item":"https:\/\/organdziski.com\/"},{"@type":"ListItem","position":2,"name":"Inseminimet"}]},{"@type":"WebSite","@id":"https:\/\/organdziski.com\/#website","url":"https:\/\/organdziski.com\/","name":"\u041f\u0417\u0423 \u0414-\u0440 \u041e\u0440\u0433\u0430\u043d\u045f\u0438\u0441\u043a\u0438","description":"\u0421\u043f\u0435\u0446\u0438\u0458\u0430\u043b\u0438\u0437\u0438\u0440\u0430\u043d\u0430 \u0431\u043e\u043b\u043d\u0438\u0446\u0430 \u043f\u043e \u0433\u0438\u043d\u0435\u043a\u043e\u043b\u043e\u0433\u0438\u0458\u0430 \u0438 \u0430\u043a\u0443\u0448\u0435\u0440\u0441\u0442\u0432\u043e","publisher":{"@id":"https:\/\/organdziski.com\/#organization"},"potentialAction":[{"@type":"SearchAction","target":{"@type":"EntryPoint","urlTemplate":"https:\/\/organdziski.com\/?s={search_term_string}"},"query-input":{"@type":"PropertyValueSpecification","valueRequired":true,"valueName":"search_term_string"}}],"inLanguage":"sq-AL"},{"@type":"Organization","@id":"https:\/\/organdziski.com\/#organization","name":"\u041f\u0417\u0423 \u0414-\u0440 \u041e\u0440\u0433\u0430\u043d\u045f\u0438\u0441\u043a\u0438","url":"https:\/\/organdziski.com\/","logo":{"@type":"ImageObject","inLanguage":"sq-AL","@id":"https:\/\/organdziski.com\/#\/schema\/logo\/image\/","url":"https:\/\/organdziski.com\/wp-content\/uploads\/2024\/04\/organdziski.svg","contentUrl":"https:\/\/organdziski.com\/wp-content\/uploads\/2024\/04\/organdziski.svg","width":341,"height":63,"caption":"\u041f\u0417\u0423 \u0414-\u0440 \u041e\u0440\u0433\u0430\u043d\u045f\u0438\u0441\u043a\u0438"},"image":{"@id":"https:\/\/organdziski.com\/#\/schema\/logo\/image\/"},"sameAs":["https:\/\/www.facebook.com\/Dr.Organdziski","https:\/\/www.instagram.com\/bolnicadrorgandziski\/","https:\/\/www.youtube.com\/channel\/UCVzAHTjH-QvDcCGm19znLyA"]}]}},"_links":{"self":[{"href":"https:\/\/organdziski.com\/sq\/wp-json\/wp\/v2\/pages\/16420","targetHints":{"allow":["GET"]}}],"collection":[{"href":"https:\/\/organdziski.com\/sq\/wp-json\/wp\/v2\/pages"}],"about":[{"href":"https:\/\/organdziski.com\/sq\/wp-json\/wp\/v2\/types\/page"}],"author":[{"embeddable":true,"href":"https:\/\/organdziski.com\/sq\/wp-json\/wp\/v2\/users\/1"}],"replies":[{"embeddable":true,"href":"https:\/\/organdziski.com\/sq\/wp-json\/wp\/v2\/comments?post=16420"}],"version-history":[{"count":3,"href":"https:\/\/organdziski.com\/sq\/wp-json\/wp\/v2\/pages\/16420\/revisions"}],"predecessor-version":[{"id":16424,"href":"https:\/\/organdziski.com\/sq\/wp-json\/wp\/v2\/pages\/16420\/revisions\/16424"}],"wp:attachment":[{"href":"https:\/\/organdziski.com\/sq\/wp-json\/wp\/v2\/media?parent=16420"}],"curies":[{"name":"wp","href":"https:\/\/api.w.org\/{rel}","templated":true}]}}