{"id":16463,"date":"2024-05-08T09:24:39","date_gmt":"2024-05-08T09:24:39","guid":{"rendered":"https:\/\/organdziski.com\/?page_id=16463"},"modified":"2024-06-25T10:59:58","modified_gmt":"2024-06-25T10:59:58","slug":"programi-i-donatoreve-me-spermatozoide-te-donuar","status":"publish","type":"page","link":"https:\/\/organdziski.com\/sq\/programi-i-donatoreve-me-spermatozoide-te-donuar\/","title":{"rendered":"Programi i donator\u00ebve me spermatozoid\u00eb t\u00eb donuar"},"content":{"rendered":"\t\t<div data-elementor-type=\"wp-page\" data-elementor-id=\"16463\" class=\"elementor elementor-16463 elementor-8635\" data-elementor-post-type=\"page\">\n\t\t\t\t<div class=\"elementor-element elementor-element-b01542b e-con-full e-flex e-con e-parent\" data-id=\"b01542b\" data-element_type=\"container\">\n\t\t<div class=\"elementor-element elementor-element-051ff61 e-con-full e-flex e-con e-child\" data-id=\"051ff61\" data-element_type=\"container\">\n\t\t\t\t<div class=\"elementor-element elementor-element-e26da6a elementor-widget elementor-widget-heading\" data-id=\"e26da6a\" data-element_type=\"widget\" data-widget_type=\"heading.default\">\n\t\t\t\t<div class=\"elementor-widget-container\">\n\t\t\t<h2 class=\"elementor-heading-title elementor-size-default\">Azoospermia<\/h2>\t\t<\/div>\n\t\t\t\t<\/div>\n\t\t\t\t<div class=\"elementor-element elementor-element-7b41093 elementor-widget elementor-widget-text-editor\" data-id=\"7b41093\" data-element_type=\"widget\" data-widget_type=\"text-editor.default\">\n\t\t\t\t<div class=\"elementor-widget-container\">\n\t\t\t\t\t\t\t<ul><li>N\u00eb rast t\u00eb munges\u00ebs s\u00eb spermatozoideve n\u00eb ejakulatin dhe indin testikular t\u00eb partnerit (azoospermia), \u00e7iftet q\u00eb duan t\u00eb ken\u00eb pasardh\u00ebs vendosin p\u00ebr nj\u00eb procedur\u00eb IN VITRO me spermatozoide t\u00eb dhuruara.<\/li><li>Arsyet jan\u00eb t\u00eb shumta: shkaqe kongjenitale, l\u00ebndime, t\u00eb natyr\u00ebs infektive, ekspozimi ndaj temperaturave t\u00eb larta dhe toksinave, \u00e7rregullime hormonale e t\u00eb tjera&#8230;<\/li><\/ul>\t\t\t\t\t\t<\/div>\n\t\t\t\t<\/div>\n\t\t\t\t<\/div>\n\t\t<div class=\"elementor-element elementor-element-b433da4 e-con-full e-flex e-con e-child\" data-id=\"b433da4\" data-element_type=\"container\">\n\t\t\t\t<div class=\"elementor-element elementor-element-d1811db elementor-widget__width-inherit elementor-widget elementor-widget-image\" data-id=\"d1811db\" data-element_type=\"widget\" data-widget_type=\"image.default\">\n\t\t\t\t<div class=\"elementor-widget-container\">\n\t\t\t\t\t\t\t\t\t\t\t\t\t<img fetchpriority=\"high\" decoding=\"async\" width=\"767\" height=\"431\" src=\"https:\/\/organdziski.com\/wp-content\/uploads\/2024\/05\/\u0414\u043e\u043d\u043e\u0440\u0441\u043a\u0438-\u043f\u0440\u043e\u0433\u0440\u0430\u043c.webp\" class=\"attachment-full size-full wp-image-11810\" alt=\"\" srcset=\"https:\/\/organdziski.com\/wp-content\/uploads\/2024\/05\/\u0414\u043e\u043d\u043e\u0440\u0441\u043a\u0438-\u043f\u0440\u043e\u0433\u0440\u0430\u043c.webp 767w, https:\/\/organdziski.com\/wp-content\/uploads\/2024\/05\/\u0414\u043e\u043d\u043e\u0440\u0441\u043a\u0438-\u043f\u0440\u043e\u0433\u0440\u0430\u043c-300x169.webp 300w, https:\/\/organdziski.com\/wp-content\/uploads\/2024\/05\/\u0414\u043e\u043d\u043e\u0440\u0441\u043a\u0438-\u043f\u0440\u043e\u0433\u0440\u0430\u043c-600x337.webp 600w\" sizes=\"(max-width: 767px) 100vw, 767px\" \/>\t\t\t\t\t\t\t\t\t\t\t\t\t<\/div>\n\t\t\t\t<\/div>\n\t\t\t\t<div class=\"elementor-element elementor-element-8e1e59d elementor-widget elementor-widget-wpforms\" data-id=\"8e1e59d\" data-element_type=\"widget\" data-widget_type=\"wpforms.default\">\n\t\t\t\t<div class=\"elementor-widget-container\">\n\t\t\t<div class=\"wpforms-container wpforms-container-full wpforms-render-modern\" id=\"wpforms-16361\"><form id=\"wpforms-form-16361\" class=\"wpforms-validate wpforms-form wpforms-ajax-form\" data-formid=\"16361\" method=\"post\" enctype=\"multipart\/form-data\" action=\"\/sq\/wp-json\/wp\/v2\/pages\/16463\" data-token=\"096b8d637536f509730e0f4ad87cbcb1\" data-token-time=\"1776912492\"><noscript class=\"wpforms-error-noscript\">Please enable JavaScript in your browser to complete this form.<\/noscript><div id=\"wpforms-error-noscript\" style=\"display: none;\">Please enable JavaScript in your browser to complete this form.<\/div><div class=\"wpforms-field-container\"><div id=\"wpforms-16361-field_2-container\" class=\"wpforms-field wpforms-field-text\" data-field-id=\"2\"><label class=\"wpforms-field-label\" for=\"wpforms-16361-field_2\">Emri juaj<\/label><input type=\"text\" id=\"wpforms-16361-field_2\" class=\"wpforms-field-medium\" name=\"wpforms[fields][2]\" aria-errormessage=\"wpforms-16361-field_2-error\" ><\/div><div id=\"wpforms-16361-field_3-container\" class=\"wpforms-field wpforms-field-text\" data-field-id=\"3\"><label class=\"wpforms-field-label\" for=\"wpforms-16361-field_3\">Email <\/label><input type=\"text\" id=\"wpforms-16361-field_3\" class=\"wpforms-field-medium\" name=\"wpforms[fields][3]\" aria-errormessage=\"wpforms-16361-field_3-error\" ><\/div><div id=\"wpforms-16361-field_4-container\" class=\"wpforms-field wpforms-field-textarea\" data-field-id=\"4\"><label class=\"wpforms-field-label\" for=\"wpforms-16361-field_4\">Pyetja juaj?<\/label><textarea id=\"wpforms-16361-field_4\" class=\"wpforms-field-large\" name=\"wpforms[fields][4]\" aria-errormessage=\"wpforms-16361-field_4-error\" ><\/textarea><\/div><\/div><!-- .wpforms-field-container --><div class=\"wpforms-submit-container\" ><input type=\"hidden\" name=\"wpforms[id]\" value=\"16361\"><input type=\"hidden\" name=\"page_title\" value=\"\"><input type=\"hidden\" name=\"page_url\" value=\"https:\/\/organdziski.com\/sq\/wp-json\/wp\/v2\/pages\/16463\"><input type=\"hidden\" name=\"url_referer\" value=\"\"><button type=\"submit\" name=\"wpforms[submit]\" id=\"wpforms-submit-16361\" class=\"wpforms-submit\" data-alt-text=\"Sending...\" data-submit-text=\"D\u00ebrgoni\" aria-live=\"assertive\" value=\"wpforms-submit\">D\u00ebrgoni<\/button><img decoding=\"async\" src=\"https:\/\/organdziski.com\/wp-content\/plugins\/wpforms-lite\/assets\/images\/submit-spin.svg\" class=\"wpforms-submit-spinner\" style=\"display: none;\" width=\"26\" height=\"26\" alt=\"Loading\"><\/div><\/form><\/div>  <!-- .wpforms-container -->\t\t<\/div>\n\t\t\t\t<\/div>\n\t\t\t\t<\/div>\n\t\t\t\t<\/div>\n\t\t\t\t<\/div>\n\t\t","protected":false},"excerpt":{"rendered":"<p>Azoospermia N\u00eb rast t\u00eb munges\u00ebs s\u00eb spermatozoideve n\u00eb ejakulatin dhe indin testikular t\u00eb partnerit (azoospermia), \u00e7iftet q\u00eb duan t\u00eb ken\u00eb pasardh\u00ebs vendosin p\u00ebr nj\u00eb procedur\u00eb IN VITRO me spermatozoide t\u00eb dhuruara. Arsyet jan\u00eb t\u00eb shumta: shkaqe kongjenitale, l\u00ebndime, t\u00eb natyr\u00ebs infektive, ekspozimi ndaj temperaturave t\u00eb larta dhe toksinave, \u00e7rregullime hormonale e t\u00eb tjera&#8230; Please enable&#8230;<\/p>\n","protected":false},"author":1,"featured_media":0,"parent":0,"menu_order":0,"comment_status":"closed","ping_status":"closed","template":"","meta":{"footnotes":""},"class_list":["post-16463","page","type-page","status-publish","hentry"],"yoast_head":"<!-- This site is optimized with the Yoast SEO Premium plugin v22.7 (Yoast SEO v27.4) - https:\/\/yoast.com\/product\/yoast-seo-premium-wordpress\/ -->\n<title>Programi i donator\u00ebve me spermatozoid\u00eb t\u00eb donuar - \u041f\u0417\u0423 \u0414-\u0440 \u041e\u0440\u0433\u0430\u043d\u045f\u0438\u0441\u043a\u0438<\/title>\n<meta name=\"robots\" content=\"index, follow, max-snippet:-1, max-image-preview:large, max-video-preview:-1\" \/>\n<link rel=\"canonical\" href=\"https:\/\/organdziski.com\/donorski-program-so-donirani-spermatozoidi\/\" \/>\n<meta property=\"og:locale\" content=\"sq_AL\" \/>\n<meta property=\"og:type\" content=\"article\" \/>\n<meta property=\"og:title\" content=\"Programi i donator\u00ebve me spermatozoid\u00eb t\u00eb donuar\" \/>\n<meta property=\"og:description\" content=\"Azoospermia N\u00eb rast t\u00eb munges\u00ebs s\u00eb spermatozoideve n\u00eb ejakulatin dhe indin testikular t\u00eb partnerit (azoospermia), \u00e7iftet q\u00eb duan t\u00eb ken\u00eb pasardh\u00ebs vendosin p\u00ebr nj\u00eb procedur\u00eb IN VITRO me spermatozoide t\u00eb dhuruara. Arsyet jan\u00eb t\u00eb shumta: shkaqe kongjenitale, l\u00ebndime, t\u00eb natyr\u00ebs infektive, ekspozimi ndaj temperaturave t\u00eb larta dhe toksinave, \u00e7rregullime hormonale e t\u00eb tjera&#8230; Please enable...\" \/>\n<meta property=\"og:url\" content=\"https:\/\/organdziski.com\/donorski-program-so-donirani-spermatozoidi\/\" \/>\n<meta property=\"og:site_name\" content=\"\u041f\u0417\u0423 \u0414-\u0440 \u041e\u0440\u0433\u0430\u043d\u045f\u0438\u0441\u043a\u0438\" \/>\n<meta property=\"article:publisher\" content=\"https:\/\/www.facebook.com\/Dr.Organdziski\" \/>\n<meta property=\"article:modified_time\" content=\"2024-06-25T10:59:58+00:00\" \/>\n<meta property=\"og:image\" content=\"https:\/\/organdziski.com\/wp-content\/plugins\/wpforms-lite\/assets\/images\/submit-spin.svg\" \/>\n<meta name=\"twitter:card\" content=\"summary_large_image\" \/>\n<meta name=\"twitter:label1\" content=\"Est. reading time\" \/>\n\t<meta name=\"twitter:data1\" content=\"1 minute\" \/>\n<script type=\"application\/ld+json\" class=\"yoast-schema-graph\">{\"@context\":\"https:\\\/\\\/schema.org\",\"@graph\":[{\"@type\":\"WebPage\",\"@id\":\"https:\\\/\\\/organdziski.com\\\/donorski-program-so-donirani-spermatozoidi\\\/\",\"url\":\"https:\\\/\\\/organdziski.com\\\/donorski-program-so-donirani-spermatozoidi\\\/\",\"name\":\"Programi i donator\u00ebve me spermatozoid\u00eb t\u00eb donuar - \u041f\u0417\u0423 \u0414-\u0440 \u041e\u0440\u0433\u0430\u043d\u045f\u0438\u0441\u043a\u0438\",\"isPartOf\":{\"@id\":\"https:\\\/\\\/organdziski.com\\\/#website\"},\"primaryImageOfPage\":{\"@id\":\"https:\\\/\\\/organdziski.com\\\/donorski-program-so-donirani-spermatozoidi\\\/#primaryimage\"},\"image\":{\"@id\":\"https:\\\/\\\/organdziski.com\\\/donorski-program-so-donirani-spermatozoidi\\\/#primaryimage\"},\"thumbnailUrl\":\"https:\\\/\\\/organdziski.com\\\/wp-content\\\/plugins\\\/wpforms-lite\\\/assets\\\/images\\\/submit-spin.svg\",\"datePublished\":\"2024-05-08T09:24:39+00:00\",\"dateModified\":\"2024-06-25T10:59:58+00:00\",\"breadcrumb\":{\"@id\":\"https:\\\/\\\/organdziski.com\\\/donorski-program-so-donirani-spermatozoidi\\\/#breadcrumb\"},\"inLanguage\":\"sq-AL\",\"potentialAction\":[{\"@type\":\"ReadAction\",\"target\":[\"https:\\\/\\\/organdziski.com\\\/donorski-program-so-donirani-spermatozoidi\\\/\"]}]},{\"@type\":\"ImageObject\",\"inLanguage\":\"sq-AL\",\"@id\":\"https:\\\/\\\/organdziski.com\\\/donorski-program-so-donirani-spermatozoidi\\\/#primaryimage\",\"url\":\"https:\\\/\\\/organdziski.com\\\/wp-content\\\/plugins\\\/wpforms-lite\\\/assets\\\/images\\\/submit-spin.svg\",\"contentUrl\":\"https:\\\/\\\/organdziski.com\\\/wp-content\\\/plugins\\\/wpforms-lite\\\/assets\\\/images\\\/submit-spin.svg\"},{\"@type\":\"BreadcrumbList\",\"@id\":\"https:\\\/\\\/organdziski.com\\\/donorski-program-so-donirani-spermatozoidi\\\/#breadcrumb\",\"itemListElement\":[{\"@type\":\"ListItem\",\"position\":1,\"name\":\"Home\",\"item\":\"https:\\\/\\\/organdziski.com\\\/\"},{\"@type\":\"ListItem\",\"position\":2,\"name\":\"Programi i donator\u00ebve me spermatozoid\u00eb t\u00eb donuar\"}]},{\"@type\":\"WebSite\",\"@id\":\"https:\\\/\\\/organdziski.com\\\/#website\",\"url\":\"https:\\\/\\\/organdziski.com\\\/\",\"name\":\"\u041f\u0417\u0423 \u0414-\u0440 \u041e\u0440\u0433\u0430\u043d\u045f\u0438\u0441\u043a\u0438\",\"description\":\"\u0421\u043f\u0435\u0446\u0438\u0458\u0430\u043b\u0438\u0437\u0438\u0440\u0430\u043d\u0430 \u0431\u043e\u043b\u043d\u0438\u0446\u0430 \u043f\u043e \u0433\u0438\u043d\u0435\u043a\u043e\u043b\u043e\u0433\u0438\u0458\u0430 \u0438 \u0430\u043a\u0443\u0448\u0435\u0440\u0441\u0442\u0432\u043e\",\"publisher\":{\"@id\":\"https:\\\/\\\/organdziski.com\\\/#organization\"},\"potentialAction\":[{\"@type\":\"SearchAction\",\"target\":{\"@type\":\"EntryPoint\",\"urlTemplate\":\"https:\\\/\\\/organdziski.com\\\/?s={search_term_string}\"},\"query-input\":{\"@type\":\"PropertyValueSpecification\",\"valueRequired\":true,\"valueName\":\"search_term_string\"}}],\"inLanguage\":\"sq-AL\"},{\"@type\":\"Organization\",\"@id\":\"https:\\\/\\\/organdziski.com\\\/#organization\",\"name\":\"\u041f\u0417\u0423 \u0414-\u0440 \u041e\u0440\u0433\u0430\u043d\u045f\u0438\u0441\u043a\u0438\",\"url\":\"https:\\\/\\\/organdziski.com\\\/\",\"logo\":{\"@type\":\"ImageObject\",\"inLanguage\":\"sq-AL\",\"@id\":\"https:\\\/\\\/organdziski.com\\\/#\\\/schema\\\/logo\\\/image\\\/\",\"url\":\"https:\\\/\\\/organdziski.com\\\/wp-content\\\/uploads\\\/2024\\\/04\\\/organdziski.svg\",\"contentUrl\":\"https:\\\/\\\/organdziski.com\\\/wp-content\\\/uploads\\\/2024\\\/04\\\/organdziski.svg\",\"width\":341,\"height\":63,\"caption\":\"\u041f\u0417\u0423 \u0414-\u0440 \u041e\u0440\u0433\u0430\u043d\u045f\u0438\u0441\u043a\u0438\"},\"image\":{\"@id\":\"https:\\\/\\\/organdziski.com\\\/#\\\/schema\\\/logo\\\/image\\\/\"},\"sameAs\":[\"https:\\\/\\\/www.facebook.com\\\/Dr.Organdziski\",\"https:\\\/\\\/www.instagram.com\\\/bolnicadrorgandziski\\\/\",\"https:\\\/\\\/www.youtube.com\\\/channel\\\/UCVzAHTjH-QvDcCGm19znLyA\"]}]}<\/script>\n<!-- \/ Yoast SEO Premium plugin. -->","yoast_head_json":{"title":"Programi i donator\u00ebve me spermatozoid\u00eb t\u00eb donuar - \u041f\u0417\u0423 \u0414-\u0440 \u041e\u0440\u0433\u0430\u043d\u045f\u0438\u0441\u043a\u0438","robots":{"index":"index","follow":"follow","max-snippet":"max-snippet:-1","max-image-preview":"max-image-preview:large","max-video-preview":"max-video-preview:-1"},"canonical":"https:\/\/organdziski.com\/donorski-program-so-donirani-spermatozoidi\/","og_locale":"sq_AL","og_type":"article","og_title":"Programi i donator\u00ebve me spermatozoid\u00eb t\u00eb donuar","og_description":"Azoospermia N\u00eb rast t\u00eb munges\u00ebs s\u00eb spermatozoideve n\u00eb ejakulatin dhe indin testikular t\u00eb partnerit (azoospermia), \u00e7iftet q\u00eb duan t\u00eb ken\u00eb pasardh\u00ebs vendosin p\u00ebr nj\u00eb procedur\u00eb IN VITRO me spermatozoide t\u00eb dhuruara. Arsyet jan\u00eb t\u00eb shumta: shkaqe kongjenitale, l\u00ebndime, t\u00eb natyr\u00ebs infektive, ekspozimi ndaj temperaturave t\u00eb larta dhe toksinave, \u00e7rregullime hormonale e t\u00eb tjera&#8230; Please enable...","og_url":"https:\/\/organdziski.com\/donorski-program-so-donirani-spermatozoidi\/","og_site_name":"\u041f\u0417\u0423 \u0414-\u0440 \u041e\u0440\u0433\u0430\u043d\u045f\u0438\u0441\u043a\u0438","article_publisher":"https:\/\/www.facebook.com\/Dr.Organdziski","article_modified_time":"2024-06-25T10:59:58+00:00","og_image":[{"url":"https:\/\/organdziski.com\/wp-content\/plugins\/wpforms-lite\/assets\/images\/submit-spin.svg","type":"","width":"","height":""}],"twitter_card":"summary_large_image","twitter_misc":{"Est. reading time":"1 minute"},"schema":{"@context":"https:\/\/schema.org","@graph":[{"@type":"WebPage","@id":"https:\/\/organdziski.com\/donorski-program-so-donirani-spermatozoidi\/","url":"https:\/\/organdziski.com\/donorski-program-so-donirani-spermatozoidi\/","name":"Programi i donator\u00ebve me spermatozoid\u00eb t\u00eb donuar - \u041f\u0417\u0423 \u0414-\u0440 \u041e\u0440\u0433\u0430\u043d\u045f\u0438\u0441\u043a\u0438","isPartOf":{"@id":"https:\/\/organdziski.com\/#website"},"primaryImageOfPage":{"@id":"https:\/\/organdziski.com\/donorski-program-so-donirani-spermatozoidi\/#primaryimage"},"image":{"@id":"https:\/\/organdziski.com\/donorski-program-so-donirani-spermatozoidi\/#primaryimage"},"thumbnailUrl":"https:\/\/organdziski.com\/wp-content\/plugins\/wpforms-lite\/assets\/images\/submit-spin.svg","datePublished":"2024-05-08T09:24:39+00:00","dateModified":"2024-06-25T10:59:58+00:00","breadcrumb":{"@id":"https:\/\/organdziski.com\/donorski-program-so-donirani-spermatozoidi\/#breadcrumb"},"inLanguage":"sq-AL","potentialAction":[{"@type":"ReadAction","target":["https:\/\/organdziski.com\/donorski-program-so-donirani-spermatozoidi\/"]}]},{"@type":"ImageObject","inLanguage":"sq-AL","@id":"https:\/\/organdziski.com\/donorski-program-so-donirani-spermatozoidi\/#primaryimage","url":"https:\/\/organdziski.com\/wp-content\/plugins\/wpforms-lite\/assets\/images\/submit-spin.svg","contentUrl":"https:\/\/organdziski.com\/wp-content\/plugins\/wpforms-lite\/assets\/images\/submit-spin.svg"},{"@type":"BreadcrumbList","@id":"https:\/\/organdziski.com\/donorski-program-so-donirani-spermatozoidi\/#breadcrumb","itemListElement":[{"@type":"ListItem","position":1,"name":"Home","item":"https:\/\/organdziski.com\/"},{"@type":"ListItem","position":2,"name":"Programi i donator\u00ebve me spermatozoid\u00eb t\u00eb donuar"}]},{"@type":"WebSite","@id":"https:\/\/organdziski.com\/#website","url":"https:\/\/organdziski.com\/","name":"\u041f\u0417\u0423 \u0414-\u0440 \u041e\u0440\u0433\u0430\u043d\u045f\u0438\u0441\u043a\u0438","description":"\u0421\u043f\u0435\u0446\u0438\u0458\u0430\u043b\u0438\u0437\u0438\u0440\u0430\u043d\u0430 \u0431\u043e\u043b\u043d\u0438\u0446\u0430 \u043f\u043e \u0433\u0438\u043d\u0435\u043a\u043e\u043b\u043e\u0433\u0438\u0458\u0430 \u0438 \u0430\u043a\u0443\u0448\u0435\u0440\u0441\u0442\u0432\u043e","publisher":{"@id":"https:\/\/organdziski.com\/#organization"},"potentialAction":[{"@type":"SearchAction","target":{"@type":"EntryPoint","urlTemplate":"https:\/\/organdziski.com\/?s={search_term_string}"},"query-input":{"@type":"PropertyValueSpecification","valueRequired":true,"valueName":"search_term_string"}}],"inLanguage":"sq-AL"},{"@type":"Organization","@id":"https:\/\/organdziski.com\/#organization","name":"\u041f\u0417\u0423 \u0414-\u0440 \u041e\u0440\u0433\u0430\u043d\u045f\u0438\u0441\u043a\u0438","url":"https:\/\/organdziski.com\/","logo":{"@type":"ImageObject","inLanguage":"sq-AL","@id":"https:\/\/organdziski.com\/#\/schema\/logo\/image\/","url":"https:\/\/organdziski.com\/wp-content\/uploads\/2024\/04\/organdziski.svg","contentUrl":"https:\/\/organdziski.com\/wp-content\/uploads\/2024\/04\/organdziski.svg","width":341,"height":63,"caption":"\u041f\u0417\u0423 \u0414-\u0440 \u041e\u0440\u0433\u0430\u043d\u045f\u0438\u0441\u043a\u0438"},"image":{"@id":"https:\/\/organdziski.com\/#\/schema\/logo\/image\/"},"sameAs":["https:\/\/www.facebook.com\/Dr.Organdziski","https:\/\/www.instagram.com\/bolnicadrorgandziski\/","https:\/\/www.youtube.com\/channel\/UCVzAHTjH-QvDcCGm19znLyA"]}]}},"_links":{"self":[{"href":"https:\/\/organdziski.com\/sq\/wp-json\/wp\/v2\/pages\/16463","targetHints":{"allow":["GET"]}}],"collection":[{"href":"https:\/\/organdziski.com\/sq\/wp-json\/wp\/v2\/pages"}],"about":[{"href":"https:\/\/organdziski.com\/sq\/wp-json\/wp\/v2\/types\/page"}],"author":[{"embeddable":true,"href":"https:\/\/organdziski.com\/sq\/wp-json\/wp\/v2\/users\/1"}],"replies":[{"embeddable":true,"href":"https:\/\/organdziski.com\/sq\/wp-json\/wp\/v2\/comments?post=16463"}],"version-history":[{"count":3,"href":"https:\/\/organdziski.com\/sq\/wp-json\/wp\/v2\/pages\/16463\/revisions"}],"predecessor-version":[{"id":16466,"href":"https:\/\/organdziski.com\/sq\/wp-json\/wp\/v2\/pages\/16463\/revisions\/16466"}],"wp:attachment":[{"href":"https:\/\/organdziski.com\/sq\/wp-json\/wp\/v2\/media?parent=16463"}],"curies":[{"name":"wp","href":"https:\/\/api.w.org\/{rel}","templated":true}]}}