{"id":16491,"date":"2024-05-08T09:29:52","date_gmt":"2024-05-08T09:29:52","guid":{"rendered":"https:\/\/organdziski.com\/?page_id=16491"},"modified":"2024-06-25T11:08:24","modified_gmt":"2024-06-25T11:08:24","slug":"scratching-histeroskopik-per-te-permiresuar-implantimin-e-embrionit","status":"publish","type":"page","link":"https:\/\/organdziski.com\/sq\/scratching-histeroskopik-per-te-permiresuar-implantimin-e-embrionit\/","title":{"rendered":"Scratching histeroskopik p\u00ebr t\u00eb p\u00ebrmir\u00ebsuar implantimin e embrionit"},"content":{"rendered":"\t\t<div data-elementor-type=\"wp-page\" data-elementor-id=\"16491\" class=\"elementor elementor-16491 elementor-8650\" data-elementor-post-type=\"page\">\n\t\t\t\t<div class=\"elementor-element elementor-element-369e3e6 e-con-full e-flex e-con e-parent\" data-id=\"369e3e6\" data-element_type=\"container\">\n\t\t<div class=\"elementor-element elementor-element-d083b33 e-con-full e-flex e-con e-child\" data-id=\"d083b33\" data-element_type=\"container\">\n\t\t\t\t<div class=\"elementor-element elementor-element-dfe4b67 elementor-widget elementor-widget-heading\" data-id=\"dfe4b67\" data-element_type=\"widget\" data-widget_type=\"heading.default\">\n\t\t\t\t<div class=\"elementor-widget-container\">\n\t\t\t<h2 class=\"elementor-heading-title elementor-size-default\">Scratching histeroskopik<\/h2>\t\t<\/div>\n\t\t\t\t<\/div>\n\t\t\t\t<div class=\"elementor-element elementor-element-2af8da4 elementor-widget elementor-widget-text-editor\" data-id=\"2af8da4\" data-element_type=\"widget\" data-widget_type=\"text-editor.default\">\n\t\t\t\t<div class=\"elementor-widget-container\">\n\t\t\t\t\t\t\t<p>SCRATCHING HISTEROSKOPIK \u2013 nj\u00eb nd\u00ebrhyrje q\u00eb rrit shkall\u00ebn e implantimit t\u00eb embrioneve tek grat\u00eb q\u00eb kan\u00eb t\u00eb pakt\u00ebn nj\u00eb procedur\u00eb IN VITRO T\u00cb D\u00cbSHTUAR.<\/p><p>G\u00ebrvishtja e endometrit \u2013 G\u00ebrvishtja \u00ebsht\u00eb nj\u00eb procedur\u00eb q\u00eb \u00ebsht\u00eb treguar se rrit shanset e suksesit gjat\u00eb nj\u00eb procedure in vitro. Kjo procedur\u00eb \u00ebsht\u00eb mjaft e thjesht\u00eb, minimalisht invazive, afatshkurt\u00ebr dhe e sigurt. Rekomandohet t\u00eb b\u00ebhet nj\u00eb ose maksimum dy cikle p\u00ebrpara transferimit t\u00eb embrionit. N\u00ebse e b\u00ebni k\u00ebt\u00eb procedur\u00eb shum\u00eb m\u00eb p\u00ebrpara se t\u00eb planifikoni in vitro, at\u00ebher\u00eb endometriumi do t\u00eb ket\u00eb koh\u00eb t\u00eb &#8220;sh\u00ebrohet&#8221; dhe nuk do t\u00eb jap\u00eb rezultatin e d\u00ebshiruar. Endometriumi \u00ebsht\u00eb nj\u00eb shtres\u00eb indi brenda mitr\u00ebs. N\u00eb m\u00ebnyr\u00eb q\u00eb nj\u00eb grua t\u00eb mbetet shtatz\u00ebn\u00eb, embrioni duhet t\u00eb ngjitet n\u00eb k\u00ebt\u00eb k\u00ebll\u00ebf dhe t\u00eb ndodh\u00eb implantimi. D\u00ebshtimi i implantimit konsiderohet faktori kryesor q\u00eb ndikon n\u00eb fertilitetin e njeriut dhe zakonisht llogaritet mungesa e pranueshm\u00ebris\u00eb s\u00eb mitr\u00ebs.<\/p><p>Gjat\u00eb nj\u00eb procedure in vitro, stimulimi ovarian dhe medikamentet mund t\u00eb ndryshojn\u00eb gjendjen e mitr\u00ebs dhe t\u00eb zvog\u00eblojn\u00eb pranueshm\u00ebrin\u00eb e saj p\u00ebr t\u00eb pranuar embrionet. Edhe pse nuk \u00ebsht\u00eb ende plot\u00ebsisht e qart\u00eb se si kruarja p\u00ebrmir\u00ebson receptivitetin e endometrit, ka prova q\u00eb sugjerojn\u00eb se procedura ndryshon struktur\u00ebn dhe funksionin e endometrit dhe e b\u00ebn at\u00eb m\u00eb t\u00eb pranuesh\u00ebm ndaj embrioneve. Mendohet se nxit mitr\u00ebn t\u00eb rigjenerohet dhe t\u00eb sinkronizohet me zhvillimin e embrioneve.<\/p><p>Procedura n\u00eb vetvete n\u00ebnkupton g\u00ebrvishtjen ose d\u00ebmtimin e endometrit t\u00eb mitr\u00ebs me nj\u00eb sond\u00eb Novakov ose nj\u00eb pjes\u00eb shum\u00eb t\u00eb vog\u00ebl p\u00ebrpara transferimit t\u00eb planifikuar t\u00eb embrionit n\u00eb m\u00ebnyr\u00eb q\u00eb t\u00eb p\u00ebrmir\u00ebsohet qarkullimi n\u00eb endometrium dhe implantimi m\u00eb i mir\u00eb dhe m\u00eb efikas i embrionit. N\u00eb vendin ku \u201cl\u00ebndohet\u201d endometriumi rritet furnizimi me gjak. P\u00ebr k\u00ebt\u00eb arsye, embrioni do t\u00eb zgjedh\u00eb k\u00ebt\u00eb vend p\u00ebr t&#8217;u ushqyer m\u00eb mir\u00eb.<\/p><p>G\u00ebrvishtja e endometrit b\u00ebhet vet\u00ebm me teste mikrobiologjike negative q\u00eb do t\u00eb konfirmojn\u00eb munges\u00ebn e infeksionit vaginal dhe cervikal dhe pas pastrimit t\u00eb detajuar para dhe pas me tret\u00ebsir\u00eb \u200b\u200bBetadine. Kjo sepse nd\u00ebrhyrja mbart rreziqet e p\u00ebrhapjes s\u00eb infeksionit n\u00eb pjes\u00ebt e sip\u00ebrme t\u00eb organeve riprodhuese, perforimin e mitr\u00ebs, d\u00ebmtimin e organeve p\u00ebrreth, fshik\u00ebz\u00ebs, zorr\u00ebve e t\u00eb ngjashme.<\/p><p>Pas procedur\u00ebs mund t\u00eb ndjehen siklet, dhimbje dhe ng\u00ebr\u00e7e. \u00cbsht\u00eb e mundur edhe nj\u00eb gjakderdhje e vog\u00ebl, por gjith\u00e7ka kalon shpejt dhe gruaja mund t&#8217;i kthehet ritmit normal t\u00eb jet\u00ebs.<\/p><p>G\u00ebrvishtja endometriale rekomandohet p\u00ebr grat\u00eb q\u00eb kan\u00eb d\u00ebshtuar t\u00eb mbeten shtatz\u00ebn\u00eb, pas disa procedurave t\u00eb pasuksesshme IVF, pavar\u00ebsisht transferimit t\u00eb embrioneve cil\u00ebsore dhe pa nj\u00eb arsye t\u00eb qart\u00eb p\u00ebr d\u00ebshtimin e tyre. Edhe pse disa studime sugjerojn\u00eb se kruarja e endometrit mund t\u00eb dyfishoj\u00eb shanset p\u00ebr t\u00eb mbetur shtatz\u00ebn\u00eb, provat p\u00ebrfundimtare shkencore p\u00ebr p\u00ebrfitimet e tij dhe njohurit\u00eb p\u00ebr mekanizmat themelor\u00eb jan\u00eb t\u00eb kufizuara.<\/p><p>Procedura nuk ka kufizime, ajo mund t\u00eb kryhet sa her\u00eb t\u00eb jet\u00eb e nevojshme derisa t\u00eb arrihet suksesi.<\/p>\t\t\t\t\t\t<\/div>\n\t\t\t\t<\/div>\n\t\t\t\t<\/div>\n\t\t<div class=\"elementor-element elementor-element-cc28727 e-con-full e-flex e-con e-child\" data-id=\"cc28727\" data-element_type=\"container\">\n\t\t\t\t<div class=\"elementor-element elementor-element-11a5f1e elementor-widget__width-inherit elementor-widget elementor-widget-image\" data-id=\"11a5f1e\" data-element_type=\"widget\" data-widget_type=\"image.default\">\n\t\t\t\t<div class=\"elementor-widget-container\">\n\t\t\t\t\t\t\t\t\t\t\t\t\t<img fetchpriority=\"high\" decoding=\"async\" width=\"681\" height=\"535\" src=\"https:\/\/organdziski.com\/wp-content\/uploads\/2024\/05\/\u0445\u0438\u0441\u0442\u0435\u0440\u043e\u0441\u043a\u043e\u043f\u0441\u043a\u0438-\u0441\u043a\u0440\u0435\u0447\u0438\u043d\u0433.jpg\" class=\"attachment-full size-full wp-image-11826\" alt=\"\" srcset=\"https:\/\/organdziski.com\/wp-content\/uploads\/2024\/05\/\u0445\u0438\u0441\u0442\u0435\u0440\u043e\u0441\u043a\u043e\u043f\u0441\u043a\u0438-\u0441\u043a\u0440\u0435\u0447\u0438\u043d\u0433.jpg 681w, https:\/\/organdziski.com\/wp-content\/uploads\/2024\/05\/\u0445\u0438\u0441\u0442\u0435\u0440\u043e\u0441\u043a\u043e\u043f\u0441\u043a\u0438-\u0441\u043a\u0440\u0435\u0447\u0438\u043d\u0433-300x236.jpg 300w, https:\/\/organdziski.com\/wp-content\/uploads\/2024\/05\/\u0445\u0438\u0441\u0442\u0435\u0440\u043e\u0441\u043a\u043e\u043f\u0441\u043a\u0438-\u0441\u043a\u0440\u0435\u0447\u0438\u043d\u0433-600x471.jpg 600w\" sizes=\"(max-width: 681px) 100vw, 681px\" \/>\t\t\t\t\t\t\t\t\t\t\t\t\t<\/div>\n\t\t\t\t<\/div>\n\t\t\t\t<div class=\"elementor-element elementor-element-8ea10aa elementor-widget elementor-widget-wpforms\" data-id=\"8ea10aa\" data-element_type=\"widget\" data-widget_type=\"wpforms.default\">\n\t\t\t\t<div class=\"elementor-widget-container\">\n\t\t\t<div class=\"wpforms-container wpforms-container-full wpforms-render-modern\" id=\"wpforms-16361\"><form id=\"wpforms-form-16361\" class=\"wpforms-validate wpforms-form wpforms-ajax-form\" data-formid=\"16361\" method=\"post\" enctype=\"multipart\/form-data\" action=\"\/sq\/wp-json\/wp\/v2\/pages\/16491\" data-token=\"096b8d637536f509730e0f4ad87cbcb1\" data-token-time=\"1776912202\"><noscript class=\"wpforms-error-noscript\">Please enable JavaScript in your browser to complete this form.<\/noscript><div id=\"wpforms-error-noscript\" style=\"display: none;\">Please enable JavaScript in your browser to complete this form.<\/div><div class=\"wpforms-field-container\"><div id=\"wpforms-16361-field_2-container\" class=\"wpforms-field wpforms-field-text\" data-field-id=\"2\"><label class=\"wpforms-field-label\" for=\"wpforms-16361-field_2\">Emri juaj<\/label><input type=\"text\" id=\"wpforms-16361-field_2\" class=\"wpforms-field-medium\" name=\"wpforms[fields][2]\" aria-errormessage=\"wpforms-16361-field_2-error\" ><\/div><div id=\"wpforms-16361-field_3-container\" class=\"wpforms-field wpforms-field-text\" data-field-id=\"3\"><label class=\"wpforms-field-label\" for=\"wpforms-16361-field_3\">Email <\/label><input type=\"text\" id=\"wpforms-16361-field_3\" class=\"wpforms-field-medium\" name=\"wpforms[fields][3]\" aria-errormessage=\"wpforms-16361-field_3-error\" ><\/div><div id=\"wpforms-16361-field_4-container\" class=\"wpforms-field wpforms-field-textarea\" data-field-id=\"4\"><label class=\"wpforms-field-label\" for=\"wpforms-16361-field_4\">Pyetja juaj?<\/label><textarea id=\"wpforms-16361-field_4\" class=\"wpforms-field-large\" name=\"wpforms[fields][4]\" aria-errormessage=\"wpforms-16361-field_4-error\" ><\/textarea><\/div><\/div><!-- .wpforms-field-container --><div class=\"wpforms-submit-container\" ><input type=\"hidden\" name=\"wpforms[id]\" value=\"16361\"><input type=\"hidden\" name=\"page_title\" value=\"\"><input type=\"hidden\" name=\"page_url\" value=\"https:\/\/organdziski.com\/sq\/wp-json\/wp\/v2\/pages\/16491\"><input type=\"hidden\" name=\"url_referer\" value=\"\"><button type=\"submit\" name=\"wpforms[submit]\" id=\"wpforms-submit-16361\" class=\"wpforms-submit\" data-alt-text=\"Sending...\" data-submit-text=\"D\u00ebrgoni\" aria-live=\"assertive\" value=\"wpforms-submit\">D\u00ebrgoni<\/button><img decoding=\"async\" src=\"https:\/\/organdziski.com\/wp-content\/plugins\/wpforms-lite\/assets\/images\/submit-spin.svg\" class=\"wpforms-submit-spinner\" style=\"display: none;\" width=\"26\" height=\"26\" alt=\"Loading\"><\/div><\/form><\/div>  <!-- .wpforms-container -->\t\t<\/div>\n\t\t\t\t<\/div>\n\t\t\t\t<\/div>\n\t\t\t\t<\/div>\n\t\t\t\t<\/div>\n\t\t","protected":false},"excerpt":{"rendered":"<p>Scratching histeroskopik SCRATCHING HISTEROSKOPIK \u2013 nj\u00eb nd\u00ebrhyrje q\u00eb rrit shkall\u00ebn e implantimit t\u00eb embrioneve tek grat\u00eb q\u00eb kan\u00eb t\u00eb pakt\u00ebn nj\u00eb procedur\u00eb IN VITRO T\u00cb D\u00cbSHTUAR. G\u00ebrvishtja e endometrit \u2013 G\u00ebrvishtja \u00ebsht\u00eb nj\u00eb procedur\u00eb q\u00eb \u00ebsht\u00eb treguar se rrit shanset e suksesit gjat\u00eb nj\u00eb procedure in vitro. Kjo procedur\u00eb \u00ebsht\u00eb mjaft e thjesht\u00eb, minimalisht invazive,&#8230;<\/p>\n","protected":false},"author":1,"featured_media":0,"parent":0,"menu_order":0,"comment_status":"closed","ping_status":"closed","template":"","meta":{"footnotes":""},"class_list":["post-16491","page","type-page","status-publish","hentry"],"yoast_head":"<!-- This site is optimized with the Yoast SEO Premium plugin v22.7 (Yoast SEO v27.4) - https:\/\/yoast.com\/product\/yoast-seo-premium-wordpress\/ -->\n<title>Scratching histeroskopik p\u00ebr t\u00eb p\u00ebrmir\u00ebsuar implantimin e embrionit - \u041f\u0417\u0423 \u0414-\u0440 \u041e\u0440\u0433\u0430\u043d\u045f\u0438\u0441\u043a\u0438<\/title>\n<meta name=\"robots\" content=\"index, follow, max-snippet:-1, max-image-preview:large, max-video-preview:-1\" \/>\n<link rel=\"canonical\" href=\"https:\/\/organdziski.com\/histeroskopski-skrecing-za-podobruvanje-na-implantacija-na-embrionite\/\" \/>\n<meta property=\"og:locale\" content=\"sq_AL\" \/>\n<meta property=\"og:type\" content=\"article\" \/>\n<meta property=\"og:title\" content=\"Scratching histeroskopik p\u00ebr t\u00eb p\u00ebrmir\u00ebsuar implantimin e embrionit\" \/>\n<meta property=\"og:description\" content=\"Scratching histeroskopik SCRATCHING HISTEROSKOPIK \u2013 nj\u00eb nd\u00ebrhyrje q\u00eb rrit shkall\u00ebn e implantimit t\u00eb embrioneve tek grat\u00eb q\u00eb kan\u00eb t\u00eb pakt\u00ebn nj\u00eb procedur\u00eb IN VITRO T\u00cb D\u00cbSHTUAR. G\u00ebrvishtja e endometrit \u2013 G\u00ebrvishtja \u00ebsht\u00eb nj\u00eb procedur\u00eb q\u00eb \u00ebsht\u00eb treguar se rrit shanset e suksesit gjat\u00eb nj\u00eb procedure in vitro. Kjo procedur\u00eb \u00ebsht\u00eb mjaft e thjesht\u00eb, minimalisht invazive,...\" \/>\n<meta property=\"og:url\" content=\"https:\/\/organdziski.com\/histeroskopski-skrecing-za-podobruvanje-na-implantacija-na-embrionite\/\" \/>\n<meta property=\"og:site_name\" content=\"\u041f\u0417\u0423 \u0414-\u0440 \u041e\u0440\u0433\u0430\u043d\u045f\u0438\u0441\u043a\u0438\" \/>\n<meta property=\"article:publisher\" content=\"https:\/\/www.facebook.com\/Dr.Organdziski\" \/>\n<meta property=\"article:modified_time\" content=\"2024-06-25T11:08:24+00:00\" \/>\n<meta property=\"og:image\" content=\"https:\/\/organdziski.com\/wp-content\/plugins\/wpforms-lite\/assets\/images\/submit-spin.svg\" \/>\n<meta name=\"twitter:card\" content=\"summary_large_image\" \/>\n<meta name=\"twitter:label1\" content=\"Est. reading time\" \/>\n\t<meta name=\"twitter:data1\" content=\"3 minutes\" \/>\n<script type=\"application\/ld+json\" class=\"yoast-schema-graph\">{\"@context\":\"https:\\\/\\\/schema.org\",\"@graph\":[{\"@type\":\"WebPage\",\"@id\":\"https:\\\/\\\/organdziski.com\\\/histeroskopski-skrecing-za-podobruvanje-na-implantacija-na-embrionite\\\/\",\"url\":\"https:\\\/\\\/organdziski.com\\\/histeroskopski-skrecing-za-podobruvanje-na-implantacija-na-embrionite\\\/\",\"name\":\"Scratching histeroskopik p\u00ebr t\u00eb p\u00ebrmir\u00ebsuar implantimin e embrionit - \u041f\u0417\u0423 \u0414-\u0440 \u041e\u0440\u0433\u0430\u043d\u045f\u0438\u0441\u043a\u0438\",\"isPartOf\":{\"@id\":\"https:\\\/\\\/organdziski.com\\\/#website\"},\"primaryImageOfPage\":{\"@id\":\"https:\\\/\\\/organdziski.com\\\/histeroskopski-skrecing-za-podobruvanje-na-implantacija-na-embrionite\\\/#primaryimage\"},\"image\":{\"@id\":\"https:\\\/\\\/organdziski.com\\\/histeroskopski-skrecing-za-podobruvanje-na-implantacija-na-embrionite\\\/#primaryimage\"},\"thumbnailUrl\":\"https:\\\/\\\/organdziski.com\\\/wp-content\\\/plugins\\\/wpforms-lite\\\/assets\\\/images\\\/submit-spin.svg\",\"datePublished\":\"2024-05-08T09:29:52+00:00\",\"dateModified\":\"2024-06-25T11:08:24+00:00\",\"breadcrumb\":{\"@id\":\"https:\\\/\\\/organdziski.com\\\/histeroskopski-skrecing-za-podobruvanje-na-implantacija-na-embrionite\\\/#breadcrumb\"},\"inLanguage\":\"sq-AL\",\"potentialAction\":[{\"@type\":\"ReadAction\",\"target\":[\"https:\\\/\\\/organdziski.com\\\/histeroskopski-skrecing-za-podobruvanje-na-implantacija-na-embrionite\\\/\"]}]},{\"@type\":\"ImageObject\",\"inLanguage\":\"sq-AL\",\"@id\":\"https:\\\/\\\/organdziski.com\\\/histeroskopski-skrecing-za-podobruvanje-na-implantacija-na-embrionite\\\/#primaryimage\",\"url\":\"https:\\\/\\\/organdziski.com\\\/wp-content\\\/plugins\\\/wpforms-lite\\\/assets\\\/images\\\/submit-spin.svg\",\"contentUrl\":\"https:\\\/\\\/organdziski.com\\\/wp-content\\\/plugins\\\/wpforms-lite\\\/assets\\\/images\\\/submit-spin.svg\"},{\"@type\":\"BreadcrumbList\",\"@id\":\"https:\\\/\\\/organdziski.com\\\/histeroskopski-skrecing-za-podobruvanje-na-implantacija-na-embrionite\\\/#breadcrumb\",\"itemListElement\":[{\"@type\":\"ListItem\",\"position\":1,\"name\":\"Home\",\"item\":\"https:\\\/\\\/organdziski.com\\\/\"},{\"@type\":\"ListItem\",\"position\":2,\"name\":\"Scratching histeroskopik p\u00ebr t\u00eb p\u00ebrmir\u00ebsuar implantimin e embrionit\"}]},{\"@type\":\"WebSite\",\"@id\":\"https:\\\/\\\/organdziski.com\\\/#website\",\"url\":\"https:\\\/\\\/organdziski.com\\\/\",\"name\":\"\u041f\u0417\u0423 \u0414-\u0440 \u041e\u0440\u0433\u0430\u043d\u045f\u0438\u0441\u043a\u0438\",\"description\":\"\u0421\u043f\u0435\u0446\u0438\u0458\u0430\u043b\u0438\u0437\u0438\u0440\u0430\u043d\u0430 \u0431\u043e\u043b\u043d\u0438\u0446\u0430 \u043f\u043e \u0433\u0438\u043d\u0435\u043a\u043e\u043b\u043e\u0433\u0438\u0458\u0430 \u0438 \u0430\u043a\u0443\u0448\u0435\u0440\u0441\u0442\u0432\u043e\",\"publisher\":{\"@id\":\"https:\\\/\\\/organdziski.com\\\/#organization\"},\"potentialAction\":[{\"@type\":\"SearchAction\",\"target\":{\"@type\":\"EntryPoint\",\"urlTemplate\":\"https:\\\/\\\/organdziski.com\\\/?s={search_term_string}\"},\"query-input\":{\"@type\":\"PropertyValueSpecification\",\"valueRequired\":true,\"valueName\":\"search_term_string\"}}],\"inLanguage\":\"sq-AL\"},{\"@type\":\"Organization\",\"@id\":\"https:\\\/\\\/organdziski.com\\\/#organization\",\"name\":\"\u041f\u0417\u0423 \u0414-\u0440 \u041e\u0440\u0433\u0430\u043d\u045f\u0438\u0441\u043a\u0438\",\"url\":\"https:\\\/\\\/organdziski.com\\\/\",\"logo\":{\"@type\":\"ImageObject\",\"inLanguage\":\"sq-AL\",\"@id\":\"https:\\\/\\\/organdziski.com\\\/#\\\/schema\\\/logo\\\/image\\\/\",\"url\":\"https:\\\/\\\/organdziski.com\\\/wp-content\\\/uploads\\\/2024\\\/04\\\/organdziski.svg\",\"contentUrl\":\"https:\\\/\\\/organdziski.com\\\/wp-content\\\/uploads\\\/2024\\\/04\\\/organdziski.svg\",\"width\":341,\"height\":63,\"caption\":\"\u041f\u0417\u0423 \u0414-\u0440 \u041e\u0440\u0433\u0430\u043d\u045f\u0438\u0441\u043a\u0438\"},\"image\":{\"@id\":\"https:\\\/\\\/organdziski.com\\\/#\\\/schema\\\/logo\\\/image\\\/\"},\"sameAs\":[\"https:\\\/\\\/www.facebook.com\\\/Dr.Organdziski\",\"https:\\\/\\\/www.instagram.com\\\/bolnicadrorgandziski\\\/\",\"https:\\\/\\\/www.youtube.com\\\/channel\\\/UCVzAHTjH-QvDcCGm19znLyA\"]}]}<\/script>\n<!-- \/ Yoast SEO Premium plugin. -->","yoast_head_json":{"title":"Scratching histeroskopik p\u00ebr t\u00eb p\u00ebrmir\u00ebsuar implantimin e embrionit - \u041f\u0417\u0423 \u0414-\u0440 \u041e\u0440\u0433\u0430\u043d\u045f\u0438\u0441\u043a\u0438","robots":{"index":"index","follow":"follow","max-snippet":"max-snippet:-1","max-image-preview":"max-image-preview:large","max-video-preview":"max-video-preview:-1"},"canonical":"https:\/\/organdziski.com\/histeroskopski-skrecing-za-podobruvanje-na-implantacija-na-embrionite\/","og_locale":"sq_AL","og_type":"article","og_title":"Scratching histeroskopik p\u00ebr t\u00eb p\u00ebrmir\u00ebsuar implantimin e embrionit","og_description":"Scratching histeroskopik SCRATCHING HISTEROSKOPIK \u2013 nj\u00eb nd\u00ebrhyrje q\u00eb rrit shkall\u00ebn e implantimit t\u00eb embrioneve tek grat\u00eb q\u00eb kan\u00eb t\u00eb pakt\u00ebn nj\u00eb procedur\u00eb IN VITRO T\u00cb D\u00cbSHTUAR. G\u00ebrvishtja e endometrit \u2013 G\u00ebrvishtja \u00ebsht\u00eb nj\u00eb procedur\u00eb q\u00eb \u00ebsht\u00eb treguar se rrit shanset e suksesit gjat\u00eb nj\u00eb procedure in vitro. Kjo procedur\u00eb \u00ebsht\u00eb mjaft e thjesht\u00eb, minimalisht invazive,...","og_url":"https:\/\/organdziski.com\/histeroskopski-skrecing-za-podobruvanje-na-implantacija-na-embrionite\/","og_site_name":"\u041f\u0417\u0423 \u0414-\u0440 \u041e\u0440\u0433\u0430\u043d\u045f\u0438\u0441\u043a\u0438","article_publisher":"https:\/\/www.facebook.com\/Dr.Organdziski","article_modified_time":"2024-06-25T11:08:24+00:00","og_image":[{"url":"https:\/\/organdziski.com\/wp-content\/plugins\/wpforms-lite\/assets\/images\/submit-spin.svg","type":"","width":"","height":""}],"twitter_card":"summary_large_image","twitter_misc":{"Est. reading time":"3 minutes"},"schema":{"@context":"https:\/\/schema.org","@graph":[{"@type":"WebPage","@id":"https:\/\/organdziski.com\/histeroskopski-skrecing-za-podobruvanje-na-implantacija-na-embrionite\/","url":"https:\/\/organdziski.com\/histeroskopski-skrecing-za-podobruvanje-na-implantacija-na-embrionite\/","name":"Scratching histeroskopik p\u00ebr t\u00eb p\u00ebrmir\u00ebsuar implantimin e embrionit - \u041f\u0417\u0423 \u0414-\u0440 \u041e\u0440\u0433\u0430\u043d\u045f\u0438\u0441\u043a\u0438","isPartOf":{"@id":"https:\/\/organdziski.com\/#website"},"primaryImageOfPage":{"@id":"https:\/\/organdziski.com\/histeroskopski-skrecing-za-podobruvanje-na-implantacija-na-embrionite\/#primaryimage"},"image":{"@id":"https:\/\/organdziski.com\/histeroskopski-skrecing-za-podobruvanje-na-implantacija-na-embrionite\/#primaryimage"},"thumbnailUrl":"https:\/\/organdziski.com\/wp-content\/plugins\/wpforms-lite\/assets\/images\/submit-spin.svg","datePublished":"2024-05-08T09:29:52+00:00","dateModified":"2024-06-25T11:08:24+00:00","breadcrumb":{"@id":"https:\/\/organdziski.com\/histeroskopski-skrecing-za-podobruvanje-na-implantacija-na-embrionite\/#breadcrumb"},"inLanguage":"sq-AL","potentialAction":[{"@type":"ReadAction","target":["https:\/\/organdziski.com\/histeroskopski-skrecing-za-podobruvanje-na-implantacija-na-embrionite\/"]}]},{"@type":"ImageObject","inLanguage":"sq-AL","@id":"https:\/\/organdziski.com\/histeroskopski-skrecing-za-podobruvanje-na-implantacija-na-embrionite\/#primaryimage","url":"https:\/\/organdziski.com\/wp-content\/plugins\/wpforms-lite\/assets\/images\/submit-spin.svg","contentUrl":"https:\/\/organdziski.com\/wp-content\/plugins\/wpforms-lite\/assets\/images\/submit-spin.svg"},{"@type":"BreadcrumbList","@id":"https:\/\/organdziski.com\/histeroskopski-skrecing-za-podobruvanje-na-implantacija-na-embrionite\/#breadcrumb","itemListElement":[{"@type":"ListItem","position":1,"name":"Home","item":"https:\/\/organdziski.com\/"},{"@type":"ListItem","position":2,"name":"Scratching histeroskopik p\u00ebr t\u00eb p\u00ebrmir\u00ebsuar implantimin e embrionit"}]},{"@type":"WebSite","@id":"https:\/\/organdziski.com\/#website","url":"https:\/\/organdziski.com\/","name":"\u041f\u0417\u0423 \u0414-\u0440 \u041e\u0440\u0433\u0430\u043d\u045f\u0438\u0441\u043a\u0438","description":"\u0421\u043f\u0435\u0446\u0438\u0458\u0430\u043b\u0438\u0437\u0438\u0440\u0430\u043d\u0430 \u0431\u043e\u043b\u043d\u0438\u0446\u0430 \u043f\u043e \u0433\u0438\u043d\u0435\u043a\u043e\u043b\u043e\u0433\u0438\u0458\u0430 \u0438 \u0430\u043a\u0443\u0448\u0435\u0440\u0441\u0442\u0432\u043e","publisher":{"@id":"https:\/\/organdziski.com\/#organization"},"potentialAction":[{"@type":"SearchAction","target":{"@type":"EntryPoint","urlTemplate":"https:\/\/organdziski.com\/?s={search_term_string}"},"query-input":{"@type":"PropertyValueSpecification","valueRequired":true,"valueName":"search_term_string"}}],"inLanguage":"sq-AL"},{"@type":"Organization","@id":"https:\/\/organdziski.com\/#organization","name":"\u041f\u0417\u0423 \u0414-\u0440 \u041e\u0440\u0433\u0430\u043d\u045f\u0438\u0441\u043a\u0438","url":"https:\/\/organdziski.com\/","logo":{"@type":"ImageObject","inLanguage":"sq-AL","@id":"https:\/\/organdziski.com\/#\/schema\/logo\/image\/","url":"https:\/\/organdziski.com\/wp-content\/uploads\/2024\/04\/organdziski.svg","contentUrl":"https:\/\/organdziski.com\/wp-content\/uploads\/2024\/04\/organdziski.svg","width":341,"height":63,"caption":"\u041f\u0417\u0423 \u0414-\u0440 \u041e\u0440\u0433\u0430\u043d\u045f\u0438\u0441\u043a\u0438"},"image":{"@id":"https:\/\/organdziski.com\/#\/schema\/logo\/image\/"},"sameAs":["https:\/\/www.facebook.com\/Dr.Organdziski","https:\/\/www.instagram.com\/bolnicadrorgandziski\/","https:\/\/www.youtube.com\/channel\/UCVzAHTjH-QvDcCGm19znLyA"]}]}},"_links":{"self":[{"href":"https:\/\/organdziski.com\/sq\/wp-json\/wp\/v2\/pages\/16491","targetHints":{"allow":["GET"]}}],"collection":[{"href":"https:\/\/organdziski.com\/sq\/wp-json\/wp\/v2\/pages"}],"about":[{"href":"https:\/\/organdziski.com\/sq\/wp-json\/wp\/v2\/types\/page"}],"author":[{"embeddable":true,"href":"https:\/\/organdziski.com\/sq\/wp-json\/wp\/v2\/users\/1"}],"replies":[{"embeddable":true,"href":"https:\/\/organdziski.com\/sq\/wp-json\/wp\/v2\/comments?post=16491"}],"version-history":[{"count":3,"href":"https:\/\/organdziski.com\/sq\/wp-json\/wp\/v2\/pages\/16491\/revisions"}],"predecessor-version":[{"id":16494,"href":"https:\/\/organdziski.com\/sq\/wp-json\/wp\/v2\/pages\/16491\/revisions\/16494"}],"wp:attachment":[{"href":"https:\/\/organdziski.com\/sq\/wp-json\/wp\/v2\/media?parent=16491"}],"curies":[{"name":"wp","href":"https:\/\/api.w.org\/{rel}","templated":true}]}}