{"id":16498,"date":"2024-05-08T09:31:19","date_gmt":"2024-05-08T09:31:19","guid":{"rendered":"https:\/\/organdziski.com\/?page_id=16498"},"modified":"2024-06-25T11:10:29","modified_gmt":"2024-06-25T11:10:29","slug":"ctg-e-fetusit","status":"publish","type":"page","link":"https:\/\/organdziski.com\/sq\/ctg-e-fetusit\/","title":{"rendered":"CTG e fetusit"},"content":{"rendered":"\t\t<div data-elementor-type=\"wp-page\" data-elementor-id=\"16498\" class=\"elementor elementor-16498 elementor-8653\" data-elementor-post-type=\"page\">\n\t\t\t\t<div class=\"elementor-element elementor-element-6a84b55 e-con-full e-flex e-con e-parent\" data-id=\"6a84b55\" data-element_type=\"container\">\n\t\t<div class=\"elementor-element elementor-element-3e868b7 e-con-full e-flex e-con e-child\" data-id=\"3e868b7\" data-element_type=\"container\">\n\t\t\t\t<div class=\"elementor-element elementor-element-afa651f elementor-widget elementor-widget-heading\" data-id=\"afa651f\" data-element_type=\"widget\" data-widget_type=\"heading.default\">\n\t\t\t\t<div class=\"elementor-widget-container\">\n\t\t\t<h2 class=\"elementor-heading-title elementor-size-default\">CTG<\/h2>\t\t<\/div>\n\t\t\t\t<\/div>\n\t\t\t\t<div class=\"elementor-element elementor-element-0cb7713 elementor-widget elementor-widget-text-editor\" data-id=\"0cb7713\" data-element_type=\"widget\" data-widget_type=\"text-editor.default\">\n\t\t\t\t<div class=\"elementor-widget-container\">\n\t\t\t\t\t\t\t<ul><li><p>M\u00ebnyra m\u00eb e mir\u00eb p\u00ebr t\u00eb monitoruar gjendjen e fetusit \u00ebsht\u00eb regjistrimi i tingujve t\u00eb zemr\u00ebs. Monitorimi elektronik (CTG) b\u00ebhet nga java e 28-t\u00eb e shtatz\u00ebnis\u00eb dhe n\u00eb var\u00ebsi t\u00eb nevojave mund t\u00eb b\u00ebhet nj\u00eb her\u00eb n\u00eb jav\u00eb, por n\u00eb shtatz\u00ebnit\u00eb e rrezikshme dhe m\u00eb shpesh.<\/p><\/li><li><p>N\u00ebse regjistrohet vet\u00ebm frekuenca e veprimit t\u00eb zemr\u00ebs s\u00eb fetusit, n\u00eb munges\u00eb t\u00eb kontraktimeve t\u00eb mitr\u00ebs, quhet non stres-test, i cili \u00ebsht\u00eb jasht\u00ebzakonisht i r\u00ebnd\u00ebsish\u00ebm p\u00ebr vler\u00ebsimin e gjendjes s\u00eb fetusit. Kontraktimet e mitr\u00ebs dihet se reduktojn\u00eb perfuzionin e mitr\u00ebs dhe n\u00eb k\u00ebt\u00eb m\u00ebnyr\u00eb zbrazin rezervat e nj\u00ebsis\u00eb feto-placentare q\u00eb lejojn\u00eb lindjen e sigurt t\u00eb fetusit. N\u00ebse reakcionet e zemr\u00ebs s\u00eb fetusit regjistrohen n\u00eb kushte kur ka kontraktime t\u00eb mitr\u00ebs, ose spontane ose t\u00eb provokuara nga oksitocina &#8211; i ashtuquajturi testi i stresit ose testi i oksitocin\u00ebs. P\u00ebr karakterizimin e gjendjeve normale dhe patologjike t\u00eb fetusit p\u00ebrdoren kriteret e m\u00ebposhtme kardiotokografike.<\/p><\/li><li><p>Bradikardia \u00ebsht\u00eb kur rrahjet e zemr\u00ebs bien n\u00ebn 120 rrahje n\u00eb minut\u00eb dhe takikardia kur rritet mbi 160 rrahje n\u00eb minut\u00eb.<\/p><\/li><li><p>Ndryshueshm\u00ebria e rrahjeve t\u00eb zemr\u00ebs \u00ebsht\u00eb nj\u00eb dukuri normale. Mungesa e ndryshueshm\u00ebris\u00eb flet p\u00ebr shqet\u00ebsim fetal ose gjum\u00eb t\u00eb fetusit.<\/p><\/li><li><p>P\u00ebrshpejtimi \u2013 nxitimi mbi 15 rrahje n\u00eb minut\u00eb \u00ebsht\u00eb shenj\u00eb e gjendjes s\u00eb mir\u00eb t\u00eb fetusit.<\/p><\/li><li><p>Ngadal\u00ebsimi &#8211; frekuenca bie n\u00ebn vij\u00ebn bazale. Dallohen ngadal\u00ebsime t\u00eb hershme, t\u00eb vonshme dhe saltatoren. Dy t\u00eb fundit flasin p\u00ebr vuajtjet e fetusit.<\/p><\/li><\/ul><p>Gjat\u00eb diagnostikimit t\u00eb shqet\u00ebsimit t\u00eb fetusit, \u00ebsht\u00eb e nevojshme q\u00eb lindja t\u00eb p\u00ebrfundoj\u00eb sa m\u00eb shpejt t\u00eb jet\u00eb e mundur.<\/p><p>\u00a0<\/p>\t\t\t\t\t\t<\/div>\n\t\t\t\t<\/div>\n\t\t\t\t<\/div>\n\t\t<div class=\"elementor-element elementor-element-85f0684 e-con-full e-flex e-con e-child\" data-id=\"85f0684\" data-element_type=\"container\">\n\t\t\t\t<div class=\"elementor-element elementor-element-708e97f elementor-widget__width-inherit elementor-widget elementor-widget-image\" data-id=\"708e97f\" data-element_type=\"widget\" data-widget_type=\"image.default\">\n\t\t\t\t<div class=\"elementor-widget-container\">\n\t\t\t\t\t\t\t\t\t\t\t\t\t<img fetchpriority=\"high\" decoding=\"async\" width=\"696\" height=\"465\" src=\"https:\/\/organdziski.com\/wp-content\/uploads\/2024\/05\/2017_10_sta_je_ctg_726483348-696x465-1.jpg\" class=\"attachment-full size-full wp-image-10044\" alt=\"\" srcset=\"https:\/\/organdziski.com\/wp-content\/uploads\/2024\/05\/2017_10_sta_je_ctg_726483348-696x465-1.jpg 696w, https:\/\/organdziski.com\/wp-content\/uploads\/2024\/05\/2017_10_sta_je_ctg_726483348-696x465-1-300x200.jpg 300w, https:\/\/organdziski.com\/wp-content\/uploads\/2024\/05\/2017_10_sta_je_ctg_726483348-696x465-1-600x401.jpg 600w\" sizes=\"(max-width: 696px) 100vw, 696px\" \/>\t\t\t\t\t\t\t\t\t\t\t\t\t<\/div>\n\t\t\t\t<\/div>\n\t\t\t\t<div class=\"elementor-element elementor-element-240003a elementor-widget elementor-widget-wpforms\" data-id=\"240003a\" data-element_type=\"widget\" data-widget_type=\"wpforms.default\">\n\t\t\t\t<div class=\"elementor-widget-container\">\n\t\t\t<div class=\"wpforms-container wpforms-container-full wpforms-render-modern\" id=\"wpforms-16361\"><form id=\"wpforms-form-16361\" class=\"wpforms-validate wpforms-form wpforms-ajax-form\" data-formid=\"16361\" method=\"post\" enctype=\"multipart\/form-data\" action=\"\/sq\/wp-json\/wp\/v2\/pages\/16498\" data-token=\"096b8d637536f509730e0f4ad87cbcb1\" data-token-time=\"1776911893\"><noscript class=\"wpforms-error-noscript\">Please enable JavaScript in your browser to complete this form.<\/noscript><div id=\"wpforms-error-noscript\" style=\"display: none;\">Please enable JavaScript in your browser to complete this form.<\/div><div class=\"wpforms-field-container\"><div id=\"wpforms-16361-field_2-container\" class=\"wpforms-field wpforms-field-text\" data-field-id=\"2\"><label class=\"wpforms-field-label\" for=\"wpforms-16361-field_2\">Emri juaj<\/label><input type=\"text\" id=\"wpforms-16361-field_2\" class=\"wpforms-field-medium\" name=\"wpforms[fields][2]\" aria-errormessage=\"wpforms-16361-field_2-error\" ><\/div><div id=\"wpforms-16361-field_3-container\" class=\"wpforms-field wpforms-field-text\" data-field-id=\"3\"><label class=\"wpforms-field-label\" for=\"wpforms-16361-field_3\">Email <\/label><input type=\"text\" id=\"wpforms-16361-field_3\" class=\"wpforms-field-medium\" name=\"wpforms[fields][3]\" aria-errormessage=\"wpforms-16361-field_3-error\" ><\/div><div id=\"wpforms-16361-field_4-container\" class=\"wpforms-field wpforms-field-textarea\" data-field-id=\"4\"><label class=\"wpforms-field-label\" for=\"wpforms-16361-field_4\">Pyetja juaj?<\/label><textarea id=\"wpforms-16361-field_4\" class=\"wpforms-field-large\" name=\"wpforms[fields][4]\" aria-errormessage=\"wpforms-16361-field_4-error\" ><\/textarea><\/div><\/div><!-- .wpforms-field-container --><div class=\"wpforms-submit-container\" ><input type=\"hidden\" name=\"wpforms[id]\" value=\"16361\"><input type=\"hidden\" name=\"page_title\" value=\"\"><input type=\"hidden\" name=\"page_url\" value=\"https:\/\/organdziski.com\/sq\/wp-json\/wp\/v2\/pages\/16498\"><input type=\"hidden\" name=\"url_referer\" value=\"\"><button type=\"submit\" name=\"wpforms[submit]\" id=\"wpforms-submit-16361\" class=\"wpforms-submit\" data-alt-text=\"Sending...\" data-submit-text=\"D\u00ebrgoni\" aria-live=\"assertive\" value=\"wpforms-submit\">D\u00ebrgoni<\/button><img decoding=\"async\" src=\"https:\/\/organdziski.com\/wp-content\/plugins\/wpforms-lite\/assets\/images\/submit-spin.svg\" class=\"wpforms-submit-spinner\" style=\"display: none;\" width=\"26\" height=\"26\" alt=\"Loading\"><\/div><\/form><\/div>  <!-- .wpforms-container -->\t\t<\/div>\n\t\t\t\t<\/div>\n\t\t\t\t<\/div>\n\t\t\t\t<\/div>\n\t\t\t\t<\/div>\n\t\t","protected":false},"excerpt":{"rendered":"<p>CTG M\u00ebnyra m\u00eb e mir\u00eb p\u00ebr t\u00eb monitoruar gjendjen e fetusit \u00ebsht\u00eb regjistrimi i tingujve t\u00eb zemr\u00ebs. Monitorimi elektronik (CTG) b\u00ebhet nga java e 28-t\u00eb e shtatz\u00ebnis\u00eb dhe n\u00eb var\u00ebsi t\u00eb nevojave mund t\u00eb b\u00ebhet nj\u00eb her\u00eb n\u00eb jav\u00eb, por n\u00eb shtatz\u00ebnit\u00eb e rrezikshme dhe m\u00eb shpesh. N\u00ebse regjistrohet vet\u00ebm frekuenca e veprimit t\u00eb zemr\u00ebs&#8230;<\/p>\n","protected":false},"author":1,"featured_media":0,"parent":0,"menu_order":0,"comment_status":"closed","ping_status":"closed","template":"","meta":{"footnotes":""},"class_list":["post-16498","page","type-page","status-publish","hentry"],"yoast_head":"<!-- This site is optimized with the Yoast SEO Premium plugin v22.7 (Yoast SEO v27.4) - https:\/\/yoast.com\/product\/yoast-seo-premium-wordpress\/ -->\n<title>CTG e fetusit - \u041f\u0417\u0423 \u0414-\u0440 \u041e\u0440\u0433\u0430\u043d\u045f\u0438\u0441\u043a\u0438<\/title>\n<meta name=\"robots\" content=\"index, follow, max-snippet:-1, max-image-preview:large, max-video-preview:-1\" \/>\n<link rel=\"canonical\" href=\"https:\/\/organdziski.com\/ctg-na-plodot\/\" \/>\n<meta property=\"og:locale\" content=\"sq_AL\" \/>\n<meta property=\"og:type\" content=\"article\" \/>\n<meta property=\"og:title\" content=\"CTG e fetusit\" \/>\n<meta property=\"og:description\" content=\"CTG M\u00ebnyra m\u00eb e mir\u00eb p\u00ebr t\u00eb monitoruar gjendjen e fetusit \u00ebsht\u00eb regjistrimi i tingujve t\u00eb zemr\u00ebs. Monitorimi elektronik (CTG) b\u00ebhet nga java e 28-t\u00eb e shtatz\u00ebnis\u00eb dhe n\u00eb var\u00ebsi t\u00eb nevojave mund t\u00eb b\u00ebhet nj\u00eb her\u00eb n\u00eb jav\u00eb, por n\u00eb shtatz\u00ebnit\u00eb e rrezikshme dhe m\u00eb shpesh. N\u00ebse regjistrohet vet\u00ebm frekuenca e veprimit t\u00eb zemr\u00ebs...\" \/>\n<meta property=\"og:url\" content=\"https:\/\/organdziski.com\/ctg-na-plodot\/\" \/>\n<meta property=\"og:site_name\" content=\"\u041f\u0417\u0423 \u0414-\u0440 \u041e\u0440\u0433\u0430\u043d\u045f\u0438\u0441\u043a\u0438\" \/>\n<meta property=\"article:publisher\" content=\"https:\/\/www.facebook.com\/Dr.Organdziski\" \/>\n<meta property=\"article:modified_time\" content=\"2024-06-25T11:10:29+00:00\" \/>\n<meta property=\"og:image\" content=\"https:\/\/organdziski.com\/wp-content\/uploads\/2024\/05\/2017_10_sta_je_ctg_726483348-696x465-1.jpg\" \/>\n<meta name=\"twitter:card\" content=\"summary_large_image\" \/>\n<meta name=\"twitter:label1\" content=\"Est. reading time\" \/>\n\t<meta name=\"twitter:data1\" content=\"2 minutes\" \/>\n<script type=\"application\/ld+json\" class=\"yoast-schema-graph\">{\"@context\":\"https:\\\/\\\/schema.org\",\"@graph\":[{\"@type\":\"WebPage\",\"@id\":\"https:\\\/\\\/organdziski.com\\\/ctg-na-plodot\\\/\",\"url\":\"https:\\\/\\\/organdziski.com\\\/ctg-na-plodot\\\/\",\"name\":\"CTG e fetusit - \u041f\u0417\u0423 \u0414-\u0440 \u041e\u0440\u0433\u0430\u043d\u045f\u0438\u0441\u043a\u0438\",\"isPartOf\":{\"@id\":\"https:\\\/\\\/organdziski.com\\\/#website\"},\"primaryImageOfPage\":{\"@id\":\"https:\\\/\\\/organdziski.com\\\/ctg-na-plodot\\\/#primaryimage\"},\"image\":{\"@id\":\"https:\\\/\\\/organdziski.com\\\/ctg-na-plodot\\\/#primaryimage\"},\"thumbnailUrl\":\"https:\\\/\\\/organdziski.com\\\/wp-content\\\/uploads\\\/2024\\\/05\\\/2017_10_sta_je_ctg_726483348-696x465-1.jpg\",\"datePublished\":\"2024-05-08T09:31:19+00:00\",\"dateModified\":\"2024-06-25T11:10:29+00:00\",\"breadcrumb\":{\"@id\":\"https:\\\/\\\/organdziski.com\\\/ctg-na-plodot\\\/#breadcrumb\"},\"inLanguage\":\"sq-AL\",\"potentialAction\":[{\"@type\":\"ReadAction\",\"target\":[\"https:\\\/\\\/organdziski.com\\\/ctg-na-plodot\\\/\"]}]},{\"@type\":\"ImageObject\",\"inLanguage\":\"sq-AL\",\"@id\":\"https:\\\/\\\/organdziski.com\\\/ctg-na-plodot\\\/#primaryimage\",\"url\":\"https:\\\/\\\/organdziski.com\\\/wp-content\\\/uploads\\\/2024\\\/05\\\/2017_10_sta_je_ctg_726483348-696x465-1.jpg\",\"contentUrl\":\"https:\\\/\\\/organdziski.com\\\/wp-content\\\/uploads\\\/2024\\\/05\\\/2017_10_sta_je_ctg_726483348-696x465-1.jpg\"},{\"@type\":\"BreadcrumbList\",\"@id\":\"https:\\\/\\\/organdziski.com\\\/ctg-na-plodot\\\/#breadcrumb\",\"itemListElement\":[{\"@type\":\"ListItem\",\"position\":1,\"name\":\"Home\",\"item\":\"https:\\\/\\\/organdziski.com\\\/\"},{\"@type\":\"ListItem\",\"position\":2,\"name\":\"CTG e fetusit\"}]},{\"@type\":\"WebSite\",\"@id\":\"https:\\\/\\\/organdziski.com\\\/#website\",\"url\":\"https:\\\/\\\/organdziski.com\\\/\",\"name\":\"\u041f\u0417\u0423 \u0414-\u0440 \u041e\u0440\u0433\u0430\u043d\u045f\u0438\u0441\u043a\u0438\",\"description\":\"\u0421\u043f\u0435\u0446\u0438\u0458\u0430\u043b\u0438\u0437\u0438\u0440\u0430\u043d\u0430 \u0431\u043e\u043b\u043d\u0438\u0446\u0430 \u043f\u043e \u0433\u0438\u043d\u0435\u043a\u043e\u043b\u043e\u0433\u0438\u0458\u0430 \u0438 \u0430\u043a\u0443\u0448\u0435\u0440\u0441\u0442\u0432\u043e\",\"publisher\":{\"@id\":\"https:\\\/\\\/organdziski.com\\\/#organization\"},\"potentialAction\":[{\"@type\":\"SearchAction\",\"target\":{\"@type\":\"EntryPoint\",\"urlTemplate\":\"https:\\\/\\\/organdziski.com\\\/?s={search_term_string}\"},\"query-input\":{\"@type\":\"PropertyValueSpecification\",\"valueRequired\":true,\"valueName\":\"search_term_string\"}}],\"inLanguage\":\"sq-AL\"},{\"@type\":\"Organization\",\"@id\":\"https:\\\/\\\/organdziski.com\\\/#organization\",\"name\":\"\u041f\u0417\u0423 \u0414-\u0440 \u041e\u0440\u0433\u0430\u043d\u045f\u0438\u0441\u043a\u0438\",\"url\":\"https:\\\/\\\/organdziski.com\\\/\",\"logo\":{\"@type\":\"ImageObject\",\"inLanguage\":\"sq-AL\",\"@id\":\"https:\\\/\\\/organdziski.com\\\/#\\\/schema\\\/logo\\\/image\\\/\",\"url\":\"https:\\\/\\\/organdziski.com\\\/wp-content\\\/uploads\\\/2024\\\/04\\\/organdziski.svg\",\"contentUrl\":\"https:\\\/\\\/organdziski.com\\\/wp-content\\\/uploads\\\/2024\\\/04\\\/organdziski.svg\",\"width\":341,\"height\":63,\"caption\":\"\u041f\u0417\u0423 \u0414-\u0440 \u041e\u0440\u0433\u0430\u043d\u045f\u0438\u0441\u043a\u0438\"},\"image\":{\"@id\":\"https:\\\/\\\/organdziski.com\\\/#\\\/schema\\\/logo\\\/image\\\/\"},\"sameAs\":[\"https:\\\/\\\/www.facebook.com\\\/Dr.Organdziski\",\"https:\\\/\\\/www.instagram.com\\\/bolnicadrorgandziski\\\/\",\"https:\\\/\\\/www.youtube.com\\\/channel\\\/UCVzAHTjH-QvDcCGm19znLyA\"]}]}<\/script>\n<!-- \/ Yoast SEO Premium plugin. -->","yoast_head_json":{"title":"CTG e fetusit - \u041f\u0417\u0423 \u0414-\u0440 \u041e\u0440\u0433\u0430\u043d\u045f\u0438\u0441\u043a\u0438","robots":{"index":"index","follow":"follow","max-snippet":"max-snippet:-1","max-image-preview":"max-image-preview:large","max-video-preview":"max-video-preview:-1"},"canonical":"https:\/\/organdziski.com\/ctg-na-plodot\/","og_locale":"sq_AL","og_type":"article","og_title":"CTG e fetusit","og_description":"CTG M\u00ebnyra m\u00eb e mir\u00eb p\u00ebr t\u00eb monitoruar gjendjen e fetusit \u00ebsht\u00eb regjistrimi i tingujve t\u00eb zemr\u00ebs. Monitorimi elektronik (CTG) b\u00ebhet nga java e 28-t\u00eb e shtatz\u00ebnis\u00eb dhe n\u00eb var\u00ebsi t\u00eb nevojave mund t\u00eb b\u00ebhet nj\u00eb her\u00eb n\u00eb jav\u00eb, por n\u00eb shtatz\u00ebnit\u00eb e rrezikshme dhe m\u00eb shpesh. N\u00ebse regjistrohet vet\u00ebm frekuenca e veprimit t\u00eb zemr\u00ebs...","og_url":"https:\/\/organdziski.com\/ctg-na-plodot\/","og_site_name":"\u041f\u0417\u0423 \u0414-\u0440 \u041e\u0440\u0433\u0430\u043d\u045f\u0438\u0441\u043a\u0438","article_publisher":"https:\/\/www.facebook.com\/Dr.Organdziski","article_modified_time":"2024-06-25T11:10:29+00:00","og_image":[{"url":"https:\/\/organdziski.com\/wp-content\/uploads\/2024\/05\/2017_10_sta_je_ctg_726483348-696x465-1.jpg","type":"","width":"","height":""}],"twitter_card":"summary_large_image","twitter_misc":{"Est. reading time":"2 minutes"},"schema":{"@context":"https:\/\/schema.org","@graph":[{"@type":"WebPage","@id":"https:\/\/organdziski.com\/ctg-na-plodot\/","url":"https:\/\/organdziski.com\/ctg-na-plodot\/","name":"CTG e fetusit - \u041f\u0417\u0423 \u0414-\u0440 \u041e\u0440\u0433\u0430\u043d\u045f\u0438\u0441\u043a\u0438","isPartOf":{"@id":"https:\/\/organdziski.com\/#website"},"primaryImageOfPage":{"@id":"https:\/\/organdziski.com\/ctg-na-plodot\/#primaryimage"},"image":{"@id":"https:\/\/organdziski.com\/ctg-na-plodot\/#primaryimage"},"thumbnailUrl":"https:\/\/organdziski.com\/wp-content\/uploads\/2024\/05\/2017_10_sta_je_ctg_726483348-696x465-1.jpg","datePublished":"2024-05-08T09:31:19+00:00","dateModified":"2024-06-25T11:10:29+00:00","breadcrumb":{"@id":"https:\/\/organdziski.com\/ctg-na-plodot\/#breadcrumb"},"inLanguage":"sq-AL","potentialAction":[{"@type":"ReadAction","target":["https:\/\/organdziski.com\/ctg-na-plodot\/"]}]},{"@type":"ImageObject","inLanguage":"sq-AL","@id":"https:\/\/organdziski.com\/ctg-na-plodot\/#primaryimage","url":"https:\/\/organdziski.com\/wp-content\/uploads\/2024\/05\/2017_10_sta_je_ctg_726483348-696x465-1.jpg","contentUrl":"https:\/\/organdziski.com\/wp-content\/uploads\/2024\/05\/2017_10_sta_je_ctg_726483348-696x465-1.jpg"},{"@type":"BreadcrumbList","@id":"https:\/\/organdziski.com\/ctg-na-plodot\/#breadcrumb","itemListElement":[{"@type":"ListItem","position":1,"name":"Home","item":"https:\/\/organdziski.com\/"},{"@type":"ListItem","position":2,"name":"CTG e fetusit"}]},{"@type":"WebSite","@id":"https:\/\/organdziski.com\/#website","url":"https:\/\/organdziski.com\/","name":"\u041f\u0417\u0423 \u0414-\u0440 \u041e\u0440\u0433\u0430\u043d\u045f\u0438\u0441\u043a\u0438","description":"\u0421\u043f\u0435\u0446\u0438\u0458\u0430\u043b\u0438\u0437\u0438\u0440\u0430\u043d\u0430 \u0431\u043e\u043b\u043d\u0438\u0446\u0430 \u043f\u043e \u0433\u0438\u043d\u0435\u043a\u043e\u043b\u043e\u0433\u0438\u0458\u0430 \u0438 \u0430\u043a\u0443\u0448\u0435\u0440\u0441\u0442\u0432\u043e","publisher":{"@id":"https:\/\/organdziski.com\/#organization"},"potentialAction":[{"@type":"SearchAction","target":{"@type":"EntryPoint","urlTemplate":"https:\/\/organdziski.com\/?s={search_term_string}"},"query-input":{"@type":"PropertyValueSpecification","valueRequired":true,"valueName":"search_term_string"}}],"inLanguage":"sq-AL"},{"@type":"Organization","@id":"https:\/\/organdziski.com\/#organization","name":"\u041f\u0417\u0423 \u0414-\u0440 \u041e\u0440\u0433\u0430\u043d\u045f\u0438\u0441\u043a\u0438","url":"https:\/\/organdziski.com\/","logo":{"@type":"ImageObject","inLanguage":"sq-AL","@id":"https:\/\/organdziski.com\/#\/schema\/logo\/image\/","url":"https:\/\/organdziski.com\/wp-content\/uploads\/2024\/04\/organdziski.svg","contentUrl":"https:\/\/organdziski.com\/wp-content\/uploads\/2024\/04\/organdziski.svg","width":341,"height":63,"caption":"\u041f\u0417\u0423 \u0414-\u0440 \u041e\u0440\u0433\u0430\u043d\u045f\u0438\u0441\u043a\u0438"},"image":{"@id":"https:\/\/organdziski.com\/#\/schema\/logo\/image\/"},"sameAs":["https:\/\/www.facebook.com\/Dr.Organdziski","https:\/\/www.instagram.com\/bolnicadrorgandziski\/","https:\/\/www.youtube.com\/channel\/UCVzAHTjH-QvDcCGm19znLyA"]}]}},"_links":{"self":[{"href":"https:\/\/organdziski.com\/sq\/wp-json\/wp\/v2\/pages\/16498","targetHints":{"allow":["GET"]}}],"collection":[{"href":"https:\/\/organdziski.com\/sq\/wp-json\/wp\/v2\/pages"}],"about":[{"href":"https:\/\/organdziski.com\/sq\/wp-json\/wp\/v2\/types\/page"}],"author":[{"embeddable":true,"href":"https:\/\/organdziski.com\/sq\/wp-json\/wp\/v2\/users\/1"}],"replies":[{"embeddable":true,"href":"https:\/\/organdziski.com\/sq\/wp-json\/wp\/v2\/comments?post=16498"}],"version-history":[{"count":3,"href":"https:\/\/organdziski.com\/sq\/wp-json\/wp\/v2\/pages\/16498\/revisions"}],"predecessor-version":[{"id":16502,"href":"https:\/\/organdziski.com\/sq\/wp-json\/wp\/v2\/pages\/16498\/revisions\/16502"}],"wp:attachment":[{"href":"https:\/\/organdziski.com\/sq\/wp-json\/wp\/v2\/media?parent=16498"}],"curies":[{"name":"wp","href":"https:\/\/api.w.org\/{rel}","templated":true}]}}