{"id":16506,"date":"2024-05-08T09:35:58","date_gmt":"2024-05-08T09:35:58","guid":{"rendered":"https:\/\/organdziski.com\/?page_id=16506"},"modified":"2024-06-25T11:11:55","modified_gmt":"2024-06-25T11:11:55","slug":"ekzaminimi-kolposkopik-per-zbulimin-e-parakancereve-te-qafes-se-mitres","status":"publish","type":"page","link":"https:\/\/organdziski.com\/sq\/ekzaminimi-kolposkopik-per-zbulimin-e-parakancereve-te-qafes-se-mitres\/","title":{"rendered":"Ekzaminimi kolposkopik p\u00ebr zbulimin e parakancereve t\u00eb qaf\u00ebs s\u00eb mitr\u00ebs"},"content":{"rendered":"\t\t<div data-elementor-type=\"wp-page\" data-elementor-id=\"16506\" class=\"elementor elementor-16506 elementor-8658\" data-elementor-post-type=\"page\">\n\t\t\t\t<div class=\"elementor-element elementor-element-ecc7249 e-con-full e-flex e-con e-parent\" data-id=\"ecc7249\" data-element_type=\"container\">\n\t\t<div class=\"elementor-element elementor-element-02cd7d7 e-con-full e-flex e-con e-child\" data-id=\"02cd7d7\" data-element_type=\"container\">\n\t\t\t\t<div class=\"elementor-element elementor-element-3a58f5a elementor-widget elementor-widget-heading\" data-id=\"3a58f5a\" data-element_type=\"widget\" data-widget_type=\"heading.default\">\n\t\t\t\t<div class=\"elementor-widget-container\">\n\t\t\t<h2 class=\"elementor-heading-title elementor-size-default\">Kolposkopia<\/h2>\t\t<\/div>\n\t\t\t\t<\/div>\n\t\t\t\t<div class=\"elementor-element elementor-element-e1ba98f elementor-widget elementor-widget-text-editor\" data-id=\"e1ba98f\" data-element_type=\"widget\" data-widget_type=\"text-editor.default\">\n\t\t\t\t<div class=\"elementor-widget-container\">\n\t\t\t\t\t\t\t<ul><li>Kolposkopia \u00ebsht\u00eb ekzaminim i vagin\u00ebs dhe qaf\u00ebs s\u00eb mitr\u00ebs duke p\u00ebrdorur nj\u00eb mikroskop t\u00eb ve\u00e7ant\u00eb q\u00eb ka nj\u00eb zmadhim p\u00ebr 10-20 her\u00eb dhe kryhet gjat\u00eb nj\u00eb ekzaminimi gjinekologjik. Me k\u00ebt\u00eb ekzaminim mund t\u00eb shihen m\u00eb mir\u00eb disa ndryshime n\u00eb qaf\u00ebn e mitr\u00ebs dhe vagin\u00eb.<\/li><li>Kolposkopia mund t\u00eb b\u00ebhet gjat\u00eb \u00e7do ekzaminimi gjinekologjik ose kur ka nj\u00eb indikacion p\u00ebr t\u00eb (ndryshime t\u00eb qaf\u00ebs s\u00eb mitr\u00ebs, n\u00ebse keni gjakderdhje pas marr\u00ebdh\u00ebnies seksuale ose pas nj\u00eb konstatimi t\u00eb Pap-testit q\u00eb k\u00ebrkon ekzaminim t\u00eb m\u00ebtejsh\u00ebm). Indikacione t\u00eb tjera p\u00ebr kolposkopin\u00eb jan\u00eb lythat gjenitale, ndryshimet inflamatore t\u00eb qaf\u00ebs s\u00eb mitr\u00ebs, polipet e qaf\u00ebs s\u00eb mitr\u00ebs, gjakderdhja e pashpjegueshme.<\/li><\/ul>\t\t\t\t\t\t<\/div>\n\t\t\t\t<\/div>\n\t\t\t\t<div class=\"elementor-element elementor-element-a2c3b2f elementor-widget elementor-widget-heading\" data-id=\"a2c3b2f\" data-element_type=\"widget\" data-widget_type=\"heading.default\">\n\t\t\t\t<div class=\"elementor-widget-container\">\n\t\t\t<h2 class=\"elementor-heading-title elementor-size-default\">Si b\u00ebhet kolposkopia?<\/h2>\t\t<\/div>\n\t\t\t\t<\/div>\n\t\t\t\t<div class=\"elementor-element elementor-element-40b444f elementor-widget elementor-widget-text-editor\" data-id=\"40b444f\" data-element_type=\"widget\" data-widget_type=\"text-editor.default\">\n\t\t\t\t<div class=\"elementor-widget-container\">\n\t\t\t\t\t\t\t<ul><li><p>Vet\u00eb kolposkopia \u00ebsht\u00eb plot\u00ebsisht pa dhimbje dhe zgjat nga pes\u00eb deri n\u00eb dhjet\u00eb minuta. Fillon me vendosjen e spekulumit vaginal dhe shihet n\u00eb ekran n\u00ebse ka ndryshime, m\u00eb pas aplikohet tret\u00ebsir\u00eb \u200b\u200be acidit acetik dhe m\u00eb pas vendoset tret\u00ebsira Lugol. Ju mund t\u00eb ndjeni nj\u00eb ndjesi t\u00eb leht\u00eb shpimi gjilp\u00ebrash gjat\u00eb aplikimit t\u00eb k\u00ebtyre tretjeve. Pas \u00e7do zgjidhjeje, fyti shikohet n\u00eb ekran p\u00ebr ndryshime q\u00eb k\u00ebrkojn\u00eb ekzaminim t\u00eb m\u00ebtejsh\u00ebm. N\u00ebse shihen ndryshime t\u00eb dyshimta, nga ai vend merret materiali p\u00ebr t\u00eb vendosur nj\u00eb diagnoz\u00eb t\u00eb sakt\u00eb \u2013 biopsi e synuar e qaf\u00ebs s\u00eb mitr\u00ebs.<\/p><\/li><li><p>Nj\u00eb pjes\u00eb e vog\u00ebl e indit merret me nj\u00eb instrument t\u00eb ve\u00e7ant\u00eb dhe d\u00ebrgohet p\u00ebr analiz\u00eb histopatologjike. Biopsia zgjat pak, do t\u00eb p\u00ebrjetoni nj\u00eb ndjesi shpimi gjilp\u00ebrash dhe do t\u00eb ket\u00eb pak gjakderdhje. Ju mund t\u00eb keni nj\u00eb rrjedhje t\u00eb err\u00ebt p\u00ebr disa dit\u00eb pas biopsis\u00eb.<\/p><\/li><\/ul>\t\t\t\t\t\t<\/div>\n\t\t\t\t<\/div>\n\t\t\t\t<\/div>\n\t\t<div class=\"elementor-element elementor-element-6996802 e-con-full e-flex e-con e-child\" data-id=\"6996802\" data-element_type=\"container\">\n\t\t\t\t<div class=\"elementor-element elementor-element-89724b4 elementor-widget__width-inherit elementor-widget elementor-widget-image\" data-id=\"89724b4\" data-element_type=\"widget\" data-widget_type=\"image.default\">\n\t\t\t\t<div class=\"elementor-widget-container\">\n\t\t\t\t\t\t\t\t\t\t\t\t\t<img fetchpriority=\"high\" decoding=\"async\" width=\"1200\" height=\"800\" src=\"https:\/\/organdziski.com\/wp-content\/uploads\/2024\/05\/\u043a\u043e\u043b\u043e\u043f\u0441\u043a\u043e\u043f\u0441\u043a\u0438.jpg\" class=\"attachment-full size-full wp-image-11830\" alt=\"\" srcset=\"https:\/\/organdziski.com\/wp-content\/uploads\/2024\/05\/\u043a\u043e\u043b\u043e\u043f\u0441\u043a\u043e\u043f\u0441\u043a\u0438.jpg 1200w, https:\/\/organdziski.com\/wp-content\/uploads\/2024\/05\/\u043a\u043e\u043b\u043e\u043f\u0441\u043a\u043e\u043f\u0441\u043a\u0438-300x200.jpg 300w, https:\/\/organdziski.com\/wp-content\/uploads\/2024\/05\/\u043a\u043e\u043b\u043e\u043f\u0441\u043a\u043e\u043f\u0441\u043a\u0438-1024x683.jpg 1024w, https:\/\/organdziski.com\/wp-content\/uploads\/2024\/05\/\u043a\u043e\u043b\u043e\u043f\u0441\u043a\u043e\u043f\u0441\u043a\u0438-768x512.jpg 768w, https:\/\/organdziski.com\/wp-content\/uploads\/2024\/05\/\u043a\u043e\u043b\u043e\u043f\u0441\u043a\u043e\u043f\u0441\u043a\u0438-600x400.jpg 600w\" sizes=\"(max-width: 1200px) 100vw, 1200px\" \/>\t\t\t\t\t\t\t\t\t\t\t\t\t<\/div>\n\t\t\t\t<\/div>\n\t\t\t\t<div class=\"elementor-element elementor-element-87f168c elementor-widget elementor-widget-wpforms\" data-id=\"87f168c\" data-element_type=\"widget\" data-widget_type=\"wpforms.default\">\n\t\t\t\t<div class=\"elementor-widget-container\">\n\t\t\t<div class=\"wpforms-container wpforms-container-full wpforms-render-modern\" id=\"wpforms-16361\"><form id=\"wpforms-form-16361\" class=\"wpforms-validate wpforms-form wpforms-ajax-form\" data-formid=\"16361\" method=\"post\" enctype=\"multipart\/form-data\" action=\"\/sq\/wp-json\/wp\/v2\/pages\/16506\" data-token=\"096b8d637536f509730e0f4ad87cbcb1\" data-token-time=\"1776939799\"><noscript class=\"wpforms-error-noscript\">Please enable JavaScript in your browser to complete this form.<\/noscript><div id=\"wpforms-error-noscript\" style=\"display: none;\">Please enable JavaScript in your browser to complete this form.<\/div><div class=\"wpforms-field-container\"><div id=\"wpforms-16361-field_2-container\" class=\"wpforms-field wpforms-field-text\" data-field-id=\"2\"><label class=\"wpforms-field-label\" for=\"wpforms-16361-field_2\">Emri juaj<\/label><input type=\"text\" id=\"wpforms-16361-field_2\" class=\"wpforms-field-medium\" name=\"wpforms[fields][2]\" aria-errormessage=\"wpforms-16361-field_2-error\" ><\/div><div id=\"wpforms-16361-field_3-container\" class=\"wpforms-field wpforms-field-text\" data-field-id=\"3\"><label class=\"wpforms-field-label\" for=\"wpforms-16361-field_3\">Email <\/label><input type=\"text\" id=\"wpforms-16361-field_3\" class=\"wpforms-field-medium\" name=\"wpforms[fields][3]\" aria-errormessage=\"wpforms-16361-field_3-error\" ><\/div><div id=\"wpforms-16361-field_4-container\" class=\"wpforms-field wpforms-field-textarea\" data-field-id=\"4\"><label class=\"wpforms-field-label\" for=\"wpforms-16361-field_4\">Pyetja juaj?<\/label><textarea id=\"wpforms-16361-field_4\" class=\"wpforms-field-large\" name=\"wpforms[fields][4]\" aria-errormessage=\"wpforms-16361-field_4-error\" ><\/textarea><\/div><\/div><!-- .wpforms-field-container --><div class=\"wpforms-submit-container\" ><input type=\"hidden\" name=\"wpforms[id]\" value=\"16361\"><input type=\"hidden\" name=\"page_title\" value=\"\"><input type=\"hidden\" name=\"page_url\" value=\"https:\/\/organdziski.com\/sq\/wp-json\/wp\/v2\/pages\/16506\"><input type=\"hidden\" name=\"url_referer\" value=\"\"><button type=\"submit\" name=\"wpforms[submit]\" id=\"wpforms-submit-16361\" class=\"wpforms-submit\" data-alt-text=\"Sending...\" data-submit-text=\"D\u00ebrgoni\" aria-live=\"assertive\" value=\"wpforms-submit\">D\u00ebrgoni<\/button><img decoding=\"async\" src=\"https:\/\/organdziski.com\/wp-content\/plugins\/wpforms-lite\/assets\/images\/submit-spin.svg\" class=\"wpforms-submit-spinner\" style=\"display: none;\" width=\"26\" height=\"26\" alt=\"Loading\"><\/div><\/form><\/div>  <!-- .wpforms-container -->\t\t<\/div>\n\t\t\t\t<\/div>\n\t\t\t\t<\/div>\n\t\t\t\t<\/div>\n\t\t\t\t<\/div>\n\t\t","protected":false},"excerpt":{"rendered":"<p>Kolposkopia Kolposkopia \u00ebsht\u00eb ekzaminim i vagin\u00ebs dhe qaf\u00ebs s\u00eb mitr\u00ebs duke p\u00ebrdorur nj\u00eb mikroskop t\u00eb ve\u00e7ant\u00eb q\u00eb ka nj\u00eb zmadhim p\u00ebr 10-20 her\u00eb dhe kryhet gjat\u00eb nj\u00eb ekzaminimi gjinekologjik. Me k\u00ebt\u00eb ekzaminim mund t\u00eb shihen m\u00eb mir\u00eb disa ndryshime n\u00eb qaf\u00ebn e mitr\u00ebs dhe vagin\u00eb. Kolposkopia mund t\u00eb b\u00ebhet gjat\u00eb \u00e7do ekzaminimi gjinekologjik ose kur&#8230;<\/p>\n","protected":false},"author":1,"featured_media":0,"parent":0,"menu_order":0,"comment_status":"closed","ping_status":"closed","template":"","meta":{"footnotes":""},"class_list":["post-16506","page","type-page","status-publish","hentry"],"yoast_head":"<!-- This site is optimized with the Yoast SEO Premium plugin v22.7 (Yoast SEO v27.4) - https:\/\/yoast.com\/product\/yoast-seo-premium-wordpress\/ -->\n<title>Ekzaminimi kolposkopik p\u00ebr zbulimin e parakancereve t\u00eb qaf\u00ebs s\u00eb mitr\u00ebs - \u041f\u0417\u0423 \u0414-\u0440 \u041e\u0440\u0433\u0430\u043d\u045f\u0438\u0441\u043a\u0438<\/title>\n<meta name=\"robots\" content=\"index, follow, max-snippet:-1, max-image-preview:large, max-video-preview:-1\" \/>\n<link rel=\"canonical\" href=\"https:\/\/organdziski.com\/kolposkopski-pregled-za-otkrivanje-prekancerozi-na-grloto-na-matkata\/\" \/>\n<meta property=\"og:locale\" content=\"sq_AL\" \/>\n<meta property=\"og:type\" content=\"article\" \/>\n<meta property=\"og:title\" content=\"Ekzaminimi kolposkopik p\u00ebr zbulimin e parakancereve t\u00eb qaf\u00ebs s\u00eb mitr\u00ebs\" \/>\n<meta property=\"og:description\" content=\"Kolposkopia Kolposkopia \u00ebsht\u00eb ekzaminim i vagin\u00ebs dhe qaf\u00ebs s\u00eb mitr\u00ebs duke p\u00ebrdorur nj\u00eb mikroskop t\u00eb ve\u00e7ant\u00eb q\u00eb ka nj\u00eb zmadhim p\u00ebr 10-20 her\u00eb dhe kryhet gjat\u00eb nj\u00eb ekzaminimi gjinekologjik. Me k\u00ebt\u00eb ekzaminim mund t\u00eb shihen m\u00eb mir\u00eb disa ndryshime n\u00eb qaf\u00ebn e mitr\u00ebs dhe vagin\u00eb. Kolposkopia mund t\u00eb b\u00ebhet gjat\u00eb \u00e7do ekzaminimi gjinekologjik ose kur...\" \/>\n<meta property=\"og:url\" content=\"https:\/\/organdziski.com\/kolposkopski-pregled-za-otkrivanje-prekancerozi-na-grloto-na-matkata\/\" \/>\n<meta property=\"og:site_name\" content=\"\u041f\u0417\u0423 \u0414-\u0440 \u041e\u0440\u0433\u0430\u043d\u045f\u0438\u0441\u043a\u0438\" \/>\n<meta property=\"article:publisher\" content=\"https:\/\/www.facebook.com\/Dr.Organdziski\" \/>\n<meta property=\"article:modified_time\" content=\"2024-06-25T11:11:55+00:00\" \/>\n<meta property=\"og:image\" content=\"https:\/\/organdziski.com\/wp-content\/plugins\/wpforms-lite\/assets\/images\/submit-spin.svg\" \/>\n<meta name=\"twitter:card\" content=\"summary_large_image\" \/>\n<meta name=\"twitter:label1\" content=\"Est. reading time\" \/>\n\t<meta name=\"twitter:data1\" content=\"2 minutes\" \/>\n<script type=\"application\/ld+json\" class=\"yoast-schema-graph\">{\"@context\":\"https:\\\/\\\/schema.org\",\"@graph\":[{\"@type\":\"WebPage\",\"@id\":\"https:\\\/\\\/organdziski.com\\\/kolposkopski-pregled-za-otkrivanje-prekancerozi-na-grloto-na-matkata\\\/\",\"url\":\"https:\\\/\\\/organdziski.com\\\/kolposkopski-pregled-za-otkrivanje-prekancerozi-na-grloto-na-matkata\\\/\",\"name\":\"Ekzaminimi kolposkopik p\u00ebr zbulimin e parakancereve t\u00eb qaf\u00ebs s\u00eb mitr\u00ebs - \u041f\u0417\u0423 \u0414-\u0440 \u041e\u0440\u0433\u0430\u043d\u045f\u0438\u0441\u043a\u0438\",\"isPartOf\":{\"@id\":\"https:\\\/\\\/organdziski.com\\\/#website\"},\"primaryImageOfPage\":{\"@id\":\"https:\\\/\\\/organdziski.com\\\/kolposkopski-pregled-za-otkrivanje-prekancerozi-na-grloto-na-matkata\\\/#primaryimage\"},\"image\":{\"@id\":\"https:\\\/\\\/organdziski.com\\\/kolposkopski-pregled-za-otkrivanje-prekancerozi-na-grloto-na-matkata\\\/#primaryimage\"},\"thumbnailUrl\":\"https:\\\/\\\/organdziski.com\\\/wp-content\\\/plugins\\\/wpforms-lite\\\/assets\\\/images\\\/submit-spin.svg\",\"datePublished\":\"2024-05-08T09:35:58+00:00\",\"dateModified\":\"2024-06-25T11:11:55+00:00\",\"breadcrumb\":{\"@id\":\"https:\\\/\\\/organdziski.com\\\/kolposkopski-pregled-za-otkrivanje-prekancerozi-na-grloto-na-matkata\\\/#breadcrumb\"},\"inLanguage\":\"sq-AL\",\"potentialAction\":[{\"@type\":\"ReadAction\",\"target\":[\"https:\\\/\\\/organdziski.com\\\/kolposkopski-pregled-za-otkrivanje-prekancerozi-na-grloto-na-matkata\\\/\"]}]},{\"@type\":\"ImageObject\",\"inLanguage\":\"sq-AL\",\"@id\":\"https:\\\/\\\/organdziski.com\\\/kolposkopski-pregled-za-otkrivanje-prekancerozi-na-grloto-na-matkata\\\/#primaryimage\",\"url\":\"https:\\\/\\\/organdziski.com\\\/wp-content\\\/plugins\\\/wpforms-lite\\\/assets\\\/images\\\/submit-spin.svg\",\"contentUrl\":\"https:\\\/\\\/organdziski.com\\\/wp-content\\\/plugins\\\/wpforms-lite\\\/assets\\\/images\\\/submit-spin.svg\"},{\"@type\":\"BreadcrumbList\",\"@id\":\"https:\\\/\\\/organdziski.com\\\/kolposkopski-pregled-za-otkrivanje-prekancerozi-na-grloto-na-matkata\\\/#breadcrumb\",\"itemListElement\":[{\"@type\":\"ListItem\",\"position\":1,\"name\":\"Home\",\"item\":\"https:\\\/\\\/organdziski.com\\\/\"},{\"@type\":\"ListItem\",\"position\":2,\"name\":\"Ekzaminimi kolposkopik p\u00ebr zbulimin e parakancereve t\u00eb qaf\u00ebs s\u00eb mitr\u00ebs\"}]},{\"@type\":\"WebSite\",\"@id\":\"https:\\\/\\\/organdziski.com\\\/#website\",\"url\":\"https:\\\/\\\/organdziski.com\\\/\",\"name\":\"\u041f\u0417\u0423 \u0414-\u0440 \u041e\u0440\u0433\u0430\u043d\u045f\u0438\u0441\u043a\u0438\",\"description\":\"\u0421\u043f\u0435\u0446\u0438\u0458\u0430\u043b\u0438\u0437\u0438\u0440\u0430\u043d\u0430 \u0431\u043e\u043b\u043d\u0438\u0446\u0430 \u043f\u043e \u0433\u0438\u043d\u0435\u043a\u043e\u043b\u043e\u0433\u0438\u0458\u0430 \u0438 \u0430\u043a\u0443\u0448\u0435\u0440\u0441\u0442\u0432\u043e\",\"publisher\":{\"@id\":\"https:\\\/\\\/organdziski.com\\\/#organization\"},\"potentialAction\":[{\"@type\":\"SearchAction\",\"target\":{\"@type\":\"EntryPoint\",\"urlTemplate\":\"https:\\\/\\\/organdziski.com\\\/?s={search_term_string}\"},\"query-input\":{\"@type\":\"PropertyValueSpecification\",\"valueRequired\":true,\"valueName\":\"search_term_string\"}}],\"inLanguage\":\"sq-AL\"},{\"@type\":\"Organization\",\"@id\":\"https:\\\/\\\/organdziski.com\\\/#organization\",\"name\":\"\u041f\u0417\u0423 \u0414-\u0440 \u041e\u0440\u0433\u0430\u043d\u045f\u0438\u0441\u043a\u0438\",\"url\":\"https:\\\/\\\/organdziski.com\\\/\",\"logo\":{\"@type\":\"ImageObject\",\"inLanguage\":\"sq-AL\",\"@id\":\"https:\\\/\\\/organdziski.com\\\/#\\\/schema\\\/logo\\\/image\\\/\",\"url\":\"https:\\\/\\\/organdziski.com\\\/wp-content\\\/uploads\\\/2024\\\/04\\\/organdziski.svg\",\"contentUrl\":\"https:\\\/\\\/organdziski.com\\\/wp-content\\\/uploads\\\/2024\\\/04\\\/organdziski.svg\",\"width\":341,\"height\":63,\"caption\":\"\u041f\u0417\u0423 \u0414-\u0440 \u041e\u0440\u0433\u0430\u043d\u045f\u0438\u0441\u043a\u0438\"},\"image\":{\"@id\":\"https:\\\/\\\/organdziski.com\\\/#\\\/schema\\\/logo\\\/image\\\/\"},\"sameAs\":[\"https:\\\/\\\/www.facebook.com\\\/Dr.Organdziski\",\"https:\\\/\\\/www.instagram.com\\\/bolnicadrorgandziski\\\/\",\"https:\\\/\\\/www.youtube.com\\\/channel\\\/UCVzAHTjH-QvDcCGm19znLyA\"]}]}<\/script>\n<!-- \/ Yoast SEO Premium plugin. -->","yoast_head_json":{"title":"Ekzaminimi kolposkopik p\u00ebr zbulimin e parakancereve t\u00eb qaf\u00ebs s\u00eb mitr\u00ebs - \u041f\u0417\u0423 \u0414-\u0440 \u041e\u0440\u0433\u0430\u043d\u045f\u0438\u0441\u043a\u0438","robots":{"index":"index","follow":"follow","max-snippet":"max-snippet:-1","max-image-preview":"max-image-preview:large","max-video-preview":"max-video-preview:-1"},"canonical":"https:\/\/organdziski.com\/kolposkopski-pregled-za-otkrivanje-prekancerozi-na-grloto-na-matkata\/","og_locale":"sq_AL","og_type":"article","og_title":"Ekzaminimi kolposkopik p\u00ebr zbulimin e parakancereve t\u00eb qaf\u00ebs s\u00eb mitr\u00ebs","og_description":"Kolposkopia Kolposkopia \u00ebsht\u00eb ekzaminim i vagin\u00ebs dhe qaf\u00ebs s\u00eb mitr\u00ebs duke p\u00ebrdorur nj\u00eb mikroskop t\u00eb ve\u00e7ant\u00eb q\u00eb ka nj\u00eb zmadhim p\u00ebr 10-20 her\u00eb dhe kryhet gjat\u00eb nj\u00eb ekzaminimi gjinekologjik. Me k\u00ebt\u00eb ekzaminim mund t\u00eb shihen m\u00eb mir\u00eb disa ndryshime n\u00eb qaf\u00ebn e mitr\u00ebs dhe vagin\u00eb. Kolposkopia mund t\u00eb b\u00ebhet gjat\u00eb \u00e7do ekzaminimi gjinekologjik ose kur...","og_url":"https:\/\/organdziski.com\/kolposkopski-pregled-za-otkrivanje-prekancerozi-na-grloto-na-matkata\/","og_site_name":"\u041f\u0417\u0423 \u0414-\u0440 \u041e\u0440\u0433\u0430\u043d\u045f\u0438\u0441\u043a\u0438","article_publisher":"https:\/\/www.facebook.com\/Dr.Organdziski","article_modified_time":"2024-06-25T11:11:55+00:00","og_image":[{"url":"https:\/\/organdziski.com\/wp-content\/plugins\/wpforms-lite\/assets\/images\/submit-spin.svg","type":"","width":"","height":""}],"twitter_card":"summary_large_image","twitter_misc":{"Est. reading time":"2 minutes"},"schema":{"@context":"https:\/\/schema.org","@graph":[{"@type":"WebPage","@id":"https:\/\/organdziski.com\/kolposkopski-pregled-za-otkrivanje-prekancerozi-na-grloto-na-matkata\/","url":"https:\/\/organdziski.com\/kolposkopski-pregled-za-otkrivanje-prekancerozi-na-grloto-na-matkata\/","name":"Ekzaminimi kolposkopik p\u00ebr zbulimin e parakancereve t\u00eb qaf\u00ebs s\u00eb mitr\u00ebs - \u041f\u0417\u0423 \u0414-\u0440 \u041e\u0440\u0433\u0430\u043d\u045f\u0438\u0441\u043a\u0438","isPartOf":{"@id":"https:\/\/organdziski.com\/#website"},"primaryImageOfPage":{"@id":"https:\/\/organdziski.com\/kolposkopski-pregled-za-otkrivanje-prekancerozi-na-grloto-na-matkata\/#primaryimage"},"image":{"@id":"https:\/\/organdziski.com\/kolposkopski-pregled-za-otkrivanje-prekancerozi-na-grloto-na-matkata\/#primaryimage"},"thumbnailUrl":"https:\/\/organdziski.com\/wp-content\/plugins\/wpforms-lite\/assets\/images\/submit-spin.svg","datePublished":"2024-05-08T09:35:58+00:00","dateModified":"2024-06-25T11:11:55+00:00","breadcrumb":{"@id":"https:\/\/organdziski.com\/kolposkopski-pregled-za-otkrivanje-prekancerozi-na-grloto-na-matkata\/#breadcrumb"},"inLanguage":"sq-AL","potentialAction":[{"@type":"ReadAction","target":["https:\/\/organdziski.com\/kolposkopski-pregled-za-otkrivanje-prekancerozi-na-grloto-na-matkata\/"]}]},{"@type":"ImageObject","inLanguage":"sq-AL","@id":"https:\/\/organdziski.com\/kolposkopski-pregled-za-otkrivanje-prekancerozi-na-grloto-na-matkata\/#primaryimage","url":"https:\/\/organdziski.com\/wp-content\/plugins\/wpforms-lite\/assets\/images\/submit-spin.svg","contentUrl":"https:\/\/organdziski.com\/wp-content\/plugins\/wpforms-lite\/assets\/images\/submit-spin.svg"},{"@type":"BreadcrumbList","@id":"https:\/\/organdziski.com\/kolposkopski-pregled-za-otkrivanje-prekancerozi-na-grloto-na-matkata\/#breadcrumb","itemListElement":[{"@type":"ListItem","position":1,"name":"Home","item":"https:\/\/organdziski.com\/"},{"@type":"ListItem","position":2,"name":"Ekzaminimi kolposkopik p\u00ebr zbulimin e parakancereve t\u00eb qaf\u00ebs s\u00eb mitr\u00ebs"}]},{"@type":"WebSite","@id":"https:\/\/organdziski.com\/#website","url":"https:\/\/organdziski.com\/","name":"\u041f\u0417\u0423 \u0414-\u0440 \u041e\u0440\u0433\u0430\u043d\u045f\u0438\u0441\u043a\u0438","description":"\u0421\u043f\u0435\u0446\u0438\u0458\u0430\u043b\u0438\u0437\u0438\u0440\u0430\u043d\u0430 \u0431\u043e\u043b\u043d\u0438\u0446\u0430 \u043f\u043e \u0433\u0438\u043d\u0435\u043a\u043e\u043b\u043e\u0433\u0438\u0458\u0430 \u0438 \u0430\u043a\u0443\u0448\u0435\u0440\u0441\u0442\u0432\u043e","publisher":{"@id":"https:\/\/organdziski.com\/#organization"},"potentialAction":[{"@type":"SearchAction","target":{"@type":"EntryPoint","urlTemplate":"https:\/\/organdziski.com\/?s={search_term_string}"},"query-input":{"@type":"PropertyValueSpecification","valueRequired":true,"valueName":"search_term_string"}}],"inLanguage":"sq-AL"},{"@type":"Organization","@id":"https:\/\/organdziski.com\/#organization","name":"\u041f\u0417\u0423 \u0414-\u0440 \u041e\u0440\u0433\u0430\u043d\u045f\u0438\u0441\u043a\u0438","url":"https:\/\/organdziski.com\/","logo":{"@type":"ImageObject","inLanguage":"sq-AL","@id":"https:\/\/organdziski.com\/#\/schema\/logo\/image\/","url":"https:\/\/organdziski.com\/wp-content\/uploads\/2024\/04\/organdziski.svg","contentUrl":"https:\/\/organdziski.com\/wp-content\/uploads\/2024\/04\/organdziski.svg","width":341,"height":63,"caption":"\u041f\u0417\u0423 \u0414-\u0440 \u041e\u0440\u0433\u0430\u043d\u045f\u0438\u0441\u043a\u0438"},"image":{"@id":"https:\/\/organdziski.com\/#\/schema\/logo\/image\/"},"sameAs":["https:\/\/www.facebook.com\/Dr.Organdziski","https:\/\/www.instagram.com\/bolnicadrorgandziski\/","https:\/\/www.youtube.com\/channel\/UCVzAHTjH-QvDcCGm19znLyA"]}]}},"_links":{"self":[{"href":"https:\/\/organdziski.com\/sq\/wp-json\/wp\/v2\/pages\/16506","targetHints":{"allow":["GET"]}}],"collection":[{"href":"https:\/\/organdziski.com\/sq\/wp-json\/wp\/v2\/pages"}],"about":[{"href":"https:\/\/organdziski.com\/sq\/wp-json\/wp\/v2\/types\/page"}],"author":[{"embeddable":true,"href":"https:\/\/organdziski.com\/sq\/wp-json\/wp\/v2\/users\/1"}],"replies":[{"embeddable":true,"href":"https:\/\/organdziski.com\/sq\/wp-json\/wp\/v2\/comments?post=16506"}],"version-history":[{"count":3,"href":"https:\/\/organdziski.com\/sq\/wp-json\/wp\/v2\/pages\/16506\/revisions"}],"predecessor-version":[{"id":16509,"href":"https:\/\/organdziski.com\/sq\/wp-json\/wp\/v2\/pages\/16506\/revisions\/16509"}],"wp:attachment":[{"href":"https:\/\/organdziski.com\/sq\/wp-json\/wp\/v2\/media?parent=16506"}],"curies":[{"name":"wp","href":"https:\/\/api.w.org\/{rel}","templated":true}]}}