{"id":16513,"date":"2024-05-08T09:37:24","date_gmt":"2024-05-08T09:37:24","guid":{"rendered":"https:\/\/organdziski.com\/?page_id=16513"},"modified":"2024-06-25T11:12:51","modified_gmt":"2024-06-25T11:12:51","slug":"biopsi-me-kiretazhe-endocervikale-te-qafes-se-mitres","status":"publish","type":"page","link":"https:\/\/organdziski.com\/sq\/biopsi-me-kiretazhe-endocervikale-te-qafes-se-mitres\/","title":{"rendered":"Biopsi me kiretazh\u00eb endocervikale t\u00eb qaf\u00ebs s\u00eb mitr\u00ebs"},"content":{"rendered":"\t\t<div data-elementor-type=\"wp-page\" data-elementor-id=\"16513\" class=\"elementor elementor-16513 elementor-8666\" data-elementor-post-type=\"page\">\n\t\t\t\t<div class=\"elementor-element elementor-element-c4497fa e-con-full e-flex e-con e-parent\" data-id=\"c4497fa\" data-element_type=\"container\">\n\t\t<div class=\"elementor-element elementor-element-f8d067d e-con-full e-flex e-con e-child\" data-id=\"f8d067d\" data-element_type=\"container\">\n\t\t\t\t<div class=\"elementor-element elementor-element-e7050db elementor-widget elementor-widget-heading\" data-id=\"e7050db\" data-element_type=\"widget\" data-widget_type=\"heading.default\">\n\t\t\t\t<div class=\"elementor-widget-container\">\n\t\t\t<h2 class=\"elementor-heading-title elementor-size-default\">Kiretazha endocervikale<\/h2>\t\t<\/div>\n\t\t\t\t<\/div>\n\t\t\t\t<div class=\"elementor-element elementor-element-a3d0037 elementor-widget elementor-widget-text-editor\" data-id=\"a3d0037\" data-element_type=\"widget\" data-widget_type=\"text-editor.default\">\n\t\t\t\t<div class=\"elementor-widget-container\">\n\t\t\t\t\t\t\t<ul><li><p>Kiretazha endocervikale lejon marrjen e mostrave nga kanali endocervikal p\u00ebr vler\u00ebsimin e proceseve patologjike n\u00eb qaf\u00ebn e mitr\u00ebs.<\/p><\/li><li><p>Zakonisht, kiretazha endocervikale kryhet s\u00eb bashku me nj\u00eb biopsi t\u00eb qaf\u00ebs s\u00eb mitr\u00ebs kur dyshohet p\u00ebr nj\u00eb ndryshim patologjik t\u00eb qaf\u00ebs s\u00eb mitr\u00ebs (karcinoma) pas nj\u00eb ekzaminimi gjinekologjik te pacientet q\u00eb nuk kan\u00eb b\u00ebr\u00eb kurr\u00eb nj\u00eb Pap-test ose q\u00eb nuk kan\u00eb b\u00ebr\u00eb nj\u00eb Pap-test p\u00ebr nj\u00eb koh\u00eb t\u00eb gjat\u00eb. ose me konstatim t\u00eb kancerit t\u00eb qaf\u00ebs s\u00eb mitr\u00ebs n\u00eb testin Pap p\u00ebr verifikim histopatologjik t\u00eb t\u00eb nj\u00ebjtit.<\/p><\/li><li><p>Gjithashtu, kiretazha endocervikale kryhet s\u00eb bashku me biopsin\u00eb e qaf\u00ebs s\u00eb mitr\u00ebs te pacientet me gjetje t\u00eb testit Pap p\u00ebrve\u00e7 ndryshimeve premalinje t\u00eb qaf\u00ebs s\u00eb mitr\u00ebs (CIN I, CIN II, CIN III) ose Carcinoma in situ cervicis uteri.<\/p><\/li><\/ul>\t\t\t\t\t\t<\/div>\n\t\t\t\t<\/div>\n\t\t\t\t<\/div>\n\t\t<div class=\"elementor-element elementor-element-21d022c e-con-full e-flex e-con e-child\" data-id=\"21d022c\" data-element_type=\"container\">\n\t\t\t\t<div class=\"elementor-element elementor-element-f983e2f elementor-widget__width-inherit elementor-widget elementor-widget-image\" data-id=\"f983e2f\" data-element_type=\"widget\" data-widget_type=\"image.default\">\n\t\t\t\t<div class=\"elementor-widget-container\">\n\t\t\t\t\t\t\t\t\t\t\t\t\t<img fetchpriority=\"high\" decoding=\"async\" width=\"1200\" height=\"800\" src=\"https:\/\/organdziski.com\/wp-content\/uploads\/2024\/05\/\u0431\u0438\u043e\u043f\u0441\u0438\u0458\u0430-\u0441\u043e-\u0435\u043d\u0434\u043e\u0446\u0435\u0440\u0432\u0438\u043a\u0430\u043b\u043d\u0430-\u043a\u0438\u0440\u0435\u0442\u0430\u0436\u0430.jpg\" class=\"attachment-full size-full wp-image-11834\" alt=\"\" srcset=\"https:\/\/organdziski.com\/wp-content\/uploads\/2024\/05\/\u0431\u0438\u043e\u043f\u0441\u0438\u0458\u0430-\u0441\u043e-\u0435\u043d\u0434\u043e\u0446\u0435\u0440\u0432\u0438\u043a\u0430\u043b\u043d\u0430-\u043a\u0438\u0440\u0435\u0442\u0430\u0436\u0430.jpg 1200w, https:\/\/organdziski.com\/wp-content\/uploads\/2024\/05\/\u0431\u0438\u043e\u043f\u0441\u0438\u0458\u0430-\u0441\u043e-\u0435\u043d\u0434\u043e\u0446\u0435\u0440\u0432\u0438\u043a\u0430\u043b\u043d\u0430-\u043a\u0438\u0440\u0435\u0442\u0430\u0436\u0430-300x200.jpg 300w, https:\/\/organdziski.com\/wp-content\/uploads\/2024\/05\/\u0431\u0438\u043e\u043f\u0441\u0438\u0458\u0430-\u0441\u043e-\u0435\u043d\u0434\u043e\u0446\u0435\u0440\u0432\u0438\u043a\u0430\u043b\u043d\u0430-\u043a\u0438\u0440\u0435\u0442\u0430\u0436\u0430-1024x683.jpg 1024w, https:\/\/organdziski.com\/wp-content\/uploads\/2024\/05\/\u0431\u0438\u043e\u043f\u0441\u0438\u0458\u0430-\u0441\u043e-\u0435\u043d\u0434\u043e\u0446\u0435\u0440\u0432\u0438\u043a\u0430\u043b\u043d\u0430-\u043a\u0438\u0440\u0435\u0442\u0430\u0436\u0430-768x512.jpg 768w, https:\/\/organdziski.com\/wp-content\/uploads\/2024\/05\/\u0431\u0438\u043e\u043f\u0441\u0438\u0458\u0430-\u0441\u043e-\u0435\u043d\u0434\u043e\u0446\u0435\u0440\u0432\u0438\u043a\u0430\u043b\u043d\u0430-\u043a\u0438\u0440\u0435\u0442\u0430\u0436\u0430-600x400.jpg 600w\" sizes=\"(max-width: 1200px) 100vw, 1200px\" \/>\t\t\t\t\t\t\t\t\t\t\t\t\t<\/div>\n\t\t\t\t<\/div>\n\t\t\t\t<div class=\"elementor-element elementor-element-b00c16d elementor-widget elementor-widget-wpforms\" data-id=\"b00c16d\" data-element_type=\"widget\" data-widget_type=\"wpforms.default\">\n\t\t\t\t<div class=\"elementor-widget-container\">\n\t\t\t<div class=\"wpforms-container wpforms-container-full wpforms-render-modern\" id=\"wpforms-16361\"><form id=\"wpforms-form-16361\" class=\"wpforms-validate wpforms-form wpforms-ajax-form\" data-formid=\"16361\" method=\"post\" enctype=\"multipart\/form-data\" action=\"\/sq\/wp-json\/wp\/v2\/pages\/16513\" data-token=\"acf1a546efefea39089c58f967a7eb10\" data-token-time=\"1777885711\"><noscript class=\"wpforms-error-noscript\">Please enable JavaScript in your browser to complete this form.<\/noscript><div id=\"wpforms-error-noscript\" style=\"display: none;\">Please enable JavaScript in your browser to complete this form.<\/div><div class=\"wpforms-field-container\"><div id=\"wpforms-16361-field_2-container\" class=\"wpforms-field wpforms-field-text\" data-field-id=\"2\"><label class=\"wpforms-field-label\" for=\"wpforms-16361-field_2\">Emri juaj<\/label><input type=\"text\" id=\"wpforms-16361-field_2\" class=\"wpforms-field-medium\" name=\"wpforms[fields][2]\" aria-errormessage=\"wpforms-16361-field_2-error\" ><\/div><div id=\"wpforms-16361-field_3-container\" class=\"wpforms-field wpforms-field-text\" data-field-id=\"3\"><label class=\"wpforms-field-label\" for=\"wpforms-16361-field_3\">Email <\/label><input type=\"text\" id=\"wpforms-16361-field_3\" class=\"wpforms-field-medium\" name=\"wpforms[fields][3]\" aria-errormessage=\"wpforms-16361-field_3-error\" ><\/div><div id=\"wpforms-16361-field_4-container\" class=\"wpforms-field wpforms-field-textarea\" data-field-id=\"4\"><label class=\"wpforms-field-label\" for=\"wpforms-16361-field_4\">Pyetja juaj?<\/label><textarea id=\"wpforms-16361-field_4\" class=\"wpforms-field-large\" name=\"wpforms[fields][4]\" aria-errormessage=\"wpforms-16361-field_4-error\" ><\/textarea><\/div><\/div><!-- .wpforms-field-container --><div class=\"wpforms-submit-container\" ><input type=\"hidden\" name=\"wpforms[id]\" value=\"16361\"><input type=\"hidden\" name=\"page_title\" value=\"\"><input type=\"hidden\" name=\"page_url\" value=\"https:\/\/organdziski.com\/sq\/wp-json\/wp\/v2\/pages\/16513\"><input type=\"hidden\" name=\"url_referer\" value=\"\"><button type=\"submit\" name=\"wpforms[submit]\" id=\"wpforms-submit-16361\" class=\"wpforms-submit\" data-alt-text=\"Sending...\" data-submit-text=\"D\u00ebrgoni\" aria-live=\"assertive\" value=\"wpforms-submit\">D\u00ebrgoni<\/button><img decoding=\"async\" src=\"https:\/\/organdziski.com\/wp-content\/plugins\/wpforms-lite\/assets\/images\/submit-spin.svg\" class=\"wpforms-submit-spinner\" style=\"display: none;\" width=\"26\" height=\"26\" alt=\"Loading\"><\/div><\/form><\/div>  <!-- .wpforms-container -->\t\t<\/div>\n\t\t\t\t<\/div>\n\t\t\t\t<\/div>\n\t\t\t\t<\/div>\n\t\t\t\t<\/div>\n\t\t","protected":false},"excerpt":{"rendered":"<p>Kiretazha endocervikale Kiretazha endocervikale lejon marrjen e mostrave nga kanali endocervikal p\u00ebr vler\u00ebsimin e proceseve patologjike n\u00eb qaf\u00ebn e mitr\u00ebs. Zakonisht, kiretazha endocervikale kryhet s\u00eb bashku me nj\u00eb biopsi t\u00eb qaf\u00ebs s\u00eb mitr\u00ebs kur dyshohet p\u00ebr nj\u00eb ndryshim patologjik t\u00eb qaf\u00ebs s\u00eb mitr\u00ebs (karcinoma) pas nj\u00eb ekzaminimi gjinekologjik te pacientet q\u00eb nuk kan\u00eb b\u00ebr\u00eb kurr\u00eb&#8230;<\/p>\n","protected":false},"author":1,"featured_media":0,"parent":0,"menu_order":0,"comment_status":"closed","ping_status":"closed","template":"","meta":{"footnotes":""},"class_list":["post-16513","page","type-page","status-publish","hentry"],"yoast_head":"<!-- This site is optimized with the Yoast SEO Premium plugin v22.7 (Yoast SEO v27.4) - https:\/\/yoast.com\/product\/yoast-seo-premium-wordpress\/ -->\n<title>Biopsi me kiretazh\u00eb endocervikale t\u00eb qaf\u00ebs s\u00eb mitr\u00ebs - \u041f\u0417\u0423 \u0414-\u0440 \u041e\u0440\u0433\u0430\u043d\u045f\u0438\u0441\u043a\u0438<\/title>\n<meta name=\"robots\" content=\"index, follow, max-snippet:-1, max-image-preview:large, max-video-preview:-1\" \/>\n<link rel=\"canonical\" href=\"https:\/\/organdziski.com\/biopsija-so-endocervikalna-kiretaza-na-cerviks\/\" \/>\n<meta property=\"og:locale\" content=\"sq_AL\" \/>\n<meta property=\"og:type\" content=\"article\" \/>\n<meta property=\"og:title\" content=\"Biopsi me kiretazh\u00eb endocervikale t\u00eb qaf\u00ebs s\u00eb mitr\u00ebs\" \/>\n<meta property=\"og:description\" content=\"Kiretazha endocervikale Kiretazha endocervikale lejon marrjen e mostrave nga kanali endocervikal p\u00ebr vler\u00ebsimin e proceseve patologjike n\u00eb qaf\u00ebn e mitr\u00ebs. Zakonisht, kiretazha endocervikale kryhet s\u00eb bashku me nj\u00eb biopsi t\u00eb qaf\u00ebs s\u00eb mitr\u00ebs kur dyshohet p\u00ebr nj\u00eb ndryshim patologjik t\u00eb qaf\u00ebs s\u00eb mitr\u00ebs (karcinoma) pas nj\u00eb ekzaminimi gjinekologjik te pacientet q\u00eb nuk kan\u00eb b\u00ebr\u00eb kurr\u00eb...\" \/>\n<meta property=\"og:url\" content=\"https:\/\/organdziski.com\/biopsija-so-endocervikalna-kiretaza-na-cerviks\/\" \/>\n<meta property=\"og:site_name\" content=\"\u041f\u0417\u0423 \u0414-\u0440 \u041e\u0440\u0433\u0430\u043d\u045f\u0438\u0441\u043a\u0438\" \/>\n<meta property=\"article:publisher\" content=\"https:\/\/www.facebook.com\/Dr.Organdziski\" \/>\n<meta property=\"article:modified_time\" content=\"2024-06-25T11:12:51+00:00\" \/>\n<meta property=\"og:image\" content=\"https:\/\/organdziski.com\/wp-content\/plugins\/wpforms-lite\/assets\/images\/submit-spin.svg\" \/>\n<meta name=\"twitter:card\" content=\"summary_large_image\" \/>\n<meta name=\"twitter:label1\" content=\"Est. reading time\" \/>\n\t<meta name=\"twitter:data1\" content=\"1 minute\" \/>\n<script type=\"application\/ld+json\" class=\"yoast-schema-graph\">{\"@context\":\"https:\\\/\\\/schema.org\",\"@graph\":[{\"@type\":\"WebPage\",\"@id\":\"https:\\\/\\\/organdziski.com\\\/biopsija-so-endocervikalna-kiretaza-na-cerviks\\\/\",\"url\":\"https:\\\/\\\/organdziski.com\\\/biopsija-so-endocervikalna-kiretaza-na-cerviks\\\/\",\"name\":\"Biopsi me kiretazh\u00eb endocervikale t\u00eb qaf\u00ebs s\u00eb mitr\u00ebs - \u041f\u0417\u0423 \u0414-\u0440 \u041e\u0440\u0433\u0430\u043d\u045f\u0438\u0441\u043a\u0438\",\"isPartOf\":{\"@id\":\"https:\\\/\\\/organdziski.com\\\/#website\"},\"primaryImageOfPage\":{\"@id\":\"https:\\\/\\\/organdziski.com\\\/biopsija-so-endocervikalna-kiretaza-na-cerviks\\\/#primaryimage\"},\"image\":{\"@id\":\"https:\\\/\\\/organdziski.com\\\/biopsija-so-endocervikalna-kiretaza-na-cerviks\\\/#primaryimage\"},\"thumbnailUrl\":\"https:\\\/\\\/organdziski.com\\\/wp-content\\\/plugins\\\/wpforms-lite\\\/assets\\\/images\\\/submit-spin.svg\",\"datePublished\":\"2024-05-08T09:37:24+00:00\",\"dateModified\":\"2024-06-25T11:12:51+00:00\",\"breadcrumb\":{\"@id\":\"https:\\\/\\\/organdziski.com\\\/biopsija-so-endocervikalna-kiretaza-na-cerviks\\\/#breadcrumb\"},\"inLanguage\":\"sq-AL\",\"potentialAction\":[{\"@type\":\"ReadAction\",\"target\":[\"https:\\\/\\\/organdziski.com\\\/biopsija-so-endocervikalna-kiretaza-na-cerviks\\\/\"]}]},{\"@type\":\"ImageObject\",\"inLanguage\":\"sq-AL\",\"@id\":\"https:\\\/\\\/organdziski.com\\\/biopsija-so-endocervikalna-kiretaza-na-cerviks\\\/#primaryimage\",\"url\":\"https:\\\/\\\/organdziski.com\\\/wp-content\\\/plugins\\\/wpforms-lite\\\/assets\\\/images\\\/submit-spin.svg\",\"contentUrl\":\"https:\\\/\\\/organdziski.com\\\/wp-content\\\/plugins\\\/wpforms-lite\\\/assets\\\/images\\\/submit-spin.svg\"},{\"@type\":\"BreadcrumbList\",\"@id\":\"https:\\\/\\\/organdziski.com\\\/biopsija-so-endocervikalna-kiretaza-na-cerviks\\\/#breadcrumb\",\"itemListElement\":[{\"@type\":\"ListItem\",\"position\":1,\"name\":\"Home\",\"item\":\"https:\\\/\\\/organdziski.com\\\/\"},{\"@type\":\"ListItem\",\"position\":2,\"name\":\"Biopsi me kiretazh\u00eb endocervikale t\u00eb qaf\u00ebs s\u00eb mitr\u00ebs\"}]},{\"@type\":\"WebSite\",\"@id\":\"https:\\\/\\\/organdziski.com\\\/#website\",\"url\":\"https:\\\/\\\/organdziski.com\\\/\",\"name\":\"\u041f\u0417\u0423 \u0414-\u0440 \u041e\u0440\u0433\u0430\u043d\u045f\u0438\u0441\u043a\u0438\",\"description\":\"\u0421\u043f\u0435\u0446\u0438\u0458\u0430\u043b\u0438\u0437\u0438\u0440\u0430\u043d\u0430 \u0431\u043e\u043b\u043d\u0438\u0446\u0430 \u043f\u043e \u0433\u0438\u043d\u0435\u043a\u043e\u043b\u043e\u0433\u0438\u0458\u0430 \u0438 \u0430\u043a\u0443\u0448\u0435\u0440\u0441\u0442\u0432\u043e\",\"publisher\":{\"@id\":\"https:\\\/\\\/organdziski.com\\\/#organization\"},\"potentialAction\":[{\"@type\":\"SearchAction\",\"target\":{\"@type\":\"EntryPoint\",\"urlTemplate\":\"https:\\\/\\\/organdziski.com\\\/?s={search_term_string}\"},\"query-input\":{\"@type\":\"PropertyValueSpecification\",\"valueRequired\":true,\"valueName\":\"search_term_string\"}}],\"inLanguage\":\"sq-AL\"},{\"@type\":\"Organization\",\"@id\":\"https:\\\/\\\/organdziski.com\\\/#organization\",\"name\":\"\u041f\u0417\u0423 \u0414-\u0440 \u041e\u0440\u0433\u0430\u043d\u045f\u0438\u0441\u043a\u0438\",\"url\":\"https:\\\/\\\/organdziski.com\\\/\",\"logo\":{\"@type\":\"ImageObject\",\"inLanguage\":\"sq-AL\",\"@id\":\"https:\\\/\\\/organdziski.com\\\/#\\\/schema\\\/logo\\\/image\\\/\",\"url\":\"https:\\\/\\\/organdziski.com\\\/wp-content\\\/uploads\\\/2024\\\/04\\\/organdziski.svg\",\"contentUrl\":\"https:\\\/\\\/organdziski.com\\\/wp-content\\\/uploads\\\/2024\\\/04\\\/organdziski.svg\",\"width\":341,\"height\":63,\"caption\":\"\u041f\u0417\u0423 \u0414-\u0440 \u041e\u0440\u0433\u0430\u043d\u045f\u0438\u0441\u043a\u0438\"},\"image\":{\"@id\":\"https:\\\/\\\/organdziski.com\\\/#\\\/schema\\\/logo\\\/image\\\/\"},\"sameAs\":[\"https:\\\/\\\/www.facebook.com\\\/Dr.Organdziski\",\"https:\\\/\\\/www.instagram.com\\\/bolnicadrorgandziski\\\/\",\"https:\\\/\\\/www.youtube.com\\\/channel\\\/UCVzAHTjH-QvDcCGm19znLyA\"]}]}<\/script>\n<!-- \/ Yoast SEO Premium plugin. -->","yoast_head_json":{"title":"Biopsi me kiretazh\u00eb endocervikale t\u00eb qaf\u00ebs s\u00eb mitr\u00ebs - \u041f\u0417\u0423 \u0414-\u0440 \u041e\u0440\u0433\u0430\u043d\u045f\u0438\u0441\u043a\u0438","robots":{"index":"index","follow":"follow","max-snippet":"max-snippet:-1","max-image-preview":"max-image-preview:large","max-video-preview":"max-video-preview:-1"},"canonical":"https:\/\/organdziski.com\/biopsija-so-endocervikalna-kiretaza-na-cerviks\/","og_locale":"sq_AL","og_type":"article","og_title":"Biopsi me kiretazh\u00eb endocervikale t\u00eb qaf\u00ebs s\u00eb mitr\u00ebs","og_description":"Kiretazha endocervikale Kiretazha endocervikale lejon marrjen e mostrave nga kanali endocervikal p\u00ebr vler\u00ebsimin e proceseve patologjike n\u00eb qaf\u00ebn e mitr\u00ebs. Zakonisht, kiretazha endocervikale kryhet s\u00eb bashku me nj\u00eb biopsi t\u00eb qaf\u00ebs s\u00eb mitr\u00ebs kur dyshohet p\u00ebr nj\u00eb ndryshim patologjik t\u00eb qaf\u00ebs s\u00eb mitr\u00ebs (karcinoma) pas nj\u00eb ekzaminimi gjinekologjik te pacientet q\u00eb nuk kan\u00eb b\u00ebr\u00eb kurr\u00eb...","og_url":"https:\/\/organdziski.com\/biopsija-so-endocervikalna-kiretaza-na-cerviks\/","og_site_name":"\u041f\u0417\u0423 \u0414-\u0440 \u041e\u0440\u0433\u0430\u043d\u045f\u0438\u0441\u043a\u0438","article_publisher":"https:\/\/www.facebook.com\/Dr.Organdziski","article_modified_time":"2024-06-25T11:12:51+00:00","og_image":[{"url":"https:\/\/organdziski.com\/wp-content\/plugins\/wpforms-lite\/assets\/images\/submit-spin.svg","type":"","width":"","height":""}],"twitter_card":"summary_large_image","twitter_misc":{"Est. reading time":"1 minute"},"schema":{"@context":"https:\/\/schema.org","@graph":[{"@type":"WebPage","@id":"https:\/\/organdziski.com\/biopsija-so-endocervikalna-kiretaza-na-cerviks\/","url":"https:\/\/organdziski.com\/biopsija-so-endocervikalna-kiretaza-na-cerviks\/","name":"Biopsi me kiretazh\u00eb endocervikale t\u00eb qaf\u00ebs s\u00eb mitr\u00ebs - \u041f\u0417\u0423 \u0414-\u0440 \u041e\u0440\u0433\u0430\u043d\u045f\u0438\u0441\u043a\u0438","isPartOf":{"@id":"https:\/\/organdziski.com\/#website"},"primaryImageOfPage":{"@id":"https:\/\/organdziski.com\/biopsija-so-endocervikalna-kiretaza-na-cerviks\/#primaryimage"},"image":{"@id":"https:\/\/organdziski.com\/biopsija-so-endocervikalna-kiretaza-na-cerviks\/#primaryimage"},"thumbnailUrl":"https:\/\/organdziski.com\/wp-content\/plugins\/wpforms-lite\/assets\/images\/submit-spin.svg","datePublished":"2024-05-08T09:37:24+00:00","dateModified":"2024-06-25T11:12:51+00:00","breadcrumb":{"@id":"https:\/\/organdziski.com\/biopsija-so-endocervikalna-kiretaza-na-cerviks\/#breadcrumb"},"inLanguage":"sq-AL","potentialAction":[{"@type":"ReadAction","target":["https:\/\/organdziski.com\/biopsija-so-endocervikalna-kiretaza-na-cerviks\/"]}]},{"@type":"ImageObject","inLanguage":"sq-AL","@id":"https:\/\/organdziski.com\/biopsija-so-endocervikalna-kiretaza-na-cerviks\/#primaryimage","url":"https:\/\/organdziski.com\/wp-content\/plugins\/wpforms-lite\/assets\/images\/submit-spin.svg","contentUrl":"https:\/\/organdziski.com\/wp-content\/plugins\/wpforms-lite\/assets\/images\/submit-spin.svg"},{"@type":"BreadcrumbList","@id":"https:\/\/organdziski.com\/biopsija-so-endocervikalna-kiretaza-na-cerviks\/#breadcrumb","itemListElement":[{"@type":"ListItem","position":1,"name":"Home","item":"https:\/\/organdziski.com\/"},{"@type":"ListItem","position":2,"name":"Biopsi me kiretazh\u00eb endocervikale t\u00eb qaf\u00ebs s\u00eb mitr\u00ebs"}]},{"@type":"WebSite","@id":"https:\/\/organdziski.com\/#website","url":"https:\/\/organdziski.com\/","name":"\u041f\u0417\u0423 \u0414-\u0440 \u041e\u0440\u0433\u0430\u043d\u045f\u0438\u0441\u043a\u0438","description":"\u0421\u043f\u0435\u0446\u0438\u0458\u0430\u043b\u0438\u0437\u0438\u0440\u0430\u043d\u0430 \u0431\u043e\u043b\u043d\u0438\u0446\u0430 \u043f\u043e \u0433\u0438\u043d\u0435\u043a\u043e\u043b\u043e\u0433\u0438\u0458\u0430 \u0438 \u0430\u043a\u0443\u0448\u0435\u0440\u0441\u0442\u0432\u043e","publisher":{"@id":"https:\/\/organdziski.com\/#organization"},"potentialAction":[{"@type":"SearchAction","target":{"@type":"EntryPoint","urlTemplate":"https:\/\/organdziski.com\/?s={search_term_string}"},"query-input":{"@type":"PropertyValueSpecification","valueRequired":true,"valueName":"search_term_string"}}],"inLanguage":"sq-AL"},{"@type":"Organization","@id":"https:\/\/organdziski.com\/#organization","name":"\u041f\u0417\u0423 \u0414-\u0440 \u041e\u0440\u0433\u0430\u043d\u045f\u0438\u0441\u043a\u0438","url":"https:\/\/organdziski.com\/","logo":{"@type":"ImageObject","inLanguage":"sq-AL","@id":"https:\/\/organdziski.com\/#\/schema\/logo\/image\/","url":"https:\/\/organdziski.com\/wp-content\/uploads\/2024\/04\/organdziski.svg","contentUrl":"https:\/\/organdziski.com\/wp-content\/uploads\/2024\/04\/organdziski.svg","width":341,"height":63,"caption":"\u041f\u0417\u0423 \u0414-\u0440 \u041e\u0440\u0433\u0430\u043d\u045f\u0438\u0441\u043a\u0438"},"image":{"@id":"https:\/\/organdziski.com\/#\/schema\/logo\/image\/"},"sameAs":["https:\/\/www.facebook.com\/Dr.Organdziski","https:\/\/www.instagram.com\/bolnicadrorgandziski\/","https:\/\/www.youtube.com\/channel\/UCVzAHTjH-QvDcCGm19znLyA"]}]}},"_links":{"self":[{"href":"https:\/\/organdziski.com\/sq\/wp-json\/wp\/v2\/pages\/16513","targetHints":{"allow":["GET"]}}],"collection":[{"href":"https:\/\/organdziski.com\/sq\/wp-json\/wp\/v2\/pages"}],"about":[{"href":"https:\/\/organdziski.com\/sq\/wp-json\/wp\/v2\/types\/page"}],"author":[{"embeddable":true,"href":"https:\/\/organdziski.com\/sq\/wp-json\/wp\/v2\/users\/1"}],"replies":[{"embeddable":true,"href":"https:\/\/organdziski.com\/sq\/wp-json\/wp\/v2\/comments?post=16513"}],"version-history":[{"count":3,"href":"https:\/\/organdziski.com\/sq\/wp-json\/wp\/v2\/pages\/16513\/revisions"}],"predecessor-version":[{"id":16516,"href":"https:\/\/organdziski.com\/sq\/wp-json\/wp\/v2\/pages\/16513\/revisions\/16516"}],"wp:attachment":[{"href":"https:\/\/organdziski.com\/sq\/wp-json\/wp\/v2\/media?parent=16513"}],"curies":[{"name":"wp","href":"https:\/\/api.w.org\/{rel}","templated":true}]}}