{"id":16527,"date":"2024-05-08T10:11:07","date_gmt":"2024-05-08T10:11:07","guid":{"rendered":"https:\/\/organdziski.com\/?page_id=16527"},"modified":"2024-06-25T11:14:56","modified_gmt":"2024-06-25T11:14:56","slug":"lletz","status":"publish","type":"page","link":"https:\/\/organdziski.com\/sq\/lletz\/","title":{"rendered":"LLETZ"},"content":{"rendered":"\t\t<div data-elementor-type=\"wp-page\" data-elementor-id=\"16527\" class=\"elementor elementor-16527 elementor-8674\" data-elementor-post-type=\"page\">\n\t\t\t\t<div class=\"elementor-element elementor-element-099a196 e-con-full e-flex e-con e-parent\" data-id=\"099a196\" data-element_type=\"container\">\n\t\t<div class=\"elementor-element elementor-element-32b8b7b e-con-full e-flex e-con e-child\" data-id=\"32b8b7b\" data-element_type=\"container\">\n\t\t\t\t<div class=\"elementor-element elementor-element-3f6aa60 elementor-widget elementor-widget-heading\" data-id=\"3f6aa60\" data-element_type=\"widget\" data-widget_type=\"heading.default\">\n\t\t\t\t<div class=\"elementor-widget-container\">\n\t\t\t<h2 class=\"elementor-heading-title elementor-size-default\">Trajtimi i parakancereve<\/h2>\t\t<\/div>\n\t\t\t\t<\/div>\n\t\t\t\t<div class=\"elementor-element elementor-element-f4bc8bf elementor-widget elementor-widget-text-editor\" data-id=\"f4bc8bf\" data-element_type=\"widget\" data-widget_type=\"text-editor.default\">\n\t\t\t\t<div class=\"elementor-widget-container\">\n\t\t\t\t\t\t\t<p>LLETZ \u00ebsht\u00eb trajtimi i parakancereve t\u00eb qaf\u00ebs s\u00eb mitr\u00ebs me CIN 2 ndryshime.<\/p><p>Procedura p\u00ebrfshin p\u00ebrdorimin e nj\u00eb laku t\u00eb holl\u00eb teli t\u00eb ngrohur me rrym\u00eb elektrike p\u00ebr t\u00eb hequr indin e prekur. LLETZ kryhet shpesh si nj\u00eb procedur\u00eb diagnostike dhe terapeutike p\u00ebr grat\u00eb q\u00eb kan\u00eb ndryshime jonormale t\u00eb qelizave t\u00eb qaf\u00ebs s\u00eb mitr\u00ebs, t\u00eb zbuluara zakonisht p\u00ebrmes nj\u00eb Pap testi ose kolposkopie. Indi i hequr m\u00eb pas d\u00ebrgohet n\u00eb laborator p\u00ebr testime t\u00eb m\u00ebtejshme p\u00ebr t\u00eb p\u00ebrcaktuar n\u00ebse ka qeliza prekanceroze ose kanceroze.<\/p><p><strong>Koh\u00ebzgjatja dhe rikuperimi:<\/strong> Procedura zakonisht zgjat rreth 10-20 minuta. Koha e rikuperimit \u00ebsht\u00eb p\u00ebrgjith\u00ebsisht e shkurt\u00ebr, me \u00e7ka shumica e grave jan\u00eb n\u00eb gjendje t\u00eb kthehen n\u00eb aktivitetet e tyre normale brenda pak dit\u00ebsh. Disa mund t\u00eb p\u00ebrjetojn\u00eb gjakderdhje t\u00eb leht\u00eb dhe ng\u00ebr\u00e7e t\u00eb lehta pas procedur\u00ebs.<\/p><p><strong>Efektiviteti dhe rreziqet:<\/strong> LLETZ \u00ebsht\u00eb shum\u00eb efektiv n\u00eb parandalimin e kancerit t\u00eb qaf\u00ebs s\u00eb mitr\u00ebs duke hequr qelizat parakanceroze. Megjithat\u00eb, si me \u00e7do procedur\u00eb mjek\u00ebsore, ka rreziqe, duke p\u00ebrfshir\u00eb infeksionin, gjakderdhjen e r\u00ebnd\u00eb dhe, n\u00eb raste t\u00eb rralla, komplikime n\u00eb shtatz\u00ebnit\u00eb e ardhshme.<\/p><p><strong>Monitorimi:<\/strong> Pacient\u00ebt zakonisht duhet t\u00eb b\u00ebjn\u00eb kontrolle p\u00ebr t\u00eb siguruar q\u00eb \u00e7do qeliz\u00eb anormale \u00ebsht\u00eb hequr dhe t\u00eb monitorohet p\u00ebr \u00e7do p\u00ebrs\u00ebritje.<\/p><p><strong>Indikacionet p\u00ebr LLETZ:<\/strong><\/p><ul><li>Shkall\u00eb e lart\u00eb e Neoplaz\u00ebs intraepiteliale cervikale (CIN2 ose CIN3)<\/li><li>Anomalit\u00eb e vazhdueshme t\u00eb shkall\u00ebs s\u00eb ul\u00ebt<\/li><li>Kolposkopi e pak\u00ebnaqshme me dyshim t\u00eb lart\u00eb p\u00ebr qeliza jonormale<\/li><li>Displasia n\u00eb qaf\u00ebs s\u00eb mitr\u00ebs e konfirmuar me biopsi<\/li><\/ul><p>LLETZ \u00ebsht\u00eb nj\u00eb procedur\u00eb e zakonshme dhe efektive n\u00eb praktik\u00ebn gjinekologjike, e cila kontribuon ndjesh\u00ebm n\u00eb programet e parandalimit t\u00eb kancerit t\u00eb qaf\u00ebs s\u00eb mitr\u00ebs.<\/p>\t\t\t\t\t\t<\/div>\n\t\t\t\t<\/div>\n\t\t\t\t<\/div>\n\t\t<div class=\"elementor-element elementor-element-1f4fdba e-con-full e-flex e-con e-child\" data-id=\"1f4fdba\" data-element_type=\"container\">\n\t\t\t\t<div class=\"elementor-element elementor-element-a3f5f89 elementor-widget__width-inherit elementor-widget elementor-widget-image\" data-id=\"a3f5f89\" data-element_type=\"widget\" data-widget_type=\"image.default\">\n\t\t\t\t<div class=\"elementor-widget-container\">\n\t\t\t\t\t\t\t\t\t\t\t\t\t<img fetchpriority=\"high\" decoding=\"async\" width=\"300\" height=\"226\" src=\"https:\/\/organdziski.com\/wp-content\/uploads\/2024\/05\/LLETZ.jpeg\" class=\"attachment-full size-full wp-image-11838\" alt=\"\" \/>\t\t\t\t\t\t\t\t\t\t\t\t\t<\/div>\n\t\t\t\t<\/div>\n\t\t\t\t<div class=\"elementor-element elementor-element-54075fd elementor-widget elementor-widget-wpforms\" data-id=\"54075fd\" data-element_type=\"widget\" data-widget_type=\"wpforms.default\">\n\t\t\t\t<div class=\"elementor-widget-container\">\n\t\t\t<div class=\"wpforms-container wpforms-container-full wpforms-render-modern\" id=\"wpforms-16361\"><form id=\"wpforms-form-16361\" class=\"wpforms-validate wpforms-form wpforms-ajax-form\" data-formid=\"16361\" method=\"post\" enctype=\"multipart\/form-data\" action=\"\/sq\/wp-json\/wp\/v2\/pages\/16527\" data-token=\"096b8d637536f509730e0f4ad87cbcb1\" data-token-time=\"1776911939\"><noscript class=\"wpforms-error-noscript\">Please enable JavaScript in your browser to complete this form.<\/noscript><div id=\"wpforms-error-noscript\" style=\"display: none;\">Please enable JavaScript in your browser to complete this form.<\/div><div class=\"wpforms-field-container\"><div id=\"wpforms-16361-field_2-container\" class=\"wpforms-field wpforms-field-text\" data-field-id=\"2\"><label class=\"wpforms-field-label\" for=\"wpforms-16361-field_2\">Emri juaj<\/label><input type=\"text\" id=\"wpforms-16361-field_2\" class=\"wpforms-field-medium\" name=\"wpforms[fields][2]\" aria-errormessage=\"wpforms-16361-field_2-error\" ><\/div><div id=\"wpforms-16361-field_3-container\" class=\"wpforms-field wpforms-field-text\" data-field-id=\"3\"><label class=\"wpforms-field-label\" for=\"wpforms-16361-field_3\">Email <\/label><input type=\"text\" id=\"wpforms-16361-field_3\" class=\"wpforms-field-medium\" name=\"wpforms[fields][3]\" aria-errormessage=\"wpforms-16361-field_3-error\" ><\/div><div id=\"wpforms-16361-field_4-container\" class=\"wpforms-field wpforms-field-textarea\" data-field-id=\"4\"><label class=\"wpforms-field-label\" for=\"wpforms-16361-field_4\">Pyetja juaj?<\/label><textarea id=\"wpforms-16361-field_4\" class=\"wpforms-field-large\" name=\"wpforms[fields][4]\" aria-errormessage=\"wpforms-16361-field_4-error\" ><\/textarea><\/div><\/div><!-- .wpforms-field-container --><div class=\"wpforms-submit-container\" ><input type=\"hidden\" name=\"wpforms[id]\" value=\"16361\"><input type=\"hidden\" name=\"page_title\" value=\"\"><input type=\"hidden\" name=\"page_url\" value=\"https:\/\/organdziski.com\/sq\/wp-json\/wp\/v2\/pages\/16527\"><input type=\"hidden\" name=\"url_referer\" value=\"\"><button type=\"submit\" name=\"wpforms[submit]\" id=\"wpforms-submit-16361\" class=\"wpforms-submit\" data-alt-text=\"Sending...\" data-submit-text=\"D\u00ebrgoni\" aria-live=\"assertive\" value=\"wpforms-submit\">D\u00ebrgoni<\/button><img decoding=\"async\" src=\"https:\/\/organdziski.com\/wp-content\/plugins\/wpforms-lite\/assets\/images\/submit-spin.svg\" class=\"wpforms-submit-spinner\" style=\"display: none;\" width=\"26\" height=\"26\" alt=\"Loading\"><\/div><\/form><\/div>  <!-- .wpforms-container -->\t\t<\/div>\n\t\t\t\t<\/div>\n\t\t\t\t<\/div>\n\t\t\t\t<\/div>\n\t\t\t\t<\/div>\n\t\t","protected":false},"excerpt":{"rendered":"<p>Trajtimi i parakancereve LLETZ \u00ebsht\u00eb trajtimi i parakancereve t\u00eb qaf\u00ebs s\u00eb mitr\u00ebs me CIN 2 ndryshime. Procedura p\u00ebrfshin p\u00ebrdorimin e nj\u00eb laku t\u00eb holl\u00eb teli t\u00eb ngrohur me rrym\u00eb elektrike p\u00ebr t\u00eb hequr indin e prekur. LLETZ kryhet shpesh si nj\u00eb procedur\u00eb diagnostike dhe terapeutike p\u00ebr grat\u00eb q\u00eb kan\u00eb ndryshime jonormale t\u00eb qelizave t\u00eb qaf\u00ebs&#8230;<\/p>\n","protected":false},"author":1,"featured_media":0,"parent":0,"menu_order":0,"comment_status":"closed","ping_status":"closed","template":"","meta":{"footnotes":""},"class_list":["post-16527","page","type-page","status-publish","hentry"],"yoast_head":"<!-- This site is optimized with the Yoast SEO Premium plugin v22.7 (Yoast SEO v27.4) - https:\/\/yoast.com\/product\/yoast-seo-premium-wordpress\/ -->\n<title>LLETZ - \u041f\u0417\u0423 \u0414-\u0440 \u041e\u0440\u0433\u0430\u043d\u045f\u0438\u0441\u043a\u0438<\/title>\n<meta name=\"robots\" content=\"index, follow, max-snippet:-1, max-image-preview:large, max-video-preview:-1\" \/>\n<link rel=\"canonical\" href=\"https:\/\/organdziski.com\/lletz\/\" \/>\n<meta property=\"og:locale\" content=\"sq_AL\" \/>\n<meta property=\"og:type\" content=\"article\" \/>\n<meta property=\"og:title\" content=\"LLETZ\" \/>\n<meta property=\"og:description\" content=\"Trajtimi i parakancereve LLETZ \u00ebsht\u00eb trajtimi i parakancereve t\u00eb qaf\u00ebs s\u00eb mitr\u00ebs me CIN 2 ndryshime. Procedura p\u00ebrfshin p\u00ebrdorimin e nj\u00eb laku t\u00eb holl\u00eb teli t\u00eb ngrohur me rrym\u00eb elektrike p\u00ebr t\u00eb hequr indin e prekur. LLETZ kryhet shpesh si nj\u00eb procedur\u00eb diagnostike dhe terapeutike p\u00ebr grat\u00eb q\u00eb kan\u00eb ndryshime jonormale t\u00eb qelizave t\u00eb qaf\u00ebs...\" \/>\n<meta property=\"og:url\" content=\"https:\/\/organdziski.com\/lletz\/\" \/>\n<meta property=\"og:site_name\" content=\"\u041f\u0417\u0423 \u0414-\u0440 \u041e\u0440\u0433\u0430\u043d\u045f\u0438\u0441\u043a\u0438\" \/>\n<meta property=\"article:publisher\" content=\"https:\/\/www.facebook.com\/Dr.Organdziski\" \/>\n<meta property=\"article:modified_time\" content=\"2024-06-25T11:14:56+00:00\" \/>\n<meta property=\"og:image\" content=\"https:\/\/organdziski.com\/wp-content\/uploads\/2024\/05\/LLETZ.jpeg\" \/>\n<meta name=\"twitter:card\" content=\"summary_large_image\" \/>\n<meta name=\"twitter:label1\" content=\"Est. reading time\" \/>\n\t<meta name=\"twitter:data1\" content=\"2 minutes\" \/>\n<script type=\"application\/ld+json\" class=\"yoast-schema-graph\">{\"@context\":\"https:\\\/\\\/schema.org\",\"@graph\":[{\"@type\":\"WebPage\",\"@id\":\"https:\\\/\\\/organdziski.com\\\/lletz\\\/\",\"url\":\"https:\\\/\\\/organdziski.com\\\/lletz\\\/\",\"name\":\"LLETZ - \u041f\u0417\u0423 \u0414-\u0440 \u041e\u0440\u0433\u0430\u043d\u045f\u0438\u0441\u043a\u0438\",\"isPartOf\":{\"@id\":\"https:\\\/\\\/organdziski.com\\\/#website\"},\"primaryImageOfPage\":{\"@id\":\"https:\\\/\\\/organdziski.com\\\/lletz\\\/#primaryimage\"},\"image\":{\"@id\":\"https:\\\/\\\/organdziski.com\\\/lletz\\\/#primaryimage\"},\"thumbnailUrl\":\"https:\\\/\\\/organdziski.com\\\/wp-content\\\/uploads\\\/2024\\\/05\\\/LLETZ.jpeg\",\"datePublished\":\"2024-05-08T10:11:07+00:00\",\"dateModified\":\"2024-06-25T11:14:56+00:00\",\"breadcrumb\":{\"@id\":\"https:\\\/\\\/organdziski.com\\\/lletz\\\/#breadcrumb\"},\"inLanguage\":\"sq-AL\",\"potentialAction\":[{\"@type\":\"ReadAction\",\"target\":[\"https:\\\/\\\/organdziski.com\\\/lletz\\\/\"]}]},{\"@type\":\"ImageObject\",\"inLanguage\":\"sq-AL\",\"@id\":\"https:\\\/\\\/organdziski.com\\\/lletz\\\/#primaryimage\",\"url\":\"https:\\\/\\\/organdziski.com\\\/wp-content\\\/uploads\\\/2024\\\/05\\\/LLETZ.jpeg\",\"contentUrl\":\"https:\\\/\\\/organdziski.com\\\/wp-content\\\/uploads\\\/2024\\\/05\\\/LLETZ.jpeg\"},{\"@type\":\"BreadcrumbList\",\"@id\":\"https:\\\/\\\/organdziski.com\\\/lletz\\\/#breadcrumb\",\"itemListElement\":[{\"@type\":\"ListItem\",\"position\":1,\"name\":\"Home\",\"item\":\"https:\\\/\\\/organdziski.com\\\/\"},{\"@type\":\"ListItem\",\"position\":2,\"name\":\"LLETZ\"}]},{\"@type\":\"WebSite\",\"@id\":\"https:\\\/\\\/organdziski.com\\\/#website\",\"url\":\"https:\\\/\\\/organdziski.com\\\/\",\"name\":\"\u041f\u0417\u0423 \u0414-\u0440 \u041e\u0440\u0433\u0430\u043d\u045f\u0438\u0441\u043a\u0438\",\"description\":\"\u0421\u043f\u0435\u0446\u0438\u0458\u0430\u043b\u0438\u0437\u0438\u0440\u0430\u043d\u0430 \u0431\u043e\u043b\u043d\u0438\u0446\u0430 \u043f\u043e \u0433\u0438\u043d\u0435\u043a\u043e\u043b\u043e\u0433\u0438\u0458\u0430 \u0438 \u0430\u043a\u0443\u0448\u0435\u0440\u0441\u0442\u0432\u043e\",\"publisher\":{\"@id\":\"https:\\\/\\\/organdziski.com\\\/#organization\"},\"potentialAction\":[{\"@type\":\"SearchAction\",\"target\":{\"@type\":\"EntryPoint\",\"urlTemplate\":\"https:\\\/\\\/organdziski.com\\\/?s={search_term_string}\"},\"query-input\":{\"@type\":\"PropertyValueSpecification\",\"valueRequired\":true,\"valueName\":\"search_term_string\"}}],\"inLanguage\":\"sq-AL\"},{\"@type\":\"Organization\",\"@id\":\"https:\\\/\\\/organdziski.com\\\/#organization\",\"name\":\"\u041f\u0417\u0423 \u0414-\u0440 \u041e\u0440\u0433\u0430\u043d\u045f\u0438\u0441\u043a\u0438\",\"url\":\"https:\\\/\\\/organdziski.com\\\/\",\"logo\":{\"@type\":\"ImageObject\",\"inLanguage\":\"sq-AL\",\"@id\":\"https:\\\/\\\/organdziski.com\\\/#\\\/schema\\\/logo\\\/image\\\/\",\"url\":\"https:\\\/\\\/organdziski.com\\\/wp-content\\\/uploads\\\/2024\\\/04\\\/organdziski.svg\",\"contentUrl\":\"https:\\\/\\\/organdziski.com\\\/wp-content\\\/uploads\\\/2024\\\/04\\\/organdziski.svg\",\"width\":341,\"height\":63,\"caption\":\"\u041f\u0417\u0423 \u0414-\u0440 \u041e\u0440\u0433\u0430\u043d\u045f\u0438\u0441\u043a\u0438\"},\"image\":{\"@id\":\"https:\\\/\\\/organdziski.com\\\/#\\\/schema\\\/logo\\\/image\\\/\"},\"sameAs\":[\"https:\\\/\\\/www.facebook.com\\\/Dr.Organdziski\",\"https:\\\/\\\/www.instagram.com\\\/bolnicadrorgandziski\\\/\",\"https:\\\/\\\/www.youtube.com\\\/channel\\\/UCVzAHTjH-QvDcCGm19znLyA\"]}]}<\/script>\n<!-- \/ Yoast SEO Premium plugin. -->","yoast_head_json":{"title":"LLETZ - \u041f\u0417\u0423 \u0414-\u0440 \u041e\u0440\u0433\u0430\u043d\u045f\u0438\u0441\u043a\u0438","robots":{"index":"index","follow":"follow","max-snippet":"max-snippet:-1","max-image-preview":"max-image-preview:large","max-video-preview":"max-video-preview:-1"},"canonical":"https:\/\/organdziski.com\/lletz\/","og_locale":"sq_AL","og_type":"article","og_title":"LLETZ","og_description":"Trajtimi i parakancereve LLETZ \u00ebsht\u00eb trajtimi i parakancereve t\u00eb qaf\u00ebs s\u00eb mitr\u00ebs me CIN 2 ndryshime. Procedura p\u00ebrfshin p\u00ebrdorimin e nj\u00eb laku t\u00eb holl\u00eb teli t\u00eb ngrohur me rrym\u00eb elektrike p\u00ebr t\u00eb hequr indin e prekur. LLETZ kryhet shpesh si nj\u00eb procedur\u00eb diagnostike dhe terapeutike p\u00ebr grat\u00eb q\u00eb kan\u00eb ndryshime jonormale t\u00eb qelizave t\u00eb qaf\u00ebs...","og_url":"https:\/\/organdziski.com\/lletz\/","og_site_name":"\u041f\u0417\u0423 \u0414-\u0440 \u041e\u0440\u0433\u0430\u043d\u045f\u0438\u0441\u043a\u0438","article_publisher":"https:\/\/www.facebook.com\/Dr.Organdziski","article_modified_time":"2024-06-25T11:14:56+00:00","og_image":[{"url":"https:\/\/organdziski.com\/wp-content\/uploads\/2024\/05\/LLETZ.jpeg","type":"","width":"","height":""}],"twitter_card":"summary_large_image","twitter_misc":{"Est. reading time":"2 minutes"},"schema":{"@context":"https:\/\/schema.org","@graph":[{"@type":"WebPage","@id":"https:\/\/organdziski.com\/lletz\/","url":"https:\/\/organdziski.com\/lletz\/","name":"LLETZ - \u041f\u0417\u0423 \u0414-\u0440 \u041e\u0440\u0433\u0430\u043d\u045f\u0438\u0441\u043a\u0438","isPartOf":{"@id":"https:\/\/organdziski.com\/#website"},"primaryImageOfPage":{"@id":"https:\/\/organdziski.com\/lletz\/#primaryimage"},"image":{"@id":"https:\/\/organdziski.com\/lletz\/#primaryimage"},"thumbnailUrl":"https:\/\/organdziski.com\/wp-content\/uploads\/2024\/05\/LLETZ.jpeg","datePublished":"2024-05-08T10:11:07+00:00","dateModified":"2024-06-25T11:14:56+00:00","breadcrumb":{"@id":"https:\/\/organdziski.com\/lletz\/#breadcrumb"},"inLanguage":"sq-AL","potentialAction":[{"@type":"ReadAction","target":["https:\/\/organdziski.com\/lletz\/"]}]},{"@type":"ImageObject","inLanguage":"sq-AL","@id":"https:\/\/organdziski.com\/lletz\/#primaryimage","url":"https:\/\/organdziski.com\/wp-content\/uploads\/2024\/05\/LLETZ.jpeg","contentUrl":"https:\/\/organdziski.com\/wp-content\/uploads\/2024\/05\/LLETZ.jpeg"},{"@type":"BreadcrumbList","@id":"https:\/\/organdziski.com\/lletz\/#breadcrumb","itemListElement":[{"@type":"ListItem","position":1,"name":"Home","item":"https:\/\/organdziski.com\/"},{"@type":"ListItem","position":2,"name":"LLETZ"}]},{"@type":"WebSite","@id":"https:\/\/organdziski.com\/#website","url":"https:\/\/organdziski.com\/","name":"\u041f\u0417\u0423 \u0414-\u0440 \u041e\u0440\u0433\u0430\u043d\u045f\u0438\u0441\u043a\u0438","description":"\u0421\u043f\u0435\u0446\u0438\u0458\u0430\u043b\u0438\u0437\u0438\u0440\u0430\u043d\u0430 \u0431\u043e\u043b\u043d\u0438\u0446\u0430 \u043f\u043e \u0433\u0438\u043d\u0435\u043a\u043e\u043b\u043e\u0433\u0438\u0458\u0430 \u0438 \u0430\u043a\u0443\u0448\u0435\u0440\u0441\u0442\u0432\u043e","publisher":{"@id":"https:\/\/organdziski.com\/#organization"},"potentialAction":[{"@type":"SearchAction","target":{"@type":"EntryPoint","urlTemplate":"https:\/\/organdziski.com\/?s={search_term_string}"},"query-input":{"@type":"PropertyValueSpecification","valueRequired":true,"valueName":"search_term_string"}}],"inLanguage":"sq-AL"},{"@type":"Organization","@id":"https:\/\/organdziski.com\/#organization","name":"\u041f\u0417\u0423 \u0414-\u0440 \u041e\u0440\u0433\u0430\u043d\u045f\u0438\u0441\u043a\u0438","url":"https:\/\/organdziski.com\/","logo":{"@type":"ImageObject","inLanguage":"sq-AL","@id":"https:\/\/organdziski.com\/#\/schema\/logo\/image\/","url":"https:\/\/organdziski.com\/wp-content\/uploads\/2024\/04\/organdziski.svg","contentUrl":"https:\/\/organdziski.com\/wp-content\/uploads\/2024\/04\/organdziski.svg","width":341,"height":63,"caption":"\u041f\u0417\u0423 \u0414-\u0440 \u041e\u0440\u0433\u0430\u043d\u045f\u0438\u0441\u043a\u0438"},"image":{"@id":"https:\/\/organdziski.com\/#\/schema\/logo\/image\/"},"sameAs":["https:\/\/www.facebook.com\/Dr.Organdziski","https:\/\/www.instagram.com\/bolnicadrorgandziski\/","https:\/\/www.youtube.com\/channel\/UCVzAHTjH-QvDcCGm19znLyA"]}]}},"_links":{"self":[{"href":"https:\/\/organdziski.com\/sq\/wp-json\/wp\/v2\/pages\/16527","targetHints":{"allow":["GET"]}}],"collection":[{"href":"https:\/\/organdziski.com\/sq\/wp-json\/wp\/v2\/pages"}],"about":[{"href":"https:\/\/organdziski.com\/sq\/wp-json\/wp\/v2\/types\/page"}],"author":[{"embeddable":true,"href":"https:\/\/organdziski.com\/sq\/wp-json\/wp\/v2\/users\/1"}],"replies":[{"embeddable":true,"href":"https:\/\/organdziski.com\/sq\/wp-json\/wp\/v2\/comments?post=16527"}],"version-history":[{"count":3,"href":"https:\/\/organdziski.com\/sq\/wp-json\/wp\/v2\/pages\/16527\/revisions"}],"predecessor-version":[{"id":16530,"href":"https:\/\/organdziski.com\/sq\/wp-json\/wp\/v2\/pages\/16527\/revisions\/16530"}],"wp:attachment":[{"href":"https:\/\/organdziski.com\/sq\/wp-json\/wp\/v2\/media?parent=16527"}],"curies":[{"name":"wp","href":"https:\/\/api.w.org\/{rel}","templated":true}]}}