{"id":16559,"date":"2024-05-08T10:14:53","date_gmt":"2024-05-08T10:14:53","guid":{"rendered":"https:\/\/organdziski.com\/?page_id=16559"},"modified":"2024-06-25T11:28:18","modified_gmt":"2024-06-25T11:28:18","slug":"histeroskopia-diagnostike","status":"publish","type":"page","link":"https:\/\/organdziski.com\/sq\/histeroskopia-diagnostike\/","title":{"rendered":"Histeroskopia diagnostike"},"content":{"rendered":"\t\t<div data-elementor-type=\"wp-page\" data-elementor-id=\"16559\" class=\"elementor elementor-16559 elementor-8687\" data-elementor-post-type=\"page\">\n\t\t\t\t<div class=\"elementor-element elementor-element-e8fbc42 e-con-full e-flex e-con e-parent\" data-id=\"e8fbc42\" data-element_type=\"container\">\n\t\t<div class=\"elementor-element elementor-element-c307879 e-con-full e-flex e-con e-child\" data-id=\"c307879\" data-element_type=\"container\">\n\t\t\t\t<div class=\"elementor-element elementor-element-7019feb elementor-widget elementor-widget-heading\" data-id=\"7019feb\" data-element_type=\"widget\" data-widget_type=\"heading.default\">\n\t\t\t\t<div class=\"elementor-widget-container\">\n\t\t\t<h2 class=\"elementor-heading-title elementor-size-default\">Histeroskopia diagnostike<\/h2>\t\t<\/div>\n\t\t\t\t<\/div>\n\t\t\t\t<div class=\"elementor-element elementor-element-88ff045 elementor-widget elementor-widget-text-editor\" data-id=\"88ff045\" data-element_type=\"widget\" data-widget_type=\"text-editor.default\">\n\t\t\t\t<div class=\"elementor-widget-container\">\n\t\t\t\t\t\t\t<p>\u00cbsht\u00eb nj\u00eb procedur\u00eb minimalisht invazive q\u00eb mund t\u00eb kryhet me anestezi lokale ose t\u00eb p\u00ebrgjithshme. Procedura \u00ebsht\u00eb e pranueshme p\u00ebr pacient\u00ebt sepse \u00ebsht\u00eb e shkurt\u00ebr dhe s\u00eb bashku me rikuperimin p\u00ebrfundon n\u00eb t\u00eb nj\u00ebjt\u00ebn dit\u00eb.<\/p><p>Fusha e indikacionit t\u00eb k\u00ebsaj metode \u00ebsht\u00eb shum\u00eb e gjer\u00eb, duke p\u00ebrfshir\u00eb pothuajse t\u00eb gjitha grupmoshat e gruas pasi ajo fillon t\u00eb jet\u00eb seksualisht aktive. Indikacionet jan\u00eb nga gjakderdhjet m\u00eb t\u00eb zakonshme q\u00eb jan\u00eb t\u00eb \u00e7rregullta deri tek ndryshimet q\u00eb v\u00ebrehen me ultratinguj n\u00eb zgavr\u00ebn e mitr\u00ebs e deri tek infertiliteti, n\u00eb t\u00eb cilin pavar\u00ebsisht nga t\u00eb gjith\u00eb element\u00ebt e ekzaminuar q\u00eb e prekin, ekziston ende kjo procedur\u00eb me ose pa laparoskopi. P\u00ebr m\u00eb tep\u00ebr, p\u00ebrdoret p\u00ebr kontracepsion, p\u00ebr sterilizim si dhe p\u00ebr heqjen e spiraleve t\u00eb instaluara ose pjes\u00ebve t\u00eb tyre t\u00eb mbetura. Duke qen\u00eb se procedura \u00ebsht\u00eb vaginale dhe kryhet n\u00eb nivel lokal, \u00ebsht\u00eb e realizueshme deri n\u00eb nj\u00eb mosh\u00eb t\u00eb von\u00eb, pra p\u00ebr sa koh\u00eb q\u00eb ka indikacione.<\/p><p>Histeroskopia diagnostike dhe operative mund t\u00eb kryhet n\u00eb t\u00eb nj\u00ebjt\u00ebn koh\u00eb. Metoda diagnostike \u00ebsht\u00eb v\u00ebzhgimi i zgavr\u00ebs s\u00eb mitr\u00ebs. Zakonisht kryhet n\u00ebn anestezi lokale. B\u00ebhet n\u00eb rastin kur diagnoza e sakt\u00eb nuk mund t\u00eb p\u00ebrcaktohet me siguri p\u00ebrmes metodave t\u00eb tjera fizike si ekzaminimi me ultratinguj dhe histerosalpingografia, t\u00eb cilat kan\u00eb mang\u00ebsit\u00eb e veta. Histeroskopia ofron nj\u00eb pasqyr\u00eb reale kudo q\u00eb ka dyshime se k\u00ebto metoda mund t\u00eb mos ken\u00eb zbuluar elemente nd\u00ebrsa pasqyra tregon nj\u00eb problem (lokal, anatomik). Histeroskopia operative kryhet n\u00ebn anestezi t\u00eb p\u00ebrgjithshme p\u00ebr t\u00eb trajtuar d\u00ebmtimet brenda mitr\u00ebs. Mund t\u00eb p\u00ebrdoret p\u00ebr t\u00eb trajtuar ose hequr polipet, ndarjet, septet n\u00eb mit\u00ebr, trashjen e endometriumit ose p\u00ebr t\u00eb v\u00ebrtetuar se nj\u00eb gj\u00eb e till\u00eb nuk ekziston.<\/p><p>Kryerja e k\u00ebsaj metode nuk k\u00ebrkon p\u00ebrgatitje t\u00eb ve\u00e7ant\u00eb paraprake. Pacienti mund t\u00eb ket\u00eb nj\u00eb preparat hormonal t\u00eb m\u00ebparsh\u00ebm (kontraceptiv\u00eb oral\u00eb) ose mund t\u00eb b\u00ebhet me dit\u00ebt e fundit t\u00eb ciklit menstrual ose pas p\u00ebrfundimit t\u00eb tij, kur vizualizimi i zgavr\u00ebs s\u00eb mitr\u00ebs \u00ebsht\u00eb pothuajse ideal. \u00cbsht\u00eb e nevojshme q\u00eb pacienti t\u00eb mos ket\u00eb konsumuar ushqim dhe l\u00ebngje p\u00ebr t\u00eb pakt\u00ebn 4 deri n\u00eb 6 or\u00eb para kryerjes s\u00eb procedur\u00ebs dhe t\u00eb mos ket\u00eb kund\u00ebrindikacione anestezike, t\u00eb cilat jan\u00eb shum\u00eb t\u00eb rralla.<\/p><p>P\u00ebr t\u00eb kryer metod\u00ebn p\u00ebrdoret nj\u00eb instrument optik me trash\u00ebsi 3.5 milimetra, i cili futet n\u00eb mit\u00ebr n\u00ebp\u00ebrmjet qaf\u00ebs s\u00eb mitr\u00ebs. Nj\u00eb zgjidhje ose nj\u00eb l\u00ebng i ve\u00e7ant\u00eb p\u00ebrdoret gjithashtu p\u00ebr t\u00eb shp\u00ebrndar\u00eb mitr\u00ebn dhe p\u00ebr t\u00eb dh\u00ebn\u00eb nj\u00eb vizualizim t\u00eb plot\u00eb t\u00eb t\u00eb gjith\u00eb hap\u00ebsir\u00ebs. E gjith\u00eb procedura zgjat rreth 30 minuta dhe pas zgjimit, pacientja q\u00ebndron n\u00ebn mbikqyrje t\u00eb shkurt\u00ebr, pas s\u00eb cil\u00ebs ajo \u00ebsht\u00eb e lir\u00eb t\u00eb largohet.<\/p>\t\t\t\t\t\t<\/div>\n\t\t\t\t<\/div>\n\t\t\t\t<\/div>\n\t\t<div class=\"elementor-element elementor-element-cd090d7 e-con-full e-flex e-con e-child\" data-id=\"cd090d7\" data-element_type=\"container\">\n\t\t\t\t<div class=\"elementor-element elementor-element-37a853f elementor-widget__width-inherit elementor-widget elementor-widget-image\" data-id=\"37a853f\" data-element_type=\"widget\" data-widget_type=\"image.default\">\n\t\t\t\t<div class=\"elementor-widget-container\">\n\t\t\t\t\t\t\t\t\t\t\t\t\t<img fetchpriority=\"high\" decoding=\"async\" width=\"650\" height=\"450\" src=\"https:\/\/organdziski.com\/wp-content\/uploads\/2024\/05\/dijagnosticka-histeroskopija.jpg\" class=\"attachment-full size-full wp-image-11854\" alt=\"\" srcset=\"https:\/\/organdziski.com\/wp-content\/uploads\/2024\/05\/dijagnosticka-histeroskopija.jpg 650w, https:\/\/organdziski.com\/wp-content\/uploads\/2024\/05\/dijagnosticka-histeroskopija-300x208.jpg 300w, https:\/\/organdziski.com\/wp-content\/uploads\/2024\/05\/dijagnosticka-histeroskopija-600x415.jpg 600w\" sizes=\"(max-width: 650px) 100vw, 650px\" \/>\t\t\t\t\t\t\t\t\t\t\t\t\t<\/div>\n\t\t\t\t<\/div>\n\t\t\t\t<div class=\"elementor-element elementor-element-950f2ed elementor-widget elementor-widget-wpforms\" data-id=\"950f2ed\" data-element_type=\"widget\" data-widget_type=\"wpforms.default\">\n\t\t\t\t<div class=\"elementor-widget-container\">\n\t\t\t<div class=\"wpforms-container wpforms-container-full wpforms-render-modern\" id=\"wpforms-16361\"><form id=\"wpforms-form-16361\" class=\"wpforms-validate wpforms-form wpforms-ajax-form\" data-formid=\"16361\" method=\"post\" enctype=\"multipart\/form-data\" action=\"\/sq\/wp-json\/wp\/v2\/pages\/16559\" data-token=\"096b8d637536f509730e0f4ad87cbcb1\" data-token-time=\"1776946237\"><noscript class=\"wpforms-error-noscript\">Please enable JavaScript in your browser to complete this form.<\/noscript><div id=\"wpforms-error-noscript\" style=\"display: none;\">Please enable JavaScript in your browser to complete this form.<\/div><div class=\"wpforms-field-container\"><div id=\"wpforms-16361-field_2-container\" class=\"wpforms-field wpforms-field-text\" data-field-id=\"2\"><label class=\"wpforms-field-label\" for=\"wpforms-16361-field_2\">Emri juaj<\/label><input type=\"text\" id=\"wpforms-16361-field_2\" class=\"wpforms-field-medium\" name=\"wpforms[fields][2]\" aria-errormessage=\"wpforms-16361-field_2-error\" ><\/div><div id=\"wpforms-16361-field_3-container\" class=\"wpforms-field wpforms-field-text\" data-field-id=\"3\"><label class=\"wpforms-field-label\" for=\"wpforms-16361-field_3\">Email <\/label><input type=\"text\" id=\"wpforms-16361-field_3\" class=\"wpforms-field-medium\" name=\"wpforms[fields][3]\" aria-errormessage=\"wpforms-16361-field_3-error\" ><\/div><div id=\"wpforms-16361-field_4-container\" class=\"wpforms-field wpforms-field-textarea\" data-field-id=\"4\"><label class=\"wpforms-field-label\" for=\"wpforms-16361-field_4\">Pyetja juaj?<\/label><textarea id=\"wpforms-16361-field_4\" class=\"wpforms-field-large\" name=\"wpforms[fields][4]\" aria-errormessage=\"wpforms-16361-field_4-error\" ><\/textarea><\/div><\/div><!-- .wpforms-field-container --><div class=\"wpforms-submit-container\" ><input type=\"hidden\" name=\"wpforms[id]\" value=\"16361\"><input type=\"hidden\" name=\"page_title\" value=\"\"><input type=\"hidden\" name=\"page_url\" value=\"https:\/\/organdziski.com\/sq\/wp-json\/wp\/v2\/pages\/16559\"><input type=\"hidden\" name=\"url_referer\" value=\"\"><button type=\"submit\" name=\"wpforms[submit]\" id=\"wpforms-submit-16361\" class=\"wpforms-submit\" data-alt-text=\"Sending...\" data-submit-text=\"D\u00ebrgoni\" aria-live=\"assertive\" value=\"wpforms-submit\">D\u00ebrgoni<\/button><img decoding=\"async\" src=\"https:\/\/organdziski.com\/wp-content\/plugins\/wpforms-lite\/assets\/images\/submit-spin.svg\" class=\"wpforms-submit-spinner\" style=\"display: none;\" width=\"26\" height=\"26\" alt=\"Loading\"><\/div><\/form><\/div>  <!-- .wpforms-container -->\t\t<\/div>\n\t\t\t\t<\/div>\n\t\t\t\t<\/div>\n\t\t\t\t<\/div>\n\t\t\t\t<\/div>\n\t\t","protected":false},"excerpt":{"rendered":"<p>Histeroskopia diagnostike \u00cbsht\u00eb nj\u00eb procedur\u00eb minimalisht invazive q\u00eb mund t\u00eb kryhet me anestezi lokale ose t\u00eb p\u00ebrgjithshme. Procedura \u00ebsht\u00eb e pranueshme p\u00ebr pacient\u00ebt sepse \u00ebsht\u00eb e shkurt\u00ebr dhe s\u00eb bashku me rikuperimin p\u00ebrfundon n\u00eb t\u00eb nj\u00ebjt\u00ebn dit\u00eb. Fusha e indikacionit t\u00eb k\u00ebsaj metode \u00ebsht\u00eb shum\u00eb e gjer\u00eb, duke p\u00ebrfshir\u00eb pothuajse t\u00eb gjitha grupmoshat e gruas&#8230;<\/p>\n","protected":false},"author":1,"featured_media":0,"parent":0,"menu_order":0,"comment_status":"closed","ping_status":"closed","template":"","meta":{"footnotes":""},"class_list":["post-16559","page","type-page","status-publish","hentry"],"yoast_head":"<!-- This site is optimized with the Yoast SEO Premium plugin v22.7 (Yoast SEO v27.4) - https:\/\/yoast.com\/product\/yoast-seo-premium-wordpress\/ -->\n<title>Histeroskopia diagnostike - \u041f\u0417\u0423 \u0414-\u0440 \u041e\u0440\u0433\u0430\u043d\u045f\u0438\u0441\u043a\u0438<\/title>\n<meta name=\"robots\" content=\"index, follow, max-snippet:-1, max-image-preview:large, max-video-preview:-1\" \/>\n<link rel=\"canonical\" href=\"https:\/\/organdziski.com\/dijagnosticka-histeroskopija\/\" \/>\n<meta property=\"og:locale\" content=\"sq_AL\" \/>\n<meta property=\"og:type\" content=\"article\" \/>\n<meta property=\"og:title\" content=\"Histeroskopia diagnostike\" \/>\n<meta property=\"og:description\" content=\"Histeroskopia diagnostike \u00cbsht\u00eb nj\u00eb procedur\u00eb minimalisht invazive q\u00eb mund t\u00eb kryhet me anestezi lokale ose t\u00eb p\u00ebrgjithshme. Procedura \u00ebsht\u00eb e pranueshme p\u00ebr pacient\u00ebt sepse \u00ebsht\u00eb e shkurt\u00ebr dhe s\u00eb bashku me rikuperimin p\u00ebrfundon n\u00eb t\u00eb nj\u00ebjt\u00ebn dit\u00eb. Fusha e indikacionit t\u00eb k\u00ebsaj metode \u00ebsht\u00eb shum\u00eb e gjer\u00eb, duke p\u00ebrfshir\u00eb pothuajse t\u00eb gjitha grupmoshat e gruas...\" \/>\n<meta property=\"og:url\" content=\"https:\/\/organdziski.com\/dijagnosticka-histeroskopija\/\" \/>\n<meta property=\"og:site_name\" content=\"\u041f\u0417\u0423 \u0414-\u0440 \u041e\u0440\u0433\u0430\u043d\u045f\u0438\u0441\u043a\u0438\" \/>\n<meta property=\"article:publisher\" content=\"https:\/\/www.facebook.com\/Dr.Organdziski\" \/>\n<meta property=\"article:modified_time\" content=\"2024-06-25T11:28:18+00:00\" \/>\n<meta property=\"og:image\" content=\"https:\/\/organdziski.com\/wp-content\/uploads\/2024\/05\/dijagnosticka-histeroskopija.jpg\" \/>\n<meta name=\"twitter:card\" content=\"summary_large_image\" \/>\n<meta name=\"twitter:label1\" content=\"Est. reading time\" \/>\n\t<meta name=\"twitter:data1\" content=\"3 minutes\" \/>\n<script type=\"application\/ld+json\" class=\"yoast-schema-graph\">{\"@context\":\"https:\\\/\\\/schema.org\",\"@graph\":[{\"@type\":\"WebPage\",\"@id\":\"https:\\\/\\\/organdziski.com\\\/dijagnosticka-histeroskopija\\\/\",\"url\":\"https:\\\/\\\/organdziski.com\\\/dijagnosticka-histeroskopija\\\/\",\"name\":\"Histeroskopia diagnostike - \u041f\u0417\u0423 \u0414-\u0440 \u041e\u0440\u0433\u0430\u043d\u045f\u0438\u0441\u043a\u0438\",\"isPartOf\":{\"@id\":\"https:\\\/\\\/organdziski.com\\\/#website\"},\"primaryImageOfPage\":{\"@id\":\"https:\\\/\\\/organdziski.com\\\/dijagnosticka-histeroskopija\\\/#primaryimage\"},\"image\":{\"@id\":\"https:\\\/\\\/organdziski.com\\\/dijagnosticka-histeroskopija\\\/#primaryimage\"},\"thumbnailUrl\":\"https:\\\/\\\/organdziski.com\\\/wp-content\\\/uploads\\\/2024\\\/05\\\/dijagnosticka-histeroskopija.jpg\",\"datePublished\":\"2024-05-08T10:14:53+00:00\",\"dateModified\":\"2024-06-25T11:28:18+00:00\",\"breadcrumb\":{\"@id\":\"https:\\\/\\\/organdziski.com\\\/dijagnosticka-histeroskopija\\\/#breadcrumb\"},\"inLanguage\":\"sq-AL\",\"potentialAction\":[{\"@type\":\"ReadAction\",\"target\":[\"https:\\\/\\\/organdziski.com\\\/dijagnosticka-histeroskopija\\\/\"]}]},{\"@type\":\"ImageObject\",\"inLanguage\":\"sq-AL\",\"@id\":\"https:\\\/\\\/organdziski.com\\\/dijagnosticka-histeroskopija\\\/#primaryimage\",\"url\":\"https:\\\/\\\/organdziski.com\\\/wp-content\\\/uploads\\\/2024\\\/05\\\/dijagnosticka-histeroskopija.jpg\",\"contentUrl\":\"https:\\\/\\\/organdziski.com\\\/wp-content\\\/uploads\\\/2024\\\/05\\\/dijagnosticka-histeroskopija.jpg\"},{\"@type\":\"BreadcrumbList\",\"@id\":\"https:\\\/\\\/organdziski.com\\\/dijagnosticka-histeroskopija\\\/#breadcrumb\",\"itemListElement\":[{\"@type\":\"ListItem\",\"position\":1,\"name\":\"Home\",\"item\":\"https:\\\/\\\/organdziski.com\\\/\"},{\"@type\":\"ListItem\",\"position\":2,\"name\":\"Histeroskopia diagnostike\"}]},{\"@type\":\"WebSite\",\"@id\":\"https:\\\/\\\/organdziski.com\\\/#website\",\"url\":\"https:\\\/\\\/organdziski.com\\\/\",\"name\":\"\u041f\u0417\u0423 \u0414-\u0440 \u041e\u0440\u0433\u0430\u043d\u045f\u0438\u0441\u043a\u0438\",\"description\":\"\u0421\u043f\u0435\u0446\u0438\u0458\u0430\u043b\u0438\u0437\u0438\u0440\u0430\u043d\u0430 \u0431\u043e\u043b\u043d\u0438\u0446\u0430 \u043f\u043e \u0433\u0438\u043d\u0435\u043a\u043e\u043b\u043e\u0433\u0438\u0458\u0430 \u0438 \u0430\u043a\u0443\u0448\u0435\u0440\u0441\u0442\u0432\u043e\",\"publisher\":{\"@id\":\"https:\\\/\\\/organdziski.com\\\/#organization\"},\"potentialAction\":[{\"@type\":\"SearchAction\",\"target\":{\"@type\":\"EntryPoint\",\"urlTemplate\":\"https:\\\/\\\/organdziski.com\\\/?s={search_term_string}\"},\"query-input\":{\"@type\":\"PropertyValueSpecification\",\"valueRequired\":true,\"valueName\":\"search_term_string\"}}],\"inLanguage\":\"sq-AL\"},{\"@type\":\"Organization\",\"@id\":\"https:\\\/\\\/organdziski.com\\\/#organization\",\"name\":\"\u041f\u0417\u0423 \u0414-\u0440 \u041e\u0440\u0433\u0430\u043d\u045f\u0438\u0441\u043a\u0438\",\"url\":\"https:\\\/\\\/organdziski.com\\\/\",\"logo\":{\"@type\":\"ImageObject\",\"inLanguage\":\"sq-AL\",\"@id\":\"https:\\\/\\\/organdziski.com\\\/#\\\/schema\\\/logo\\\/image\\\/\",\"url\":\"https:\\\/\\\/organdziski.com\\\/wp-content\\\/uploads\\\/2024\\\/04\\\/organdziski.svg\",\"contentUrl\":\"https:\\\/\\\/organdziski.com\\\/wp-content\\\/uploads\\\/2024\\\/04\\\/organdziski.svg\",\"width\":341,\"height\":63,\"caption\":\"\u041f\u0417\u0423 \u0414-\u0440 \u041e\u0440\u0433\u0430\u043d\u045f\u0438\u0441\u043a\u0438\"},\"image\":{\"@id\":\"https:\\\/\\\/organdziski.com\\\/#\\\/schema\\\/logo\\\/image\\\/\"},\"sameAs\":[\"https:\\\/\\\/www.facebook.com\\\/Dr.Organdziski\",\"https:\\\/\\\/www.instagram.com\\\/bolnicadrorgandziski\\\/\",\"https:\\\/\\\/www.youtube.com\\\/channel\\\/UCVzAHTjH-QvDcCGm19znLyA\"]}]}<\/script>\n<!-- \/ Yoast SEO Premium plugin. -->","yoast_head_json":{"title":"Histeroskopia diagnostike - \u041f\u0417\u0423 \u0414-\u0440 \u041e\u0440\u0433\u0430\u043d\u045f\u0438\u0441\u043a\u0438","robots":{"index":"index","follow":"follow","max-snippet":"max-snippet:-1","max-image-preview":"max-image-preview:large","max-video-preview":"max-video-preview:-1"},"canonical":"https:\/\/organdziski.com\/dijagnosticka-histeroskopija\/","og_locale":"sq_AL","og_type":"article","og_title":"Histeroskopia diagnostike","og_description":"Histeroskopia diagnostike \u00cbsht\u00eb nj\u00eb procedur\u00eb minimalisht invazive q\u00eb mund t\u00eb kryhet me anestezi lokale ose t\u00eb p\u00ebrgjithshme. Procedura \u00ebsht\u00eb e pranueshme p\u00ebr pacient\u00ebt sepse \u00ebsht\u00eb e shkurt\u00ebr dhe s\u00eb bashku me rikuperimin p\u00ebrfundon n\u00eb t\u00eb nj\u00ebjt\u00ebn dit\u00eb. Fusha e indikacionit t\u00eb k\u00ebsaj metode \u00ebsht\u00eb shum\u00eb e gjer\u00eb, duke p\u00ebrfshir\u00eb pothuajse t\u00eb gjitha grupmoshat e gruas...","og_url":"https:\/\/organdziski.com\/dijagnosticka-histeroskopija\/","og_site_name":"\u041f\u0417\u0423 \u0414-\u0440 \u041e\u0440\u0433\u0430\u043d\u045f\u0438\u0441\u043a\u0438","article_publisher":"https:\/\/www.facebook.com\/Dr.Organdziski","article_modified_time":"2024-06-25T11:28:18+00:00","og_image":[{"url":"https:\/\/organdziski.com\/wp-content\/uploads\/2024\/05\/dijagnosticka-histeroskopija.jpg","type":"","width":"","height":""}],"twitter_card":"summary_large_image","twitter_misc":{"Est. reading time":"3 minutes"},"schema":{"@context":"https:\/\/schema.org","@graph":[{"@type":"WebPage","@id":"https:\/\/organdziski.com\/dijagnosticka-histeroskopija\/","url":"https:\/\/organdziski.com\/dijagnosticka-histeroskopija\/","name":"Histeroskopia diagnostike - \u041f\u0417\u0423 \u0414-\u0440 \u041e\u0440\u0433\u0430\u043d\u045f\u0438\u0441\u043a\u0438","isPartOf":{"@id":"https:\/\/organdziski.com\/#website"},"primaryImageOfPage":{"@id":"https:\/\/organdziski.com\/dijagnosticka-histeroskopija\/#primaryimage"},"image":{"@id":"https:\/\/organdziski.com\/dijagnosticka-histeroskopija\/#primaryimage"},"thumbnailUrl":"https:\/\/organdziski.com\/wp-content\/uploads\/2024\/05\/dijagnosticka-histeroskopija.jpg","datePublished":"2024-05-08T10:14:53+00:00","dateModified":"2024-06-25T11:28:18+00:00","breadcrumb":{"@id":"https:\/\/organdziski.com\/dijagnosticka-histeroskopija\/#breadcrumb"},"inLanguage":"sq-AL","potentialAction":[{"@type":"ReadAction","target":["https:\/\/organdziski.com\/dijagnosticka-histeroskopija\/"]}]},{"@type":"ImageObject","inLanguage":"sq-AL","@id":"https:\/\/organdziski.com\/dijagnosticka-histeroskopija\/#primaryimage","url":"https:\/\/organdziski.com\/wp-content\/uploads\/2024\/05\/dijagnosticka-histeroskopija.jpg","contentUrl":"https:\/\/organdziski.com\/wp-content\/uploads\/2024\/05\/dijagnosticka-histeroskopija.jpg"},{"@type":"BreadcrumbList","@id":"https:\/\/organdziski.com\/dijagnosticka-histeroskopija\/#breadcrumb","itemListElement":[{"@type":"ListItem","position":1,"name":"Home","item":"https:\/\/organdziski.com\/"},{"@type":"ListItem","position":2,"name":"Histeroskopia diagnostike"}]},{"@type":"WebSite","@id":"https:\/\/organdziski.com\/#website","url":"https:\/\/organdziski.com\/","name":"\u041f\u0417\u0423 \u0414-\u0440 \u041e\u0440\u0433\u0430\u043d\u045f\u0438\u0441\u043a\u0438","description":"\u0421\u043f\u0435\u0446\u0438\u0458\u0430\u043b\u0438\u0437\u0438\u0440\u0430\u043d\u0430 \u0431\u043e\u043b\u043d\u0438\u0446\u0430 \u043f\u043e \u0433\u0438\u043d\u0435\u043a\u043e\u043b\u043e\u0433\u0438\u0458\u0430 \u0438 \u0430\u043a\u0443\u0448\u0435\u0440\u0441\u0442\u0432\u043e","publisher":{"@id":"https:\/\/organdziski.com\/#organization"},"potentialAction":[{"@type":"SearchAction","target":{"@type":"EntryPoint","urlTemplate":"https:\/\/organdziski.com\/?s={search_term_string}"},"query-input":{"@type":"PropertyValueSpecification","valueRequired":true,"valueName":"search_term_string"}}],"inLanguage":"sq-AL"},{"@type":"Organization","@id":"https:\/\/organdziski.com\/#organization","name":"\u041f\u0417\u0423 \u0414-\u0440 \u041e\u0440\u0433\u0430\u043d\u045f\u0438\u0441\u043a\u0438","url":"https:\/\/organdziski.com\/","logo":{"@type":"ImageObject","inLanguage":"sq-AL","@id":"https:\/\/organdziski.com\/#\/schema\/logo\/image\/","url":"https:\/\/organdziski.com\/wp-content\/uploads\/2024\/04\/organdziski.svg","contentUrl":"https:\/\/organdziski.com\/wp-content\/uploads\/2024\/04\/organdziski.svg","width":341,"height":63,"caption":"\u041f\u0417\u0423 \u0414-\u0440 \u041e\u0440\u0433\u0430\u043d\u045f\u0438\u0441\u043a\u0438"},"image":{"@id":"https:\/\/organdziski.com\/#\/schema\/logo\/image\/"},"sameAs":["https:\/\/www.facebook.com\/Dr.Organdziski","https:\/\/www.instagram.com\/bolnicadrorgandziski\/","https:\/\/www.youtube.com\/channel\/UCVzAHTjH-QvDcCGm19znLyA"]}]}},"_links":{"self":[{"href":"https:\/\/organdziski.com\/sq\/wp-json\/wp\/v2\/pages\/16559","targetHints":{"allow":["GET"]}}],"collection":[{"href":"https:\/\/organdziski.com\/sq\/wp-json\/wp\/v2\/pages"}],"about":[{"href":"https:\/\/organdziski.com\/sq\/wp-json\/wp\/v2\/types\/page"}],"author":[{"embeddable":true,"href":"https:\/\/organdziski.com\/sq\/wp-json\/wp\/v2\/users\/1"}],"replies":[{"embeddable":true,"href":"https:\/\/organdziski.com\/sq\/wp-json\/wp\/v2\/comments?post=16559"}],"version-history":[{"count":3,"href":"https:\/\/organdziski.com\/sq\/wp-json\/wp\/v2\/pages\/16559\/revisions"}],"predecessor-version":[{"id":16562,"href":"https:\/\/organdziski.com\/sq\/wp-json\/wp\/v2\/pages\/16559\/revisions\/16562"}],"wp:attachment":[{"href":"https:\/\/organdziski.com\/sq\/wp-json\/wp\/v2\/media?parent=16559"}],"curies":[{"name":"wp","href":"https:\/\/api.w.org\/{rel}","templated":true}]}}