{"id":16574,"date":"2024-05-21T13:24:13","date_gmt":"2024-05-21T13:24:13","guid":{"rendered":"https:\/\/organdziski.com\/?page_id=16574"},"modified":"2024-06-25T11:34:25","modified_gmt":"2024-06-25T11:34:25","slug":"mamografia-me-ultratinguj","status":"publish","type":"page","link":"https:\/\/organdziski.com\/sq\/mamografia-me-ultratinguj\/","title":{"rendered":"Mamografia me ultratinguj"},"content":{"rendered":"\t\t<div data-elementor-type=\"wp-page\" data-elementor-id=\"16574\" class=\"elementor elementor-16574 elementor-12103\" data-elementor-post-type=\"page\">\n\t\t\t\t<div class=\"elementor-element elementor-element-2197011 e-con-full e-flex e-con e-parent\" data-id=\"2197011\" data-element_type=\"container\">\n\t\t<div class=\"elementor-element elementor-element-6692e82 e-con-full e-flex e-con e-child\" data-id=\"6692e82\" data-element_type=\"container\">\n\t\t\t\t<div class=\"elementor-element elementor-element-c29d070 elementor-widget elementor-widget-heading\" data-id=\"c29d070\" data-element_type=\"widget\" data-widget_type=\"heading.default\">\n\t\t\t\t<div class=\"elementor-widget-container\">\n\t\t\t<h2 class=\"elementor-heading-title elementor-size-default\">Mamografia me ultratinguj<\/h2>\t\t<\/div>\n\t\t\t\t<\/div>\n\t\t\t\t<div class=\"elementor-element elementor-element-6f15199 elementor-widget elementor-widget-text-editor\" data-id=\"6f15199\" data-element_type=\"widget\" data-widget_type=\"text-editor.default\">\n\t\t\t\t<div class=\"elementor-widget-container\">\n\t\t\t\t\t\t\t<p>Sh\u00ebndeti i gjirit tuaj \u00ebsht\u00eb i r\u00ebnd\u00ebsish\u00ebm dhe zbulimi i hersh\u00ebm \u00ebsht\u00eb \u00e7el\u00ebsi p\u00ebr nj\u00eb t\u00eb ardhme m\u00eb t\u00eb sh\u00ebndetshme. Spitali Dr. Organxhiski ofron sh\u00ebrbime t\u00eb avancuara t\u00eb ekos s\u00eb gjirit!<\/p><p>Pavar\u00ebsisht n\u00ebse keni nevoj\u00eb p\u00ebr nj\u00eb ekzaminim rutin\u00eb ose keni shqet\u00ebsime p\u00ebr sh\u00ebndetin e gjoksit tuaj, teknologjia jon\u00eb e avancuar dhe stafi yn\u00eb i p\u00ebrsosur jan\u00eb k\u00ebtu! Ne jemi t\u00eb p\u00ebrkushtuar t&#8217;ju ofrojm\u00eb kujdes dhe komoditet t\u00eb cil\u00ebsis\u00eb s\u00eb lart\u00eb.<\/p><p>Pse t\u00eb na zgjidhni ne p\u00ebr ekzaminimin tuaj \u2013 EKO e gjirit?<\/p><ul><li>Teknologji bashk\u00ebkohore;<\/li><li>staf me p\u00ebrvoj\u00eb;<\/li><li>rezultate t\u00eb sakta.<\/li><\/ul><p>Mos prisni! Caktoni terminin tuaj p\u00ebr EKO t\u00eb gjirit me ne dhe nisni nj\u00eb udh\u00ebtim drejt nj\u00eb t\u00eb ardhmeje m\u00eb t\u00eb sh\u00ebndetshme! Kanceri i gjirit \u00ebsht\u00eb nj\u00eb s\u00ebmundje malinje tek grat\u00eb. Rreziku i shfaqjes s\u00eb k\u00ebtij kanceri \u00ebsht\u00eb m\u00eb i lart\u00eb tek grat\u00eb tek t\u00eb cilat ekziston mund\u00ebsia q\u00eb s\u00ebmundja t\u00eb jet\u00eb e trash\u00ebgueshme (n\u00ebse ka ndodhur m\u00eb par\u00eb tek n\u00ebna e saj ose tek nj\u00eb an\u00ebtar i ngusht\u00eb i familjes n\u00eb linj\u00ebn e n\u00ebn\u00ebs).<\/p><p>P\u00ebr t\u00eb zbuluar \u00e7do ndryshim te gjiri, fillimisht duhet t\u00eb dihet se \u00e7far\u00eb \u00ebsht\u00eb normale p\u00ebr gjirin p\u00ebr sa i p\u00ebrket pamjes dhe konsistenc\u00ebs. N\u00eb k\u00ebt\u00eb rast, n\u00ebse kemi shfaqjen e ndonj\u00eb anomalie dhe ndryshim n\u00eb pamjen, struktur\u00ebn, konsistenc\u00ebn, simetrin\u00eb e gjirit, e gjith\u00eb kjo mund t\u00eb vihet re dhe t\u00eb perceptohet leht\u00ebsisht. N\u00ebse v\u00ebreni ndryshime, duhet menj\u00ebher\u00eb t\u00eb konsultoheni me mjekun, n\u00eb koh\u00ebn m\u00eb t\u00eb shkurt\u00ebr t\u00eb mundshme, pa vones\u00eb, me shpres\u00eb se ndryshimi do t\u00eb largohet vet\u00eb.<\/p><p>Grat\u00eb ve\u00e7an\u00ebrisht duhet t&#8217;i kushtojn\u00eb v\u00ebmendje:<\/p><ul><li>Shfaqjes s\u00eb nyjeve, masave t\u00eb forta n\u00eb gji \u2013 nyjet n\u00eb gji jan\u00eb zakonisht pa dhimbje,<\/li><li>\u00ebnjtje n\u00ebn sqetull<\/li><li>gung\u00eb ose dh\u00ebmbje e dukshme n\u00eb gji, e cila mund t\u00eb tregoj\u00eb nj\u00eb tumor q\u00eb nuk mund t\u00eb shihet ose ndjehet<\/li><li>\u00e7do ndryshim i l\u00ebkur\u00ebs s\u00eb gjirit n\u00eb konturin, p\u00ebrb\u00ebrjen ose temperatur\u00ebn e gjirit, nj\u00eb zon\u00eb e ngritur e kuq\u00ebrremt\u00eb si nj\u00eb l\u00ebvozhg\u00eb portokalli<\/li><li>ndryshim n\u00eb thithk\u00ebn e gjirit, i ngjash\u00ebm me nj\u00eb pamje t\u00eb prer\u00eb ose t\u00eb g\u00ebrvishtur, kruajtje dhe djegie, ose qelb ose l\u00ebvorim i thithk\u00ebs<\/li><li>Rrjedhje t\u00eb pazakonta nga thithka q\u00eb mund t\u00eb jen\u00eb t\u00eb dukshme, t\u00eb p\u00ebrgjakshme ose nj\u00eb ngjyr\u00eb tjet\u00ebr q\u00eb zakonisht shkaktohet nga \u00e7rregullime t\u00eb zakonshme, gjithashtu mund t\u00eb jet\u00eb rezultat i kancerit.<\/li><\/ul><p>\u00a0Vet\u00ebkontrolli i rregullt dhe ekzaminimet e rregullta me ultratinguj reduktojn\u00eb ndjesh\u00ebm vdekshm\u00ebrin\u00eb nga kanceri i gjirit.<\/p>\t\t\t\t\t\t<\/div>\n\t\t\t\t<\/div>\n\t\t\t\t<\/div>\n\t\t<div class=\"elementor-element elementor-element-9d319f6 e-con-full e-flex e-con e-child\" data-id=\"9d319f6\" data-element_type=\"container\">\n\t\t\t\t<div class=\"elementor-element elementor-element-747de24 elementor-widget__width-inherit elementor-widget elementor-widget-image\" data-id=\"747de24\" data-element_type=\"widget\" data-widget_type=\"image.default\">\n\t\t\t\t<div class=\"elementor-widget-container\">\n\t\t\t\t\t\t\t\t\t\t\t\t\t<img fetchpriority=\"high\" decoding=\"async\" width=\"799\" height=\"533\" src=\"https:\/\/organdziski.com\/wp-content\/uploads\/2024\/05\/\u0423\u043b\u0442\u0440\u0430\u0437\u0432\u0443\u0447\u043d\u0430-\u043c\u0430\u043c\u043e\u0433\u0440\u0430\u0444\u0438\u0458\u0430.jpg\" class=\"attachment-full size-full wp-image-12112\" alt=\"\" srcset=\"https:\/\/organdziski.com\/wp-content\/uploads\/2024\/05\/\u0423\u043b\u0442\u0440\u0430\u0437\u0432\u0443\u0447\u043d\u0430-\u043c\u0430\u043c\u043e\u0433\u0440\u0430\u0444\u0438\u0458\u0430.jpg 799w, https:\/\/organdziski.com\/wp-content\/uploads\/2024\/05\/\u0423\u043b\u0442\u0440\u0430\u0437\u0432\u0443\u0447\u043d\u0430-\u043c\u0430\u043c\u043e\u0433\u0440\u0430\u0444\u0438\u0458\u0430-300x200.jpg 300w, https:\/\/organdziski.com\/wp-content\/uploads\/2024\/05\/\u0423\u043b\u0442\u0440\u0430\u0437\u0432\u0443\u0447\u043d\u0430-\u043c\u0430\u043c\u043e\u0433\u0440\u0430\u0444\u0438\u0458\u0430-768x512.jpg 768w, https:\/\/organdziski.com\/wp-content\/uploads\/2024\/05\/\u0423\u043b\u0442\u0440\u0430\u0437\u0432\u0443\u0447\u043d\u0430-\u043c\u0430\u043c\u043e\u0433\u0440\u0430\u0444\u0438\u0458\u0430-600x400.jpg 600w\" sizes=\"(max-width: 799px) 100vw, 799px\" \/>\t\t\t\t\t\t\t\t\t\t\t\t\t<\/div>\n\t\t\t\t<\/div>\n\t\t\t\t<div class=\"elementor-element elementor-element-14312df elementor-widget elementor-widget-wpforms\" data-id=\"14312df\" data-element_type=\"widget\" data-widget_type=\"wpforms.default\">\n\t\t\t\t<div class=\"elementor-widget-container\">\n\t\t\t<div class=\"wpforms-container wpforms-container-full wpforms-render-modern\" id=\"wpforms-16361\"><form id=\"wpforms-form-16361\" class=\"wpforms-validate wpforms-form wpforms-ajax-form\" data-formid=\"16361\" method=\"post\" enctype=\"multipart\/form-data\" action=\"\/sq\/wp-json\/wp\/v2\/pages\/16574\" data-token=\"096b8d637536f509730e0f4ad87cbcb1\" data-token-time=\"1776916800\"><noscript class=\"wpforms-error-noscript\">Please enable JavaScript in your browser to complete this form.<\/noscript><div id=\"wpforms-error-noscript\" style=\"display: none;\">Please enable JavaScript in your browser to complete this form.<\/div><div class=\"wpforms-field-container\"><div id=\"wpforms-16361-field_2-container\" class=\"wpforms-field wpforms-field-text\" data-field-id=\"2\"><label class=\"wpforms-field-label\" for=\"wpforms-16361-field_2\">Emri juaj<\/label><input type=\"text\" id=\"wpforms-16361-field_2\" class=\"wpforms-field-medium\" name=\"wpforms[fields][2]\" aria-errormessage=\"wpforms-16361-field_2-error\" ><\/div><div id=\"wpforms-16361-field_3-container\" class=\"wpforms-field wpforms-field-text\" data-field-id=\"3\"><label class=\"wpforms-field-label\" for=\"wpforms-16361-field_3\">Email <\/label><input type=\"text\" id=\"wpforms-16361-field_3\" class=\"wpforms-field-medium\" name=\"wpforms[fields][3]\" aria-errormessage=\"wpforms-16361-field_3-error\" ><\/div><div id=\"wpforms-16361-field_4-container\" class=\"wpforms-field wpforms-field-textarea\" data-field-id=\"4\"><label class=\"wpforms-field-label\" for=\"wpforms-16361-field_4\">Pyetja juaj?<\/label><textarea id=\"wpforms-16361-field_4\" class=\"wpforms-field-large\" name=\"wpforms[fields][4]\" aria-errormessage=\"wpforms-16361-field_4-error\" ><\/textarea><\/div><\/div><!-- .wpforms-field-container --><div class=\"wpforms-submit-container\" ><input type=\"hidden\" name=\"wpforms[id]\" value=\"16361\"><input type=\"hidden\" name=\"page_title\" value=\"\"><input type=\"hidden\" name=\"page_url\" value=\"https:\/\/organdziski.com\/sq\/wp-json\/wp\/v2\/pages\/16574\"><input type=\"hidden\" name=\"url_referer\" value=\"\"><button type=\"submit\" name=\"wpforms[submit]\" id=\"wpforms-submit-16361\" class=\"wpforms-submit\" data-alt-text=\"Sending...\" data-submit-text=\"D\u00ebrgoni\" aria-live=\"assertive\" value=\"wpforms-submit\">D\u00ebrgoni<\/button><img decoding=\"async\" src=\"https:\/\/organdziski.com\/wp-content\/plugins\/wpforms-lite\/assets\/images\/submit-spin.svg\" class=\"wpforms-submit-spinner\" style=\"display: none;\" width=\"26\" height=\"26\" alt=\"Loading\"><\/div><\/form><\/div>  <!-- .wpforms-container -->\t\t<\/div>\n\t\t\t\t<\/div>\n\t\t\t\t<\/div>\n\t\t\t\t<\/div>\n\t\t\t\t<\/div>\n\t\t","protected":false},"excerpt":{"rendered":"<p>Mamografia me ultratinguj Sh\u00ebndeti i gjirit tuaj \u00ebsht\u00eb i r\u00ebnd\u00ebsish\u00ebm dhe zbulimi i hersh\u00ebm \u00ebsht\u00eb \u00e7el\u00ebsi p\u00ebr nj\u00eb t\u00eb ardhme m\u00eb t\u00eb sh\u00ebndetshme. Spitali Dr. Organxhiski ofron sh\u00ebrbime t\u00eb avancuara t\u00eb ekos s\u00eb gjirit! Pavar\u00ebsisht n\u00ebse keni nevoj\u00eb p\u00ebr nj\u00eb ekzaminim rutin\u00eb ose keni shqet\u00ebsime p\u00ebr sh\u00ebndetin e gjoksit tuaj, teknologjia jon\u00eb e avancuar dhe&#8230;<\/p>\n","protected":false},"author":1,"featured_media":0,"parent":0,"menu_order":0,"comment_status":"closed","ping_status":"closed","template":"","meta":{"footnotes":""},"class_list":["post-16574","page","type-page","status-publish","hentry"],"yoast_head":"<!-- This site is optimized with the Yoast SEO Premium plugin v22.7 (Yoast SEO v27.4) - https:\/\/yoast.com\/product\/yoast-seo-premium-wordpress\/ -->\n<title>Mamografia me ultratinguj - \u041f\u0417\u0423 \u0414-\u0440 \u041e\u0440\u0433\u0430\u043d\u045f\u0438\u0441\u043a\u0438<\/title>\n<meta name=\"robots\" content=\"index, follow, max-snippet:-1, max-image-preview:large, max-video-preview:-1\" \/>\n<link rel=\"canonical\" href=\"https:\/\/organdziski.com\/ulstrazvucna-mamografija\/\" \/>\n<meta property=\"og:locale\" content=\"sq_AL\" \/>\n<meta property=\"og:type\" content=\"article\" \/>\n<meta property=\"og:title\" content=\"Mamografia me ultratinguj\" \/>\n<meta property=\"og:description\" content=\"Mamografia me ultratinguj Sh\u00ebndeti i gjirit tuaj \u00ebsht\u00eb i r\u00ebnd\u00ebsish\u00ebm dhe zbulimi i hersh\u00ebm \u00ebsht\u00eb \u00e7el\u00ebsi p\u00ebr nj\u00eb t\u00eb ardhme m\u00eb t\u00eb sh\u00ebndetshme. Spitali Dr. Organxhiski ofron sh\u00ebrbime t\u00eb avancuara t\u00eb ekos s\u00eb gjirit! Pavar\u00ebsisht n\u00ebse keni nevoj\u00eb p\u00ebr nj\u00eb ekzaminim rutin\u00eb ose keni shqet\u00ebsime p\u00ebr sh\u00ebndetin e gjoksit tuaj, teknologjia jon\u00eb e avancuar dhe...\" \/>\n<meta property=\"og:url\" content=\"https:\/\/organdziski.com\/ulstrazvucna-mamografija\/\" \/>\n<meta property=\"og:site_name\" content=\"\u041f\u0417\u0423 \u0414-\u0440 \u041e\u0440\u0433\u0430\u043d\u045f\u0438\u0441\u043a\u0438\" \/>\n<meta property=\"article:publisher\" content=\"https:\/\/www.facebook.com\/Dr.Organdziski\" \/>\n<meta property=\"article:modified_time\" content=\"2024-06-25T11:34:25+00:00\" \/>\n<meta property=\"og:image\" content=\"https:\/\/organdziski.com\/wp-content\/plugins\/wpforms-lite\/assets\/images\/submit-spin.svg\" \/>\n<meta name=\"twitter:card\" content=\"summary_large_image\" \/>\n<meta name=\"twitter:label1\" content=\"Est. reading time\" \/>\n\t<meta name=\"twitter:data1\" content=\"3 minutes\" \/>\n<script type=\"application\/ld+json\" class=\"yoast-schema-graph\">{\"@context\":\"https:\\\/\\\/schema.org\",\"@graph\":[{\"@type\":\"WebPage\",\"@id\":\"https:\\\/\\\/organdziski.com\\\/ulstrazvucna-mamografija\\\/\",\"url\":\"https:\\\/\\\/organdziski.com\\\/ulstrazvucna-mamografija\\\/\",\"name\":\"Mamografia me ultratinguj - \u041f\u0417\u0423 \u0414-\u0440 \u041e\u0440\u0433\u0430\u043d\u045f\u0438\u0441\u043a\u0438\",\"isPartOf\":{\"@id\":\"https:\\\/\\\/organdziski.com\\\/#website\"},\"primaryImageOfPage\":{\"@id\":\"https:\\\/\\\/organdziski.com\\\/ulstrazvucna-mamografija\\\/#primaryimage\"},\"image\":{\"@id\":\"https:\\\/\\\/organdziski.com\\\/ulstrazvucna-mamografija\\\/#primaryimage\"},\"thumbnailUrl\":\"https:\\\/\\\/organdziski.com\\\/wp-content\\\/plugins\\\/wpforms-lite\\\/assets\\\/images\\\/submit-spin.svg\",\"datePublished\":\"2024-05-21T13:24:13+00:00\",\"dateModified\":\"2024-06-25T11:34:25+00:00\",\"breadcrumb\":{\"@id\":\"https:\\\/\\\/organdziski.com\\\/ulstrazvucna-mamografija\\\/#breadcrumb\"},\"inLanguage\":\"sq-AL\",\"potentialAction\":[{\"@type\":\"ReadAction\",\"target\":[\"https:\\\/\\\/organdziski.com\\\/ulstrazvucna-mamografija\\\/\"]}]},{\"@type\":\"ImageObject\",\"inLanguage\":\"sq-AL\",\"@id\":\"https:\\\/\\\/organdziski.com\\\/ulstrazvucna-mamografija\\\/#primaryimage\",\"url\":\"https:\\\/\\\/organdziski.com\\\/wp-content\\\/plugins\\\/wpforms-lite\\\/assets\\\/images\\\/submit-spin.svg\",\"contentUrl\":\"https:\\\/\\\/organdziski.com\\\/wp-content\\\/plugins\\\/wpforms-lite\\\/assets\\\/images\\\/submit-spin.svg\"},{\"@type\":\"BreadcrumbList\",\"@id\":\"https:\\\/\\\/organdziski.com\\\/ulstrazvucna-mamografija\\\/#breadcrumb\",\"itemListElement\":[{\"@type\":\"ListItem\",\"position\":1,\"name\":\"Home\",\"item\":\"https:\\\/\\\/organdziski.com\\\/\"},{\"@type\":\"ListItem\",\"position\":2,\"name\":\"Mamografia me ultratinguj\"}]},{\"@type\":\"WebSite\",\"@id\":\"https:\\\/\\\/organdziski.com\\\/#website\",\"url\":\"https:\\\/\\\/organdziski.com\\\/\",\"name\":\"\u041f\u0417\u0423 \u0414-\u0440 \u041e\u0440\u0433\u0430\u043d\u045f\u0438\u0441\u043a\u0438\",\"description\":\"\u0421\u043f\u0435\u0446\u0438\u0458\u0430\u043b\u0438\u0437\u0438\u0440\u0430\u043d\u0430 \u0431\u043e\u043b\u043d\u0438\u0446\u0430 \u043f\u043e \u0433\u0438\u043d\u0435\u043a\u043e\u043b\u043e\u0433\u0438\u0458\u0430 \u0438 \u0430\u043a\u0443\u0448\u0435\u0440\u0441\u0442\u0432\u043e\",\"publisher\":{\"@id\":\"https:\\\/\\\/organdziski.com\\\/#organization\"},\"potentialAction\":[{\"@type\":\"SearchAction\",\"target\":{\"@type\":\"EntryPoint\",\"urlTemplate\":\"https:\\\/\\\/organdziski.com\\\/?s={search_term_string}\"},\"query-input\":{\"@type\":\"PropertyValueSpecification\",\"valueRequired\":true,\"valueName\":\"search_term_string\"}}],\"inLanguage\":\"sq-AL\"},{\"@type\":\"Organization\",\"@id\":\"https:\\\/\\\/organdziski.com\\\/#organization\",\"name\":\"\u041f\u0417\u0423 \u0414-\u0440 \u041e\u0440\u0433\u0430\u043d\u045f\u0438\u0441\u043a\u0438\",\"url\":\"https:\\\/\\\/organdziski.com\\\/\",\"logo\":{\"@type\":\"ImageObject\",\"inLanguage\":\"sq-AL\",\"@id\":\"https:\\\/\\\/organdziski.com\\\/#\\\/schema\\\/logo\\\/image\\\/\",\"url\":\"https:\\\/\\\/organdziski.com\\\/wp-content\\\/uploads\\\/2024\\\/04\\\/organdziski.svg\",\"contentUrl\":\"https:\\\/\\\/organdziski.com\\\/wp-content\\\/uploads\\\/2024\\\/04\\\/organdziski.svg\",\"width\":341,\"height\":63,\"caption\":\"\u041f\u0417\u0423 \u0414-\u0440 \u041e\u0440\u0433\u0430\u043d\u045f\u0438\u0441\u043a\u0438\"},\"image\":{\"@id\":\"https:\\\/\\\/organdziski.com\\\/#\\\/schema\\\/logo\\\/image\\\/\"},\"sameAs\":[\"https:\\\/\\\/www.facebook.com\\\/Dr.Organdziski\",\"https:\\\/\\\/www.instagram.com\\\/bolnicadrorgandziski\\\/\",\"https:\\\/\\\/www.youtube.com\\\/channel\\\/UCVzAHTjH-QvDcCGm19znLyA\"]}]}<\/script>\n<!-- \/ Yoast SEO Premium plugin. -->","yoast_head_json":{"title":"Mamografia me ultratinguj - \u041f\u0417\u0423 \u0414-\u0440 \u041e\u0440\u0433\u0430\u043d\u045f\u0438\u0441\u043a\u0438","robots":{"index":"index","follow":"follow","max-snippet":"max-snippet:-1","max-image-preview":"max-image-preview:large","max-video-preview":"max-video-preview:-1"},"canonical":"https:\/\/organdziski.com\/ulstrazvucna-mamografija\/","og_locale":"sq_AL","og_type":"article","og_title":"Mamografia me ultratinguj","og_description":"Mamografia me ultratinguj Sh\u00ebndeti i gjirit tuaj \u00ebsht\u00eb i r\u00ebnd\u00ebsish\u00ebm dhe zbulimi i hersh\u00ebm \u00ebsht\u00eb \u00e7el\u00ebsi p\u00ebr nj\u00eb t\u00eb ardhme m\u00eb t\u00eb sh\u00ebndetshme. Spitali Dr. Organxhiski ofron sh\u00ebrbime t\u00eb avancuara t\u00eb ekos s\u00eb gjirit! Pavar\u00ebsisht n\u00ebse keni nevoj\u00eb p\u00ebr nj\u00eb ekzaminim rutin\u00eb ose keni shqet\u00ebsime p\u00ebr sh\u00ebndetin e gjoksit tuaj, teknologjia jon\u00eb e avancuar dhe...","og_url":"https:\/\/organdziski.com\/ulstrazvucna-mamografija\/","og_site_name":"\u041f\u0417\u0423 \u0414-\u0440 \u041e\u0440\u0433\u0430\u043d\u045f\u0438\u0441\u043a\u0438","article_publisher":"https:\/\/www.facebook.com\/Dr.Organdziski","article_modified_time":"2024-06-25T11:34:25+00:00","og_image":[{"url":"https:\/\/organdziski.com\/wp-content\/plugins\/wpforms-lite\/assets\/images\/submit-spin.svg","type":"","width":"","height":""}],"twitter_card":"summary_large_image","twitter_misc":{"Est. reading time":"3 minutes"},"schema":{"@context":"https:\/\/schema.org","@graph":[{"@type":"WebPage","@id":"https:\/\/organdziski.com\/ulstrazvucna-mamografija\/","url":"https:\/\/organdziski.com\/ulstrazvucna-mamografija\/","name":"Mamografia me ultratinguj - \u041f\u0417\u0423 \u0414-\u0440 \u041e\u0440\u0433\u0430\u043d\u045f\u0438\u0441\u043a\u0438","isPartOf":{"@id":"https:\/\/organdziski.com\/#website"},"primaryImageOfPage":{"@id":"https:\/\/organdziski.com\/ulstrazvucna-mamografija\/#primaryimage"},"image":{"@id":"https:\/\/organdziski.com\/ulstrazvucna-mamografija\/#primaryimage"},"thumbnailUrl":"https:\/\/organdziski.com\/wp-content\/plugins\/wpforms-lite\/assets\/images\/submit-spin.svg","datePublished":"2024-05-21T13:24:13+00:00","dateModified":"2024-06-25T11:34:25+00:00","breadcrumb":{"@id":"https:\/\/organdziski.com\/ulstrazvucna-mamografija\/#breadcrumb"},"inLanguage":"sq-AL","potentialAction":[{"@type":"ReadAction","target":["https:\/\/organdziski.com\/ulstrazvucna-mamografija\/"]}]},{"@type":"ImageObject","inLanguage":"sq-AL","@id":"https:\/\/organdziski.com\/ulstrazvucna-mamografija\/#primaryimage","url":"https:\/\/organdziski.com\/wp-content\/plugins\/wpforms-lite\/assets\/images\/submit-spin.svg","contentUrl":"https:\/\/organdziski.com\/wp-content\/plugins\/wpforms-lite\/assets\/images\/submit-spin.svg"},{"@type":"BreadcrumbList","@id":"https:\/\/organdziski.com\/ulstrazvucna-mamografija\/#breadcrumb","itemListElement":[{"@type":"ListItem","position":1,"name":"Home","item":"https:\/\/organdziski.com\/"},{"@type":"ListItem","position":2,"name":"Mamografia me ultratinguj"}]},{"@type":"WebSite","@id":"https:\/\/organdziski.com\/#website","url":"https:\/\/organdziski.com\/","name":"\u041f\u0417\u0423 \u0414-\u0440 \u041e\u0440\u0433\u0430\u043d\u045f\u0438\u0441\u043a\u0438","description":"\u0421\u043f\u0435\u0446\u0438\u0458\u0430\u043b\u0438\u0437\u0438\u0440\u0430\u043d\u0430 \u0431\u043e\u043b\u043d\u0438\u0446\u0430 \u043f\u043e \u0433\u0438\u043d\u0435\u043a\u043e\u043b\u043e\u0433\u0438\u0458\u0430 \u0438 \u0430\u043a\u0443\u0448\u0435\u0440\u0441\u0442\u0432\u043e","publisher":{"@id":"https:\/\/organdziski.com\/#organization"},"potentialAction":[{"@type":"SearchAction","target":{"@type":"EntryPoint","urlTemplate":"https:\/\/organdziski.com\/?s={search_term_string}"},"query-input":{"@type":"PropertyValueSpecification","valueRequired":true,"valueName":"search_term_string"}}],"inLanguage":"sq-AL"},{"@type":"Organization","@id":"https:\/\/organdziski.com\/#organization","name":"\u041f\u0417\u0423 \u0414-\u0440 \u041e\u0440\u0433\u0430\u043d\u045f\u0438\u0441\u043a\u0438","url":"https:\/\/organdziski.com\/","logo":{"@type":"ImageObject","inLanguage":"sq-AL","@id":"https:\/\/organdziski.com\/#\/schema\/logo\/image\/","url":"https:\/\/organdziski.com\/wp-content\/uploads\/2024\/04\/organdziski.svg","contentUrl":"https:\/\/organdziski.com\/wp-content\/uploads\/2024\/04\/organdziski.svg","width":341,"height":63,"caption":"\u041f\u0417\u0423 \u0414-\u0440 \u041e\u0440\u0433\u0430\u043d\u045f\u0438\u0441\u043a\u0438"},"image":{"@id":"https:\/\/organdziski.com\/#\/schema\/logo\/image\/"},"sameAs":["https:\/\/www.facebook.com\/Dr.Organdziski","https:\/\/www.instagram.com\/bolnicadrorgandziski\/","https:\/\/www.youtube.com\/channel\/UCVzAHTjH-QvDcCGm19znLyA"]}]}},"_links":{"self":[{"href":"https:\/\/organdziski.com\/sq\/wp-json\/wp\/v2\/pages\/16574","targetHints":{"allow":["GET"]}}],"collection":[{"href":"https:\/\/organdziski.com\/sq\/wp-json\/wp\/v2\/pages"}],"about":[{"href":"https:\/\/organdziski.com\/sq\/wp-json\/wp\/v2\/types\/page"}],"author":[{"embeddable":true,"href":"https:\/\/organdziski.com\/sq\/wp-json\/wp\/v2\/users\/1"}],"replies":[{"embeddable":true,"href":"https:\/\/organdziski.com\/sq\/wp-json\/wp\/v2\/comments?post=16574"}],"version-history":[{"count":3,"href":"https:\/\/organdziski.com\/sq\/wp-json\/wp\/v2\/pages\/16574\/revisions"}],"predecessor-version":[{"id":16577,"href":"https:\/\/organdziski.com\/sq\/wp-json\/wp\/v2\/pages\/16574\/revisions\/16577"}],"wp:attachment":[{"href":"https:\/\/organdziski.com\/sq\/wp-json\/wp\/v2\/media?parent=16574"}],"curies":[{"name":"wp","href":"https:\/\/api.w.org\/{rel}","templated":true}]}}