{"id":16607,"date":"2024-05-14T16:19:49","date_gmt":"2024-05-14T16:19:49","guid":{"rendered":"https:\/\/organdziski.com\/?page_id=16607"},"modified":"2024-06-25T14:06:39","modified_gmt":"2024-06-25T14:06:39","slug":"krioprezervimi","status":"publish","type":"page","link":"https:\/\/organdziski.com\/sq\/krioprezervimi\/","title":{"rendered":"Krioprezervimi"},"content":{"rendered":"\t\t<div data-elementor-type=\"wp-page\" data-elementor-id=\"16607\" class=\"elementor elementor-16607 elementor-10731\" data-elementor-post-type=\"page\">\n\t\t\t\t<div class=\"elementor-element elementor-element-58ba854 e-flex e-con-boxed e-con e-parent\" data-id=\"58ba854\" data-element_type=\"container\">\n\t\t\t\t\t<div class=\"e-con-inner\">\n\t\t\t\t<div class=\"elementor-element elementor-element-c5937fe elementor-widget elementor-widget-text-editor\" data-id=\"c5937fe\" data-element_type=\"widget\" data-widget_type=\"text-editor.default\">\n\t\t\t\t<div class=\"elementor-widget-container\">\n\t\t\t\t\t\t\t<p>Krioprezervimi \u00ebsht\u00eb nj\u00eb metod\u00eb ngrirjeje me q\u00ebllim t\u00eb ruajtjes s\u00eb indeve dhe qelizave p\u00ebr nj\u00eb periudh\u00eb m\u00eb t\u00eb gjat\u00eb kohore n\u00eb azot t\u00eb l\u00ebngsh\u00ebm n\u00eb nj\u00eb temperatur\u00eb prej minus 196 C. Ngrirja e spermatozoideve kryhet duke p\u00ebrdorur nj\u00eb mjedis t\u00eb posa\u00e7\u00ebm, n\u00ebp\u00ebrmjet t\u00eb ashtuquajtur\u00ebs metod\u00eb t\u00eb ngrirjes s\u00eb shpejt\u00eb. Spermatozoidet e ngrira mund t\u00eb ngrihen p\u00ebr shum\u00eb vite pa rrezik d\u00ebmtimi. N\u00ebse \u00ebsht\u00eb e nevojshme, spermatozoidet shkrihen n\u00eb nj\u00eb m\u00ebnyr\u00eb t\u00eb caktuar dhe aktivizohen me mjete speciale p\u00ebr k\u00ebt\u00eb q\u00ebllim. Ndryshe nga sperma, embrionet jan\u00eb shum\u00eb m\u00eb t\u00eb ndjesh\u00ebm ndaj procedur\u00ebs s\u00eb ngrirjes dhe shkrirjes. M\u00eb shpesh, 10-20% e embrioneve nuk mbijetojn\u00eb gjat\u00eb ngrirjes dhe shkrirjes. Kjo \u00ebsht\u00eb arsyeja se pse vet\u00ebm embrionet me cil\u00ebsi m\u00eb t\u00eb mir\u00eb jan\u00eb gjithmon\u00eb t\u00eb ngrira. Nj\u00eb nga arsyet m\u00eb t\u00eb zakonshme t\u00eb ngrirjes s\u00eb embrioneve \u00ebsht\u00eb kur ka nj\u00eb sindrom\u00eb hiperstimulimi dhe nj\u00eb shtatz\u00ebni e mundshme do t\u00eb p\u00ebrkeq\u00ebsonte shum\u00eb gjendjen sh\u00ebndet\u00ebsore t\u00eb gruas dhe kur ka disa embrione t\u00eb nj\u00ebjta t\u00eb cil\u00ebsis\u00eb s\u00eb lart\u00eb. Shtatz\u00ebnia e par\u00eb pas transferimit t\u00eb nj\u00eb embrioni t\u00eb ngrir\u00eb paraprakisht u arrit n\u00eb 1983, dhe lindja e par\u00eb n\u00eb 1985. Deri m\u00eb tani, nuk ka t\u00eb dh\u00ebna q\u00eb foshnjat e lindura pas transferimit t\u00eb embrionit t\u00eb ngrir\u00eb kan\u00eb p\u00ebrqindje m\u00eb t\u00eb lart\u00eb t\u00eb keqformimeve, d.m.th. shtatz\u00ebnia nga embrionet e krioprezervuara \u00ebsht\u00eb e nj\u00ebjt\u00eb si \u00e7do shtatz\u00ebni tjet\u00ebr. Gjat\u00eb kriopruajtjes (ngrirja e embrioneve n\u00eb temperatura t\u00eb ul\u00ebta), t\u00eb gjitha proceset metabolike n\u00eb qeliza ndalojn\u00eb.<\/p><p>Suksesi i k\u00ebsaj metode varet nga disa faktor\u00eb, kryesor\u00ebt prej t\u00eb cil\u00ebve jan\u00eb mosha e pacientit dhe numri i embrioneve t\u00eb transferuara. P\u00ebrqindja e shtatz\u00ebnive t\u00eb arritura me at\u00eb metod\u00eb \u00ebsht\u00eb nga 20 deri n\u00eb 50 p\u00ebr qind, q\u00eb konsiderohet nj\u00eb p\u00ebrqindje e lart\u00eb dhe d\u00ebshmon p\u00ebr potencialin e fort\u00eb biologjik t\u00eb embrioneve njer\u00ebzore.<\/p><p>Vez\u00ebt jan\u00eb m\u00eb t\u00eb ndjeshmet ndaj kriopruajtjes, por me p\u00ebrdorimin e vitrifikimit (metoda e kriopruajtjes s\u00eb vez\u00ebve), suksesi i ngrirjes dhe shkrirjes \u00ebsht\u00eb rreth 90%. N\u00eb t\u00eb nj\u00ebjtat qeliza, p\u00ebrqindja e fekondimit \u00ebsht\u00eb rreth 75%, dhe p\u00ebrqindja e implantimit \u00ebsht\u00eb nga 20 n\u00eb 50%.<\/p>\t\t\t\t\t\t<\/div>\n\t\t\t\t<\/div>\n\t\t\t\t\t<\/div>\n\t\t\t\t<\/div>\n\t\t\t\t<\/div>\n\t\t","protected":false},"excerpt":{"rendered":"<p>Krioprezervimi \u00ebsht\u00eb nj\u00eb metod\u00eb ngrirjeje me q\u00ebllim t\u00eb ruajtjes s\u00eb indeve dhe qelizave p\u00ebr nj\u00eb periudh\u00eb m\u00eb t\u00eb gjat\u00eb kohore n\u00eb azot t\u00eb l\u00ebngsh\u00ebm n\u00eb nj\u00eb temperatur\u00eb prej minus 196 C. Ngrirja e spermatozoideve kryhet duke p\u00ebrdorur nj\u00eb mjedis t\u00eb posa\u00e7\u00ebm, n\u00ebp\u00ebrmjet t\u00eb ashtuquajtur\u00ebs metod\u00eb t\u00eb ngrirjes s\u00eb shpejt\u00eb. Spermatozoidet e ngrira mund t\u00eb ngrihen&#8230;<\/p>\n","protected":false},"author":1,"featured_media":0,"parent":0,"menu_order":0,"comment_status":"closed","ping_status":"closed","template":"","meta":{"footnotes":""},"class_list":["post-16607","page","type-page","status-publish","hentry"],"yoast_head":"<!-- This site is optimized with the Yoast SEO Premium plugin v22.7 (Yoast SEO v27.4) - https:\/\/yoast.com\/product\/yoast-seo-premium-wordpress\/ -->\n<title>Krioprezervimi - \u041f\u0417\u0423 \u0414-\u0440 \u041e\u0440\u0433\u0430\u043d\u045f\u0438\u0441\u043a\u0438<\/title>\n<meta name=\"robots\" content=\"index, follow, max-snippet:-1, max-image-preview:large, max-video-preview:-1\" \/>\n<link rel=\"canonical\" href=\"https:\/\/organdziski.com\/krioprezervacija\/\" \/>\n<meta property=\"og:locale\" content=\"sq_AL\" \/>\n<meta property=\"og:type\" content=\"article\" \/>\n<meta property=\"og:title\" content=\"Krioprezervimi\" \/>\n<meta property=\"og:description\" content=\"Krioprezervimi \u00ebsht\u00eb nj\u00eb metod\u00eb ngrirjeje me q\u00ebllim t\u00eb ruajtjes s\u00eb indeve dhe qelizave p\u00ebr nj\u00eb periudh\u00eb m\u00eb t\u00eb gjat\u00eb kohore n\u00eb azot t\u00eb l\u00ebngsh\u00ebm n\u00eb nj\u00eb temperatur\u00eb prej minus 196 C. Ngrirja e spermatozoideve kryhet duke p\u00ebrdorur nj\u00eb mjedis t\u00eb posa\u00e7\u00ebm, n\u00ebp\u00ebrmjet t\u00eb ashtuquajtur\u00ebs metod\u00eb t\u00eb ngrirjes s\u00eb shpejt\u00eb. Spermatozoidet e ngrira mund t\u00eb ngrihen...\" \/>\n<meta property=\"og:url\" content=\"https:\/\/organdziski.com\/krioprezervacija\/\" \/>\n<meta property=\"og:site_name\" content=\"\u041f\u0417\u0423 \u0414-\u0440 \u041e\u0440\u0433\u0430\u043d\u045f\u0438\u0441\u043a\u0438\" \/>\n<meta property=\"article:publisher\" content=\"https:\/\/www.facebook.com\/Dr.Organdziski\" \/>\n<meta property=\"article:modified_time\" content=\"2024-06-25T14:06:39+00:00\" \/>\n<meta name=\"twitter:card\" content=\"summary_large_image\" \/>\n<meta name=\"twitter:label1\" content=\"Est. reading time\" \/>\n\t<meta name=\"twitter:data1\" content=\"2 minutes\" \/>\n<script type=\"application\/ld+json\" class=\"yoast-schema-graph\">{\"@context\":\"https:\\\/\\\/schema.org\",\"@graph\":[{\"@type\":\"WebPage\",\"@id\":\"https:\\\/\\\/organdziski.com\\\/krioprezervacija\\\/\",\"url\":\"https:\\\/\\\/organdziski.com\\\/krioprezervacija\\\/\",\"name\":\"Krioprezervimi - \u041f\u0417\u0423 \u0414-\u0440 \u041e\u0440\u0433\u0430\u043d\u045f\u0438\u0441\u043a\u0438\",\"isPartOf\":{\"@id\":\"https:\\\/\\\/organdziski.com\\\/#website\"},\"datePublished\":\"2024-05-14T16:19:49+00:00\",\"dateModified\":\"2024-06-25T14:06:39+00:00\",\"breadcrumb\":{\"@id\":\"https:\\\/\\\/organdziski.com\\\/krioprezervacija\\\/#breadcrumb\"},\"inLanguage\":\"sq-AL\",\"potentialAction\":[{\"@type\":\"ReadAction\",\"target\":[\"https:\\\/\\\/organdziski.com\\\/krioprezervacija\\\/\"]}]},{\"@type\":\"BreadcrumbList\",\"@id\":\"https:\\\/\\\/organdziski.com\\\/krioprezervacija\\\/#breadcrumb\",\"itemListElement\":[{\"@type\":\"ListItem\",\"position\":1,\"name\":\"Home\",\"item\":\"https:\\\/\\\/organdziski.com\\\/\"},{\"@type\":\"ListItem\",\"position\":2,\"name\":\"Krioprezervimi\"}]},{\"@type\":\"WebSite\",\"@id\":\"https:\\\/\\\/organdziski.com\\\/#website\",\"url\":\"https:\\\/\\\/organdziski.com\\\/\",\"name\":\"\u041f\u0417\u0423 \u0414-\u0440 \u041e\u0440\u0433\u0430\u043d\u045f\u0438\u0441\u043a\u0438\",\"description\":\"\u0421\u043f\u0435\u0446\u0438\u0458\u0430\u043b\u0438\u0437\u0438\u0440\u0430\u043d\u0430 \u0431\u043e\u043b\u043d\u0438\u0446\u0430 \u043f\u043e \u0433\u0438\u043d\u0435\u043a\u043e\u043b\u043e\u0433\u0438\u0458\u0430 \u0438 \u0430\u043a\u0443\u0448\u0435\u0440\u0441\u0442\u0432\u043e\",\"publisher\":{\"@id\":\"https:\\\/\\\/organdziski.com\\\/#organization\"},\"potentialAction\":[{\"@type\":\"SearchAction\",\"target\":{\"@type\":\"EntryPoint\",\"urlTemplate\":\"https:\\\/\\\/organdziski.com\\\/?s={search_term_string}\"},\"query-input\":{\"@type\":\"PropertyValueSpecification\",\"valueRequired\":true,\"valueName\":\"search_term_string\"}}],\"inLanguage\":\"sq-AL\"},{\"@type\":\"Organization\",\"@id\":\"https:\\\/\\\/organdziski.com\\\/#organization\",\"name\":\"\u041f\u0417\u0423 \u0414-\u0440 \u041e\u0440\u0433\u0430\u043d\u045f\u0438\u0441\u043a\u0438\",\"url\":\"https:\\\/\\\/organdziski.com\\\/\",\"logo\":{\"@type\":\"ImageObject\",\"inLanguage\":\"sq-AL\",\"@id\":\"https:\\\/\\\/organdziski.com\\\/#\\\/schema\\\/logo\\\/image\\\/\",\"url\":\"https:\\\/\\\/organdziski.com\\\/wp-content\\\/uploads\\\/2024\\\/04\\\/organdziski.svg\",\"contentUrl\":\"https:\\\/\\\/organdziski.com\\\/wp-content\\\/uploads\\\/2024\\\/04\\\/organdziski.svg\",\"width\":341,\"height\":63,\"caption\":\"\u041f\u0417\u0423 \u0414-\u0440 \u041e\u0440\u0433\u0430\u043d\u045f\u0438\u0441\u043a\u0438\"},\"image\":{\"@id\":\"https:\\\/\\\/organdziski.com\\\/#\\\/schema\\\/logo\\\/image\\\/\"},\"sameAs\":[\"https:\\\/\\\/www.facebook.com\\\/Dr.Organdziski\",\"https:\\\/\\\/www.instagram.com\\\/bolnicadrorgandziski\\\/\",\"https:\\\/\\\/www.youtube.com\\\/channel\\\/UCVzAHTjH-QvDcCGm19znLyA\"]}]}<\/script>\n<!-- \/ Yoast SEO Premium plugin. -->","yoast_head_json":{"title":"Krioprezervimi - \u041f\u0417\u0423 \u0414-\u0440 \u041e\u0440\u0433\u0430\u043d\u045f\u0438\u0441\u043a\u0438","robots":{"index":"index","follow":"follow","max-snippet":"max-snippet:-1","max-image-preview":"max-image-preview:large","max-video-preview":"max-video-preview:-1"},"canonical":"https:\/\/organdziski.com\/krioprezervacija\/","og_locale":"sq_AL","og_type":"article","og_title":"Krioprezervimi","og_description":"Krioprezervimi \u00ebsht\u00eb nj\u00eb metod\u00eb ngrirjeje me q\u00ebllim t\u00eb ruajtjes s\u00eb indeve dhe qelizave p\u00ebr nj\u00eb periudh\u00eb m\u00eb t\u00eb gjat\u00eb kohore n\u00eb azot t\u00eb l\u00ebngsh\u00ebm n\u00eb nj\u00eb temperatur\u00eb prej minus 196 C. Ngrirja e spermatozoideve kryhet duke p\u00ebrdorur nj\u00eb mjedis t\u00eb posa\u00e7\u00ebm, n\u00ebp\u00ebrmjet t\u00eb ashtuquajtur\u00ebs metod\u00eb t\u00eb ngrirjes s\u00eb shpejt\u00eb. Spermatozoidet e ngrira mund t\u00eb ngrihen...","og_url":"https:\/\/organdziski.com\/krioprezervacija\/","og_site_name":"\u041f\u0417\u0423 \u0414-\u0440 \u041e\u0440\u0433\u0430\u043d\u045f\u0438\u0441\u043a\u0438","article_publisher":"https:\/\/www.facebook.com\/Dr.Organdziski","article_modified_time":"2024-06-25T14:06:39+00:00","twitter_card":"summary_large_image","twitter_misc":{"Est. reading time":"2 minutes"},"schema":{"@context":"https:\/\/schema.org","@graph":[{"@type":"WebPage","@id":"https:\/\/organdziski.com\/krioprezervacija\/","url":"https:\/\/organdziski.com\/krioprezervacija\/","name":"Krioprezervimi - \u041f\u0417\u0423 \u0414-\u0440 \u041e\u0440\u0433\u0430\u043d\u045f\u0438\u0441\u043a\u0438","isPartOf":{"@id":"https:\/\/organdziski.com\/#website"},"datePublished":"2024-05-14T16:19:49+00:00","dateModified":"2024-06-25T14:06:39+00:00","breadcrumb":{"@id":"https:\/\/organdziski.com\/krioprezervacija\/#breadcrumb"},"inLanguage":"sq-AL","potentialAction":[{"@type":"ReadAction","target":["https:\/\/organdziski.com\/krioprezervacija\/"]}]},{"@type":"BreadcrumbList","@id":"https:\/\/organdziski.com\/krioprezervacija\/#breadcrumb","itemListElement":[{"@type":"ListItem","position":1,"name":"Home","item":"https:\/\/organdziski.com\/"},{"@type":"ListItem","position":2,"name":"Krioprezervimi"}]},{"@type":"WebSite","@id":"https:\/\/organdziski.com\/#website","url":"https:\/\/organdziski.com\/","name":"\u041f\u0417\u0423 \u0414-\u0440 \u041e\u0440\u0433\u0430\u043d\u045f\u0438\u0441\u043a\u0438","description":"\u0421\u043f\u0435\u0446\u0438\u0458\u0430\u043b\u0438\u0437\u0438\u0440\u0430\u043d\u0430 \u0431\u043e\u043b\u043d\u0438\u0446\u0430 \u043f\u043e \u0433\u0438\u043d\u0435\u043a\u043e\u043b\u043e\u0433\u0438\u0458\u0430 \u0438 \u0430\u043a\u0443\u0448\u0435\u0440\u0441\u0442\u0432\u043e","publisher":{"@id":"https:\/\/organdziski.com\/#organization"},"potentialAction":[{"@type":"SearchAction","target":{"@type":"EntryPoint","urlTemplate":"https:\/\/organdziski.com\/?s={search_term_string}"},"query-input":{"@type":"PropertyValueSpecification","valueRequired":true,"valueName":"search_term_string"}}],"inLanguage":"sq-AL"},{"@type":"Organization","@id":"https:\/\/organdziski.com\/#organization","name":"\u041f\u0417\u0423 \u0414-\u0440 \u041e\u0440\u0433\u0430\u043d\u045f\u0438\u0441\u043a\u0438","url":"https:\/\/organdziski.com\/","logo":{"@type":"ImageObject","inLanguage":"sq-AL","@id":"https:\/\/organdziski.com\/#\/schema\/logo\/image\/","url":"https:\/\/organdziski.com\/wp-content\/uploads\/2024\/04\/organdziski.svg","contentUrl":"https:\/\/organdziski.com\/wp-content\/uploads\/2024\/04\/organdziski.svg","width":341,"height":63,"caption":"\u041f\u0417\u0423 \u0414-\u0440 \u041e\u0440\u0433\u0430\u043d\u045f\u0438\u0441\u043a\u0438"},"image":{"@id":"https:\/\/organdziski.com\/#\/schema\/logo\/image\/"},"sameAs":["https:\/\/www.facebook.com\/Dr.Organdziski","https:\/\/www.instagram.com\/bolnicadrorgandziski\/","https:\/\/www.youtube.com\/channel\/UCVzAHTjH-QvDcCGm19znLyA"]}]}},"_links":{"self":[{"href":"https:\/\/organdziski.com\/sq\/wp-json\/wp\/v2\/pages\/16607","targetHints":{"allow":["GET"]}}],"collection":[{"href":"https:\/\/organdziski.com\/sq\/wp-json\/wp\/v2\/pages"}],"about":[{"href":"https:\/\/organdziski.com\/sq\/wp-json\/wp\/v2\/types\/page"}],"author":[{"embeddable":true,"href":"https:\/\/organdziski.com\/sq\/wp-json\/wp\/v2\/users\/1"}],"replies":[{"embeddable":true,"href":"https:\/\/organdziski.com\/sq\/wp-json\/wp\/v2\/comments?post=16607"}],"version-history":[{"count":3,"href":"https:\/\/organdziski.com\/sq\/wp-json\/wp\/v2\/pages\/16607\/revisions"}],"predecessor-version":[{"id":16610,"href":"https:\/\/organdziski.com\/sq\/wp-json\/wp\/v2\/pages\/16607\/revisions\/16610"}],"wp:attachment":[{"href":"https:\/\/organdziski.com\/sq\/wp-json\/wp\/v2\/media?parent=16607"}],"curies":[{"name":"wp","href":"https:\/\/api.w.org\/{rel}","templated":true}]}}