{"id":16612,"date":"2024-05-14T16:22:43","date_gmt":"2024-05-14T16:22:43","guid":{"rendered":"https:\/\/organdziski.com\/?page_id=16612"},"modified":"2024-06-25T14:11:19","modified_gmt":"2024-06-25T14:11:19","slug":"dokumentet-e-nevojshme-per-fekondim-in-vitro","status":"publish","type":"page","link":"https:\/\/organdziski.com\/sq\/dokumentet-e-nevojshme-per-fekondim-in-vitro\/","title":{"rendered":"Dokumentet e nevojshme p\u00ebr fekondim in vitro"},"content":{"rendered":"\t\t<div data-elementor-type=\"wp-page\" data-elementor-id=\"16612\" class=\"elementor elementor-16612 elementor-10739\" data-elementor-post-type=\"page\">\n\t\t\t\t<div class=\"elementor-element elementor-element-2218513 e-flex e-con-boxed e-con e-parent\" data-id=\"2218513\" data-element_type=\"container\">\n\t\t\t\t\t<div class=\"e-con-inner\">\n\t\t\t\t<div class=\"elementor-element elementor-element-076256c elementor-widget elementor-widget-heading\" data-id=\"076256c\" data-element_type=\"widget\" data-widget_type=\"heading.default\">\n\t\t\t\t<div class=\"elementor-widget-container\">\n\t\t\t<h2 class=\"elementor-heading-title elementor-size-default\">P\u00ebr gruan:<\/h2>\t\t<\/div>\n\t\t\t\t<\/div>\n\t\t\t\t<div class=\"elementor-element elementor-element-40747f3 elementor-widget elementor-widget-text-editor\" data-id=\"40747f3\" data-element_type=\"widget\" data-widget_type=\"text-editor.default\">\n\t\t\t\t<div class=\"elementor-widget-container\">\n\t\t\t\t\t\t\t<p>\u00a0<\/p><ul><li><p>Ekzaminimi kolposkopik me PAP &#8211; test<\/p><\/li><li><p>Eko Doppler me ngjyra t\u00eb mitr\u00ebs dhe vezoreve<\/p><\/li><li><p>Ekzaminimet e mitr\u00ebs dhe tubave fallopiane: HSG, HSS, HCS, LPSC<\/p><\/li><li><p>Gjendja hormonale (dita e tret\u00eb e ciklit): FSH, LH, Estradiol, Prolaktin\u00eb dhe n\u00eb faz\u00ebn luteale Progesterone, FT-4, TSH (jo m\u00eb e vjet\u00ebr se 6 muaj e kryer n\u00eb repartin IN-VITRO \u2013 Spitali \u201cDr. Organxhiski\u201d)<\/p><\/li><li><p>Grupi i gjakut dhe faktori &#8211; Rh<\/p><\/li><li><p>Testi p\u00ebr HIV, Hepatitin &#8220;B&#8221; dhe &#8220;C&#8221; (jo m\u00eb i vjet\u00ebr se 6 muaj)<\/p><\/li><li><p>Brisa mikrobiologjike p\u00ebr klamidia, mikoplazma, ureoplazma, bakteret patogjene<\/p><\/li><li><p>Analizat biokimike: SE, Sheqeri, pasqyra e gjakut, hepatogrami, ureja, kreatinina, statusi i lipideve dhe urina<\/p><\/li><\/ul>\t\t\t\t\t\t<\/div>\n\t\t\t\t<\/div>\n\t\t\t\t<div class=\"elementor-element elementor-element-68c4ee9 elementor-widget elementor-widget-heading\" data-id=\"68c4ee9\" data-element_type=\"widget\" data-widget_type=\"heading.default\">\n\t\t\t\t<div class=\"elementor-widget-container\">\n\t\t\t<h2 class=\"elementor-heading-title elementor-size-default\">P\u00ebr bashk\u00ebshortin:<\/h2>\t\t<\/div>\n\t\t\t\t<\/div>\n\t\t\t\t<div class=\"elementor-element elementor-element-260a30c elementor-widget elementor-widget-text-editor\" data-id=\"260a30c\" data-element_type=\"widget\" data-widget_type=\"text-editor.default\">\n\t\t\t\t<div class=\"elementor-widget-container\">\n\t\t\t\t\t\t\t<ul><li>Spermogrami i realizuar ne repartin IN-VITRO &#8211; Spitali &#8220;Dr.Organxhiski&#8221; me 2-5 dit\u00eb abstenim nga marredheniet seksuale.<\/li><li>Ekzaminimi bakteriologjik i sperm\u00ebs<\/li><li>Grupi i gjakut dhe faktori &#8211; Rh<\/li><li>Testi p\u00ebr HIV, Hepatitin &#8220;B&#8221; dhe &#8220;C&#8221; (jo m\u00eb i vjet\u00ebr se 6 muaj)<\/li><\/ul>\t\t\t\t\t\t<\/div>\n\t\t\t\t<\/div>\n\t\t\t\t\t<\/div>\n\t\t\t\t<\/div>\n\t\t\t\t<\/div>\n\t\t","protected":false},"excerpt":{"rendered":"<p>P\u00ebr gruan: \u00a0 Ekzaminimi kolposkopik me PAP &#8211; test Eko Doppler me ngjyra t\u00eb mitr\u00ebs dhe vezoreve Ekzaminimet e mitr\u00ebs dhe tubave fallopiane: HSG, HSS, HCS, LPSC Gjendja hormonale (dita e tret\u00eb e ciklit): FSH, LH, Estradiol, Prolaktin\u00eb dhe n\u00eb faz\u00ebn luteale Progesterone, FT-4, TSH (jo m\u00eb e vjet\u00ebr se 6 muaj e kryer n\u00eb&#8230;<\/p>\n","protected":false},"author":1,"featured_media":0,"parent":0,"menu_order":0,"comment_status":"closed","ping_status":"closed","template":"","meta":{"footnotes":""},"class_list":["post-16612","page","type-page","status-publish","hentry"],"yoast_head":"<!-- This site is optimized with the Yoast SEO Premium plugin v22.7 (Yoast SEO v27.4) - https:\/\/yoast.com\/product\/yoast-seo-premium-wordpress\/ -->\n<title>Dokumentet e nevojshme p\u00ebr fekondim in vitro - \u041f\u0417\u0423 \u0414-\u0440 \u041e\u0440\u0433\u0430\u043d\u045f\u0438\u0441\u043a\u0438<\/title>\n<meta name=\"robots\" content=\"index, follow, max-snippet:-1, max-image-preview:large, max-video-preview:-1\" \/>\n<link rel=\"canonical\" href=\"https:\/\/organdziski.com\/potrebni-dokumenti-za-in-vitro-oploduvanje\/\" \/>\n<meta property=\"og:locale\" content=\"sq_AL\" \/>\n<meta property=\"og:type\" content=\"article\" \/>\n<meta property=\"og:title\" content=\"Dokumentet e nevojshme p\u00ebr fekondim in vitro\" \/>\n<meta property=\"og:description\" content=\"P\u00ebr gruan: \u00a0 Ekzaminimi kolposkopik me PAP &#8211; test Eko Doppler me ngjyra t\u00eb mitr\u00ebs dhe vezoreve Ekzaminimet e mitr\u00ebs dhe tubave fallopiane: HSG, HSS, HCS, LPSC Gjendja hormonale (dita e tret\u00eb e ciklit): FSH, LH, Estradiol, Prolaktin\u00eb dhe n\u00eb faz\u00ebn luteale Progesterone, FT-4, TSH (jo m\u00eb e vjet\u00ebr se 6 muaj e kryer n\u00eb...\" \/>\n<meta property=\"og:url\" content=\"https:\/\/organdziski.com\/potrebni-dokumenti-za-in-vitro-oploduvanje\/\" \/>\n<meta property=\"og:site_name\" content=\"\u041f\u0417\u0423 \u0414-\u0440 \u041e\u0440\u0433\u0430\u043d\u045f\u0438\u0441\u043a\u0438\" \/>\n<meta property=\"article:publisher\" content=\"https:\/\/www.facebook.com\/Dr.Organdziski\" \/>\n<meta property=\"article:modified_time\" content=\"2024-06-25T14:11:19+00:00\" \/>\n<meta name=\"twitter:card\" content=\"summary_large_image\" \/>\n<meta name=\"twitter:label1\" content=\"Est. reading time\" \/>\n\t<meta name=\"twitter:data1\" content=\"1 minute\" \/>\n<script type=\"application\/ld+json\" class=\"yoast-schema-graph\">{\"@context\":\"https:\\\/\\\/schema.org\",\"@graph\":[{\"@type\":\"WebPage\",\"@id\":\"https:\\\/\\\/organdziski.com\\\/potrebni-dokumenti-za-in-vitro-oploduvanje\\\/\",\"url\":\"https:\\\/\\\/organdziski.com\\\/potrebni-dokumenti-za-in-vitro-oploduvanje\\\/\",\"name\":\"Dokumentet e nevojshme p\u00ebr fekondim in vitro - \u041f\u0417\u0423 \u0414-\u0440 \u041e\u0440\u0433\u0430\u043d\u045f\u0438\u0441\u043a\u0438\",\"isPartOf\":{\"@id\":\"https:\\\/\\\/organdziski.com\\\/#website\"},\"datePublished\":\"2024-05-14T16:22:43+00:00\",\"dateModified\":\"2024-06-25T14:11:19+00:00\",\"breadcrumb\":{\"@id\":\"https:\\\/\\\/organdziski.com\\\/potrebni-dokumenti-za-in-vitro-oploduvanje\\\/#breadcrumb\"},\"inLanguage\":\"sq-AL\",\"potentialAction\":[{\"@type\":\"ReadAction\",\"target\":[\"https:\\\/\\\/organdziski.com\\\/potrebni-dokumenti-za-in-vitro-oploduvanje\\\/\"]}]},{\"@type\":\"BreadcrumbList\",\"@id\":\"https:\\\/\\\/organdziski.com\\\/potrebni-dokumenti-za-in-vitro-oploduvanje\\\/#breadcrumb\",\"itemListElement\":[{\"@type\":\"ListItem\",\"position\":1,\"name\":\"Home\",\"item\":\"https:\\\/\\\/organdziski.com\\\/\"},{\"@type\":\"ListItem\",\"position\":2,\"name\":\"Dokumentet e nevojshme p\u00ebr fekondim in vitro\"}]},{\"@type\":\"WebSite\",\"@id\":\"https:\\\/\\\/organdziski.com\\\/#website\",\"url\":\"https:\\\/\\\/organdziski.com\\\/\",\"name\":\"\u041f\u0417\u0423 \u0414-\u0440 \u041e\u0440\u0433\u0430\u043d\u045f\u0438\u0441\u043a\u0438\",\"description\":\"\u0421\u043f\u0435\u0446\u0438\u0458\u0430\u043b\u0438\u0437\u0438\u0440\u0430\u043d\u0430 \u0431\u043e\u043b\u043d\u0438\u0446\u0430 \u043f\u043e \u0433\u0438\u043d\u0435\u043a\u043e\u043b\u043e\u0433\u0438\u0458\u0430 \u0438 \u0430\u043a\u0443\u0448\u0435\u0440\u0441\u0442\u0432\u043e\",\"publisher\":{\"@id\":\"https:\\\/\\\/organdziski.com\\\/#organization\"},\"potentialAction\":[{\"@type\":\"SearchAction\",\"target\":{\"@type\":\"EntryPoint\",\"urlTemplate\":\"https:\\\/\\\/organdziski.com\\\/?s={search_term_string}\"},\"query-input\":{\"@type\":\"PropertyValueSpecification\",\"valueRequired\":true,\"valueName\":\"search_term_string\"}}],\"inLanguage\":\"sq-AL\"},{\"@type\":\"Organization\",\"@id\":\"https:\\\/\\\/organdziski.com\\\/#organization\",\"name\":\"\u041f\u0417\u0423 \u0414-\u0440 \u041e\u0440\u0433\u0430\u043d\u045f\u0438\u0441\u043a\u0438\",\"url\":\"https:\\\/\\\/organdziski.com\\\/\",\"logo\":{\"@type\":\"ImageObject\",\"inLanguage\":\"sq-AL\",\"@id\":\"https:\\\/\\\/organdziski.com\\\/#\\\/schema\\\/logo\\\/image\\\/\",\"url\":\"https:\\\/\\\/organdziski.com\\\/wp-content\\\/uploads\\\/2024\\\/04\\\/organdziski.svg\",\"contentUrl\":\"https:\\\/\\\/organdziski.com\\\/wp-content\\\/uploads\\\/2024\\\/04\\\/organdziski.svg\",\"width\":341,\"height\":63,\"caption\":\"\u041f\u0417\u0423 \u0414-\u0440 \u041e\u0440\u0433\u0430\u043d\u045f\u0438\u0441\u043a\u0438\"},\"image\":{\"@id\":\"https:\\\/\\\/organdziski.com\\\/#\\\/schema\\\/logo\\\/image\\\/\"},\"sameAs\":[\"https:\\\/\\\/www.facebook.com\\\/Dr.Organdziski\",\"https:\\\/\\\/www.instagram.com\\\/bolnicadrorgandziski\\\/\",\"https:\\\/\\\/www.youtube.com\\\/channel\\\/UCVzAHTjH-QvDcCGm19znLyA\"]}]}<\/script>\n<!-- \/ Yoast SEO Premium plugin. -->","yoast_head_json":{"title":"Dokumentet e nevojshme p\u00ebr fekondim in vitro - \u041f\u0417\u0423 \u0414-\u0440 \u041e\u0440\u0433\u0430\u043d\u045f\u0438\u0441\u043a\u0438","robots":{"index":"index","follow":"follow","max-snippet":"max-snippet:-1","max-image-preview":"max-image-preview:large","max-video-preview":"max-video-preview:-1"},"canonical":"https:\/\/organdziski.com\/potrebni-dokumenti-za-in-vitro-oploduvanje\/","og_locale":"sq_AL","og_type":"article","og_title":"Dokumentet e nevojshme p\u00ebr fekondim in vitro","og_description":"P\u00ebr gruan: \u00a0 Ekzaminimi kolposkopik me PAP &#8211; test Eko Doppler me ngjyra t\u00eb mitr\u00ebs dhe vezoreve Ekzaminimet e mitr\u00ebs dhe tubave fallopiane: HSG, HSS, HCS, LPSC Gjendja hormonale (dita e tret\u00eb e ciklit): FSH, LH, Estradiol, Prolaktin\u00eb dhe n\u00eb faz\u00ebn luteale Progesterone, FT-4, TSH (jo m\u00eb e vjet\u00ebr se 6 muaj e kryer n\u00eb...","og_url":"https:\/\/organdziski.com\/potrebni-dokumenti-za-in-vitro-oploduvanje\/","og_site_name":"\u041f\u0417\u0423 \u0414-\u0440 \u041e\u0440\u0433\u0430\u043d\u045f\u0438\u0441\u043a\u0438","article_publisher":"https:\/\/www.facebook.com\/Dr.Organdziski","article_modified_time":"2024-06-25T14:11:19+00:00","twitter_card":"summary_large_image","twitter_misc":{"Est. reading time":"1 minute"},"schema":{"@context":"https:\/\/schema.org","@graph":[{"@type":"WebPage","@id":"https:\/\/organdziski.com\/potrebni-dokumenti-za-in-vitro-oploduvanje\/","url":"https:\/\/organdziski.com\/potrebni-dokumenti-za-in-vitro-oploduvanje\/","name":"Dokumentet e nevojshme p\u00ebr fekondim in vitro - \u041f\u0417\u0423 \u0414-\u0440 \u041e\u0440\u0433\u0430\u043d\u045f\u0438\u0441\u043a\u0438","isPartOf":{"@id":"https:\/\/organdziski.com\/#website"},"datePublished":"2024-05-14T16:22:43+00:00","dateModified":"2024-06-25T14:11:19+00:00","breadcrumb":{"@id":"https:\/\/organdziski.com\/potrebni-dokumenti-za-in-vitro-oploduvanje\/#breadcrumb"},"inLanguage":"sq-AL","potentialAction":[{"@type":"ReadAction","target":["https:\/\/organdziski.com\/potrebni-dokumenti-za-in-vitro-oploduvanje\/"]}]},{"@type":"BreadcrumbList","@id":"https:\/\/organdziski.com\/potrebni-dokumenti-za-in-vitro-oploduvanje\/#breadcrumb","itemListElement":[{"@type":"ListItem","position":1,"name":"Home","item":"https:\/\/organdziski.com\/"},{"@type":"ListItem","position":2,"name":"Dokumentet e nevojshme p\u00ebr fekondim in vitro"}]},{"@type":"WebSite","@id":"https:\/\/organdziski.com\/#website","url":"https:\/\/organdziski.com\/","name":"\u041f\u0417\u0423 \u0414-\u0440 \u041e\u0440\u0433\u0430\u043d\u045f\u0438\u0441\u043a\u0438","description":"\u0421\u043f\u0435\u0446\u0438\u0458\u0430\u043b\u0438\u0437\u0438\u0440\u0430\u043d\u0430 \u0431\u043e\u043b\u043d\u0438\u0446\u0430 \u043f\u043e \u0433\u0438\u043d\u0435\u043a\u043e\u043b\u043e\u0433\u0438\u0458\u0430 \u0438 \u0430\u043a\u0443\u0448\u0435\u0440\u0441\u0442\u0432\u043e","publisher":{"@id":"https:\/\/organdziski.com\/#organization"},"potentialAction":[{"@type":"SearchAction","target":{"@type":"EntryPoint","urlTemplate":"https:\/\/organdziski.com\/?s={search_term_string}"},"query-input":{"@type":"PropertyValueSpecification","valueRequired":true,"valueName":"search_term_string"}}],"inLanguage":"sq-AL"},{"@type":"Organization","@id":"https:\/\/organdziski.com\/#organization","name":"\u041f\u0417\u0423 \u0414-\u0440 \u041e\u0440\u0433\u0430\u043d\u045f\u0438\u0441\u043a\u0438","url":"https:\/\/organdziski.com\/","logo":{"@type":"ImageObject","inLanguage":"sq-AL","@id":"https:\/\/organdziski.com\/#\/schema\/logo\/image\/","url":"https:\/\/organdziski.com\/wp-content\/uploads\/2024\/04\/organdziski.svg","contentUrl":"https:\/\/organdziski.com\/wp-content\/uploads\/2024\/04\/organdziski.svg","width":341,"height":63,"caption":"\u041f\u0417\u0423 \u0414-\u0440 \u041e\u0440\u0433\u0430\u043d\u045f\u0438\u0441\u043a\u0438"},"image":{"@id":"https:\/\/organdziski.com\/#\/schema\/logo\/image\/"},"sameAs":["https:\/\/www.facebook.com\/Dr.Organdziski","https:\/\/www.instagram.com\/bolnicadrorgandziski\/","https:\/\/www.youtube.com\/channel\/UCVzAHTjH-QvDcCGm19znLyA"]}]}},"_links":{"self":[{"href":"https:\/\/organdziski.com\/sq\/wp-json\/wp\/v2\/pages\/16612","targetHints":{"allow":["GET"]}}],"collection":[{"href":"https:\/\/organdziski.com\/sq\/wp-json\/wp\/v2\/pages"}],"about":[{"href":"https:\/\/organdziski.com\/sq\/wp-json\/wp\/v2\/types\/page"}],"author":[{"embeddable":true,"href":"https:\/\/organdziski.com\/sq\/wp-json\/wp\/v2\/users\/1"}],"replies":[{"embeddable":true,"href":"https:\/\/organdziski.com\/sq\/wp-json\/wp\/v2\/comments?post=16612"}],"version-history":[{"count":4,"href":"https:\/\/organdziski.com\/sq\/wp-json\/wp\/v2\/pages\/16612\/revisions"}],"predecessor-version":[{"id":16616,"href":"https:\/\/organdziski.com\/sq\/wp-json\/wp\/v2\/pages\/16612\/revisions\/16616"}],"wp:attachment":[{"href":"https:\/\/organdziski.com\/sq\/wp-json\/wp\/v2\/media?parent=16612"}],"curies":[{"name":"wp","href":"https:\/\/api.w.org\/{rel}","templated":true}]}}